{"id":217513,"date":"2025-09-02T12:00:51","date_gmt":"2025-09-02T12:00:51","guid":{"rendered":"https:\/\/homeofwool.com\/?post_type=product&#038;p=217513"},"modified":"2025-09-26T12:36:40","modified_gmt":"2025-09-26T12:36:40","slug":"tissu-en-soie-coquillage","status":"publish","type":"product","link":"https:\/\/homeofwool.com\/fr\/shop\/seashell-silk-fabric\/","title":{"rendered":"Tissu en soie de m\u00fbrier 100% \u2013 Coquillage"},"content":{"rendered":"<p>Notre tissu en soie 100% dans une teinte coquillage est fabriqu\u00e9 \u00e0 partir de la soie pure la plus fine, r\u00e9put\u00e9e pour sa douceur naturelle, son \u00e9clat d\u00e9licat et son tomb\u00e9 \u00e9l\u00e9gant. Ce qui rend ce tissu vraiment unique, c'est sa surface semblable \u00e0 un coquillage. D'une texture l\u00e9g\u00e8rement plus grossi\u00e8re, cette soie poss\u00e8de une belle profondeur et beaucoup de caract\u00e8re. La finition d\u00e9licate en coquillage conf\u00e8re au tissu un aspect naturel. Son tissage lui conf\u00e8re une tenue souple. Il ne glisse pas comme le fait souvent le satin, par exemple. Cela le rend beaucoup plus facile \u00e0 travailler.<\/p>\n<p>Au-del\u00e0 de sa beaut\u00e9, cette soie \u00e9cologique pr\u00e9sente des bienfaits remarquables pour le bien-\u00eatre. Elle est hypoallerg\u00e9nique et in\u00e9gal\u00e9e pour \u00e9loigner les acariens. Le choix id\u00e9al pour toute personne souffrant d'allergies ou ayant la peau sensible. Les acides amin\u00e9s naturels contenus dans la soie sont doux pour la peau et les cheveux, les aidant \u00e0 rester lisses et rafra\u00eechis. Elle est l\u00e9g\u00e8re et fra\u00eeche en \u00e9t\u00e9, puis doucement chaude lorsque l'air se refroidit.<\/p>\n<p>Que vous travailliez sur une literie luxueuse, des v\u00eatements raffin\u00e9s ou des d\u00e9tails d'int\u00e9rieur \u00e9l\u00e9gants, ce tissu en soie de luxe apporte une touche de sophistication durable. Disponible sous forme de soie coup\u00e9e sur mesure en une seule pi\u00e8ce continue, avec des \u00e9chantillons propos\u00e9s afin que vous puissiez d\u00e9couvrir sa texture et sa teinte par vous-m\u00eame.<\/p>","protected":false},"excerpt":{"rendered":"<p>D\u00e9couvrez la beaut\u00e9 intemporelle de notre tissu en soie de m\u00fbrier, avec sa teinte douce couleur coquillage et sa texture d\u00e9licate. Ce tissu en soie naturelle pr\u00e9sente un \u00e9clat subtil, un toucher doux et un confort respirant qui le rend id\u00e9al pour la literie et les textiles d'int\u00e9rieur raffin\u00e9s. Disponible en soie coup\u00e9e sur mesure, il apporte \u00e0 la fois \u00e9l\u00e9gance et polyvalence \u00e0 vos projets.<\/p>\n<div class=\"global-icon-set\">\n<div class=\"global-icon-set__items\">\n<div class=\"global-icon-set__item\">\n<div class=\"global-icon-set__image\">\n                                    <img decoding=\"async\" src=\"https:\/\/homeofwool.com\/wp-content\/uploads\/2025\/09\/VOCs-min-300x300.png\" alt=\"vocs libre\" \/>\n                                <\/div>\n<div class=\"global-icon-set__title\">Sans COV<\/div>\n<\/p><\/div>\n<div class=\"global-icon-set__item\">\n<div class=\"global-icon-set__image\">\n                                    <img decoding=\"async\" src=\"https:\/\/homeofwool.com\/wp-content\/uploads\/2025\/09\/Hypoallergenic-min-300x300.png\" alt=\"ic\u00f4ne hypoallerg\u00e9nique\" \/>\n                                <\/div>\n<div class=\"global-icon-set__title\">Hypoallerg\u00e9nique<\/div>\n<\/p><\/div>\n<div class=\"global-icon-set__item\">\n<div class=\"global-icon-set__image\">\n                                    <img decoding=\"async\" src=\"https:\/\/homeofwool.com\/wp-content\/uploads\/2025\/09\/free-of-synthetics-icon-300x300.png\" alt=\"sans mati\u00e8res synth\u00e9tiques ic\u00f4ne\" \/>\n                                <\/div>\n<div class=\"global-icon-set__title\">Sans mati\u00e8res synth\u00e9tiques<\/div>\n<\/p><\/div>\n<div class=\"global-icon-set__item\">\n<div class=\"global-icon-set__image\">\n                                    <img decoding=\"async\" src=\"https:\/\/homeofwool.com\/wp-content\/uploads\/2025\/09\/chemical-free-icon-300x300.png\" alt=\"ic\u00f4ne de l&#039;absence de produits chimiques\" \/>\n                                <\/div>\n<div class=\"global-icon-set__title\">Sans produits chimiques<\/div>\n<\/p><\/div>\n<div class=\"global-icon-set__item\">\n<div class=\"global-icon-set__image\">\n                                    <img decoding=\"async\" src=\"https:\/\/homeofwool.com\/wp-content\/uploads\/2025\/09\/anti-bacterial-icon-300x300.png\" alt=\"ic\u00f4ne anti-bact\u00e9rien\" \/>\n                                <\/div>\n<div class=\"global-icon-set__title\">Anti-microbien et anti-bact\u00e9rien<\/div>\n<\/p><\/div>\n<\/p><\/div>\n<\/p><\/div>","protected":false},"featured_media":219212,"template":"","meta":{"_acf_changed":false},"product_brand":[],"product_cat":[25],"product_tag":[100,85,86,101,102,103,104,94,105,106],"class_list":{"0":"post-217513","1":"product","2":"type-product","3":"status-publish","4":"has-post-thumbnail","6":"product_cat-wool-fabrics-batting","7":"product_tag-by-the-yard-or-metre","8":"product_tag-craft-supplies","9":"product_tag-eco-friendly-textile","10":"product_tag-luxury-silk","11":"product_tag-mulberry-silk-fabric","12":"product_tag-organic-fiber","13":"product_tag-pure-silk-fabric","14":"product_tag-sewing-supply","15":"product_tag-unbleached-undyed","16":"product_tag-washed-silk-fabric","18":"first","19":"instock","20":"shipping-taxable","21":"purchasable","22":"product-type-variable"},"acf":[],"yoast_head":"<!-- This site is optimized with the Yoast SEO Premium plugin v27.4 (Yoast SEO v27.4) - https:\/\/yoast.com\/product\/yoast-seo-premium-wordpress\/ -->\n<title>Mulberry Silk Fabric \u2013 Seashell, Natural Fabric for Skin Benefits | Home of Wool<\/title>\n<meta name=\"description\" content=\"Gentle on skin and smooth to the touch, Mulberry Silk Fabric in seashell tones adds breathable, natural softness. Perfect for toxin-free bedding, clothing, and timeless crafts at home.\" \/>\n<meta name=\"robots\" content=\"index, follow, max-snippet:-1, max-image-preview:large, max-video-preview:-1\" \/>\n<link rel=\"canonical\" href=\"https:\/\/homeofwool.com\/fr\/boutique\/tissu-en-soie-coquillage\/\" \/>\n<meta property=\"og:locale\" content=\"fr_FR\" \/>\n<meta property=\"og:type\" content=\"article\" \/>\n<meta property=\"og:title\" content=\"100% Mulberry Silk Fabric \u2013 Seashell\" \/>\n<meta property=\"og:description\" content=\"Gentle on skin and smooth to the touch, Mulberry Silk Fabric in seashell tones adds breathable, natural softness. Perfect for toxin-free bedding, clothing, and timeless crafts at home.\" \/>\n<meta property=\"og:url\" content=\"https:\/\/homeofwool.com\/fr\/boutique\/tissu-en-soie-coquillage\/\" \/>\n<meta property=\"og:site_name\" content=\"Home of Wool\" \/>\n<meta property=\"article:publisher\" content=\"https:\/\/facebook.com\/HomeOfWoolOfficial\" \/>\n<meta property=\"article:modified_time\" content=\"2025-09-26T12:36:40+00:00\" \/>\n<meta property=\"og:image\" content=\"https:\/\/homeofwool.com\/wp-content\/uploads\/2025\/09\/home-of-wool-100-mulberry-silk-fabric-\u2013-seashell-1-main-100-silk-seashell.jpg\" \/>\n\t<meta property=\"og:image:width\" content=\"2400\" \/>\n\t<meta property=\"og:image:height\" content=\"1920\" \/>\n\t<meta property=\"og:image:type\" content=\"image\/jpeg\" \/>\n<meta name=\"twitter:card\" content=\"summary_large_image\" \/>\n<meta name=\"twitter:label1\" content=\"Dur\u00e9e de lecture estim\u00e9e\" \/>\n\t<meta name=\"twitter:data1\" content=\"2 minutes\" \/>\n<script type=\"application\/ld+json\" class=\"yoast-schema-graph\">{\"@context\":\"https:\\\/\\\/schema.org\",\"@graph\":[{\"@type\":\"WebPage\",\"@id\":\"https:\\\/\\\/homeofwool.com\\\/fr\\\/boutique\\\/tissu-en-soie-coquillage\\\/\",\"url\":\"https:\\\/\\\/homeofwool.com\\\/fr\\\/boutique\\\/tissu-en-soie-coquillage\\\/\",\"name\":\"Mulberry Silk Fabric \u2013 Seashell, Natural Fabric for Skin Benefits | Home of Wool\",\"isPartOf\":{\"@id\":\"https:\\\/\\\/homeofwool.com\\\/#website\"},\"primaryImageOfPage\":{\"@id\":\"https:\\\/\\\/homeofwool.com\\\/fr\\\/boutique\\\/tissu-en-soie-coquillage\\\/#primaryimage\"},\"image\":{\"@id\":\"https:\\\/\\\/homeofwool.com\\\/fr\\\/boutique\\\/tissu-en-soie-coquillage\\\/#primaryimage\"},\"thumbnailUrl\":\"https:\\\/\\\/homeofwool.com\\\/wp-content\\\/uploads\\\/2025\\\/09\\\/home-of-wool-100-mulberry-silk-fabric-\u2013-seashell-1-main-100-silk-seashell.jpg\",\"datePublished\":\"2025-09-02T12:00:51+00:00\",\"dateModified\":\"2025-09-26T12:36:40+00:00\",\"description\":\"Gentle on skin and smooth to the touch, Mulberry Silk Fabric in seashell tones adds breathable, natural softness. Perfect for toxin-free bedding, clothing, and timeless crafts at home.\",\"breadcrumb\":{\"@id\":\"https:\\\/\\\/homeofwool.com\\\/fr\\\/boutique\\\/tissu-en-soie-coquillage\\\/#breadcrumb\"},\"inLanguage\":\"fr-FR\",\"potentialAction\":[{\"@type\":\"ReadAction\",\"target\":[\"https:\\\/\\\/homeofwool.com\\\/fr\\\/boutique\\\/tissu-en-soie-coquillage\\\/\"]}]},{\"@type\":\"ImageObject\",\"inLanguage\":\"fr-FR\",\"@id\":\"https:\\\/\\\/homeofwool.com\\\/fr\\\/boutique\\\/tissu-en-soie-coquillage\\\/#primaryimage\",\"url\":\"https:\\\/\\\/homeofwool.com\\\/wp-content\\\/uploads\\\/2025\\\/09\\\/home-of-wool-100-mulberry-silk-fabric-\u2013-seashell-1-main-100-silk-seashell.jpg\",\"contentUrl\":\"https:\\\/\\\/homeofwool.com\\\/wp-content\\\/uploads\\\/2025\\\/09\\\/home-of-wool-100-mulberry-silk-fabric-\u2013-seashell-1-main-100-silk-seashell.jpg\",\"width\":2400,\"height\":1920,\"caption\":\"100% MULBERRY SILK FABRIC SEASHEL CLOSE UP\"},{\"@type\":\"BreadcrumbList\",\"@id\":\"https:\\\/\\\/homeofwool.com\\\/fr\\\/boutique\\\/tissu-en-soie-coquillage\\\/#breadcrumb\",\"itemListElement\":[{\"@type\":\"ListItem\",\"position\":1,\"name\":\"Home\",\"item\":\"https:\\\/\\\/homeofwool.com\\\/\"},{\"@type\":\"ListItem\",\"position\":2,\"name\":\"Products\",\"item\":\"https:\\\/\\\/homeofwool.com\\\/header-search-2\\\/\"},{\"@type\":\"ListItem\",\"position\":3,\"name\":\"100% Mulberry Silk Fabric \u2013 Seashell\"}]},{\"@type\":\"WebSite\",\"@id\":\"https:\\\/\\\/homeofwool.com\\\/#website\",\"url\":\"https:\\\/\\\/homeofwool.com\\\/\",\"name\":\"Home of Wool\",\"description\":\"\",\"publisher\":{\"@id\":\"https:\\\/\\\/homeofwool.com\\\/#organization\"},\"potentialAction\":[{\"@type\":\"SearchAction\",\"target\":{\"@type\":\"EntryPoint\",\"urlTemplate\":\"https:\\\/\\\/homeofwool.com\\\/?s={search_term_string}\"},\"query-input\":{\"@type\":\"PropertyValueSpecification\",\"valueRequired\":true,\"valueName\":\"search_term_string\"}}],\"inLanguage\":\"fr-FR\"},{\"@type\":\"Organization\",\"@id\":\"https:\\\/\\\/homeofwool.com\\\/#organization\",\"name\":\"Home of Wool\",\"url\":\"https:\\\/\\\/homeofwool.com\\\/\",\"logo\":{\"@type\":\"ImageObject\",\"inLanguage\":\"fr-FR\",\"@id\":\"https:\\\/\\\/homeofwool.com\\\/#\\\/schema\\\/logo\\\/image\\\/\",\"url\":\"https:\\\/\\\/homeofwool.com\\\/wp-content\\\/uploads\\\/2025\\\/09\\\/WhatsApp-Image-2025-12-02-at-16.23.20.jpeg\",\"contentUrl\":\"https:\\\/\\\/homeofwool.com\\\/wp-content\\\/uploads\\\/2025\\\/09\\\/WhatsApp-Image-2025-12-02-at-16.23.20.jpeg\",\"width\":700,\"height\":247,\"caption\":\"Home of Wool\"},\"image\":{\"@id\":\"https:\\\/\\\/homeofwool.com\\\/#\\\/schema\\\/logo\\\/image\\\/\"},\"sameAs\":[\"https:\\\/\\\/facebook.com\\\/HomeOfWoolOfficial\"]}]}<\/script>\n<!-- \/ Yoast SEO Premium plugin. -->","yoast_head_json":{"title":"Tissu en soie de m\u00fbrier \u2013 Coquillage, tissu naturel b\u00e9n\u00e9fique pour la peau | Home of Wool","description":"Doux pour la peau et agr\u00e9able au toucher, le tissu en soie de m\u00fbrier aux tons coquillage apporte une douceur naturelle et respirante. Id\u00e9al pour la literie, les v\u00eatements et les objets artisanaux intemporels sans toxines pour la maison.","robots":{"index":"index","follow":"follow","max-snippet":"max-snippet:-1","max-image-preview":"max-image-preview:large","max-video-preview":"max-video-preview:-1"},"canonical":"https:\/\/homeofwool.com\/fr\/boutique\/tissu-en-soie-coquillage\/","og_locale":"fr_FR","og_type":"article","og_title":"100% Mulberry Silk Fabric \u2013 Seashell","og_description":"Gentle on skin and smooth to the touch, Mulberry Silk Fabric in seashell tones adds breathable, natural softness. Perfect for toxin-free bedding, clothing, and timeless crafts at home.","og_url":"https:\/\/homeofwool.com\/fr\/boutique\/tissu-en-soie-coquillage\/","og_site_name":"Home of Wool","article_publisher":"https:\/\/facebook.com\/HomeOfWoolOfficial","article_modified_time":"2025-09-26T12:36:40+00:00","og_image":[{"width":2400,"height":1920,"url":"https:\/\/homeofwool.com\/wp-content\/uploads\/2025\/09\/home-of-wool-100-mulberry-silk-fabric-\u2013-seashell-1-main-100-silk-seashell.jpg","type":"image\/jpeg"}],"twitter_card":"summary_large_image","twitter_misc":{"Dur\u00e9e de lecture estim\u00e9e":"2 minutes"},"schema":{"@context":"https:\/\/schema.org","@graph":[{"@type":"WebPage","@id":"https:\/\/homeofwool.com\/fr\/boutique\/tissu-en-soie-coquillage\/","url":"https:\/\/homeofwool.com\/fr\/boutique\/tissu-en-soie-coquillage\/","name":"Tissu en soie de m\u00fbrier \u2013 Coquillage, tissu naturel b\u00e9n\u00e9fique pour la peau | Home of Wool","isPartOf":{"@id":"https:\/\/homeofwool.com\/#website"},"primaryImageOfPage":{"@id":"https:\/\/homeofwool.com\/fr\/boutique\/tissu-en-soie-coquillage\/#primaryimage"},"image":{"@id":"https:\/\/homeofwool.com\/fr\/boutique\/tissu-en-soie-coquillage\/#primaryimage"},"thumbnailUrl":"https:\/\/homeofwool.com\/wp-content\/uploads\/2025\/09\/home-of-wool-100-mulberry-silk-fabric-\u2013-seashell-1-main-100-silk-seashell.jpg","datePublished":"2025-09-02T12:00:51+00:00","dateModified":"2025-09-26T12:36:40+00:00","description":"Doux pour la peau et agr\u00e9able au toucher, le tissu en soie de m\u00fbrier aux tons coquillage apporte une douceur naturelle et respirante. Id\u00e9al pour la literie, les v\u00eatements et les objets artisanaux intemporels sans toxines pour la maison.","breadcrumb":{"@id":"https:\/\/homeofwool.com\/fr\/boutique\/tissu-en-soie-coquillage\/#breadcrumb"},"inLanguage":"fr-FR","potentialAction":[{"@type":"ReadAction","target":["https:\/\/homeofwool.com\/fr\/boutique\/tissu-en-soie-coquillage\/"]}]},{"@type":"ImageObject","inLanguage":"fr-FR","@id":"https:\/\/homeofwool.com\/fr\/boutique\/tissu-en-soie-coquillage\/#primaryimage","url":"https:\/\/homeofwool.com\/wp-content\/uploads\/2025\/09\/home-of-wool-100-mulberry-silk-fabric-\u2013-seashell-1-main-100-silk-seashell.jpg","contentUrl":"https:\/\/homeofwool.com\/wp-content\/uploads\/2025\/09\/home-of-wool-100-mulberry-silk-fabric-\u2013-seashell-1-main-100-silk-seashell.jpg","width":2400,"height":1920,"caption":"100% MULBERRY SILK FABRIC SEASHEL CLOSE UP"},{"@type":"BreadcrumbList","@id":"https:\/\/homeofwool.com\/fr\/boutique\/tissu-en-soie-coquillage\/#breadcrumb","itemListElement":[{"@type":"ListItem","position":1,"name":"Home","item":"https:\/\/homeofwool.com\/"},{"@type":"ListItem","position":2,"name":"Products","item":"https:\/\/homeofwool.com\/header-search-2\/"},{"@type":"ListItem","position":3,"name":"100% Mulberry Silk Fabric \u2013 Seashell"}]},{"@type":"WebSite","@id":"https:\/\/homeofwool.com\/#website","url":"https:\/\/homeofwool.com\/","name":"La maison de la laine","description":"","publisher":{"@id":"https:\/\/homeofwool.com\/#organization"},"potentialAction":[{"@type":"SearchAction","target":{"@type":"EntryPoint","urlTemplate":"https:\/\/homeofwool.com\/?s={search_term_string}"},"query-input":{"@type":"PropertyValueSpecification","valueRequired":true,"valueName":"search_term_string"}}],"inLanguage":"fr-FR"},{"@type":"Organization","@id":"https:\/\/homeofwool.com\/#organization","name":"La maison de la laine","url":"https:\/\/homeofwool.com\/","logo":{"@type":"ImageObject","inLanguage":"fr-FR","@id":"https:\/\/homeofwool.com\/#\/schema\/logo\/image\/","url":"https:\/\/homeofwool.com\/wp-content\/uploads\/2025\/09\/WhatsApp-Image-2025-12-02-at-16.23.20.jpeg","contentUrl":"https:\/\/homeofwool.com\/wp-content\/uploads\/2025\/09\/WhatsApp-Image-2025-12-02-at-16.23.20.jpeg","width":700,"height":247,"caption":"Home of Wool"},"image":{"@id":"https:\/\/homeofwool.com\/#\/schema\/logo\/image\/"},"sameAs":["https:\/\/facebook.com\/HomeOfWoolOfficial"]}]}},"_links":{"self":[{"href":"https:\/\/homeofwool.com\/fr\/wp-json\/wp\/v2\/product\/217513","targetHints":{"allow":["GET"]}}],"collection":[{"href":"https:\/\/homeofwool.com\/fr\/wp-json\/wp\/v2\/product"}],"about":[{"href":"https:\/\/homeofwool.com\/fr\/wp-json\/wp\/v2\/types\/product"}],"version-history":[{"count":0,"href":"https:\/\/homeofwool.com\/fr\/wp-json\/wp\/v2\/product\/217513\/revisions"}],"wp:featuredmedia":[{"embeddable":true,"href":"https:\/\/homeofwool.com\/fr\/wp-json\/wp\/v2\/media\/219212"}],"wp:attachment":[{"href":"https:\/\/homeofwool.com\/fr\/wp-json\/wp\/v2\/media?parent=217513"}],"wp:term":[{"taxonomy":"product_brand","embeddable":true,"href":"https:\/\/homeofwool.com\/fr\/wp-json\/wp\/v2\/product_brand?post=217513"},{"taxonomy":"product_cat","embeddable":true,"href":"https:\/\/homeofwool.com\/fr\/wp-json\/wp\/v2\/product_cat?post=217513"},{"taxonomy":"product_tag","embeddable":true,"href":"https:\/\/homeofwool.com\/fr\/wp-json\/wp\/v2\/product_tag?post=217513"}],"curies":[{"name":"wp","href":"https:\/\/api.w.org\/{rel}","templated":true}]}}