{"id":217512,"date":"2025-09-02T12:00:51","date_gmt":"2025-09-02T12:00:51","guid":{"rendered":"https:\/\/homeofwool.com\/?post_type=product&#038;p=217512"},"modified":"2026-01-15T12:43:18","modified_gmt":"2026-01-15T12:43:18","slug":"coton-certifie-gots","status":"publish","type":"product","link":"https:\/\/homeofwool.com\/fr\/shop\/gots-certified-cotton\/","title":{"rendered":"Tissu en coton 100% \u2013 \u00c9pais"},"content":{"rendered":"<p>Fabriqu\u00e9 \u00e0 partir de fibres pures, ce tissu en coton biologique est con\u00e7u pour apporter r\u00e9sistance, confort et beaut\u00e9 naturelle \u00e0 vos projets d'int\u00e9rieur. Avec son poids de 320 g\/m\u00b2 (9,44 oz\/yd\u00b2), ce tissu en coton \u00e9pais est suffisamment robuste pour \u00eatre utilis\u00e9 dans l'ameublement, les housses de matelas et les coussins, tout en restant respirant et suffisamment doux pour \u00eatre utilis\u00e9 dans la confection d'oreillers, de coussins d\u00e9coratifs ou d'autres articles d'ameublement. Comme il s'agit d'un tissu en coton sans produits chimiques et sans colorants, vous pouvez \u00eatre s\u00fbr qu'il est sans danger pour les peaux sensibles. Il est parfait pour les enfants et les personnes souffrant d'allergies. Un r\u00eave devenu r\u00e9alit\u00e9 pour tous ceux qui appr\u00e9cient un mode de vie sain et sans toxines.<\/p>\n<p>Le tissu est extra-large, avec une largeur de 230 cm (90 pouces). Vous en aurez donc suffisamment pour r\u00e9aliser tous vos projets, quelle que soit leur taille. Chaque commande est livr\u00e9e sous forme de tissu coup\u00e9 sur mesure en un seul morceau continu, ce qui le rend id\u00e9al pour les cr\u00e9ations sans coutures et divers projets de bricolage en tissu de coton.<\/p>\n<p>Attendez-vous \u00e0 ce que le tissu se froisse apr\u00e8s chaque lavage. Tenez compte d'un l\u00e9ger r\u00e9tr\u00e9cissement dans le sens de la longueur lors du premier lavage. Si vous souhaitez tester le tissu avant de commander une pi\u00e8ce plus grande, vous pouvez acheter un petit \u00e9chantillon.<\/p>","protected":false},"excerpt":{"rendered":"<p>Solide et durable, ce tissu en coton \u00e9pais est id\u00e9al pour les projets d'ameublement, de coussins et de literie. Fabriqu\u00e9 \u00e0 partir de coton certifi\u00e9 GOTS, il est exempt de produits chimiques et de colorants, ce qui le rend s\u00fbr pour les peaux sensibles et les foyers soucieux de l'environnement.<\/p>\n<p><strong>Poids :<\/strong> 320 g\/m\u00b2 \/ 9,44 oz\/yd\u00b2<br \/>\n<strong>Largeur : <\/strong>230 cm (90 pouces)<\/p>\n<p>Nous d\u00e9couperons toute quantit\u00e9 command\u00e9e en un seul long morceau.<\/p>\n<div class=\"global-icon-set\">\n<div class=\"global-icon-set__items\">\n<div class=\"global-icon-set__item\">\n<div class=\"global-icon-set__image\">\n                                    <img decoding=\"async\" src=\"https:\/\/homeofwool.com\/wp-content\/uploads\/2025\/09\/VOCs-min-300x300.png\" alt=\"vocs libre\" \/>\n                                <\/div>\n<div class=\"global-icon-set__title\">Sans COV<\/div>\n<\/p><\/div>\n<div class=\"global-icon-set__item\">\n<div class=\"global-icon-set__image\">\n                                    <img decoding=\"async\" src=\"https:\/\/homeofwool.com\/wp-content\/uploads\/2025\/09\/free-of-synthetics-icon-300x300.png\" alt=\"sans mati\u00e8res synth\u00e9tiques ic\u00f4ne\" \/>\n                                <\/div>\n<div class=\"global-icon-set__title\">Sans mati\u00e8res synth\u00e9tiques<\/div>\n<\/p><\/div>\n<div class=\"global-icon-set__item\">\n<div class=\"global-icon-set__image\">\n                                    <img decoding=\"async\" src=\"https:\/\/homeofwool.com\/wp-content\/uploads\/2025\/09\/chemical-free-icon-300x300.png\" alt=\"ic\u00f4ne de l&#039;absence de produits chimiques\" \/>\n                                <\/div>\n<div class=\"global-icon-set__title\">Sans produits chimiques<\/div>\n<\/p><\/div>\n<\/p><\/div>\n<\/p><\/div>","protected":false},"featured_media":227324,"template":"","meta":{"_acf_changed":false},"product_brand":[],"product_cat":[25],"product_tag":[261,262,85,86,263,94,95],"class_list":{"0":"post-217512","1":"product","2":"type-product","3":"status-publish","4":"has-post-thumbnail","6":"product_cat-wool-fabrics-batting","7":"product_tag-cotton-fabric-by-the-yard","8":"product_tag-cotton-fabric-for-applique","9":"product_tag-craft-supplies","10":"product_tag-eco-friendly-textile","11":"product_tag-pure-cotton-fabric","12":"product_tag-sewing-supply","13":"product_tag-undyed-fibers","15":"first","16":"instock","17":"shipping-taxable","18":"purchasable","19":"product-type-variable"},"acf":[],"yoast_head":"<!-- This site is optimized with the Yoast SEO Premium plugin v27.3 (Yoast SEO v27.3) - https:\/\/yoast.com\/product\/yoast-seo-premium-wordpress\/ -->\n<title>Cotton Fabric \u2013 Heavyweight, GOTS Certified, Cut-to-size | Home of Wool<\/title>\n<meta name=\"description\" content=\"Sturdy, natural cotton fabric, heavyweight, breathable, and safe for sensitive skin. Great for upholstery, bedding, cushions, and toxin-free DIY creations.\" \/>\n<meta name=\"robots\" content=\"index, follow, max-snippet:-1, max-image-preview:large, max-video-preview:-1\" \/>\n<link rel=\"canonical\" href=\"https:\/\/homeofwool.com\/fr\/boutique\/coton-certifie-gots\/\" \/>\n<meta property=\"og:locale\" content=\"fr_FR\" \/>\n<meta property=\"og:type\" content=\"article\" \/>\n<meta property=\"og:title\" content=\"100% Cotton Fabric \u2013 Heavyweight\" \/>\n<meta property=\"og:description\" content=\"Sturdy, natural cotton fabric, heavyweight, breathable, and safe for sensitive skin. Great for upholstery, bedding, cushions, and toxin-free DIY creations.\" \/>\n<meta property=\"og:url\" content=\"https:\/\/homeofwool.com\/fr\/boutique\/coton-certifie-gots\/\" \/>\n<meta property=\"og:site_name\" content=\"Home of Wool\" \/>\n<meta property=\"article:publisher\" content=\"https:\/\/facebook.com\/HomeOfWoolOfficial\" \/>\n<meta property=\"article:modified_time\" content=\"2026-01-15T12:43:18+00:00\" \/>\n<meta property=\"og:image\" content=\"https:\/\/homeofwool.com\/wp-content\/uploads\/2025\/09\/home-of-wool-100-cotton-fabric-heavyweight-1.jpg\" \/>\n\t<meta property=\"og:image:width\" content=\"2000\" \/>\n\t<meta property=\"og:image:height\" content=\"1599\" \/>\n\t<meta property=\"og:image:type\" content=\"image\/jpeg\" \/>\n<meta name=\"twitter:card\" content=\"summary_large_image\" \/>\n<meta name=\"twitter:label1\" content=\"Dur\u00e9e de lecture estim\u00e9e\" \/>\n\t<meta name=\"twitter:data1\" content=\"1 minute\" \/>\n<script type=\"application\/ld+json\" class=\"yoast-schema-graph\">{\"@context\":\"https:\\\/\\\/schema.org\",\"@graph\":[{\"@type\":\"WebPage\",\"@id\":\"https:\\\/\\\/homeofwool.com\\\/shop\\\/gots-certified-cotton\\\/\",\"url\":\"https:\\\/\\\/homeofwool.com\\\/shop\\\/gots-certified-cotton\\\/\",\"name\":\"Cotton Fabric \u2013 Heavyweight, GOTS Certified, Cut-to-size | Home of Wool\",\"isPartOf\":{\"@id\":\"https:\\\/\\\/homeofwool.com\\\/#website\"},\"primaryImageOfPage\":{\"@id\":\"https:\\\/\\\/homeofwool.com\\\/shop\\\/gots-certified-cotton\\\/#primaryimage\"},\"image\":{\"@id\":\"https:\\\/\\\/homeofwool.com\\\/shop\\\/gots-certified-cotton\\\/#primaryimage\"},\"thumbnailUrl\":\"https:\\\/\\\/homeofwool.com\\\/wp-content\\\/uploads\\\/2025\\\/09\\\/home-of-wool-100-cotton-fabric-heavyweight-1.jpg\",\"datePublished\":\"2025-09-02T12:00:51+00:00\",\"dateModified\":\"2026-01-15T12:43:18+00:00\",\"description\":\"Sturdy, natural cotton fabric, heavyweight, breathable, and safe for sensitive skin. Great for upholstery, bedding, cushions, and toxin-free DIY creations.\",\"breadcrumb\":{\"@id\":\"https:\\\/\\\/homeofwool.com\\\/shop\\\/gots-certified-cotton\\\/#breadcrumb\"},\"inLanguage\":\"fr-FR\",\"potentialAction\":[{\"@type\":\"ReadAction\",\"target\":[\"https:\\\/\\\/homeofwool.com\\\/shop\\\/gots-certified-cotton\\\/\"]}]},{\"@type\":\"ImageObject\",\"inLanguage\":\"fr-FR\",\"@id\":\"https:\\\/\\\/homeofwool.com\\\/shop\\\/gots-certified-cotton\\\/#primaryimage\",\"url\":\"https:\\\/\\\/homeofwool.com\\\/wp-content\\\/uploads\\\/2025\\\/09\\\/home-of-wool-100-cotton-fabric-heavyweight-1.jpg\",\"contentUrl\":\"https:\\\/\\\/homeofwool.com\\\/wp-content\\\/uploads\\\/2025\\\/09\\\/home-of-wool-100-cotton-fabric-heavyweight-1.jpg\",\"width\":2000,\"height\":1599},{\"@type\":\"BreadcrumbList\",\"@id\":\"https:\\\/\\\/homeofwool.com\\\/shop\\\/gots-certified-cotton\\\/#breadcrumb\",\"itemListElement\":[{\"@type\":\"ListItem\",\"position\":1,\"name\":\"Home\",\"item\":\"https:\\\/\\\/homeofwool.com\\\/\"},{\"@type\":\"ListItem\",\"position\":2,\"name\":\"Products\",\"item\":\"https:\\\/\\\/homeofwool.com\\\/header-search-2\\\/\"},{\"@type\":\"ListItem\",\"position\":3,\"name\":\"100% Cotton Fabric \u2013 Heavyweight\"}]},{\"@type\":\"WebSite\",\"@id\":\"https:\\\/\\\/homeofwool.com\\\/#website\",\"url\":\"https:\\\/\\\/homeofwool.com\\\/\",\"name\":\"Home of Wool\",\"description\":\"\",\"publisher\":{\"@id\":\"https:\\\/\\\/homeofwool.com\\\/#organization\"},\"potentialAction\":[{\"@type\":\"SearchAction\",\"target\":{\"@type\":\"EntryPoint\",\"urlTemplate\":\"https:\\\/\\\/homeofwool.com\\\/?s={search_term_string}\"},\"query-input\":{\"@type\":\"PropertyValueSpecification\",\"valueRequired\":true,\"valueName\":\"search_term_string\"}}],\"inLanguage\":\"fr-FR\"},{\"@type\":\"Organization\",\"@id\":\"https:\\\/\\\/homeofwool.com\\\/#organization\",\"name\":\"Home of Wool\",\"url\":\"https:\\\/\\\/homeofwool.com\\\/\",\"logo\":{\"@type\":\"ImageObject\",\"inLanguage\":\"fr-FR\",\"@id\":\"https:\\\/\\\/homeofwool.com\\\/#\\\/schema\\\/logo\\\/image\\\/\",\"url\":\"https:\\\/\\\/homeofwool.com\\\/wp-content\\\/uploads\\\/2025\\\/09\\\/WhatsApp-Image-2025-12-02-at-16.23.20.jpeg\",\"contentUrl\":\"https:\\\/\\\/homeofwool.com\\\/wp-content\\\/uploads\\\/2025\\\/09\\\/WhatsApp-Image-2025-12-02-at-16.23.20.jpeg\",\"width\":700,\"height\":247,\"caption\":\"Home of Wool\"},\"image\":{\"@id\":\"https:\\\/\\\/homeofwool.com\\\/#\\\/schema\\\/logo\\\/image\\\/\"},\"sameAs\":[\"https:\\\/\\\/facebook.com\\\/HomeOfWoolOfficial\"]}]}<\/script>\n<!-- \/ Yoast SEO Premium plugin. -->","yoast_head_json":{"title":"Tissu en coton \u2013 \u00e9pais, certifi\u00e9 GOTS, coup\u00e9 sur mesure | Home of Wool","description":"Tissu en coton naturel robuste, \u00e9pais, respirant et sans danger pour les peaux sensibles. Id\u00e9al pour l'ameublement, la literie, les coussins et les cr\u00e9ations DIY sans toxines.","robots":{"index":"index","follow":"follow","max-snippet":"max-snippet:-1","max-image-preview":"max-image-preview:large","max-video-preview":"max-video-preview:-1"},"canonical":"https:\/\/homeofwool.com\/fr\/boutique\/coton-certifie-gots\/","og_locale":"fr_FR","og_type":"article","og_title":"100% Cotton Fabric \u2013 Heavyweight","og_description":"Sturdy, natural cotton fabric, heavyweight, breathable, and safe for sensitive skin. Great for upholstery, bedding, cushions, and toxin-free DIY creations.","og_url":"https:\/\/homeofwool.com\/fr\/boutique\/coton-certifie-gots\/","og_site_name":"Home of Wool","article_publisher":"https:\/\/facebook.com\/HomeOfWoolOfficial","article_modified_time":"2026-01-15T12:43:18+00:00","og_image":[{"width":2000,"height":1599,"url":"https:\/\/homeofwool.com\/wp-content\/uploads\/2025\/09\/home-of-wool-100-cotton-fabric-heavyweight-1.jpg","type":"image\/jpeg"}],"twitter_card":"summary_large_image","twitter_misc":{"Dur\u00e9e de lecture estim\u00e9e":"1 minute"},"schema":{"@context":"https:\/\/schema.org","@graph":[{"@type":"WebPage","@id":"https:\/\/homeofwool.com\/shop\/gots-certified-cotton\/","url":"https:\/\/homeofwool.com\/shop\/gots-certified-cotton\/","name":"Tissu en coton \u2013 \u00e9pais, certifi\u00e9 GOTS, coup\u00e9 sur mesure | Home of Wool","isPartOf":{"@id":"https:\/\/homeofwool.com\/#website"},"primaryImageOfPage":{"@id":"https:\/\/homeofwool.com\/shop\/gots-certified-cotton\/#primaryimage"},"image":{"@id":"https:\/\/homeofwool.com\/shop\/gots-certified-cotton\/#primaryimage"},"thumbnailUrl":"https:\/\/homeofwool.com\/wp-content\/uploads\/2025\/09\/home-of-wool-100-cotton-fabric-heavyweight-1.jpg","datePublished":"2025-09-02T12:00:51+00:00","dateModified":"2026-01-15T12:43:18+00:00","description":"Tissu en coton naturel robuste, \u00e9pais, respirant et sans danger pour les peaux sensibles. Id\u00e9al pour l'ameublement, la literie, les coussins et les cr\u00e9ations DIY sans toxines.","breadcrumb":{"@id":"https:\/\/homeofwool.com\/shop\/gots-certified-cotton\/#breadcrumb"},"inLanguage":"fr-FR","potentialAction":[{"@type":"ReadAction","target":["https:\/\/homeofwool.com\/shop\/gots-certified-cotton\/"]}]},{"@type":"ImageObject","inLanguage":"fr-FR","@id":"https:\/\/homeofwool.com\/shop\/gots-certified-cotton\/#primaryimage","url":"https:\/\/homeofwool.com\/wp-content\/uploads\/2025\/09\/home-of-wool-100-cotton-fabric-heavyweight-1.jpg","contentUrl":"https:\/\/homeofwool.com\/wp-content\/uploads\/2025\/09\/home-of-wool-100-cotton-fabric-heavyweight-1.jpg","width":2000,"height":1599},{"@type":"BreadcrumbList","@id":"https:\/\/homeofwool.com\/shop\/gots-certified-cotton\/#breadcrumb","itemListElement":[{"@type":"ListItem","position":1,"name":"Home","item":"https:\/\/homeofwool.com\/"},{"@type":"ListItem","position":2,"name":"Products","item":"https:\/\/homeofwool.com\/header-search-2\/"},{"@type":"ListItem","position":3,"name":"100% Cotton Fabric \u2013 Heavyweight"}]},{"@type":"WebSite","@id":"https:\/\/homeofwool.com\/#website","url":"https:\/\/homeofwool.com\/","name":"La maison de la laine","description":"","publisher":{"@id":"https:\/\/homeofwool.com\/#organization"},"potentialAction":[{"@type":"SearchAction","target":{"@type":"EntryPoint","urlTemplate":"https:\/\/homeofwool.com\/?s={search_term_string}"},"query-input":{"@type":"PropertyValueSpecification","valueRequired":true,"valueName":"search_term_string"}}],"inLanguage":"fr-FR"},{"@type":"Organization","@id":"https:\/\/homeofwool.com\/#organization","name":"La maison de la laine","url":"https:\/\/homeofwool.com\/","logo":{"@type":"ImageObject","inLanguage":"fr-FR","@id":"https:\/\/homeofwool.com\/#\/schema\/logo\/image\/","url":"https:\/\/homeofwool.com\/wp-content\/uploads\/2025\/09\/WhatsApp-Image-2025-12-02-at-16.23.20.jpeg","contentUrl":"https:\/\/homeofwool.com\/wp-content\/uploads\/2025\/09\/WhatsApp-Image-2025-12-02-at-16.23.20.jpeg","width":700,"height":247,"caption":"Home of Wool"},"image":{"@id":"https:\/\/homeofwool.com\/#\/schema\/logo\/image\/"},"sameAs":["https:\/\/facebook.com\/HomeOfWoolOfficial"]}]}},"_links":{"self":[{"href":"https:\/\/homeofwool.com\/fr\/wp-json\/wp\/v2\/product\/217512","targetHints":{"allow":["GET"]}}],"collection":[{"href":"https:\/\/homeofwool.com\/fr\/wp-json\/wp\/v2\/product"}],"about":[{"href":"https:\/\/homeofwool.com\/fr\/wp-json\/wp\/v2\/types\/product"}],"version-history":[{"count":1,"href":"https:\/\/homeofwool.com\/fr\/wp-json\/wp\/v2\/product\/217512\/revisions"}],"predecessor-version":[{"id":227329,"href":"https:\/\/homeofwool.com\/fr\/wp-json\/wp\/v2\/product\/217512\/revisions\/227329"}],"wp:featuredmedia":[{"embeddable":true,"href":"https:\/\/homeofwool.com\/fr\/wp-json\/wp\/v2\/media\/227324"}],"wp:attachment":[{"href":"https:\/\/homeofwool.com\/fr\/wp-json\/wp\/v2\/media?parent=217512"}],"wp:term":[{"taxonomy":"product_brand","embeddable":true,"href":"https:\/\/homeofwool.com\/fr\/wp-json\/wp\/v2\/product_brand?post=217512"},{"taxonomy":"product_cat","embeddable":true,"href":"https:\/\/homeofwool.com\/fr\/wp-json\/wp\/v2\/product_cat?post=217512"},{"taxonomy":"product_tag","embeddable":true,"href":"https:\/\/homeofwool.com\/fr\/wp-json\/wp\/v2\/product_tag?post=217512"}],"curies":[{"name":"wp","href":"https:\/\/api.w.org\/{rel}","templated":true}]}}