{"id":217509,"date":"2025-09-02T12:00:51","date_gmt":"2025-09-02T12:00:51","guid":{"rendered":"https:\/\/homeofwool.com\/?post_type=product&#038;p=217509"},"modified":"2025-10-23T10:23:59","modified_gmt":"2025-10-23T10:23:59","slug":"tissu-en-lin-raye-gris","status":"publish","type":"product","link":"https:\/\/homeofwool.com\/fr\/shop\/grey-striped-linen-fabric\/","title":{"rendered":"Tissu en lin ray\u00e9 gris"},"content":{"rendered":"<p>Notre tissu en lin \u00e0 rayures grises est un choix judicieux pour tous ceux qui recherchent beaut\u00e9, sant\u00e9 et durabilit\u00e9 dans leur int\u00e9rieur. Fabriqu\u00e9 \u00e0 partir de fibres de lin pures, ce tissu certifi\u00e9 OEKO-TEX est totalement exempt de rev\u00eatements, de finitions ou de produits chimiques nocifs. Les d\u00e9licates rayures grises ajoutent une touche intemporelle qui s'int\u00e8gre \u00e0 presque tous les int\u00e9rieurs. A\u00e9r\u00e9 et frais, il est parfait pour toutes les saisons.<\/p>\n<p>Ce lin sans produits chimiques est non seulement sans danger pour les peaux sensibles, mais \u00e9galement hypoallerg\u00e9nique, ce qui en fait un excellent choix pour les familles souffrant d'allergies ou d'asthme. Le lin est suffisamment r\u00e9sistant pour supporter une utilisation quotidienne. Il est suffisamment durable pour \u00eatre utilis\u00e9 dans l'ameublement. Il est \u00e9galement parfait pour les housses de coussins et les rideaux. Avec le temps, il devient plus doux, tout en conservant sa forme, afin que vos articles restent beaux pendant de nombreuses ann\u00e9es.<\/p>\n<p>Nous proposons ce tissu en lin d\u00e9coup\u00e9 sur mesure en longueurs continues, afin que vous puissiez commander exactement ce dont vous avez besoin pour votre projet, sans gaspillage. Comme il s'agit d'un tissu en lin non teint et non blanchi, il d\u00e9gage le charme discret d'un mode de vie naturel.<\/p>\n<p><strong>R\u00c9TR\u00c9CISSEMENT<\/strong> (apr\u00e8s lavage) :<br \/>\nLongueur : 5%<br \/>\nLargeur : 0%<\/p>\n<p>Laver \u00e0 cycle d\u00e9licat avec un d\u00e9tergent doux, sans azurants. Il s'agit d'un tissu naturel qui se froisse au lavage.<\/p>\n<p><strong>LES AVANTAGES DU LIN<\/strong><\/p>\n<p>Le lin r\u00e9siste aux taches comme aucun autre tissu, il est donc tr\u00e8s facile \u00e0 entretenir. Le lin est de loin notre tissu le plus durable, bien plus r\u00e9sistant et solide que le coton. De plus, le lin est tr\u00e8s r\u00e9sistant \u00e0 la moisissure.<\/p>\n<ul>\n<li>Le lin est 30% plus r\u00e9sistant que le coton.<\/li>\n<li>Fortement anti-salissures<\/li>\n<li>Poss\u00e8de une grande capacit\u00e9 d'absorption de l'humidit\u00e9<\/li>\n<li>Hypoallerg\u00e9nique<\/li>\n<li>Tr\u00e8s respirant<\/li>\n<li>Fibre structurellement solide pour que les produits conservent leur forme<\/li>\n<li>Respectueux de l'environnement \u2013 moins d'eau et de produits chimiques n\u00e9cessaires \u00e0 la culture<\/li>\n<\/ul>","protected":false},"excerpt":{"rendered":"<p>Apportez une \u00e9l\u00e9gance intemporelle \u00e0 votre int\u00e9rieur gr\u00e2ce \u00e0 notre lin ray\u00e9 gris. Ce tissu en lin naturel est certifi\u00e9 OEKO-TEX, exempt de toxines et tiss\u00e9 pour offrir r\u00e9sistance et durabilit\u00e9. Id\u00e9al pour l'ameublement, la literie ou les projets quotidiens, c'est un lin s\u00fbr et \u00e9cologique, aussi agr\u00e9able \u00e0 regarder qu'\u00e0 toucher.<\/p>\n<div class=\"global-icon-set\">\n<div class=\"global-icon-set__items\">\n<div class=\"global-icon-set__item\">\n<div class=\"global-icon-set__image\">\n                                    <img decoding=\"async\" src=\"https:\/\/homeofwool.com\/wp-content\/uploads\/2025\/09\/VOCs-min-300x300.png\" alt=\"vocs libre\" \/>\n                                <\/div>\n<div class=\"global-icon-set__title\">Sans COV<\/div>\n<\/p><\/div>\n<div class=\"global-icon-set__item\">\n<div class=\"global-icon-set__image\">\n                                    <img decoding=\"async\" src=\"https:\/\/homeofwool.com\/wp-content\/uploads\/2025\/09\/Hypoallergenic-min-300x300.png\" alt=\"ic\u00f4ne hypoallerg\u00e9nique\" \/>\n                                <\/div>\n<div class=\"global-icon-set__title\">Hypoallerg\u00e9nique<\/div>\n<\/p><\/div>\n<div class=\"global-icon-set__item\">\n<div class=\"global-icon-set__image\">\n                                    <img decoding=\"async\" src=\"https:\/\/homeofwool.com\/wp-content\/uploads\/2025\/09\/free-of-synthetics-icon-300x300.png\" alt=\"sans mati\u00e8res synth\u00e9tiques ic\u00f4ne\" \/>\n                                <\/div>\n<div class=\"global-icon-set__title\">Sans mati\u00e8res synth\u00e9tiques<\/div>\n<\/p><\/div>\n<div class=\"global-icon-set__item\">\n<div class=\"global-icon-set__image\">\n                                    <img decoding=\"async\" src=\"https:\/\/homeofwool.com\/wp-content\/uploads\/2025\/09\/chemical-free-icon-300x300.png\" alt=\"ic\u00f4ne de l&#039;absence de produits chimiques\" \/>\n                                <\/div>\n<div class=\"global-icon-set__title\">Sans produits chimiques<\/div>\n<\/p><\/div>\n<\/p><\/div>\n<\/p><\/div>","protected":false},"featured_media":222995,"template":"","meta":{"_acf_changed":false},"product_brand":[],"product_cat":[25],"product_tag":[85,86,87,88,90,96,91,92,93,97,94,98,95],"class_list":{"0":"post-217509","1":"product","2":"type-product","3":"status-publish","4":"has-post-thumbnail","6":"product_cat-wool-fabrics-batting","7":"product_tag-craft-supplies","8":"product_tag-eco-friendly-textile","9":"product_tag-flax-linen-fabric","10":"product_tag-flax-linen-fabric-by-the-yard-or-meter","11":"product_tag-linen-fabric","12":"product_tag-linen-fabric-with-stripes","13":"product_tag-natural-linen","14":"product_tag-prewashed-linen","15":"product_tag-pure-flax-linen","16":"product_tag-pure-linen","17":"product_tag-sewing-supply","18":"product_tag-striped-linen-fabric","19":"product_tag-undyed-fibers","21":"first","22":"instock","23":"shipping-taxable","24":"purchasable","25":"product-type-variable"},"acf":[],"yoast_head":"<!-- This site is optimized with the Yoast SEO Premium plugin v27.4 (Yoast SEO v27.4) - https:\/\/yoast.com\/product\/yoast-seo-premium-wordpress\/ -->\n<title>100% Linen Fabric with Grey Stripes \u2013 Certified &amp; Durable | Home of Wool<\/title>\n<meta name=\"description\" content=\"OEKO-TEX linen fabric with subtle grey stripes, eco-friendly, breathable, and long-lasting. Perfect for upholstery, safe DIY projects, and timeless home d\u00e9cor.\" \/>\n<meta name=\"robots\" content=\"index, follow, max-snippet:-1, max-image-preview:large, max-video-preview:-1\" \/>\n<link rel=\"canonical\" href=\"https:\/\/homeofwool.com\/fr\/boutique\/tissu-en-lin-raye-gris\/\" \/>\n<meta property=\"og:locale\" content=\"fr_FR\" \/>\n<meta property=\"og:type\" content=\"article\" \/>\n<meta property=\"og:title\" content=\"Grey Striped Linen Fabric\" \/>\n<meta property=\"og:description\" content=\"OEKO-TEX linen fabric with subtle grey stripes, eco-friendly, breathable, and long-lasting. Perfect for upholstery, safe DIY projects, and timeless home d\u00e9cor.\" \/>\n<meta property=\"og:url\" content=\"https:\/\/homeofwool.com\/fr\/boutique\/tissu-en-lin-raye-gris\/\" \/>\n<meta property=\"og:site_name\" content=\"Home of Wool\" \/>\n<meta property=\"article:publisher\" content=\"https:\/\/facebook.com\/HomeOfWoolOfficial\" \/>\n<meta property=\"article:modified_time\" content=\"2025-10-23T10:23:59+00:00\" \/>\n<meta property=\"og:image\" content=\"https:\/\/homeofwool.com\/wp-content\/uploads\/2025\/09\/home-of-wool-grey-striped-linen-fabric-6.jpg\" \/>\n\t<meta property=\"og:image:width\" content=\"2000\" \/>\n\t<meta property=\"og:image:height\" content=\"1600\" \/>\n\t<meta property=\"og:image:type\" content=\"image\/jpeg\" \/>\n<meta name=\"twitter:card\" content=\"summary_large_image\" \/>\n<meta name=\"twitter:label1\" content=\"Dur\u00e9e de lecture estim\u00e9e\" \/>\n\t<meta name=\"twitter:data1\" content=\"2 minutes\" \/>\n<script type=\"application\/ld+json\" class=\"yoast-schema-graph\">{\"@context\":\"https:\\\/\\\/schema.org\",\"@graph\":[{\"@type\":\"WebPage\",\"@id\":\"https:\\\/\\\/homeofwool.com\\\/fi\\\/shop\\\/harmaa-raidallinen-pellavakangas\\\/\",\"url\":\"https:\\\/\\\/homeofwool.com\\\/fi\\\/shop\\\/harmaa-raidallinen-pellavakangas\\\/\",\"name\":\"100% Linen Fabric with Grey Stripes \u2013 Certified & Durable | Home of Wool\",\"isPartOf\":{\"@id\":\"https:\\\/\\\/homeofwool.com\\\/#website\"},\"primaryImageOfPage\":{\"@id\":\"https:\\\/\\\/homeofwool.com\\\/fi\\\/shop\\\/harmaa-raidallinen-pellavakangas\\\/#primaryimage\"},\"image\":{\"@id\":\"https:\\\/\\\/homeofwool.com\\\/fi\\\/shop\\\/harmaa-raidallinen-pellavakangas\\\/#primaryimage\"},\"thumbnailUrl\":\"https:\\\/\\\/homeofwool.com\\\/wp-content\\\/uploads\\\/2025\\\/09\\\/home-of-wool-grey-striped-linen-fabric-6.jpg\",\"datePublished\":\"2025-09-02T12:00:51+00:00\",\"dateModified\":\"2025-10-23T10:23:59+00:00\",\"description\":\"OEKO-TEX linen fabric with subtle grey stripes, eco-friendly, breathable, and long-lasting. Perfect for upholstery, safe DIY projects, and timeless home d\u00e9cor.\",\"breadcrumb\":{\"@id\":\"https:\\\/\\\/homeofwool.com\\\/fi\\\/shop\\\/harmaa-raidallinen-pellavakangas\\\/#breadcrumb\"},\"inLanguage\":\"fr-FR\",\"potentialAction\":[{\"@type\":\"ReadAction\",\"target\":[\"https:\\\/\\\/homeofwool.com\\\/fi\\\/shop\\\/harmaa-raidallinen-pellavakangas\\\/\"]}]},{\"@type\":\"ImageObject\",\"inLanguage\":\"fr-FR\",\"@id\":\"https:\\\/\\\/homeofwool.com\\\/fi\\\/shop\\\/harmaa-raidallinen-pellavakangas\\\/#primaryimage\",\"url\":\"https:\\\/\\\/homeofwool.com\\\/wp-content\\\/uploads\\\/2025\\\/09\\\/home-of-wool-grey-striped-linen-fabric-6.jpg\",\"contentUrl\":\"https:\\\/\\\/homeofwool.com\\\/wp-content\\\/uploads\\\/2025\\\/09\\\/home-of-wool-grey-striped-linen-fabric-6.jpg\",\"width\":2000,\"height\":1600,\"caption\":\"grey striped linen fabric close up showing the pattern\"},{\"@type\":\"BreadcrumbList\",\"@id\":\"https:\\\/\\\/homeofwool.com\\\/fi\\\/shop\\\/harmaa-raidallinen-pellavakangas\\\/#breadcrumb\",\"itemListElement\":[{\"@type\":\"ListItem\",\"position\":1,\"name\":\"Home\",\"item\":\"https:\\\/\\\/homeofwool.com\\\/\"},{\"@type\":\"ListItem\",\"position\":2,\"name\":\"Products\",\"item\":\"https:\\\/\\\/homeofwool.com\\\/header-search-2\\\/\"},{\"@type\":\"ListItem\",\"position\":3,\"name\":\"Grey Striped Linen Fabric\"}]},{\"@type\":\"WebSite\",\"@id\":\"https:\\\/\\\/homeofwool.com\\\/#website\",\"url\":\"https:\\\/\\\/homeofwool.com\\\/\",\"name\":\"Home of Wool\",\"description\":\"\",\"publisher\":{\"@id\":\"https:\\\/\\\/homeofwool.com\\\/#organization\"},\"potentialAction\":[{\"@type\":\"SearchAction\",\"target\":{\"@type\":\"EntryPoint\",\"urlTemplate\":\"https:\\\/\\\/homeofwool.com\\\/?s={search_term_string}\"},\"query-input\":{\"@type\":\"PropertyValueSpecification\",\"valueRequired\":true,\"valueName\":\"search_term_string\"}}],\"inLanguage\":\"fr-FR\"},{\"@type\":\"Organization\",\"@id\":\"https:\\\/\\\/homeofwool.com\\\/#organization\",\"name\":\"Home of Wool\",\"url\":\"https:\\\/\\\/homeofwool.com\\\/\",\"logo\":{\"@type\":\"ImageObject\",\"inLanguage\":\"fr-FR\",\"@id\":\"https:\\\/\\\/homeofwool.com\\\/#\\\/schema\\\/logo\\\/image\\\/\",\"url\":\"https:\\\/\\\/homeofwool.com\\\/wp-content\\\/uploads\\\/2025\\\/09\\\/WhatsApp-Image-2025-12-02-at-16.23.20.jpeg\",\"contentUrl\":\"https:\\\/\\\/homeofwool.com\\\/wp-content\\\/uploads\\\/2025\\\/09\\\/WhatsApp-Image-2025-12-02-at-16.23.20.jpeg\",\"width\":700,\"height\":247,\"caption\":\"Home of Wool\"},\"image\":{\"@id\":\"https:\\\/\\\/homeofwool.com\\\/#\\\/schema\\\/logo\\\/image\\\/\"},\"sameAs\":[\"https:\\\/\\\/facebook.com\\\/HomeOfWoolOfficial\"]}]}<\/script>\n<!-- \/ Yoast SEO Premium plugin. -->","yoast_head_json":{"title":"Tissu en lin 100% \u00e0 rayures grises \u2013 Certifi\u00e9 et durable | Home of Wool","description":"Tissu en lin OEKO-TEX \u00e0 fines rayures grises, \u00e9cologique, respirant et durable. Id\u00e9al pour l'ameublement, les projets de bricolage sans danger et la d\u00e9coration int\u00e9rieure intemporelle.","robots":{"index":"index","follow":"follow","max-snippet":"max-snippet:-1","max-image-preview":"max-image-preview:large","max-video-preview":"max-video-preview:-1"},"canonical":"https:\/\/homeofwool.com\/fr\/boutique\/tissu-en-lin-raye-gris\/","og_locale":"fr_FR","og_type":"article","og_title":"Grey Striped Linen Fabric","og_description":"OEKO-TEX linen fabric with subtle grey stripes, eco-friendly, breathable, and long-lasting. Perfect for upholstery, safe DIY projects, and timeless home d\u00e9cor.","og_url":"https:\/\/homeofwool.com\/fr\/boutique\/tissu-en-lin-raye-gris\/","og_site_name":"Home of Wool","article_publisher":"https:\/\/facebook.com\/HomeOfWoolOfficial","article_modified_time":"2025-10-23T10:23:59+00:00","og_image":[{"width":2000,"height":1600,"url":"https:\/\/homeofwool.com\/wp-content\/uploads\/2025\/09\/home-of-wool-grey-striped-linen-fabric-6.jpg","type":"image\/jpeg"}],"twitter_card":"summary_large_image","twitter_misc":{"Dur\u00e9e de lecture estim\u00e9e":"2 minutes"},"schema":{"@context":"https:\/\/schema.org","@graph":[{"@type":"WebPage","@id":"https:\/\/homeofwool.com\/fi\/shop\/harmaa-raidallinen-pellavakangas\/","url":"https:\/\/homeofwool.com\/fi\/shop\/harmaa-raidallinen-pellavakangas\/","name":"Tissu en lin 100% \u00e0 rayures grises \u2013 Certifi\u00e9 et durable | Home of Wool","isPartOf":{"@id":"https:\/\/homeofwool.com\/#website"},"primaryImageOfPage":{"@id":"https:\/\/homeofwool.com\/fi\/shop\/harmaa-raidallinen-pellavakangas\/#primaryimage"},"image":{"@id":"https:\/\/homeofwool.com\/fi\/shop\/harmaa-raidallinen-pellavakangas\/#primaryimage"},"thumbnailUrl":"https:\/\/homeofwool.com\/wp-content\/uploads\/2025\/09\/home-of-wool-grey-striped-linen-fabric-6.jpg","datePublished":"2025-09-02T12:00:51+00:00","dateModified":"2025-10-23T10:23:59+00:00","description":"Tissu en lin OEKO-TEX \u00e0 fines rayures grises, \u00e9cologique, respirant et durable. Id\u00e9al pour l'ameublement, les projets de bricolage sans danger et la d\u00e9coration int\u00e9rieure intemporelle.","breadcrumb":{"@id":"https:\/\/homeofwool.com\/fi\/shop\/harmaa-raidallinen-pellavakangas\/#breadcrumb"},"inLanguage":"fr-FR","potentialAction":[{"@type":"ReadAction","target":["https:\/\/homeofwool.com\/fi\/shop\/harmaa-raidallinen-pellavakangas\/"]}]},{"@type":"ImageObject","inLanguage":"fr-FR","@id":"https:\/\/homeofwool.com\/fi\/shop\/harmaa-raidallinen-pellavakangas\/#primaryimage","url":"https:\/\/homeofwool.com\/wp-content\/uploads\/2025\/09\/home-of-wool-grey-striped-linen-fabric-6.jpg","contentUrl":"https:\/\/homeofwool.com\/wp-content\/uploads\/2025\/09\/home-of-wool-grey-striped-linen-fabric-6.jpg","width":2000,"height":1600,"caption":"grey striped linen fabric close up showing the pattern"},{"@type":"BreadcrumbList","@id":"https:\/\/homeofwool.com\/fi\/shop\/harmaa-raidallinen-pellavakangas\/#breadcrumb","itemListElement":[{"@type":"ListItem","position":1,"name":"Home","item":"https:\/\/homeofwool.com\/"},{"@type":"ListItem","position":2,"name":"Products","item":"https:\/\/homeofwool.com\/header-search-2\/"},{"@type":"ListItem","position":3,"name":"Grey Striped Linen Fabric"}]},{"@type":"WebSite","@id":"https:\/\/homeofwool.com\/#website","url":"https:\/\/homeofwool.com\/","name":"La maison de la laine","description":"","publisher":{"@id":"https:\/\/homeofwool.com\/#organization"},"potentialAction":[{"@type":"SearchAction","target":{"@type":"EntryPoint","urlTemplate":"https:\/\/homeofwool.com\/?s={search_term_string}"},"query-input":{"@type":"PropertyValueSpecification","valueRequired":true,"valueName":"search_term_string"}}],"inLanguage":"fr-FR"},{"@type":"Organization","@id":"https:\/\/homeofwool.com\/#organization","name":"La maison de la laine","url":"https:\/\/homeofwool.com\/","logo":{"@type":"ImageObject","inLanguage":"fr-FR","@id":"https:\/\/homeofwool.com\/#\/schema\/logo\/image\/","url":"https:\/\/homeofwool.com\/wp-content\/uploads\/2025\/09\/WhatsApp-Image-2025-12-02-at-16.23.20.jpeg","contentUrl":"https:\/\/homeofwool.com\/wp-content\/uploads\/2025\/09\/WhatsApp-Image-2025-12-02-at-16.23.20.jpeg","width":700,"height":247,"caption":"Home of Wool"},"image":{"@id":"https:\/\/homeofwool.com\/#\/schema\/logo\/image\/"},"sameAs":["https:\/\/facebook.com\/HomeOfWoolOfficial"]}]}},"_links":{"self":[{"href":"https:\/\/homeofwool.com\/fr\/wp-json\/wp\/v2\/product\/217509","targetHints":{"allow":["GET"]}}],"collection":[{"href":"https:\/\/homeofwool.com\/fr\/wp-json\/wp\/v2\/product"}],"about":[{"href":"https:\/\/homeofwool.com\/fr\/wp-json\/wp\/v2\/types\/product"}],"version-history":[{"count":0,"href":"https:\/\/homeofwool.com\/fr\/wp-json\/wp\/v2\/product\/217509\/revisions"}],"wp:featuredmedia":[{"embeddable":true,"href":"https:\/\/homeofwool.com\/fr\/wp-json\/wp\/v2\/media\/222995"}],"wp:attachment":[{"href":"https:\/\/homeofwool.com\/fr\/wp-json\/wp\/v2\/media?parent=217509"}],"wp:term":[{"taxonomy":"product_brand","embeddable":true,"href":"https:\/\/homeofwool.com\/fr\/wp-json\/wp\/v2\/product_brand?post=217509"},{"taxonomy":"product_cat","embeddable":true,"href":"https:\/\/homeofwool.com\/fr\/wp-json\/wp\/v2\/product_cat?post=217509"},{"taxonomy":"product_tag","embeddable":true,"href":"https:\/\/homeofwool.com\/fr\/wp-json\/wp\/v2\/product_tag?post=217509"}],"curies":[{"name":"wp","href":"https:\/\/api.w.org\/{rel}","templated":true}]}}