{"id":217504,"date":"2025-09-02T12:00:50","date_gmt":"2025-09-02T12:00:50","guid":{"rendered":"https:\/\/homeofwool.com\/?post_type=product&#038;p=217504"},"modified":"2025-09-26T12:42:46","modified_gmt":"2025-09-26T12:42:46","slug":"lin-texture","status":"publish","type":"product","link":"https:\/\/homeofwool.com\/fr\/shop\/textured-linen\/","title":{"rendered":"Tissu en lin 100% \u2013 Textur\u00e9"},"content":{"rendered":"<p>Tiss\u00e9 \u00e0 partir de lin 100%, ce tissu en lin naturel pr\u00e9sente une surface distinctive qui semble brute et artisanale. Comme il s'agit d'un lin non teint, ses tons doux et terreux proviennent directement des fibres v\u00e9g\u00e9tales, offrant une base neutre qui s'int\u00e8gre aussi bien dans les int\u00e9rieurs rustiques que modernes.<\/p>\n<p>Avec un grammage de 420 g\/m\u00b2, il s'agit d'un tissu d'ameublement durable qui conserve toute sa beaut\u00e9 au fil du temps. Ses qualit\u00e9s en font un tissu id\u00e9al pour les coussins, les poufs ou tout autre projet de d\u00e9coration o\u00f9 la r\u00e9sistance et le caract\u00e8re naturel sont tout aussi importants.<\/p>\n<p>Il est certifi\u00e9 OEKO-TEX Standard 100 et fabriqu\u00e9 sans produits chimiques. Cela prouve qu'il est doux pour les peaux sensibles et constitue un choix parfaitement s\u00fbr pour les familles qui vivent avec des allergies.<\/p>\n<p>Ce qui est bien avec le lin, c'est qu'il ne n\u00e9cessite pas beaucoup d'entretien. Les taches ont tendance \u00e0 ne pas s'incruster et les \u00e9claboussures ne s'y accrochent pas comme sur d'autres tissus. Il suffit g\u00e9n\u00e9ralement de le d\u00e9poussi\u00e9rer d\u00e9licatement pour qu'il reste impeccable. M\u00eame apr\u00e8s des ann\u00e9es d'utilisation, il conserve cet aspect propre et naturel qui vous a s\u00e9duit.<\/p>\n<p>Si vous souhaitez vous faire une id\u00e9e de la couleur, de la texture et du poids, vous pouvez toujours commander un \u00e9chantillon au pr\u00e9alable.<\/p>","protected":false},"excerpt":{"rendered":"<p>Ce tissu en lin textur\u00e9 est tiss\u00e9 \u00e0 partir de lin pur, sans colorants ni finitions chimiques. Solide et respirant, il est id\u00e9al pour les coussins, les tissus d'ameublement, les poufs et autres projets de d\u00e9coration en lin.<\/p>\n<div class=\"global-icon-set\">\n<div class=\"global-icon-set__items\">\n<div class=\"global-icon-set__item\">\n<div class=\"global-icon-set__image\">\n                                    <img decoding=\"async\" src=\"https:\/\/homeofwool.com\/wp-content\/uploads\/2025\/09\/Hypoallergenic-min-300x300.png\" alt=\"ic\u00f4ne hypoallerg\u00e9nique\" \/>\n                                <\/div>\n<div class=\"global-icon-set__title\">Hypoallerg\u00e9nique<\/div>\n<\/p><\/div>\n<div class=\"global-icon-set__item\">\n<div class=\"global-icon-set__image\">\n                                    <img decoding=\"async\" src=\"https:\/\/homeofwool.com\/wp-content\/uploads\/2025\/09\/free-of-synthetics-icon-300x300.png\" alt=\"sans mati\u00e8res synth\u00e9tiques ic\u00f4ne\" \/>\n                                <\/div>\n<div class=\"global-icon-set__title\">Sans mati\u00e8res synth\u00e9tiques<\/div>\n<\/p><\/div>\n<div class=\"global-icon-set__item\">\n<div class=\"global-icon-set__image\">\n                                    <img decoding=\"async\" src=\"https:\/\/homeofwool.com\/wp-content\/uploads\/2025\/09\/chemical-free-icon-300x300.png\" alt=\"ic\u00f4ne de l&#039;absence de produits chimiques\" \/>\n                                <\/div>\n<div class=\"global-icon-set__title\">Sans produits chimiques<\/div>\n<\/p><\/div>\n<div class=\"global-icon-set__item\">\n<div class=\"global-icon-set__image\">\n                                    <img decoding=\"async\" src=\"https:\/\/homeofwool.com\/wp-content\/uploads\/2025\/09\/anti-bacterial-icon-300x300.png\" alt=\"ic\u00f4ne anti-bact\u00e9rien\" \/>\n                                <\/div>\n<div class=\"global-icon-set__title\">Anti-microbien et anti-bact\u00e9rien<\/div>\n<\/p><\/div>\n<\/p><\/div>\n<\/p><\/div>","protected":false},"featured_media":219201,"template":"","meta":{"_acf_changed":false},"product_brand":[],"product_cat":[25],"product_tag":[85,86,87,99,90,91,92,93,97,94,95],"class_list":{"0":"post-217504","1":"product","2":"type-product","3":"status-publish","4":"has-post-thumbnail","6":"product_cat-wool-fabrics-batting","7":"product_tag-craft-supplies","8":"product_tag-eco-friendly-textile","9":"product_tag-flax-linen-fabric","10":"product_tag-flax-linen-fabric-by-the-yard-or-metre","11":"product_tag-linen-fabric","12":"product_tag-natural-linen","13":"product_tag-prewashed-linen","14":"product_tag-pure-flax-linen","15":"product_tag-pure-linen","16":"product_tag-sewing-supply","17":"product_tag-undyed-fibers","19":"first","20":"instock","21":"shipping-taxable","22":"purchasable","23":"product-type-variable"},"acf":[],"yoast_head":"<!-- This site is optimized with the Yoast SEO Premium plugin v27.3 (Yoast SEO v27.3) - https:\/\/yoast.com\/product\/yoast-seo-premium-wordpress\/ -->\n<title>Textured Linen Fabric \u2013 Oeko-Tex Certified, Cut-to-size | Home of Wool<\/title>\n<meta name=\"description\" content=\"This textured linen fabric is all-natural, free from chemicals and dyes, extremely durable, and perfect for upholstery, cushions, and decor covers.\" \/>\n<meta name=\"robots\" content=\"index, follow, max-snippet:-1, max-image-preview:large, max-video-preview:-1\" \/>\n<link rel=\"canonical\" href=\"https:\/\/homeofwool.com\/fr\/boutique\/lin-texture\/\" \/>\n<meta property=\"og:locale\" content=\"fr_FR\" \/>\n<meta property=\"og:type\" content=\"article\" \/>\n<meta property=\"og:title\" content=\"100% Linen Fabric \u2013 Textured\" \/>\n<meta property=\"og:description\" content=\"This textured linen fabric is all-natural, free from chemicals and dyes, extremely durable, and perfect for upholstery, cushions, and decor covers.\" \/>\n<meta property=\"og:url\" content=\"https:\/\/homeofwool.com\/fr\/boutique\/lin-texture\/\" \/>\n<meta property=\"og:site_name\" content=\"Home of Wool\" \/>\n<meta property=\"article:publisher\" content=\"https:\/\/facebook.com\/HomeOfWoolOfficial\" \/>\n<meta property=\"article:modified_time\" content=\"2025-09-26T12:42:46+00:00\" \/>\n<meta property=\"og:image\" content=\"https:\/\/homeofwool.com\/wp-content\/uploads\/2025\/09\/home-of-wool-100-linen-fabric-\u2013-textured-1-main.jpg\" \/>\n\t<meta property=\"og:image:width\" content=\"1041\" \/>\n\t<meta property=\"og:image:height\" content=\"833\" \/>\n\t<meta property=\"og:image:type\" content=\"image\/jpeg\" \/>\n<meta name=\"twitter:card\" content=\"summary_large_image\" \/>\n<meta name=\"twitter:label1\" content=\"Dur\u00e9e de lecture estim\u00e9e\" \/>\n\t<meta name=\"twitter:data1\" content=\"2 minutes\" \/>\n<script type=\"application\/ld+json\" class=\"yoast-schema-graph\">{\"@context\":\"https:\\\/\\\/schema.org\",\"@graph\":[{\"@type\":\"WebPage\",\"@id\":\"https:\\\/\\\/homeofwool.com\\\/shop\\\/textured-linen\\\/\",\"url\":\"https:\\\/\\\/homeofwool.com\\\/shop\\\/textured-linen\\\/\",\"name\":\"Textured Linen Fabric \u2013 Oeko-Tex Certified, Cut-to-size | Home of Wool\",\"isPartOf\":{\"@id\":\"https:\\\/\\\/homeofwool.com\\\/#website\"},\"primaryImageOfPage\":{\"@id\":\"https:\\\/\\\/homeofwool.com\\\/shop\\\/textured-linen\\\/#primaryimage\"},\"image\":{\"@id\":\"https:\\\/\\\/homeofwool.com\\\/shop\\\/textured-linen\\\/#primaryimage\"},\"thumbnailUrl\":\"https:\\\/\\\/homeofwool.com\\\/wp-content\\\/uploads\\\/2025\\\/09\\\/home-of-wool-100-linen-fabric-\u2013-textured-1-main.jpg\",\"datePublished\":\"2025-09-02T12:00:50+00:00\",\"dateModified\":\"2025-09-26T12:42:46+00:00\",\"description\":\"This textured linen fabric is all-natural, free from chemicals and dyes, extremely durable, and perfect for upholstery, cushions, and decor covers.\",\"breadcrumb\":{\"@id\":\"https:\\\/\\\/homeofwool.com\\\/shop\\\/textured-linen\\\/#breadcrumb\"},\"inLanguage\":\"fr-FR\",\"potentialAction\":[{\"@type\":\"ReadAction\",\"target\":[\"https:\\\/\\\/homeofwool.com\\\/shop\\\/textured-linen\\\/\"]}]},{\"@type\":\"ImageObject\",\"inLanguage\":\"fr-FR\",\"@id\":\"https:\\\/\\\/homeofwool.com\\\/shop\\\/textured-linen\\\/#primaryimage\",\"url\":\"https:\\\/\\\/homeofwool.com\\\/wp-content\\\/uploads\\\/2025\\\/09\\\/home-of-wool-100-linen-fabric-\u2013-textured-1-main.jpg\",\"contentUrl\":\"https:\\\/\\\/homeofwool.com\\\/wp-content\\\/uploads\\\/2025\\\/09\\\/home-of-wool-100-linen-fabric-\u2013-textured-1-main.jpg\",\"width\":1041,\"height\":833,\"caption\":\"close up of folded 100% linen fabric\"},{\"@type\":\"BreadcrumbList\",\"@id\":\"https:\\\/\\\/homeofwool.com\\\/shop\\\/textured-linen\\\/#breadcrumb\",\"itemListElement\":[{\"@type\":\"ListItem\",\"position\":1,\"name\":\"Home\",\"item\":\"https:\\\/\\\/homeofwool.com\\\/\"},{\"@type\":\"ListItem\",\"position\":2,\"name\":\"Products\",\"item\":\"https:\\\/\\\/homeofwool.com\\\/header-search-2\\\/\"},{\"@type\":\"ListItem\",\"position\":3,\"name\":\"100% Linen Fabric \u2013 Textured\"}]},{\"@type\":\"WebSite\",\"@id\":\"https:\\\/\\\/homeofwool.com\\\/#website\",\"url\":\"https:\\\/\\\/homeofwool.com\\\/\",\"name\":\"Home of Wool\",\"description\":\"\",\"publisher\":{\"@id\":\"https:\\\/\\\/homeofwool.com\\\/#organization\"},\"potentialAction\":[{\"@type\":\"SearchAction\",\"target\":{\"@type\":\"EntryPoint\",\"urlTemplate\":\"https:\\\/\\\/homeofwool.com\\\/?s={search_term_string}\"},\"query-input\":{\"@type\":\"PropertyValueSpecification\",\"valueRequired\":true,\"valueName\":\"search_term_string\"}}],\"inLanguage\":\"fr-FR\"},{\"@type\":\"Organization\",\"@id\":\"https:\\\/\\\/homeofwool.com\\\/#organization\",\"name\":\"Home of Wool\",\"url\":\"https:\\\/\\\/homeofwool.com\\\/\",\"logo\":{\"@type\":\"ImageObject\",\"inLanguage\":\"fr-FR\",\"@id\":\"https:\\\/\\\/homeofwool.com\\\/#\\\/schema\\\/logo\\\/image\\\/\",\"url\":\"https:\\\/\\\/homeofwool.com\\\/wp-content\\\/uploads\\\/2025\\\/09\\\/WhatsApp-Image-2025-12-02-at-16.23.20.jpeg\",\"contentUrl\":\"https:\\\/\\\/homeofwool.com\\\/wp-content\\\/uploads\\\/2025\\\/09\\\/WhatsApp-Image-2025-12-02-at-16.23.20.jpeg\",\"width\":700,\"height\":247,\"caption\":\"Home of Wool\"},\"image\":{\"@id\":\"https:\\\/\\\/homeofwool.com\\\/#\\\/schema\\\/logo\\\/image\\\/\"},\"sameAs\":[\"https:\\\/\\\/facebook.com\\\/HomeOfWoolOfficial\"]}]}<\/script>\n<!-- \/ Yoast SEO Premium plugin. -->","yoast_head_json":{"title":"Tissu en lin textur\u00e9 \u2013 Certifi\u00e9 Oeko-Tex, coup\u00e9 sur mesure | Home of Wool","description":"Ce tissu en lin textur\u00e9 est enti\u00e8rement naturel, exempt de produits chimiques et de colorants, extr\u00eamement durable et parfait pour les tissus d'ameublement, les coussins et les housses d\u00e9coratives.","robots":{"index":"index","follow":"follow","max-snippet":"max-snippet:-1","max-image-preview":"max-image-preview:large","max-video-preview":"max-video-preview:-1"},"canonical":"https:\/\/homeofwool.com\/fr\/boutique\/lin-texture\/","og_locale":"fr_FR","og_type":"article","og_title":"100% Linen Fabric \u2013 Textured","og_description":"This textured linen fabric is all-natural, free from chemicals and dyes, extremely durable, and perfect for upholstery, cushions, and decor covers.","og_url":"https:\/\/homeofwool.com\/fr\/boutique\/lin-texture\/","og_site_name":"Home of Wool","article_publisher":"https:\/\/facebook.com\/HomeOfWoolOfficial","article_modified_time":"2025-09-26T12:42:46+00:00","og_image":[{"width":1041,"height":833,"url":"https:\/\/homeofwool.com\/wp-content\/uploads\/2025\/09\/home-of-wool-100-linen-fabric-\u2013-textured-1-main.jpg","type":"image\/jpeg"}],"twitter_card":"summary_large_image","twitter_misc":{"Dur\u00e9e de lecture estim\u00e9e":"2 minutes"},"schema":{"@context":"https:\/\/schema.org","@graph":[{"@type":"WebPage","@id":"https:\/\/homeofwool.com\/shop\/textured-linen\/","url":"https:\/\/homeofwool.com\/shop\/textured-linen\/","name":"Tissu en lin textur\u00e9 \u2013 Certifi\u00e9 Oeko-Tex, coup\u00e9 sur mesure | Home of Wool","isPartOf":{"@id":"https:\/\/homeofwool.com\/#website"},"primaryImageOfPage":{"@id":"https:\/\/homeofwool.com\/shop\/textured-linen\/#primaryimage"},"image":{"@id":"https:\/\/homeofwool.com\/shop\/textured-linen\/#primaryimage"},"thumbnailUrl":"https:\/\/homeofwool.com\/wp-content\/uploads\/2025\/09\/home-of-wool-100-linen-fabric-\u2013-textured-1-main.jpg","datePublished":"2025-09-02T12:00:50+00:00","dateModified":"2025-09-26T12:42:46+00:00","description":"Ce tissu en lin textur\u00e9 est enti\u00e8rement naturel, exempt de produits chimiques et de colorants, extr\u00eamement durable et parfait pour les tissus d'ameublement, les coussins et les housses d\u00e9coratives.","breadcrumb":{"@id":"https:\/\/homeofwool.com\/shop\/textured-linen\/#breadcrumb"},"inLanguage":"fr-FR","potentialAction":[{"@type":"ReadAction","target":["https:\/\/homeofwool.com\/shop\/textured-linen\/"]}]},{"@type":"ImageObject","inLanguage":"fr-FR","@id":"https:\/\/homeofwool.com\/shop\/textured-linen\/#primaryimage","url":"https:\/\/homeofwool.com\/wp-content\/uploads\/2025\/09\/home-of-wool-100-linen-fabric-\u2013-textured-1-main.jpg","contentUrl":"https:\/\/homeofwool.com\/wp-content\/uploads\/2025\/09\/home-of-wool-100-linen-fabric-\u2013-textured-1-main.jpg","width":1041,"height":833,"caption":"close up of folded 100% linen fabric"},{"@type":"BreadcrumbList","@id":"https:\/\/homeofwool.com\/shop\/textured-linen\/#breadcrumb","itemListElement":[{"@type":"ListItem","position":1,"name":"Home","item":"https:\/\/homeofwool.com\/"},{"@type":"ListItem","position":2,"name":"Products","item":"https:\/\/homeofwool.com\/header-search-2\/"},{"@type":"ListItem","position":3,"name":"100% Linen Fabric \u2013 Textured"}]},{"@type":"WebSite","@id":"https:\/\/homeofwool.com\/#website","url":"https:\/\/homeofwool.com\/","name":"La maison de la laine","description":"","publisher":{"@id":"https:\/\/homeofwool.com\/#organization"},"potentialAction":[{"@type":"SearchAction","target":{"@type":"EntryPoint","urlTemplate":"https:\/\/homeofwool.com\/?s={search_term_string}"},"query-input":{"@type":"PropertyValueSpecification","valueRequired":true,"valueName":"search_term_string"}}],"inLanguage":"fr-FR"},{"@type":"Organization","@id":"https:\/\/homeofwool.com\/#organization","name":"La maison de la laine","url":"https:\/\/homeofwool.com\/","logo":{"@type":"ImageObject","inLanguage":"fr-FR","@id":"https:\/\/homeofwool.com\/#\/schema\/logo\/image\/","url":"https:\/\/homeofwool.com\/wp-content\/uploads\/2025\/09\/WhatsApp-Image-2025-12-02-at-16.23.20.jpeg","contentUrl":"https:\/\/homeofwool.com\/wp-content\/uploads\/2025\/09\/WhatsApp-Image-2025-12-02-at-16.23.20.jpeg","width":700,"height":247,"caption":"Home of Wool"},"image":{"@id":"https:\/\/homeofwool.com\/#\/schema\/logo\/image\/"},"sameAs":["https:\/\/facebook.com\/HomeOfWoolOfficial"]}]}},"_links":{"self":[{"href":"https:\/\/homeofwool.com\/fr\/wp-json\/wp\/v2\/product\/217504","targetHints":{"allow":["GET"]}}],"collection":[{"href":"https:\/\/homeofwool.com\/fr\/wp-json\/wp\/v2\/product"}],"about":[{"href":"https:\/\/homeofwool.com\/fr\/wp-json\/wp\/v2\/types\/product"}],"version-history":[{"count":0,"href":"https:\/\/homeofwool.com\/fr\/wp-json\/wp\/v2\/product\/217504\/revisions"}],"wp:featuredmedia":[{"embeddable":true,"href":"https:\/\/homeofwool.com\/fr\/wp-json\/wp\/v2\/media\/219201"}],"wp:attachment":[{"href":"https:\/\/homeofwool.com\/fr\/wp-json\/wp\/v2\/media?parent=217504"}],"wp:term":[{"taxonomy":"product_brand","embeddable":true,"href":"https:\/\/homeofwool.com\/fr\/wp-json\/wp\/v2\/product_brand?post=217504"},{"taxonomy":"product_cat","embeddable":true,"href":"https:\/\/homeofwool.com\/fr\/wp-json\/wp\/v2\/product_cat?post=217504"},{"taxonomy":"product_tag","embeddable":true,"href":"https:\/\/homeofwool.com\/fr\/wp-json\/wp\/v2\/product_tag?post=217504"}],"curies":[{"name":"wp","href":"https:\/\/api.w.org\/{rel}","templated":true}]}}