{"id":217503,"date":"2025-09-02T12:00:50","date_gmt":"2025-09-02T12:00:50","guid":{"rendered":"https:\/\/homeofwool.com\/?post_type=product&#038;p=217503"},"modified":"2025-09-25T13:30:11","modified_gmt":"2025-09-25T13:30:11","slug":"tissu-en-lin","status":"publish","type":"product","link":"https:\/\/homeofwool.com\/fr\/shop\/linen-fabric\/","title":{"rendered":"Tissu en lin 100%"},"content":{"rendered":"<p>Tiss\u00e9 en pur lin durable, ce textile lourd de 430 g\/m\u00b2 est con\u00e7u pour une beaut\u00e9 et un confort durables. Test\u00e9 et approuv\u00e9 selon la norme OEKO-TEX 100, il ne contient ni colorants, ni enduits, ni finitions chimiques. Un choix de lin s\u00fbr et respectueux de l'environnement pour tout int\u00e9rieur.<\/p>\n<p>La r\u00e9sistance naturelle du tissu en fait un tissu d'ameublement id\u00e9al, qui conserve sa forme au fil des utilisations quotidiennes et offre une r\u00e9silience in\u00e9gal\u00e9e par rapport au coton. Le lin r\u00e9siste naturellement aux taches et aux moisissures. C'est pourquoi il reste propre et frais avec tr\u00e8s peu d'entretien.<\/p>\n<p>En tant que textile de lin respirant, il reste agr\u00e9ablement frais par temps chaud. Il est \u00e9galement hypoallerg\u00e9nique et doux pour les peaux sensibles.<\/p>\n<p>Polyvalent par nature, ce linge tr\u00e8s r\u00e9sistant convient parfaitement \u00e0 toute la maison. Il peut \u00eatre utilis\u00e9 pour les grands coussins et les matelas pour adultes. Mais vous pouvez aussi l'utiliser pour des accents plus petits, comme des housses de coussins ou des coussins de t\u00eate de lit. Id\u00e9al pour les sacs de f\u00e8ves et les poufs. Chaque commande est coup\u00e9e en une seule pi\u00e8ce, ce qui garantit une grande vari\u00e9t\u00e9 de possibilit\u00e9s.<\/p>\n<p>Le lin est \u00e9galement un choix respectueux de la plan\u00e8te. Le lin est naturellement peu exigeant en termes d'entretien, il se d\u00e9veloppe avec peu d'eau et ne n\u00e9cessite pas de produits chimiques. Un tissu d'ameublement naturel et intemporel qui allie durabilit\u00e9 et \u00e9l\u00e9gance durable.<\/p>\n<p><strong>RICHESSE (apr\u00e8s lavage) :<\/strong><br \/>\nLongueur : 5%<br \/>\nLargeur : 0%<\/p>\n<p>Laver \u00e0 cycle d\u00e9licat avec un d\u00e9tergent doux, sans azurants. Il s'agit d'un tissu naturel qui se froisse au lavage.<\/p>\n<p><strong>LES AVANTAGES DU LIN<\/strong><br \/>\nLe lin r\u00e9siste aux taches comme aucun autre tissu, il est donc tr\u00e8s facile \u00e0 entretenir. Le lin est de loin notre tissu le plus durable, bien plus r\u00e9sistant et solide que le coton. De plus, le lin est tr\u00e8s r\u00e9sistant \u00e0 la moisissure.<\/p>\n<ul>\n<li>Le lin est 30% plus r\u00e9sistant que le coton.<\/li>\n<li>Fortement anti-salissures<\/li>\n<li>Poss\u00e8de une grande capacit\u00e9 d'absorption de l'humidit\u00e9<\/li>\n<li>Hypoallerg\u00e9nique<\/li>\n<li>Tr\u00e8s respirant<\/li>\n<li>Fibre structurellement solide pour que les produits conservent leur forme<\/li>\n<li>Respectueux de l'environnement \u2013 moins d'eau et de produits chimiques n\u00e9cessaires \u00e0 la culture<\/li>\n<\/ul>","protected":false},"excerpt":{"rendered":"<p>D\u00e9couvrez la solidit\u00e9 et l'\u00e9l\u00e9gance de notre tissu en lin. Ce tissu de lin durable est naturellement respirant et anti-salissures. Il convient parfaitement \u00e0 l'ameublement. Il permet de cr\u00e9er des coussins, des matelas et divers articles de d\u00e9coration int\u00e9rieure. Sans enduit ni traitement chimique, il offre puret\u00e9 mais aussi durabilit\u00e9.<\/p>\n<p><strong>Poids<\/strong>: 430 g\/m\u00b2<br \/>\n<strong>Largeur<\/strong>: 150 cm (59 pouces)<\/p>\n<p><strong>Prendre le temps<\/strong>: 1 \u00e0 3 jours<br \/>\n<strong>D\u00e9lai de livraison<\/strong>: 1 \u00e0 4 semaines<\/p>\n<div class=\"global-icon-set\">\n<div class=\"global-icon-set__items\">\n<div class=\"global-icon-set__item\">\n<div class=\"global-icon-set__image\">\n                                    <img decoding=\"async\" src=\"https:\/\/homeofwool.com\/wp-content\/uploads\/2025\/09\/VOCs-min-300x300.png\" alt=\"vocs libre\" \/>\n                                <\/div>\n<div class=\"global-icon-set__title\">Sans COV<\/div>\n<\/p><\/div>\n<div class=\"global-icon-set__item\">\n<div class=\"global-icon-set__image\">\n                                    <img decoding=\"async\" src=\"https:\/\/homeofwool.com\/wp-content\/uploads\/2025\/09\/Hypoallergenic-min-300x300.png\" alt=\"ic\u00f4ne hypoallerg\u00e9nique\" \/>\n                                <\/div>\n<div class=\"global-icon-set__title\">Hypoallerg\u00e9nique<\/div>\n<\/p><\/div>\n<div class=\"global-icon-set__item\">\n<div class=\"global-icon-set__image\">\n                                    <img decoding=\"async\" src=\"https:\/\/homeofwool.com\/wp-content\/uploads\/2025\/09\/free-of-synthetics-icon-300x300.png\" alt=\"sans mati\u00e8res synth\u00e9tiques ic\u00f4ne\" \/>\n                                <\/div>\n<div class=\"global-icon-set__title\">Sans mati\u00e8res synth\u00e9tiques<\/div>\n<\/p><\/div>\n<div class=\"global-icon-set__item\">\n<div class=\"global-icon-set__image\">\n                                    <img decoding=\"async\" src=\"https:\/\/homeofwool.com\/wp-content\/uploads\/2025\/09\/chemical-free-icon-300x300.png\" alt=\"ic\u00f4ne de l&#039;absence de produits chimiques\" \/>\n                                <\/div>\n<div class=\"global-icon-set__title\">Sans produits chimiques<\/div>\n<\/p><\/div>\n<\/p><\/div>\n<\/p><\/div>","protected":false},"featured_media":219238,"template":"","meta":{"_acf_changed":false},"product_brand":[],"product_cat":[25],"product_tag":[85,86,87,99,90,91,92,93,97,94,95],"class_list":{"0":"post-217503","1":"product","2":"type-product","3":"status-publish","4":"has-post-thumbnail","6":"product_cat-wool-fabrics-batting","7":"product_tag-craft-supplies","8":"product_tag-eco-friendly-textile","9":"product_tag-flax-linen-fabric","10":"product_tag-flax-linen-fabric-by-the-yard-or-metre","11":"product_tag-linen-fabric","12":"product_tag-natural-linen","13":"product_tag-prewashed-linen","14":"product_tag-pure-flax-linen","15":"product_tag-pure-linen","16":"product_tag-sewing-supply","17":"product_tag-undyed-fibers","19":"first","20":"instock","21":"shipping-taxable","22":"purchasable","23":"product-type-variable"},"acf":[],"yoast_head":"<!-- This site is optimized with the Yoast SEO Premium plugin v27.3 (Yoast SEO v27.3) - https:\/\/yoast.com\/product\/yoast-seo-premium-wordpress\/ -->\n<title>100% Natural Linen Fabric \u2013 Certified, Breathable &amp; Durable | Home of Wool<\/title>\n<meta name=\"description\" content=\"Durable and Oeko-Tex certified, the Textured Linen Fabric is breathable and eco-friendly, perfect for cushions, upholstery, and DIY projects where natural comfort and toxin-free quality matter.\" \/>\n<meta name=\"robots\" content=\"index, follow, max-snippet:-1, max-image-preview:large, max-video-preview:-1\" \/>\n<link rel=\"canonical\" href=\"https:\/\/homeofwool.com\/fr\/boutique\/tissu-en-lin\/\" \/>\n<meta property=\"og:locale\" content=\"fr_FR\" \/>\n<meta property=\"og:type\" content=\"article\" \/>\n<meta property=\"og:title\" content=\"100% Linen Fabric\" \/>\n<meta property=\"og:description\" content=\"Durable and Oeko-Tex certified, the Textured Linen Fabric is breathable and eco-friendly, perfect for cushions, upholstery, and DIY projects where natural comfort and toxin-free quality matter.\" \/>\n<meta property=\"og:url\" content=\"https:\/\/homeofwool.com\/fr\/boutique\/tissu-en-lin\/\" \/>\n<meta property=\"og:site_name\" content=\"Home of Wool\" \/>\n<meta property=\"article:publisher\" content=\"https:\/\/facebook.com\/HomeOfWoolOfficial\" \/>\n<meta property=\"article:modified_time\" content=\"2025-09-25T13:30:11+00:00\" \/>\n<meta property=\"og:image\" content=\"https:\/\/homeofwool.com\/wp-content\/uploads\/2025\/09\/home-of-wool-100-linen-fabric-1-main.jpg\" \/>\n\t<meta property=\"og:image:width\" content=\"1041\" \/>\n\t<meta property=\"og:image:height\" content=\"833\" \/>\n\t<meta property=\"og:image:type\" content=\"image\/jpeg\" \/>\n<meta name=\"twitter:card\" content=\"summary_large_image\" \/>\n<meta name=\"twitter:label1\" content=\"Dur\u00e9e de lecture estim\u00e9e\" \/>\n\t<meta name=\"twitter:data1\" content=\"2 minutes\" \/>\n<script type=\"application\/ld+json\" class=\"yoast-schema-graph\">{\"@context\":\"https:\\\/\\\/schema.org\",\"@graph\":[{\"@type\":\"WebPage\",\"@id\":\"https:\\\/\\\/homeofwool.com\\\/shop\\\/linen-fabric\\\/\",\"url\":\"https:\\\/\\\/homeofwool.com\\\/shop\\\/linen-fabric\\\/\",\"name\":\"100% Natural Linen Fabric \u2013 Certified, Breathable & Durable | Home of Wool\",\"isPartOf\":{\"@id\":\"https:\\\/\\\/homeofwool.com\\\/#website\"},\"primaryImageOfPage\":{\"@id\":\"https:\\\/\\\/homeofwool.com\\\/shop\\\/linen-fabric\\\/#primaryimage\"},\"image\":{\"@id\":\"https:\\\/\\\/homeofwool.com\\\/shop\\\/linen-fabric\\\/#primaryimage\"},\"thumbnailUrl\":\"https:\\\/\\\/homeofwool.com\\\/wp-content\\\/uploads\\\/2025\\\/09\\\/home-of-wool-100-linen-fabric-1-main.jpg\",\"datePublished\":\"2025-09-02T12:00:50+00:00\",\"dateModified\":\"2025-09-25T13:30:11+00:00\",\"description\":\"Durable and Oeko-Tex certified, the Textured Linen Fabric is breathable and eco-friendly, perfect for cushions, upholstery, and DIY projects where natural comfort and toxin-free quality matter.\",\"breadcrumb\":{\"@id\":\"https:\\\/\\\/homeofwool.com\\\/shop\\\/linen-fabric\\\/#breadcrumb\"},\"inLanguage\":\"fr-FR\",\"potentialAction\":[{\"@type\":\"ReadAction\",\"target\":[\"https:\\\/\\\/homeofwool.com\\\/shop\\\/linen-fabric\\\/\"]}]},{\"@type\":\"ImageObject\",\"inLanguage\":\"fr-FR\",\"@id\":\"https:\\\/\\\/homeofwool.com\\\/shop\\\/linen-fabric\\\/#primaryimage\",\"url\":\"https:\\\/\\\/homeofwool.com\\\/wp-content\\\/uploads\\\/2025\\\/09\\\/home-of-wool-100-linen-fabric-1-main.jpg\",\"contentUrl\":\"https:\\\/\\\/homeofwool.com\\\/wp-content\\\/uploads\\\/2025\\\/09\\\/home-of-wool-100-linen-fabric-1-main.jpg\",\"width\":1041,\"height\":833,\"caption\":\"100% linen fabric close up\"},{\"@type\":\"BreadcrumbList\",\"@id\":\"https:\\\/\\\/homeofwool.com\\\/shop\\\/linen-fabric\\\/#breadcrumb\",\"itemListElement\":[{\"@type\":\"ListItem\",\"position\":1,\"name\":\"Home\",\"item\":\"https:\\\/\\\/homeofwool.com\\\/\"},{\"@type\":\"ListItem\",\"position\":2,\"name\":\"Products\",\"item\":\"https:\\\/\\\/homeofwool.com\\\/header-search-2\\\/\"},{\"@type\":\"ListItem\",\"position\":3,\"name\":\"100% Linen Fabric\"}]},{\"@type\":\"WebSite\",\"@id\":\"https:\\\/\\\/homeofwool.com\\\/#website\",\"url\":\"https:\\\/\\\/homeofwool.com\\\/\",\"name\":\"Home of Wool\",\"description\":\"\",\"publisher\":{\"@id\":\"https:\\\/\\\/homeofwool.com\\\/#organization\"},\"potentialAction\":[{\"@type\":\"SearchAction\",\"target\":{\"@type\":\"EntryPoint\",\"urlTemplate\":\"https:\\\/\\\/homeofwool.com\\\/?s={search_term_string}\"},\"query-input\":{\"@type\":\"PropertyValueSpecification\",\"valueRequired\":true,\"valueName\":\"search_term_string\"}}],\"inLanguage\":\"fr-FR\"},{\"@type\":\"Organization\",\"@id\":\"https:\\\/\\\/homeofwool.com\\\/#organization\",\"name\":\"Home of Wool\",\"url\":\"https:\\\/\\\/homeofwool.com\\\/\",\"logo\":{\"@type\":\"ImageObject\",\"inLanguage\":\"fr-FR\",\"@id\":\"https:\\\/\\\/homeofwool.com\\\/#\\\/schema\\\/logo\\\/image\\\/\",\"url\":\"https:\\\/\\\/homeofwool.com\\\/wp-content\\\/uploads\\\/2025\\\/09\\\/WhatsApp-Image-2025-12-02-at-16.23.20.jpeg\",\"contentUrl\":\"https:\\\/\\\/homeofwool.com\\\/wp-content\\\/uploads\\\/2025\\\/09\\\/WhatsApp-Image-2025-12-02-at-16.23.20.jpeg\",\"width\":700,\"height\":247,\"caption\":\"Home of Wool\"},\"image\":{\"@id\":\"https:\\\/\\\/homeofwool.com\\\/#\\\/schema\\\/logo\\\/image\\\/\"},\"sameAs\":[\"https:\\\/\\\/facebook.com\\\/HomeOfWoolOfficial\"]}]}<\/script>\n<!-- \/ Yoast SEO Premium plugin. -->","yoast_head_json":{"title":"100% Tissu de lin naturel - certifi\u00e9, respirant et durable | Home of Wool","description":"Durable et certifi\u00e9 Oeko-Tex, le tissu de lin textur\u00e9 est respirant et respectueux de l'environnement. Il est parfait pour les coussins, les tissus d'ameublement et les projets de bricolage pour lesquels le confort naturel et la qualit\u00e9 sans toxines sont importants.","robots":{"index":"index","follow":"follow","max-snippet":"max-snippet:-1","max-image-preview":"max-image-preview:large","max-video-preview":"max-video-preview:-1"},"canonical":"https:\/\/homeofwool.com\/fr\/boutique\/tissu-en-lin\/","og_locale":"fr_FR","og_type":"article","og_title":"100% Linen Fabric","og_description":"Durable and Oeko-Tex certified, the Textured Linen Fabric is breathable and eco-friendly, perfect for cushions, upholstery, and DIY projects where natural comfort and toxin-free quality matter.","og_url":"https:\/\/homeofwool.com\/fr\/boutique\/tissu-en-lin\/","og_site_name":"Home of Wool","article_publisher":"https:\/\/facebook.com\/HomeOfWoolOfficial","article_modified_time":"2025-09-25T13:30:11+00:00","og_image":[{"width":1041,"height":833,"url":"https:\/\/homeofwool.com\/wp-content\/uploads\/2025\/09\/home-of-wool-100-linen-fabric-1-main.jpg","type":"image\/jpeg"}],"twitter_card":"summary_large_image","twitter_misc":{"Dur\u00e9e de lecture estim\u00e9e":"2 minutes"},"schema":{"@context":"https:\/\/schema.org","@graph":[{"@type":"WebPage","@id":"https:\/\/homeofwool.com\/shop\/linen-fabric\/","url":"https:\/\/homeofwool.com\/shop\/linen-fabric\/","name":"100% Tissu de lin naturel - certifi\u00e9, respirant et durable | Home of Wool","isPartOf":{"@id":"https:\/\/homeofwool.com\/#website"},"primaryImageOfPage":{"@id":"https:\/\/homeofwool.com\/shop\/linen-fabric\/#primaryimage"},"image":{"@id":"https:\/\/homeofwool.com\/shop\/linen-fabric\/#primaryimage"},"thumbnailUrl":"https:\/\/homeofwool.com\/wp-content\/uploads\/2025\/09\/home-of-wool-100-linen-fabric-1-main.jpg","datePublished":"2025-09-02T12:00:50+00:00","dateModified":"2025-09-25T13:30:11+00:00","description":"Durable et certifi\u00e9 Oeko-Tex, le tissu de lin textur\u00e9 est respirant et respectueux de l'environnement. Il est parfait pour les coussins, les tissus d'ameublement et les projets de bricolage pour lesquels le confort naturel et la qualit\u00e9 sans toxines sont importants.","breadcrumb":{"@id":"https:\/\/homeofwool.com\/shop\/linen-fabric\/#breadcrumb"},"inLanguage":"fr-FR","potentialAction":[{"@type":"ReadAction","target":["https:\/\/homeofwool.com\/shop\/linen-fabric\/"]}]},{"@type":"ImageObject","inLanguage":"fr-FR","@id":"https:\/\/homeofwool.com\/shop\/linen-fabric\/#primaryimage","url":"https:\/\/homeofwool.com\/wp-content\/uploads\/2025\/09\/home-of-wool-100-linen-fabric-1-main.jpg","contentUrl":"https:\/\/homeofwool.com\/wp-content\/uploads\/2025\/09\/home-of-wool-100-linen-fabric-1-main.jpg","width":1041,"height":833,"caption":"100% linen fabric close up"},{"@type":"BreadcrumbList","@id":"https:\/\/homeofwool.com\/shop\/linen-fabric\/#breadcrumb","itemListElement":[{"@type":"ListItem","position":1,"name":"Home","item":"https:\/\/homeofwool.com\/"},{"@type":"ListItem","position":2,"name":"Products","item":"https:\/\/homeofwool.com\/header-search-2\/"},{"@type":"ListItem","position":3,"name":"100% Linen Fabric"}]},{"@type":"WebSite","@id":"https:\/\/homeofwool.com\/#website","url":"https:\/\/homeofwool.com\/","name":"La maison de la laine","description":"","publisher":{"@id":"https:\/\/homeofwool.com\/#organization"},"potentialAction":[{"@type":"SearchAction","target":{"@type":"EntryPoint","urlTemplate":"https:\/\/homeofwool.com\/?s={search_term_string}"},"query-input":{"@type":"PropertyValueSpecification","valueRequired":true,"valueName":"search_term_string"}}],"inLanguage":"fr-FR"},{"@type":"Organization","@id":"https:\/\/homeofwool.com\/#organization","name":"La maison de la laine","url":"https:\/\/homeofwool.com\/","logo":{"@type":"ImageObject","inLanguage":"fr-FR","@id":"https:\/\/homeofwool.com\/#\/schema\/logo\/image\/","url":"https:\/\/homeofwool.com\/wp-content\/uploads\/2025\/09\/WhatsApp-Image-2025-12-02-at-16.23.20.jpeg","contentUrl":"https:\/\/homeofwool.com\/wp-content\/uploads\/2025\/09\/WhatsApp-Image-2025-12-02-at-16.23.20.jpeg","width":700,"height":247,"caption":"Home of Wool"},"image":{"@id":"https:\/\/homeofwool.com\/#\/schema\/logo\/image\/"},"sameAs":["https:\/\/facebook.com\/HomeOfWoolOfficial"]}]}},"_links":{"self":[{"href":"https:\/\/homeofwool.com\/fr\/wp-json\/wp\/v2\/product\/217503","targetHints":{"allow":["GET"]}}],"collection":[{"href":"https:\/\/homeofwool.com\/fr\/wp-json\/wp\/v2\/product"}],"about":[{"href":"https:\/\/homeofwool.com\/fr\/wp-json\/wp\/v2\/types\/product"}],"version-history":[{"count":0,"href":"https:\/\/homeofwool.com\/fr\/wp-json\/wp\/v2\/product\/217503\/revisions"}],"wp:featuredmedia":[{"embeddable":true,"href":"https:\/\/homeofwool.com\/fr\/wp-json\/wp\/v2\/media\/219238"}],"wp:attachment":[{"href":"https:\/\/homeofwool.com\/fr\/wp-json\/wp\/v2\/media?parent=217503"}],"wp:term":[{"taxonomy":"product_brand","embeddable":true,"href":"https:\/\/homeofwool.com\/fr\/wp-json\/wp\/v2\/product_brand?post=217503"},{"taxonomy":"product_cat","embeddable":true,"href":"https:\/\/homeofwool.com\/fr\/wp-json\/wp\/v2\/product_cat?post=217503"},{"taxonomy":"product_tag","embeddable":true,"href":"https:\/\/homeofwool.com\/fr\/wp-json\/wp\/v2\/product_tag?post=217503"}],"curies":[{"name":"wp","href":"https:\/\/api.w.org\/{rel}","templated":true}]}}