{"id":217502,"date":"2025-09-02T12:00:50","date_gmt":"2025-09-02T12:00:50","guid":{"rendered":"https:\/\/homeofwool.com\/?post_type=product&#038;p=217502"},"modified":"2026-03-13T08:10:28","modified_gmt":"2026-03-13T08:10:28","slug":"59-lin-41-coton-melange","status":"publish","type":"product","link":"https:\/\/homeofwool.com\/fr\/shop\/59-linen-41-cotton-blend-fabric\/","title":{"rendered":"59% Lin \/ 41% Tissu m\u00e9lang\u00e9 coton"},"content":{"rendered":"<p>Vous connaissez cette sensation lorsque le tissu semble parfait ? C'est exactement ce que procure ce m\u00e9lange durable de lin et de coton. Un peu de lin pour la structure, un peu de coton pour la chaleur. Rien d'autre. Juste un tissu pur, sans produits chimiques, tiss\u00e9 de mani\u00e8re r\u00e9guli\u00e8re et authentique.<\/p>\n<p>Il s'agit d'un tissu non teint, donc la couleur que vous voyez est celle de la fibre elle-m\u00eame. Doux, apaisant et agr\u00e9able \u00e0 regarder. Sans rev\u00eatement ni azurant. Certifi\u00e9 OEKO-TEX Standard 100, il est sans danger pour vous, votre maison et votre b\u00e9b\u00e9.<\/p>\n<p>Il r\u00e9siste bien. Il respire merveilleusement bien. Apr\u00e8s lavage, il s'assouplit et prend cet aspect d\u00e9contract\u00e9 que les amateurs de lin appr\u00e9cient tant. Il ne retient pas beaucoup la poussi\u00e8re ni la salet\u00e9. Ce tissu facile d'entretien est parfait pour les taies d'oreiller, la literie et les articles pour b\u00e9b\u00e9s. Et comme il ne contient pas d'eau de Javel, il reste doux. Doux pour votre peau et pour la plan\u00e8te.<\/p>\n<p><strong>Poids<\/strong>: 190 g\/m\u00b2<br \/>\n<strong>Largeur<\/strong>: 150 cm (59\u2033) ou 300 cm (118\u2033)<br \/>\nNous d\u00e9couperons toute quantit\u00e9 command\u00e9e en un seul long morceau.<\/p>","protected":false},"excerpt":{"rendered":"<p>Doux l\u00e0 o\u00f9 vous le souhaitez, r\u00e9sistant l\u00e0 o\u00f9 vous en avez besoin. Ce tissu en lin et coton est un tissu naturel et pur. Sans produits chimiques, non teint et sans agent blanchissant. Fabriqu\u00e9 simplement, con\u00e7u pour durer, il est parfait pour les taies d'oreiller, les parures de lit, les housses de couette et les articles pour b\u00e9b\u00e9s.<\/p>\n<div class=\"global-icon-set\">\n<div class=\"global-icon-set__items\">\n<div class=\"global-icon-set__item\">\n<div class=\"global-icon-set__image\">\n                                    <img decoding=\"async\" src=\"https:\/\/homeofwool.com\/wp-content\/uploads\/2025\/09\/VOCs-min-300x300.png\" alt=\"vocs libre\" \/>\n                                <\/div>\n<div class=\"global-icon-set__title\">Sans COV<\/div>\n<\/p><\/div>\n<div class=\"global-icon-set__item\">\n<div class=\"global-icon-set__image\">\n                                    <img decoding=\"async\" src=\"https:\/\/homeofwool.com\/wp-content\/uploads\/2025\/09\/Hypoallergenic-min-300x300.png\" alt=\"ic\u00f4ne hypoallerg\u00e9nique\" \/>\n                                <\/div>\n<div class=\"global-icon-set__title\">Hypoallerg\u00e9nique<\/div>\n<\/p><\/div>\n<div class=\"global-icon-set__item\">\n<div class=\"global-icon-set__image\">\n                                    <img decoding=\"async\" src=\"https:\/\/homeofwool.com\/wp-content\/uploads\/2025\/09\/free-of-synthetics-icon-300x300.png\" alt=\"sans mati\u00e8res synth\u00e9tiques ic\u00f4ne\" \/>\n                                <\/div>\n<div class=\"global-icon-set__title\">Sans mati\u00e8res synth\u00e9tiques<\/div>\n<\/p><\/div>\n<div class=\"global-icon-set__item\">\n<div class=\"global-icon-set__image\">\n                                    <img decoding=\"async\" src=\"https:\/\/homeofwool.com\/wp-content\/uploads\/2025\/09\/chemical-free-icon-300x300.png\" alt=\"ic\u00f4ne de l&#039;absence de produits chimiques\" \/>\n                                <\/div>\n<div class=\"global-icon-set__title\">Sans produits chimiques<\/div>\n<\/p><\/div>\n<\/p><\/div>\n<\/p><\/div>","protected":false},"featured_media":228866,"template":"","meta":{"_acf_changed":false},"product_brand":[],"product_cat":[25],"product_tag":[83,84,85,86,87,88,89,90,91,92,93,94,95],"class_list":{"0":"post-217502","1":"product","2":"type-product","3":"status-publish","4":"has-post-thumbnail","6":"product_cat-wool-fabrics-batting","7":"product_tag-cotton-fabric","8":"product_tag-cotton-linen-blend-fabric","9":"product_tag-craft-supplies","10":"product_tag-eco-friendly-textile","11":"product_tag-flax-linen-fabric","12":"product_tag-flax-linen-fabric-by-the-yard-or-meter","13":"product_tag-linen-cotton-blend-fabric","14":"product_tag-linen-fabric","15":"product_tag-natural-linen","16":"product_tag-prewashed-linen","17":"product_tag-pure-flax-linen","18":"product_tag-sewing-supply","19":"product_tag-undyed-fibers","21":"first","22":"instock","23":"shipping-taxable","24":"purchasable","25":"product-type-variable"},"acf":[],"yoast_head":"<!-- This site is optimized with the Yoast SEO Premium plugin v27.3 (Yoast SEO v27.3) - https:\/\/yoast.com\/product\/yoast-seo-premium-wordpress\/ -->\n<title>59% Linen \/ 41% Cotton Blend Fabric \u2013 VOCs-Free | Home of Wool<\/title>\n<meta name=\"description\" content=\"The 59% Linen \/ 41% Cotton Blend Fabric is VOCs-free, breathable, and natural. Durable and sustainable, it offers eco-friendly comfort for upholstery, cushions, and timeless home d\u00e9cor.\" \/>\n<meta name=\"robots\" content=\"index, follow, max-snippet:-1, max-image-preview:large, max-video-preview:-1\" \/>\n<link rel=\"canonical\" href=\"https:\/\/homeofwool.com\/fr\/boutique\/59-lin-41-coton-melange\/\" \/>\n<meta property=\"og:locale\" content=\"fr_FR\" \/>\n<meta property=\"og:type\" content=\"article\" \/>\n<meta property=\"og:title\" content=\"59% Linen \/ 41% Cotton Blend Fabric\" \/>\n<meta property=\"og:description\" content=\"The 59% Linen \/ 41% Cotton Blend Fabric is VOCs-free, breathable, and natural. Durable and sustainable, it offers eco-friendly comfort for upholstery, cushions, and timeless home d\u00e9cor.\" \/>\n<meta property=\"og:url\" content=\"https:\/\/homeofwool.com\/fr\/boutique\/59-lin-41-coton-melange\/\" \/>\n<meta property=\"og:site_name\" content=\"Home of Wool\" \/>\n<meta property=\"article:publisher\" content=\"https:\/\/facebook.com\/HomeOfWoolOfficial\" \/>\n<meta property=\"article:modified_time\" content=\"2026-03-13T08:10:28+00:00\" \/>\n<meta property=\"og:image\" content=\"https:\/\/homeofwool.com\/wp-content\/uploads\/2025\/09\/59linen-41cotton-fabric-main.jpg\" \/>\n\t<meta property=\"og:image:width\" content=\"2500\" \/>\n\t<meta property=\"og:image:height\" content=\"1999\" \/>\n\t<meta property=\"og:image:type\" content=\"image\/jpeg\" \/>\n<meta name=\"twitter:card\" content=\"summary_large_image\" \/>\n<meta name=\"twitter:label1\" content=\"Dur\u00e9e de lecture estim\u00e9e\" \/>\n\t<meta name=\"twitter:data1\" content=\"1 minute\" \/>\n<script type=\"application\/ld+json\" class=\"yoast-schema-graph\">{\"@context\":\"https:\\\/\\\/schema.org\",\"@graph\":[{\"@type\":\"WebPage\",\"@id\":\"https:\\\/\\\/homeofwool.com\\\/shop\\\/59-linen-41-cotton-blend-fabric\\\/\",\"url\":\"https:\\\/\\\/homeofwool.com\\\/shop\\\/59-linen-41-cotton-blend-fabric\\\/\",\"name\":\"59% Linen \\\/ 41% Cotton Blend Fabric \u2013 VOCs-Free | Home of Wool\",\"isPartOf\":{\"@id\":\"https:\\\/\\\/homeofwool.com\\\/#website\"},\"primaryImageOfPage\":{\"@id\":\"https:\\\/\\\/homeofwool.com\\\/shop\\\/59-linen-41-cotton-blend-fabric\\\/#primaryimage\"},\"image\":{\"@id\":\"https:\\\/\\\/homeofwool.com\\\/shop\\\/59-linen-41-cotton-blend-fabric\\\/#primaryimage\"},\"thumbnailUrl\":\"https:\\\/\\\/homeofwool.com\\\/wp-content\\\/uploads\\\/2025\\\/09\\\/59linen-41cotton-fabric-main.jpg\",\"datePublished\":\"2025-09-02T12:00:50+00:00\",\"dateModified\":\"2026-03-13T08:10:28+00:00\",\"description\":\"The 59% Linen \\\/ 41% Cotton Blend Fabric is VOCs-free, breathable, and natural. Durable and sustainable, it offers eco-friendly comfort for upholstery, cushions, and timeless home d\u00e9cor.\",\"breadcrumb\":{\"@id\":\"https:\\\/\\\/homeofwool.com\\\/shop\\\/59-linen-41-cotton-blend-fabric\\\/#breadcrumb\"},\"inLanguage\":\"fr-FR\",\"potentialAction\":[{\"@type\":\"ReadAction\",\"target\":[\"https:\\\/\\\/homeofwool.com\\\/shop\\\/59-linen-41-cotton-blend-fabric\\\/\"]}]},{\"@type\":\"ImageObject\",\"inLanguage\":\"fr-FR\",\"@id\":\"https:\\\/\\\/homeofwool.com\\\/shop\\\/59-linen-41-cotton-blend-fabric\\\/#primaryimage\",\"url\":\"https:\\\/\\\/homeofwool.com\\\/wp-content\\\/uploads\\\/2025\\\/09\\\/59linen-41cotton-fabric-main.jpg\",\"contentUrl\":\"https:\\\/\\\/homeofwool.com\\\/wp-content\\\/uploads\\\/2025\\\/09\\\/59linen-41cotton-fabric-main.jpg\",\"width\":2500,\"height\":1999,\"caption\":\"59%linen \\\/ 41% cotton fabric close up\"},{\"@type\":\"BreadcrumbList\",\"@id\":\"https:\\\/\\\/homeofwool.com\\\/shop\\\/59-linen-41-cotton-blend-fabric\\\/#breadcrumb\",\"itemListElement\":[{\"@type\":\"ListItem\",\"position\":1,\"name\":\"Home\",\"item\":\"https:\\\/\\\/homeofwool.com\\\/\"},{\"@type\":\"ListItem\",\"position\":2,\"name\":\"Products\",\"item\":\"https:\\\/\\\/homeofwool.com\\\/header-search-2\\\/\"},{\"@type\":\"ListItem\",\"position\":3,\"name\":\"59% Linen \\\/ 41% Cotton Blend Fabric\"}]},{\"@type\":\"WebSite\",\"@id\":\"https:\\\/\\\/homeofwool.com\\\/#website\",\"url\":\"https:\\\/\\\/homeofwool.com\\\/\",\"name\":\"Home of Wool\",\"description\":\"\",\"publisher\":{\"@id\":\"https:\\\/\\\/homeofwool.com\\\/#organization\"},\"potentialAction\":[{\"@type\":\"SearchAction\",\"target\":{\"@type\":\"EntryPoint\",\"urlTemplate\":\"https:\\\/\\\/homeofwool.com\\\/?s={search_term_string}\"},\"query-input\":{\"@type\":\"PropertyValueSpecification\",\"valueRequired\":true,\"valueName\":\"search_term_string\"}}],\"inLanguage\":\"fr-FR\"},{\"@type\":\"Organization\",\"@id\":\"https:\\\/\\\/homeofwool.com\\\/#organization\",\"name\":\"Home of Wool\",\"url\":\"https:\\\/\\\/homeofwool.com\\\/\",\"logo\":{\"@type\":\"ImageObject\",\"inLanguage\":\"fr-FR\",\"@id\":\"https:\\\/\\\/homeofwool.com\\\/#\\\/schema\\\/logo\\\/image\\\/\",\"url\":\"https:\\\/\\\/homeofwool.com\\\/wp-content\\\/uploads\\\/2025\\\/09\\\/WhatsApp-Image-2025-12-02-at-16.23.20.jpeg\",\"contentUrl\":\"https:\\\/\\\/homeofwool.com\\\/wp-content\\\/uploads\\\/2025\\\/09\\\/WhatsApp-Image-2025-12-02-at-16.23.20.jpeg\",\"width\":700,\"height\":247,\"caption\":\"Home of Wool\"},\"image\":{\"@id\":\"https:\\\/\\\/homeofwool.com\\\/#\\\/schema\\\/logo\\\/image\\\/\"},\"sameAs\":[\"https:\\\/\\\/facebook.com\\\/HomeOfWoolOfficial\"]}]}<\/script>\n<!-- \/ Yoast SEO Premium plugin. -->","yoast_head_json":{"title":"59% Lin \/ 41% Tissu m\u00e9lang\u00e9 coton \u2013 Sans COV | Home of Wool","description":"Le tissu 59% en lin \/ 41% en coton m\u00e9lang\u00e9 est sans COV, respirant et naturel. Durable et \u00e9cologique, il offre un confort respectueux de l'environnement pour les tissus d'ameublement, les coussins et la d\u00e9coration int\u00e9rieure intemporelle.","robots":{"index":"index","follow":"follow","max-snippet":"max-snippet:-1","max-image-preview":"max-image-preview:large","max-video-preview":"max-video-preview:-1"},"canonical":"https:\/\/homeofwool.com\/fr\/boutique\/59-lin-41-coton-melange\/","og_locale":"fr_FR","og_type":"article","og_title":"59% Linen \/ 41% Cotton Blend Fabric","og_description":"The 59% Linen \/ 41% Cotton Blend Fabric is VOCs-free, breathable, and natural. Durable and sustainable, it offers eco-friendly comfort for upholstery, cushions, and timeless home d\u00e9cor.","og_url":"https:\/\/homeofwool.com\/fr\/boutique\/59-lin-41-coton-melange\/","og_site_name":"Home of Wool","article_publisher":"https:\/\/facebook.com\/HomeOfWoolOfficial","article_modified_time":"2026-03-13T08:10:28+00:00","og_image":[{"width":2500,"height":1999,"url":"https:\/\/homeofwool.com\/wp-content\/uploads\/2025\/09\/59linen-41cotton-fabric-main.jpg","type":"image\/jpeg"}],"twitter_card":"summary_large_image","twitter_misc":{"Dur\u00e9e de lecture estim\u00e9e":"1 minute"},"schema":{"@context":"https:\/\/schema.org","@graph":[{"@type":"WebPage","@id":"https:\/\/homeofwool.com\/shop\/59-linen-41-cotton-blend-fabric\/","url":"https:\/\/homeofwool.com\/shop\/59-linen-41-cotton-blend-fabric\/","name":"59% Lin \/ 41% Tissu m\u00e9lang\u00e9 coton \u2013 Sans COV | Home of Wool","isPartOf":{"@id":"https:\/\/homeofwool.com\/#website"},"primaryImageOfPage":{"@id":"https:\/\/homeofwool.com\/shop\/59-linen-41-cotton-blend-fabric\/#primaryimage"},"image":{"@id":"https:\/\/homeofwool.com\/shop\/59-linen-41-cotton-blend-fabric\/#primaryimage"},"thumbnailUrl":"https:\/\/homeofwool.com\/wp-content\/uploads\/2025\/09\/59linen-41cotton-fabric-main.jpg","datePublished":"2025-09-02T12:00:50+00:00","dateModified":"2026-03-13T08:10:28+00:00","description":"Le tissu 59% en lin \/ 41% en coton m\u00e9lang\u00e9 est sans COV, respirant et naturel. Durable et \u00e9cologique, il offre un confort respectueux de l'environnement pour les tissus d'ameublement, les coussins et la d\u00e9coration int\u00e9rieure intemporelle.","breadcrumb":{"@id":"https:\/\/homeofwool.com\/shop\/59-linen-41-cotton-blend-fabric\/#breadcrumb"},"inLanguage":"fr-FR","potentialAction":[{"@type":"ReadAction","target":["https:\/\/homeofwool.com\/shop\/59-linen-41-cotton-blend-fabric\/"]}]},{"@type":"ImageObject","inLanguage":"fr-FR","@id":"https:\/\/homeofwool.com\/shop\/59-linen-41-cotton-blend-fabric\/#primaryimage","url":"https:\/\/homeofwool.com\/wp-content\/uploads\/2025\/09\/59linen-41cotton-fabric-main.jpg","contentUrl":"https:\/\/homeofwool.com\/wp-content\/uploads\/2025\/09\/59linen-41cotton-fabric-main.jpg","width":2500,"height":1999,"caption":"59%linen \/ 41% cotton fabric close up"},{"@type":"BreadcrumbList","@id":"https:\/\/homeofwool.com\/shop\/59-linen-41-cotton-blend-fabric\/#breadcrumb","itemListElement":[{"@type":"ListItem","position":1,"name":"Home","item":"https:\/\/homeofwool.com\/"},{"@type":"ListItem","position":2,"name":"Products","item":"https:\/\/homeofwool.com\/header-search-2\/"},{"@type":"ListItem","position":3,"name":"59% Linen \/ 41% Cotton Blend Fabric"}]},{"@type":"WebSite","@id":"https:\/\/homeofwool.com\/#website","url":"https:\/\/homeofwool.com\/","name":"La maison de la laine","description":"","publisher":{"@id":"https:\/\/homeofwool.com\/#organization"},"potentialAction":[{"@type":"SearchAction","target":{"@type":"EntryPoint","urlTemplate":"https:\/\/homeofwool.com\/?s={search_term_string}"},"query-input":{"@type":"PropertyValueSpecification","valueRequired":true,"valueName":"search_term_string"}}],"inLanguage":"fr-FR"},{"@type":"Organization","@id":"https:\/\/homeofwool.com\/#organization","name":"La maison de la laine","url":"https:\/\/homeofwool.com\/","logo":{"@type":"ImageObject","inLanguage":"fr-FR","@id":"https:\/\/homeofwool.com\/#\/schema\/logo\/image\/","url":"https:\/\/homeofwool.com\/wp-content\/uploads\/2025\/09\/WhatsApp-Image-2025-12-02-at-16.23.20.jpeg","contentUrl":"https:\/\/homeofwool.com\/wp-content\/uploads\/2025\/09\/WhatsApp-Image-2025-12-02-at-16.23.20.jpeg","width":700,"height":247,"caption":"Home of Wool"},"image":{"@id":"https:\/\/homeofwool.com\/#\/schema\/logo\/image\/"},"sameAs":["https:\/\/facebook.com\/HomeOfWoolOfficial"]}]}},"_links":{"self":[{"href":"https:\/\/homeofwool.com\/fr\/wp-json\/wp\/v2\/product\/217502","targetHints":{"allow":["GET"]}}],"collection":[{"href":"https:\/\/homeofwool.com\/fr\/wp-json\/wp\/v2\/product"}],"about":[{"href":"https:\/\/homeofwool.com\/fr\/wp-json\/wp\/v2\/types\/product"}],"version-history":[{"count":1,"href":"https:\/\/homeofwool.com\/fr\/wp-json\/wp\/v2\/product\/217502\/revisions"}],"predecessor-version":[{"id":227222,"href":"https:\/\/homeofwool.com\/fr\/wp-json\/wp\/v2\/product\/217502\/revisions\/227222"}],"wp:featuredmedia":[{"embeddable":true,"href":"https:\/\/homeofwool.com\/fr\/wp-json\/wp\/v2\/media\/228866"}],"wp:attachment":[{"href":"https:\/\/homeofwool.com\/fr\/wp-json\/wp\/v2\/media?parent=217502"}],"wp:term":[{"taxonomy":"product_brand","embeddable":true,"href":"https:\/\/homeofwool.com\/fr\/wp-json\/wp\/v2\/product_brand?post=217502"},{"taxonomy":"product_cat","embeddable":true,"href":"https:\/\/homeofwool.com\/fr\/wp-json\/wp\/v2\/product_cat?post=217502"},{"taxonomy":"product_tag","embeddable":true,"href":"https:\/\/homeofwool.com\/fr\/wp-json\/wp\/v2\/product_tag?post=217502"}],"curies":[{"name":"wp","href":"https:\/\/api.w.org\/{rel}","templated":true}]}}