{"id":217497,"date":"2025-09-02T12:00:50","date_gmt":"2025-09-02T12:00:50","guid":{"rendered":"https:\/\/homeofwool.com\/?post_type=product&#038;p=217497"},"modified":"2026-02-17T10:35:22","modified_gmt":"2026-02-17T10:35:22","slug":"couverture-epaisse-en-laine-merinos","status":"publish","type":"product","link":"https:\/\/homeofwool.com\/fr\/shop\/heavy-merino-wool-blanket\/","title":{"rendered":"Couverture en laine m\u00e9rinos \u00e9paisse"},"content":{"rendered":"<p>La plupart des gens sont surpris lorsqu'ils touchent la laine m\u00e9rinos pour la premi\u00e8re fois. Elle est plus douce qu'ils ne l'imaginaient. C'est l\u00e0 toute la magie du m\u00e9rinos. Ses fibres sont plus fines, ce qui rend cette couverture en m\u00e9rinos douce et agr\u00e9able au toucher, m\u00eame \u00e0 m\u00eame la peau.<\/p>\n<p>Nous la qualifions de \u201c lourde \u201d car elle a un poids id\u00e9al. Elle n'est pas encombrante, juste stable. Vous ressentez une sensation de calme lorsque vous vous enveloppez dedans. C'est une couverture en laine chaude mais respirante, vous ne vous sentez donc jamais \u00e9touff\u00e9 dessous.<\/p>\n<p>Il s'agit d'une couverture en pure laine sans aucun additif. Sans colorants. Sans rev\u00eatements. Une couverture v\u00e9ritablement sans produits chimiques qui convient parfaitement aux personnes sensibles. Beaucoup l'utilisent comme couverture adapt\u00e9e aux personnes souffrant de MCS (syndrome de sensibilit\u00e9 chimique multiple) ou de sensibilit\u00e9 aux produits chimiques, car elle est s\u00fbre, naturelle et propre.<\/p>\n<p>C'est \u00e9galement une couverture hypoallerg\u00e9nique. La laine r\u00e9siste naturellement aux acariens et \u00e0 la moisissure, ce qui permet de garder votre espace frais sans aucun traitement. Et avec le temps... elle s'assouplit encore plus. C'est le genre de couverture confortable qui vous procure une sensation de bien-\u00eatre. Fabriqu\u00e9e dans le respect de l'environnement, intemporelle et discr\u00e8te. Une couverture en laine de luxe que vous aurez envie de garder pour toujours.<\/p>\n<p><strong>TAILLE :\u00a0<\/strong>195 \u00d7 210 cm<br \/>\n<strong>POIDS :<\/strong>\u00a07,5 lb \/ 3,4 kg<\/p>","protected":false},"excerpt":{"rendered":"<p>La couverture en laine m\u00e9rinos \u00e9paisse procure une sensation de calme et de stabilit\u00e9. Fabriqu\u00e9e \u00e0 partir de pure laine m\u00e9rinos, elle est plus douce que la laine ordinaire et offre cette chaleur discr\u00e8te que tout le monde recherche. Une couverture en fibres naturelles simple, respirante et con\u00e7ue pour durer.<\/p>\n<p>&nbsp;<\/p>\n<div class=\"global-icon-set\">\n<div class=\"global-icon-set__items\">\n<div class=\"global-icon-set__item\">\n<div class=\"global-icon-set__image\">\n                                    <img decoding=\"async\" src=\"https:\/\/homeofwool.com\/wp-content\/uploads\/2025\/09\/VOCs-min-300x300.png\" alt=\"vocs libre\" \/>\n                                <\/div>\n<div class=\"global-icon-set__title\">Sans COV<\/div>\n<\/p><\/div>\n<div class=\"global-icon-set__item\">\n<div class=\"global-icon-set__image\">\n                                    <img decoding=\"async\" src=\"https:\/\/homeofwool.com\/wp-content\/uploads\/2025\/09\/FR-min-300x300.png\" alt=\"ic\u00f4ne de r\u00e9sistance au feu\" \/>\n                                <\/div>\n<div class=\"global-icon-set__title\">R\u00e9sistant \u00e0 la flamme<\/div>\n<\/p><\/div>\n<div class=\"global-icon-set__item\">\n<div class=\"global-icon-set__image\">\n                                    <img decoding=\"async\" src=\"https:\/\/homeofwool.com\/wp-content\/uploads\/2025\/09\/Hypoallergenic-min-300x300.png\" alt=\"ic\u00f4ne hypoallerg\u00e9nique\" \/>\n                                <\/div>\n<div class=\"global-icon-set__title\">Hypoallerg\u00e9nique<\/div>\n<\/p><\/div>\n<div class=\"global-icon-set__item\">\n<div class=\"global-icon-set__image\">\n                                    <img decoding=\"async\" src=\"https:\/\/homeofwool.com\/wp-content\/uploads\/2025\/09\/free-of-synthetics-icon-300x300.png\" alt=\"sans mati\u00e8res synth\u00e9tiques ic\u00f4ne\" \/>\n                                <\/div>\n<div class=\"global-icon-set__title\">Sans mati\u00e8res synth\u00e9tiques<\/div>\n<\/p><\/div>\n<div class=\"global-icon-set__item\">\n<div class=\"global-icon-set__image\">\n                                    <img decoding=\"async\" src=\"https:\/\/homeofwool.com\/wp-content\/uploads\/2025\/09\/chemical-free-icon-300x300.png\" alt=\"ic\u00f4ne de l&#039;absence de produits chimiques\" \/>\n                                <\/div>\n<div class=\"global-icon-set__title\">Sans produits chimiques<\/div>\n<\/p><\/div>\n<div class=\"global-icon-set__item\">\n<div class=\"global-icon-set__image\">\n                                    <img decoding=\"async\" src=\"https:\/\/homeofwool.com\/wp-content\/uploads\/2025\/09\/anti-bacterial-icon-300x300.png\" alt=\"ic\u00f4ne anti-bact\u00e9rien\" \/>\n                                <\/div>\n<div class=\"global-icon-set__title\">Anti-microbien et anti-bact\u00e9rien<\/div>\n<\/p><\/div>\n<div class=\"global-icon-set__item\">\n<div class=\"global-icon-set__image\">\n                                    <img decoding=\"async\" src=\"https:\/\/homeofwool.com\/wp-content\/uploads\/2025\/09\/certified-materials-icon-300x300.png\" alt=\"ic\u00f4ne des mat\u00e9riaux certifi\u00e9s\" \/>\n                                <\/div>\n<div class=\"global-icon-set__title\">100% Mat\u00e9riaux certifi\u00e9s purs<\/div>\n<\/p><\/div>\n<\/p><\/div>\n<\/p><\/div>","protected":false},"featured_media":221183,"template":"","meta":{"_acf_changed":false},"product_brand":[],"product_cat":[60],"product_tag":[61,62,63,64,65,66,67,68,69,70,71],"class_list":{"0":"post-217497","1":"product","2":"type-product","3":"status-publish","4":"has-post-thumbnail","6":"product_cat-blankets-duvets","7":"product_tag-all-natural-wool-blankets","8":"product_tag-chemical-free-wool-blanket","9":"product_tag-handmade-blanket","10":"product_tag-heavyweight-wool-blanket","11":"product_tag-large-wool-blanket","12":"product_tag-organic-wool-blanket","13":"product_tag-pure-wool-blanket","14":"product_tag-throws-for-beds","15":"product_tag-travel-blanket","16":"product_tag-washable-wool-blanket","17":"product_tag-wool-blanket-camping","19":"first","20":"instock","21":"shipping-taxable","22":"purchasable","23":"product-type-variable"},"acf":[],"yoast_head":"<!-- This site is optimized with the Yoast SEO Premium plugin v27.4 (Yoast SEO v27.4) - https:\/\/yoast.com\/product\/yoast-seo-premium-wordpress\/ -->\n<title>Heavy Merino Wool Blanket \u2013 Pure, All-Natural Comfort | Home of Wool<\/title>\n<meta name=\"description\" content=\"Pure and breathable, the Heavy Merino Wool Blanket offers hypoallergenic warmth. Toxin-free and sustainable, it ensures all-natural comfort for restful sleep and everyday use.\" \/>\n<meta name=\"robots\" content=\"index, follow, max-snippet:-1, max-image-preview:large, max-video-preview:-1\" \/>\n<link rel=\"canonical\" href=\"https:\/\/homeofwool.com\/fr\/boutique\/couverture-epaisse-en-laine-merinos\/\" \/>\n<meta property=\"og:locale\" content=\"fr_FR\" \/>\n<meta property=\"og:type\" content=\"article\" \/>\n<meta property=\"og:title\" content=\"Heavy Merino Wool Blanket\" \/>\n<meta property=\"og:description\" content=\"Pure and breathable, the Heavy Merino Wool Blanket offers hypoallergenic warmth. Toxin-free and sustainable, it ensures all-natural comfort for restful sleep and everyday use.\" \/>\n<meta property=\"og:url\" content=\"https:\/\/homeofwool.com\/fr\/boutique\/couverture-epaisse-en-laine-merinos\/\" \/>\n<meta property=\"og:site_name\" content=\"Home of Wool\" \/>\n<meta property=\"article:publisher\" content=\"https:\/\/facebook.com\/HomeOfWoolOfficial\" \/>\n<meta property=\"article:modified_time\" content=\"2026-02-17T10:35:22+00:00\" \/>\n<meta property=\"og:image\" content=\"https:\/\/homeofwool.com\/wp-content\/uploads\/2025\/09\/home-of-wool-heavy-merino-wool-blanket-1-main.jpg\" \/>\n\t<meta property=\"og:image:width\" content=\"1900\" \/>\n\t<meta property=\"og:image:height\" content=\"1520\" \/>\n\t<meta property=\"og:image:type\" content=\"image\/jpeg\" \/>\n<meta name=\"twitter:card\" content=\"summary_large_image\" \/>\n<meta name=\"twitter:label1\" content=\"Dur\u00e9e de lecture estim\u00e9e\" \/>\n\t<meta name=\"twitter:data1\" content=\"2 minutes\" \/>\n<script type=\"application\/ld+json\" class=\"yoast-schema-graph\">{\"@context\":\"https:\\\/\\\/schema.org\",\"@graph\":[{\"@type\":\"WebPage\",\"@id\":\"https:\\\/\\\/homeofwool.com\\\/shop\\\/heavy-merino-wool-blanket\\\/\",\"url\":\"https:\\\/\\\/homeofwool.com\\\/shop\\\/heavy-merino-wool-blanket\\\/\",\"name\":\"Heavy Merino Wool Blanket \u2013 Pure, All-Natural Comfort | Home of Wool\",\"isPartOf\":{\"@id\":\"https:\\\/\\\/homeofwool.com\\\/#website\"},\"primaryImageOfPage\":{\"@id\":\"https:\\\/\\\/homeofwool.com\\\/shop\\\/heavy-merino-wool-blanket\\\/#primaryimage\"},\"image\":{\"@id\":\"https:\\\/\\\/homeofwool.com\\\/shop\\\/heavy-merino-wool-blanket\\\/#primaryimage\"},\"thumbnailUrl\":\"https:\\\/\\\/homeofwool.com\\\/wp-content\\\/uploads\\\/2025\\\/09\\\/home-of-wool-heavy-merino-wool-blanket-1-main.jpg\",\"datePublished\":\"2025-09-02T12:00:50+00:00\",\"dateModified\":\"2026-02-17T10:35:22+00:00\",\"description\":\"Pure and breathable, the Heavy Merino Wool Blanket offers hypoallergenic warmth. Toxin-free and sustainable, it ensures all-natural comfort for restful sleep and everyday use.\",\"breadcrumb\":{\"@id\":\"https:\\\/\\\/homeofwool.com\\\/shop\\\/heavy-merino-wool-blanket\\\/#breadcrumb\"},\"inLanguage\":\"fr-FR\",\"potentialAction\":[{\"@type\":\"ReadAction\",\"target\":[\"https:\\\/\\\/homeofwool.com\\\/shop\\\/heavy-merino-wool-blanket\\\/\"]}]},{\"@type\":\"ImageObject\",\"inLanguage\":\"fr-FR\",\"@id\":\"https:\\\/\\\/homeofwool.com\\\/shop\\\/heavy-merino-wool-blanket\\\/#primaryimage\",\"url\":\"https:\\\/\\\/homeofwool.com\\\/wp-content\\\/uploads\\\/2025\\\/09\\\/home-of-wool-heavy-merino-wool-blanket-1-main.jpg\",\"contentUrl\":\"https:\\\/\\\/homeofwool.com\\\/wp-content\\\/uploads\\\/2025\\\/09\\\/home-of-wool-heavy-merino-wool-blanket-1-main.jpg\",\"width\":1900,\"height\":1520,\"caption\":\"heavy merino wool blanket corner showing finges\"},{\"@type\":\"BreadcrumbList\",\"@id\":\"https:\\\/\\\/homeofwool.com\\\/shop\\\/heavy-merino-wool-blanket\\\/#breadcrumb\",\"itemListElement\":[{\"@type\":\"ListItem\",\"position\":1,\"name\":\"Home\",\"item\":\"https:\\\/\\\/homeofwool.com\\\/\"},{\"@type\":\"ListItem\",\"position\":2,\"name\":\"Products\",\"item\":\"https:\\\/\\\/homeofwool.com\\\/header-search-2\\\/\"},{\"@type\":\"ListItem\",\"position\":3,\"name\":\"Heavy Merino Wool Blanket\"}]},{\"@type\":\"WebSite\",\"@id\":\"https:\\\/\\\/homeofwool.com\\\/#website\",\"url\":\"https:\\\/\\\/homeofwool.com\\\/\",\"name\":\"Home of Wool\",\"description\":\"\",\"publisher\":{\"@id\":\"https:\\\/\\\/homeofwool.com\\\/#organization\"},\"potentialAction\":[{\"@type\":\"SearchAction\",\"target\":{\"@type\":\"EntryPoint\",\"urlTemplate\":\"https:\\\/\\\/homeofwool.com\\\/?s={search_term_string}\"},\"query-input\":{\"@type\":\"PropertyValueSpecification\",\"valueRequired\":true,\"valueName\":\"search_term_string\"}}],\"inLanguage\":\"fr-FR\"},{\"@type\":\"Organization\",\"@id\":\"https:\\\/\\\/homeofwool.com\\\/#organization\",\"name\":\"Home of Wool\",\"url\":\"https:\\\/\\\/homeofwool.com\\\/\",\"logo\":{\"@type\":\"ImageObject\",\"inLanguage\":\"fr-FR\",\"@id\":\"https:\\\/\\\/homeofwool.com\\\/#\\\/schema\\\/logo\\\/image\\\/\",\"url\":\"https:\\\/\\\/homeofwool.com\\\/wp-content\\\/uploads\\\/2025\\\/09\\\/WhatsApp-Image-2025-12-02-at-16.23.20.jpeg\",\"contentUrl\":\"https:\\\/\\\/homeofwool.com\\\/wp-content\\\/uploads\\\/2025\\\/09\\\/WhatsApp-Image-2025-12-02-at-16.23.20.jpeg\",\"width\":700,\"height\":247,\"caption\":\"Home of Wool\"},\"image\":{\"@id\":\"https:\\\/\\\/homeofwool.com\\\/#\\\/schema\\\/logo\\\/image\\\/\"},\"sameAs\":[\"https:\\\/\\\/facebook.com\\\/HomeOfWoolOfficial\"]}]}<\/script>\n<!-- \/ Yoast SEO Premium plugin. -->","yoast_head_json":{"title":"Couverture \u00e9paisse en laine m\u00e9rinos \u2013 Confort pur et enti\u00e8rement naturel | Home of Wool","description":"Pure et respirante, la couverture en laine m\u00e9rinos \u00e9paisse offre une chaleur hypoallerg\u00e9nique. Sans toxines et durable, elle garantit un confort enti\u00e8rement naturel pour un sommeil r\u00e9parateur et une utilisation quotidienne.","robots":{"index":"index","follow":"follow","max-snippet":"max-snippet:-1","max-image-preview":"max-image-preview:large","max-video-preview":"max-video-preview:-1"},"canonical":"https:\/\/homeofwool.com\/fr\/boutique\/couverture-epaisse-en-laine-merinos\/","og_locale":"fr_FR","og_type":"article","og_title":"Heavy Merino Wool Blanket","og_description":"Pure and breathable, the Heavy Merino Wool Blanket offers hypoallergenic warmth. Toxin-free and sustainable, it ensures all-natural comfort for restful sleep and everyday use.","og_url":"https:\/\/homeofwool.com\/fr\/boutique\/couverture-epaisse-en-laine-merinos\/","og_site_name":"Home of Wool","article_publisher":"https:\/\/facebook.com\/HomeOfWoolOfficial","article_modified_time":"2026-02-17T10:35:22+00:00","og_image":[{"width":1900,"height":1520,"url":"https:\/\/homeofwool.com\/wp-content\/uploads\/2025\/09\/home-of-wool-heavy-merino-wool-blanket-1-main.jpg","type":"image\/jpeg"}],"twitter_card":"summary_large_image","twitter_misc":{"Dur\u00e9e de lecture estim\u00e9e":"2 minutes"},"schema":{"@context":"https:\/\/schema.org","@graph":[{"@type":"WebPage","@id":"https:\/\/homeofwool.com\/shop\/heavy-merino-wool-blanket\/","url":"https:\/\/homeofwool.com\/shop\/heavy-merino-wool-blanket\/","name":"Couverture \u00e9paisse en laine m\u00e9rinos \u2013 Confort pur et enti\u00e8rement naturel | Home of Wool","isPartOf":{"@id":"https:\/\/homeofwool.com\/#website"},"primaryImageOfPage":{"@id":"https:\/\/homeofwool.com\/shop\/heavy-merino-wool-blanket\/#primaryimage"},"image":{"@id":"https:\/\/homeofwool.com\/shop\/heavy-merino-wool-blanket\/#primaryimage"},"thumbnailUrl":"https:\/\/homeofwool.com\/wp-content\/uploads\/2025\/09\/home-of-wool-heavy-merino-wool-blanket-1-main.jpg","datePublished":"2025-09-02T12:00:50+00:00","dateModified":"2026-02-17T10:35:22+00:00","description":"Pure et respirante, la couverture en laine m\u00e9rinos \u00e9paisse offre une chaleur hypoallerg\u00e9nique. Sans toxines et durable, elle garantit un confort enti\u00e8rement naturel pour un sommeil r\u00e9parateur et une utilisation quotidienne.","breadcrumb":{"@id":"https:\/\/homeofwool.com\/shop\/heavy-merino-wool-blanket\/#breadcrumb"},"inLanguage":"fr-FR","potentialAction":[{"@type":"ReadAction","target":["https:\/\/homeofwool.com\/shop\/heavy-merino-wool-blanket\/"]}]},{"@type":"ImageObject","inLanguage":"fr-FR","@id":"https:\/\/homeofwool.com\/shop\/heavy-merino-wool-blanket\/#primaryimage","url":"https:\/\/homeofwool.com\/wp-content\/uploads\/2025\/09\/home-of-wool-heavy-merino-wool-blanket-1-main.jpg","contentUrl":"https:\/\/homeofwool.com\/wp-content\/uploads\/2025\/09\/home-of-wool-heavy-merino-wool-blanket-1-main.jpg","width":1900,"height":1520,"caption":"heavy merino wool blanket corner showing finges"},{"@type":"BreadcrumbList","@id":"https:\/\/homeofwool.com\/shop\/heavy-merino-wool-blanket\/#breadcrumb","itemListElement":[{"@type":"ListItem","position":1,"name":"Home","item":"https:\/\/homeofwool.com\/"},{"@type":"ListItem","position":2,"name":"Products","item":"https:\/\/homeofwool.com\/header-search-2\/"},{"@type":"ListItem","position":3,"name":"Heavy Merino Wool Blanket"}]},{"@type":"WebSite","@id":"https:\/\/homeofwool.com\/#website","url":"https:\/\/homeofwool.com\/","name":"La maison de la laine","description":"","publisher":{"@id":"https:\/\/homeofwool.com\/#organization"},"potentialAction":[{"@type":"SearchAction","target":{"@type":"EntryPoint","urlTemplate":"https:\/\/homeofwool.com\/?s={search_term_string}"},"query-input":{"@type":"PropertyValueSpecification","valueRequired":true,"valueName":"search_term_string"}}],"inLanguage":"fr-FR"},{"@type":"Organization","@id":"https:\/\/homeofwool.com\/#organization","name":"La maison de la laine","url":"https:\/\/homeofwool.com\/","logo":{"@type":"ImageObject","inLanguage":"fr-FR","@id":"https:\/\/homeofwool.com\/#\/schema\/logo\/image\/","url":"https:\/\/homeofwool.com\/wp-content\/uploads\/2025\/09\/WhatsApp-Image-2025-12-02-at-16.23.20.jpeg","contentUrl":"https:\/\/homeofwool.com\/wp-content\/uploads\/2025\/09\/WhatsApp-Image-2025-12-02-at-16.23.20.jpeg","width":700,"height":247,"caption":"Home of Wool"},"image":{"@id":"https:\/\/homeofwool.com\/#\/schema\/logo\/image\/"},"sameAs":["https:\/\/facebook.com\/HomeOfWoolOfficial"]}]}},"_links":{"self":[{"href":"https:\/\/homeofwool.com\/fr\/wp-json\/wp\/v2\/product\/217497","targetHints":{"allow":["GET"]}}],"collection":[{"href":"https:\/\/homeofwool.com\/fr\/wp-json\/wp\/v2\/product"}],"about":[{"href":"https:\/\/homeofwool.com\/fr\/wp-json\/wp\/v2\/types\/product"}],"version-history":[{"count":2,"href":"https:\/\/homeofwool.com\/fr\/wp-json\/wp\/v2\/product\/217497\/revisions"}],"predecessor-version":[{"id":227675,"href":"https:\/\/homeofwool.com\/fr\/wp-json\/wp\/v2\/product\/217497\/revisions\/227675"}],"wp:featuredmedia":[{"embeddable":true,"href":"https:\/\/homeofwool.com\/fr\/wp-json\/wp\/v2\/media\/221183"}],"wp:attachment":[{"href":"https:\/\/homeofwool.com\/fr\/wp-json\/wp\/v2\/media?parent=217497"}],"wp:term":[{"taxonomy":"product_brand","embeddable":true,"href":"https:\/\/homeofwool.com\/fr\/wp-json\/wp\/v2\/product_brand?post=217497"},{"taxonomy":"product_cat","embeddable":true,"href":"https:\/\/homeofwool.com\/fr\/wp-json\/wp\/v2\/product_cat?post=217497"},{"taxonomy":"product_tag","embeddable":true,"href":"https:\/\/homeofwool.com\/fr\/wp-json\/wp\/v2\/product_tag?post=217497"}],"curies":[{"name":"wp","href":"https:\/\/api.w.org\/{rel}","templated":true}]}}