{"id":217495,"date":"2025-09-02T12:00:50","date_gmt":"2025-09-02T12:00:50","guid":{"rendered":"https:\/\/homeofwool.com\/?post_type=product&#038;p=217495"},"modified":"2026-01-29T10:56:32","modified_gmt":"2026-01-29T10:56:32","slug":"coussin-de-canape-en-palette","status":"publish","type":"product","link":"https:\/\/homeofwool.com\/fr\/shop\/pallet-couch-cushion\/","title":{"rendered":"Canap\u00e9 sans cadre avec housses amovibles"},"content":{"rendered":"<p>Le canap\u00e9 sans cadre Home of Wool avec housses amovibles est con\u00e7u pour ceux qui appr\u00e9cient un mode de vie sain, les mat\u00e9riaux naturels et un style intemporel. \u00c0 l'int\u00e9rieur se trouvent deux g\u00e9n\u00e9reux inserts en laine, empil\u00e9s pour plus de confort et maintenus en place par une housse naturelle respirante. Le r\u00e9sultat est un coussin de canap\u00e9 en laine \u00e0 la fois moelleux et a\u00e9r\u00e9 qui r\u00e9gule la temp\u00e9rature et r\u00e9siste \u00e0 l'humidit\u00e9 pour une sensation de fra\u00eecheur. Naturellement hypoallerg\u00e9nique, il est id\u00e9al pour les personnes sensibles \u00e0 la poussi\u00e8re ou aux produits chimiques.<\/p>\n<p>Ce canap\u00e9 pr\u00e9sente une surface lisse et non capitonn\u00e9e pour un look contemporain, associ\u00e9e \u00e0 la flexibilit\u00e9 des coussins modulaires qui peuvent \u00eatre dispos\u00e9s et personnalis\u00e9s pour s'adapter \u00e0 n'importe quelle pi\u00e8ce. Vous pouvez choisir parmi nos tissus naturels ou apporter les v\u00f4tres pour obtenir un coussin enti\u00e8rement personnalis\u00e9. Nos housses durables sont enti\u00e8rement amovibles et lavables en machine, vous offrant ainsi un coussin facile d'entretien sans sacrifier l'\u00e9l\u00e9gance.<\/p>\n<p>Vous pouvez ouvrir les fermetures \u00e9clair cach\u00e9es pour ajuster le rembourrage si n\u00e9cessaire. Parce que nous voulons qu'il dure longtemps, nous avons ajout\u00e9 un kit de r\u00e9paration simple pour faciliter l'entretien, au cas o\u00f9. Chaque coussin d'assise en laine est fabriqu\u00e9 \u00e0 partir de fibres biod\u00e9gradables et renouvelables, garantissant que ce coussin de canap\u00e9 sans cadre est aussi respectueux de la plan\u00e8te que de votre sant\u00e9. C'est un canap\u00e9 con\u00e7u pour \u00eatre utilis\u00e9 et appr\u00e9ci\u00e9 pendant des ann\u00e9es. Si vous souhaitez le rendre encore plus sp\u00e9cial, vous pouvez l'associer \u00e0 <a href=\"https:\/\/homeofwool.com\/fr\/boutique\/coussin-triangulaire-pour-tete-de-lit\/\" target=\"_blank\" rel=\"noopener\">coussins de dossier rembourr\u00e9s de laine sur mesure<\/a>.<\/p>","protected":false},"excerpt":{"rendered":"<p>Un canap\u00e9 con\u00e7u pour la vie r\u00e9elle ! Doux, naturel et facile d'entretien. Un look \u00e9pur\u00e9 qui s'adapte \u00e0 toutes les pi\u00e8ces. Fabriqu\u00e9 avec des coussins en mat\u00e9riaux naturels et une housse enti\u00e8rement lavable, il allie savoir-faire artisanal et fonctionnalit\u00e9 au quotidien. Son design minimaliste avec des coussins sur mesure s'int\u00e8gre \u00e0 merveille dans un salon, un coin lecture confortable ou m\u00eame une salle de jeux pour enfants o\u00f9 il est important de disposer de si\u00e8ges doux et s\u00fbrs.<\/p>\n<p><strong>TAILLE<\/strong>: 80 x 120 x 27 cm (31,5 x 47,2 x 10,5 pouces)<\/p>\n<p>* Coussins de dossier <span style=\"text-decoration: underline;\">non inclus<\/span>.<\/p>\n<div class=\"global-icon-set\">\n<div class=\"global-icon-set__items\">\n<div class=\"global-icon-set__item\">\n<div class=\"global-icon-set__image\">\n                                    <img decoding=\"async\" src=\"https:\/\/homeofwool.com\/wp-content\/uploads\/2025\/09\/handmade-icon-300x300.png\" alt=\"ic\u00f4ne artisanale\" \/>\n                                <\/div>\n<div class=\"global-icon-set__title\">Fait \u00e0 la main<\/div>\n<\/p><\/div>\n<div class=\"global-icon-set__item\">\n<div class=\"global-icon-set__image\">\n                                    <img decoding=\"async\" src=\"https:\/\/homeofwool.com\/wp-content\/uploads\/2025\/09\/Isolates-Motion-Transfer-min-300x300.png\" alt=\"isole le transfert de mouvement\" \/>\n                                <\/div>\n<div class=\"global-icon-set__title\">Isolation du transfert de mouvement<\/div>\n<\/p><\/div>\n<div class=\"global-icon-set__item\">\n<div class=\"global-icon-set__image\">\n                                    <img decoding=\"async\" src=\"https:\/\/homeofwool.com\/wp-content\/uploads\/2025\/09\/VOCs-min-300x300.png\" alt=\"vocs libre\" \/>\n                                <\/div>\n<div class=\"global-icon-set__title\">Sans COV<\/div>\n<\/p><\/div>\n<div class=\"global-icon-set__item\">\n<div class=\"global-icon-set__image\">\n                                    <img decoding=\"async\" src=\"https:\/\/homeofwool.com\/wp-content\/uploads\/2025\/09\/FR-min-300x300.png\" alt=\"ic\u00f4ne de r\u00e9sistance au feu\" \/>\n                                <\/div>\n<div class=\"global-icon-set__title\">R\u00e9sistant \u00e0 la flamme<\/div>\n<\/p><\/div>\n<div class=\"global-icon-set__item\">\n<div class=\"global-icon-set__image\">\n                                    <img decoding=\"async\" src=\"https:\/\/homeofwool.com\/wp-content\/uploads\/2025\/09\/Hypoallergenic-min-300x300.png\" alt=\"ic\u00f4ne hypoallerg\u00e9nique\" \/>\n                                <\/div>\n<div class=\"global-icon-set__title\">Hypoallerg\u00e9nique<\/div>\n<\/p><\/div>\n<div class=\"global-icon-set__item\">\n<div class=\"global-icon-set__image\">\n                                    <img decoding=\"async\" src=\"https:\/\/homeofwool.com\/wp-content\/uploads\/2025\/09\/free-of-synthetics-icon-300x300.png\" alt=\"sans mati\u00e8res synth\u00e9tiques ic\u00f4ne\" \/>\n                                <\/div>\n<div class=\"global-icon-set__title\">Sans mati\u00e8res synth\u00e9tiques<\/div>\n<\/p><\/div>\n<div class=\"global-icon-set__item\">\n<div class=\"global-icon-set__image\">\n                                    <img decoding=\"async\" src=\"https:\/\/homeofwool.com\/wp-content\/uploads\/2025\/09\/chemical-free-icon-300x300.png\" alt=\"ic\u00f4ne de l&#039;absence de produits chimiques\" \/>\n                                <\/div>\n<div class=\"global-icon-set__title\">Sans produits chimiques<\/div>\n<\/p><\/div>\n<div class=\"global-icon-set__item\">\n<div class=\"global-icon-set__image\">\n                                    <img decoding=\"async\" src=\"https:\/\/homeofwool.com\/wp-content\/uploads\/2025\/09\/anti-bacterial-icon-300x300.png\" alt=\"ic\u00f4ne anti-bact\u00e9rien\" \/>\n                                <\/div>\n<div class=\"global-icon-set__title\">Anti-microbien et anti-bact\u00e9rien<\/div>\n<\/p><\/div>\n<div class=\"global-icon-set__item\">\n<div class=\"global-icon-set__image\">\n                                    <img decoding=\"async\" src=\"https:\/\/homeofwool.com\/wp-content\/uploads\/2025\/09\/certified-materials-icon-300x300.png\" alt=\"ic\u00f4ne des mat\u00e9riaux certifi\u00e9s\" \/>\n                                <\/div>\n<div class=\"global-icon-set__title\">100% Mat\u00e9riaux certifi\u00e9s purs<\/div>\n<\/p><\/div>\n<\/p><\/div>\n<\/p><\/div>","protected":false},"featured_media":219385,"template":"","meta":{"_acf_changed":false},"product_brand":[],"product_cat":[30],"product_tag":[204,205,206,207,208,209,210],"class_list":{"0":"post-217495","1":"product","2":"type-product","3":"status-publish","4":"has-post-thumbnail","6":"product_cat-cushions","7":"product_tag-diy-pallet-sofa","8":"product_tag-frameless-couch","9":"product_tag-indoor-pallet-couch","10":"product_tag-pallet-couch","11":"product_tag-pallet-couch-cushions","12":"product_tag-pallet-seating-cushions","13":"product_tag-pallet-sofa","15":"first","16":"instock","17":"shipping-taxable","18":"purchasable","19":"product-type-variable"},"acf":[],"yoast_head":"<!-- This site is optimized with the Yoast SEO Premium plugin v27.3 (Yoast SEO v27.3) - https:\/\/yoast.com\/product\/yoast-seo-premium-wordpress\/ -->\n<title>Frameless Sofa with Removable Covers \u2013 Customize | Home of Wool<\/title>\n<meta name=\"description\" content=\"Handmade from natural fabrics, the Frameless Sofa with Removable Covers delivers breathable comfort, toxin-free living, and timeless style. Customizable and easy to care for, built to last.\" \/>\n<meta name=\"robots\" content=\"index, follow, max-snippet:-1, max-image-preview:large, max-video-preview:-1\" \/>\n<link rel=\"canonical\" href=\"https:\/\/homeofwool.com\/fr\/boutique\/coussin-de-canape-en-palette\/\" \/>\n<meta property=\"og:locale\" content=\"fr_FR\" \/>\n<meta property=\"og:type\" content=\"article\" \/>\n<meta property=\"og:title\" content=\"Frameless Sofa with Removable Covers\" \/>\n<meta property=\"og:description\" content=\"Handmade from natural fabrics, the Frameless Sofa with Removable Covers delivers breathable comfort, toxin-free living, and timeless style. Customizable and easy to care for, built to last.\" \/>\n<meta property=\"og:url\" content=\"https:\/\/homeofwool.com\/fr\/boutique\/coussin-de-canape-en-palette\/\" \/>\n<meta property=\"og:site_name\" content=\"Home of Wool\" \/>\n<meta property=\"article:publisher\" content=\"https:\/\/facebook.com\/HomeOfWoolOfficial\" \/>\n<meta property=\"article:modified_time\" content=\"2026-01-29T10:56:32+00:00\" \/>\n<meta property=\"og:image\" content=\"https:\/\/homeofwool.com\/wp-content\/uploads\/2025\/09\/home-of-wool-frameless-sofa-with-removable-covers-1-main.jpg\" \/>\n\t<meta property=\"og:image:width\" content=\"2400\" \/>\n\t<meta property=\"og:image:height\" content=\"1688\" \/>\n\t<meta property=\"og:image:type\" content=\"image\/jpeg\" \/>\n<meta name=\"twitter:card\" content=\"summary_large_image\" \/>\n<meta name=\"twitter:label1\" content=\"Dur\u00e9e de lecture estim\u00e9e\" \/>\n\t<meta name=\"twitter:data1\" content=\"2 minutes\" \/>\n<script type=\"application\/ld+json\" class=\"yoast-schema-graph\">{\"@context\":\"https:\\\/\\\/schema.org\",\"@graph\":[{\"@type\":\"WebPage\",\"@id\":\"https:\\\/\\\/homeofwool.com\\\/shop\\\/pallet-couch-cushion\\\/\",\"url\":\"https:\\\/\\\/homeofwool.com\\\/shop\\\/pallet-couch-cushion\\\/\",\"name\":\"Frameless Sofa with Removable Covers \u2013 Customize | Home of Wool\",\"isPartOf\":{\"@id\":\"https:\\\/\\\/homeofwool.com\\\/#website\"},\"primaryImageOfPage\":{\"@id\":\"https:\\\/\\\/homeofwool.com\\\/shop\\\/pallet-couch-cushion\\\/#primaryimage\"},\"image\":{\"@id\":\"https:\\\/\\\/homeofwool.com\\\/shop\\\/pallet-couch-cushion\\\/#primaryimage\"},\"thumbnailUrl\":\"https:\\\/\\\/homeofwool.com\\\/wp-content\\\/uploads\\\/2025\\\/09\\\/home-of-wool-frameless-sofa-with-removable-covers-1-main.jpg\",\"datePublished\":\"2025-09-02T12:00:50+00:00\",\"dateModified\":\"2026-01-29T10:56:32+00:00\",\"description\":\"Handmade from natural fabrics, the Frameless Sofa with Removable Covers delivers breathable comfort, toxin-free living, and timeless style. Customizable and easy to care for, built to last.\",\"breadcrumb\":{\"@id\":\"https:\\\/\\\/homeofwool.com\\\/shop\\\/pallet-couch-cushion\\\/#breadcrumb\"},\"inLanguage\":\"fr-FR\",\"potentialAction\":[{\"@type\":\"ReadAction\",\"target\":[\"https:\\\/\\\/homeofwool.com\\\/shop\\\/pallet-couch-cushion\\\/\"]}]},{\"@type\":\"ImageObject\",\"inLanguage\":\"fr-FR\",\"@id\":\"https:\\\/\\\/homeofwool.com\\\/shop\\\/pallet-couch-cushion\\\/#primaryimage\",\"url\":\"https:\\\/\\\/homeofwool.com\\\/wp-content\\\/uploads\\\/2025\\\/09\\\/home-of-wool-frameless-sofa-with-removable-covers-1-main.jpg\",\"contentUrl\":\"https:\\\/\\\/homeofwool.com\\\/wp-content\\\/uploads\\\/2025\\\/09\\\/home-of-wool-frameless-sofa-with-removable-covers-1-main.jpg\",\"width\":2400,\"height\":1688,\"caption\":\"wool frameless sofa at home\"},{\"@type\":\"BreadcrumbList\",\"@id\":\"https:\\\/\\\/homeofwool.com\\\/shop\\\/pallet-couch-cushion\\\/#breadcrumb\",\"itemListElement\":[{\"@type\":\"ListItem\",\"position\":1,\"name\":\"Home\",\"item\":\"https:\\\/\\\/homeofwool.com\\\/\"},{\"@type\":\"ListItem\",\"position\":2,\"name\":\"Products\",\"item\":\"https:\\\/\\\/homeofwool.com\\\/header-search-2\\\/\"},{\"@type\":\"ListItem\",\"position\":3,\"name\":\"Frameless Sofa with Removable Covers\"}]},{\"@type\":\"WebSite\",\"@id\":\"https:\\\/\\\/homeofwool.com\\\/#website\",\"url\":\"https:\\\/\\\/homeofwool.com\\\/\",\"name\":\"Home of Wool\",\"description\":\"\",\"publisher\":{\"@id\":\"https:\\\/\\\/homeofwool.com\\\/#organization\"},\"potentialAction\":[{\"@type\":\"SearchAction\",\"target\":{\"@type\":\"EntryPoint\",\"urlTemplate\":\"https:\\\/\\\/homeofwool.com\\\/?s={search_term_string}\"},\"query-input\":{\"@type\":\"PropertyValueSpecification\",\"valueRequired\":true,\"valueName\":\"search_term_string\"}}],\"inLanguage\":\"fr-FR\"},{\"@type\":\"Organization\",\"@id\":\"https:\\\/\\\/homeofwool.com\\\/#organization\",\"name\":\"Home of Wool\",\"url\":\"https:\\\/\\\/homeofwool.com\\\/\",\"logo\":{\"@type\":\"ImageObject\",\"inLanguage\":\"fr-FR\",\"@id\":\"https:\\\/\\\/homeofwool.com\\\/#\\\/schema\\\/logo\\\/image\\\/\",\"url\":\"https:\\\/\\\/homeofwool.com\\\/wp-content\\\/uploads\\\/2025\\\/09\\\/WhatsApp-Image-2025-12-02-at-16.23.20.jpeg\",\"contentUrl\":\"https:\\\/\\\/homeofwool.com\\\/wp-content\\\/uploads\\\/2025\\\/09\\\/WhatsApp-Image-2025-12-02-at-16.23.20.jpeg\",\"width\":700,\"height\":247,\"caption\":\"Home of Wool\"},\"image\":{\"@id\":\"https:\\\/\\\/homeofwool.com\\\/#\\\/schema\\\/logo\\\/image\\\/\"},\"sameAs\":[\"https:\\\/\\\/facebook.com\\\/HomeOfWoolOfficial\"]}]}<\/script>\n<!-- \/ Yoast SEO Premium plugin. -->","yoast_head_json":{"title":"Canap\u00e9 sans cadre avec housses amovibles \u2013 Personnalisez | Home of Wool","description":"Fabriqu\u00e9 \u00e0 la main \u00e0 partir de tissus naturels, le canap\u00e9 sans cadre avec housses amovibles offre un confort respirant, un mode de vie sans toxines et un style intemporel. Personnalisable et facile d'entretien, il est con\u00e7u pour durer.","robots":{"index":"index","follow":"follow","max-snippet":"max-snippet:-1","max-image-preview":"max-image-preview:large","max-video-preview":"max-video-preview:-1"},"canonical":"https:\/\/homeofwool.com\/fr\/boutique\/coussin-de-canape-en-palette\/","og_locale":"fr_FR","og_type":"article","og_title":"Frameless Sofa with Removable Covers","og_description":"Handmade from natural fabrics, the Frameless Sofa with Removable Covers delivers breathable comfort, toxin-free living, and timeless style. Customizable and easy to care for, built to last.","og_url":"https:\/\/homeofwool.com\/fr\/boutique\/coussin-de-canape-en-palette\/","og_site_name":"Home of Wool","article_publisher":"https:\/\/facebook.com\/HomeOfWoolOfficial","article_modified_time":"2026-01-29T10:56:32+00:00","og_image":[{"width":2400,"height":1688,"url":"https:\/\/homeofwool.com\/wp-content\/uploads\/2025\/09\/home-of-wool-frameless-sofa-with-removable-covers-1-main.jpg","type":"image\/jpeg"}],"twitter_card":"summary_large_image","twitter_misc":{"Dur\u00e9e de lecture estim\u00e9e":"2 minutes"},"schema":{"@context":"https:\/\/schema.org","@graph":[{"@type":"WebPage","@id":"https:\/\/homeofwool.com\/shop\/pallet-couch-cushion\/","url":"https:\/\/homeofwool.com\/shop\/pallet-couch-cushion\/","name":"Canap\u00e9 sans cadre avec housses amovibles \u2013 Personnalisez | Home of Wool","isPartOf":{"@id":"https:\/\/homeofwool.com\/#website"},"primaryImageOfPage":{"@id":"https:\/\/homeofwool.com\/shop\/pallet-couch-cushion\/#primaryimage"},"image":{"@id":"https:\/\/homeofwool.com\/shop\/pallet-couch-cushion\/#primaryimage"},"thumbnailUrl":"https:\/\/homeofwool.com\/wp-content\/uploads\/2025\/09\/home-of-wool-frameless-sofa-with-removable-covers-1-main.jpg","datePublished":"2025-09-02T12:00:50+00:00","dateModified":"2026-01-29T10:56:32+00:00","description":"Fabriqu\u00e9 \u00e0 la main \u00e0 partir de tissus naturels, le canap\u00e9 sans cadre avec housses amovibles offre un confort respirant, un mode de vie sans toxines et un style intemporel. Personnalisable et facile d'entretien, il est con\u00e7u pour durer.","breadcrumb":{"@id":"https:\/\/homeofwool.com\/shop\/pallet-couch-cushion\/#breadcrumb"},"inLanguage":"fr-FR","potentialAction":[{"@type":"ReadAction","target":["https:\/\/homeofwool.com\/shop\/pallet-couch-cushion\/"]}]},{"@type":"ImageObject","inLanguage":"fr-FR","@id":"https:\/\/homeofwool.com\/shop\/pallet-couch-cushion\/#primaryimage","url":"https:\/\/homeofwool.com\/wp-content\/uploads\/2025\/09\/home-of-wool-frameless-sofa-with-removable-covers-1-main.jpg","contentUrl":"https:\/\/homeofwool.com\/wp-content\/uploads\/2025\/09\/home-of-wool-frameless-sofa-with-removable-covers-1-main.jpg","width":2400,"height":1688,"caption":"wool frameless sofa at home"},{"@type":"BreadcrumbList","@id":"https:\/\/homeofwool.com\/shop\/pallet-couch-cushion\/#breadcrumb","itemListElement":[{"@type":"ListItem","position":1,"name":"Home","item":"https:\/\/homeofwool.com\/"},{"@type":"ListItem","position":2,"name":"Products","item":"https:\/\/homeofwool.com\/header-search-2\/"},{"@type":"ListItem","position":3,"name":"Frameless Sofa with Removable Covers"}]},{"@type":"WebSite","@id":"https:\/\/homeofwool.com\/#website","url":"https:\/\/homeofwool.com\/","name":"La maison de la laine","description":"","publisher":{"@id":"https:\/\/homeofwool.com\/#organization"},"potentialAction":[{"@type":"SearchAction","target":{"@type":"EntryPoint","urlTemplate":"https:\/\/homeofwool.com\/?s={search_term_string}"},"query-input":{"@type":"PropertyValueSpecification","valueRequired":true,"valueName":"search_term_string"}}],"inLanguage":"fr-FR"},{"@type":"Organization","@id":"https:\/\/homeofwool.com\/#organization","name":"La maison de la laine","url":"https:\/\/homeofwool.com\/","logo":{"@type":"ImageObject","inLanguage":"fr-FR","@id":"https:\/\/homeofwool.com\/#\/schema\/logo\/image\/","url":"https:\/\/homeofwool.com\/wp-content\/uploads\/2025\/09\/WhatsApp-Image-2025-12-02-at-16.23.20.jpeg","contentUrl":"https:\/\/homeofwool.com\/wp-content\/uploads\/2025\/09\/WhatsApp-Image-2025-12-02-at-16.23.20.jpeg","width":700,"height":247,"caption":"Home of Wool"},"image":{"@id":"https:\/\/homeofwool.com\/#\/schema\/logo\/image\/"},"sameAs":["https:\/\/facebook.com\/HomeOfWoolOfficial"]}]}},"_links":{"self":[{"href":"https:\/\/homeofwool.com\/fr\/wp-json\/wp\/v2\/product\/217495","targetHints":{"allow":["GET"]}}],"collection":[{"href":"https:\/\/homeofwool.com\/fr\/wp-json\/wp\/v2\/product"}],"about":[{"href":"https:\/\/homeofwool.com\/fr\/wp-json\/wp\/v2\/types\/product"}],"version-history":[{"count":1,"href":"https:\/\/homeofwool.com\/fr\/wp-json\/wp\/v2\/product\/217495\/revisions"}],"predecessor-version":[{"id":227769,"href":"https:\/\/homeofwool.com\/fr\/wp-json\/wp\/v2\/product\/217495\/revisions\/227769"}],"wp:featuredmedia":[{"embeddable":true,"href":"https:\/\/homeofwool.com\/fr\/wp-json\/wp\/v2\/media\/219385"}],"wp:attachment":[{"href":"https:\/\/homeofwool.com\/fr\/wp-json\/wp\/v2\/media?parent=217495"}],"wp:term":[{"taxonomy":"product_brand","embeddable":true,"href":"https:\/\/homeofwool.com\/fr\/wp-json\/wp\/v2\/product_brand?post=217495"},{"taxonomy":"product_cat","embeddable":true,"href":"https:\/\/homeofwool.com\/fr\/wp-json\/wp\/v2\/product_cat?post=217495"},{"taxonomy":"product_tag","embeddable":true,"href":"https:\/\/homeofwool.com\/fr\/wp-json\/wp\/v2\/product_tag?post=217495"}],"curies":[{"name":"wp","href":"https:\/\/api.w.org\/{rel}","templated":true}]}}