{"id":228558,"date":"2026-02-27T09:05:42","date_gmt":"2026-02-27T09:05:42","guid":{"rendered":"https:\/\/homeofwool.com\/?post_type=product&#038;p=228558"},"modified":"2026-03-12T10:03:05","modified_gmt":"2026-03-12T10:03:05","slug":"kevaan-palautuspaketti","status":"publish","type":"product","link":"https:\/\/homeofwool.com\/fi\/shop\/spring-restore-bundle\/","title":{"rendered":"Kev\u00e4tpalautus: Silkki \/ pellava vuodevaatteet: Villatyyny + silkki \/ pellava vuodevaatteet"},"content":{"rendered":"<p align=\"left\">Vuodenaikojen vaihtuessa nukkumisymp\u00e4rist\u00f6si pit\u00e4isi tuntua kevyemm\u00e4lt\u00e4, raikkaammalta ja hengitt\u00e4v\u00e4mm\u00e4lt\u00e4. Spring Restore -paketti yhdist\u00e4\u00e4 kaksi olennaista elementti\u00e4 siirtym\u00e4vaiheen s\u00e4\u00e4h\u00e4n ja l\u00e4mpim\u00e4mpiin \u00f6ihin: k\u00e4sin t\u00e4ytetyn s\u00e4\u00e4dett\u00e4v\u00e4n villatyynyn ja ensiluokkaisen silkki- tai pellavaisen vuodevaatesetin.<\/p>\n<p align=\"left\">Villatyyny tarjoaa tasaisen, rakenteellisen tuen ja s\u00e4\u00e4telee samalla luonnollisesti l\u00e4mp\u00f6tilaa ja kosteutta. Villa mukautuu kehoosi koko y\u00f6n ajan, pysyy viile\u00e4n\u00e4, kun l\u00e4mp\u00f6\u00e4 kertyy, ja s\u00e4ilytt\u00e4\u00e4 mukavuuden, kun l\u00e4mp\u00f6tila laskee. Vetoketjun avulla voit s\u00e4\u00e4t\u00e4\u00e4 tyynyn korkeutta ihanteelliselle korkeudelle, jolloin tuki on kohdistettu.<\/p>\n<p align=\"left\">Vuodevaatesarja sis\u00e4lt\u00e4\u00e4 lakanan, pussilakanan ja tyynyliinat. Kaikki on valmistettu puhtaimmista luonnonkankaista. Voit valita:<\/p>\n<p align=\"left\"><b>Puhdasta silkki\u00e4<br \/>\n<\/b>Ylellisen sile\u00e4 ja runsaasti luonnollisia aminohappoja sis\u00e4lt\u00e4v\u00e4 silkki tuntuu viile\u00e4lt\u00e4 ihoa vasten ja tukee kosteutusta. Sit\u00e4 rakastetaan erityisesti sen hell\u00e4varaisen kosketuksen vuoksi iholla ja hiuksissa, sill\u00e4 se auttaa v\u00e4hent\u00e4m\u00e4\u00e4n kitkaa s\u00e4ilytt\u00e4en samalla hienostuneen, tyylikk\u00e4\u00e4n tunnun.<\/p>\n<p align=\"left\"><b>Puhdasta pellavaa<br \/>\n<\/b>Luonnostaan hengitt\u00e4v\u00e4 ja kosteutta siirt\u00e4v\u00e4 pellava sopii erinomaisesti kev\u00e4\u00e4ksi ja kes\u00e4ksi. Se sallii jatkuvan ilmavirtauksen ja muuttuu ajan my\u00f6t\u00e4 pehme\u00e4mm\u00e4ksi tarjoten rentoa ja viile\u00e4\u00e4 mukavuutta sek\u00e4 kest\u00e4v\u00e4\u00e4 kest\u00e4vyytt\u00e4.<\/p>\n<p align=\"left\">Molemmissa vaihtoehdoissa ei ole v\u00e4riaineita eik\u00e4 kemiallisia viimeistelyaineita, joten ne ovat turvallisia herk\u00e4lle iholle ja niille, jotka arvostavat puhtaita materiaaleja makuuhuoneessa.<\/p>\n<p align=\"left\">Yhdess\u00e4 n\u00e4m\u00e4 luonnolliset kerrokset luovat rauhallisen, ilmavan ja virkist\u00e4v\u00e4n nukkumisasetelman, joka on suunniteltu kevyempi\u00e4 vuodenaikoja ja tasapainoista mukavuutta varten.<\/p>\n<p align=\"left\">Pakettivaihtoehdot:<\/p>\n<p>Twin Bundle:<\/p>\n<ul>\n<li>Lakana - 38 x 75 (97 x 190 cm)<\/li>\n<li>1x Nukkumatyyny - Standard 20 x 26\u2033 (51 x 66 cm)<\/li>\n<li>1x nukkumatyynyliina - Standard 20 x 26\u2033 (51 x 66 cm)<\/li>\n<li>Pussilakana 64 x 86\u2033 (162 x 218 cm)<\/li>\n<\/ul>\n<p>Koko paketti:<\/p>\n<ul>\n<li>Lakana - 53 x 75\u2033 (135 x 190 cm)<\/li>\n<li>2x Nukkumatyyny - Standard 20 x 26\u2033 (51 x 66 cm) (Standard 20 x 26\u2033)<\/li>\n<li>2x nukkumatyynyliina - Standard 20 x 26\u2033 (51 x 66 cm)<\/li>\n<li>Pussilakana - 80 x 80\u2033 (203 x 203 cm)<\/li>\n<\/ul>\n<p>Queen Bundle:<\/p>\n<ul>\n<li>Lakana - 60 x 80\u2033 (152 x 203 cm)<\/li>\n<li>2x Nukkumatyyny - Queen 20 x 30\u2033 (51 x 76 cm)<\/li>\n<li>2x nukkumatyynyliina - Queen 20 x 30\u2033 (51 x 76 cm)<\/li>\n<li>Pussilakana - 86 x 86\u2033 (218 x 218 cm)<\/li>\n<\/ul>\n<p>King Bundle:<\/p>\n<ul>\n<li>Lakana - 76 x 80\u2033 (193 x 203 cm)<\/li>\n<li>2x nukkumatyyny - King 20 x 36\u2033 (51 x 91 cm)<\/li>\n<li>2x nukkumatyynyliina King 20 x 36\u2033 (51 x 91 cm)<\/li>\n<li>Pussilakana - 102 x 86\u2033 (259 x 218 cm)<\/li>\n<\/ul>","protected":false},"excerpt":{"rendered":"<p align=\"left\">Kevyt, hengitt\u00e4v\u00e4 ja luonnollisesti hienostunut. Spring Restore -paketti yhdist\u00e4\u00e4 s\u00e4\u00e4dett\u00e4v\u00e4n villatyynyn ja valitsemasi silkki- tai pellavaisen vuodevaatesetin ja luo n\u00e4in raikkaan, vuodenaikojen mukaan tasapainoisen nukkumisymp\u00e4rist\u00f6n. Osta ne yhdess\u00e4 ja s\u00e4\u00e4st\u00e4 15% kokonaishinnasta.<\/p>","protected":false},"featured_media":228566,"template":"","meta":{"_acf_changed":false},"product_brand":[],"product_cat":[1373],"product_tag":[],"class_list":{"0":"post-228558","1":"product","2":"type-product","3":"status-publish","4":"has-post-thumbnail","6":"product_cat-sleep-day-bundles","8":"first","9":"instock","10":"shipping-taxable","11":"purchasable","12":"product-type-simple"},"acf":[],"yoast_head":"<!-- This site is optimized with the Yoast SEO Premium plugin v27.4 (Yoast SEO v27.4) - https:\/\/yoast.com\/product\/yoast-seo-premium-wordpress\/ -->\n<title>Wool Pillow + Silk or Linen Bedding Set Save 15%<\/title>\n<meta name=\"robots\" content=\"index, follow, max-snippet:-1, max-image-preview:large, max-video-preview:-1\" \/>\n<link rel=\"canonical\" href=\"https:\/\/homeofwool.com\/fi\/shop\/kevaan-palautuspaketti\/\" \/>\n<meta property=\"og:locale\" content=\"fi_FI\" \/>\n<meta property=\"og:type\" content=\"article\" \/>\n<meta property=\"og:title\" content=\"Spring Restore: Wool Pillow + Silk \/ Linen Bedding\" \/>\n<meta property=\"og:description\" content=\"Light, breathable, and naturally refined. The Spring Restore bundle pairs our adjustable wool pillow with your choice of silk or linen bedding set to create a fresh, seasonally balanced sleep environment. Purchase them together and save 15% off the total price.\" \/>\n<meta property=\"og:url\" content=\"https:\/\/homeofwool.com\/fi\/shop\/kevaan-palautuspaketti\/\" \/>\n<meta property=\"og:site_name\" content=\"Home of Wool\" \/>\n<meta property=\"article:publisher\" content=\"https:\/\/facebook.com\/HomeOfWoolOfficial\" \/>\n<meta property=\"article:modified_time\" content=\"2026-03-12T10:03:05+00:00\" \/>\n<meta property=\"og:image\" content=\"https:\/\/homeofwool.com\/wp-content\/uploads\/2026\/02\/home-of-wool-spring-restore-main.jpg\" \/>\n\t<meta property=\"og:image:width\" content=\"1536\" \/>\n\t<meta property=\"og:image:height\" content=\"1229\" \/>\n\t<meta property=\"og:image:type\" content=\"image\/jpeg\" \/>\n<meta name=\"twitter:card\" content=\"summary_large_image\" \/>\n<meta name=\"twitter:label1\" content=\"Arvioitu lukuaika\" \/>\n\t<meta name=\"twitter:data1\" content=\"2 minuuttia\" \/>\n<script type=\"application\/ld+json\" class=\"yoast-schema-graph\">{\"@context\":\"https:\\\/\\\/schema.org\",\"@graph\":[{\"@type\":\"WebPage\",\"@id\":\"https:\\\/\\\/homeofwool.com\\\/shop\\\/spring-restore-bundle\\\/\",\"url\":\"https:\\\/\\\/homeofwool.com\\\/shop\\\/spring-restore-bundle\\\/\",\"name\":\"Wool Pillow + Silk or Linen Bedding Set Save 15%\",\"isPartOf\":{\"@id\":\"https:\\\/\\\/homeofwool.com\\\/#website\"},\"primaryImageOfPage\":{\"@id\":\"https:\\\/\\\/homeofwool.com\\\/shop\\\/spring-restore-bundle\\\/#primaryimage\"},\"image\":{\"@id\":\"https:\\\/\\\/homeofwool.com\\\/shop\\\/spring-restore-bundle\\\/#primaryimage\"},\"thumbnailUrl\":\"https:\\\/\\\/homeofwool.com\\\/wp-content\\\/uploads\\\/2026\\\/02\\\/home-of-wool-spring-restore-main.jpg\",\"datePublished\":\"2026-02-27T09:05:42+00:00\",\"dateModified\":\"2026-03-12T10:03:05+00:00\",\"breadcrumb\":{\"@id\":\"https:\\\/\\\/homeofwool.com\\\/shop\\\/spring-restore-bundle\\\/#breadcrumb\"},\"inLanguage\":\"fi\",\"potentialAction\":[{\"@type\":\"ReadAction\",\"target\":[\"https:\\\/\\\/homeofwool.com\\\/shop\\\/spring-restore-bundle\\\/\"]}]},{\"@type\":\"ImageObject\",\"inLanguage\":\"fi\",\"@id\":\"https:\\\/\\\/homeofwool.com\\\/shop\\\/spring-restore-bundle\\\/#primaryimage\",\"url\":\"https:\\\/\\\/homeofwool.com\\\/wp-content\\\/uploads\\\/2026\\\/02\\\/home-of-wool-spring-restore-main.jpg\",\"contentUrl\":\"https:\\\/\\\/homeofwool.com\\\/wp-content\\\/uploads\\\/2026\\\/02\\\/home-of-wool-spring-restore-main.jpg\",\"width\":1536,\"height\":1229,\"caption\":\"home of wool spring restore bundle\"},{\"@type\":\"BreadcrumbList\",\"@id\":\"https:\\\/\\\/homeofwool.com\\\/shop\\\/spring-restore-bundle\\\/#breadcrumb\",\"itemListElement\":[{\"@type\":\"ListItem\",\"position\":1,\"name\":\"Home\",\"item\":\"https:\\\/\\\/homeofwool.com\\\/\"},{\"@type\":\"ListItem\",\"position\":2,\"name\":\"Products\",\"item\":\"https:\\\/\\\/homeofwool.com\\\/header-search-2\\\/\"},{\"@type\":\"ListItem\",\"position\":3,\"name\":\"Spring Restore: Wool Pillow + Silk \\\/ Linen Bedding\"}]},{\"@type\":\"WebSite\",\"@id\":\"https:\\\/\\\/homeofwool.com\\\/#website\",\"url\":\"https:\\\/\\\/homeofwool.com\\\/\",\"name\":\"Home of Wool\",\"description\":\"\",\"publisher\":{\"@id\":\"https:\\\/\\\/homeofwool.com\\\/#organization\"},\"potentialAction\":[{\"@type\":\"SearchAction\",\"target\":{\"@type\":\"EntryPoint\",\"urlTemplate\":\"https:\\\/\\\/homeofwool.com\\\/?s={search_term_string}\"},\"query-input\":{\"@type\":\"PropertyValueSpecification\",\"valueRequired\":true,\"valueName\":\"search_term_string\"}}],\"inLanguage\":\"fi\"},{\"@type\":\"Organization\",\"@id\":\"https:\\\/\\\/homeofwool.com\\\/#organization\",\"name\":\"Home of Wool\",\"url\":\"https:\\\/\\\/homeofwool.com\\\/\",\"logo\":{\"@type\":\"ImageObject\",\"inLanguage\":\"fi\",\"@id\":\"https:\\\/\\\/homeofwool.com\\\/#\\\/schema\\\/logo\\\/image\\\/\",\"url\":\"https:\\\/\\\/homeofwool.com\\\/wp-content\\\/uploads\\\/2025\\\/09\\\/WhatsApp-Image-2025-12-02-at-16.23.20.jpeg\",\"contentUrl\":\"https:\\\/\\\/homeofwool.com\\\/wp-content\\\/uploads\\\/2025\\\/09\\\/WhatsApp-Image-2025-12-02-at-16.23.20.jpeg\",\"width\":700,\"height\":247,\"caption\":\"Home of Wool\"},\"image\":{\"@id\":\"https:\\\/\\\/homeofwool.com\\\/#\\\/schema\\\/logo\\\/image\\\/\"},\"sameAs\":[\"https:\\\/\\\/facebook.com\\\/HomeOfWoolOfficial\"]}]}<\/script>\n<!-- \/ Yoast SEO Premium plugin. -->","yoast_head_json":{"title":"Villatyyny + silkki tai pellava vuodevaatteet Tallenna 15%","robots":{"index":"index","follow":"follow","max-snippet":"max-snippet:-1","max-image-preview":"max-image-preview:large","max-video-preview":"max-video-preview:-1"},"canonical":"https:\/\/homeofwool.com\/fi\/shop\/kevaan-palautuspaketti\/","og_locale":"fi_FI","og_type":"article","og_title":"Spring Restore: Wool Pillow + Silk \/ Linen Bedding","og_description":"Light, breathable, and naturally refined. The Spring Restore bundle pairs our adjustable wool pillow with your choice of silk or linen bedding set to create a fresh, seasonally balanced sleep environment. Purchase them together and save 15% off the total price.","og_url":"https:\/\/homeofwool.com\/fi\/shop\/kevaan-palautuspaketti\/","og_site_name":"Home of Wool","article_publisher":"https:\/\/facebook.com\/HomeOfWoolOfficial","article_modified_time":"2026-03-12T10:03:05+00:00","og_image":[{"width":1536,"height":1229,"url":"https:\/\/homeofwool.com\/wp-content\/uploads\/2026\/02\/home-of-wool-spring-restore-main.jpg","type":"image\/jpeg"}],"twitter_card":"summary_large_image","twitter_misc":{"Arvioitu lukuaika":"2 minuuttia"},"schema":{"@context":"https:\/\/schema.org","@graph":[{"@type":"WebPage","@id":"https:\/\/homeofwool.com\/shop\/spring-restore-bundle\/","url":"https:\/\/homeofwool.com\/shop\/spring-restore-bundle\/","name":"Villatyyny + silkki tai pellava vuodevaatteet Tallenna 15%","isPartOf":{"@id":"https:\/\/homeofwool.com\/#website"},"primaryImageOfPage":{"@id":"https:\/\/homeofwool.com\/shop\/spring-restore-bundle\/#primaryimage"},"image":{"@id":"https:\/\/homeofwool.com\/shop\/spring-restore-bundle\/#primaryimage"},"thumbnailUrl":"https:\/\/homeofwool.com\/wp-content\/uploads\/2026\/02\/home-of-wool-spring-restore-main.jpg","datePublished":"2026-02-27T09:05:42+00:00","dateModified":"2026-03-12T10:03:05+00:00","breadcrumb":{"@id":"https:\/\/homeofwool.com\/shop\/spring-restore-bundle\/#breadcrumb"},"inLanguage":"fi","potentialAction":[{"@type":"ReadAction","target":["https:\/\/homeofwool.com\/shop\/spring-restore-bundle\/"]}]},{"@type":"ImageObject","inLanguage":"fi","@id":"https:\/\/homeofwool.com\/shop\/spring-restore-bundle\/#primaryimage","url":"https:\/\/homeofwool.com\/wp-content\/uploads\/2026\/02\/home-of-wool-spring-restore-main.jpg","contentUrl":"https:\/\/homeofwool.com\/wp-content\/uploads\/2026\/02\/home-of-wool-spring-restore-main.jpg","width":1536,"height":1229,"caption":"home of wool spring restore bundle"},{"@type":"BreadcrumbList","@id":"https:\/\/homeofwool.com\/shop\/spring-restore-bundle\/#breadcrumb","itemListElement":[{"@type":"ListItem","position":1,"name":"Home","item":"https:\/\/homeofwool.com\/"},{"@type":"ListItem","position":2,"name":"Products","item":"https:\/\/homeofwool.com\/header-search-2\/"},{"@type":"ListItem","position":3,"name":"Spring Restore: Wool Pillow + Silk \/ Linen Bedding"}]},{"@type":"WebSite","@id":"https:\/\/homeofwool.com\/#website","url":"https:\/\/homeofwool.com\/","name":"Villan koti","description":"","publisher":{"@id":"https:\/\/homeofwool.com\/#organization"},"potentialAction":[{"@type":"SearchAction","target":{"@type":"EntryPoint","urlTemplate":"https:\/\/homeofwool.com\/?s={search_term_string}"},"query-input":{"@type":"PropertyValueSpecification","valueRequired":true,"valueName":"search_term_string"}}],"inLanguage":"fi"},{"@type":"Organization","@id":"https:\/\/homeofwool.com\/#organization","name":"Villan koti","url":"https:\/\/homeofwool.com\/","logo":{"@type":"ImageObject","inLanguage":"fi","@id":"https:\/\/homeofwool.com\/#\/schema\/logo\/image\/","url":"https:\/\/homeofwool.com\/wp-content\/uploads\/2025\/09\/WhatsApp-Image-2025-12-02-at-16.23.20.jpeg","contentUrl":"https:\/\/homeofwool.com\/wp-content\/uploads\/2025\/09\/WhatsApp-Image-2025-12-02-at-16.23.20.jpeg","width":700,"height":247,"caption":"Home of Wool"},"image":{"@id":"https:\/\/homeofwool.com\/#\/schema\/logo\/image\/"},"sameAs":["https:\/\/facebook.com\/HomeOfWoolOfficial"]}]}},"_links":{"self":[{"href":"https:\/\/homeofwool.com\/fi\/wp-json\/wp\/v2\/product\/228558","targetHints":{"allow":["GET"]}}],"collection":[{"href":"https:\/\/homeofwool.com\/fi\/wp-json\/wp\/v2\/product"}],"about":[{"href":"https:\/\/homeofwool.com\/fi\/wp-json\/wp\/v2\/types\/product"}],"version-history":[{"count":3,"href":"https:\/\/homeofwool.com\/fi\/wp-json\/wp\/v2\/product\/228558\/revisions"}],"predecessor-version":[{"id":228784,"href":"https:\/\/homeofwool.com\/fi\/wp-json\/wp\/v2\/product\/228558\/revisions\/228784"}],"wp:featuredmedia":[{"embeddable":true,"href":"https:\/\/homeofwool.com\/fi\/wp-json\/wp\/v2\/media\/228566"}],"wp:attachment":[{"href":"https:\/\/homeofwool.com\/fi\/wp-json\/wp\/v2\/media?parent=228558"}],"wp:term":[{"taxonomy":"product_brand","embeddable":true,"href":"https:\/\/homeofwool.com\/fi\/wp-json\/wp\/v2\/product_brand?post=228558"},{"taxonomy":"product_cat","embeddable":true,"href":"https:\/\/homeofwool.com\/fi\/wp-json\/wp\/v2\/product_cat?post=228558"},{"taxonomy":"product_tag","embeddable":true,"href":"https:\/\/homeofwool.com\/fi\/wp-json\/wp\/v2\/product_tag?post=228558"}],"curies":[{"name":"wp","href":"https:\/\/api.w.org\/{rel}","templated":true}]}}