{"id":228547,"date":"2026-02-27T08:50:29","date_gmt":"2026-02-27T08:50:29","guid":{"rendered":"https:\/\/homeofwool.com\/?post_type=product&#038;p=228547"},"modified":"2026-03-12T10:02:43","modified_gmt":"2026-03-12T10:02:43","slug":"nukkua-luonnollinen-kaynnistin","status":"publish","type":"product","link":"https:\/\/homeofwool.com\/fi\/shop\/sleep-natural-starter\/","title":{"rendered":"Sleep Natural Starter: Villatyyny + kevyt pussilakana + patjasuojaus"},"content":{"rendered":"<p align=\"left\">Hyv\u00e4 uni alkaa oikeista kerroksista. Sleep Natural Starter -paketti yhdist\u00e4\u00e4 kolme keskeist\u00e4 villakappaletta, jotka on suunniteltu s\u00e4\u00e4telem\u00e4\u00e4n l\u00e4mp\u00f6tilaa, hallitsemaan kosteutta ja luomaan vakaan, hengitt\u00e4v\u00e4n nukkumisymp\u00e4rist\u00f6n ilman synteettisi\u00e4 aineita tai kemiallisia k\u00e4sittelyj\u00e4.<\/p>\n<p align=\"left\">S\u00e4\u00e4dett\u00e4v\u00e4 villatyyny tarjoaa tasaisen ja tasapainoisen tuen p\u00e4\u00e4h\u00e4n ja niskaan. K\u00e4sin t\u00e4ytetty 100%-puhtaalla villalla, se s\u00e4ilytt\u00e4\u00e4 rakenteensa ja on samalla muokattavissa. Sivuvetoketjun avulla voit s\u00e4\u00e4t\u00e4\u00e4 korkeutta ihanteelliselle korkeudelle tasaisen, kohdistetun mukavuuden takaamiseksi.<\/p>\n<p align=\"left\">Kevyt villapussilakana tarjoaa mukautuvan eristyksen ilman tilaa. K\u00e4sin tikattu, jotta villa pysyy tasaisesti jakautuneena, se pit\u00e4\u00e4 l\u00e4mp\u00f6\u00e4, kun ilma on viile\u00e4, ja luovuttaa ylim\u00e4\u00e4r\u00e4isen l\u00e4mm\u00f6n ennen kuin se ker\u00e4\u00e4ntyy. Toisin kuin synteettiset tai untuvavaihtoehdot, jotka voivat aiheuttaa ylikuumenemista ja sen j\u00e4lkeen vilunv\u00e4ristyksi\u00e4, villa pit\u00e4\u00e4 yll\u00e4 tasaista unen l\u00e4mp\u00f6tilaa koko y\u00f6n.<\/p>\n<p align=\"left\">Neitseellisest\u00e4 villasta valmistettu patjasuoja lis\u00e4\u00e4 s\u00e4nkyyn hengitt\u00e4v\u00e4n suojakerroksen. Synteettisill\u00e4 patjoilla se pehment\u00e4\u00e4 l\u00e4mp\u00f6\u00e4 pid\u00e4tt\u00e4v\u00e4\u00e4 pintaa ja luo tasapainoisemman mikroilmaston. T\u00e4ysvillapatjoissa se suojaa p\u00e4ivitt\u00e4iselt\u00e4 kulutukselta s\u00e4ilytt\u00e4en samalla ilmankierron. Toisin kuin muovipohjaiset suojat, villa antaa kehosi hengitt\u00e4\u00e4 ja s\u00e4ilytt\u00e4\u00e4 samalla optimaalisen l\u00e4mp\u00f6tilan. Joustavat hihnat pit\u00e4v\u00e4t sen tukevasti paikoillaan, ja se on pest\u00e4v\u00e4 helppohoitoiseksi.<\/p>\n<p align=\"left\">Yhdess\u00e4 n\u00e4m\u00e4 kolme kerrosta muodostavat luonnollisen nukkumisj\u00e4rjestelm\u00e4n, joka v\u00e4hent\u00e4\u00e4 l\u00e4mp\u00f6tilan vaihteluita, minimoi kosteuden kertymisen ja tukee pitk\u00e4aikaista mukavuutta.<\/p>\n<p align=\"left\">Ei kaasup\u00e4\u00e4st\u00f6j\u00e4. Ei synteettisi\u00e4 vaahtoja. Vain hengitt\u00e4vi\u00e4 materiaaleja, jotka toimivat sopusoinnussa.<\/p>\n<p align=\"left\">Pakettivaihtoehdot:<\/p>\n<p>Twin Bundle:<\/p>\n<ul>\n<li>Suojus - 38 x 75 (97 x 190 cm)<\/li>\n<li>1x Nukkumatyyny - Standard 20 x 26\u2033 (51 x 66 cm) (Standard 20 x 26\u2033)<\/li>\n<li>Pussilakana (kes\u00e4) - 64 x 86\u2033 (162 x 218 cm)<\/li>\n<\/ul>\n<p>Koko paketti:<\/p>\n<ul>\n<li>Suojus - 53 x 75\u2033 (135 x 190 cm)<\/li>\n<li>2x Nukkumatyyny - Standard 20 x 26\u2033 (51 x 66 cm)<\/li>\n<li>Pussilakana (kes\u00e4) - 80 x 80\u2033 (203 \u0445 203 cm)<\/li>\n<\/ul>\n<p>Queen Bundle:<\/p>\n<ul>\n<li>Suojus - 60 x 80\u2033 (152 x 203 cm)<\/li>\n<li>2x Nukkumatyyny - Queen 20 x 30\u2033 (51 x 76 cm)<\/li>\n<li>Pussilakana (kes\u00e4) - 86 x 86\u2033 (218 x 218 cm)<\/li>\n<\/ul>\n<p>King Bundle:<\/p>\n<ul>\n<li>Suojus - 76 x 80\u2033 (193 x 203 cm)<\/li>\n<li>2x Nukkumatyyny - King 20 x 36\u2033 (51 x 91 cm)<\/li>\n<li>Pussilakana (kes\u00e4) - 102 x 86\u2033 (259 x 218 cm)<\/li>\n<\/ul>","protected":false},"excerpt":{"rendered":"<p align=\"left\">Yksinkertainen, hengitt\u00e4v\u00e4 perusta parempaan uneen. Sleep Natural Starter -paketti yhdist\u00e4\u00e4 s\u00e4\u00e4dett\u00e4v\u00e4n villatyynyn, kevyen (kes\u00e4-) villapussilakanan ja neitseellisen villapatjasuojan luodakseen luonnollisesti l\u00e4mp\u00f6tilatasapainotetun, myrkytt\u00f6m\u00e4n unij\u00e4rjestelm\u00e4n joka vuodenaikaan. Kun ostat n\u00e4m\u00e4 kolme keskeist\u00e4 tarviketta yhdess\u00e4 nipussa, s\u00e4\u00e4st\u00e4t 15% kokonaishinnasta.<\/p>","protected":false},"featured_media":228555,"template":"","meta":{"_acf_changed":false},"product_brand":[],"product_cat":[1373],"product_tag":[],"class_list":{"0":"post-228547","1":"product","2":"type-product","3":"status-publish","4":"has-post-thumbnail","6":"product_cat-sleep-day-bundles","8":"first","9":"instock","10":"shipping-taxable","11":"purchasable","12":"product-type-simple"},"acf":[],"yoast_head":"<!-- This site is optimized with the Yoast SEO Premium plugin v27.4 (Yoast SEO v27.4) - https:\/\/yoast.com\/product\/yoast-seo-premium-wordpress\/ -->\n<title>Wool Pillow + Lightweight Wool Duvet Insert + Wool Mattress Protector Save 15%<\/title>\n<meta name=\"robots\" content=\"index, follow, max-snippet:-1, max-image-preview:large, max-video-preview:-1\" \/>\n<link rel=\"canonical\" href=\"https:\/\/homeofwool.com\/fi\/shop\/nukkua-luonnollinen-kaynnistin\/\" \/>\n<meta property=\"og:locale\" content=\"fi_FI\" \/>\n<meta property=\"og:type\" content=\"article\" \/>\n<meta property=\"og:title\" content=\"Sleep Natural Starter: Wool Pillow + Lightweight Duvet + Mattress Protector\" \/>\n<meta property=\"og:description\" content=\"A simple, breathable foundation for better sleep. The Sleep Natural Starter bundle combines an adjustable wool pillow, lightweight (summer) wool duvet insert, and virgin wool mattress protector to create a naturally temperature-balanced, non-toxic sleep system for every season. When you purchase these three essentials together as a bundle, you save 15% off the total price.\" \/>\n<meta property=\"og:url\" content=\"https:\/\/homeofwool.com\/fi\/shop\/nukkua-luonnollinen-kaynnistin\/\" \/>\n<meta property=\"og:site_name\" content=\"Home of Wool\" \/>\n<meta property=\"article:publisher\" content=\"https:\/\/facebook.com\/HomeOfWoolOfficial\" \/>\n<meta property=\"article:modified_time\" content=\"2026-03-12T10:02:43+00:00\" \/>\n<meta property=\"og:image\" content=\"https:\/\/homeofwool.com\/wp-content\/uploads\/2026\/02\/home-of-wool-sleep-natural-starter-main.jpg\" \/>\n\t<meta property=\"og:image:width\" content=\"1920\" \/>\n\t<meta property=\"og:image:height\" content=\"1536\" \/>\n\t<meta property=\"og:image:type\" content=\"image\/jpeg\" \/>\n<meta name=\"twitter:card\" content=\"summary_large_image\" \/>\n<meta name=\"twitter:label1\" content=\"Arvioitu lukuaika\" \/>\n\t<meta name=\"twitter:data1\" content=\"2 minuuttia\" \/>\n<script type=\"application\/ld+json\" class=\"yoast-schema-graph\">{\"@context\":\"https:\\\/\\\/schema.org\",\"@graph\":[{\"@type\":\"WebPage\",\"@id\":\"https:\\\/\\\/homeofwool.com\\\/shop\\\/sleep-natural-starter\\\/\",\"url\":\"https:\\\/\\\/homeofwool.com\\\/shop\\\/sleep-natural-starter\\\/\",\"name\":\"Wool Pillow + Lightweight Wool Duvet Insert + Wool Mattress Protector Save 15%\",\"isPartOf\":{\"@id\":\"https:\\\/\\\/homeofwool.com\\\/#website\"},\"primaryImageOfPage\":{\"@id\":\"https:\\\/\\\/homeofwool.com\\\/shop\\\/sleep-natural-starter\\\/#primaryimage\"},\"image\":{\"@id\":\"https:\\\/\\\/homeofwool.com\\\/shop\\\/sleep-natural-starter\\\/#primaryimage\"},\"thumbnailUrl\":\"https:\\\/\\\/homeofwool.com\\\/wp-content\\\/uploads\\\/2026\\\/02\\\/home-of-wool-sleep-natural-starter-main.jpg\",\"datePublished\":\"2026-02-27T08:50:29+00:00\",\"dateModified\":\"2026-03-12T10:02:43+00:00\",\"breadcrumb\":{\"@id\":\"https:\\\/\\\/homeofwool.com\\\/shop\\\/sleep-natural-starter\\\/#breadcrumb\"},\"inLanguage\":\"fi\",\"potentialAction\":[{\"@type\":\"ReadAction\",\"target\":[\"https:\\\/\\\/homeofwool.com\\\/shop\\\/sleep-natural-starter\\\/\"]}]},{\"@type\":\"ImageObject\",\"inLanguage\":\"fi\",\"@id\":\"https:\\\/\\\/homeofwool.com\\\/shop\\\/sleep-natural-starter\\\/#primaryimage\",\"url\":\"https:\\\/\\\/homeofwool.com\\\/wp-content\\\/uploads\\\/2026\\\/02\\\/home-of-wool-sleep-natural-starter-main.jpg\",\"contentUrl\":\"https:\\\/\\\/homeofwool.com\\\/wp-content\\\/uploads\\\/2026\\\/02\\\/home-of-wool-sleep-natural-starter-main.jpg\",\"width\":1920,\"height\":1536,\"caption\":\"home of wool sleep natural starter bundle\"},{\"@type\":\"BreadcrumbList\",\"@id\":\"https:\\\/\\\/homeofwool.com\\\/shop\\\/sleep-natural-starter\\\/#breadcrumb\",\"itemListElement\":[{\"@type\":\"ListItem\",\"position\":1,\"name\":\"Home\",\"item\":\"https:\\\/\\\/homeofwool.com\\\/\"},{\"@type\":\"ListItem\",\"position\":2,\"name\":\"Products\",\"item\":\"https:\\\/\\\/homeofwool.com\\\/header-search-2\\\/\"},{\"@type\":\"ListItem\",\"position\":3,\"name\":\"Sleep Natural Starter: Wool Pillow + Lightweight Duvet + Mattress Protector\"}]},{\"@type\":\"WebSite\",\"@id\":\"https:\\\/\\\/homeofwool.com\\\/#website\",\"url\":\"https:\\\/\\\/homeofwool.com\\\/\",\"name\":\"Home of Wool\",\"description\":\"\",\"publisher\":{\"@id\":\"https:\\\/\\\/homeofwool.com\\\/#organization\"},\"potentialAction\":[{\"@type\":\"SearchAction\",\"target\":{\"@type\":\"EntryPoint\",\"urlTemplate\":\"https:\\\/\\\/homeofwool.com\\\/?s={search_term_string}\"},\"query-input\":{\"@type\":\"PropertyValueSpecification\",\"valueRequired\":true,\"valueName\":\"search_term_string\"}}],\"inLanguage\":\"fi\"},{\"@type\":\"Organization\",\"@id\":\"https:\\\/\\\/homeofwool.com\\\/#organization\",\"name\":\"Home of Wool\",\"url\":\"https:\\\/\\\/homeofwool.com\\\/\",\"logo\":{\"@type\":\"ImageObject\",\"inLanguage\":\"fi\",\"@id\":\"https:\\\/\\\/homeofwool.com\\\/#\\\/schema\\\/logo\\\/image\\\/\",\"url\":\"https:\\\/\\\/homeofwool.com\\\/wp-content\\\/uploads\\\/2025\\\/09\\\/WhatsApp-Image-2025-12-02-at-16.23.20.jpeg\",\"contentUrl\":\"https:\\\/\\\/homeofwool.com\\\/wp-content\\\/uploads\\\/2025\\\/09\\\/WhatsApp-Image-2025-12-02-at-16.23.20.jpeg\",\"width\":700,\"height\":247,\"caption\":\"Home of Wool\"},\"image\":{\"@id\":\"https:\\\/\\\/homeofwool.com\\\/#\\\/schema\\\/logo\\\/image\\\/\"},\"sameAs\":[\"https:\\\/\\\/facebook.com\\\/HomeOfWoolOfficial\"]}]}<\/script>\n<!-- \/ Yoast SEO Premium plugin. -->","yoast_head_json":{"title":"Villatyyny + kevyt villapussilakana + villapatjasuoja Save 15%","robots":{"index":"index","follow":"follow","max-snippet":"max-snippet:-1","max-image-preview":"max-image-preview:large","max-video-preview":"max-video-preview:-1"},"canonical":"https:\/\/homeofwool.com\/fi\/shop\/nukkua-luonnollinen-kaynnistin\/","og_locale":"fi_FI","og_type":"article","og_title":"Sleep Natural Starter: Wool Pillow + Lightweight Duvet + Mattress Protector","og_description":"A simple, breathable foundation for better sleep. The Sleep Natural Starter bundle combines an adjustable wool pillow, lightweight (summer) wool duvet insert, and virgin wool mattress protector to create a naturally temperature-balanced, non-toxic sleep system for every season. When you purchase these three essentials together as a bundle, you save 15% off the total price.","og_url":"https:\/\/homeofwool.com\/fi\/shop\/nukkua-luonnollinen-kaynnistin\/","og_site_name":"Home of Wool","article_publisher":"https:\/\/facebook.com\/HomeOfWoolOfficial","article_modified_time":"2026-03-12T10:02:43+00:00","og_image":[{"width":1920,"height":1536,"url":"https:\/\/homeofwool.com\/wp-content\/uploads\/2026\/02\/home-of-wool-sleep-natural-starter-main.jpg","type":"image\/jpeg"}],"twitter_card":"summary_large_image","twitter_misc":{"Arvioitu lukuaika":"2 minuuttia"},"schema":{"@context":"https:\/\/schema.org","@graph":[{"@type":"WebPage","@id":"https:\/\/homeofwool.com\/shop\/sleep-natural-starter\/","url":"https:\/\/homeofwool.com\/shop\/sleep-natural-starter\/","name":"Villatyyny + kevyt villapussilakana + villapatjasuoja Save 15%","isPartOf":{"@id":"https:\/\/homeofwool.com\/#website"},"primaryImageOfPage":{"@id":"https:\/\/homeofwool.com\/shop\/sleep-natural-starter\/#primaryimage"},"image":{"@id":"https:\/\/homeofwool.com\/shop\/sleep-natural-starter\/#primaryimage"},"thumbnailUrl":"https:\/\/homeofwool.com\/wp-content\/uploads\/2026\/02\/home-of-wool-sleep-natural-starter-main.jpg","datePublished":"2026-02-27T08:50:29+00:00","dateModified":"2026-03-12T10:02:43+00:00","breadcrumb":{"@id":"https:\/\/homeofwool.com\/shop\/sleep-natural-starter\/#breadcrumb"},"inLanguage":"fi","potentialAction":[{"@type":"ReadAction","target":["https:\/\/homeofwool.com\/shop\/sleep-natural-starter\/"]}]},{"@type":"ImageObject","inLanguage":"fi","@id":"https:\/\/homeofwool.com\/shop\/sleep-natural-starter\/#primaryimage","url":"https:\/\/homeofwool.com\/wp-content\/uploads\/2026\/02\/home-of-wool-sleep-natural-starter-main.jpg","contentUrl":"https:\/\/homeofwool.com\/wp-content\/uploads\/2026\/02\/home-of-wool-sleep-natural-starter-main.jpg","width":1920,"height":1536,"caption":"home of wool sleep natural starter bundle"},{"@type":"BreadcrumbList","@id":"https:\/\/homeofwool.com\/shop\/sleep-natural-starter\/#breadcrumb","itemListElement":[{"@type":"ListItem","position":1,"name":"Home","item":"https:\/\/homeofwool.com\/"},{"@type":"ListItem","position":2,"name":"Products","item":"https:\/\/homeofwool.com\/header-search-2\/"},{"@type":"ListItem","position":3,"name":"Sleep Natural Starter: Wool Pillow + Lightweight Duvet + Mattress Protector"}]},{"@type":"WebSite","@id":"https:\/\/homeofwool.com\/#website","url":"https:\/\/homeofwool.com\/","name":"Villan koti","description":"","publisher":{"@id":"https:\/\/homeofwool.com\/#organization"},"potentialAction":[{"@type":"SearchAction","target":{"@type":"EntryPoint","urlTemplate":"https:\/\/homeofwool.com\/?s={search_term_string}"},"query-input":{"@type":"PropertyValueSpecification","valueRequired":true,"valueName":"search_term_string"}}],"inLanguage":"fi"},{"@type":"Organization","@id":"https:\/\/homeofwool.com\/#organization","name":"Villan koti","url":"https:\/\/homeofwool.com\/","logo":{"@type":"ImageObject","inLanguage":"fi","@id":"https:\/\/homeofwool.com\/#\/schema\/logo\/image\/","url":"https:\/\/homeofwool.com\/wp-content\/uploads\/2025\/09\/WhatsApp-Image-2025-12-02-at-16.23.20.jpeg","contentUrl":"https:\/\/homeofwool.com\/wp-content\/uploads\/2025\/09\/WhatsApp-Image-2025-12-02-at-16.23.20.jpeg","width":700,"height":247,"caption":"Home of Wool"},"image":{"@id":"https:\/\/homeofwool.com\/#\/schema\/logo\/image\/"},"sameAs":["https:\/\/facebook.com\/HomeOfWoolOfficial"]}]}},"_links":{"self":[{"href":"https:\/\/homeofwool.com\/fi\/wp-json\/wp\/v2\/product\/228547","targetHints":{"allow":["GET"]}}],"collection":[{"href":"https:\/\/homeofwool.com\/fi\/wp-json\/wp\/v2\/product"}],"about":[{"href":"https:\/\/homeofwool.com\/fi\/wp-json\/wp\/v2\/types\/product"}],"version-history":[{"count":4,"href":"https:\/\/homeofwool.com\/fi\/wp-json\/wp\/v2\/product\/228547\/revisions"}],"predecessor-version":[{"id":228783,"href":"https:\/\/homeofwool.com\/fi\/wp-json\/wp\/v2\/product\/228547\/revisions\/228783"}],"wp:featuredmedia":[{"embeddable":true,"href":"https:\/\/homeofwool.com\/fi\/wp-json\/wp\/v2\/media\/228555"}],"wp:attachment":[{"href":"https:\/\/homeofwool.com\/fi\/wp-json\/wp\/v2\/media?parent=228547"}],"wp:term":[{"taxonomy":"product_brand","embeddable":true,"href":"https:\/\/homeofwool.com\/fi\/wp-json\/wp\/v2\/product_brand?post=228547"},{"taxonomy":"product_cat","embeddable":true,"href":"https:\/\/homeofwool.com\/fi\/wp-json\/wp\/v2\/product_cat?post=228547"},{"taxonomy":"product_tag","embeddable":true,"href":"https:\/\/homeofwool.com\/fi\/wp-json\/wp\/v2\/product_tag?post=228547"}],"curies":[{"name":"wp","href":"https:\/\/api.w.org\/{rel}","templated":true}]}}