{"id":227488,"date":"2026-01-21T10:18:00","date_gmt":"2026-01-21T10:18:00","guid":{"rendered":"https:\/\/homeofwool.com\/?post_type=product&#038;p=227488"},"modified":"2026-02-17T10:35:21","modified_gmt":"2026-02-17T10:35:21","slug":"ystavanpaiva-lahjakortti","status":"publish","type":"product","link":"https:\/\/homeofwool.com\/fi\/shop\/valentines-day-gift-card\/","title":{"rendered":"Yst\u00e4v\u00e4np\u00e4iv\u00e4n lahjakortti"},"content":{"rendered":"<p>Lahjoita t\u00e4n\u00e4 yst\u00e4v\u00e4np\u00e4iv\u00e4n\u00e4 muutakin kuin lahja - lahjoita l\u00e4mp\u00f6\u00e4, mukavuutta ja kodin tunnetta. \ud83e\udd0d<br \/>\nHome of Wool-lahjakortti on rakkauskirje pehmeiden tekstuurien, kodikkaiden hetkien ja ajattoman muotoilun muodossa.<br \/>\nLahjakorttimme antavat rakkautesi n\u00e4ky\u00e4 viel\u00e4 pitk\u00e4\u00e4n yst\u00e4v\u00e4np\u00e4iv\u00e4n j\u00e4lkeenkin, olipa kyseess\u00e4 sitten henkil\u00f6, joka t\u00e4ytt\u00e4\u00e4 el\u00e4m\u00e4si l\u00e4mm\u00f6ll\u00e4, tai muistutus siit\u00e4, ett\u00e4 sinun on syyt\u00e4 hemmotella itse\u00e4si ylim\u00e4\u00e4r\u00e4isell\u00e4 huolenpidolla.<br \/>\nSill\u00e4 parasta rakkautta on se, johon voi kietoutua.<\/p>\n<p>Lahjakortti on voimassa yhden vuoden ostop\u00e4iv\u00e4st\u00e4.<br \/>\nKortti l\u00e4hetet\u00e4\u00e4n s\u00e4hk\u00f6postitse, kun maksu on vastaanotettu.<br \/>\nLahjakortti voidaan k\u00e4ytt\u00e4\u00e4 kassalla.<br \/>\nSaldon voi tarkistaa t\u00e4\u00e4lt\u00e4: <a href=\"https:\/\/homeofwool.com\/fi\/lahjakortin-saldo\/\" target=\"_blank\" rel=\"noopener\">Lahjakortin saldo<\/a><\/p>","protected":false},"excerpt":{"rendered":"<p>This Valentine\u2019s Day, gift more than a present &#8211; gift warmth, comfort, and a feeling of home. \ud83e\udd0d A Home of Wool Gift Card is a love letter in the form of soft textures, cozy moments, and timeless design. Whether it\u2019s for someone who fills your life with warmth or a reminder to treat yourself [&hellip;]<\/p>\n","protected":false},"featured_media":227489,"template":"","meta":{"_acf_changed":false},"product_brand":[],"product_cat":[15],"product_tag":[126],"class_list":{"0":"post-227488","1":"product","2":"type-product","3":"status-publish","4":"has-post-thumbnail","6":"product_cat-uncategorized","7":"product_tag-gift-card","9":"first","10":"instock","11":"shipping-taxable","12":"purchasable","13":"product-type-pw-gift-card","14":"has-default-attributes"},"acf":[],"yoast_head":"<!-- This site is optimized with the Yoast SEO Premium plugin v27.4 (Yoast SEO v27.4) - https:\/\/yoast.com\/product\/yoast-seo-premium-wordpress\/ -->\n<title>Valentine\u2019s Day Gift Card | Home Of Wool<\/title>\n<meta name=\"description\" content=\"Give the gift of choice with a Home Of Wool Valentine\u2019s Day Gift Card. Perfect for undecisive couples, it lets your loved one pick their favorite wool products. Valid for 1 year and redeemable online.\" \/>\n<meta name=\"robots\" content=\"index, follow, max-snippet:-1, max-image-preview:large, max-video-preview:-1\" \/>\n<link rel=\"canonical\" href=\"https:\/\/homeofwool.com\/fi\/shop\/ystavanpaiva-lahjakortti\/\" \/>\n<meta property=\"og:locale\" content=\"fi_FI\" \/>\n<meta property=\"og:type\" content=\"article\" \/>\n<meta property=\"og:title\" content=\"Valentine&#039;s Day Gift Card\" \/>\n<meta property=\"og:description\" content=\"Give the gift of choice with a Home Of Wool Valentine\u2019s Day Gift Card. Perfect for undecisive couples, it lets your loved one pick their favorite wool products. Valid for 1 year and redeemable online.\" \/>\n<meta property=\"og:url\" content=\"https:\/\/homeofwool.com\/fi\/shop\/ystavanpaiva-lahjakortti\/\" \/>\n<meta property=\"og:site_name\" content=\"Home of Wool\" \/>\n<meta property=\"article:publisher\" content=\"https:\/\/facebook.com\/HomeOfWoolOfficial\" \/>\n<meta property=\"article:modified_time\" content=\"2026-02-17T10:35:21+00:00\" \/>\n<meta property=\"og:image\" content=\"https:\/\/homeofwool.com\/wp-content\/uploads\/2026\/01\/home_of_wool_valentines_gift_main.webp\" \/>\n\t<meta property=\"og:image:width\" content=\"1706\" \/>\n\t<meta property=\"og:image:height\" content=\"1365\" \/>\n\t<meta property=\"og:image:type\" content=\"image\/webp\" \/>\n<meta name=\"twitter:card\" content=\"summary_large_image\" \/>\n<meta name=\"twitter:label1\" content=\"Arvioitu lukuaika\" \/>\n\t<meta name=\"twitter:data1\" content=\"1 minuutti\" \/>\n<script type=\"application\/ld+json\" class=\"yoast-schema-graph\">{\"@context\":\"https:\\\/\\\/schema.org\",\"@graph\":[{\"@type\":\"WebPage\",\"@id\":\"https:\\\/\\\/homeofwool.com\\\/shop\\\/valentines-day-gift-card\\\/\",\"url\":\"https:\\\/\\\/homeofwool.com\\\/shop\\\/valentines-day-gift-card\\\/\",\"name\":\"Valentine\u2019s Day Gift Card | Home Of Wool\",\"isPartOf\":{\"@id\":\"https:\\\/\\\/homeofwool.com\\\/#website\"},\"primaryImageOfPage\":{\"@id\":\"https:\\\/\\\/homeofwool.com\\\/shop\\\/valentines-day-gift-card\\\/#primaryimage\"},\"image\":{\"@id\":\"https:\\\/\\\/homeofwool.com\\\/shop\\\/valentines-day-gift-card\\\/#primaryimage\"},\"thumbnailUrl\":\"https:\\\/\\\/homeofwool.com\\\/wp-content\\\/uploads\\\/2026\\\/01\\\/home_of_wool_valentines_gift_main.webp\",\"datePublished\":\"2026-01-21T10:18:00+00:00\",\"dateModified\":\"2026-02-17T10:35:21+00:00\",\"description\":\"Give the gift of choice with a Home Of Wool Valentine\u2019s Day Gift Card. Perfect for undecisive couples, it lets your loved one pick their favorite wool products. Valid for 1 year and redeemable online.\",\"breadcrumb\":{\"@id\":\"https:\\\/\\\/homeofwool.com\\\/shop\\\/valentines-day-gift-card\\\/#breadcrumb\"},\"inLanguage\":\"fi\",\"potentialAction\":[{\"@type\":\"ReadAction\",\"target\":[\"https:\\\/\\\/homeofwool.com\\\/shop\\\/valentines-day-gift-card\\\/\"]}]},{\"@type\":\"ImageObject\",\"inLanguage\":\"fi\",\"@id\":\"https:\\\/\\\/homeofwool.com\\\/shop\\\/valentines-day-gift-card\\\/#primaryimage\",\"url\":\"https:\\\/\\\/homeofwool.com\\\/wp-content\\\/uploads\\\/2026\\\/01\\\/home_of_wool_valentines_gift_main.webp\",\"contentUrl\":\"https:\\\/\\\/homeofwool.com\\\/wp-content\\\/uploads\\\/2026\\\/01\\\/home_of_wool_valentines_gift_main.webp\",\"width\":1706,\"height\":1365,\"caption\":\"home of wool valentine's day gift card with heards and ribbon\"},{\"@type\":\"BreadcrumbList\",\"@id\":\"https:\\\/\\\/homeofwool.com\\\/shop\\\/valentines-day-gift-card\\\/#breadcrumb\",\"itemListElement\":[{\"@type\":\"ListItem\",\"position\":1,\"name\":\"Home\",\"item\":\"https:\\\/\\\/homeofwool.com\\\/\"},{\"@type\":\"ListItem\",\"position\":2,\"name\":\"Products\",\"item\":\"https:\\\/\\\/homeofwool.com\\\/header-search-2\\\/\"},{\"@type\":\"ListItem\",\"position\":3,\"name\":\"Valentine&#8217;s Day Gift Card\"}]},{\"@type\":\"WebSite\",\"@id\":\"https:\\\/\\\/homeofwool.com\\\/#website\",\"url\":\"https:\\\/\\\/homeofwool.com\\\/\",\"name\":\"Home of Wool\",\"description\":\"\",\"publisher\":{\"@id\":\"https:\\\/\\\/homeofwool.com\\\/#organization\"},\"potentialAction\":[{\"@type\":\"SearchAction\",\"target\":{\"@type\":\"EntryPoint\",\"urlTemplate\":\"https:\\\/\\\/homeofwool.com\\\/?s={search_term_string}\"},\"query-input\":{\"@type\":\"PropertyValueSpecification\",\"valueRequired\":true,\"valueName\":\"search_term_string\"}}],\"inLanguage\":\"fi\"},{\"@type\":\"Organization\",\"@id\":\"https:\\\/\\\/homeofwool.com\\\/#organization\",\"name\":\"Home of Wool\",\"url\":\"https:\\\/\\\/homeofwool.com\\\/\",\"logo\":{\"@type\":\"ImageObject\",\"inLanguage\":\"fi\",\"@id\":\"https:\\\/\\\/homeofwool.com\\\/#\\\/schema\\\/logo\\\/image\\\/\",\"url\":\"https:\\\/\\\/homeofwool.com\\\/wp-content\\\/uploads\\\/2025\\\/09\\\/WhatsApp-Image-2025-12-02-at-16.23.20.jpeg\",\"contentUrl\":\"https:\\\/\\\/homeofwool.com\\\/wp-content\\\/uploads\\\/2025\\\/09\\\/WhatsApp-Image-2025-12-02-at-16.23.20.jpeg\",\"width\":700,\"height\":247,\"caption\":\"Home of Wool\"},\"image\":{\"@id\":\"https:\\\/\\\/homeofwool.com\\\/#\\\/schema\\\/logo\\\/image\\\/\"},\"sameAs\":[\"https:\\\/\\\/facebook.com\\\/HomeOfWoolOfficial\"]}]}<\/script>\n<!-- \/ Yoast SEO Premium plugin. -->","yoast_head_json":{"title":"Yst\u00e4v\u00e4np\u00e4iv\u00e4n lahjakortti | Home Of Wool","description":"Anna valinnanvapauden lahja Home Of Woolin yst\u00e4v\u00e4np\u00e4iv\u00e4lahjakortilla. Se sopii t\u00e4ydellisesti p\u00e4\u00e4tt\u00e4m\u00e4tt\u00f6mille pariskunnille, sill\u00e4 sen avulla rakkaasi voi valita suosikkivillatuotteensa. Voimassa 1 vuoden ajan ja lunastettavissa verkossa.","robots":{"index":"index","follow":"follow","max-snippet":"max-snippet:-1","max-image-preview":"max-image-preview:large","max-video-preview":"max-video-preview:-1"},"canonical":"https:\/\/homeofwool.com\/fi\/shop\/ystavanpaiva-lahjakortti\/","og_locale":"fi_FI","og_type":"article","og_title":"Valentine's Day Gift Card","og_description":"Give the gift of choice with a Home Of Wool Valentine\u2019s Day Gift Card. Perfect for undecisive couples, it lets your loved one pick their favorite wool products. Valid for 1 year and redeemable online.","og_url":"https:\/\/homeofwool.com\/fi\/shop\/ystavanpaiva-lahjakortti\/","og_site_name":"Home of Wool","article_publisher":"https:\/\/facebook.com\/HomeOfWoolOfficial","article_modified_time":"2026-02-17T10:35:21+00:00","og_image":[{"width":1706,"height":1365,"url":"https:\/\/homeofwool.com\/wp-content\/uploads\/2026\/01\/home_of_wool_valentines_gift_main.webp","type":"image\/webp"}],"twitter_card":"summary_large_image","twitter_misc":{"Arvioitu lukuaika":"1 minuutti"},"schema":{"@context":"https:\/\/schema.org","@graph":[{"@type":"WebPage","@id":"https:\/\/homeofwool.com\/shop\/valentines-day-gift-card\/","url":"https:\/\/homeofwool.com\/shop\/valentines-day-gift-card\/","name":"Yst\u00e4v\u00e4np\u00e4iv\u00e4n lahjakortti | Home Of Wool","isPartOf":{"@id":"https:\/\/homeofwool.com\/#website"},"primaryImageOfPage":{"@id":"https:\/\/homeofwool.com\/shop\/valentines-day-gift-card\/#primaryimage"},"image":{"@id":"https:\/\/homeofwool.com\/shop\/valentines-day-gift-card\/#primaryimage"},"thumbnailUrl":"https:\/\/homeofwool.com\/wp-content\/uploads\/2026\/01\/home_of_wool_valentines_gift_main.webp","datePublished":"2026-01-21T10:18:00+00:00","dateModified":"2026-02-17T10:35:21+00:00","description":"Anna valinnanvapauden lahja Home Of Woolin yst\u00e4v\u00e4np\u00e4iv\u00e4lahjakortilla. Se sopii t\u00e4ydellisesti p\u00e4\u00e4tt\u00e4m\u00e4tt\u00f6mille pariskunnille, sill\u00e4 sen avulla rakkaasi voi valita suosikkivillatuotteensa. Voimassa 1 vuoden ajan ja lunastettavissa verkossa.","breadcrumb":{"@id":"https:\/\/homeofwool.com\/shop\/valentines-day-gift-card\/#breadcrumb"},"inLanguage":"fi","potentialAction":[{"@type":"ReadAction","target":["https:\/\/homeofwool.com\/shop\/valentines-day-gift-card\/"]}]},{"@type":"ImageObject","inLanguage":"fi","@id":"https:\/\/homeofwool.com\/shop\/valentines-day-gift-card\/#primaryimage","url":"https:\/\/homeofwool.com\/wp-content\/uploads\/2026\/01\/home_of_wool_valentines_gift_main.webp","contentUrl":"https:\/\/homeofwool.com\/wp-content\/uploads\/2026\/01\/home_of_wool_valentines_gift_main.webp","width":1706,"height":1365,"caption":"home of wool valentine's day gift card with heards and ribbon"},{"@type":"BreadcrumbList","@id":"https:\/\/homeofwool.com\/shop\/valentines-day-gift-card\/#breadcrumb","itemListElement":[{"@type":"ListItem","position":1,"name":"Home","item":"https:\/\/homeofwool.com\/"},{"@type":"ListItem","position":2,"name":"Products","item":"https:\/\/homeofwool.com\/header-search-2\/"},{"@type":"ListItem","position":3,"name":"Valentine&#8217;s Day Gift Card"}]},{"@type":"WebSite","@id":"https:\/\/homeofwool.com\/#website","url":"https:\/\/homeofwool.com\/","name":"Villan koti","description":"","publisher":{"@id":"https:\/\/homeofwool.com\/#organization"},"potentialAction":[{"@type":"SearchAction","target":{"@type":"EntryPoint","urlTemplate":"https:\/\/homeofwool.com\/?s={search_term_string}"},"query-input":{"@type":"PropertyValueSpecification","valueRequired":true,"valueName":"search_term_string"}}],"inLanguage":"fi"},{"@type":"Organization","@id":"https:\/\/homeofwool.com\/#organization","name":"Villan koti","url":"https:\/\/homeofwool.com\/","logo":{"@type":"ImageObject","inLanguage":"fi","@id":"https:\/\/homeofwool.com\/#\/schema\/logo\/image\/","url":"https:\/\/homeofwool.com\/wp-content\/uploads\/2025\/09\/WhatsApp-Image-2025-12-02-at-16.23.20.jpeg","contentUrl":"https:\/\/homeofwool.com\/wp-content\/uploads\/2025\/09\/WhatsApp-Image-2025-12-02-at-16.23.20.jpeg","width":700,"height":247,"caption":"Home of Wool"},"image":{"@id":"https:\/\/homeofwool.com\/#\/schema\/logo\/image\/"},"sameAs":["https:\/\/facebook.com\/HomeOfWoolOfficial"]}]}},"_links":{"self":[{"href":"https:\/\/homeofwool.com\/fi\/wp-json\/wp\/v2\/product\/227488","targetHints":{"allow":["GET"]}}],"collection":[{"href":"https:\/\/homeofwool.com\/fi\/wp-json\/wp\/v2\/product"}],"about":[{"href":"https:\/\/homeofwool.com\/fi\/wp-json\/wp\/v2\/types\/product"}],"version-history":[{"count":4,"href":"https:\/\/homeofwool.com\/fi\/wp-json\/wp\/v2\/product\/227488\/revisions"}],"predecessor-version":[{"id":227923,"href":"https:\/\/homeofwool.com\/fi\/wp-json\/wp\/v2\/product\/227488\/revisions\/227923"}],"wp:featuredmedia":[{"embeddable":true,"href":"https:\/\/homeofwool.com\/fi\/wp-json\/wp\/v2\/media\/227489"}],"wp:attachment":[{"href":"https:\/\/homeofwool.com\/fi\/wp-json\/wp\/v2\/media?parent=227488"}],"wp:term":[{"taxonomy":"product_brand","embeddable":true,"href":"https:\/\/homeofwool.com\/fi\/wp-json\/wp\/v2\/product_brand?post=227488"},{"taxonomy":"product_cat","embeddable":true,"href":"https:\/\/homeofwool.com\/fi\/wp-json\/wp\/v2\/product_cat?post=227488"},{"taxonomy":"product_tag","embeddable":true,"href":"https:\/\/homeofwool.com\/fi\/wp-json\/wp\/v2\/product_tag?post=227488"}],"curies":[{"name":"wp","href":"https:\/\/api.w.org\/{rel}","templated":true}]}}