{"id":226551,"date":"2025-12-12T11:33:41","date_gmt":"2025-12-12T11:33:41","guid":{"rendered":"https:\/\/homeofwool.com\/?post_type=product&#038;p=226551"},"modified":"2026-02-17T10:35:22","modified_gmt":"2026-02-17T10:35:22","slug":"merinovillainen-pipo-ja-kaulahuivi","status":"publish","type":"product","link":"https:\/\/homeofwool.com\/fi\/shop\/merino-wool-beanie-and-neck-gaiter\/","title":{"rendered":"Merinovillainen pipo ja kaulahuivi"},"content":{"rendered":"<p>Loimme t\u00e4m\u00e4n merinovillaisen hatun ja kaulurin alun perin retkeily\u00e4 varten. Halusimme jotain kevytt\u00e4, puhdasta ja luonnollista. Se oli osa Nomad Heat-mallistoamme, joka oli suunniteltu ulkoiluun ja rauhallisiin iltoihin nuotion \u00e4\u00e4rell\u00e4. Pian huomasimme kuitenkin, ett\u00e4 niiden mukavuus ulottui paljon pidemm\u00e4lle kuin leirint\u00e4alueelle. N\u00e4m\u00e4 tuotteet sopivat yht\u00e4 hyvin jokap\u00e4iv\u00e4iseen el\u00e4m\u00e4\u00e4n. Kaupunkik\u00e4velyille, puistossa k\u00e4velyille tai yksinkertaisesti p\u00e4ivitt\u00e4isiin askareisiin.<\/p>\n<p>Kangas on puhdasta merinovillajerseyt\u00e4, joka tuntuu pehme\u00e4lt\u00e4 iholla ja jonka voi unohtaa p\u00e4\u00e4ll\u00e4\u00e4n. Se l\u00e4mmitt\u00e4\u00e4, kun ilma kylmenee, ja antaa hengitt\u00e4\u00e4 vapaasti, kun ilma on l\u00e4mmin. Ei synteettisi\u00e4 materiaaleja, ei pinnoitteita, vain villa, joka tekee sen, mit\u00e4 se osaa parhaiten.<\/p>\n<p>Kevyt hattu ja kaulanl\u00e4mmitin mahtuvat taskuun, kuivuvat nopeasti eiv\u00e4tk\u00e4 kutita. Voit k\u00e4ytt\u00e4\u00e4 niit\u00e4 merinovillaisena huivina, kaulahuivina tai kasvosuojana. Yksinkertainen, kest\u00e4v\u00e4 mukavuus. Valmistettu kulkemaan mukanasi minne tahansa ja kest\u00e4m\u00e4\u00e4n vuosien ajan.<\/p>","protected":false},"excerpt":{"rendered":"<p>N\u00e4m\u00e4 100%-merinovillaiset pipo ja kaulahuivi kuuluvat Nomad Heat-retkeilyvarusteiden sarjaan ja ovat kaksi sellaista vaatekappaletta, joita p\u00e4\u00e4dyt k\u00e4ytt\u00e4m\u00e4\u00e4n kaikkialla. Luonnollisesti kevyet ja hengitt\u00e4v\u00e4t ne pit\u00e4v\u00e4t sinut l\u00e4mpim\u00e4n\u00e4 ulkona ja mukavana koko p\u00e4iv\u00e4n. Pehme\u00e4 merinovillainen pipo ja kaulahuivi, jotka sopivat yht\u00e4 hyvin luontoon kuin arkeen.<\/p>","protected":false},"featured_media":226559,"template":"","meta":{"_acf_changed":false},"product_brand":[],"product_cat":[282],"product_tag":[],"class_list":{"0":"post-226551","1":"product","2":"type-product","3":"status-publish","4":"has-post-thumbnail","6":"product_cat-overlanding-camping","8":"first","9":"instock","10":"shipping-taxable","11":"purchasable","12":"product-type-variable"},"acf":[],"yoast_head":"<!-- This site is optimized with the Yoast SEO Premium plugin v27.5 (Yoast SEO v27.5) - https:\/\/yoast.com\/product\/yoast-seo-premium-wordpress\/ -->\n<title>Beanie and Neck Warmer \u2013 Natural Merino Wool\u200b | Nomad Heat<\/title>\n<meta name=\"description\" content=\"Discover all-season comfort with our lightweight merino wool neck gaiter and beanie \u2014 ultra-soft, breathable, and odor-resistant. Perfect for hiking, travel, or everyday wear.\" \/>\n<meta name=\"robots\" content=\"index, follow, max-snippet:-1, max-image-preview:large, max-video-preview:-1\" \/>\n<link rel=\"canonical\" href=\"https:\/\/homeofwool.com\/fi\/shop\/merinovillainen-pipo-ja-kaulahuivi\/\" \/>\n<meta property=\"og:locale\" content=\"fi_FI\" \/>\n<meta property=\"og:type\" content=\"article\" \/>\n<meta property=\"og:title\" content=\"Merino Wool Beanie and Neck Gaiter\" \/>\n<meta property=\"og:description\" content=\"Discover all-season comfort with our lightweight merino wool neck gaiter and beanie \u2014 ultra-soft, breathable, and odor-resistant. Perfect for hiking, travel, or everyday wear.\" \/>\n<meta property=\"og:url\" content=\"https:\/\/homeofwool.com\/fi\/shop\/merinovillainen-pipo-ja-kaulahuivi\/\" \/>\n<meta property=\"og:site_name\" content=\"Home of Wool\" \/>\n<meta property=\"article:publisher\" content=\"https:\/\/facebook.com\/HomeOfWoolOfficial\" \/>\n<meta property=\"article:modified_time\" content=\"2026-02-17T10:35:22+00:00\" \/>\n<meta property=\"og:image\" content=\"https:\/\/homeofwool.com\/wp-content\/uploads\/2025\/12\/home-of-wool-nomad-beanie-buff-fine-merino-main.jpg\" \/>\n\t<meta property=\"og:image:width\" content=\"2000\" \/>\n\t<meta property=\"og:image:height\" content=\"1601\" \/>\n\t<meta property=\"og:image:type\" content=\"image\/jpeg\" \/>\n<meta name=\"twitter:card\" content=\"summary_large_image\" \/>\n<meta name=\"twitter:label1\" content=\"Arvioitu lukuaika\" \/>\n\t<meta name=\"twitter:data1\" content=\"1 minuutti\" \/>\n<script type=\"application\/ld+json\" class=\"yoast-schema-graph\">{\"@context\":\"https:\\\/\\\/schema.org\",\"@graph\":[{\"@type\":\"WebPage\",\"@id\":\"https:\\\/\\\/homeofwool.com\\\/shop\\\/merino-wool-beanie-and-neck-gaiter\\\/\",\"url\":\"https:\\\/\\\/homeofwool.com\\\/shop\\\/merino-wool-beanie-and-neck-gaiter\\\/\",\"name\":\"Beanie and Neck Warmer \u2013 Natural Merino Wool\u200b | Nomad Heat\",\"isPartOf\":{\"@id\":\"https:\\\/\\\/homeofwool.com\\\/#website\"},\"primaryImageOfPage\":{\"@id\":\"https:\\\/\\\/homeofwool.com\\\/shop\\\/merino-wool-beanie-and-neck-gaiter\\\/#primaryimage\"},\"image\":{\"@id\":\"https:\\\/\\\/homeofwool.com\\\/shop\\\/merino-wool-beanie-and-neck-gaiter\\\/#primaryimage\"},\"thumbnailUrl\":\"https:\\\/\\\/homeofwool.com\\\/wp-content\\\/uploads\\\/2025\\\/12\\\/home-of-wool-nomad-beanie-buff-fine-merino-main.jpg\",\"datePublished\":\"2025-12-12T11:33:41+00:00\",\"dateModified\":\"2026-02-17T10:35:22+00:00\",\"description\":\"Discover all-season comfort with our lightweight merino wool neck gaiter and beanie \u2014 ultra-soft, breathable, and odor-resistant. Perfect for hiking, travel, or everyday wear.\",\"breadcrumb\":{\"@id\":\"https:\\\/\\\/homeofwool.com\\\/shop\\\/merino-wool-beanie-and-neck-gaiter\\\/#breadcrumb\"},\"inLanguage\":\"fi\",\"potentialAction\":[{\"@type\":\"ReadAction\",\"target\":[\"https:\\\/\\\/homeofwool.com\\\/shop\\\/merino-wool-beanie-and-neck-gaiter\\\/\"]}]},{\"@type\":\"ImageObject\",\"inLanguage\":\"fi\",\"@id\":\"https:\\\/\\\/homeofwool.com\\\/shop\\\/merino-wool-beanie-and-neck-gaiter\\\/#primaryimage\",\"url\":\"https:\\\/\\\/homeofwool.com\\\/wp-content\\\/uploads\\\/2025\\\/12\\\/home-of-wool-nomad-beanie-buff-fine-merino-main.jpg\",\"contentUrl\":\"https:\\\/\\\/homeofwool.com\\\/wp-content\\\/uploads\\\/2025\\\/12\\\/home-of-wool-nomad-beanie-buff-fine-merino-main.jpg\",\"width\":2000,\"height\":1601,\"caption\":\"man with sunglasses on a motorcycle with nomad heat beanie and neck gaiter with sky in the background\"},{\"@type\":\"BreadcrumbList\",\"@id\":\"https:\\\/\\\/homeofwool.com\\\/shop\\\/merino-wool-beanie-and-neck-gaiter\\\/#breadcrumb\",\"itemListElement\":[{\"@type\":\"ListItem\",\"position\":1,\"name\":\"Home\",\"item\":\"https:\\\/\\\/homeofwool.com\\\/\"},{\"@type\":\"ListItem\",\"position\":2,\"name\":\"Products\",\"item\":\"https:\\\/\\\/homeofwool.com\\\/header-search-2\\\/\"},{\"@type\":\"ListItem\",\"position\":3,\"name\":\"Merino Wool Beanie and Neck Gaiter\"}]},{\"@type\":\"WebSite\",\"@id\":\"https:\\\/\\\/homeofwool.com\\\/#website\",\"url\":\"https:\\\/\\\/homeofwool.com\\\/\",\"name\":\"Home of Wool\",\"description\":\"\",\"publisher\":{\"@id\":\"https:\\\/\\\/homeofwool.com\\\/#organization\"},\"potentialAction\":[{\"@type\":\"SearchAction\",\"target\":{\"@type\":\"EntryPoint\",\"urlTemplate\":\"https:\\\/\\\/homeofwool.com\\\/?s={search_term_string}\"},\"query-input\":{\"@type\":\"PropertyValueSpecification\",\"valueRequired\":true,\"valueName\":\"search_term_string\"}}],\"inLanguage\":\"fi\"},{\"@type\":\"Organization\",\"@id\":\"https:\\\/\\\/homeofwool.com\\\/#organization\",\"name\":\"Home of Wool\",\"url\":\"https:\\\/\\\/homeofwool.com\\\/\",\"logo\":{\"@type\":\"ImageObject\",\"inLanguage\":\"fi\",\"@id\":\"https:\\\/\\\/homeofwool.com\\\/#\\\/schema\\\/logo\\\/image\\\/\",\"url\":\"https:\\\/\\\/homeofwool.com\\\/wp-content\\\/uploads\\\/2025\\\/09\\\/WhatsApp-Image-2025-12-02-at-16.23.20.jpeg\",\"contentUrl\":\"https:\\\/\\\/homeofwool.com\\\/wp-content\\\/uploads\\\/2025\\\/09\\\/WhatsApp-Image-2025-12-02-at-16.23.20.jpeg\",\"width\":700,\"height\":247,\"caption\":\"Home of Wool\"},\"image\":{\"@id\":\"https:\\\/\\\/homeofwool.com\\\/#\\\/schema\\\/logo\\\/image\\\/\"},\"sameAs\":[\"https:\\\/\\\/facebook.com\\\/HomeOfWoolOfficial\"]}]}<\/script>\n<!-- \/ Yoast SEO Premium plugin. -->","yoast_head_json":{"title":"Pipo ja kaulahuivi \u2013 luonnollista merinovillaa | Nomad Heat","description":"Koe mukavuus kaikkina vuodenaikoina kevyell\u00e4 merinovillaisella kaulahuivilla ja pipolla \u2013 eritt\u00e4in pehme\u00e4, hengitt\u00e4v\u00e4 ja hajua hylkiv\u00e4. T\u00e4ydellinen vaellukseen, matkustamiseen tai jokap\u00e4iv\u00e4iseen k\u00e4ytt\u00f6\u00f6n.","robots":{"index":"index","follow":"follow","max-snippet":"max-snippet:-1","max-image-preview":"max-image-preview:large","max-video-preview":"max-video-preview:-1"},"canonical":"https:\/\/homeofwool.com\/fi\/shop\/merinovillainen-pipo-ja-kaulahuivi\/","og_locale":"fi_FI","og_type":"article","og_title":"Merino Wool Beanie and Neck Gaiter","og_description":"Discover all-season comfort with our lightweight merino wool neck gaiter and beanie \u2014 ultra-soft, breathable, and odor-resistant. Perfect for hiking, travel, or everyday wear.","og_url":"https:\/\/homeofwool.com\/fi\/shop\/merinovillainen-pipo-ja-kaulahuivi\/","og_site_name":"Home of Wool","article_publisher":"https:\/\/facebook.com\/HomeOfWoolOfficial","article_modified_time":"2026-02-17T10:35:22+00:00","og_image":[{"width":2000,"height":1601,"url":"https:\/\/homeofwool.com\/wp-content\/uploads\/2025\/12\/home-of-wool-nomad-beanie-buff-fine-merino-main.jpg","type":"image\/jpeg"}],"twitter_card":"summary_large_image","twitter_misc":{"Arvioitu lukuaika":"1 minuutti"},"schema":{"@context":"https:\/\/schema.org","@graph":[{"@type":"WebPage","@id":"https:\/\/homeofwool.com\/shop\/merino-wool-beanie-and-neck-gaiter\/","url":"https:\/\/homeofwool.com\/shop\/merino-wool-beanie-and-neck-gaiter\/","name":"Pipo ja kaulahuivi \u2013 luonnollista merinovillaa | Nomad Heat","isPartOf":{"@id":"https:\/\/homeofwool.com\/#website"},"primaryImageOfPage":{"@id":"https:\/\/homeofwool.com\/shop\/merino-wool-beanie-and-neck-gaiter\/#primaryimage"},"image":{"@id":"https:\/\/homeofwool.com\/shop\/merino-wool-beanie-and-neck-gaiter\/#primaryimage"},"thumbnailUrl":"https:\/\/homeofwool.com\/wp-content\/uploads\/2025\/12\/home-of-wool-nomad-beanie-buff-fine-merino-main.jpg","datePublished":"2025-12-12T11:33:41+00:00","dateModified":"2026-02-17T10:35:22+00:00","description":"Koe mukavuus kaikkina vuodenaikoina kevyell\u00e4 merinovillaisella kaulahuivilla ja pipolla \u2013 eritt\u00e4in pehme\u00e4, hengitt\u00e4v\u00e4 ja hajua hylkiv\u00e4. T\u00e4ydellinen vaellukseen, matkustamiseen tai jokap\u00e4iv\u00e4iseen k\u00e4ytt\u00f6\u00f6n.","breadcrumb":{"@id":"https:\/\/homeofwool.com\/shop\/merino-wool-beanie-and-neck-gaiter\/#breadcrumb"},"inLanguage":"fi","potentialAction":[{"@type":"ReadAction","target":["https:\/\/homeofwool.com\/shop\/merino-wool-beanie-and-neck-gaiter\/"]}]},{"@type":"ImageObject","inLanguage":"fi","@id":"https:\/\/homeofwool.com\/shop\/merino-wool-beanie-and-neck-gaiter\/#primaryimage","url":"https:\/\/homeofwool.com\/wp-content\/uploads\/2025\/12\/home-of-wool-nomad-beanie-buff-fine-merino-main.jpg","contentUrl":"https:\/\/homeofwool.com\/wp-content\/uploads\/2025\/12\/home-of-wool-nomad-beanie-buff-fine-merino-main.jpg","width":2000,"height":1601,"caption":"man with sunglasses on a motorcycle with nomad heat beanie and neck gaiter with sky in the background"},{"@type":"BreadcrumbList","@id":"https:\/\/homeofwool.com\/shop\/merino-wool-beanie-and-neck-gaiter\/#breadcrumb","itemListElement":[{"@type":"ListItem","position":1,"name":"Home","item":"https:\/\/homeofwool.com\/"},{"@type":"ListItem","position":2,"name":"Products","item":"https:\/\/homeofwool.com\/header-search-2\/"},{"@type":"ListItem","position":3,"name":"Merino Wool Beanie and Neck Gaiter"}]},{"@type":"WebSite","@id":"https:\/\/homeofwool.com\/#website","url":"https:\/\/homeofwool.com\/","name":"Villan koti","description":"","publisher":{"@id":"https:\/\/homeofwool.com\/#organization"},"potentialAction":[{"@type":"SearchAction","target":{"@type":"EntryPoint","urlTemplate":"https:\/\/homeofwool.com\/?s={search_term_string}"},"query-input":{"@type":"PropertyValueSpecification","valueRequired":true,"valueName":"search_term_string"}}],"inLanguage":"fi"},{"@type":"Organization","@id":"https:\/\/homeofwool.com\/#organization","name":"Villan koti","url":"https:\/\/homeofwool.com\/","logo":{"@type":"ImageObject","inLanguage":"fi","@id":"https:\/\/homeofwool.com\/#\/schema\/logo\/image\/","url":"https:\/\/homeofwool.com\/wp-content\/uploads\/2025\/09\/WhatsApp-Image-2025-12-02-at-16.23.20.jpeg","contentUrl":"https:\/\/homeofwool.com\/wp-content\/uploads\/2025\/09\/WhatsApp-Image-2025-12-02-at-16.23.20.jpeg","width":700,"height":247,"caption":"Home of Wool"},"image":{"@id":"https:\/\/homeofwool.com\/#\/schema\/logo\/image\/"},"sameAs":["https:\/\/facebook.com\/HomeOfWoolOfficial"]}]}},"_links":{"self":[{"href":"https:\/\/homeofwool.com\/fi\/wp-json\/wp\/v2\/product\/226551","targetHints":{"allow":["GET"]}}],"collection":[{"href":"https:\/\/homeofwool.com\/fi\/wp-json\/wp\/v2\/product"}],"about":[{"href":"https:\/\/homeofwool.com\/fi\/wp-json\/wp\/v2\/types\/product"}],"version-history":[{"count":3,"href":"https:\/\/homeofwool.com\/fi\/wp-json\/wp\/v2\/product\/226551\/revisions"}],"predecessor-version":[{"id":228039,"href":"https:\/\/homeofwool.com\/fi\/wp-json\/wp\/v2\/product\/226551\/revisions\/228039"}],"wp:featuredmedia":[{"embeddable":true,"href":"https:\/\/homeofwool.com\/fi\/wp-json\/wp\/v2\/media\/226559"}],"wp:attachment":[{"href":"https:\/\/homeofwool.com\/fi\/wp-json\/wp\/v2\/media?parent=226551"}],"wp:term":[{"taxonomy":"product_brand","embeddable":true,"href":"https:\/\/homeofwool.com\/fi\/wp-json\/wp\/v2\/product_brand?post=226551"},{"taxonomy":"product_cat","embeddable":true,"href":"https:\/\/homeofwool.com\/fi\/wp-json\/wp\/v2\/product_cat?post=226551"},{"taxonomy":"product_tag","embeddable":true,"href":"https:\/\/homeofwool.com\/fi\/wp-json\/wp\/v2\/product_tag?post=226551"}],"curies":[{"name":"wp","href":"https:\/\/api.w.org\/{rel}","templated":true}]}}