{"id":223729,"date":"2025-11-03T07:23:34","date_gmt":"2025-11-03T07:23:34","guid":{"rendered":"https:\/\/homeofwool.com\/?post_type=product&#038;p=223729"},"modified":"2026-01-30T12:29:24","modified_gmt":"2026-01-30T12:29:24","slug":"kauneusunisarja","status":"publish","type":"product","link":"https:\/\/homeofwool.com\/fi\/shop\/beauty-sleep-set\/","title":{"rendered":"Beauty Sleep Set - Mulberry Silk"},"content":{"rendered":"<p class=\"ql-block\" data-block-id=\"block-d767229f-9309-43d7-b80b-4dd5071d5417\">Her\u00e4\u00e4 s\u00e4teilev\u00e4\u00e4n ihoon ja kiilt\u00e4viin hiuksiin Home of Wool Beauty Sleep Setin avulla. T\u00e4m\u00e4 on sinun kaikki yhdess\u00e4 anti-aging-unisettisi. Mulperisilkki tuntuu kevyelt\u00e4 ja pehme\u00e4lt\u00e4. Se on hell\u00e4varainen iholle ja hiuksille. Se auttaa niit\u00e4 s\u00e4ilytt\u00e4m\u00e4\u00e4n luonnollisen pehmeytens\u00e4 ja kiiltonsa. Salaisuus? Luonnonsilkki on t\u00e4ynn\u00e4 aminohappoja, jotka auttavat pit\u00e4m\u00e4\u00e4n ne silein\u00e4 ja tervein\u00e4.<\/p>\n<p class=\"ql-block\" data-block-id=\"block-4af61955-2fbb-4b68-944f-e51489de79f1\">Villat\u00e4ytteinen silkkinen unimaski yhdist\u00e4\u00e4 viilent\u00e4v\u00e4n silkin ja hengitt\u00e4v\u00e4n villan. Se sulkee valon ja tukee raikkaampia aamuja. Kaikki t\u00e4m\u00e4 samalla, kun se kosteuttaa kasvojasi unen aikana.<\/p>\n<p class=\"ql-block\" data-block-id=\"block-88e52b3d-a6b4-4c27-880c-c2d9c119e642\">Silkkinen hiusk\u00e4\u00e4re suojaa hiussuortuvia kitkalta ja kuivuudelta, auttaa v\u00e4hent\u00e4m\u00e4\u00e4n rikkoutumista ja s\u00e4ilytt\u00e4m\u00e4\u00e4n kiillon nukkuessasi. Silkkinen hiuspanta pit\u00e4\u00e4 hiuksesi mukavasti paikoillaan ihonhoitorituaalien aikana. Hiuslenkki t\u00e4ydent\u00e4\u00e4 setin ja sopii t\u00e4ydellisesti kotik\u00e4ytt\u00f6\u00f6n tai tyylikk\u00e4\u00e4ksi arjen asusteeksi.<\/p>\n<p class=\"ql-block\" data-block-id=\"block-993a3a38-7ca1-4e77-8346-fafca4904f15\">Sarjalla on oma silkkipussinsa, joka pit\u00e4\u00e4 kaiken j\u00e4rjestyksess\u00e4. Lis\u00e4varusteet voi ostaa erikseen, mutta kun valitset t\u00e4ydellisen setin, saat hiusraudan ja silkkipussin lahjaksi.<\/p>\n<p data-block-id=\"block-993a3a38-7ca1-4e77-8346-fafca4904f15\">Valinnainen silkkinen tyynyliina:<\/p>\n<ul>\n<li data-block-id=\"block-993a3a38-7ca1-4e77-8346-fafca4904f15\">Koko: 50,8 x 66 cm<\/li>\n<\/ul>","protected":false},"excerpt":{"rendered":"<p>Koe todellista y\u00f6llist\u00e4 ylellisyytt\u00e4 Beauty Sleep Setill\u00e4. Anti-aging-unisetti, joka on tehty ravitsemaan ihoa ja hiuksia levon aikana. Nipussa on silkkinen uninaamio villat\u00e4ytteell\u00e4, silkkinen hiusk\u00e4\u00e4re, silkkinen hiusnauha ja hiusnauha. Koko kokoelma on valmistettu puhtaasta Mulberry-silkist\u00e4. Ei v\u00e4riaineita tai kemiallisia viimeistelyj\u00e4.<\/p>\n<div class=\"global-icon-set\">\n<div class=\"global-icon-set__items\">\n<div class=\"global-icon-set__item\">\n<div class=\"global-icon-set__image\">\n                                    <img decoding=\"async\" src=\"https:\/\/homeofwool.com\/wp-content\/uploads\/2025\/09\/handmade-icon-300x300.png\" alt=\"k\u00e4sintehty kuvake\" \/>\n                                <\/div>\n<div class=\"global-icon-set__title\">K\u00e4sintehty<\/div>\n<\/p><\/div>\n<div class=\"global-icon-set__item\">\n<div class=\"global-icon-set__image\">\n                                    <img decoding=\"async\" src=\"https:\/\/homeofwool.com\/wp-content\/uploads\/2025\/09\/VOCs-min-300x300.png\" alt=\"vocs vapaa\" \/>\n                                <\/div>\n<div class=\"global-icon-set__title\">VOC-vapaa<\/div>\n<\/p><\/div>\n<div class=\"global-icon-set__item\">\n<div class=\"global-icon-set__image\">\n                                    <img decoding=\"async\" src=\"https:\/\/homeofwool.com\/wp-content\/uploads\/2025\/09\/FR-min-300x300.png\" alt=\"palonkest\u00e4v\u00e4 kuvake\" \/>\n                                <\/div>\n<div class=\"global-icon-set__title\">Liekinkest\u00e4v\u00e4<\/div>\n<\/p><\/div>\n<div class=\"global-icon-set__item\">\n<div class=\"global-icon-set__image\">\n                                    <img decoding=\"async\" src=\"https:\/\/homeofwool.com\/wp-content\/uploads\/2025\/09\/Hypoallergenic-min-300x300.png\" alt=\"hypoallergeeninen kuvake\" \/>\n                                <\/div>\n<div class=\"global-icon-set__title\">Hypoallergeeninen<\/div>\n<\/p><\/div>\n<div class=\"global-icon-set__item\">\n<div class=\"global-icon-set__image\">\n                                    <img decoding=\"async\" src=\"https:\/\/homeofwool.com\/wp-content\/uploads\/2025\/09\/free-of-synthetics-icon-300x300.png\" alt=\"synteettisi\u00e4 aineita sis\u00e4lt\u00e4m\u00e4t\u00f6n kuvake\" \/>\n                                <\/div>\n<div class=\"global-icon-set__title\">Vapaa synteettisist\u00e4 aineista<\/div>\n<\/p><\/div>\n<div class=\"global-icon-set__item\">\n<div class=\"global-icon-set__image\">\n                                    <img decoding=\"async\" src=\"https:\/\/homeofwool.com\/wp-content\/uploads\/2025\/09\/chemical-free-icon-300x300.png\" alt=\"kemikaalivapaa kuvake\" \/>\n                                <\/div>\n<div class=\"global-icon-set__title\">Kemikaalivapaa<\/div>\n<\/p><\/div>\n<div class=\"global-icon-set__item\">\n<div class=\"global-icon-set__image\">\n                                    <img decoding=\"async\" src=\"https:\/\/homeofwool.com\/wp-content\/uploads\/2025\/09\/certified-materials-icon-300x300.png\" alt=\"sertifioitujen materiaalien kuvake\" \/>\n                                <\/div>\n<div class=\"global-icon-set__title\">100% Puhtaat sertifioidut materiaalit<\/div>\n<\/p><\/div>\n<\/p><\/div>\n<\/p><\/div>","protected":false},"featured_media":223731,"template":"","meta":{"_acf_changed":false},"product_brand":[],"product_cat":[557,1366,590,558],"product_tag":[],"class_list":{"0":"post-223729","1":"product","2":"type-product","3":"status-publish","4":"has-post-thumbnail","6":"product_cat-new","7":"product_cat-womens-day","8":"product_cat-accessories","9":"product_cat-zero-waste-accessories","11":"first","12":"instock","13":"shipping-taxable","14":"purchasable","15":"product-type-simple"},"acf":[],"yoast_head":"<!-- This site is optimized with the Yoast SEO Premium plugin v27.3 (Yoast SEO v27.3) - https:\/\/yoast.com\/product\/yoast-seo-premium-wordpress\/ -->\n<title>Beauty Sleep Silk Set \u2013 Anti-Aging Sleep Kit | Home of Wool<\/title>\n<meta name=\"description\" content=\"Wake up radiant with this anti-aging sleep kit of pure Mulberry silk and breathable wool\u2014nourishing skin, protecting hair, and enhancing your natural glow overnight.\" \/>\n<meta name=\"robots\" content=\"index, follow, max-snippet:-1, max-image-preview:large, max-video-preview:-1\" \/>\n<link rel=\"canonical\" href=\"https:\/\/homeofwool.com\/fi\/shop\/kauneusunisarja\/\" \/>\n<meta property=\"og:locale\" content=\"fi_FI\" \/>\n<meta property=\"og:type\" content=\"article\" \/>\n<meta property=\"og:title\" content=\"Beauty Sleep Set \u2013 Mulberry Silk\" \/>\n<meta property=\"og:description\" content=\"Wake up radiant with this anti-aging sleep kit of pure Mulberry silk and breathable wool\u2014nourishing skin, protecting hair, and enhancing your natural glow overnight.\" \/>\n<meta property=\"og:url\" content=\"https:\/\/homeofwool.com\/fi\/shop\/kauneusunisarja\/\" \/>\n<meta property=\"og:site_name\" content=\"Home of Wool\" \/>\n<meta property=\"article:publisher\" content=\"https:\/\/facebook.com\/HomeOfWoolOfficial\" \/>\n<meta property=\"article:modified_time\" content=\"2026-01-30T12:29:24+00:00\" \/>\n<meta property=\"og:image\" content=\"https:\/\/homeofwool.com\/wp-content\/uploads\/2025\/11\/home-of-wool-beauty-sleep-set-main.jpg\" \/>\n\t<meta property=\"og:image:width\" content=\"1938\" \/>\n\t<meta property=\"og:image:height\" content=\"1551\" \/>\n\t<meta property=\"og:image:type\" content=\"image\/jpeg\" \/>\n<meta name=\"twitter:card\" content=\"summary_large_image\" \/>\n<meta name=\"twitter:label1\" content=\"Arvioitu lukuaika\" \/>\n\t<meta name=\"twitter:data1\" content=\"2 minuuttia\" \/>\n<script type=\"application\/ld+json\" class=\"yoast-schema-graph\">{\"@context\":\"https:\\\/\\\/schema.org\",\"@graph\":[{\"@type\":\"WebPage\",\"@id\":\"https:\\\/\\\/homeofwool.com\\\/nl\\\/winkelen\\\/schoonheidsslaapset\\\/\",\"url\":\"https:\\\/\\\/homeofwool.com\\\/nl\\\/winkelen\\\/schoonheidsslaapset\\\/\",\"name\":\"Beauty Sleep Silk Set \u2013 Anti-Aging Sleep Kit | Home of Wool\",\"isPartOf\":{\"@id\":\"https:\\\/\\\/homeofwool.com\\\/#website\"},\"primaryImageOfPage\":{\"@id\":\"https:\\\/\\\/homeofwool.com\\\/nl\\\/winkelen\\\/schoonheidsslaapset\\\/#primaryimage\"},\"image\":{\"@id\":\"https:\\\/\\\/homeofwool.com\\\/nl\\\/winkelen\\\/schoonheidsslaapset\\\/#primaryimage\"},\"thumbnailUrl\":\"https:\\\/\\\/homeofwool.com\\\/wp-content\\\/uploads\\\/2025\\\/11\\\/home-of-wool-beauty-sleep-set-main.jpg\",\"datePublished\":\"2025-11-03T07:23:34+00:00\",\"dateModified\":\"2026-01-30T12:29:24+00:00\",\"description\":\"Wake up radiant with this anti-aging sleep kit of pure Mulberry silk and breathable wool\u2014nourishing skin, protecting hair, and enhancing your natural glow overnight.\",\"breadcrumb\":{\"@id\":\"https:\\\/\\\/homeofwool.com\\\/nl\\\/winkelen\\\/schoonheidsslaapset\\\/#breadcrumb\"},\"inLanguage\":\"fi\",\"potentialAction\":[{\"@type\":\"ReadAction\",\"target\":[\"https:\\\/\\\/homeofwool.com\\\/nl\\\/winkelen\\\/schoonheidsslaapset\\\/\"]}]},{\"@type\":\"ImageObject\",\"inLanguage\":\"fi\",\"@id\":\"https:\\\/\\\/homeofwool.com\\\/nl\\\/winkelen\\\/schoonheidsslaapset\\\/#primaryimage\",\"url\":\"https:\\\/\\\/homeofwool.com\\\/wp-content\\\/uploads\\\/2025\\\/11\\\/home-of-wool-beauty-sleep-set-main.jpg\",\"contentUrl\":\"https:\\\/\\\/homeofwool.com\\\/wp-content\\\/uploads\\\/2025\\\/11\\\/home-of-wool-beauty-sleep-set-main.jpg\",\"width\":1938,\"height\":1551,\"caption\":\"sleep mask, turban, scrunchie and hair band laid on silk surface\"},{\"@type\":\"BreadcrumbList\",\"@id\":\"https:\\\/\\\/homeofwool.com\\\/nl\\\/winkelen\\\/schoonheidsslaapset\\\/#breadcrumb\",\"itemListElement\":[{\"@type\":\"ListItem\",\"position\":1,\"name\":\"Home\",\"item\":\"https:\\\/\\\/homeofwool.com\\\/\"},{\"@type\":\"ListItem\",\"position\":2,\"name\":\"Products\",\"item\":\"https:\\\/\\\/homeofwool.com\\\/header-search-2\\\/\"},{\"@type\":\"ListItem\",\"position\":3,\"name\":\"Beauty Sleep Set \u2013 Mulberry Silk\"}]},{\"@type\":\"WebSite\",\"@id\":\"https:\\\/\\\/homeofwool.com\\\/#website\",\"url\":\"https:\\\/\\\/homeofwool.com\\\/\",\"name\":\"Home of Wool\",\"description\":\"\",\"publisher\":{\"@id\":\"https:\\\/\\\/homeofwool.com\\\/#organization\"},\"potentialAction\":[{\"@type\":\"SearchAction\",\"target\":{\"@type\":\"EntryPoint\",\"urlTemplate\":\"https:\\\/\\\/homeofwool.com\\\/?s={search_term_string}\"},\"query-input\":{\"@type\":\"PropertyValueSpecification\",\"valueRequired\":true,\"valueName\":\"search_term_string\"}}],\"inLanguage\":\"fi\"},{\"@type\":\"Organization\",\"@id\":\"https:\\\/\\\/homeofwool.com\\\/#organization\",\"name\":\"Home of Wool\",\"url\":\"https:\\\/\\\/homeofwool.com\\\/\",\"logo\":{\"@type\":\"ImageObject\",\"inLanguage\":\"fi\",\"@id\":\"https:\\\/\\\/homeofwool.com\\\/#\\\/schema\\\/logo\\\/image\\\/\",\"url\":\"https:\\\/\\\/homeofwool.com\\\/wp-content\\\/uploads\\\/2025\\\/09\\\/WhatsApp-Image-2025-12-02-at-16.23.20.jpeg\",\"contentUrl\":\"https:\\\/\\\/homeofwool.com\\\/wp-content\\\/uploads\\\/2025\\\/09\\\/WhatsApp-Image-2025-12-02-at-16.23.20.jpeg\",\"width\":700,\"height\":247,\"caption\":\"Home of Wool\"},\"image\":{\"@id\":\"https:\\\/\\\/homeofwool.com\\\/#\\\/schema\\\/logo\\\/image\\\/\"},\"sameAs\":[\"https:\\\/\\\/facebook.com\\\/HomeOfWoolOfficial\"]}]}<\/script>\n<!-- \/ Yoast SEO Premium plugin. -->","yoast_head_json":{"title":"Beauty Sleep Silk Set - Anti-Aging Sleep Kit | Home of Wool","description":"Her\u00e4\u00e4 s\u00e4teilev\u00e4n\u00e4 t\u00e4ll\u00e4 anti-aging-unipakkauksella, joka sis\u00e4lt\u00e4\u00e4 puhdasta mulperisilkki\u00e4 ja hengitt\u00e4v\u00e4\u00e4 villaa - se ravitsee ihoa, suojaa hiuksia ja lis\u00e4\u00e4 luonnollista hehkua y\u00f6n yli.","robots":{"index":"index","follow":"follow","max-snippet":"max-snippet:-1","max-image-preview":"max-image-preview:large","max-video-preview":"max-video-preview:-1"},"canonical":"https:\/\/homeofwool.com\/fi\/shop\/kauneusunisarja\/","og_locale":"fi_FI","og_type":"article","og_title":"Beauty Sleep Set \u2013 Mulberry Silk","og_description":"Wake up radiant with this anti-aging sleep kit of pure Mulberry silk and breathable wool\u2014nourishing skin, protecting hair, and enhancing your natural glow overnight.","og_url":"https:\/\/homeofwool.com\/fi\/shop\/kauneusunisarja\/","og_site_name":"Home of Wool","article_publisher":"https:\/\/facebook.com\/HomeOfWoolOfficial","article_modified_time":"2026-01-30T12:29:24+00:00","og_image":[{"width":1938,"height":1551,"url":"https:\/\/homeofwool.com\/wp-content\/uploads\/2025\/11\/home-of-wool-beauty-sleep-set-main.jpg","type":"image\/jpeg"}],"twitter_card":"summary_large_image","twitter_misc":{"Arvioitu lukuaika":"2 minuuttia"},"schema":{"@context":"https:\/\/schema.org","@graph":[{"@type":"WebPage","@id":"https:\/\/homeofwool.com\/nl\/winkelen\/schoonheidsslaapset\/","url":"https:\/\/homeofwool.com\/nl\/winkelen\/schoonheidsslaapset\/","name":"Beauty Sleep Silk Set - Anti-Aging Sleep Kit | Home of Wool","isPartOf":{"@id":"https:\/\/homeofwool.com\/#website"},"primaryImageOfPage":{"@id":"https:\/\/homeofwool.com\/nl\/winkelen\/schoonheidsslaapset\/#primaryimage"},"image":{"@id":"https:\/\/homeofwool.com\/nl\/winkelen\/schoonheidsslaapset\/#primaryimage"},"thumbnailUrl":"https:\/\/homeofwool.com\/wp-content\/uploads\/2025\/11\/home-of-wool-beauty-sleep-set-main.jpg","datePublished":"2025-11-03T07:23:34+00:00","dateModified":"2026-01-30T12:29:24+00:00","description":"Her\u00e4\u00e4 s\u00e4teilev\u00e4n\u00e4 t\u00e4ll\u00e4 anti-aging-unipakkauksella, joka sis\u00e4lt\u00e4\u00e4 puhdasta mulperisilkki\u00e4 ja hengitt\u00e4v\u00e4\u00e4 villaa - se ravitsee ihoa, suojaa hiuksia ja lis\u00e4\u00e4 luonnollista hehkua y\u00f6n yli.","breadcrumb":{"@id":"https:\/\/homeofwool.com\/nl\/winkelen\/schoonheidsslaapset\/#breadcrumb"},"inLanguage":"fi","potentialAction":[{"@type":"ReadAction","target":["https:\/\/homeofwool.com\/nl\/winkelen\/schoonheidsslaapset\/"]}]},{"@type":"ImageObject","inLanguage":"fi","@id":"https:\/\/homeofwool.com\/nl\/winkelen\/schoonheidsslaapset\/#primaryimage","url":"https:\/\/homeofwool.com\/wp-content\/uploads\/2025\/11\/home-of-wool-beauty-sleep-set-main.jpg","contentUrl":"https:\/\/homeofwool.com\/wp-content\/uploads\/2025\/11\/home-of-wool-beauty-sleep-set-main.jpg","width":1938,"height":1551,"caption":"sleep mask, turban, scrunchie and hair band laid on silk surface"},{"@type":"BreadcrumbList","@id":"https:\/\/homeofwool.com\/nl\/winkelen\/schoonheidsslaapset\/#breadcrumb","itemListElement":[{"@type":"ListItem","position":1,"name":"Home","item":"https:\/\/homeofwool.com\/"},{"@type":"ListItem","position":2,"name":"Products","item":"https:\/\/homeofwool.com\/header-search-2\/"},{"@type":"ListItem","position":3,"name":"Beauty Sleep Set \u2013 Mulberry Silk"}]},{"@type":"WebSite","@id":"https:\/\/homeofwool.com\/#website","url":"https:\/\/homeofwool.com\/","name":"Villan koti","description":"","publisher":{"@id":"https:\/\/homeofwool.com\/#organization"},"potentialAction":[{"@type":"SearchAction","target":{"@type":"EntryPoint","urlTemplate":"https:\/\/homeofwool.com\/?s={search_term_string}"},"query-input":{"@type":"PropertyValueSpecification","valueRequired":true,"valueName":"search_term_string"}}],"inLanguage":"fi"},{"@type":"Organization","@id":"https:\/\/homeofwool.com\/#organization","name":"Villan koti","url":"https:\/\/homeofwool.com\/","logo":{"@type":"ImageObject","inLanguage":"fi","@id":"https:\/\/homeofwool.com\/#\/schema\/logo\/image\/","url":"https:\/\/homeofwool.com\/wp-content\/uploads\/2025\/09\/WhatsApp-Image-2025-12-02-at-16.23.20.jpeg","contentUrl":"https:\/\/homeofwool.com\/wp-content\/uploads\/2025\/09\/WhatsApp-Image-2025-12-02-at-16.23.20.jpeg","width":700,"height":247,"caption":"Home of Wool"},"image":{"@id":"https:\/\/homeofwool.com\/#\/schema\/logo\/image\/"},"sameAs":["https:\/\/facebook.com\/HomeOfWoolOfficial"]}]}},"_links":{"self":[{"href":"https:\/\/homeofwool.com\/fi\/wp-json\/wp\/v2\/product\/223729","targetHints":{"allow":["GET"]}}],"collection":[{"href":"https:\/\/homeofwool.com\/fi\/wp-json\/wp\/v2\/product"}],"about":[{"href":"https:\/\/homeofwool.com\/fi\/wp-json\/wp\/v2\/types\/product"}],"version-history":[{"count":1,"href":"https:\/\/homeofwool.com\/fi\/wp-json\/wp\/v2\/product\/223729\/revisions"}],"predecessor-version":[{"id":226071,"href":"https:\/\/homeofwool.com\/fi\/wp-json\/wp\/v2\/product\/223729\/revisions\/226071"}],"wp:featuredmedia":[{"embeddable":true,"href":"https:\/\/homeofwool.com\/fi\/wp-json\/wp\/v2\/media\/223731"}],"wp:attachment":[{"href":"https:\/\/homeofwool.com\/fi\/wp-json\/wp\/v2\/media?parent=223729"}],"wp:term":[{"taxonomy":"product_brand","embeddable":true,"href":"https:\/\/homeofwool.com\/fi\/wp-json\/wp\/v2\/product_brand?post=223729"},{"taxonomy":"product_cat","embeddable":true,"href":"https:\/\/homeofwool.com\/fi\/wp-json\/wp\/v2\/product_cat?post=223729"},{"taxonomy":"product_tag","embeddable":true,"href":"https:\/\/homeofwool.com\/fi\/wp-json\/wp\/v2\/product_tag?post=223729"}],"curies":[{"name":"wp","href":"https:\/\/api.w.org\/{rel}","templated":true}]}}