{"id":218112,"date":"2025-09-02T12:03:40","date_gmt":"2025-09-02T12:03:40","guid":{"rendered":"https:\/\/homeofwool.com\/?post_type=product&#038;p=218112"},"modified":"2026-02-17T10:35:19","modified_gmt":"2026-02-17T10:35:19","slug":"hiusten-kaare","status":"publish","type":"product","link":"https:\/\/homeofwool.com\/fi\/shop\/hair-wrap\/","title":{"rendered":"Silkkinen hiushuivi"},"content":{"rendered":"<p>Unen ei pit\u00e4isi j\u00e4tt\u00e4\u00e4 hiuksiasi sotkuisiksi tai kuiviksi. Luonnollinen mulperisilkkihiusk\u00e4\u00e4reemme on valmistettu puhtaasta, 100%-silkist\u00e4, joka on valittu huolellisesti sen pehmeyden ja hengitt\u00e4vyyden ja suojan v\u00e4lisen tasapainon vuoksi. T\u00e4m\u00e4 silkkinen unilakki antaa hiustesi lev\u00e4t\u00e4 aivan kuten sin\u00e4kin. Se minimoi kitkaa, auttaa ehk\u00e4isem\u00e4\u00e4n katkeilua ja p\u00f6rr\u00f6isyytt\u00e4 ja pit\u00e4\u00e4 p\u00e4\u00e4nahkasi viile\u00e4n\u00e4 l\u00e4pi y\u00f6n.<\/p>\n<p>Jokainen k\u00e4\u00e4re on valmistettu hiljaista mukavuutta varten. Silkkip\u00e4\u00e4llysteinen kuminauha istuu pehme\u00e4sti ja pysyy paikallaan j\u00e4tt\u00e4m\u00e4tt\u00e4 j\u00e4lki\u00e4 tai liukumatta pois. Huomaat, ett\u00e4 hiuksesi tuntuvat sile\u00e4mmilt\u00e4 ja helpommin k\u00e4sitelt\u00e4vilt\u00e4 aamulla. Silkki todella tekee sen eron. K\u00e4\u00e4re on v\u00e4rj\u00e4\u00e4m\u00e4t\u00f6n, myrkyt\u00f6n ja t\u00e4ysin luonnollinen. Hypoallergeeninen hiusk\u00e4\u00e4re, joka on turvallinen my\u00f6s herk\u00e4lle iholle. Silkkik\u00e4\u00e4re sopii my\u00f6s kuiville hiuksille, sill\u00e4 se auttaa s\u00e4ilytt\u00e4m\u00e4\u00e4n kosteutta ja palauttamaan hiusten luonnollisen kiillon. Yksinkertainen, elegantti ja yst\u00e4v\u00e4llinen planeetalle, t\u00e4m\u00e4 on y\u00f6llinen ylellinen silkkihiusk\u00e4\u00e4reesi.<\/p>\n<p><strong>KANGAS<\/strong>:  100% Mulberry Silk (50 momme)<\/p>","protected":false},"excerpt":{"rendered":"<p>Ripaus silkki\u00e4, rauhallisempi aamu. T\u00e4m\u00e4 100%-silkist\u00e4 valmistettu luonnon mulperisilkist\u00e4 valmistettu hiusk\u00e4\u00e4re suojaa hiuksiasi nukkuessasi. Hengitt\u00e4v\u00e4 silkkihiusk\u00e4\u00e4re auttaa v\u00e4hent\u00e4m\u00e4\u00e4n p\u00f6rr\u00f6isyytt\u00e4, kuivuutta ja katkeilua ja antaa hiuksillesi sileytt\u00e4 ja kiiltoa aamuun menness\u00e4. Pieni hoitorituaali ja todella ymp\u00e4rist\u00f6yst\u00e4v\u00e4llinen hiuslis\u00e4varuste.<\/p>\n<div class=\"global-icon-set\">\n<div class=\"global-icon-set__items\">\n<div class=\"global-icon-set__item\">\n<div class=\"global-icon-set__image\">\n                                    <img decoding=\"async\" src=\"https:\/\/homeofwool.com\/wp-content\/uploads\/2025\/09\/handmade-icon-300x300.png\" alt=\"k\u00e4sintehty kuvake\" \/>\n                                <\/div>\n<div class=\"global-icon-set__title\">K\u00e4sintehty<\/div>\n<\/p><\/div>\n<div class=\"global-icon-set__item\">\n<div class=\"global-icon-set__image\">\n                                    <img decoding=\"async\" src=\"https:\/\/homeofwool.com\/wp-content\/uploads\/2025\/09\/VOCs-min-300x300.png\" alt=\"vocs vapaa\" \/>\n                                <\/div>\n<div class=\"global-icon-set__title\">VOC-vapaa<\/div>\n<\/p><\/div>\n<div class=\"global-icon-set__item\">\n<div class=\"global-icon-set__image\">\n                                    <img decoding=\"async\" src=\"https:\/\/homeofwool.com\/wp-content\/uploads\/2025\/09\/FR-min-300x300.png\" alt=\"palonkest\u00e4v\u00e4 kuvake\" \/>\n                                <\/div>\n<div class=\"global-icon-set__title\">Liekinkest\u00e4v\u00e4<\/div>\n<\/p><\/div>\n<div class=\"global-icon-set__item\">\n<div class=\"global-icon-set__image\">\n                                    <img decoding=\"async\" src=\"https:\/\/homeofwool.com\/wp-content\/uploads\/2025\/09\/Hypoallergenic-min-300x300.png\" alt=\"hypoallergeeninen kuvake\" \/>\n                                <\/div>\n<div class=\"global-icon-set__title\">Hypoallergeeninen<\/div>\n<\/p><\/div>\n<div class=\"global-icon-set__item\">\n<div class=\"global-icon-set__image\">\n                                    <img decoding=\"async\" src=\"https:\/\/homeofwool.com\/wp-content\/uploads\/2025\/09\/free-of-synthetics-icon-300x300.png\" alt=\"synteettisi\u00e4 aineita sis\u00e4lt\u00e4m\u00e4t\u00f6n kuvake\" \/>\n                                <\/div>\n<div class=\"global-icon-set__title\">Vapaa synteettisist\u00e4 aineista<\/div>\n<\/p><\/div>\n<div class=\"global-icon-set__item\">\n<div class=\"global-icon-set__image\">\n                                    <img decoding=\"async\" src=\"https:\/\/homeofwool.com\/wp-content\/uploads\/2025\/09\/chemical-free-icon-300x300.png\" alt=\"kemikaalivapaa kuvake\" \/>\n                                <\/div>\n<div class=\"global-icon-set__title\">Kemikaalivapaa<\/div>\n<\/p><\/div>\n<div class=\"global-icon-set__item\">\n<div class=\"global-icon-set__image\">\n                                    <img decoding=\"async\" src=\"https:\/\/homeofwool.com\/wp-content\/uploads\/2025\/09\/anti-bacterial-icon-300x300.png\" alt=\"anti bakteeri kuvake\" \/>\n                                <\/div>\n<div class=\"global-icon-set__title\">Anti-mikrobinen &amp; antibakteerinen<\/div>\n<\/p><\/div>\n<div class=\"global-icon-set__item\">\n<div class=\"global-icon-set__image\">\n                                    <img decoding=\"async\" src=\"https:\/\/homeofwool.com\/wp-content\/uploads\/2025\/09\/certified-materials-icon-300x300.png\" alt=\"sertifioitujen materiaalien kuvake\" \/>\n                                <\/div>\n<div class=\"global-icon-set__title\">100% Puhtaat sertifioidut materiaalit<\/div>\n<\/p><\/div>\n<\/p><\/div>\n<\/p><\/div>","protected":false},"featured_media":224465,"template":"","meta":{"_acf_changed":false},"product_brand":[],"product_cat":[590,174],"product_tag":[1370],"class_list":{"0":"post-218112","1":"product","2":"type-product","3":"status-publish","4":"has-post-thumbnail","6":"product_cat-accessories","7":"product_cat-zero-waste","8":"product_tag-nosteps","10":"first","11":"instock","12":"shipping-taxable","13":"purchasable","14":"product-type-simple"},"acf":[],"yoast_head":"<!-- This site is optimized with the Yoast SEO Premium plugin v27.3 (Yoast SEO v27.3) - https:\/\/yoast.com\/product\/yoast-seo-premium-wordpress\/ -->\n<title>Hair Wrap \u2013 Natural Mulberry Silk | Home of Wool<\/title>\n<meta name=\"description\" content=\"Smooth and gentle, the Hair Wrap is crafted from natural Mulberry Silk. Breathable, toxin-free, and sustainable, it delivers everyday care with eco-friendly softness and timeless style.\" \/>\n<meta name=\"robots\" content=\"index, follow, max-snippet:-1, max-image-preview:large, max-video-preview:-1\" \/>\n<link rel=\"canonical\" href=\"https:\/\/homeofwool.com\/fi\/shop\/hiusten-kaare\/\" \/>\n<meta property=\"og:locale\" content=\"fi_FI\" \/>\n<meta property=\"og:type\" content=\"article\" \/>\n<meta property=\"og:title\" content=\"Silk Hair Wrap\" \/>\n<meta property=\"og:description\" content=\"Smooth and gentle, the Hair Wrap is crafted from natural Mulberry Silk. Breathable, toxin-free, and sustainable, it delivers everyday care with eco-friendly softness and timeless style.\" \/>\n<meta property=\"og:url\" content=\"https:\/\/homeofwool.com\/fi\/shop\/hiusten-kaare\/\" \/>\n<meta property=\"og:site_name\" content=\"Home of Wool\" \/>\n<meta property=\"article:publisher\" content=\"https:\/\/facebook.com\/HomeOfWoolOfficial\" \/>\n<meta property=\"article:modified_time\" content=\"2026-02-17T10:35:19+00:00\" \/>\n<meta property=\"og:image\" content=\"https:\/\/homeofwool.com\/wp-content\/uploads\/2025\/09\/home-of-wool-hair-wrap-main.jpg\" \/>\n\t<meta property=\"og:image:width\" content=\"2000\" \/>\n\t<meta property=\"og:image:height\" content=\"1600\" \/>\n\t<meta property=\"og:image:type\" content=\"image\/jpeg\" \/>\n<meta name=\"twitter:card\" content=\"summary_large_image\" \/>\n<meta name=\"twitter:label1\" content=\"Arvioitu lukuaika\" \/>\n\t<meta name=\"twitter:data1\" content=\"1 minuutti\" \/>\n<script type=\"application\/ld+json\" class=\"yoast-schema-graph\">{\"@context\":\"https:\\\/\\\/schema.org\",\"@graph\":[{\"@type\":\"WebPage\",\"@id\":\"https:\\\/\\\/homeofwool.com\\\/sv\\\/butik\\\/harband-2\\\/\",\"url\":\"https:\\\/\\\/homeofwool.com\\\/sv\\\/butik\\\/harband-2\\\/\",\"name\":\"Hair Wrap \u2013 Natural Mulberry Silk | Home of Wool\",\"isPartOf\":{\"@id\":\"https:\\\/\\\/homeofwool.com\\\/#website\"},\"primaryImageOfPage\":{\"@id\":\"https:\\\/\\\/homeofwool.com\\\/sv\\\/butik\\\/harband-2\\\/#primaryimage\"},\"image\":{\"@id\":\"https:\\\/\\\/homeofwool.com\\\/sv\\\/butik\\\/harband-2\\\/#primaryimage\"},\"thumbnailUrl\":\"https:\\\/\\\/homeofwool.com\\\/wp-content\\\/uploads\\\/2025\\\/09\\\/home-of-wool-hair-wrap-main.jpg\",\"datePublished\":\"2025-09-02T12:03:40+00:00\",\"dateModified\":\"2026-02-17T10:35:19+00:00\",\"description\":\"Smooth and gentle, the Hair Wrap is crafted from natural Mulberry Silk. Breathable, toxin-free, and sustainable, it delivers everyday care with eco-friendly softness and timeless style.\",\"breadcrumb\":{\"@id\":\"https:\\\/\\\/homeofwool.com\\\/sv\\\/butik\\\/harband-2\\\/#breadcrumb\"},\"inLanguage\":\"fi\",\"potentialAction\":[{\"@type\":\"ReadAction\",\"target\":[\"https:\\\/\\\/homeofwool.com\\\/sv\\\/butik\\\/harband-2\\\/\"]}]},{\"@type\":\"ImageObject\",\"inLanguage\":\"fi\",\"@id\":\"https:\\\/\\\/homeofwool.com\\\/sv\\\/butik\\\/harband-2\\\/#primaryimage\",\"url\":\"https:\\\/\\\/homeofwool.com\\\/wp-content\\\/uploads\\\/2025\\\/09\\\/home-of-wool-hair-wrap-main.jpg\",\"contentUrl\":\"https:\\\/\\\/homeofwool.com\\\/wp-content\\\/uploads\\\/2025\\\/09\\\/home-of-wool-hair-wrap-main.jpg\",\"width\":2000,\"height\":1600,\"caption\":\"mulberry silk hair wrap\"},{\"@type\":\"BreadcrumbList\",\"@id\":\"https:\\\/\\\/homeofwool.com\\\/sv\\\/butik\\\/harband-2\\\/#breadcrumb\",\"itemListElement\":[{\"@type\":\"ListItem\",\"position\":1,\"name\":\"Home\",\"item\":\"https:\\\/\\\/homeofwool.com\\\/\"},{\"@type\":\"ListItem\",\"position\":2,\"name\":\"Products\",\"item\":\"https:\\\/\\\/homeofwool.com\\\/header-search-2\\\/\"},{\"@type\":\"ListItem\",\"position\":3,\"name\":\"Silk Hair Wrap\"}]},{\"@type\":\"WebSite\",\"@id\":\"https:\\\/\\\/homeofwool.com\\\/#website\",\"url\":\"https:\\\/\\\/homeofwool.com\\\/\",\"name\":\"Home of Wool\",\"description\":\"\",\"publisher\":{\"@id\":\"https:\\\/\\\/homeofwool.com\\\/#organization\"},\"potentialAction\":[{\"@type\":\"SearchAction\",\"target\":{\"@type\":\"EntryPoint\",\"urlTemplate\":\"https:\\\/\\\/homeofwool.com\\\/?s={search_term_string}\"},\"query-input\":{\"@type\":\"PropertyValueSpecification\",\"valueRequired\":true,\"valueName\":\"search_term_string\"}}],\"inLanguage\":\"fi\"},{\"@type\":\"Organization\",\"@id\":\"https:\\\/\\\/homeofwool.com\\\/#organization\",\"name\":\"Home of Wool\",\"url\":\"https:\\\/\\\/homeofwool.com\\\/\",\"logo\":{\"@type\":\"ImageObject\",\"inLanguage\":\"fi\",\"@id\":\"https:\\\/\\\/homeofwool.com\\\/#\\\/schema\\\/logo\\\/image\\\/\",\"url\":\"https:\\\/\\\/homeofwool.com\\\/wp-content\\\/uploads\\\/2025\\\/09\\\/WhatsApp-Image-2025-12-02-at-16.23.20.jpeg\",\"contentUrl\":\"https:\\\/\\\/homeofwool.com\\\/wp-content\\\/uploads\\\/2025\\\/09\\\/WhatsApp-Image-2025-12-02-at-16.23.20.jpeg\",\"width\":700,\"height\":247,\"caption\":\"Home of Wool\"},\"image\":{\"@id\":\"https:\\\/\\\/homeofwool.com\\\/#\\\/schema\\\/logo\\\/image\\\/\"},\"sameAs\":[\"https:\\\/\\\/facebook.com\\\/HomeOfWoolOfficial\"]}]}<\/script>\n<!-- \/ Yoast SEO Premium plugin. -->","yoast_head_json":{"title":"Hiusk\u00e4\u00e4re - Luonnollinen mulperisilkki | Home of Wool","description":"Sile\u00e4 ja hell\u00e4varainen hiusk\u00e4\u00e4re on valmistettu luonnollisesta mulperisilkist\u00e4. Se on hengitt\u00e4v\u00e4, myrkyt\u00f6n ja kest\u00e4v\u00e4, ja se tarjoaa jokap\u00e4iv\u00e4ist\u00e4 hoitoa ymp\u00e4rist\u00f6yst\u00e4v\u00e4llisell\u00e4 pehmeydell\u00e4 ja ajattomalla tyylill\u00e4.","robots":{"index":"index","follow":"follow","max-snippet":"max-snippet:-1","max-image-preview":"max-image-preview:large","max-video-preview":"max-video-preview:-1"},"canonical":"https:\/\/homeofwool.com\/fi\/shop\/hiusten-kaare\/","og_locale":"fi_FI","og_type":"article","og_title":"Silk Hair Wrap","og_description":"Smooth and gentle, the Hair Wrap is crafted from natural Mulberry Silk. Breathable, toxin-free, and sustainable, it delivers everyday care with eco-friendly softness and timeless style.","og_url":"https:\/\/homeofwool.com\/fi\/shop\/hiusten-kaare\/","og_site_name":"Home of Wool","article_publisher":"https:\/\/facebook.com\/HomeOfWoolOfficial","article_modified_time":"2026-02-17T10:35:19+00:00","og_image":[{"width":2000,"height":1600,"url":"https:\/\/homeofwool.com\/wp-content\/uploads\/2025\/09\/home-of-wool-hair-wrap-main.jpg","type":"image\/jpeg"}],"twitter_card":"summary_large_image","twitter_misc":{"Arvioitu lukuaika":"1 minuutti"},"schema":{"@context":"https:\/\/schema.org","@graph":[{"@type":"WebPage","@id":"https:\/\/homeofwool.com\/sv\/butik\/harband-2\/","url":"https:\/\/homeofwool.com\/sv\/butik\/harband-2\/","name":"Hiusk\u00e4\u00e4re - Luonnollinen mulperisilkki | Home of Wool","isPartOf":{"@id":"https:\/\/homeofwool.com\/#website"},"primaryImageOfPage":{"@id":"https:\/\/homeofwool.com\/sv\/butik\/harband-2\/#primaryimage"},"image":{"@id":"https:\/\/homeofwool.com\/sv\/butik\/harband-2\/#primaryimage"},"thumbnailUrl":"https:\/\/homeofwool.com\/wp-content\/uploads\/2025\/09\/home-of-wool-hair-wrap-main.jpg","datePublished":"2025-09-02T12:03:40+00:00","dateModified":"2026-02-17T10:35:19+00:00","description":"Sile\u00e4 ja hell\u00e4varainen hiusk\u00e4\u00e4re on valmistettu luonnollisesta mulperisilkist\u00e4. Se on hengitt\u00e4v\u00e4, myrkyt\u00f6n ja kest\u00e4v\u00e4, ja se tarjoaa jokap\u00e4iv\u00e4ist\u00e4 hoitoa ymp\u00e4rist\u00f6yst\u00e4v\u00e4llisell\u00e4 pehmeydell\u00e4 ja ajattomalla tyylill\u00e4.","breadcrumb":{"@id":"https:\/\/homeofwool.com\/sv\/butik\/harband-2\/#breadcrumb"},"inLanguage":"fi","potentialAction":[{"@type":"ReadAction","target":["https:\/\/homeofwool.com\/sv\/butik\/harband-2\/"]}]},{"@type":"ImageObject","inLanguage":"fi","@id":"https:\/\/homeofwool.com\/sv\/butik\/harband-2\/#primaryimage","url":"https:\/\/homeofwool.com\/wp-content\/uploads\/2025\/09\/home-of-wool-hair-wrap-main.jpg","contentUrl":"https:\/\/homeofwool.com\/wp-content\/uploads\/2025\/09\/home-of-wool-hair-wrap-main.jpg","width":2000,"height":1600,"caption":"mulberry silk hair wrap"},{"@type":"BreadcrumbList","@id":"https:\/\/homeofwool.com\/sv\/butik\/harband-2\/#breadcrumb","itemListElement":[{"@type":"ListItem","position":1,"name":"Home","item":"https:\/\/homeofwool.com\/"},{"@type":"ListItem","position":2,"name":"Products","item":"https:\/\/homeofwool.com\/header-search-2\/"},{"@type":"ListItem","position":3,"name":"Silk Hair Wrap"}]},{"@type":"WebSite","@id":"https:\/\/homeofwool.com\/#website","url":"https:\/\/homeofwool.com\/","name":"Villan koti","description":"","publisher":{"@id":"https:\/\/homeofwool.com\/#organization"},"potentialAction":[{"@type":"SearchAction","target":{"@type":"EntryPoint","urlTemplate":"https:\/\/homeofwool.com\/?s={search_term_string}"},"query-input":{"@type":"PropertyValueSpecification","valueRequired":true,"valueName":"search_term_string"}}],"inLanguage":"fi"},{"@type":"Organization","@id":"https:\/\/homeofwool.com\/#organization","name":"Villan koti","url":"https:\/\/homeofwool.com\/","logo":{"@type":"ImageObject","inLanguage":"fi","@id":"https:\/\/homeofwool.com\/#\/schema\/logo\/image\/","url":"https:\/\/homeofwool.com\/wp-content\/uploads\/2025\/09\/WhatsApp-Image-2025-12-02-at-16.23.20.jpeg","contentUrl":"https:\/\/homeofwool.com\/wp-content\/uploads\/2025\/09\/WhatsApp-Image-2025-12-02-at-16.23.20.jpeg","width":700,"height":247,"caption":"Home of Wool"},"image":{"@id":"https:\/\/homeofwool.com\/#\/schema\/logo\/image\/"},"sameAs":["https:\/\/facebook.com\/HomeOfWoolOfficial"]}]}},"_links":{"self":[{"href":"https:\/\/homeofwool.com\/fi\/wp-json\/wp\/v2\/product\/218112","targetHints":{"allow":["GET"]}}],"collection":[{"href":"https:\/\/homeofwool.com\/fi\/wp-json\/wp\/v2\/product"}],"about":[{"href":"https:\/\/homeofwool.com\/fi\/wp-json\/wp\/v2\/types\/product"}],"version-history":[{"count":1,"href":"https:\/\/homeofwool.com\/fi\/wp-json\/wp\/v2\/product\/218112\/revisions"}],"predecessor-version":[{"id":227341,"href":"https:\/\/homeofwool.com\/fi\/wp-json\/wp\/v2\/product\/218112\/revisions\/227341"}],"wp:featuredmedia":[{"embeddable":true,"href":"https:\/\/homeofwool.com\/fi\/wp-json\/wp\/v2\/media\/224465"}],"wp:attachment":[{"href":"https:\/\/homeofwool.com\/fi\/wp-json\/wp\/v2\/media?parent=218112"}],"wp:term":[{"taxonomy":"product_brand","embeddable":true,"href":"https:\/\/homeofwool.com\/fi\/wp-json\/wp\/v2\/product_brand?post=218112"},{"taxonomy":"product_cat","embeddable":true,"href":"https:\/\/homeofwool.com\/fi\/wp-json\/wp\/v2\/product_cat?post=218112"},{"taxonomy":"product_tag","embeddable":true,"href":"https:\/\/homeofwool.com\/fi\/wp-json\/wp\/v2\/product_tag?post=218112"}],"curies":[{"name":"wp","href":"https:\/\/api.w.org\/{rel}","templated":true}]}}