{"id":217779,"date":"2025-09-02T12:02:33","date_gmt":"2025-09-02T12:02:33","guid":{"rendered":"https:\/\/homeofwool.com\/?post_type=product&#038;p=217779"},"modified":"2026-02-09T13:03:12","modified_gmt":"2026-02-09T13:03:12","slug":"hiussolmio","status":"publish","type":"product","link":"https:\/\/homeofwool.com\/fi\/shop\/hair-scrunchie\/","title":{"rendered":"Hiusnauha Scrunchie"},"content":{"rendered":"<p>T\u00e4m\u00e4 eettinen hiusdonitsi on osa sitoutumistamme harkittuun ja kest\u00e4v\u00e4\u00e4n suunnitteluun. Donitsien valmistuksessa k\u00e4yt\u00e4mme Mulberry-silkin leikkuuj\u00e4tteit\u00e4. N\u00e4in mit\u00e4\u00e4n t\u00e4st\u00e4 korkealaatuisesta kankaasta ei mene hukkaan ja jokainen donitsi l\u00f6yt\u00e4\u00e4 k\u00e4ytt\u00f6tarkoituksensa. K\u00e4ytt\u00e4m\u00e4ll\u00e4 kierr\u00e4tetty\u00e4 kangasta v\u00e4henn\u00e4mme j\u00e4tett\u00e4 ja annamme materiaaleille uuden el\u00e4m\u00e4n, jolloin jokainen donitsi on tietoisen el\u00e4m\u00e4n symboli.<\/p>\n<p>Silkki on luonnostaan pehme\u00e4\u00e4 ja sile\u00e4\u00e4. Scrunchie liukuu hiuksissasi vet\u00e4m\u00e4tt\u00e4 tai katkaisematta niit\u00e4. Se pit\u00e4\u00e4 hiukset hell\u00e4varaisesti paikoillaan, mik\u00e4 sopii moniin kampauksiin. Olitpa sitten sitonut hiuksesi poninh\u00e4nt\u00e4\u00e4n tai kiert\u00e4nyt ne l\u00f6ys\u00e4ksi nutturaksi, t\u00e4m\u00e4 silkkinen scrunchie sopii t\u00e4ydellisesti. Voit jopa pit\u00e4\u00e4 sit\u00e4 ranteessa, ja se tuntuu silti tyylikk\u00e4\u00e4lt\u00e4 ja luonnolliselta. Se ei sis\u00e4ll\u00e4 synteettisi\u00e4 aineita, joten se on turvallinen ja hell\u00e4varainen herkille hiuksille. Stylistit suosittelevat usein silkkisi\u00e4 hiuskoristeita silkkikuidun sis\u00e4lt\u00e4mien luonnollisten aminohappojen vuoksi. Ne auttavat v\u00e4hent\u00e4m\u00e4\u00e4n kitkaa, pit\u00e4v\u00e4t hiukset kiilt\u00e4v\u00e4mpin\u00e4 ja v\u00e4hent\u00e4v\u00e4t niiden katkeilua.<\/p>","protected":false},"excerpt":{"rendered":"<p>Lis\u00e4\u00e4 ulkoasuun kest\u00e4v\u00e4n kehityksen tyyli\u00e4 ja charmia t\u00e4ll\u00e4 kierr\u00e4tetyst\u00e4 kankaasta valmistetulla scrunchie-pannalla, joka on osa Zero Waste Mission -kampanjaamme. Se on valmistettu korkealaatuisesta Mulberry-silkin j\u00e4\u00e4nn\u00f6skappaleista ja pit\u00e4\u00e4 hiukset hell\u00e4varaisesti paikoillaan est\u00e4en niiden katkeilun. Yksinkertainen ja huolella valmistettu sinua ja ymp\u00e4rist\u00f6\u00e4 ajatellen.<\/p>\n<p><strong>Kangas<\/strong>: 100% Mulberry Silk (50 momme)<\/p>\n<div class=\"global-icon-set\">\n<div class=\"global-icon-set__items\">\n<div class=\"global-icon-set__item\">\n<div class=\"global-icon-set__image\">\n                                    <img decoding=\"async\" src=\"https:\/\/homeofwool.com\/wp-content\/uploads\/2025\/09\/handmade-icon-300x300.png\" alt=\"k\u00e4sintehty kuvake\" \/>\n                                <\/div>\n<div class=\"global-icon-set__title\">K\u00e4sintehty<\/div>\n<\/p><\/div>\n<div class=\"global-icon-set__item\">\n<div class=\"global-icon-set__image\">\n                                    <img decoding=\"async\" src=\"https:\/\/homeofwool.com\/wp-content\/uploads\/2025\/09\/VOCs-min-300x300.png\" alt=\"vocs vapaa\" \/>\n                                <\/div>\n<div class=\"global-icon-set__title\">VOC-vapaa<\/div>\n<\/p><\/div>\n<div class=\"global-icon-set__item\">\n<div class=\"global-icon-set__image\">\n                                    <img decoding=\"async\" src=\"https:\/\/homeofwool.com\/wp-content\/uploads\/2025\/09\/FR-min-300x300.png\" alt=\"palonkest\u00e4v\u00e4 kuvake\" \/>\n                                <\/div>\n<div class=\"global-icon-set__title\">Liekinkest\u00e4v\u00e4<\/div>\n<\/p><\/div>\n<div class=\"global-icon-set__item\">\n<div class=\"global-icon-set__image\">\n                                    <img decoding=\"async\" src=\"https:\/\/homeofwool.com\/wp-content\/uploads\/2025\/09\/Hypoallergenic-min-300x300.png\" alt=\"hypoallergeeninen kuvake\" \/>\n                                <\/div>\n<div class=\"global-icon-set__title\">Hypoallergeeninen<\/div>\n<\/p><\/div>\n<div class=\"global-icon-set__item\">\n<div class=\"global-icon-set__image\">\n                                    <img decoding=\"async\" src=\"https:\/\/homeofwool.com\/wp-content\/uploads\/2025\/09\/free-of-synthetics-icon-300x300.png\" alt=\"synteettisi\u00e4 aineita sis\u00e4lt\u00e4m\u00e4t\u00f6n kuvake\" \/>\n                                <\/div>\n<div class=\"global-icon-set__title\">Vapaa synteettisist\u00e4 aineista<\/div>\n<\/p><\/div>\n<div class=\"global-icon-set__item\">\n<div class=\"global-icon-set__image\">\n                                    <img decoding=\"async\" src=\"https:\/\/homeofwool.com\/wp-content\/uploads\/2025\/09\/chemical-free-icon-300x300.png\" alt=\"kemikaalivapaa kuvake\" \/>\n                                <\/div>\n<div class=\"global-icon-set__title\">Kemikaalivapaa<\/div>\n<\/p><\/div>\n<div class=\"global-icon-set__item\">\n<div class=\"global-icon-set__image\">\n                                    <img decoding=\"async\" src=\"https:\/\/homeofwool.com\/wp-content\/uploads\/2025\/09\/certified-materials-icon-300x300.png\" alt=\"sertifioitujen materiaalien kuvake\" \/>\n                                <\/div>\n<div class=\"global-icon-set__title\">100% Puhtaat sertifioidut materiaalit<\/div>\n<\/p><\/div>\n<\/p><\/div>\n<\/p><\/div>","protected":false},"featured_media":219680,"template":"","meta":{"_acf_changed":false},"product_brand":[],"product_cat":[557,590,174,847],"product_tag":[1370],"class_list":{"0":"post-217779","1":"product","2":"type-product","3":"status-publish","4":"has-post-thumbnail","6":"product_cat-new","7":"product_cat-accessories","8":"product_cat-zero-waste","9":"product_cat-zero-waste-day-2025","10":"product_tag-nosteps","12":"first","13":"instock","14":"shipping-taxable","15":"purchasable","16":"product-type-simple"},"acf":[],"yoast_head":"<!-- This site is optimized with the Yoast SEO Premium plugin v27.3 (Yoast SEO v27.3) - https:\/\/yoast.com\/product\/yoast-seo-premium-wordpress\/ -->\n<title>Scrunchie \u2013 Zero Waste &amp; Gentle on Your Hair | Home of Wool<\/title>\n<meta name=\"description\" content=\"Zero-waste and gentle, the Scrunchie is made from natural fabrics for breathable comfort. Eco-friendly and toxin-free, it protects hair while adding sustainable style to everyday looks.\" \/>\n<meta name=\"robots\" content=\"index, follow, max-snippet:-1, max-image-preview:large, max-video-preview:-1\" \/>\n<link rel=\"canonical\" href=\"https:\/\/homeofwool.com\/fi\/shop\/hiussolmio\/\" \/>\n<meta property=\"og:locale\" content=\"fi_FI\" \/>\n<meta property=\"og:type\" content=\"article\" \/>\n<meta property=\"og:title\" content=\"Hair Scrunchie\" \/>\n<meta property=\"og:description\" content=\"Zero-waste and gentle, the Scrunchie is made from natural fabrics for breathable comfort. Eco-friendly and toxin-free, it protects hair while adding sustainable style to everyday looks.\" \/>\n<meta property=\"og:url\" content=\"https:\/\/homeofwool.com\/fi\/shop\/hiussolmio\/\" \/>\n<meta property=\"og:site_name\" content=\"Home of Wool\" \/>\n<meta property=\"article:publisher\" content=\"https:\/\/facebook.com\/HomeOfWoolOfficial\" \/>\n<meta property=\"article:modified_time\" content=\"2026-02-09T13:03:12+00:00\" \/>\n<meta property=\"og:image\" content=\"https:\/\/homeofwool.com\/wp-content\/uploads\/2025\/09\/home-of-wool-wool-scrunchie-1-main.jpg\" \/>\n\t<meta property=\"og:image:width\" content=\"2000\" \/>\n\t<meta property=\"og:image:height\" content=\"1601\" \/>\n\t<meta property=\"og:image:type\" content=\"image\/jpeg\" \/>\n<meta name=\"twitter:card\" content=\"summary_large_image\" \/>\n<meta name=\"twitter:label1\" content=\"Arvioitu lukuaika\" \/>\n\t<meta name=\"twitter:data1\" content=\"1 minuutti\" \/>\n<script type=\"application\/ld+json\" class=\"yoast-schema-graph\">{\"@context\":\"https:\\\/\\\/schema.org\",\"@graph\":[{\"@type\":\"WebPage\",\"@id\":\"https:\\\/\\\/homeofwool.com\\\/de\\\/shop\\\/haargummi\\\/\",\"url\":\"https:\\\/\\\/homeofwool.com\\\/de\\\/shop\\\/haargummi\\\/\",\"name\":\"Scrunchie \u2013 Zero Waste & Gentle on Your Hair | Home of Wool\",\"isPartOf\":{\"@id\":\"https:\\\/\\\/homeofwool.com\\\/#website\"},\"primaryImageOfPage\":{\"@id\":\"https:\\\/\\\/homeofwool.com\\\/de\\\/shop\\\/haargummi\\\/#primaryimage\"},\"image\":{\"@id\":\"https:\\\/\\\/homeofwool.com\\\/de\\\/shop\\\/haargummi\\\/#primaryimage\"},\"thumbnailUrl\":\"https:\\\/\\\/homeofwool.com\\\/wp-content\\\/uploads\\\/2025\\\/09\\\/home-of-wool-wool-scrunchie-1-main.jpg\",\"datePublished\":\"2025-09-02T12:02:33+00:00\",\"dateModified\":\"2026-02-09T13:03:12+00:00\",\"description\":\"Zero-waste and gentle, the Scrunchie is made from natural fabrics for breathable comfort. Eco-friendly and toxin-free, it protects hair while adding sustainable style to everyday looks.\",\"breadcrumb\":{\"@id\":\"https:\\\/\\\/homeofwool.com\\\/de\\\/shop\\\/haargummi\\\/#breadcrumb\"},\"inLanguage\":\"fi\",\"potentialAction\":[{\"@type\":\"ReadAction\",\"target\":[\"https:\\\/\\\/homeofwool.com\\\/de\\\/shop\\\/haargummi\\\/\"]}]},{\"@type\":\"ImageObject\",\"inLanguage\":\"fi\",\"@id\":\"https:\\\/\\\/homeofwool.com\\\/de\\\/shop\\\/haargummi\\\/#primaryimage\",\"url\":\"https:\\\/\\\/homeofwool.com\\\/wp-content\\\/uploads\\\/2025\\\/09\\\/home-of-wool-wool-scrunchie-1-main.jpg\",\"contentUrl\":\"https:\\\/\\\/homeofwool.com\\\/wp-content\\\/uploads\\\/2025\\\/09\\\/home-of-wool-wool-scrunchie-1-main.jpg\",\"width\":2000,\"height\":1601,\"caption\":\"Wool Scrunchie\"},{\"@type\":\"BreadcrumbList\",\"@id\":\"https:\\\/\\\/homeofwool.com\\\/de\\\/shop\\\/haargummi\\\/#breadcrumb\",\"itemListElement\":[{\"@type\":\"ListItem\",\"position\":1,\"name\":\"Home\",\"item\":\"https:\\\/\\\/homeofwool.com\\\/\"},{\"@type\":\"ListItem\",\"position\":2,\"name\":\"Products\",\"item\":\"https:\\\/\\\/homeofwool.com\\\/header-search-2\\\/\"},{\"@type\":\"ListItem\",\"position\":3,\"name\":\"Hair Scrunchie\"}]},{\"@type\":\"WebSite\",\"@id\":\"https:\\\/\\\/homeofwool.com\\\/#website\",\"url\":\"https:\\\/\\\/homeofwool.com\\\/\",\"name\":\"Home of Wool\",\"description\":\"\",\"publisher\":{\"@id\":\"https:\\\/\\\/homeofwool.com\\\/#organization\"},\"potentialAction\":[{\"@type\":\"SearchAction\",\"target\":{\"@type\":\"EntryPoint\",\"urlTemplate\":\"https:\\\/\\\/homeofwool.com\\\/?s={search_term_string}\"},\"query-input\":{\"@type\":\"PropertyValueSpecification\",\"valueRequired\":true,\"valueName\":\"search_term_string\"}}],\"inLanguage\":\"fi\"},{\"@type\":\"Organization\",\"@id\":\"https:\\\/\\\/homeofwool.com\\\/#organization\",\"name\":\"Home of Wool\",\"url\":\"https:\\\/\\\/homeofwool.com\\\/\",\"logo\":{\"@type\":\"ImageObject\",\"inLanguage\":\"fi\",\"@id\":\"https:\\\/\\\/homeofwool.com\\\/#\\\/schema\\\/logo\\\/image\\\/\",\"url\":\"https:\\\/\\\/homeofwool.com\\\/wp-content\\\/uploads\\\/2025\\\/09\\\/WhatsApp-Image-2025-12-02-at-16.23.20.jpeg\",\"contentUrl\":\"https:\\\/\\\/homeofwool.com\\\/wp-content\\\/uploads\\\/2025\\\/09\\\/WhatsApp-Image-2025-12-02-at-16.23.20.jpeg\",\"width\":700,\"height\":247,\"caption\":\"Home of Wool\"},\"image\":{\"@id\":\"https:\\\/\\\/homeofwool.com\\\/#\\\/schema\\\/logo\\\/image\\\/\"},\"sameAs\":[\"https:\\\/\\\/facebook.com\\\/HomeOfWoolOfficial\"]}]}<\/script>\n<!-- \/ Yoast SEO Premium plugin. -->","yoast_head_json":{"title":"Scrunchie \u2013 Zero Waste &amp; hell\u00e4varainen hiuksillesi | Home of Wool","description":"J\u00e4tteet\u00f6n ja hell\u00e4varainen Scrunchie on valmistettu luonnonmateriaaleista, jotka takaavat hengitt\u00e4v\u00e4n mukavuuden. Ymp\u00e4rist\u00f6yst\u00e4v\u00e4llinen ja myrkyt\u00f6n tuote suojaa hiuksia ja tuo kest\u00e4v\u00e4n tyylin jokap\u00e4iv\u00e4iseen ulkon\u00e4k\u00f6\u00f6n.","robots":{"index":"index","follow":"follow","max-snippet":"max-snippet:-1","max-image-preview":"max-image-preview:large","max-video-preview":"max-video-preview:-1"},"canonical":"https:\/\/homeofwool.com\/fi\/shop\/hiussolmio\/","og_locale":"fi_FI","og_type":"article","og_title":"Hair Scrunchie","og_description":"Zero-waste and gentle, the Scrunchie is made from natural fabrics for breathable comfort. Eco-friendly and toxin-free, it protects hair while adding sustainable style to everyday looks.","og_url":"https:\/\/homeofwool.com\/fi\/shop\/hiussolmio\/","og_site_name":"Home of Wool","article_publisher":"https:\/\/facebook.com\/HomeOfWoolOfficial","article_modified_time":"2026-02-09T13:03:12+00:00","og_image":[{"width":2000,"height":1601,"url":"https:\/\/homeofwool.com\/wp-content\/uploads\/2025\/09\/home-of-wool-wool-scrunchie-1-main.jpg","type":"image\/jpeg"}],"twitter_card":"summary_large_image","twitter_misc":{"Arvioitu lukuaika":"1 minuutti"},"schema":{"@context":"https:\/\/schema.org","@graph":[{"@type":"WebPage","@id":"https:\/\/homeofwool.com\/de\/shop\/haargummi\/","url":"https:\/\/homeofwool.com\/de\/shop\/haargummi\/","name":"Scrunchie \u2013 Zero Waste &amp; hell\u00e4varainen hiuksillesi | Home of Wool","isPartOf":{"@id":"https:\/\/homeofwool.com\/#website"},"primaryImageOfPage":{"@id":"https:\/\/homeofwool.com\/de\/shop\/haargummi\/#primaryimage"},"image":{"@id":"https:\/\/homeofwool.com\/de\/shop\/haargummi\/#primaryimage"},"thumbnailUrl":"https:\/\/homeofwool.com\/wp-content\/uploads\/2025\/09\/home-of-wool-wool-scrunchie-1-main.jpg","datePublished":"2025-09-02T12:02:33+00:00","dateModified":"2026-02-09T13:03:12+00:00","description":"J\u00e4tteet\u00f6n ja hell\u00e4varainen Scrunchie on valmistettu luonnonmateriaaleista, jotka takaavat hengitt\u00e4v\u00e4n mukavuuden. Ymp\u00e4rist\u00f6yst\u00e4v\u00e4llinen ja myrkyt\u00f6n tuote suojaa hiuksia ja tuo kest\u00e4v\u00e4n tyylin jokap\u00e4iv\u00e4iseen ulkon\u00e4k\u00f6\u00f6n.","breadcrumb":{"@id":"https:\/\/homeofwool.com\/de\/shop\/haargummi\/#breadcrumb"},"inLanguage":"fi","potentialAction":[{"@type":"ReadAction","target":["https:\/\/homeofwool.com\/de\/shop\/haargummi\/"]}]},{"@type":"ImageObject","inLanguage":"fi","@id":"https:\/\/homeofwool.com\/de\/shop\/haargummi\/#primaryimage","url":"https:\/\/homeofwool.com\/wp-content\/uploads\/2025\/09\/home-of-wool-wool-scrunchie-1-main.jpg","contentUrl":"https:\/\/homeofwool.com\/wp-content\/uploads\/2025\/09\/home-of-wool-wool-scrunchie-1-main.jpg","width":2000,"height":1601,"caption":"Wool Scrunchie"},{"@type":"BreadcrumbList","@id":"https:\/\/homeofwool.com\/de\/shop\/haargummi\/#breadcrumb","itemListElement":[{"@type":"ListItem","position":1,"name":"Home","item":"https:\/\/homeofwool.com\/"},{"@type":"ListItem","position":2,"name":"Products","item":"https:\/\/homeofwool.com\/header-search-2\/"},{"@type":"ListItem","position":3,"name":"Hair Scrunchie"}]},{"@type":"WebSite","@id":"https:\/\/homeofwool.com\/#website","url":"https:\/\/homeofwool.com\/","name":"Villan koti","description":"","publisher":{"@id":"https:\/\/homeofwool.com\/#organization"},"potentialAction":[{"@type":"SearchAction","target":{"@type":"EntryPoint","urlTemplate":"https:\/\/homeofwool.com\/?s={search_term_string}"},"query-input":{"@type":"PropertyValueSpecification","valueRequired":true,"valueName":"search_term_string"}}],"inLanguage":"fi"},{"@type":"Organization","@id":"https:\/\/homeofwool.com\/#organization","name":"Villan koti","url":"https:\/\/homeofwool.com\/","logo":{"@type":"ImageObject","inLanguage":"fi","@id":"https:\/\/homeofwool.com\/#\/schema\/logo\/image\/","url":"https:\/\/homeofwool.com\/wp-content\/uploads\/2025\/09\/WhatsApp-Image-2025-12-02-at-16.23.20.jpeg","contentUrl":"https:\/\/homeofwool.com\/wp-content\/uploads\/2025\/09\/WhatsApp-Image-2025-12-02-at-16.23.20.jpeg","width":700,"height":247,"caption":"Home of Wool"},"image":{"@id":"https:\/\/homeofwool.com\/#\/schema\/logo\/image\/"},"sameAs":["https:\/\/facebook.com\/HomeOfWoolOfficial"]}]}},"_links":{"self":[{"href":"https:\/\/homeofwool.com\/fi\/wp-json\/wp\/v2\/product\/217779","targetHints":{"allow":["GET"]}}],"collection":[{"href":"https:\/\/homeofwool.com\/fi\/wp-json\/wp\/v2\/product"}],"about":[{"href":"https:\/\/homeofwool.com\/fi\/wp-json\/wp\/v2\/types\/product"}],"version-history":[{"count":1,"href":"https:\/\/homeofwool.com\/fi\/wp-json\/wp\/v2\/product\/217779\/revisions"}],"predecessor-version":[{"id":227348,"href":"https:\/\/homeofwool.com\/fi\/wp-json\/wp\/v2\/product\/217779\/revisions\/227348"}],"wp:featuredmedia":[{"embeddable":true,"href":"https:\/\/homeofwool.com\/fi\/wp-json\/wp\/v2\/media\/219680"}],"wp:attachment":[{"href":"https:\/\/homeofwool.com\/fi\/wp-json\/wp\/v2\/media?parent=217779"}],"wp:term":[{"taxonomy":"product_brand","embeddable":true,"href":"https:\/\/homeofwool.com\/fi\/wp-json\/wp\/v2\/product_brand?post=217779"},{"taxonomy":"product_cat","embeddable":true,"href":"https:\/\/homeofwool.com\/fi\/wp-json\/wp\/v2\/product_cat?post=217779"},{"taxonomy":"product_tag","embeddable":true,"href":"https:\/\/homeofwool.com\/fi\/wp-json\/wp\/v2\/product_tag?post=217779"}],"curies":[{"name":"wp","href":"https:\/\/api.w.org\/{rel}","templated":true}]}}