{"id":217778,"date":"2025-09-02T12:02:33","date_gmt":"2025-09-02T12:02:33","guid":{"rendered":"https:\/\/homeofwool.com\/?post_type=product&#038;p=217778"},"modified":"2026-02-09T13:17:03","modified_gmt":"2026-02-09T13:17:03","slug":"matkapussi","status":"publish","type":"product","link":"https:\/\/homeofwool.com\/fi\/shop\/travel-pouch\/","title":{"rendered":"Matkalaukku"},"content":{"rendered":"<p>Liinakankaasta valmistettu, ymp\u00e4rist\u00f6yst\u00e4v\u00e4llinen matkapussi on k\u00e4yt\u00e4nn\u00f6llinen ja tarkoituksenmukainen lis\u00e4varuste. Se on osa Zero Waste Mission -hankettamme, jonka kautta jokainen suurempien tuotteidemme, kuten patjojen ja tyynyjen, leikkauksista j\u00e4ljelle j\u00e4\u00e4nyt kangaspala saa uuden el\u00e4m\u00e4n k\u00e4yt\u00e4nn\u00f6llisen\u00e4 tuotteena. Antamalla j\u00e4ljelle j\u00e4\u00e4neelle korkealaatuiselle liinakankaalle uuden mahdollisuuden varmistamme, ett\u00e4 mit\u00e4\u00e4n ei mene hukkaan.<\/p>\n<p>Se sopii erinomaisesti toilettilaukkuksi, kosmetiikkalaukkuksi tai p\u00e4ivitt\u00e4iseksi j\u00e4rjestelij\u00e4ksi, ja auttaa sinua pit\u00e4m\u00e4\u00e4n t\u00e4rke\u00e4t tavarat siististi tallessa sek\u00e4 kotona ett\u00e4 matkoilla. Oeko-Tex-sertifioidusta pellavasta valmistettu kangas on turvallinen ja luonnollinen. Ei myrkyllisi\u00e4 viimeistelyaineita. Se tuntuu kevyelt\u00e4 k\u00e4dess\u00e4, mutta on kuitenkin riitt\u00e4v\u00e4n vahva kest\u00e4m\u00e4\u00e4n, ja sen tekstuuri antaa pussille hillitty\u00e4 eleganssia.<\/p>\n<p>Hoidatpa sit\u00e4 itse tai annat sen merkityksellisen\u00e4 lahjana, t\u00e4m\u00e4 pussi yhdist\u00e4\u00e4 huolellisen suunnittelun ja jokap\u00e4iv\u00e4isen k\u00e4yt\u00e4nn\u00f6llisyyden.<\/p>\n<p><strong>Koko:<\/strong> 10 x 9 x 10 cm. (L\/B\/H)<\/p>","protected":false},"excerpt":{"rendered":"<p>T\u00e4m\u00e4 ymp\u00e4rist\u00f6yst\u00e4v\u00e4llinen matkapussi on valmistettu huolellisesti valituista kangasj\u00e4\u00e4mist\u00e4. K\u00e4yt\u00e4 sit\u00e4 toilettilaukuna tai merkityksellisen\u00e4 lahjana, jossa yhdistyv\u00e4t tyyli ja kest\u00e4vyys. Osana Zero Waste Mission -kampanjaamme pussi antaa uuden tarkoituksen ylij\u00e4\u00e4neille kankaille ja muuttaa ne hy\u00f6dyllisiksi ja kest\u00e4viksi tuotteiksi.<\/p>\n<div class=\"global-icon-set\">\n<div class=\"global-icon-set__items\">\n<div class=\"global-icon-set__item\">\n<div class=\"global-icon-set__image\">\n                                    <img decoding=\"async\" src=\"https:\/\/homeofwool.com\/wp-content\/uploads\/2025\/09\/handmade-icon-300x300.png\" alt=\"k\u00e4sintehty kuvake\" \/>\n                                <\/div>\n<div class=\"global-icon-set__title\">K\u00e4sintehty<\/div>\n<\/p><\/div>\n<div class=\"global-icon-set__item\">\n<div class=\"global-icon-set__image\">\n                                    <img decoding=\"async\" src=\"https:\/\/homeofwool.com\/wp-content\/uploads\/2025\/09\/VOCs-min-300x300.png\" alt=\"vocs vapaa\" \/>\n                                <\/div>\n<div class=\"global-icon-set__title\">VOC-vapaa<\/div>\n<\/p><\/div>\n<div class=\"global-icon-set__item\">\n<div class=\"global-icon-set__image\">\n                                    <img decoding=\"async\" src=\"https:\/\/homeofwool.com\/wp-content\/uploads\/2025\/09\/FR-min-300x300.png\" alt=\"palonkest\u00e4v\u00e4 kuvake\" \/>\n                                <\/div>\n<div class=\"global-icon-set__title\">Liekinkest\u00e4v\u00e4<\/div>\n<\/p><\/div>\n<div class=\"global-icon-set__item\">\n<div class=\"global-icon-set__image\">\n                                    <img decoding=\"async\" src=\"https:\/\/homeofwool.com\/wp-content\/uploads\/2025\/09\/Hypoallergenic-min-300x300.png\" alt=\"hypoallergeeninen kuvake\" \/>\n                                <\/div>\n<div class=\"global-icon-set__title\">Hypoallergeeninen<\/div>\n<\/p><\/div>\n<div class=\"global-icon-set__item\">\n<div class=\"global-icon-set__image\">\n                                    <img decoding=\"async\" src=\"https:\/\/homeofwool.com\/wp-content\/uploads\/2025\/09\/free-of-synthetics-icon-300x300.png\" alt=\"synteettisi\u00e4 aineita sis\u00e4lt\u00e4m\u00e4t\u00f6n kuvake\" \/>\n                                <\/div>\n<div class=\"global-icon-set__title\">Vapaa synteettisist\u00e4 aineista<\/div>\n<\/p><\/div>\n<div class=\"global-icon-set__item\">\n<div class=\"global-icon-set__image\">\n                                    <img decoding=\"async\" src=\"https:\/\/homeofwool.com\/wp-content\/uploads\/2025\/09\/chemical-free-icon-300x300.png\" alt=\"kemikaalivapaa kuvake\" \/>\n                                <\/div>\n<div class=\"global-icon-set__title\">Kemikaalivapaa<\/div>\n<\/p><\/div>\n<div class=\"global-icon-set__item\">\n<div class=\"global-icon-set__image\">\n                                    <img decoding=\"async\" src=\"https:\/\/homeofwool.com\/wp-content\/uploads\/2025\/09\/certified-materials-icon-300x300.png\" alt=\"sertifioitujen materiaalien kuvake\" \/>\n                                <\/div>\n<div class=\"global-icon-set__title\">100% Puhtaat sertifioidut materiaalit<\/div>\n<\/p><\/div>\n<\/p><\/div>\n<\/p><\/div>","protected":false},"featured_media":220711,"template":"","meta":{"_acf_changed":false},"product_brand":[],"product_cat":[590,558,847],"product_tag":[1370],"class_list":{"0":"post-217778","1":"product","2":"type-product","3":"status-publish","4":"has-post-thumbnail","6":"product_cat-accessories","7":"product_cat-zero-waste-accessories","8":"product_cat-zero-waste-day-2025","9":"product_tag-nosteps","11":"first","12":"instock","13":"shipping-taxable","14":"purchasable","15":"product-type-simple"},"acf":[],"yoast_head":"<!-- This site is optimized with the Yoast SEO Premium plugin v27.3 (Yoast SEO v27.3) - https:\/\/yoast.com\/product\/yoast-seo-premium-wordpress\/ -->\n<title>Travel Pouch \u2013 Eco-friendly Toiletry Bag | Home of Wool<\/title>\n<meta name=\"description\" content=\"Practical and eco-friendly, the Travel Pouch is handmade with breathable fabrics. Toxin-free and sustainable, it provides natural everyday storage for toiletries and travel essentials.\" \/>\n<meta name=\"robots\" content=\"index, follow, max-snippet:-1, max-image-preview:large, max-video-preview:-1\" \/>\n<link rel=\"canonical\" href=\"https:\/\/homeofwool.com\/fi\/shop\/matkapussi\/\" \/>\n<meta property=\"og:locale\" content=\"fi_FI\" \/>\n<meta property=\"og:type\" content=\"article\" \/>\n<meta property=\"og:title\" content=\"Travel Pouch\" \/>\n<meta property=\"og:description\" content=\"Practical and eco-friendly, the Travel Pouch is handmade with breathable fabrics. Toxin-free and sustainable, it provides natural everyday storage for toiletries and travel essentials.\" \/>\n<meta property=\"og:url\" content=\"https:\/\/homeofwool.com\/fi\/shop\/matkapussi\/\" \/>\n<meta property=\"og:site_name\" content=\"Home of Wool\" \/>\n<meta property=\"article:publisher\" content=\"https:\/\/facebook.com\/HomeOfWoolOfficial\" \/>\n<meta property=\"article:modified_time\" content=\"2026-02-09T13:17:03+00:00\" \/>\n<meta property=\"og:image\" content=\"https:\/\/homeofwool.com\/wp-content\/uploads\/2025\/09\/home-of-wool-travel-pouch-01.jpg\" \/>\n\t<meta property=\"og:image:width\" content=\"2000\" \/>\n\t<meta property=\"og:image:height\" content=\"1600\" \/>\n\t<meta property=\"og:image:type\" content=\"image\/jpeg\" \/>\n<meta name=\"twitter:card\" content=\"summary_large_image\" \/>\n<meta name=\"twitter:label1\" content=\"Arvioitu lukuaika\" \/>\n\t<meta name=\"twitter:data1\" content=\"1 minuutti\" \/>\n<script type=\"application\/ld+json\" class=\"yoast-schema-graph\">{\"@context\":\"https:\\\/\\\/schema.org\",\"@graph\":[{\"@type\":\"WebPage\",\"@id\":\"https:\\\/\\\/homeofwool.com\\\/shop\\\/travel-pouch\\\/\",\"url\":\"https:\\\/\\\/homeofwool.com\\\/shop\\\/travel-pouch\\\/\",\"name\":\"Travel Pouch \u2013 Eco-friendly Toiletry Bag | Home of Wool\",\"isPartOf\":{\"@id\":\"https:\\\/\\\/homeofwool.com\\\/#website\"},\"primaryImageOfPage\":{\"@id\":\"https:\\\/\\\/homeofwool.com\\\/shop\\\/travel-pouch\\\/#primaryimage\"},\"image\":{\"@id\":\"https:\\\/\\\/homeofwool.com\\\/shop\\\/travel-pouch\\\/#primaryimage\"},\"thumbnailUrl\":\"https:\\\/\\\/homeofwool.com\\\/wp-content\\\/uploads\\\/2025\\\/09\\\/home-of-wool-travel-pouch-01.jpg\",\"datePublished\":\"2025-09-02T12:02:33+00:00\",\"dateModified\":\"2026-02-09T13:17:03+00:00\",\"description\":\"Practical and eco-friendly, the Travel Pouch is handmade with breathable fabrics. Toxin-free and sustainable, it provides natural everyday storage for toiletries and travel essentials.\",\"breadcrumb\":{\"@id\":\"https:\\\/\\\/homeofwool.com\\\/shop\\\/travel-pouch\\\/#breadcrumb\"},\"inLanguage\":\"fi\",\"potentialAction\":[{\"@type\":\"ReadAction\",\"target\":[\"https:\\\/\\\/homeofwool.com\\\/shop\\\/travel-pouch\\\/\"]}]},{\"@type\":\"ImageObject\",\"inLanguage\":\"fi\",\"@id\":\"https:\\\/\\\/homeofwool.com\\\/shop\\\/travel-pouch\\\/#primaryimage\",\"url\":\"https:\\\/\\\/homeofwool.com\\\/wp-content\\\/uploads\\\/2025\\\/09\\\/home-of-wool-travel-pouch-01.jpg\",\"contentUrl\":\"https:\\\/\\\/homeofwool.com\\\/wp-content\\\/uploads\\\/2025\\\/09\\\/home-of-wool-travel-pouch-01.jpg\",\"width\":2000,\"height\":1600,\"caption\":\"wool travel pouch\"},{\"@type\":\"BreadcrumbList\",\"@id\":\"https:\\\/\\\/homeofwool.com\\\/shop\\\/travel-pouch\\\/#breadcrumb\",\"itemListElement\":[{\"@type\":\"ListItem\",\"position\":1,\"name\":\"Home\",\"item\":\"https:\\\/\\\/homeofwool.com\\\/\"},{\"@type\":\"ListItem\",\"position\":2,\"name\":\"Products\",\"item\":\"https:\\\/\\\/homeofwool.com\\\/header-search-2\\\/\"},{\"@type\":\"ListItem\",\"position\":3,\"name\":\"Travel Pouch\"}]},{\"@type\":\"WebSite\",\"@id\":\"https:\\\/\\\/homeofwool.com\\\/#website\",\"url\":\"https:\\\/\\\/homeofwool.com\\\/\",\"name\":\"Home of Wool\",\"description\":\"\",\"publisher\":{\"@id\":\"https:\\\/\\\/homeofwool.com\\\/#organization\"},\"potentialAction\":[{\"@type\":\"SearchAction\",\"target\":{\"@type\":\"EntryPoint\",\"urlTemplate\":\"https:\\\/\\\/homeofwool.com\\\/?s={search_term_string}\"},\"query-input\":{\"@type\":\"PropertyValueSpecification\",\"valueRequired\":true,\"valueName\":\"search_term_string\"}}],\"inLanguage\":\"fi\"},{\"@type\":\"Organization\",\"@id\":\"https:\\\/\\\/homeofwool.com\\\/#organization\",\"name\":\"Home of Wool\",\"url\":\"https:\\\/\\\/homeofwool.com\\\/\",\"logo\":{\"@type\":\"ImageObject\",\"inLanguage\":\"fi\",\"@id\":\"https:\\\/\\\/homeofwool.com\\\/#\\\/schema\\\/logo\\\/image\\\/\",\"url\":\"https:\\\/\\\/homeofwool.com\\\/wp-content\\\/uploads\\\/2025\\\/09\\\/WhatsApp-Image-2025-12-02-at-16.23.20.jpeg\",\"contentUrl\":\"https:\\\/\\\/homeofwool.com\\\/wp-content\\\/uploads\\\/2025\\\/09\\\/WhatsApp-Image-2025-12-02-at-16.23.20.jpeg\",\"width\":700,\"height\":247,\"caption\":\"Home of Wool\"},\"image\":{\"@id\":\"https:\\\/\\\/homeofwool.com\\\/#\\\/schema\\\/logo\\\/image\\\/\"},\"sameAs\":[\"https:\\\/\\\/facebook.com\\\/HomeOfWoolOfficial\"]}]}<\/script>\n<!-- \/ Yoast SEO Premium plugin. -->","yoast_head_json":{"title":"Matkapussi \u2013 Ymp\u00e4rist\u00f6yst\u00e4v\u00e4llinen toilettilaukku | Home of Wool","description":"K\u00e4yt\u00e4nn\u00f6llinen ja ymp\u00e4rist\u00f6yst\u00e4v\u00e4llinen Travel Pouch on valmistettu k\u00e4sin hengitt\u00e4vist\u00e4 kankaista. Se on myrkyt\u00f6n ja kest\u00e4v\u00e4 ja tarjoaa luonnollisen s\u00e4ilytysratkaisun p\u00e4ivitt\u00e4isille hygieniatuotteille ja matkatarvikkeille.","robots":{"index":"index","follow":"follow","max-snippet":"max-snippet:-1","max-image-preview":"max-image-preview:large","max-video-preview":"max-video-preview:-1"},"canonical":"https:\/\/homeofwool.com\/fi\/shop\/matkapussi\/","og_locale":"fi_FI","og_type":"article","og_title":"Travel Pouch","og_description":"Practical and eco-friendly, the Travel Pouch is handmade with breathable fabrics. Toxin-free and sustainable, it provides natural everyday storage for toiletries and travel essentials.","og_url":"https:\/\/homeofwool.com\/fi\/shop\/matkapussi\/","og_site_name":"Home of Wool","article_publisher":"https:\/\/facebook.com\/HomeOfWoolOfficial","article_modified_time":"2026-02-09T13:17:03+00:00","og_image":[{"width":2000,"height":1600,"url":"https:\/\/homeofwool.com\/wp-content\/uploads\/2025\/09\/home-of-wool-travel-pouch-01.jpg","type":"image\/jpeg"}],"twitter_card":"summary_large_image","twitter_misc":{"Arvioitu lukuaika":"1 minuutti"},"schema":{"@context":"https:\/\/schema.org","@graph":[{"@type":"WebPage","@id":"https:\/\/homeofwool.com\/shop\/travel-pouch\/","url":"https:\/\/homeofwool.com\/shop\/travel-pouch\/","name":"Matkapussi \u2013 Ymp\u00e4rist\u00f6yst\u00e4v\u00e4llinen toilettilaukku | Home of Wool","isPartOf":{"@id":"https:\/\/homeofwool.com\/#website"},"primaryImageOfPage":{"@id":"https:\/\/homeofwool.com\/shop\/travel-pouch\/#primaryimage"},"image":{"@id":"https:\/\/homeofwool.com\/shop\/travel-pouch\/#primaryimage"},"thumbnailUrl":"https:\/\/homeofwool.com\/wp-content\/uploads\/2025\/09\/home-of-wool-travel-pouch-01.jpg","datePublished":"2025-09-02T12:02:33+00:00","dateModified":"2026-02-09T13:17:03+00:00","description":"K\u00e4yt\u00e4nn\u00f6llinen ja ymp\u00e4rist\u00f6yst\u00e4v\u00e4llinen Travel Pouch on valmistettu k\u00e4sin hengitt\u00e4vist\u00e4 kankaista. Se on myrkyt\u00f6n ja kest\u00e4v\u00e4 ja tarjoaa luonnollisen s\u00e4ilytysratkaisun p\u00e4ivitt\u00e4isille hygieniatuotteille ja matkatarvikkeille.","breadcrumb":{"@id":"https:\/\/homeofwool.com\/shop\/travel-pouch\/#breadcrumb"},"inLanguage":"fi","potentialAction":[{"@type":"ReadAction","target":["https:\/\/homeofwool.com\/shop\/travel-pouch\/"]}]},{"@type":"ImageObject","inLanguage":"fi","@id":"https:\/\/homeofwool.com\/shop\/travel-pouch\/#primaryimage","url":"https:\/\/homeofwool.com\/wp-content\/uploads\/2025\/09\/home-of-wool-travel-pouch-01.jpg","contentUrl":"https:\/\/homeofwool.com\/wp-content\/uploads\/2025\/09\/home-of-wool-travel-pouch-01.jpg","width":2000,"height":1600,"caption":"wool travel pouch"},{"@type":"BreadcrumbList","@id":"https:\/\/homeofwool.com\/shop\/travel-pouch\/#breadcrumb","itemListElement":[{"@type":"ListItem","position":1,"name":"Home","item":"https:\/\/homeofwool.com\/"},{"@type":"ListItem","position":2,"name":"Products","item":"https:\/\/homeofwool.com\/header-search-2\/"},{"@type":"ListItem","position":3,"name":"Travel Pouch"}]},{"@type":"WebSite","@id":"https:\/\/homeofwool.com\/#website","url":"https:\/\/homeofwool.com\/","name":"Villan koti","description":"","publisher":{"@id":"https:\/\/homeofwool.com\/#organization"},"potentialAction":[{"@type":"SearchAction","target":{"@type":"EntryPoint","urlTemplate":"https:\/\/homeofwool.com\/?s={search_term_string}"},"query-input":{"@type":"PropertyValueSpecification","valueRequired":true,"valueName":"search_term_string"}}],"inLanguage":"fi"},{"@type":"Organization","@id":"https:\/\/homeofwool.com\/#organization","name":"Villan koti","url":"https:\/\/homeofwool.com\/","logo":{"@type":"ImageObject","inLanguage":"fi","@id":"https:\/\/homeofwool.com\/#\/schema\/logo\/image\/","url":"https:\/\/homeofwool.com\/wp-content\/uploads\/2025\/09\/WhatsApp-Image-2025-12-02-at-16.23.20.jpeg","contentUrl":"https:\/\/homeofwool.com\/wp-content\/uploads\/2025\/09\/WhatsApp-Image-2025-12-02-at-16.23.20.jpeg","width":700,"height":247,"caption":"Home of Wool"},"image":{"@id":"https:\/\/homeofwool.com\/#\/schema\/logo\/image\/"},"sameAs":["https:\/\/facebook.com\/HomeOfWoolOfficial"]}]}},"_links":{"self":[{"href":"https:\/\/homeofwool.com\/fi\/wp-json\/wp\/v2\/product\/217778","targetHints":{"allow":["GET"]}}],"collection":[{"href":"https:\/\/homeofwool.com\/fi\/wp-json\/wp\/v2\/product"}],"about":[{"href":"https:\/\/homeofwool.com\/fi\/wp-json\/wp\/v2\/types\/product"}],"version-history":[{"count":3,"href":"https:\/\/homeofwool.com\/fi\/wp-json\/wp\/v2\/product\/217778\/revisions"}],"predecessor-version":[{"id":228150,"href":"https:\/\/homeofwool.com\/fi\/wp-json\/wp\/v2\/product\/217778\/revisions\/228150"}],"wp:featuredmedia":[{"embeddable":true,"href":"https:\/\/homeofwool.com\/fi\/wp-json\/wp\/v2\/media\/220711"}],"wp:attachment":[{"href":"https:\/\/homeofwool.com\/fi\/wp-json\/wp\/v2\/media?parent=217778"}],"wp:term":[{"taxonomy":"product_brand","embeddable":true,"href":"https:\/\/homeofwool.com\/fi\/wp-json\/wp\/v2\/product_brand?post=217778"},{"taxonomy":"product_cat","embeddable":true,"href":"https:\/\/homeofwool.com\/fi\/wp-json\/wp\/v2\/product_cat?post=217778"},{"taxonomy":"product_tag","embeddable":true,"href":"https:\/\/homeofwool.com\/fi\/wp-json\/wp\/v2\/product_tag?post=217778"}],"curies":[{"name":"wp","href":"https:\/\/api.w.org\/{rel}","templated":true}]}}