{"id":217770,"date":"2025-09-02T12:02:33","date_gmt":"2025-09-02T12:02:33","guid":{"rendered":"https:\/\/homeofwool.com\/?post_type=product&#038;p=217770"},"modified":"2026-02-09T13:05:33","modified_gmt":"2026-02-09T13:05:33","slug":"villaiset-ballerina-tossut-nina","status":"publish","type":"product","link":"https:\/\/homeofwool.com\/fi\/shop\/wool-ballerina-slippers-nina\/","title":{"rendered":"Villa baletti tossut"},"content":{"rendered":"<p>N\u00e4m\u00e4 mukavat villatossut yhdist\u00e4v\u00e4t ajattoman \u201cbalettitossujen\u201d muotoilun ja puhtaan villan rauhoittavien ominaisuuksien. Jokainen pari on valmistettu k\u00e4sin OEKO-TEX-sertifioidusta neitsytvillasta. Ne eiv\u00e4t sis\u00e4ll\u00e4 synteettisi\u00e4 materiaaleja, kemikaaleja tai v\u00e4riaineita. Puhtaasti luonnolliset villajalkineet. Villa ei pid\u00e4 l\u00e4mp\u00f6\u00e4 tai hike\u00e4 sis\u00e4ll\u00e4\u00e4n. Se pit\u00e4\u00e4 jalkasi t\u00e4ydellisen l\u00e4mpimin\u00e4, mutta my\u00f6s kuivina ja raikkaina. Eik\u00f6 se olekin unelmien t\u00e4yttymys?<\/p>\n<p>Kevyet, joustavat ja hiljaiset, n\u00e4m\u00e4 mukavat tossut liikkuvat pehme\u00e4sti jalkojesi mukana ja tarjoavat paljaiden jalkojen kaltaisen tunteen, mik\u00e4 tekee niist\u00e4 t\u00e4ydelliset kotiin, matkalle tai jopa kevyiksi ymp\u00e4rist\u00f6yst\u00e4v\u00e4llisiksi tossuiksi retkeilyyn. Saatavilla on my\u00f6s mittatilausty\u00f6n\u00e4 valmistettuja tossuja, joten voit tilata ne juuri sinun mittojesi mukaan. Luonnollisesti hypoallergeeniset, hengitt\u00e4v\u00e4t villatossut ovat turvallinen valinta herk\u00e4lle iholle ja allergikoille.<\/p>","protected":false},"excerpt":{"rendered":"<p>Anna jalkojesi nauttia puhtaasta mukavuudesta k\u00e4sintehtyjen villatossujemme avulla. Ne on valmistettu neitsytvillasta, ja ne ovat pehmeit\u00e4, joustavia ja l\u00e4mp\u00f6tilaa tasapainottavia. Aivan, ne pit\u00e4v\u00e4t jalkasi mukavan l\u00e4mpimin\u00e4, mutta eiv\u00e4t ylikuumene! Jokainen pari on valmistettu juuri sinun kokoiseksi, joten ne istuvat kuin valetut ja tuntuvat yht\u00e4 luonnollisilta kuin paljain jaloin k\u00e4vely, mutta viel\u00e4 paremmilta.<\/p>\n<div class=\"global-icon-set\">\n<div class=\"global-icon-set__items\">\n<div class=\"global-icon-set__item\">\n<div class=\"global-icon-set__image\">\n                                    <img decoding=\"async\" src=\"https:\/\/homeofwool.com\/wp-content\/uploads\/2025\/09\/handmade-icon-300x300.png\" alt=\"k\u00e4sintehty kuvake\" \/>\n                                <\/div>\n<div class=\"global-icon-set__title\">K\u00e4sintehty<\/div>\n<\/p><\/div>\n<div class=\"global-icon-set__item\">\n<div class=\"global-icon-set__image\">\n                                    <img decoding=\"async\" src=\"https:\/\/homeofwool.com\/wp-content\/uploads\/2025\/09\/VOCs-min-300x300.png\" alt=\"vocs vapaa\" \/>\n                                <\/div>\n<div class=\"global-icon-set__title\">VOC-vapaa<\/div>\n<\/p><\/div>\n<div class=\"global-icon-set__item\">\n<div class=\"global-icon-set__image\">\n                                    <img decoding=\"async\" src=\"https:\/\/homeofwool.com\/wp-content\/uploads\/2025\/09\/FR-min-300x300.png\" alt=\"palonkest\u00e4v\u00e4 kuvake\" \/>\n                                <\/div>\n<div class=\"global-icon-set__title\">Liekinkest\u00e4v\u00e4<\/div>\n<\/p><\/div>\n<div class=\"global-icon-set__item\">\n<div class=\"global-icon-set__image\">\n                                    <img decoding=\"async\" src=\"https:\/\/homeofwool.com\/wp-content\/uploads\/2025\/09\/Hypoallergenic-min-300x300.png\" alt=\"hypoallergeeninen kuvake\" \/>\n                                <\/div>\n<div class=\"global-icon-set__title\">Hypoallergeeninen<\/div>\n<\/p><\/div>\n<div class=\"global-icon-set__item\">\n<div class=\"global-icon-set__image\">\n                                    <img decoding=\"async\" src=\"https:\/\/homeofwool.com\/wp-content\/uploads\/2025\/09\/free-of-synthetics-icon-300x300.png\" alt=\"synteettisi\u00e4 aineita sis\u00e4lt\u00e4m\u00e4t\u00f6n kuvake\" \/>\n                                <\/div>\n<div class=\"global-icon-set__title\">Vapaa synteettisist\u00e4 aineista<\/div>\n<\/p><\/div>\n<div class=\"global-icon-set__item\">\n<div class=\"global-icon-set__image\">\n                                    <img decoding=\"async\" src=\"https:\/\/homeofwool.com\/wp-content\/uploads\/2025\/09\/chemical-free-icon-300x300.png\" alt=\"kemikaalivapaa kuvake\" \/>\n                                <\/div>\n<div class=\"global-icon-set__title\">Kemikaalivapaa<\/div>\n<\/p><\/div>\n<div class=\"global-icon-set__item\">\n<div class=\"global-icon-set__image\">\n                                    <img decoding=\"async\" src=\"https:\/\/homeofwool.com\/wp-content\/uploads\/2025\/09\/anti-bacterial-icon-300x300.png\" alt=\"anti bakteeri kuvake\" \/>\n                                <\/div>\n<div class=\"global-icon-set__title\">Anti-mikrobinen &amp; antibakteerinen<\/div>\n<\/p><\/div>\n<div class=\"global-icon-set__item\">\n<div class=\"global-icon-set__image\">\n                                    <img decoding=\"async\" src=\"https:\/\/homeofwool.com\/wp-content\/uploads\/2025\/09\/certified-materials-icon-300x300.png\" alt=\"sertifioitujen materiaalien kuvake\" \/>\n                                <\/div>\n<div class=\"global-icon-set__title\">100% Puhtaat sertifioidut materiaalit<\/div>\n<\/p><\/div>\n<\/p><\/div>\n<\/p><\/div>","protected":false},"featured_media":221145,"template":"","meta":{"_acf_changed":false},"product_brand":[],"product_cat":[557,590,174,558],"product_tag":[317,318,319,320,321,322,323,324,325,326,327,149,328,329,330],"class_list":{"0":"post-217770","1":"product","2":"type-product","3":"status-publish","4":"has-post-thumbnail","6":"product_cat-new","7":"product_cat-accessories","8":"product_cat-zero-waste","9":"product_cat-zero-waste-accessories","10":"product_tag-barefoot","11":"product_tag-bivouac","12":"product_tag-booties","13":"product_tag-camping-essentials","14":"product_tag-camping-slippers","15":"product_tag-felted-wool-slippers","16":"product_tag-flat-sole","17":"product_tag-outdoor-sleeping","18":"product_tag-outspan","19":"product_tag-overlanding-gear","20":"product_tag-sheep-wool-slippers","21":"product_tag-steps","22":"product_tag-wide-toe-box","23":"product_tag-wool-socks-no","24":"product_tag-zero-drop","26":"first","27":"instock","28":"shipping-taxable","29":"purchasable","30":"product-type-simple"},"acf":[],"yoast_head":"<!-- This site is optimized with the Yoast SEO Premium plugin v27.3 (Yoast SEO v27.3) - https:\/\/yoast.com\/product\/yoast-seo-premium-wordpress\/ -->\n<title>Wool Ballet Slippers \u2013 Eco-Friendly Women&#039;s Slippers | Home of Wool<\/title>\n<meta name=\"description\" content=\"All-day softness comes with the Ballet Slippers as shoes, made with breathable wool. Hypoallergenic and toxin-free, they deliver sustainable, natural comfort for everyday wear.\" \/>\n<meta name=\"robots\" content=\"index, follow, max-snippet:-1, max-image-preview:large, max-video-preview:-1\" \/>\n<link rel=\"canonical\" href=\"https:\/\/homeofwool.com\/fi\/shop\/villaiset-ballerina-tossut-nina\/\" \/>\n<meta property=\"og:locale\" content=\"fi_FI\" \/>\n<meta property=\"og:type\" content=\"article\" \/>\n<meta property=\"og:title\" content=\"Wool Ballet Slippers\" \/>\n<meta property=\"og:description\" content=\"All-day softness comes with the Ballet Slippers as shoes, made with breathable wool. Hypoallergenic and toxin-free, they deliver sustainable, natural comfort for everyday wear.\" \/>\n<meta property=\"og:url\" content=\"https:\/\/homeofwool.com\/fi\/shop\/villaiset-ballerina-tossut-nina\/\" \/>\n<meta property=\"og:site_name\" content=\"Home of Wool\" \/>\n<meta property=\"article:publisher\" content=\"https:\/\/facebook.com\/HomeOfWoolOfficial\" \/>\n<meta property=\"article:modified_time\" content=\"2026-02-09T13:05:33+00:00\" \/>\n<meta property=\"og:image\" content=\"https:\/\/homeofwool.com\/wp-content\/uploads\/2025\/09\/home-of-wool-wool-ballet-slippers-as-shoes-1-main.jpg\" \/>\n\t<meta property=\"og:image:width\" content=\"1412\" \/>\n\t<meta property=\"og:image:height\" content=\"1130\" \/>\n\t<meta property=\"og:image:type\" content=\"image\/jpeg\" \/>\n<meta name=\"twitter:card\" content=\"summary_large_image\" \/>\n<meta name=\"twitter:label1\" content=\"Arvioitu lukuaika\" \/>\n\t<meta name=\"twitter:data1\" content=\"1 minuutti\" \/>\n<script type=\"application\/ld+json\" class=\"yoast-schema-graph\">{\"@context\":\"https:\\\/\\\/schema.org\",\"@graph\":[{\"@type\":\"WebPage\",\"@id\":\"https:\\\/\\\/homeofwool.com\\\/shop\\\/wool-ballerina-slippers-nina\\\/\",\"url\":\"https:\\\/\\\/homeofwool.com\\\/shop\\\/wool-ballerina-slippers-nina\\\/\",\"name\":\"Wool Ballet Slippers \u2013 Eco-Friendly Women's Slippers | Home of Wool\",\"isPartOf\":{\"@id\":\"https:\\\/\\\/homeofwool.com\\\/#website\"},\"primaryImageOfPage\":{\"@id\":\"https:\\\/\\\/homeofwool.com\\\/shop\\\/wool-ballerina-slippers-nina\\\/#primaryimage\"},\"image\":{\"@id\":\"https:\\\/\\\/homeofwool.com\\\/shop\\\/wool-ballerina-slippers-nina\\\/#primaryimage\"},\"thumbnailUrl\":\"https:\\\/\\\/homeofwool.com\\\/wp-content\\\/uploads\\\/2025\\\/09\\\/home-of-wool-wool-ballet-slippers-as-shoes-1-main.jpg\",\"datePublished\":\"2025-09-02T12:02:33+00:00\",\"dateModified\":\"2026-02-09T13:05:33+00:00\",\"description\":\"All-day softness comes with the Ballet Slippers as shoes, made with breathable wool. Hypoallergenic and toxin-free, they deliver sustainable, natural comfort for everyday wear.\",\"breadcrumb\":{\"@id\":\"https:\\\/\\\/homeofwool.com\\\/shop\\\/wool-ballerina-slippers-nina\\\/#breadcrumb\"},\"inLanguage\":\"fi\",\"potentialAction\":[{\"@type\":\"ReadAction\",\"target\":[\"https:\\\/\\\/homeofwool.com\\\/shop\\\/wool-ballerina-slippers-nina\\\/\"]}]},{\"@type\":\"ImageObject\",\"inLanguage\":\"fi\",\"@id\":\"https:\\\/\\\/homeofwool.com\\\/shop\\\/wool-ballerina-slippers-nina\\\/#primaryimage\",\"url\":\"https:\\\/\\\/homeofwool.com\\\/wp-content\\\/uploads\\\/2025\\\/09\\\/home-of-wool-wool-ballet-slippers-as-shoes-1-main.jpg\",\"contentUrl\":\"https:\\\/\\\/homeofwool.com\\\/wp-content\\\/uploads\\\/2025\\\/09\\\/home-of-wool-wool-ballet-slippers-as-shoes-1-main.jpg\",\"width\":1412,\"height\":1130,\"caption\":\"Wool ballet slippers on a wood bench\"},{\"@type\":\"BreadcrumbList\",\"@id\":\"https:\\\/\\\/homeofwool.com\\\/shop\\\/wool-ballerina-slippers-nina\\\/#breadcrumb\",\"itemListElement\":[{\"@type\":\"ListItem\",\"position\":1,\"name\":\"Home\",\"item\":\"https:\\\/\\\/homeofwool.com\\\/\"},{\"@type\":\"ListItem\",\"position\":2,\"name\":\"Products\",\"item\":\"https:\\\/\\\/homeofwool.com\\\/header-search-2\\\/\"},{\"@type\":\"ListItem\",\"position\":3,\"name\":\"Wool Ballet Slippers\"}]},{\"@type\":\"WebSite\",\"@id\":\"https:\\\/\\\/homeofwool.com\\\/#website\",\"url\":\"https:\\\/\\\/homeofwool.com\\\/\",\"name\":\"Home of Wool\",\"description\":\"\",\"publisher\":{\"@id\":\"https:\\\/\\\/homeofwool.com\\\/#organization\"},\"potentialAction\":[{\"@type\":\"SearchAction\",\"target\":{\"@type\":\"EntryPoint\",\"urlTemplate\":\"https:\\\/\\\/homeofwool.com\\\/?s={search_term_string}\"},\"query-input\":{\"@type\":\"PropertyValueSpecification\",\"valueRequired\":true,\"valueName\":\"search_term_string\"}}],\"inLanguage\":\"fi\"},{\"@type\":\"Organization\",\"@id\":\"https:\\\/\\\/homeofwool.com\\\/#organization\",\"name\":\"Home of Wool\",\"url\":\"https:\\\/\\\/homeofwool.com\\\/\",\"logo\":{\"@type\":\"ImageObject\",\"inLanguage\":\"fi\",\"@id\":\"https:\\\/\\\/homeofwool.com\\\/#\\\/schema\\\/logo\\\/image\\\/\",\"url\":\"https:\\\/\\\/homeofwool.com\\\/wp-content\\\/uploads\\\/2025\\\/09\\\/WhatsApp-Image-2025-12-02-at-16.23.20.jpeg\",\"contentUrl\":\"https:\\\/\\\/homeofwool.com\\\/wp-content\\\/uploads\\\/2025\\\/09\\\/WhatsApp-Image-2025-12-02-at-16.23.20.jpeg\",\"width\":700,\"height\":247,\"caption\":\"Home of Wool\"},\"image\":{\"@id\":\"https:\\\/\\\/homeofwool.com\\\/#\\\/schema\\\/logo\\\/image\\\/\"},\"sameAs\":[\"https:\\\/\\\/facebook.com\\\/HomeOfWoolOfficial\"]}]}<\/script>\n<!-- \/ Yoast SEO Premium plugin. -->","yoast_head_json":{"title":"Villapallotossut - Ymp\u00e4rist\u00f6yst\u00e4v\u00e4lliset naisten tossut | Home of Wool","description":"Koko p\u00e4iv\u00e4n pehmeytt\u00e4 tarjoavat Ballet Slippers -keng\u00e4t, jotka on valmistettu hengitt\u00e4v\u00e4st\u00e4 villasta. Hypoallergeeniset ja myrkytt\u00f6m\u00e4t, ne tarjoavat kest\u00e4v\u00e4\u00e4, luonnollista mukavuutta jokap\u00e4iv\u00e4iseen k\u00e4ytt\u00f6\u00f6n.","robots":{"index":"index","follow":"follow","max-snippet":"max-snippet:-1","max-image-preview":"max-image-preview:large","max-video-preview":"max-video-preview:-1"},"canonical":"https:\/\/homeofwool.com\/fi\/shop\/villaiset-ballerina-tossut-nina\/","og_locale":"fi_FI","og_type":"article","og_title":"Wool Ballet Slippers","og_description":"All-day softness comes with the Ballet Slippers as shoes, made with breathable wool. Hypoallergenic and toxin-free, they deliver sustainable, natural comfort for everyday wear.","og_url":"https:\/\/homeofwool.com\/fi\/shop\/villaiset-ballerina-tossut-nina\/","og_site_name":"Home of Wool","article_publisher":"https:\/\/facebook.com\/HomeOfWoolOfficial","article_modified_time":"2026-02-09T13:05:33+00:00","og_image":[{"width":1412,"height":1130,"url":"https:\/\/homeofwool.com\/wp-content\/uploads\/2025\/09\/home-of-wool-wool-ballet-slippers-as-shoes-1-main.jpg","type":"image\/jpeg"}],"twitter_card":"summary_large_image","twitter_misc":{"Arvioitu lukuaika":"1 minuutti"},"schema":{"@context":"https:\/\/schema.org","@graph":[{"@type":"WebPage","@id":"https:\/\/homeofwool.com\/shop\/wool-ballerina-slippers-nina\/","url":"https:\/\/homeofwool.com\/shop\/wool-ballerina-slippers-nina\/","name":"Villapallotossut - Ymp\u00e4rist\u00f6yst\u00e4v\u00e4lliset naisten tossut | Home of Wool","isPartOf":{"@id":"https:\/\/homeofwool.com\/#website"},"primaryImageOfPage":{"@id":"https:\/\/homeofwool.com\/shop\/wool-ballerina-slippers-nina\/#primaryimage"},"image":{"@id":"https:\/\/homeofwool.com\/shop\/wool-ballerina-slippers-nina\/#primaryimage"},"thumbnailUrl":"https:\/\/homeofwool.com\/wp-content\/uploads\/2025\/09\/home-of-wool-wool-ballet-slippers-as-shoes-1-main.jpg","datePublished":"2025-09-02T12:02:33+00:00","dateModified":"2026-02-09T13:05:33+00:00","description":"Koko p\u00e4iv\u00e4n pehmeytt\u00e4 tarjoavat Ballet Slippers -keng\u00e4t, jotka on valmistettu hengitt\u00e4v\u00e4st\u00e4 villasta. Hypoallergeeniset ja myrkytt\u00f6m\u00e4t, ne tarjoavat kest\u00e4v\u00e4\u00e4, luonnollista mukavuutta jokap\u00e4iv\u00e4iseen k\u00e4ytt\u00f6\u00f6n.","breadcrumb":{"@id":"https:\/\/homeofwool.com\/shop\/wool-ballerina-slippers-nina\/#breadcrumb"},"inLanguage":"fi","potentialAction":[{"@type":"ReadAction","target":["https:\/\/homeofwool.com\/shop\/wool-ballerina-slippers-nina\/"]}]},{"@type":"ImageObject","inLanguage":"fi","@id":"https:\/\/homeofwool.com\/shop\/wool-ballerina-slippers-nina\/#primaryimage","url":"https:\/\/homeofwool.com\/wp-content\/uploads\/2025\/09\/home-of-wool-wool-ballet-slippers-as-shoes-1-main.jpg","contentUrl":"https:\/\/homeofwool.com\/wp-content\/uploads\/2025\/09\/home-of-wool-wool-ballet-slippers-as-shoes-1-main.jpg","width":1412,"height":1130,"caption":"Wool ballet slippers on a wood bench"},{"@type":"BreadcrumbList","@id":"https:\/\/homeofwool.com\/shop\/wool-ballerina-slippers-nina\/#breadcrumb","itemListElement":[{"@type":"ListItem","position":1,"name":"Home","item":"https:\/\/homeofwool.com\/"},{"@type":"ListItem","position":2,"name":"Products","item":"https:\/\/homeofwool.com\/header-search-2\/"},{"@type":"ListItem","position":3,"name":"Wool Ballet Slippers"}]},{"@type":"WebSite","@id":"https:\/\/homeofwool.com\/#website","url":"https:\/\/homeofwool.com\/","name":"Villan koti","description":"","publisher":{"@id":"https:\/\/homeofwool.com\/#organization"},"potentialAction":[{"@type":"SearchAction","target":{"@type":"EntryPoint","urlTemplate":"https:\/\/homeofwool.com\/?s={search_term_string}"},"query-input":{"@type":"PropertyValueSpecification","valueRequired":true,"valueName":"search_term_string"}}],"inLanguage":"fi"},{"@type":"Organization","@id":"https:\/\/homeofwool.com\/#organization","name":"Villan koti","url":"https:\/\/homeofwool.com\/","logo":{"@type":"ImageObject","inLanguage":"fi","@id":"https:\/\/homeofwool.com\/#\/schema\/logo\/image\/","url":"https:\/\/homeofwool.com\/wp-content\/uploads\/2025\/09\/WhatsApp-Image-2025-12-02-at-16.23.20.jpeg","contentUrl":"https:\/\/homeofwool.com\/wp-content\/uploads\/2025\/09\/WhatsApp-Image-2025-12-02-at-16.23.20.jpeg","width":700,"height":247,"caption":"Home of Wool"},"image":{"@id":"https:\/\/homeofwool.com\/#\/schema\/logo\/image\/"},"sameAs":["https:\/\/facebook.com\/HomeOfWoolOfficial"]}]}},"_links":{"self":[{"href":"https:\/\/homeofwool.com\/fi\/wp-json\/wp\/v2\/product\/217770","targetHints":{"allow":["GET"]}}],"collection":[{"href":"https:\/\/homeofwool.com\/fi\/wp-json\/wp\/v2\/product"}],"about":[{"href":"https:\/\/homeofwool.com\/fi\/wp-json\/wp\/v2\/types\/product"}],"version-history":[{"count":2,"href":"https:\/\/homeofwool.com\/fi\/wp-json\/wp\/v2\/product\/217770\/revisions"}],"predecessor-version":[{"id":227497,"href":"https:\/\/homeofwool.com\/fi\/wp-json\/wp\/v2\/product\/217770\/revisions\/227497"}],"wp:featuredmedia":[{"embeddable":true,"href":"https:\/\/homeofwool.com\/fi\/wp-json\/wp\/v2\/media\/221145"}],"wp:attachment":[{"href":"https:\/\/homeofwool.com\/fi\/wp-json\/wp\/v2\/media?parent=217770"}],"wp:term":[{"taxonomy":"product_brand","embeddable":true,"href":"https:\/\/homeofwool.com\/fi\/wp-json\/wp\/v2\/product_brand?post=217770"},{"taxonomy":"product_cat","embeddable":true,"href":"https:\/\/homeofwool.com\/fi\/wp-json\/wp\/v2\/product_cat?post=217770"},{"taxonomy":"product_tag","embeddable":true,"href":"https:\/\/homeofwool.com\/fi\/wp-json\/wp\/v2\/product_tag?post=217770"}],"curies":[{"name":"wp","href":"https:\/\/api.w.org\/{rel}","templated":true}]}}