{"id":217766,"date":"2025-09-02T12:02:33","date_gmt":"2025-09-02T12:02:33","guid":{"rendered":"https:\/\/homeofwool.com\/?post_type=product&#038;p=217766"},"modified":"2026-01-20T11:03:22","modified_gmt":"2026-01-20T11:03:22","slug":"ruudullinen-villahuopa","status":"publish","type":"product","link":"https:\/\/homeofwool.com\/fi\/shop\/checkered-wool-blanket\/","title":{"rendered":"Ruudullinen villahuopa"},"content":{"rendered":"<p>Ruudullisessa villahuovassamme yhdistyv\u00e4t l\u00e4mp\u00f6 ja luonnon maalaismainen vieh\u00e4tys. T\u00e4m\u00e4n kest\u00e4v\u00e4n villahuovan tuntuva kudonta tuntuu maadoittavalta, aivan kuten maaseudun m\u00f6kin mukavuus.<\/p>\n<p>Se on valmistettu kemikaaleista vapaista villakuiduista, ja sen avulla voit nauttia puhtaasta mukavuudesta ilman huolta siit\u00e4, ett\u00e4 se voisi laukaista herkkyytesi. Luonnostaan hypoallergeeninen ja paloturvallinen, joten siihen ei tarvitse lis\u00e4t\u00e4 kemikaaleja.<\/p>\n<p>T\u00e4m\u00e4 kest\u00e4v\u00e4 villahuopa tuo viihtyisyytt\u00e4 jokaiseen tilaan, olipa se sitten sohvan p\u00e4\u00e4ll\u00e4 tai s\u00e4ngyn p\u00e4\u00e4h\u00e4n taitettuna. Orgaaninen villahuopa, joka on tehty kest\u00e4m\u00e4\u00e4n vuosien jokap\u00e4iv\u00e4ist\u00e4 k\u00e4ytt\u00f6\u00e4 ja olemaan samalla hell\u00e4varainen sek\u00e4 ihollesi ett\u00e4 ymp\u00e4rist\u00f6lle.<\/p>\n<p><strong>KOKO:\u00a0<\/strong>59 x 79\u201d (150 x 200 cm)<br \/>\n<strong>PAINO:<\/strong>\u00a03,5 lbs \/ 1,6 kg<\/p>","protected":false},"excerpt":{"rendered":"<p>Nauti maalaismaisesta mukavuudesta kotona t\u00e4m\u00e4n ruudullisen villahuovan avulla. Se on valmistettu 100%-puhtaasta villasta, ja se tuo luonnollista l\u00e4mp\u00f6\u00e4 ja hengitt\u00e4vyytt\u00e4 pit\u00e4en sinut mukavana ja rentoutuneena miss\u00e4 tahansa sit\u00e4 k\u00e4yt\u00e4tkin.<\/p>\n<div class=\"global-icon-set\">\n<div class=\"global-icon-set__items\">\n<div class=\"global-icon-set__item\">\n<div class=\"global-icon-set__image\">\n                                    <img decoding=\"async\" src=\"https:\/\/homeofwool.com\/wp-content\/uploads\/2025\/09\/VOCs-min-300x300.png\" alt=\"vocs vapaa\" \/>\n                                <\/div>\n<div class=\"global-icon-set__title\">VOC-vapaa<\/div>\n<\/p><\/div>\n<div class=\"global-icon-set__item\">\n<div class=\"global-icon-set__image\">\n                                    <img decoding=\"async\" src=\"https:\/\/homeofwool.com\/wp-content\/uploads\/2025\/09\/FR-min-300x300.png\" alt=\"palonkest\u00e4v\u00e4 kuvake\" \/>\n                                <\/div>\n<div class=\"global-icon-set__title\">Liekinkest\u00e4v\u00e4<\/div>\n<\/p><\/div>\n<div class=\"global-icon-set__item\">\n<div class=\"global-icon-set__image\">\n                                    <img decoding=\"async\" src=\"https:\/\/homeofwool.com\/wp-content\/uploads\/2025\/09\/Hypoallergenic-min-300x300.png\" alt=\"hypoallergeeninen kuvake\" \/>\n                                <\/div>\n<div class=\"global-icon-set__title\">Hypoallergeeninen<\/div>\n<\/p><\/div>\n<div class=\"global-icon-set__item\">\n<div class=\"global-icon-set__image\">\n                                    <img decoding=\"async\" src=\"https:\/\/homeofwool.com\/wp-content\/uploads\/2025\/09\/free-of-synthetics-icon-300x300.png\" alt=\"synteettisi\u00e4 aineita sis\u00e4lt\u00e4m\u00e4t\u00f6n kuvake\" \/>\n                                <\/div>\n<div class=\"global-icon-set__title\">Vapaa synteettisist\u00e4 aineista<\/div>\n<\/p><\/div>\n<div class=\"global-icon-set__item\">\n<div class=\"global-icon-set__image\">\n                                    <img decoding=\"async\" src=\"https:\/\/homeofwool.com\/wp-content\/uploads\/2025\/09\/chemical-free-icon-300x300.png\" alt=\"kemikaalivapaa kuvake\" \/>\n                                <\/div>\n<div class=\"global-icon-set__title\">Kemikaalivapaa<\/div>\n<\/p><\/div>\n<div class=\"global-icon-set__item\">\n<div class=\"global-icon-set__image\">\n                                    <img decoding=\"async\" src=\"https:\/\/homeofwool.com\/wp-content\/uploads\/2025\/09\/anti-bacterial-icon-300x300.png\" alt=\"anti bakteeri kuvake\" \/>\n                                <\/div>\n<div class=\"global-icon-set__title\">Anti-mikrobinen &amp; antibakteerinen<\/div>\n<\/p><\/div>\n<div class=\"global-icon-set__item\">\n<div class=\"global-icon-set__image\">\n                                    <img decoding=\"async\" src=\"https:\/\/homeofwool.com\/wp-content\/uploads\/2025\/09\/certified-materials-icon-300x300.png\" alt=\"sertifioitujen materiaalien kuvake\" \/>\n                                <\/div>\n<div class=\"global-icon-set__title\">100% Puhtaat sertifioidut materiaalit<\/div>\n<\/p><\/div>\n<\/p><\/div>\n<\/p><\/div>","protected":false},"featured_media":221171,"template":"","meta":{"_acf_changed":false},"product_brand":[],"product_cat":[316,557,60],"product_tag":[61,62,63,64,65,66,67,68,69,70,71],"class_list":{"0":"post-217766","1":"product","2":"type-product","3":"status-publish","4":"has-post-thumbnail","6":"product_cat-mothers-day","7":"product_cat-new","8":"product_cat-blankets-duvets","9":"product_tag-all-natural-wool-blankets","10":"product_tag-chemical-free-wool-blanket","11":"product_tag-handmade-blanket","12":"product_tag-heavyweight-wool-blanket","13":"product_tag-large-wool-blanket","14":"product_tag-organic-wool-blanket","15":"product_tag-pure-wool-blanket","16":"product_tag-throws-for-beds","17":"product_tag-travel-blanket","18":"product_tag-washable-wool-blanket","19":"product_tag-wool-blanket-camping","21":"first","22":"instock","23":"shipping-taxable","24":"purchasable","25":"product-type-variable"},"acf":[],"yoast_head":"<!-- This site is optimized with the Yoast SEO Premium plugin v27.3 (Yoast SEO v27.3) - https:\/\/yoast.com\/product\/yoast-seo-premium-wordpress\/ -->\n<title>Checkered Blanket \u2013 Pure, Cozy &amp; Durable | Home of Wool<\/title>\n<meta name=\"description\" content=\"Durable and cozy, the Checkered Blanket is made with breathable wool. Hypoallergenic and toxin-free, it delivers sustainable comfort and timeless natural style in every layer.\" \/>\n<meta name=\"robots\" content=\"index, follow, max-snippet:-1, max-image-preview:large, max-video-preview:-1\" \/>\n<link rel=\"canonical\" href=\"https:\/\/homeofwool.com\/fi\/shop\/ruudullinen-villahuopa\/\" \/>\n<meta property=\"og:locale\" content=\"fi_FI\" \/>\n<meta property=\"og:type\" content=\"article\" \/>\n<meta property=\"og:title\" content=\"Checkered Wool Blanket\" \/>\n<meta property=\"og:description\" content=\"Durable and cozy, the Checkered Blanket is made with breathable wool. Hypoallergenic and toxin-free, it delivers sustainable comfort and timeless natural style in every layer.\" \/>\n<meta property=\"og:url\" content=\"https:\/\/homeofwool.com\/fi\/shop\/ruudullinen-villahuopa\/\" \/>\n<meta property=\"og:site_name\" content=\"Home of Wool\" \/>\n<meta property=\"article:publisher\" content=\"https:\/\/facebook.com\/HomeOfWoolOfficial\" \/>\n<meta property=\"article:modified_time\" content=\"2026-01-20T11:03:22+00:00\" \/>\n<meta property=\"og:image\" content=\"https:\/\/homeofwool.com\/wp-content\/uploads\/2025\/09\/home-of-wool-checkered-wool-blanket-1-main.jpg\" \/>\n\t<meta property=\"og:image:width\" content=\"1900\" \/>\n\t<meta property=\"og:image:height\" content=\"1520\" \/>\n\t<meta property=\"og:image:type\" content=\"image\/jpeg\" \/>\n<meta name=\"twitter:card\" content=\"summary_large_image\" \/>\n<meta name=\"twitter:label1\" content=\"Arvioitu lukuaika\" \/>\n\t<meta name=\"twitter:data1\" content=\"1 minuutti\" \/>\n<script type=\"application\/ld+json\" class=\"yoast-schema-graph\">{\"@context\":\"https:\\\/\\\/schema.org\",\"@graph\":[{\"@type\":\"WebPage\",\"@id\":\"https:\\\/\\\/homeofwool.com\\\/es\\\/tienda\\\/manta-de-lana-a-cuadros\\\/\",\"url\":\"https:\\\/\\\/homeofwool.com\\\/es\\\/tienda\\\/manta-de-lana-a-cuadros\\\/\",\"name\":\"Checkered Blanket \u2013 Pure, Cozy & Durable | Home of Wool\",\"isPartOf\":{\"@id\":\"https:\\\/\\\/homeofwool.com\\\/#website\"},\"primaryImageOfPage\":{\"@id\":\"https:\\\/\\\/homeofwool.com\\\/es\\\/tienda\\\/manta-de-lana-a-cuadros\\\/#primaryimage\"},\"image\":{\"@id\":\"https:\\\/\\\/homeofwool.com\\\/es\\\/tienda\\\/manta-de-lana-a-cuadros\\\/#primaryimage\"},\"thumbnailUrl\":\"https:\\\/\\\/homeofwool.com\\\/wp-content\\\/uploads\\\/2025\\\/09\\\/home-of-wool-checkered-wool-blanket-1-main.jpg\",\"datePublished\":\"2025-09-02T12:02:33+00:00\",\"dateModified\":\"2026-01-20T11:03:22+00:00\",\"description\":\"Durable and cozy, the Checkered Blanket is made with breathable wool. Hypoallergenic and toxin-free, it delivers sustainable comfort and timeless natural style in every layer.\",\"breadcrumb\":{\"@id\":\"https:\\\/\\\/homeofwool.com\\\/es\\\/tienda\\\/manta-de-lana-a-cuadros\\\/#breadcrumb\"},\"inLanguage\":\"fi\",\"potentialAction\":[{\"@type\":\"ReadAction\",\"target\":[\"https:\\\/\\\/homeofwool.com\\\/es\\\/tienda\\\/manta-de-lana-a-cuadros\\\/\"]}]},{\"@type\":\"ImageObject\",\"inLanguage\":\"fi\",\"@id\":\"https:\\\/\\\/homeofwool.com\\\/es\\\/tienda\\\/manta-de-lana-a-cuadros\\\/#primaryimage\",\"url\":\"https:\\\/\\\/homeofwool.com\\\/wp-content\\\/uploads\\\/2025\\\/09\\\/home-of-wool-checkered-wool-blanket-1-main.jpg\",\"contentUrl\":\"https:\\\/\\\/homeofwool.com\\\/wp-content\\\/uploads\\\/2025\\\/09\\\/home-of-wool-checkered-wool-blanket-1-main.jpg\",\"width\":1900,\"height\":1520,\"caption\":\"wool checkered blanket close up showing product tag\"},{\"@type\":\"BreadcrumbList\",\"@id\":\"https:\\\/\\\/homeofwool.com\\\/es\\\/tienda\\\/manta-de-lana-a-cuadros\\\/#breadcrumb\",\"itemListElement\":[{\"@type\":\"ListItem\",\"position\":1,\"name\":\"Home\",\"item\":\"https:\\\/\\\/homeofwool.com\\\/\"},{\"@type\":\"ListItem\",\"position\":2,\"name\":\"Products\",\"item\":\"https:\\\/\\\/homeofwool.com\\\/header-search-2\\\/\"},{\"@type\":\"ListItem\",\"position\":3,\"name\":\"Checkered Wool Blanket\"}]},{\"@type\":\"WebSite\",\"@id\":\"https:\\\/\\\/homeofwool.com\\\/#website\",\"url\":\"https:\\\/\\\/homeofwool.com\\\/\",\"name\":\"Home of Wool\",\"description\":\"\",\"publisher\":{\"@id\":\"https:\\\/\\\/homeofwool.com\\\/#organization\"},\"potentialAction\":[{\"@type\":\"SearchAction\",\"target\":{\"@type\":\"EntryPoint\",\"urlTemplate\":\"https:\\\/\\\/homeofwool.com\\\/?s={search_term_string}\"},\"query-input\":{\"@type\":\"PropertyValueSpecification\",\"valueRequired\":true,\"valueName\":\"search_term_string\"}}],\"inLanguage\":\"fi\"},{\"@type\":\"Organization\",\"@id\":\"https:\\\/\\\/homeofwool.com\\\/#organization\",\"name\":\"Home of Wool\",\"url\":\"https:\\\/\\\/homeofwool.com\\\/\",\"logo\":{\"@type\":\"ImageObject\",\"inLanguage\":\"fi\",\"@id\":\"https:\\\/\\\/homeofwool.com\\\/#\\\/schema\\\/logo\\\/image\\\/\",\"url\":\"https:\\\/\\\/homeofwool.com\\\/wp-content\\\/uploads\\\/2025\\\/09\\\/WhatsApp-Image-2025-12-02-at-16.23.20.jpeg\",\"contentUrl\":\"https:\\\/\\\/homeofwool.com\\\/wp-content\\\/uploads\\\/2025\\\/09\\\/WhatsApp-Image-2025-12-02-at-16.23.20.jpeg\",\"width\":700,\"height\":247,\"caption\":\"Home of Wool\"},\"image\":{\"@id\":\"https:\\\/\\\/homeofwool.com\\\/#\\\/schema\\\/logo\\\/image\\\/\"},\"sameAs\":[\"https:\\\/\\\/facebook.com\\\/HomeOfWoolOfficial\"]}]}<\/script>\n<!-- \/ Yoast SEO Premium plugin. -->","yoast_head_json":{"title":"Ruudullinen peitto - puhdas, mukava ja kest\u00e4v\u00e4 | Home of Wool","description":"Kest\u00e4v\u00e4 ja kodikas ruudullinen peitto on valmistettu hengitt\u00e4v\u00e4st\u00e4 villasta. Hypoallergeeninen ja myrkyt\u00f6n, se tarjoaa kest\u00e4v\u00e4\u00e4 mukavuutta ja ajatonta luonnollista tyyli\u00e4 jokaisessa kerroksessa.","robots":{"index":"index","follow":"follow","max-snippet":"max-snippet:-1","max-image-preview":"max-image-preview:large","max-video-preview":"max-video-preview:-1"},"canonical":"https:\/\/homeofwool.com\/fi\/shop\/ruudullinen-villahuopa\/","og_locale":"fi_FI","og_type":"article","og_title":"Checkered Wool Blanket","og_description":"Durable and cozy, the Checkered Blanket is made with breathable wool. Hypoallergenic and toxin-free, it delivers sustainable comfort and timeless natural style in every layer.","og_url":"https:\/\/homeofwool.com\/fi\/shop\/ruudullinen-villahuopa\/","og_site_name":"Home of Wool","article_publisher":"https:\/\/facebook.com\/HomeOfWoolOfficial","article_modified_time":"2026-01-20T11:03:22+00:00","og_image":[{"width":1900,"height":1520,"url":"https:\/\/homeofwool.com\/wp-content\/uploads\/2025\/09\/home-of-wool-checkered-wool-blanket-1-main.jpg","type":"image\/jpeg"}],"twitter_card":"summary_large_image","twitter_misc":{"Arvioitu lukuaika":"1 minuutti"},"schema":{"@context":"https:\/\/schema.org","@graph":[{"@type":"WebPage","@id":"https:\/\/homeofwool.com\/es\/tienda\/manta-de-lana-a-cuadros\/","url":"https:\/\/homeofwool.com\/es\/tienda\/manta-de-lana-a-cuadros\/","name":"Ruudullinen peitto - puhdas, mukava ja kest\u00e4v\u00e4 | Home of Wool","isPartOf":{"@id":"https:\/\/homeofwool.com\/#website"},"primaryImageOfPage":{"@id":"https:\/\/homeofwool.com\/es\/tienda\/manta-de-lana-a-cuadros\/#primaryimage"},"image":{"@id":"https:\/\/homeofwool.com\/es\/tienda\/manta-de-lana-a-cuadros\/#primaryimage"},"thumbnailUrl":"https:\/\/homeofwool.com\/wp-content\/uploads\/2025\/09\/home-of-wool-checkered-wool-blanket-1-main.jpg","datePublished":"2025-09-02T12:02:33+00:00","dateModified":"2026-01-20T11:03:22+00:00","description":"Kest\u00e4v\u00e4 ja kodikas ruudullinen peitto on valmistettu hengitt\u00e4v\u00e4st\u00e4 villasta. Hypoallergeeninen ja myrkyt\u00f6n, se tarjoaa kest\u00e4v\u00e4\u00e4 mukavuutta ja ajatonta luonnollista tyyli\u00e4 jokaisessa kerroksessa.","breadcrumb":{"@id":"https:\/\/homeofwool.com\/es\/tienda\/manta-de-lana-a-cuadros\/#breadcrumb"},"inLanguage":"fi","potentialAction":[{"@type":"ReadAction","target":["https:\/\/homeofwool.com\/es\/tienda\/manta-de-lana-a-cuadros\/"]}]},{"@type":"ImageObject","inLanguage":"fi","@id":"https:\/\/homeofwool.com\/es\/tienda\/manta-de-lana-a-cuadros\/#primaryimage","url":"https:\/\/homeofwool.com\/wp-content\/uploads\/2025\/09\/home-of-wool-checkered-wool-blanket-1-main.jpg","contentUrl":"https:\/\/homeofwool.com\/wp-content\/uploads\/2025\/09\/home-of-wool-checkered-wool-blanket-1-main.jpg","width":1900,"height":1520,"caption":"wool checkered blanket close up showing product tag"},{"@type":"BreadcrumbList","@id":"https:\/\/homeofwool.com\/es\/tienda\/manta-de-lana-a-cuadros\/#breadcrumb","itemListElement":[{"@type":"ListItem","position":1,"name":"Home","item":"https:\/\/homeofwool.com\/"},{"@type":"ListItem","position":2,"name":"Products","item":"https:\/\/homeofwool.com\/header-search-2\/"},{"@type":"ListItem","position":3,"name":"Checkered Wool Blanket"}]},{"@type":"WebSite","@id":"https:\/\/homeofwool.com\/#website","url":"https:\/\/homeofwool.com\/","name":"Villan koti","description":"","publisher":{"@id":"https:\/\/homeofwool.com\/#organization"},"potentialAction":[{"@type":"SearchAction","target":{"@type":"EntryPoint","urlTemplate":"https:\/\/homeofwool.com\/?s={search_term_string}"},"query-input":{"@type":"PropertyValueSpecification","valueRequired":true,"valueName":"search_term_string"}}],"inLanguage":"fi"},{"@type":"Organization","@id":"https:\/\/homeofwool.com\/#organization","name":"Villan koti","url":"https:\/\/homeofwool.com\/","logo":{"@type":"ImageObject","inLanguage":"fi","@id":"https:\/\/homeofwool.com\/#\/schema\/logo\/image\/","url":"https:\/\/homeofwool.com\/wp-content\/uploads\/2025\/09\/WhatsApp-Image-2025-12-02-at-16.23.20.jpeg","contentUrl":"https:\/\/homeofwool.com\/wp-content\/uploads\/2025\/09\/WhatsApp-Image-2025-12-02-at-16.23.20.jpeg","width":700,"height":247,"caption":"Home of Wool"},"image":{"@id":"https:\/\/homeofwool.com\/#\/schema\/logo\/image\/"},"sameAs":["https:\/\/facebook.com\/HomeOfWoolOfficial"]}]}},"_links":{"self":[{"href":"https:\/\/homeofwool.com\/fi\/wp-json\/wp\/v2\/product\/217766","targetHints":{"allow":["GET"]}}],"collection":[{"href":"https:\/\/homeofwool.com\/fi\/wp-json\/wp\/v2\/product"}],"about":[{"href":"https:\/\/homeofwool.com\/fi\/wp-json\/wp\/v2\/types\/product"}],"version-history":[{"count":1,"href":"https:\/\/homeofwool.com\/fi\/wp-json\/wp\/v2\/product\/217766\/revisions"}],"predecessor-version":[{"id":227346,"href":"https:\/\/homeofwool.com\/fi\/wp-json\/wp\/v2\/product\/217766\/revisions\/227346"}],"wp:featuredmedia":[{"embeddable":true,"href":"https:\/\/homeofwool.com\/fi\/wp-json\/wp\/v2\/media\/221171"}],"wp:attachment":[{"href":"https:\/\/homeofwool.com\/fi\/wp-json\/wp\/v2\/media?parent=217766"}],"wp:term":[{"taxonomy":"product_brand","embeddable":true,"href":"https:\/\/homeofwool.com\/fi\/wp-json\/wp\/v2\/product_brand?post=217766"},{"taxonomy":"product_cat","embeddable":true,"href":"https:\/\/homeofwool.com\/fi\/wp-json\/wp\/v2\/product_cat?post=217766"},{"taxonomy":"product_tag","embeddable":true,"href":"https:\/\/homeofwool.com\/fi\/wp-json\/wp\/v2\/product_tag?post=217766"}],"curies":[{"name":"wp","href":"https:\/\/api.w.org\/{rel}","templated":true}]}}