{"id":217753,"date":"2025-09-02T12:02:32","date_gmt":"2025-09-02T12:02:32","guid":{"rendered":"https:\/\/homeofwool.com\/?post_type=product&#038;p=217753"},"modified":"2026-03-20T10:40:18","modified_gmt":"2026-03-20T10:40:18","slug":"villainen-sakkituoli-tuoli-myynti","status":"publish","type":"product","link":"https:\/\/homeofwool.com\/fi\/shop\/wool-bean-bag-armchair-sale\/","title":{"rendered":"Villa Bean Bag nojatuoli | MYYNTI"},"content":{"rendered":"<p>Kaikki tuotteemme on valmistettu ainoastaan luonnollisista, kest\u00e4vist\u00e4, uusiutuvista, biohajoavista ja kierr\u00e4tett\u00e4vist\u00e4 materiaaleista, ILMAN KEMIKAALEJA (mukaan lukien palonestoaineet, v\u00e4riaineet, valkaisuaineet, VOC-yhdisteet, pintak\u00e4sittelyaineet, hiiltynyt villa) ja ILMAN SYNTEETTISI\u00c4 AINEITA (mukaan lukien muovit, lateksi, vinyyli, jouset). Sertifioitu tiukimmassa luokassa, jotta voit olla t\u00e4ysin huoletta.<\/p>\n<p>Valmistamme tuotteita, jotka on valmistettu kest\u00e4m\u00e4\u00e4n korkealaatuisista materiaaleista. Jotta voit nauttia niiden k\u00e4yt\u00f6st\u00e4 mahdollisimman pitk\u00e4\u00e4n, on muutamia parhaita k\u00e4yt\u00e4nt\u00f6j\u00e4, joita tulisi noudattaa.<\/p>\n<h3>OMINAISUUDET:<\/h3>\n<ul>\n<li style=\"text-align: left;\"><strong>K\u00e4sin tuftattu<\/strong> luonnollisella pellavalanka, joka pit\u00e4\u00e4 t\u00e4ytteen paikallaan.<\/li>\n<li style=\"text-align: left;\">Kest\u00e4v\u00e4 metalli <strong>vetoketju<\/strong> takana, jotta voit helposti s\u00e4\u00e4t\u00e4\u00e4, lis\u00e4t\u00e4 tai poistaa villaa tarvittaessa (muoviset vetoketjut pyynn\u00f6st\u00e4)<\/li>\n<li style=\"text-align: left;\">Ilmainen <strong>korjaussarja<\/strong>.<\/li>\n<\/ul>\n<h3>T\u00c4YTE:<\/h3>\n<p>Pieni: 7,4 kg (16,4 lbs) 100% GOTS-villavaahtomuovin t\u00e4hteet<br \/>\nSuuri: 100% GOTS-villavaahtomuovij\u00e4tteet<\/p>\n<h3>ULKOKANGASVAIHTOEHDOT:<\/h3>\n<p>100% Luomupuuvilla (GOTS-sertifioitu)<br \/>\n100% Pellava, kuvioitu (Oeko-Tex-sertifioitu)<br \/>\n100% Pellava (Oeko-Tex-sertifioitu)<br \/>\n100% Neitsytvilla (Oeko-Tex-sertifioitu)<\/p>\n<h3>SIS\u00c4KANKA:<\/h3>\n<p>100% Luomupuuvilla (GOTS-sertifioitu)<\/p>\n<h3>VALMISTUS JA TOIMITUS:<\/h3>\n<p>Vakiovalmistusaika: 1\u20132 viikkoa<br \/>\nIlmainen toimitusaika:  1\u20134 viikkoa<br \/>\nPikatoimitusaika: 3\u20134 p\u00e4iv\u00e4\u00e4<\/p>\n<p>&nbsp;<\/p>\n<p>*N\u00e4m\u00e4 ovat k\u00e4sintehtyj\u00e4 tuotteita. Mitat voivat vaihdella hieman. Alle 5%:n mittaeroja pidet\u00e4\u00e4n hyv\u00e4ksytt\u00e4vin\u00e4.<\/p>\n<p>*Kaikki villat\u00e4ytteiset tuotteet ovat alttiita jonkinasteiselle puristumiselle. T\u00e4yt\u00e4mme tuotteet kuitenkin tihe\u00e4sti villalla, jotta ne ovat mainostettua paksumpia ja puristuvat ensimm\u00e4isten k\u00e4ytt\u00f6kuukausien aikana mainostettuun paksuuteen.<\/p>\n<p>*Villakuidut ovat eri luonnollisia v\u00e4rej\u00e4 ja niiss\u00e4 on lampaiden luonnollinen tuoksu, joka h\u00e4vi\u00e4\u00e4 muutaman kuukauden kuluessa.<\/p>","protected":false},"excerpt":{"rendered":"<p>T\u00e4ysin kemikaaliton, ei kaasuja eik\u00e4 VOC-yhdisteit\u00e4. Hypoallergeeninen, sopii kemikaaliherkille ihmisille, mukaan lukien MCS. Luonnollisesti p\u00f6lypunkki- ja homeenkest\u00e4v\u00e4, antimikrobinen, antibakteerinen ja palonkest\u00e4v\u00e4.<\/p>\n<p>Saatavilla olevat koot:<br \/>\n<strong>Medium<\/strong>: 77 x 67 x 30 cm<br \/>\n<strong>Suuri:<\/strong> 97 x 87 x 50 cm<\/p>\n<div class=\"global-icon-set\">\n<div class=\"global-icon-set__items\">\n<div class=\"global-icon-set__item\">\n<div class=\"global-icon-set__image\">\n                                    <img decoding=\"async\" src=\"https:\/\/homeofwool.com\/wp-content\/uploads\/2025\/09\/VOCs-min-300x300.png\" alt=\"vocs vapaa\" \/>\n                                <\/div>\n<div class=\"global-icon-set__title\">VOC-vapaa<\/div>\n<\/p><\/div>\n<div class=\"global-icon-set__item\">\n<div class=\"global-icon-set__image\">\n                                    <img decoding=\"async\" src=\"https:\/\/homeofwool.com\/wp-content\/uploads\/2025\/09\/FR-min-300x300.png\" alt=\"palonkest\u00e4v\u00e4 kuvake\" \/>\n                                <\/div>\n<div class=\"global-icon-set__title\">Liekinkest\u00e4v\u00e4<\/div>\n<\/p><\/div>\n<div class=\"global-icon-set__item\">\n<div class=\"global-icon-set__image\">\n                                    <img decoding=\"async\" src=\"https:\/\/homeofwool.com\/wp-content\/uploads\/2025\/09\/Hypoallergenic-min-300x300.png\" alt=\"hypoallergeeninen kuvake\" \/>\n                                <\/div>\n<div class=\"global-icon-set__title\">Hypoallergeeninen<\/div>\n<\/p><\/div>\n<div class=\"global-icon-set__item\">\n<div class=\"global-icon-set__image\">\n                                    <img decoding=\"async\" src=\"https:\/\/homeofwool.com\/wp-content\/uploads\/2025\/09\/free-of-synthetics-icon-300x300.png\" alt=\"synteettisi\u00e4 aineita sis\u00e4lt\u00e4m\u00e4t\u00f6n kuvake\" \/>\n                                <\/div>\n<div class=\"global-icon-set__title\">Vapaa synteettisist\u00e4 aineista<\/div>\n<\/p><\/div>\n<div class=\"global-icon-set__item\">\n<div class=\"global-icon-set__image\">\n                                    <img decoding=\"async\" src=\"https:\/\/homeofwool.com\/wp-content\/uploads\/2025\/09\/chemical-free-icon-300x300.png\" alt=\"kemikaalivapaa kuvake\" \/>\n                                <\/div>\n<div class=\"global-icon-set__title\">Kemikaalivapaa<\/div>\n<\/p><\/div>\n<div class=\"global-icon-set__item\">\n<div class=\"global-icon-set__image\">\n                                    <img decoding=\"async\" src=\"https:\/\/homeofwool.com\/wp-content\/uploads\/2025\/09\/anti-bacterial-icon-300x300.png\" alt=\"anti bakteeri kuvake\" \/>\n                                <\/div>\n<div class=\"global-icon-set__title\">Anti-mikrobinen &amp; antibakteerinen<\/div>\n<\/p><\/div>\n<div class=\"global-icon-set__item\">\n<div class=\"global-icon-set__image\">\n                                    <img decoding=\"async\" src=\"https:\/\/homeofwool.com\/wp-content\/uploads\/2025\/09\/certified-materials-icon-300x300.png\" alt=\"sertifioitujen materiaalien kuvake\" \/>\n                                <\/div>\n<div class=\"global-icon-set__title\">100% Puhtaat sertifioidut materiaalit<\/div>\n<\/p><\/div>\n<\/p><\/div>\n<\/p><\/div>","protected":false},"featured_media":225204,"template":"","meta":{"_acf_changed":false},"product_brand":[],"product_cat":[557,20,174,815],"product_tag":[735,817,212,816,740],"class_list":{"0":"post-217753","1":"product","2":"type-product","3":"status-publish","4":"has-post-thumbnail","6":"product_cat-new","7":"product_cat-pillows-poufs","8":"product_cat-zero-waste","9":"product_cat-zero-waste-poufs","10":"product_tag-adult-bean-bag","11":"product_tag-bean-bag-sale","12":"product_tag-custom-pouf","13":"product_tag-floor-pouf","14":"product_tag-organic-bean-bag","16":"first","17":"outofstock","18":"sale","19":"shipping-taxable","20":"purchasable","21":"product-type-variable"},"acf":[],"yoast_head":"<!-- This site is optimized with the Yoast SEO Premium plugin v27.4 (Yoast SEO v27.4) - https:\/\/yoast.com\/product\/yoast-seo-premium-wordpress\/ -->\n<title>Wool Bean Bag Armchair \u2013 ON SALE, VOCs Free | Home of Wool<\/title>\n<meta name=\"description\" content=\"Chemical-free wool armchair: hypoallergenic, VOC-free, flame-resistant, and eco-friendly. Ideal for sensitive users. Available in two sizes.\" \/>\n<meta name=\"robots\" content=\"index, follow, max-snippet:-1, max-image-preview:large, max-video-preview:-1\" \/>\n<link rel=\"canonical\" href=\"https:\/\/homeofwool.com\/fi\/shop\/villainen-sakkituoli-tuoli-myynti\/\" \/>\n<meta property=\"og:locale\" content=\"fi_FI\" \/>\n<meta property=\"og:type\" content=\"article\" \/>\n<meta property=\"og:title\" content=\"Wool Bean Bag Armchair | SALE\" \/>\n<meta property=\"og:description\" content=\"Chemical-free wool armchair: hypoallergenic, VOC-free, flame-resistant, and eco-friendly. Ideal for sensitive users. Available in two sizes.\" \/>\n<meta property=\"og:url\" content=\"https:\/\/homeofwool.com\/fi\/shop\/villainen-sakkituoli-tuoli-myynti\/\" \/>\n<meta property=\"og:site_name\" content=\"Home of Wool\" \/>\n<meta property=\"article:publisher\" content=\"https:\/\/facebook.com\/HomeOfWoolOfficial\" \/>\n<meta property=\"article:modified_time\" content=\"2026-03-20T10:40:18+00:00\" \/>\n<meta property=\"og:image\" content=\"https:\/\/homeofwool.com\/wp-content\/uploads\/2025\/09\/home-of-wool-wool-bean-bag-armchair-1-1-scaled.jpg\" \/>\n\t<meta property=\"og:image:width\" content=\"2560\" \/>\n\t<meta property=\"og:image:height\" content=\"2048\" \/>\n\t<meta property=\"og:image:type\" content=\"image\/jpeg\" \/>\n<meta name=\"twitter:card\" content=\"summary_large_image\" \/>\n<meta name=\"twitter:label1\" content=\"Arvioitu lukuaika\" \/>\n\t<meta name=\"twitter:data1\" content=\"2 minuuttia\" \/>\n<script type=\"application\/ld+json\" class=\"yoast-schema-graph\">{\"@context\":\"https:\\\/\\\/schema.org\",\"@graph\":[{\"@type\":\"WebPage\",\"@id\":\"https:\\\/\\\/homeofwool.com\\\/shop\\\/wool-bean-bag-armchair-sale\\\/\",\"url\":\"https:\\\/\\\/homeofwool.com\\\/shop\\\/wool-bean-bag-armchair-sale\\\/\",\"name\":\"Wool Bean Bag Armchair \u2013 ON SALE, VOCs Free | Home of Wool\",\"isPartOf\":{\"@id\":\"https:\\\/\\\/homeofwool.com\\\/#website\"},\"primaryImageOfPage\":{\"@id\":\"https:\\\/\\\/homeofwool.com\\\/shop\\\/wool-bean-bag-armchair-sale\\\/#primaryimage\"},\"image\":{\"@id\":\"https:\\\/\\\/homeofwool.com\\\/shop\\\/wool-bean-bag-armchair-sale\\\/#primaryimage\"},\"thumbnailUrl\":\"https:\\\/\\\/homeofwool.com\\\/wp-content\\\/uploads\\\/2025\\\/09\\\/home-of-wool-wool-bean-bag-armchair-1-1-scaled.jpg\",\"datePublished\":\"2025-09-02T12:02:32+00:00\",\"dateModified\":\"2026-03-20T10:40:18+00:00\",\"description\":\"Chemical-free wool armchair: hypoallergenic, VOC-free, flame-resistant, and eco-friendly. Ideal for sensitive users. Available in two sizes.\",\"breadcrumb\":{\"@id\":\"https:\\\/\\\/homeofwool.com\\\/shop\\\/wool-bean-bag-armchair-sale\\\/#breadcrumb\"},\"inLanguage\":\"fi\",\"potentialAction\":[{\"@type\":\"ReadAction\",\"target\":[\"https:\\\/\\\/homeofwool.com\\\/shop\\\/wool-bean-bag-armchair-sale\\\/\"]}]},{\"@type\":\"ImageObject\",\"inLanguage\":\"fi\",\"@id\":\"https:\\\/\\\/homeofwool.com\\\/shop\\\/wool-bean-bag-armchair-sale\\\/#primaryimage\",\"url\":\"https:\\\/\\\/homeofwool.com\\\/wp-content\\\/uploads\\\/2025\\\/09\\\/home-of-wool-wool-bean-bag-armchair-1-1-scaled.jpg\",\"contentUrl\":\"https:\\\/\\\/homeofwool.com\\\/wp-content\\\/uploads\\\/2025\\\/09\\\/home-of-wool-wool-bean-bag-armchair-1-1-scaled.jpg\",\"width\":2560,\"height\":2048},{\"@type\":\"BreadcrumbList\",\"@id\":\"https:\\\/\\\/homeofwool.com\\\/shop\\\/wool-bean-bag-armchair-sale\\\/#breadcrumb\",\"itemListElement\":[{\"@type\":\"ListItem\",\"position\":1,\"name\":\"Home\",\"item\":\"https:\\\/\\\/homeofwool.com\\\/\"},{\"@type\":\"ListItem\",\"position\":2,\"name\":\"Products\",\"item\":\"https:\\\/\\\/homeofwool.com\\\/header-search-2\\\/\"},{\"@type\":\"ListItem\",\"position\":3,\"name\":\"Wool Bean Bag Armchair | SALE\"}]},{\"@type\":\"WebSite\",\"@id\":\"https:\\\/\\\/homeofwool.com\\\/#website\",\"url\":\"https:\\\/\\\/homeofwool.com\\\/\",\"name\":\"Home of Wool\",\"description\":\"\",\"publisher\":{\"@id\":\"https:\\\/\\\/homeofwool.com\\\/#organization\"},\"potentialAction\":[{\"@type\":\"SearchAction\",\"target\":{\"@type\":\"EntryPoint\",\"urlTemplate\":\"https:\\\/\\\/homeofwool.com\\\/?s={search_term_string}\"},\"query-input\":{\"@type\":\"PropertyValueSpecification\",\"valueRequired\":true,\"valueName\":\"search_term_string\"}}],\"inLanguage\":\"fi\"},{\"@type\":\"Organization\",\"@id\":\"https:\\\/\\\/homeofwool.com\\\/#organization\",\"name\":\"Home of Wool\",\"url\":\"https:\\\/\\\/homeofwool.com\\\/\",\"logo\":{\"@type\":\"ImageObject\",\"inLanguage\":\"fi\",\"@id\":\"https:\\\/\\\/homeofwool.com\\\/#\\\/schema\\\/logo\\\/image\\\/\",\"url\":\"https:\\\/\\\/homeofwool.com\\\/wp-content\\\/uploads\\\/2025\\\/09\\\/WhatsApp-Image-2025-12-02-at-16.23.20.jpeg\",\"contentUrl\":\"https:\\\/\\\/homeofwool.com\\\/wp-content\\\/uploads\\\/2025\\\/09\\\/WhatsApp-Image-2025-12-02-at-16.23.20.jpeg\",\"width\":700,\"height\":247,\"caption\":\"Home of Wool\"},\"image\":{\"@id\":\"https:\\\/\\\/homeofwool.com\\\/#\\\/schema\\\/logo\\\/image\\\/\"},\"sameAs\":[\"https:\\\/\\\/facebook.com\\\/HomeOfWoolOfficial\"]}]}<\/script>\n<!-- \/ Yoast SEO Premium plugin. -->","yoast_head_json":{"title":"Villainen s\u00e4kkituoli \u2013 ALENNUSMYYNTI, VOC-yhdisteit\u00e4 ei sis\u00e4ll\u00e4 | Home of Wool","description":"Kemikaaliton villainen nojatuoli: hypoallergeeninen, VOC-vapaa, palonkest\u00e4v\u00e4 ja ymp\u00e4rist\u00f6yst\u00e4v\u00e4llinen. Ihanteellinen herkille k\u00e4ytt\u00e4jille. Saatavana kahdessa koossa.","robots":{"index":"index","follow":"follow","max-snippet":"max-snippet:-1","max-image-preview":"max-image-preview:large","max-video-preview":"max-video-preview:-1"},"canonical":"https:\/\/homeofwool.com\/fi\/shop\/villainen-sakkituoli-tuoli-myynti\/","og_locale":"fi_FI","og_type":"article","og_title":"Wool Bean Bag Armchair | SALE","og_description":"Chemical-free wool armchair: hypoallergenic, VOC-free, flame-resistant, and eco-friendly. Ideal for sensitive users. Available in two sizes.","og_url":"https:\/\/homeofwool.com\/fi\/shop\/villainen-sakkituoli-tuoli-myynti\/","og_site_name":"Home of Wool","article_publisher":"https:\/\/facebook.com\/HomeOfWoolOfficial","article_modified_time":"2026-03-20T10:40:18+00:00","og_image":[{"width":2560,"height":2048,"url":"https:\/\/homeofwool.com\/wp-content\/uploads\/2025\/09\/home-of-wool-wool-bean-bag-armchair-1-1-scaled.jpg","type":"image\/jpeg"}],"twitter_card":"summary_large_image","twitter_misc":{"Arvioitu lukuaika":"2 minuuttia"},"schema":{"@context":"https:\/\/schema.org","@graph":[{"@type":"WebPage","@id":"https:\/\/homeofwool.com\/shop\/wool-bean-bag-armchair-sale\/","url":"https:\/\/homeofwool.com\/shop\/wool-bean-bag-armchair-sale\/","name":"Villainen s\u00e4kkituoli \u2013 ALENNUSMYYNTI, VOC-yhdisteit\u00e4 ei sis\u00e4ll\u00e4 | Home of Wool","isPartOf":{"@id":"https:\/\/homeofwool.com\/#website"},"primaryImageOfPage":{"@id":"https:\/\/homeofwool.com\/shop\/wool-bean-bag-armchair-sale\/#primaryimage"},"image":{"@id":"https:\/\/homeofwool.com\/shop\/wool-bean-bag-armchair-sale\/#primaryimage"},"thumbnailUrl":"https:\/\/homeofwool.com\/wp-content\/uploads\/2025\/09\/home-of-wool-wool-bean-bag-armchair-1-1-scaled.jpg","datePublished":"2025-09-02T12:02:32+00:00","dateModified":"2026-03-20T10:40:18+00:00","description":"Kemikaaliton villainen nojatuoli: hypoallergeeninen, VOC-vapaa, palonkest\u00e4v\u00e4 ja ymp\u00e4rist\u00f6yst\u00e4v\u00e4llinen. Ihanteellinen herkille k\u00e4ytt\u00e4jille. Saatavana kahdessa koossa.","breadcrumb":{"@id":"https:\/\/homeofwool.com\/shop\/wool-bean-bag-armchair-sale\/#breadcrumb"},"inLanguage":"fi","potentialAction":[{"@type":"ReadAction","target":["https:\/\/homeofwool.com\/shop\/wool-bean-bag-armchair-sale\/"]}]},{"@type":"ImageObject","inLanguage":"fi","@id":"https:\/\/homeofwool.com\/shop\/wool-bean-bag-armchair-sale\/#primaryimage","url":"https:\/\/homeofwool.com\/wp-content\/uploads\/2025\/09\/home-of-wool-wool-bean-bag-armchair-1-1-scaled.jpg","contentUrl":"https:\/\/homeofwool.com\/wp-content\/uploads\/2025\/09\/home-of-wool-wool-bean-bag-armchair-1-1-scaled.jpg","width":2560,"height":2048},{"@type":"BreadcrumbList","@id":"https:\/\/homeofwool.com\/shop\/wool-bean-bag-armchair-sale\/#breadcrumb","itemListElement":[{"@type":"ListItem","position":1,"name":"Home","item":"https:\/\/homeofwool.com\/"},{"@type":"ListItem","position":2,"name":"Products","item":"https:\/\/homeofwool.com\/header-search-2\/"},{"@type":"ListItem","position":3,"name":"Wool Bean Bag Armchair | SALE"}]},{"@type":"WebSite","@id":"https:\/\/homeofwool.com\/#website","url":"https:\/\/homeofwool.com\/","name":"Villan koti","description":"","publisher":{"@id":"https:\/\/homeofwool.com\/#organization"},"potentialAction":[{"@type":"SearchAction","target":{"@type":"EntryPoint","urlTemplate":"https:\/\/homeofwool.com\/?s={search_term_string}"},"query-input":{"@type":"PropertyValueSpecification","valueRequired":true,"valueName":"search_term_string"}}],"inLanguage":"fi"},{"@type":"Organization","@id":"https:\/\/homeofwool.com\/#organization","name":"Villan koti","url":"https:\/\/homeofwool.com\/","logo":{"@type":"ImageObject","inLanguage":"fi","@id":"https:\/\/homeofwool.com\/#\/schema\/logo\/image\/","url":"https:\/\/homeofwool.com\/wp-content\/uploads\/2025\/09\/WhatsApp-Image-2025-12-02-at-16.23.20.jpeg","contentUrl":"https:\/\/homeofwool.com\/wp-content\/uploads\/2025\/09\/WhatsApp-Image-2025-12-02-at-16.23.20.jpeg","width":700,"height":247,"caption":"Home of Wool"},"image":{"@id":"https:\/\/homeofwool.com\/#\/schema\/logo\/image\/"},"sameAs":["https:\/\/facebook.com\/HomeOfWoolOfficial"]}]}},"_links":{"self":[{"href":"https:\/\/homeofwool.com\/fi\/wp-json\/wp\/v2\/product\/217753","targetHints":{"allow":["GET"]}}],"collection":[{"href":"https:\/\/homeofwool.com\/fi\/wp-json\/wp\/v2\/product"}],"about":[{"href":"https:\/\/homeofwool.com\/fi\/wp-json\/wp\/v2\/types\/product"}],"version-history":[{"count":2,"href":"https:\/\/homeofwool.com\/fi\/wp-json\/wp\/v2\/product\/217753\/revisions"}],"predecessor-version":[{"id":228925,"href":"https:\/\/homeofwool.com\/fi\/wp-json\/wp\/v2\/product\/217753\/revisions\/228925"}],"wp:featuredmedia":[{"embeddable":true,"href":"https:\/\/homeofwool.com\/fi\/wp-json\/wp\/v2\/media\/225204"}],"wp:attachment":[{"href":"https:\/\/homeofwool.com\/fi\/wp-json\/wp\/v2\/media?parent=217753"}],"wp:term":[{"taxonomy":"product_brand","embeddable":true,"href":"https:\/\/homeofwool.com\/fi\/wp-json\/wp\/v2\/product_brand?post=217753"},{"taxonomy":"product_cat","embeddable":true,"href":"https:\/\/homeofwool.com\/fi\/wp-json\/wp\/v2\/product_cat?post=217753"},{"taxonomy":"product_tag","embeddable":true,"href":"https:\/\/homeofwool.com\/fi\/wp-json\/wp\/v2\/product_tag?post=217753"}],"curies":[{"name":"wp","href":"https:\/\/api.w.org\/{rel}","templated":true}]}}