{"id":217746,"date":"2025-09-02T12:02:24","date_gmt":"2025-09-02T12:02:24","guid":{"rendered":"https:\/\/homeofwool.com\/?post_type=product&#038;p=217746"},"modified":"2026-03-20T10:39:33","modified_gmt":"2026-03-20T10:39:33","slug":"iso-sakkituolien-myynti","status":"publish","type":"product","link":"https:\/\/homeofwool.com\/fi\/shop\/large-bean-bag-sale\/","title":{"rendered":"Suuri villainen Bean Bag tuoli | MYYNTI"},"content":{"rendered":"<p>Kaikki tuotteemme on valmistettu ainoastaan luonnollisista, kest\u00e4vist\u00e4, uusiutuvista, biohajoavista ja kierr\u00e4tett\u00e4vist\u00e4 materiaaleista, ILMAN KEMIKAALEJA (mukaan lukien palonestoaineet, v\u00e4riaineet, valkaisuaineet, VOC-yhdisteet, pintak\u00e4sittelyaineet, hiiltynyt villa) ja ILMAN SYNTEETTISI\u00c4 AINEITA (mukaan lukien muovit, lateksi, vinyyli, jouset). Sertifioitu tiukimmassa luokassa, jotta voit olla t\u00e4ysin huoletta.<\/p>\n<p>Valmistamme tuotteita, jotka on valmistettu kest\u00e4m\u00e4\u00e4n korkealaatuisista materiaaleista. Jotta voit nauttia niiden k\u00e4yt\u00f6st\u00e4 mahdollisimman pitk\u00e4\u00e4n, on muutamia parhaita k\u00e4yt\u00e4nt\u00f6j\u00e4, joita tulisi noudattaa.<\/p>\n<h3>OMINAISUUDET:<\/h3>\n<ul>\n<li style=\"text-align: left;\"><strong>K\u00e4sin tuftattu<\/strong> luonnollisella pellavalanka, joka pit\u00e4\u00e4 t\u00e4ytteen paikallaan.<\/li>\n<li style=\"text-align: left;\">Kest\u00e4v\u00e4 metalli <strong>vetoketju<\/strong> takana, jotta voit helposti s\u00e4\u00e4t\u00e4\u00e4, lis\u00e4t\u00e4 tai poistaa villaa tarvittaessa (muoviset vetoketjut pyynn\u00f6st\u00e4)<\/li>\n<li style=\"text-align: left;\">Ilmainen <strong>korjaussarja<\/strong>.<\/li>\n<\/ul>\n<h3>T\u00c4YTE:<\/h3>\n<p>15,2 kg (33,5 lbs) 100% GOTS-villavuorausj\u00e4tteet<\/p>\n<h3>ULKOKANGASVAIHTOEHDOT:<\/h3>\n<p>100% Luomupuuvilla (GOTS-sertifioitu)<br \/>\n100% Pellava, kuvioitu (Oeko-Tex-sertifioitu)<br \/>\n100% Pellava (Oeko-Tex-sertifioitu)<br \/>\n100% Neitsytvilla (Oeko-Tex-sertifioitu)<\/p>\n<h3>SIS\u00c4KANKA:<\/h3>\n<p>100% Luomupuuvilla (GOTS-sertifioitu)<\/p>\n<h3>VALMISTUS JA TOIMITUS:<\/h3>\n<p>Vakiovalmistusaika: 1\u20132 viikkoa<br \/>\nIlmainen toimitusaika:  1\u20134 viikkoa<br \/>\nPikatoimitusaika: 3\u20134 p\u00e4iv\u00e4\u00e4<\/p>\n<p>&nbsp;<\/p>\n<p>*N\u00e4m\u00e4 ovat k\u00e4sintehtyj\u00e4 tuotteita. Mitat voivat vaihdella hieman. Alle 5%:n mittaeroja pidet\u00e4\u00e4n hyv\u00e4ksytt\u00e4vin\u00e4.<\/p>\n<p>*Kaikki villat\u00e4ytteiset tuotteet ovat alttiita jonkinasteiselle puristumiselle. T\u00e4yt\u00e4mme tuotteet kuitenkin tihe\u00e4sti villalla, jotta ne ovat mainostettua paksumpia ja puristuvat ensimm\u00e4isten k\u00e4ytt\u00f6kuukausien aikana mainostettuun paksuuteen.<\/p>\n<p>*Villakuidut ovat eri luonnollisia v\u00e4rej\u00e4 ja niiss\u00e4 on lampaiden luonnollinen tuoksu, joka h\u00e4vi\u00e4\u00e4 muutaman kuukauden kuluessa.<\/p>","protected":false},"excerpt":{"rendered":"<p>T\u00e4ysin kemikaaliton, ei kaasuja eik\u00e4 VOC-yhdisteit\u00e4. Hypoallergeeninen, sopii kemikaaliherkille ihmisille, mukaan lukien MCS. Luonnollisesti p\u00f6lypunkki- ja homeenkest\u00e4v\u00e4, antimikrobinen, antibakteerinen ja palonkest\u00e4v\u00e4.<\/p>\n<p><strong>KOKO:<\/strong> 51 x 51 x 15,7 tuumaa (130 x 130 x 40 cm)<\/p>\n<div class=\"global-icon-set\">\n<div class=\"global-icon-set__items\">\n<div class=\"global-icon-set__item\">\n<div class=\"global-icon-set__image\">\n                                    <img decoding=\"async\" src=\"https:\/\/homeofwool.com\/wp-content\/uploads\/2025\/09\/VOCs-min-300x300.png\" alt=\"vocs vapaa\" \/>\n                                <\/div>\n<div class=\"global-icon-set__title\">VOC-vapaa<\/div>\n<\/p><\/div>\n<div class=\"global-icon-set__item\">\n<div class=\"global-icon-set__image\">\n                                    <img decoding=\"async\" src=\"https:\/\/homeofwool.com\/wp-content\/uploads\/2025\/09\/FR-min-300x300.png\" alt=\"palonkest\u00e4v\u00e4 kuvake\" \/>\n                                <\/div>\n<div class=\"global-icon-set__title\">Liekinkest\u00e4v\u00e4<\/div>\n<\/p><\/div>\n<div class=\"global-icon-set__item\">\n<div class=\"global-icon-set__image\">\n                                    <img decoding=\"async\" src=\"https:\/\/homeofwool.com\/wp-content\/uploads\/2025\/09\/Hypoallergenic-min-300x300.png\" alt=\"hypoallergeeninen kuvake\" \/>\n                                <\/div>\n<div class=\"global-icon-set__title\">Hypoallergeeninen<\/div>\n<\/p><\/div>\n<div class=\"global-icon-set__item\">\n<div class=\"global-icon-set__image\">\n                                    <img decoding=\"async\" src=\"https:\/\/homeofwool.com\/wp-content\/uploads\/2025\/09\/free-of-synthetics-icon-300x300.png\" alt=\"synteettisi\u00e4 aineita sis\u00e4lt\u00e4m\u00e4t\u00f6n kuvake\" \/>\n                                <\/div>\n<div class=\"global-icon-set__title\">Vapaa synteettisist\u00e4 aineista<\/div>\n<\/p><\/div>\n<div class=\"global-icon-set__item\">\n<div class=\"global-icon-set__image\">\n                                    <img decoding=\"async\" src=\"https:\/\/homeofwool.com\/wp-content\/uploads\/2025\/09\/chemical-free-icon-300x300.png\" alt=\"kemikaalivapaa kuvake\" \/>\n                                <\/div>\n<div class=\"global-icon-set__title\">Kemikaalivapaa<\/div>\n<\/p><\/div>\n<div class=\"global-icon-set__item\">\n<div class=\"global-icon-set__image\">\n                                    <img decoding=\"async\" src=\"https:\/\/homeofwool.com\/wp-content\/uploads\/2025\/09\/anti-bacterial-icon-300x300.png\" alt=\"anti bakteeri kuvake\" \/>\n                                <\/div>\n<div class=\"global-icon-set__title\">Anti-mikrobinen &amp; antibakteerinen<\/div>\n<\/p><\/div>\n<div class=\"global-icon-set__item\">\n<div class=\"global-icon-set__image\">\n                                    <img decoding=\"async\" src=\"https:\/\/homeofwool.com\/wp-content\/uploads\/2025\/09\/certified-materials-icon-300x300.png\" alt=\"sertifioitujen materiaalien kuvake\" \/>\n                                <\/div>\n<div class=\"global-icon-set__title\">100% Puhtaat sertifioidut materiaalit<\/div>\n<\/p><\/div>\n<\/p><\/div>\n<\/p><\/div>","protected":false},"featured_media":225187,"template":"","meta":{"_acf_changed":false},"product_brand":[],"product_cat":[557,20,174,815],"product_tag":[735,741,212,738,816,739,740,743],"class_list":{"0":"post-217746","1":"product","2":"type-product","3":"status-publish","4":"has-post-thumbnail","6":"product_cat-new","7":"product_cat-pillows-poufs","8":"product_cat-zero-waste","9":"product_cat-zero-waste-poufs","10":"product_tag-adult-bean-bag","11":"product_tag-bean-bag-chair","12":"product_tag-custom-pouf","13":"product_tag-eco-beanbag","14":"product_tag-floor-pouf","15":"product_tag-natural-pouf","16":"product_tag-organic-bean-bag","17":"product_tag-teen-bean-bag","19":"first","20":"outofstock","21":"sale","22":"shipping-taxable","23":"purchasable","24":"product-type-variable"},"acf":[],"yoast_head":"<!-- This site is optimized with the Yoast SEO Premium plugin v27.4 (Yoast SEO v27.4) - https:\/\/yoast.com\/product\/yoast-seo-premium-wordpress\/ -->\n<title>Large Wool Bean Bag \u2013 ON SALE, Toxin-Free | Home of Wool<\/title>\n<meta name=\"description\" content=\"Enjoy comfort with our Large Wool Bean Bag. Toxin-free, hypoallergenic, and resistant to dust mites and mildew. Get yours on sale today!\" \/>\n<meta name=\"robots\" content=\"index, follow, max-snippet:-1, max-image-preview:large, max-video-preview:-1\" \/>\n<link rel=\"canonical\" href=\"https:\/\/homeofwool.com\/fi\/shop\/iso-sakkituolien-myynti\/\" \/>\n<meta property=\"og:locale\" content=\"fi_FI\" \/>\n<meta property=\"og:type\" content=\"article\" \/>\n<meta property=\"og:title\" content=\"Large Wool Bean Bag Chair | SALE\" \/>\n<meta property=\"og:description\" content=\"Enjoy comfort with our Large Wool Bean Bag. Toxin-free, hypoallergenic, and resistant to dust mites and mildew. Get yours on sale today!\" \/>\n<meta property=\"og:url\" content=\"https:\/\/homeofwool.com\/fi\/shop\/iso-sakkituolien-myynti\/\" \/>\n<meta property=\"og:site_name\" content=\"Home of Wool\" \/>\n<meta property=\"article:publisher\" content=\"https:\/\/facebook.com\/HomeOfWoolOfficial\" \/>\n<meta property=\"article:modified_time\" content=\"2026-03-20T10:39:33+00:00\" \/>\n<meta property=\"og:image\" content=\"https:\/\/homeofwool.com\/wp-content\/uploads\/2025\/09\/home-of-wool-large-wool-bean-bag-chair-1-main-en-1.jpg\" \/>\n\t<meta property=\"og:image:width\" content=\"2000\" \/>\n\t<meta property=\"og:image:height\" content=\"1600\" \/>\n\t<meta property=\"og:image:type\" content=\"image\/jpeg\" \/>\n<meta name=\"twitter:card\" content=\"summary_large_image\" \/>\n<meta name=\"twitter:label1\" content=\"Arvioitu lukuaika\" \/>\n\t<meta name=\"twitter:data1\" content=\"2 minuuttia\" \/>\n<script type=\"application\/ld+json\" class=\"yoast-schema-graph\">{\"@context\":\"https:\\\/\\\/schema.org\",\"@graph\":[{\"@type\":\"WebPage\",\"@id\":\"https:\\\/\\\/homeofwool.com\\\/shop\\\/large-bean-bag-sale\\\/\",\"url\":\"https:\\\/\\\/homeofwool.com\\\/shop\\\/large-bean-bag-sale\\\/\",\"name\":\"Large Wool Bean Bag \u2013 ON SALE, Toxin-Free | Home of Wool\",\"isPartOf\":{\"@id\":\"https:\\\/\\\/homeofwool.com\\\/#website\"},\"primaryImageOfPage\":{\"@id\":\"https:\\\/\\\/homeofwool.com\\\/shop\\\/large-bean-bag-sale\\\/#primaryimage\"},\"image\":{\"@id\":\"https:\\\/\\\/homeofwool.com\\\/shop\\\/large-bean-bag-sale\\\/#primaryimage\"},\"thumbnailUrl\":\"https:\\\/\\\/homeofwool.com\\\/wp-content\\\/uploads\\\/2025\\\/09\\\/home-of-wool-large-wool-bean-bag-chair-1-main-en-1.jpg\",\"datePublished\":\"2025-09-02T12:02:24+00:00\",\"dateModified\":\"2026-03-20T10:39:33+00:00\",\"description\":\"Enjoy comfort with our Large Wool Bean Bag. Toxin-free, hypoallergenic, and resistant to dust mites and mildew. Get yours on sale today!\",\"breadcrumb\":{\"@id\":\"https:\\\/\\\/homeofwool.com\\\/shop\\\/large-bean-bag-sale\\\/#breadcrumb\"},\"inLanguage\":\"fi\",\"potentialAction\":[{\"@type\":\"ReadAction\",\"target\":[\"https:\\\/\\\/homeofwool.com\\\/shop\\\/large-bean-bag-sale\\\/\"]}]},{\"@type\":\"ImageObject\",\"inLanguage\":\"fi\",\"@id\":\"https:\\\/\\\/homeofwool.com\\\/shop\\\/large-bean-bag-sale\\\/#primaryimage\",\"url\":\"https:\\\/\\\/homeofwool.com\\\/wp-content\\\/uploads\\\/2025\\\/09\\\/home-of-wool-large-wool-bean-bag-chair-1-main-en-1.jpg\",\"contentUrl\":\"https:\\\/\\\/homeofwool.com\\\/wp-content\\\/uploads\\\/2025\\\/09\\\/home-of-wool-large-wool-bean-bag-chair-1-main-en-1.jpg\",\"width\":2000,\"height\":1600},{\"@type\":\"BreadcrumbList\",\"@id\":\"https:\\\/\\\/homeofwool.com\\\/shop\\\/large-bean-bag-sale\\\/#breadcrumb\",\"itemListElement\":[{\"@type\":\"ListItem\",\"position\":1,\"name\":\"Home\",\"item\":\"https:\\\/\\\/homeofwool.com\\\/\"},{\"@type\":\"ListItem\",\"position\":2,\"name\":\"Products\",\"item\":\"https:\\\/\\\/homeofwool.com\\\/header-search-2\\\/\"},{\"@type\":\"ListItem\",\"position\":3,\"name\":\"Large Wool Bean Bag Chair | SALE\"}]},{\"@type\":\"WebSite\",\"@id\":\"https:\\\/\\\/homeofwool.com\\\/#website\",\"url\":\"https:\\\/\\\/homeofwool.com\\\/\",\"name\":\"Home of Wool\",\"description\":\"\",\"publisher\":{\"@id\":\"https:\\\/\\\/homeofwool.com\\\/#organization\"},\"potentialAction\":[{\"@type\":\"SearchAction\",\"target\":{\"@type\":\"EntryPoint\",\"urlTemplate\":\"https:\\\/\\\/homeofwool.com\\\/?s={search_term_string}\"},\"query-input\":{\"@type\":\"PropertyValueSpecification\",\"valueRequired\":true,\"valueName\":\"search_term_string\"}}],\"inLanguage\":\"fi\"},{\"@type\":\"Organization\",\"@id\":\"https:\\\/\\\/homeofwool.com\\\/#organization\",\"name\":\"Home of Wool\",\"url\":\"https:\\\/\\\/homeofwool.com\\\/\",\"logo\":{\"@type\":\"ImageObject\",\"inLanguage\":\"fi\",\"@id\":\"https:\\\/\\\/homeofwool.com\\\/#\\\/schema\\\/logo\\\/image\\\/\",\"url\":\"https:\\\/\\\/homeofwool.com\\\/wp-content\\\/uploads\\\/2025\\\/09\\\/WhatsApp-Image-2025-12-02-at-16.23.20.jpeg\",\"contentUrl\":\"https:\\\/\\\/homeofwool.com\\\/wp-content\\\/uploads\\\/2025\\\/09\\\/WhatsApp-Image-2025-12-02-at-16.23.20.jpeg\",\"width\":700,\"height\":247,\"caption\":\"Home of Wool\"},\"image\":{\"@id\":\"https:\\\/\\\/homeofwool.com\\\/#\\\/schema\\\/logo\\\/image\\\/\"},\"sameAs\":[\"https:\\\/\\\/facebook.com\\\/HomeOfWoolOfficial\"]}]}<\/script>\n<!-- \/ Yoast SEO Premium plugin. -->","yoast_head_json":{"title":"Suuri villainen s\u00e4kkituoli \u2013 ALENNUSMYYNTI, myrkyt\u00f6n | Home of Wool","description":"Nauti mukavuudesta suurella villaisella s\u00e4kkituolillamme. Myrkyt\u00f6n, hypoallergeeninen ja vastustuskykyinen p\u00f6lypunkkeille ja homeelle. Hanki omasi alennushintaan jo t\u00e4n\u00e4\u00e4n!","robots":{"index":"index","follow":"follow","max-snippet":"max-snippet:-1","max-image-preview":"max-image-preview:large","max-video-preview":"max-video-preview:-1"},"canonical":"https:\/\/homeofwool.com\/fi\/shop\/iso-sakkituolien-myynti\/","og_locale":"fi_FI","og_type":"article","og_title":"Large Wool Bean Bag Chair | SALE","og_description":"Enjoy comfort with our Large Wool Bean Bag. Toxin-free, hypoallergenic, and resistant to dust mites and mildew. Get yours on sale today!","og_url":"https:\/\/homeofwool.com\/fi\/shop\/iso-sakkituolien-myynti\/","og_site_name":"Home of Wool","article_publisher":"https:\/\/facebook.com\/HomeOfWoolOfficial","article_modified_time":"2026-03-20T10:39:33+00:00","og_image":[{"width":2000,"height":1600,"url":"https:\/\/homeofwool.com\/wp-content\/uploads\/2025\/09\/home-of-wool-large-wool-bean-bag-chair-1-main-en-1.jpg","type":"image\/jpeg"}],"twitter_card":"summary_large_image","twitter_misc":{"Arvioitu lukuaika":"2 minuuttia"},"schema":{"@context":"https:\/\/schema.org","@graph":[{"@type":"WebPage","@id":"https:\/\/homeofwool.com\/shop\/large-bean-bag-sale\/","url":"https:\/\/homeofwool.com\/shop\/large-bean-bag-sale\/","name":"Suuri villainen s\u00e4kkituoli \u2013 ALENNUSMYYNTI, myrkyt\u00f6n | Home of Wool","isPartOf":{"@id":"https:\/\/homeofwool.com\/#website"},"primaryImageOfPage":{"@id":"https:\/\/homeofwool.com\/shop\/large-bean-bag-sale\/#primaryimage"},"image":{"@id":"https:\/\/homeofwool.com\/shop\/large-bean-bag-sale\/#primaryimage"},"thumbnailUrl":"https:\/\/homeofwool.com\/wp-content\/uploads\/2025\/09\/home-of-wool-large-wool-bean-bag-chair-1-main-en-1.jpg","datePublished":"2025-09-02T12:02:24+00:00","dateModified":"2026-03-20T10:39:33+00:00","description":"Nauti mukavuudesta suurella villaisella s\u00e4kkituolillamme. Myrkyt\u00f6n, hypoallergeeninen ja vastustuskykyinen p\u00f6lypunkkeille ja homeelle. Hanki omasi alennushintaan jo t\u00e4n\u00e4\u00e4n!","breadcrumb":{"@id":"https:\/\/homeofwool.com\/shop\/large-bean-bag-sale\/#breadcrumb"},"inLanguage":"fi","potentialAction":[{"@type":"ReadAction","target":["https:\/\/homeofwool.com\/shop\/large-bean-bag-sale\/"]}]},{"@type":"ImageObject","inLanguage":"fi","@id":"https:\/\/homeofwool.com\/shop\/large-bean-bag-sale\/#primaryimage","url":"https:\/\/homeofwool.com\/wp-content\/uploads\/2025\/09\/home-of-wool-large-wool-bean-bag-chair-1-main-en-1.jpg","contentUrl":"https:\/\/homeofwool.com\/wp-content\/uploads\/2025\/09\/home-of-wool-large-wool-bean-bag-chair-1-main-en-1.jpg","width":2000,"height":1600},{"@type":"BreadcrumbList","@id":"https:\/\/homeofwool.com\/shop\/large-bean-bag-sale\/#breadcrumb","itemListElement":[{"@type":"ListItem","position":1,"name":"Home","item":"https:\/\/homeofwool.com\/"},{"@type":"ListItem","position":2,"name":"Products","item":"https:\/\/homeofwool.com\/header-search-2\/"},{"@type":"ListItem","position":3,"name":"Large Wool Bean Bag Chair | SALE"}]},{"@type":"WebSite","@id":"https:\/\/homeofwool.com\/#website","url":"https:\/\/homeofwool.com\/","name":"Villan koti","description":"","publisher":{"@id":"https:\/\/homeofwool.com\/#organization"},"potentialAction":[{"@type":"SearchAction","target":{"@type":"EntryPoint","urlTemplate":"https:\/\/homeofwool.com\/?s={search_term_string}"},"query-input":{"@type":"PropertyValueSpecification","valueRequired":true,"valueName":"search_term_string"}}],"inLanguage":"fi"},{"@type":"Organization","@id":"https:\/\/homeofwool.com\/#organization","name":"Villan koti","url":"https:\/\/homeofwool.com\/","logo":{"@type":"ImageObject","inLanguage":"fi","@id":"https:\/\/homeofwool.com\/#\/schema\/logo\/image\/","url":"https:\/\/homeofwool.com\/wp-content\/uploads\/2025\/09\/WhatsApp-Image-2025-12-02-at-16.23.20.jpeg","contentUrl":"https:\/\/homeofwool.com\/wp-content\/uploads\/2025\/09\/WhatsApp-Image-2025-12-02-at-16.23.20.jpeg","width":700,"height":247,"caption":"Home of Wool"},"image":{"@id":"https:\/\/homeofwool.com\/#\/schema\/logo\/image\/"},"sameAs":["https:\/\/facebook.com\/HomeOfWoolOfficial"]}]}},"_links":{"self":[{"href":"https:\/\/homeofwool.com\/fi\/wp-json\/wp\/v2\/product\/217746","targetHints":{"allow":["GET"]}}],"collection":[{"href":"https:\/\/homeofwool.com\/fi\/wp-json\/wp\/v2\/product"}],"about":[{"href":"https:\/\/homeofwool.com\/fi\/wp-json\/wp\/v2\/types\/product"}],"version-history":[{"count":1,"href":"https:\/\/homeofwool.com\/fi\/wp-json\/wp\/v2\/product\/217746\/revisions"}],"predecessor-version":[{"id":227355,"href":"https:\/\/homeofwool.com\/fi\/wp-json\/wp\/v2\/product\/217746\/revisions\/227355"}],"wp:featuredmedia":[{"embeddable":true,"href":"https:\/\/homeofwool.com\/fi\/wp-json\/wp\/v2\/media\/225187"}],"wp:attachment":[{"href":"https:\/\/homeofwool.com\/fi\/wp-json\/wp\/v2\/media?parent=217746"}],"wp:term":[{"taxonomy":"product_brand","embeddable":true,"href":"https:\/\/homeofwool.com\/fi\/wp-json\/wp\/v2\/product_brand?post=217746"},{"taxonomy":"product_cat","embeddable":true,"href":"https:\/\/homeofwool.com\/fi\/wp-json\/wp\/v2\/product_cat?post=217746"},{"taxonomy":"product_tag","embeddable":true,"href":"https:\/\/homeofwool.com\/fi\/wp-json\/wp\/v2\/product_tag?post=217746"}],"curies":[{"name":"wp","href":"https:\/\/api.w.org\/{rel}","templated":true}]}}