{"id":217709,"date":"2025-09-02T12:02:14","date_gmt":"2025-09-02T12:02:14","guid":{"rendered":"https:\/\/homeofwool.com\/?post_type=product&#038;p=217709"},"modified":"2026-02-11T09:20:44","modified_gmt":"2026-02-11T09:20:44","slug":"hamppumatto","status":"publish","type":"product","link":"https:\/\/homeofwool.com\/fi\/shop\/hemp-rug\/","title":{"rendered":"Hamppu matto"},"content":{"rendered":"<p>Home of Wool-hamppumatto on enemm\u00e4n kuin pelkk\u00e4 lattianp\u00e4\u00e4llyste. Se on valmistettu puhtaista hamppukuiduista ja tuo luonnon sis\u00e4lle. Sen maanl\u00e4heiset s\u00e4vyt eiv\u00e4t ole v\u00e4riaineita, vaan ne ovat per\u00e4isin itse kasvista. N\u00e4m\u00e4 ovat hampun raakav\u00e4rej\u00e4.<\/p>\n<p>Koska hamppu on luonnostaan vahva materiaali, kudoksesta syntyy kest\u00e4v\u00e4 matto, joka kest\u00e4\u00e4 hyvin p\u00e4ivitt\u00e4ist\u00e4 k\u00e4ytt\u00f6\u00e4, olipa se sitten k\u00e4yt\u00e4v\u00e4ll\u00e4, olohuoneessa tai ruokap\u00f6yd\u00e4n alla. S\u00e4ngyn vieress\u00e4 se tekee p\u00e4iv\u00e4n ensimm\u00e4isist\u00e4 askeleista mukavampia.<\/p>\n<p>Jokainen ymp\u00e4rist\u00f6yst\u00e4v\u00e4llinen hamppumatto valmistetaan tilauksesta, joten voit valita tilaan sopivan koon. Pohja tarttuu juuri tarpeeksi, jotta matto ei liu'u, kun k\u00e4velet sen p\u00e4\u00e4ll\u00e4.<\/p>\n<p>Orgaaninen rakenne luo rennon, boho-henkisen hamppumaton tunnelman. Maadoittavalla olemuksellaan ja puhtailla materiaaleillaan t\u00e4m\u00e4 orgaaninen hamppumatto yhdist\u00e4\u00e4 mukavuuden, terveyden ja kest\u00e4vyyden yhdess\u00e4 ajattomassa tuotteessa.<\/p>","protected":false},"excerpt":{"rendered":"<p>Tuo kotiisi ripaus luonnon charmia t\u00e4ll\u00e4 hamppumattoilla, joka on valmistettu 100%-v\u00e4rj\u00e4\u00e4m\u00e4tt\u00f6m\u00e4st\u00e4, valkaisemattomasta hampusta. K\u00e4sin kudottu hamppumatto tuntuu mukavalta jalkojen alla ja tuo boho-henkist\u00e4 luonnetta tilaan.<\/p>\n<div class=\"global-icon-set\">\n<div class=\"global-icon-set__items\">\n<div class=\"global-icon-set__item\">\n<div class=\"global-icon-set__image\">\n                                    <img decoding=\"async\" src=\"https:\/\/homeofwool.com\/wp-content\/uploads\/2025\/09\/VOCs-min-300x300.png\" alt=\"vocs vapaa\" \/>\n                                <\/div>\n<div class=\"global-icon-set__title\">VOC-vapaa<\/div>\n<\/p><\/div>\n<div class=\"global-icon-set__item\">\n<div class=\"global-icon-set__image\">\n                                    <img decoding=\"async\" src=\"https:\/\/homeofwool.com\/wp-content\/uploads\/2025\/09\/free-of-synthetics-icon-300x300.png\" alt=\"synteettisi\u00e4 aineita sis\u00e4lt\u00e4m\u00e4t\u00f6n kuvake\" \/>\n                                <\/div>\n<div class=\"global-icon-set__title\">Vapaa synteettisist\u00e4 aineista<\/div>\n<\/p><\/div>\n<div class=\"global-icon-set__item\">\n<div class=\"global-icon-set__image\">\n                                    <img decoding=\"async\" src=\"https:\/\/homeofwool.com\/wp-content\/uploads\/2025\/09\/chemical-free-icon-300x300.png\" alt=\"kemikaalivapaa kuvake\" \/>\n                                <\/div>\n<div class=\"global-icon-set__title\">Kemikaalivapaa<\/div>\n<\/p><\/div>\n<div class=\"global-icon-set__item\">\n<div class=\"global-icon-set__image\">\n                                    <img decoding=\"async\" src=\"https:\/\/homeofwool.com\/wp-content\/uploads\/2025\/09\/certified-materials-icon-300x300.png\" alt=\"sertifioitujen materiaalien kuvake\" \/>\n                                <\/div>\n<div class=\"global-icon-set__title\">100% Puhtaat sertifioidut materiaalit<\/div>\n<\/p><\/div>\n<\/p><\/div>\n<\/p><\/div>","protected":false},"featured_media":219290,"template":"","meta":{"_acf_changed":false},"product_brand":[],"product_cat":[557,331],"product_tag":[801,802,803,804,805,806,807,808,149,809],"class_list":{"0":"post-217709","1":"product","2":"type-product","3":"status-publish","4":"has-post-thumbnail","6":"product_cat-new","7":"product_cat-rugs","8":"product_tag-custom-hemp-rugs","9":"product_tag-extra-large-hemp-rug","10":"product_tag-hemp-area-rug","11":"product_tag-hemp-carpet","12":"product_tag-hemp-jute-rug","13":"product_tag-large-hemp-rug","14":"product_tag-natural-hemp-rug","15":"product_tag-round-hemp-rug","16":"product_tag-steps","17":"product_tag-woven-hemp-rug","19":"first","20":"instock","21":"shipping-taxable","22":"purchasable","23":"product-type-simple"},"acf":[],"yoast_head":"<!-- This site is optimized with the Yoast SEO Premium plugin v27.4 (Yoast SEO v27.4) - https:\/\/yoast.com\/product\/yoast-seo-premium-wordpress\/ -->\n<title>Hemp Rug \u2013 100% Natural, Handmade in Custom Sizes | Home of Wool<\/title>\n<meta name=\"description\" content=\"Grounding and timeless, this handwoven hemp rug is eco-friendly, 100% natural, and undyed. Durable yet stylish, it brings boho charm and rich texture to any living space.\" \/>\n<meta name=\"robots\" content=\"index, follow, max-snippet:-1, max-image-preview:large, max-video-preview:-1\" \/>\n<link rel=\"canonical\" href=\"https:\/\/homeofwool.com\/fi\/shop\/hamppumatto\/\" \/>\n<meta property=\"og:locale\" content=\"fi_FI\" \/>\n<meta property=\"og:type\" content=\"article\" \/>\n<meta property=\"og:title\" content=\"Hemp Rug\" \/>\n<meta property=\"og:description\" content=\"Grounding and timeless, this handwoven hemp rug is eco-friendly, 100% natural, and undyed. Durable yet stylish, it brings boho charm and rich texture to any living space.\" \/>\n<meta property=\"og:url\" content=\"https:\/\/homeofwool.com\/fi\/shop\/hamppumatto\/\" \/>\n<meta property=\"og:site_name\" content=\"Home of Wool\" \/>\n<meta property=\"article:publisher\" content=\"https:\/\/facebook.com\/HomeOfWoolOfficial\" \/>\n<meta property=\"article:modified_time\" content=\"2026-02-11T09:20:44+00:00\" \/>\n<meta property=\"og:image\" content=\"https:\/\/homeofwool.com\/wp-content\/uploads\/2025\/09\/home-of-wool-hemp-rug-1-main.jpg\" \/>\n\t<meta property=\"og:image:width\" content=\"1041\" \/>\n\t<meta property=\"og:image:height\" content=\"833\" \/>\n\t<meta property=\"og:image:type\" content=\"image\/jpeg\" \/>\n<meta name=\"twitter:card\" content=\"summary_large_image\" \/>\n<meta name=\"twitter:label1\" content=\"Arvioitu lukuaika\" \/>\n\t<meta name=\"twitter:data1\" content=\"1 minuutti\" \/>\n<script type=\"application\/ld+json\" class=\"yoast-schema-graph\">{\"@context\":\"https:\\\/\\\/schema.org\",\"@graph\":[{\"@type\":\"WebPage\",\"@id\":\"https:\\\/\\\/homeofwool.com\\\/shop\\\/hemp-rug\\\/\",\"url\":\"https:\\\/\\\/homeofwool.com\\\/shop\\\/hemp-rug\\\/\",\"name\":\"Hemp Rug \u2013 100% Natural, Handmade in Custom Sizes | Home of Wool\",\"isPartOf\":{\"@id\":\"https:\\\/\\\/homeofwool.com\\\/#website\"},\"primaryImageOfPage\":{\"@id\":\"https:\\\/\\\/homeofwool.com\\\/shop\\\/hemp-rug\\\/#primaryimage\"},\"image\":{\"@id\":\"https:\\\/\\\/homeofwool.com\\\/shop\\\/hemp-rug\\\/#primaryimage\"},\"thumbnailUrl\":\"https:\\\/\\\/homeofwool.com\\\/wp-content\\\/uploads\\\/2025\\\/09\\\/home-of-wool-hemp-rug-1-main.jpg\",\"datePublished\":\"2025-09-02T12:02:14+00:00\",\"dateModified\":\"2026-02-11T09:20:44+00:00\",\"description\":\"Grounding and timeless, this handwoven hemp rug is eco-friendly, 100% natural, and undyed. Durable yet stylish, it brings boho charm and rich texture to any living space.\",\"breadcrumb\":{\"@id\":\"https:\\\/\\\/homeofwool.com\\\/shop\\\/hemp-rug\\\/#breadcrumb\"},\"inLanguage\":\"fi\",\"potentialAction\":[{\"@type\":\"ReadAction\",\"target\":[\"https:\\\/\\\/homeofwool.com\\\/shop\\\/hemp-rug\\\/\"]}]},{\"@type\":\"ImageObject\",\"inLanguage\":\"fi\",\"@id\":\"https:\\\/\\\/homeofwool.com\\\/shop\\\/hemp-rug\\\/#primaryimage\",\"url\":\"https:\\\/\\\/homeofwool.com\\\/wp-content\\\/uploads\\\/2025\\\/09\\\/home-of-wool-hemp-rug-1-main.jpg\",\"contentUrl\":\"https:\\\/\\\/homeofwool.com\\\/wp-content\\\/uploads\\\/2025\\\/09\\\/home-of-wool-hemp-rug-1-main.jpg\",\"width\":1041,\"height\":833,\"caption\":\"hemp rug flat on the floor\"},{\"@type\":\"BreadcrumbList\",\"@id\":\"https:\\\/\\\/homeofwool.com\\\/shop\\\/hemp-rug\\\/#breadcrumb\",\"itemListElement\":[{\"@type\":\"ListItem\",\"position\":1,\"name\":\"Home\",\"item\":\"https:\\\/\\\/homeofwool.com\\\/\"},{\"@type\":\"ListItem\",\"position\":2,\"name\":\"Products\",\"item\":\"https:\\\/\\\/homeofwool.com\\\/header-search-2\\\/\"},{\"@type\":\"ListItem\",\"position\":3,\"name\":\"Hemp Rug\"}]},{\"@type\":\"WebSite\",\"@id\":\"https:\\\/\\\/homeofwool.com\\\/#website\",\"url\":\"https:\\\/\\\/homeofwool.com\\\/\",\"name\":\"Home of Wool\",\"description\":\"\",\"publisher\":{\"@id\":\"https:\\\/\\\/homeofwool.com\\\/#organization\"},\"potentialAction\":[{\"@type\":\"SearchAction\",\"target\":{\"@type\":\"EntryPoint\",\"urlTemplate\":\"https:\\\/\\\/homeofwool.com\\\/?s={search_term_string}\"},\"query-input\":{\"@type\":\"PropertyValueSpecification\",\"valueRequired\":true,\"valueName\":\"search_term_string\"}}],\"inLanguage\":\"fi\"},{\"@type\":\"Organization\",\"@id\":\"https:\\\/\\\/homeofwool.com\\\/#organization\",\"name\":\"Home of Wool\",\"url\":\"https:\\\/\\\/homeofwool.com\\\/\",\"logo\":{\"@type\":\"ImageObject\",\"inLanguage\":\"fi\",\"@id\":\"https:\\\/\\\/homeofwool.com\\\/#\\\/schema\\\/logo\\\/image\\\/\",\"url\":\"https:\\\/\\\/homeofwool.com\\\/wp-content\\\/uploads\\\/2025\\\/09\\\/WhatsApp-Image-2025-12-02-at-16.23.20.jpeg\",\"contentUrl\":\"https:\\\/\\\/homeofwool.com\\\/wp-content\\\/uploads\\\/2025\\\/09\\\/WhatsApp-Image-2025-12-02-at-16.23.20.jpeg\",\"width\":700,\"height\":247,\"caption\":\"Home of Wool\"},\"image\":{\"@id\":\"https:\\\/\\\/homeofwool.com\\\/#\\\/schema\\\/logo\\\/image\\\/\"},\"sameAs\":[\"https:\\\/\\\/facebook.com\\\/HomeOfWoolOfficial\"]}]}<\/script>\n<!-- \/ Yoast SEO Premium plugin. -->","yoast_head_json":{"title":"Hamppumatto \u2013 100% Luonnollinen, k\u00e4sintehty mittatilausty\u00f6n\u00e4 | Home of Wool","description":"Maadoitettu ja ajaton, t\u00e4m\u00e4 k\u00e4sin kudottu hamppumatto on ymp\u00e4rist\u00f6yst\u00e4v\u00e4llinen, 100% luonnollinen ja v\u00e4rj\u00e4\u00e4m\u00e4t\u00f6n. Kest\u00e4v\u00e4 mutta tyylik\u00e4s, se tuo boho-charmin ja rikkaan tekstuurin mihin tahansa olohuoneeseen.","robots":{"index":"index","follow":"follow","max-snippet":"max-snippet:-1","max-image-preview":"max-image-preview:large","max-video-preview":"max-video-preview:-1"},"canonical":"https:\/\/homeofwool.com\/fi\/shop\/hamppumatto\/","og_locale":"fi_FI","og_type":"article","og_title":"Hemp Rug","og_description":"Grounding and timeless, this handwoven hemp rug is eco-friendly, 100% natural, and undyed. Durable yet stylish, it brings boho charm and rich texture to any living space.","og_url":"https:\/\/homeofwool.com\/fi\/shop\/hamppumatto\/","og_site_name":"Home of Wool","article_publisher":"https:\/\/facebook.com\/HomeOfWoolOfficial","article_modified_time":"2026-02-11T09:20:44+00:00","og_image":[{"width":1041,"height":833,"url":"https:\/\/homeofwool.com\/wp-content\/uploads\/2025\/09\/home-of-wool-hemp-rug-1-main.jpg","type":"image\/jpeg"}],"twitter_card":"summary_large_image","twitter_misc":{"Arvioitu lukuaika":"1 minuutti"},"schema":{"@context":"https:\/\/schema.org","@graph":[{"@type":"WebPage","@id":"https:\/\/homeofwool.com\/shop\/hemp-rug\/","url":"https:\/\/homeofwool.com\/shop\/hemp-rug\/","name":"Hamppumatto \u2013 100% Luonnollinen, k\u00e4sintehty mittatilausty\u00f6n\u00e4 | Home of Wool","isPartOf":{"@id":"https:\/\/homeofwool.com\/#website"},"primaryImageOfPage":{"@id":"https:\/\/homeofwool.com\/shop\/hemp-rug\/#primaryimage"},"image":{"@id":"https:\/\/homeofwool.com\/shop\/hemp-rug\/#primaryimage"},"thumbnailUrl":"https:\/\/homeofwool.com\/wp-content\/uploads\/2025\/09\/home-of-wool-hemp-rug-1-main.jpg","datePublished":"2025-09-02T12:02:14+00:00","dateModified":"2026-02-11T09:20:44+00:00","description":"Maadoitettu ja ajaton, t\u00e4m\u00e4 k\u00e4sin kudottu hamppumatto on ymp\u00e4rist\u00f6yst\u00e4v\u00e4llinen, 100% luonnollinen ja v\u00e4rj\u00e4\u00e4m\u00e4t\u00f6n. Kest\u00e4v\u00e4 mutta tyylik\u00e4s, se tuo boho-charmin ja rikkaan tekstuurin mihin tahansa olohuoneeseen.","breadcrumb":{"@id":"https:\/\/homeofwool.com\/shop\/hemp-rug\/#breadcrumb"},"inLanguage":"fi","potentialAction":[{"@type":"ReadAction","target":["https:\/\/homeofwool.com\/shop\/hemp-rug\/"]}]},{"@type":"ImageObject","inLanguage":"fi","@id":"https:\/\/homeofwool.com\/shop\/hemp-rug\/#primaryimage","url":"https:\/\/homeofwool.com\/wp-content\/uploads\/2025\/09\/home-of-wool-hemp-rug-1-main.jpg","contentUrl":"https:\/\/homeofwool.com\/wp-content\/uploads\/2025\/09\/home-of-wool-hemp-rug-1-main.jpg","width":1041,"height":833,"caption":"hemp rug flat on the floor"},{"@type":"BreadcrumbList","@id":"https:\/\/homeofwool.com\/shop\/hemp-rug\/#breadcrumb","itemListElement":[{"@type":"ListItem","position":1,"name":"Home","item":"https:\/\/homeofwool.com\/"},{"@type":"ListItem","position":2,"name":"Products","item":"https:\/\/homeofwool.com\/header-search-2\/"},{"@type":"ListItem","position":3,"name":"Hemp Rug"}]},{"@type":"WebSite","@id":"https:\/\/homeofwool.com\/#website","url":"https:\/\/homeofwool.com\/","name":"Villan koti","description":"","publisher":{"@id":"https:\/\/homeofwool.com\/#organization"},"potentialAction":[{"@type":"SearchAction","target":{"@type":"EntryPoint","urlTemplate":"https:\/\/homeofwool.com\/?s={search_term_string}"},"query-input":{"@type":"PropertyValueSpecification","valueRequired":true,"valueName":"search_term_string"}}],"inLanguage":"fi"},{"@type":"Organization","@id":"https:\/\/homeofwool.com\/#organization","name":"Villan koti","url":"https:\/\/homeofwool.com\/","logo":{"@type":"ImageObject","inLanguage":"fi","@id":"https:\/\/homeofwool.com\/#\/schema\/logo\/image\/","url":"https:\/\/homeofwool.com\/wp-content\/uploads\/2025\/09\/WhatsApp-Image-2025-12-02-at-16.23.20.jpeg","contentUrl":"https:\/\/homeofwool.com\/wp-content\/uploads\/2025\/09\/WhatsApp-Image-2025-12-02-at-16.23.20.jpeg","width":700,"height":247,"caption":"Home of Wool"},"image":{"@id":"https:\/\/homeofwool.com\/#\/schema\/logo\/image\/"},"sameAs":["https:\/\/facebook.com\/HomeOfWoolOfficial"]}]}},"_links":{"self":[{"href":"https:\/\/homeofwool.com\/fi\/wp-json\/wp\/v2\/product\/217709","targetHints":{"allow":["GET"]}}],"collection":[{"href":"https:\/\/homeofwool.com\/fi\/wp-json\/wp\/v2\/product"}],"about":[{"href":"https:\/\/homeofwool.com\/fi\/wp-json\/wp\/v2\/types\/product"}],"version-history":[{"count":1,"href":"https:\/\/homeofwool.com\/fi\/wp-json\/wp\/v2\/product\/217709\/revisions"}],"predecessor-version":[{"id":226687,"href":"https:\/\/homeofwool.com\/fi\/wp-json\/wp\/v2\/product\/217709\/revisions\/226687"}],"wp:featuredmedia":[{"embeddable":true,"href":"https:\/\/homeofwool.com\/fi\/wp-json\/wp\/v2\/media\/219290"}],"wp:attachment":[{"href":"https:\/\/homeofwool.com\/fi\/wp-json\/wp\/v2\/media?parent=217709"}],"wp:term":[{"taxonomy":"product_brand","embeddable":true,"href":"https:\/\/homeofwool.com\/fi\/wp-json\/wp\/v2\/product_brand?post=217709"},{"taxonomy":"product_cat","embeddable":true,"href":"https:\/\/homeofwool.com\/fi\/wp-json\/wp\/v2\/product_cat?post=217709"},{"taxonomy":"product_tag","embeddable":true,"href":"https:\/\/homeofwool.com\/fi\/wp-json\/wp\/v2\/product_tag?post=217709"}],"curies":[{"name":"wp","href":"https:\/\/api.w.org\/{rel}","templated":true}]}}