{"id":217701,"date":"2025-09-02T12:02:14","date_gmt":"2025-09-02T12:02:14","guid":{"rendered":"https:\/\/homeofwool.com\/?post_type=product&#038;p=217701"},"modified":"2025-10-05T14:31:14","modified_gmt":"2025-10-05T14:31:14","slug":"lukutyyny","status":"publish","type":"product","link":"https:\/\/homeofwool.com\/fi\/shop\/reading-pillow\/","title":{"rendered":"Villan lukeminen tyyny"},"content":{"rendered":"<p>T\u00e4m\u00e4 lukutyyny on suunniteltu tarjoamaan hiljaista mukavuutta vatsalla makuulla. Se nostaa rintakeh\u00e4\u00e4si ja k\u00e4si\u00e4si, jotta voit nauttia kirjasta tai lehdest\u00e4 ilman rasitusta. Villat\u00e4yte antaa tukevan mutta my\u00f6s hengitt\u00e4v\u00e4n tuen. N\u00e4in pysyt mukavasti, vaikka lukisit pitk\u00e4\u00e4n. Se ei pid\u00e4 l\u00e4mp\u00f6\u00e4 sis\u00e4ll\u00e4\u00e4n eik\u00e4 vapauta kemikaaleja, joten voit nauttia puhtaammasta ja terveellisemm\u00e4st\u00e4 ymp\u00e4rist\u00f6st\u00e4. Se on luonnostaan hypoallergeeninen ja vastustaa p\u00f6lypunkkeja ja hometta. Siksi se sopii erityisen hyvin allergikoille tai herkille ihmisille.<\/p>\n<p>Sis\u00e4osa on valmistettu luomupuuvillasta ja sen sis\u00e4ll\u00e4 oleva villa on tuftattu vahvalla pellavalanalla. Tyynyn viimeistelee irrotettava, luomukankaista valmistettu p\u00e4\u00e4llinen. Olemme valinneet sile\u00e4n mulberry-silkin tuomaan ripauksen ylellisyytt\u00e4. Merinovillajersey tarjoaa pehme\u00e4n tuntuman ja mukavan l\u00e4mm\u00f6n. Puuvilla-pellavaseos on t\u00e4ydellinen kuumille kes\u00e4p\u00e4iville, jolloin tarvitset viile\u00e4n tuntuman ja luonnollisen kosketuksen. Koko 25 x 65 x 39 cm tarjoaa optimaalisen tuen kehollesi ja tekee lukemisesta todella mukavaa.<\/p>","protected":false},"excerpt":{"rendered":"<p>Nauti lempikirjastasi Home of Wool-lukutyynyn avulla, joka on t\u00e4ytetty luonnonvillalla. Se nostaa vatsaa ja rintakeh\u00e4\u00e4 kevyesti, jotta voit lukea mukavasti s\u00e4ngyss\u00e4. Villasta valmistettu tyyny on hengitt\u00e4v\u00e4 ja mukava viimeiseen lukuun asti. Se on luonnostaan hypoallergeeninen eik\u00e4 sis\u00e4ll\u00e4 synteettisi\u00e4 aineita.<\/p>\n<div class=\"global-icon-set\">\n<div class=\"global-icon-set__items\">\n<div class=\"global-icon-set__item\">\n<div class=\"global-icon-set__image\">\n                                    <img decoding=\"async\" src=\"https:\/\/homeofwool.com\/wp-content\/uploads\/2025\/09\/handmade-icon-300x300.png\" alt=\"k\u00e4sintehty kuvake\" \/>\n                                <\/div>\n<div class=\"global-icon-set__title\">K\u00e4sintehty<\/div>\n<\/p><\/div>\n<div class=\"global-icon-set__item\">\n<div class=\"global-icon-set__image\">\n                                    <img decoding=\"async\" src=\"https:\/\/homeofwool.com\/wp-content\/uploads\/2025\/09\/wicks-moisture-away-300x300.png\" alt=\"siirt\u00e4\u00e4 kosteutta pois\" \/>\n                                <\/div>\n<div class=\"global-icon-set__title\">Poistaa kosteutta<\/div>\n<\/p><\/div>\n<div class=\"global-icon-set__item\">\n<div class=\"global-icon-set__image\">\n                                    <img decoding=\"async\" src=\"https:\/\/homeofwool.com\/wp-content\/uploads\/2025\/09\/VOCs-min-300x300.png\" alt=\"vocs vapaa\" \/>\n                                <\/div>\n<div class=\"global-icon-set__title\">VOC-vapaa<\/div>\n<\/p><\/div>\n<div class=\"global-icon-set__item\">\n<div class=\"global-icon-set__image\">\n                                    <img decoding=\"async\" src=\"https:\/\/homeofwool.com\/wp-content\/uploads\/2025\/09\/FR-min-300x300.png\" alt=\"palonkest\u00e4v\u00e4 kuvake\" \/>\n                                <\/div>\n<div class=\"global-icon-set__title\">Liekinkest\u00e4v\u00e4<\/div>\n<\/p><\/div>\n<div class=\"global-icon-set__item\">\n<div class=\"global-icon-set__image\">\n                                    <img decoding=\"async\" src=\"https:\/\/homeofwool.com\/wp-content\/uploads\/2025\/09\/Hypoallergenic-min-300x300.png\" alt=\"hypoallergeeninen kuvake\" \/>\n                                <\/div>\n<div class=\"global-icon-set__title\">Hypoallergeeninen<\/div>\n<\/p><\/div>\n<div class=\"global-icon-set__item\">\n<div class=\"global-icon-set__image\">\n                                    <img decoding=\"async\" src=\"https:\/\/homeofwool.com\/wp-content\/uploads\/2025\/09\/free-of-synthetics-icon-300x300.png\" alt=\"synteettisi\u00e4 aineita sis\u00e4lt\u00e4m\u00e4t\u00f6n kuvake\" \/>\n                                <\/div>\n<div class=\"global-icon-set__title\">Vapaa synteettisist\u00e4 aineista<\/div>\n<\/p><\/div>\n<div class=\"global-icon-set__item\">\n<div class=\"global-icon-set__image\">\n                                    <img decoding=\"async\" src=\"https:\/\/homeofwool.com\/wp-content\/uploads\/2025\/09\/chemical-free-icon-300x300.png\" alt=\"kemikaalivapaa kuvake\" \/>\n                                <\/div>\n<div class=\"global-icon-set__title\">Kemikaalivapaa<\/div>\n<\/p><\/div>\n<div class=\"global-icon-set__item\">\n<div class=\"global-icon-set__image\">\n                                    <img decoding=\"async\" src=\"https:\/\/homeofwool.com\/wp-content\/uploads\/2025\/09\/anti-bacterial-icon-300x300.png\" alt=\"anti bakteeri kuvake\" \/>\n                                <\/div>\n<div class=\"global-icon-set__title\">Anti-mikrobinen &amp; antibakteerinen<\/div>\n<\/p><\/div>\n<div class=\"global-icon-set__item\">\n<div class=\"global-icon-set__image\">\n                                    <img decoding=\"async\" src=\"https:\/\/homeofwool.com\/wp-content\/uploads\/2025\/09\/certified-materials-icon-300x300.png\" alt=\"sertifioitujen materiaalien kuvake\" \/>\n                                <\/div>\n<div class=\"global-icon-set__title\">100% Puhtaat sertifioidut materiaalit<\/div>\n<\/p><\/div>\n<\/p><\/div>\n<\/p><\/div>","protected":false},"featured_media":219768,"template":"","meta":{"_acf_changed":false},"product_brand":[],"product_cat":[316,557,254],"product_tag":[444,665,666,447,452],"class_list":{"0":"post-217701","1":"product","2":"type-product","3":"status-publish","4":"has-post-thumbnail","6":"product_cat-mothers-day","7":"product_cat-new","8":"product_cat-pillows-pillowcases","9":"product_tag-all-natural-pillow","10":"product_tag-inclined-triangle-pillow","11":"product_tag-leg-wedge-pillow","12":"product_tag-organic-pillow","13":"product_tag-wool-pillow","15":"first","16":"instock","17":"shipping-taxable","18":"purchasable","19":"product-type-variable"},"acf":[],"yoast_head":"<!-- This site is optimized with the Yoast SEO Premium plugin v27.4 (Yoast SEO v27.4) - https:\/\/yoast.com\/product\/yoast-seo-premium-wordpress\/ -->\n<title>Wool Reading Pillow \u2013 Cushion for Comfortable Reading | Home of Wool<\/title>\n<meta name=\"description\" content=\"Ergonomic and breathable, the Wool Reading Pillow provides supportive wool filling. Hypoallergenic and toxin-free, it ensures safe, natural relaxation during study, reading, or rest.\" \/>\n<meta name=\"robots\" content=\"index, follow, max-snippet:-1, max-image-preview:large, max-video-preview:-1\" \/>\n<link rel=\"canonical\" href=\"https:\/\/homeofwool.com\/fi\/shop\/lukutyyny\/\" \/>\n<meta property=\"og:locale\" content=\"fi_FI\" \/>\n<meta property=\"og:type\" content=\"article\" \/>\n<meta property=\"og:title\" content=\"Wool Reading Pillow\" \/>\n<meta property=\"og:description\" content=\"Ergonomic and breathable, the Wool Reading Pillow provides supportive wool filling. Hypoallergenic and toxin-free, it ensures safe, natural relaxation during study, reading, or rest.\" \/>\n<meta property=\"og:url\" content=\"https:\/\/homeofwool.com\/fi\/shop\/lukutyyny\/\" \/>\n<meta property=\"og:site_name\" content=\"Home of Wool\" \/>\n<meta property=\"article:publisher\" content=\"https:\/\/facebook.com\/HomeOfWoolOfficial\" \/>\n<meta property=\"article:modified_time\" content=\"2025-10-05T14:31:14+00:00\" \/>\n<meta property=\"og:image\" content=\"https:\/\/homeofwool.com\/wp-content\/uploads\/2025\/09\/home-of-wool-wool-reading-pillow-1-main.jpg\" \/>\n\t<meta property=\"og:image:width\" content=\"2000\" \/>\n\t<meta property=\"og:image:height\" content=\"1600\" \/>\n\t<meta property=\"og:image:type\" content=\"image\/jpeg\" \/>\n<meta name=\"twitter:card\" content=\"summary_large_image\" \/>\n<meta name=\"twitter:label1\" content=\"Arvioitu lukuaika\" \/>\n\t<meta name=\"twitter:data1\" content=\"2 minuuttia\" \/>\n<script type=\"application\/ld+json\" class=\"yoast-schema-graph\">{\"@context\":\"https:\\\/\\\/schema.org\",\"@graph\":[{\"@type\":\"WebPage\",\"@id\":\"https:\\\/\\\/homeofwool.com\\\/de\\\/shop\\\/lesekissen\\\/\",\"url\":\"https:\\\/\\\/homeofwool.com\\\/de\\\/shop\\\/lesekissen\\\/\",\"name\":\"Wool Reading Pillow \u2013 Cushion for Comfortable Reading | Home of Wool\",\"isPartOf\":{\"@id\":\"https:\\\/\\\/homeofwool.com\\\/#website\"},\"primaryImageOfPage\":{\"@id\":\"https:\\\/\\\/homeofwool.com\\\/de\\\/shop\\\/lesekissen\\\/#primaryimage\"},\"image\":{\"@id\":\"https:\\\/\\\/homeofwool.com\\\/de\\\/shop\\\/lesekissen\\\/#primaryimage\"},\"thumbnailUrl\":\"https:\\\/\\\/homeofwool.com\\\/wp-content\\\/uploads\\\/2025\\\/09\\\/home-of-wool-wool-reading-pillow-1-main.jpg\",\"datePublished\":\"2025-09-02T12:02:14+00:00\",\"dateModified\":\"2025-10-05T14:31:14+00:00\",\"description\":\"Ergonomic and breathable, the Wool Reading Pillow provides supportive wool filling. Hypoallergenic and toxin-free, it ensures safe, natural relaxation during study, reading, or rest.\",\"breadcrumb\":{\"@id\":\"https:\\\/\\\/homeofwool.com\\\/de\\\/shop\\\/lesekissen\\\/#breadcrumb\"},\"inLanguage\":\"fi\",\"potentialAction\":[{\"@type\":\"ReadAction\",\"target\":[\"https:\\\/\\\/homeofwool.com\\\/de\\\/shop\\\/lesekissen\\\/\"]}]},{\"@type\":\"ImageObject\",\"inLanguage\":\"fi\",\"@id\":\"https:\\\/\\\/homeofwool.com\\\/de\\\/shop\\\/lesekissen\\\/#primaryimage\",\"url\":\"https:\\\/\\\/homeofwool.com\\\/wp-content\\\/uploads\\\/2025\\\/09\\\/home-of-wool-wool-reading-pillow-1-main.jpg\",\"contentUrl\":\"https:\\\/\\\/homeofwool.com\\\/wp-content\\\/uploads\\\/2025\\\/09\\\/home-of-wool-wool-reading-pillow-1-main.jpg\",\"width\":2000,\"height\":1600,\"caption\":\"girl reading a magazine using home of wool reading pillow\"},{\"@type\":\"BreadcrumbList\",\"@id\":\"https:\\\/\\\/homeofwool.com\\\/de\\\/shop\\\/lesekissen\\\/#breadcrumb\",\"itemListElement\":[{\"@type\":\"ListItem\",\"position\":1,\"name\":\"Home\",\"item\":\"https:\\\/\\\/homeofwool.com\\\/\"},{\"@type\":\"ListItem\",\"position\":2,\"name\":\"Products\",\"item\":\"https:\\\/\\\/homeofwool.com\\\/header-search-2\\\/\"},{\"@type\":\"ListItem\",\"position\":3,\"name\":\"Wool Reading Pillow\"}]},{\"@type\":\"WebSite\",\"@id\":\"https:\\\/\\\/homeofwool.com\\\/#website\",\"url\":\"https:\\\/\\\/homeofwool.com\\\/\",\"name\":\"Home of Wool\",\"description\":\"\",\"publisher\":{\"@id\":\"https:\\\/\\\/homeofwool.com\\\/#organization\"},\"potentialAction\":[{\"@type\":\"SearchAction\",\"target\":{\"@type\":\"EntryPoint\",\"urlTemplate\":\"https:\\\/\\\/homeofwool.com\\\/?s={search_term_string}\"},\"query-input\":{\"@type\":\"PropertyValueSpecification\",\"valueRequired\":true,\"valueName\":\"search_term_string\"}}],\"inLanguage\":\"fi\"},{\"@type\":\"Organization\",\"@id\":\"https:\\\/\\\/homeofwool.com\\\/#organization\",\"name\":\"Home of Wool\",\"url\":\"https:\\\/\\\/homeofwool.com\\\/\",\"logo\":{\"@type\":\"ImageObject\",\"inLanguage\":\"fi\",\"@id\":\"https:\\\/\\\/homeofwool.com\\\/#\\\/schema\\\/logo\\\/image\\\/\",\"url\":\"https:\\\/\\\/homeofwool.com\\\/wp-content\\\/uploads\\\/2025\\\/09\\\/WhatsApp-Image-2025-12-02-at-16.23.20.jpeg\",\"contentUrl\":\"https:\\\/\\\/homeofwool.com\\\/wp-content\\\/uploads\\\/2025\\\/09\\\/WhatsApp-Image-2025-12-02-at-16.23.20.jpeg\",\"width\":700,\"height\":247,\"caption\":\"Home of Wool\"},\"image\":{\"@id\":\"https:\\\/\\\/homeofwool.com\\\/#\\\/schema\\\/logo\\\/image\\\/\"},\"sameAs\":[\"https:\\\/\\\/facebook.com\\\/HomeOfWoolOfficial\"]}]}<\/script>\n<!-- \/ Yoast SEO Premium plugin. -->","yoast_head_json":{"title":"Villainen lukutyyny \u2013 tyyny mukavaan lukemiseen | Home of Wool","description":"Ergonominen ja hengitt\u00e4v\u00e4 Wool Reading Pillow -tyyny tarjoaa tukevan villat\u00e4ytteen. Hypoallergeeninen ja myrkyt\u00f6n tyyny takaa turvallisen ja luonnollisen rentoutumisen opiskelun, lukemisen tai lepon aikana.","robots":{"index":"index","follow":"follow","max-snippet":"max-snippet:-1","max-image-preview":"max-image-preview:large","max-video-preview":"max-video-preview:-1"},"canonical":"https:\/\/homeofwool.com\/fi\/shop\/lukutyyny\/","og_locale":"fi_FI","og_type":"article","og_title":"Wool Reading Pillow","og_description":"Ergonomic and breathable, the Wool Reading Pillow provides supportive wool filling. Hypoallergenic and toxin-free, it ensures safe, natural relaxation during study, reading, or rest.","og_url":"https:\/\/homeofwool.com\/fi\/shop\/lukutyyny\/","og_site_name":"Home of Wool","article_publisher":"https:\/\/facebook.com\/HomeOfWoolOfficial","article_modified_time":"2025-10-05T14:31:14+00:00","og_image":[{"width":2000,"height":1600,"url":"https:\/\/homeofwool.com\/wp-content\/uploads\/2025\/09\/home-of-wool-wool-reading-pillow-1-main.jpg","type":"image\/jpeg"}],"twitter_card":"summary_large_image","twitter_misc":{"Arvioitu lukuaika":"2 minuuttia"},"schema":{"@context":"https:\/\/schema.org","@graph":[{"@type":"WebPage","@id":"https:\/\/homeofwool.com\/de\/shop\/lesekissen\/","url":"https:\/\/homeofwool.com\/de\/shop\/lesekissen\/","name":"Villainen lukutyyny \u2013 tyyny mukavaan lukemiseen | Home of Wool","isPartOf":{"@id":"https:\/\/homeofwool.com\/#website"},"primaryImageOfPage":{"@id":"https:\/\/homeofwool.com\/de\/shop\/lesekissen\/#primaryimage"},"image":{"@id":"https:\/\/homeofwool.com\/de\/shop\/lesekissen\/#primaryimage"},"thumbnailUrl":"https:\/\/homeofwool.com\/wp-content\/uploads\/2025\/09\/home-of-wool-wool-reading-pillow-1-main.jpg","datePublished":"2025-09-02T12:02:14+00:00","dateModified":"2025-10-05T14:31:14+00:00","description":"Ergonominen ja hengitt\u00e4v\u00e4 Wool Reading Pillow -tyyny tarjoaa tukevan villat\u00e4ytteen. Hypoallergeeninen ja myrkyt\u00f6n tyyny takaa turvallisen ja luonnollisen rentoutumisen opiskelun, lukemisen tai lepon aikana.","breadcrumb":{"@id":"https:\/\/homeofwool.com\/de\/shop\/lesekissen\/#breadcrumb"},"inLanguage":"fi","potentialAction":[{"@type":"ReadAction","target":["https:\/\/homeofwool.com\/de\/shop\/lesekissen\/"]}]},{"@type":"ImageObject","inLanguage":"fi","@id":"https:\/\/homeofwool.com\/de\/shop\/lesekissen\/#primaryimage","url":"https:\/\/homeofwool.com\/wp-content\/uploads\/2025\/09\/home-of-wool-wool-reading-pillow-1-main.jpg","contentUrl":"https:\/\/homeofwool.com\/wp-content\/uploads\/2025\/09\/home-of-wool-wool-reading-pillow-1-main.jpg","width":2000,"height":1600,"caption":"girl reading a magazine using home of wool reading pillow"},{"@type":"BreadcrumbList","@id":"https:\/\/homeofwool.com\/de\/shop\/lesekissen\/#breadcrumb","itemListElement":[{"@type":"ListItem","position":1,"name":"Home","item":"https:\/\/homeofwool.com\/"},{"@type":"ListItem","position":2,"name":"Products","item":"https:\/\/homeofwool.com\/header-search-2\/"},{"@type":"ListItem","position":3,"name":"Wool Reading Pillow"}]},{"@type":"WebSite","@id":"https:\/\/homeofwool.com\/#website","url":"https:\/\/homeofwool.com\/","name":"Villan koti","description":"","publisher":{"@id":"https:\/\/homeofwool.com\/#organization"},"potentialAction":[{"@type":"SearchAction","target":{"@type":"EntryPoint","urlTemplate":"https:\/\/homeofwool.com\/?s={search_term_string}"},"query-input":{"@type":"PropertyValueSpecification","valueRequired":true,"valueName":"search_term_string"}}],"inLanguage":"fi"},{"@type":"Organization","@id":"https:\/\/homeofwool.com\/#organization","name":"Villan koti","url":"https:\/\/homeofwool.com\/","logo":{"@type":"ImageObject","inLanguage":"fi","@id":"https:\/\/homeofwool.com\/#\/schema\/logo\/image\/","url":"https:\/\/homeofwool.com\/wp-content\/uploads\/2025\/09\/WhatsApp-Image-2025-12-02-at-16.23.20.jpeg","contentUrl":"https:\/\/homeofwool.com\/wp-content\/uploads\/2025\/09\/WhatsApp-Image-2025-12-02-at-16.23.20.jpeg","width":700,"height":247,"caption":"Home of Wool"},"image":{"@id":"https:\/\/homeofwool.com\/#\/schema\/logo\/image\/"},"sameAs":["https:\/\/facebook.com\/HomeOfWoolOfficial"]}]}},"_links":{"self":[{"href":"https:\/\/homeofwool.com\/fi\/wp-json\/wp\/v2\/product\/217701","targetHints":{"allow":["GET"]}}],"collection":[{"href":"https:\/\/homeofwool.com\/fi\/wp-json\/wp\/v2\/product"}],"about":[{"href":"https:\/\/homeofwool.com\/fi\/wp-json\/wp\/v2\/types\/product"}],"version-history":[{"count":1,"href":"https:\/\/homeofwool.com\/fi\/wp-json\/wp\/v2\/product\/217701\/revisions"}],"predecessor-version":[{"id":226015,"href":"https:\/\/homeofwool.com\/fi\/wp-json\/wp\/v2\/product\/217701\/revisions\/226015"}],"wp:featuredmedia":[{"embeddable":true,"href":"https:\/\/homeofwool.com\/fi\/wp-json\/wp\/v2\/media\/219768"}],"wp:attachment":[{"href":"https:\/\/homeofwool.com\/fi\/wp-json\/wp\/v2\/media?parent=217701"}],"wp:term":[{"taxonomy":"product_brand","embeddable":true,"href":"https:\/\/homeofwool.com\/fi\/wp-json\/wp\/v2\/product_brand?post=217701"},{"taxonomy":"product_cat","embeddable":true,"href":"https:\/\/homeofwool.com\/fi\/wp-json\/wp\/v2\/product_cat?post=217701"},{"taxonomy":"product_tag","embeddable":true,"href":"https:\/\/homeofwool.com\/fi\/wp-json\/wp\/v2\/product_tag?post=217701"}],"curies":[{"name":"wp","href":"https:\/\/api.w.org\/{rel}","templated":true}]}}