{"id":217690,"date":"2025-09-02T12:02:14","date_gmt":"2025-09-02T12:02:14","guid":{"rendered":"https:\/\/homeofwool.com\/?post_type=product&#038;p=217690"},"modified":"2026-02-11T09:09:55","modified_gmt":"2026-02-11T09:09:55","slug":"rahi","status":"publish","type":"product","link":"https:\/\/homeofwool.com\/fi\/shop\/pouf-ottoman\/","title":{"rendered":"Villainen puff-rahi"},"content":{"rendered":"<p>Py\u00f6re\u00e4 ottomaani tuo mukavuutta mihin tahansa huoneeseen. Se toimii istuimena, kun sit\u00e4 tarvitset. Se voi olla my\u00f6s pehme\u00e4 paikka lev\u00e4t\u00e4 jalkoja. Jotkut k\u00e4ytt\u00e4v\u00e4t sit\u00e4 jopa matalana sivup\u00f6yt\u00e4n\u00e4. Se sopii my\u00f6s erinomaisesti lastenhuoneisiin, joissa se lis\u00e4\u00e4 mukavuutta, toiminnallisuutta ja hauskuutta. Villainen puffimme on valmistettu k\u00e4sity\u00f6n\u00e4 kest\u00e4vist\u00e4 materiaaleista. T\u00e4yte on puhdasta villaa. Villa on kuitu, joka tunnetaan luonnollisesta joustavuudestaan ja hengitt\u00e4vyydest\u00e4\u00e4n. T\u00e4m\u00e4n ansiosta puffi on paitsi tukeva my\u00f6s sopiva allergikoille. Se ei sis\u00e4ll\u00e4 synteettisi\u00e4 materiaaleja tai haitallisia pintak\u00e4sittelyaineita. Se my\u00f6s pit\u00e4\u00e4 p\u00f6lypunkit ja homeen loitolla.<\/p>\n<p>Tarjoamamme vakiokoko on 50 \u00d7 50 \u00d7 30 cm. Jokainen puff-rahi on kuitenkin t\u00e4ysin muokattavissa. Kokoa, korkeutta, kangasta ja viimeistely\u00e4 muokkaamalla voimme sovittaa sen juuri sinun tilaasi sopivaksi. Irrotettava p\u00e4\u00e4llinen helpottaa huoltoa. Voit jopa t\u00e4ytt\u00e4\u00e4 sen villanpalasilla osana Zero Waste Mission -kampanjaamme. Se on huomaavainen ja edullinen vaihtoehto. Miten tahansa sen r\u00e4\u00e4t\u00e4l\u00f6itkin, t\u00e4m\u00e4 monipuolinen tuote lis\u00e4\u00e4 sek\u00e4 toiminnallisuutta ett\u00e4 l\u00e4mp\u00f6\u00e4 kotiisi.<\/p>","protected":false},"excerpt":{"rendered":"<p>T\u00e4m\u00e4 puff-rahi tuo mukavuutta ja luonnetta mihin tahansa huoneeseen. Luonnollisen pehme\u00e4 ja tukeva, se on tyylik\u00e4s sisustuselementti, joka toimii my\u00f6s lis\u00e4istuinpaikkana, jalkatukena tai sivup\u00f6yt\u00e4n\u00e4. K\u00e4sintehty ja t\u00e4ysin muokattavissa oleva rahi on suunniteltu heijastamaan tilaasi ja el\u00e4m\u00e4ntyyli\u00e4si.<\/p>\n<div class=\"global-icon-set\">\n<div class=\"global-icon-set__items\">\n<div class=\"global-icon-set__item\">\n<div class=\"global-icon-set__image\">\n                                    <img decoding=\"async\" src=\"https:\/\/homeofwool.com\/wp-content\/uploads\/2025\/09\/handmade-icon-300x300.png\" alt=\"k\u00e4sintehty kuvake\" \/>\n                                <\/div>\n<div class=\"global-icon-set__title\">K\u00e4sintehty<\/div>\n<\/p><\/div>\n<div class=\"global-icon-set__item\">\n<div class=\"global-icon-set__image\">\n                                    <img decoding=\"async\" src=\"https:\/\/homeofwool.com\/wp-content\/uploads\/2025\/09\/VOCs-min-300x300.png\" alt=\"vocs vapaa\" \/>\n                                <\/div>\n<div class=\"global-icon-set__title\">VOC-vapaa<\/div>\n<\/p><\/div>\n<div class=\"global-icon-set__item\">\n<div class=\"global-icon-set__image\">\n                                    <img decoding=\"async\" src=\"https:\/\/homeofwool.com\/wp-content\/uploads\/2025\/09\/FR-min-300x300.png\" alt=\"palonkest\u00e4v\u00e4 kuvake\" \/>\n                                <\/div>\n<div class=\"global-icon-set__title\">Liekinkest\u00e4v\u00e4<\/div>\n<\/p><\/div>\n<div class=\"global-icon-set__item\">\n<div class=\"global-icon-set__image\">\n                                    <img decoding=\"async\" src=\"https:\/\/homeofwool.com\/wp-content\/uploads\/2025\/09\/Hypoallergenic-min-300x300.png\" alt=\"hypoallergeeninen kuvake\" \/>\n                                <\/div>\n<div class=\"global-icon-set__title\">Hypoallergeeninen<\/div>\n<\/p><\/div>\n<div class=\"global-icon-set__item\">\n<div class=\"global-icon-set__image\">\n                                    <img decoding=\"async\" src=\"https:\/\/homeofwool.com\/wp-content\/uploads\/2025\/09\/free-of-synthetics-icon-300x300.png\" alt=\"synteettisi\u00e4 aineita sis\u00e4lt\u00e4m\u00e4t\u00f6n kuvake\" \/>\n                                <\/div>\n<div class=\"global-icon-set__title\">Vapaa synteettisist\u00e4 aineista<\/div>\n<\/p><\/div>\n<div class=\"global-icon-set__item\">\n<div class=\"global-icon-set__image\">\n                                    <img decoding=\"async\" src=\"https:\/\/homeofwool.com\/wp-content\/uploads\/2025\/09\/chemical-free-icon-300x300.png\" alt=\"kemikaalivapaa kuvake\" \/>\n                                <\/div>\n<div class=\"global-icon-set__title\">Kemikaalivapaa<\/div>\n<\/p><\/div>\n<div class=\"global-icon-set__item\">\n<div class=\"global-icon-set__image\">\n                                    <img decoding=\"async\" src=\"https:\/\/homeofwool.com\/wp-content\/uploads\/2025\/09\/anti-bacterial-icon-300x300.png\" alt=\"anti bakteeri kuvake\" \/>\n                                <\/div>\n<div class=\"global-icon-set__title\">Anti-mikrobinen &amp; antibakteerinen<\/div>\n<\/p><\/div>\n<div class=\"global-icon-set__item\">\n<div class=\"global-icon-set__image\">\n                                    <img decoding=\"async\" src=\"https:\/\/homeofwool.com\/wp-content\/uploads\/2025\/09\/certified-materials-icon-300x300.png\" alt=\"sertifioitujen materiaalien kuvake\" \/>\n                                <\/div>\n<div class=\"global-icon-set__title\">100% Puhtaat sertifioidut materiaalit<\/div>\n<\/p><\/div>\n<\/p><\/div>\n<\/p><\/div>","protected":false},"featured_media":225921,"template":"","meta":{"_acf_changed":false},"product_brand":[],"product_cat":[20],"product_tag":[211,168,212,213,214,215,216,217,218,219,220,221,149],"class_list":{"0":"post-217690","1":"product","2":"type-product","3":"status-publish","4":"has-post-thumbnail","6":"product_cat-pillows-poufs","7":"product_tag-box-cushion","8":"product_tag-breakfast-nook","9":"product_tag-custom-pouf","10":"product_tag-floor-pillow","11":"product_tag-foot-stool","12":"product_tag-handmade-cushion","13":"product_tag-living-room-stool","14":"product_tag-ottoman-chair","15":"product_tag-ottoman-pouf","16":"product_tag-ottoman-seat","17":"product_tag-patio-chair-cushions","18":"product_tag-pouf-ottoman","19":"product_tag-steps","21":"first","22":"instock","23":"shipping-taxable","24":"purchasable","25":"product-type-simple"},"acf":[],"yoast_head":"<!-- This site is optimized with the Yoast SEO Premium plugin v27.3 (Yoast SEO v27.3) - https:\/\/yoast.com\/product\/yoast-seo-premium-wordpress\/ -->\n<title>Wool Pouf Ottoman \u2013 Versatile, Stylish &amp; Customizable | Home of Wool<\/title>\n<meta name=\"description\" content=\"Versatile and stylish, the Wool Pouf Ottoman features breathable organic wool filling. Hypoallergenic and toxin-free, it offers customizable comfort with sustainable, modern appeal.\" \/>\n<meta name=\"robots\" content=\"index, follow, max-snippet:-1, max-image-preview:large, max-video-preview:-1\" \/>\n<link rel=\"canonical\" href=\"https:\/\/homeofwool.com\/fi\/shop\/rahi\/\" \/>\n<meta property=\"og:locale\" content=\"fi_FI\" \/>\n<meta property=\"og:type\" content=\"article\" \/>\n<meta property=\"og:title\" content=\"Wool Pouf Ottoman\" \/>\n<meta property=\"og:description\" content=\"Versatile and stylish, the Wool Pouf Ottoman features breathable organic wool filling. Hypoallergenic and toxin-free, it offers customizable comfort with sustainable, modern appeal.\" \/>\n<meta property=\"og:url\" content=\"https:\/\/homeofwool.com\/fi\/shop\/rahi\/\" \/>\n<meta property=\"og:site_name\" content=\"Home of Wool\" \/>\n<meta property=\"article:publisher\" content=\"https:\/\/facebook.com\/HomeOfWoolOfficial\" \/>\n<meta property=\"article:modified_time\" content=\"2026-02-11T09:09:55+00:00\" \/>\n<meta property=\"og:image\" content=\"https:\/\/homeofwool.com\/wp-content\/uploads\/2025\/09\/home-of-wool-wool-pouf-ottoman-img_1635-1.jpg\" \/>\n\t<meta property=\"og:image:width\" content=\"2048\" \/>\n\t<meta property=\"og:image:height\" content=\"1638\" \/>\n\t<meta property=\"og:image:type\" content=\"image\/jpeg\" \/>\n<meta name=\"twitter:card\" content=\"summary_large_image\" \/>\n<meta name=\"twitter:label1\" content=\"Arvioitu lukuaika\" \/>\n\t<meta name=\"twitter:data1\" content=\"2 minuuttia\" \/>\n<script type=\"application\/ld+json\" class=\"yoast-schema-graph\">{\"@context\":\"https:\\\/\\\/schema.org\",\"@graph\":[{\"@type\":\"WebPage\",\"@id\":\"https:\\\/\\\/homeofwool.com\\\/fr\\\/boutique\\\/pouf-ottoman\\\/\",\"url\":\"https:\\\/\\\/homeofwool.com\\\/fr\\\/boutique\\\/pouf-ottoman\\\/\",\"name\":\"Wool Pouf Ottoman \u2013 Versatile, Stylish & Customizable | Home of Wool\",\"isPartOf\":{\"@id\":\"https:\\\/\\\/homeofwool.com\\\/#website\"},\"primaryImageOfPage\":{\"@id\":\"https:\\\/\\\/homeofwool.com\\\/fr\\\/boutique\\\/pouf-ottoman\\\/#primaryimage\"},\"image\":{\"@id\":\"https:\\\/\\\/homeofwool.com\\\/fr\\\/boutique\\\/pouf-ottoman\\\/#primaryimage\"},\"thumbnailUrl\":\"https:\\\/\\\/homeofwool.com\\\/wp-content\\\/uploads\\\/2025\\\/09\\\/home-of-wool-wool-pouf-ottoman-img_1635-1.jpg\",\"datePublished\":\"2025-09-02T12:02:14+00:00\",\"dateModified\":\"2026-02-11T09:09:55+00:00\",\"description\":\"Versatile and stylish, the Wool Pouf Ottoman features breathable organic wool filling. Hypoallergenic and toxin-free, it offers customizable comfort with sustainable, modern appeal.\",\"breadcrumb\":{\"@id\":\"https:\\\/\\\/homeofwool.com\\\/fr\\\/boutique\\\/pouf-ottoman\\\/#breadcrumb\"},\"inLanguage\":\"fi\",\"potentialAction\":[{\"@type\":\"ReadAction\",\"target\":[\"https:\\\/\\\/homeofwool.com\\\/fr\\\/boutique\\\/pouf-ottoman\\\/\"]}]},{\"@type\":\"ImageObject\",\"inLanguage\":\"fi\",\"@id\":\"https:\\\/\\\/homeofwool.com\\\/fr\\\/boutique\\\/pouf-ottoman\\\/#primaryimage\",\"url\":\"https:\\\/\\\/homeofwool.com\\\/wp-content\\\/uploads\\\/2025\\\/09\\\/home-of-wool-wool-pouf-ottoman-img_1635-1.jpg\",\"contentUrl\":\"https:\\\/\\\/homeofwool.com\\\/wp-content\\\/uploads\\\/2025\\\/09\\\/home-of-wool-wool-pouf-ottoman-img_1635-1.jpg\",\"width\":2048,\"height\":1638,\"caption\":\"woman holding wool ottoman pouf by the handle\"},{\"@type\":\"BreadcrumbList\",\"@id\":\"https:\\\/\\\/homeofwool.com\\\/fr\\\/boutique\\\/pouf-ottoman\\\/#breadcrumb\",\"itemListElement\":[{\"@type\":\"ListItem\",\"position\":1,\"name\":\"Home\",\"item\":\"https:\\\/\\\/homeofwool.com\\\/\"},{\"@type\":\"ListItem\",\"position\":2,\"name\":\"Products\",\"item\":\"https:\\\/\\\/homeofwool.com\\\/header-search-2\\\/\"},{\"@type\":\"ListItem\",\"position\":3,\"name\":\"Wool Pouf Ottoman\"}]},{\"@type\":\"WebSite\",\"@id\":\"https:\\\/\\\/homeofwool.com\\\/#website\",\"url\":\"https:\\\/\\\/homeofwool.com\\\/\",\"name\":\"Home of Wool\",\"description\":\"\",\"publisher\":{\"@id\":\"https:\\\/\\\/homeofwool.com\\\/#organization\"},\"potentialAction\":[{\"@type\":\"SearchAction\",\"target\":{\"@type\":\"EntryPoint\",\"urlTemplate\":\"https:\\\/\\\/homeofwool.com\\\/?s={search_term_string}\"},\"query-input\":{\"@type\":\"PropertyValueSpecification\",\"valueRequired\":true,\"valueName\":\"search_term_string\"}}],\"inLanguage\":\"fi\"},{\"@type\":\"Organization\",\"@id\":\"https:\\\/\\\/homeofwool.com\\\/#organization\",\"name\":\"Home of Wool\",\"url\":\"https:\\\/\\\/homeofwool.com\\\/\",\"logo\":{\"@type\":\"ImageObject\",\"inLanguage\":\"fi\",\"@id\":\"https:\\\/\\\/homeofwool.com\\\/#\\\/schema\\\/logo\\\/image\\\/\",\"url\":\"https:\\\/\\\/homeofwool.com\\\/wp-content\\\/uploads\\\/2025\\\/09\\\/WhatsApp-Image-2025-12-02-at-16.23.20.jpeg\",\"contentUrl\":\"https:\\\/\\\/homeofwool.com\\\/wp-content\\\/uploads\\\/2025\\\/09\\\/WhatsApp-Image-2025-12-02-at-16.23.20.jpeg\",\"width\":700,\"height\":247,\"caption\":\"Home of Wool\"},\"image\":{\"@id\":\"https:\\\/\\\/homeofwool.com\\\/#\\\/schema\\\/logo\\\/image\\\/\"},\"sameAs\":[\"https:\\\/\\\/facebook.com\\\/HomeOfWoolOfficial\"]}]}<\/script>\n<!-- \/ Yoast SEO Premium plugin. -->","yoast_head_json":{"title":"Villainen puff-rahi \u2013 monipuolinen, tyylik\u00e4s ja muokattavissa | Home of Wool","description":"Monipuolinen ja tyylik\u00e4s Wool Pouf Ottoman -rahi on t\u00e4ytetty hengitt\u00e4v\u00e4ll\u00e4 orgaanisella villalla. Se on hypoallergeeninen ja myrkyt\u00f6n ja tarjoaa mukautettavaa mukavuutta kest\u00e4v\u00e4ll\u00e4 ja modernilla ulkon\u00e4\u00f6ll\u00e4.","robots":{"index":"index","follow":"follow","max-snippet":"max-snippet:-1","max-image-preview":"max-image-preview:large","max-video-preview":"max-video-preview:-1"},"canonical":"https:\/\/homeofwool.com\/fi\/shop\/rahi\/","og_locale":"fi_FI","og_type":"article","og_title":"Wool Pouf Ottoman","og_description":"Versatile and stylish, the Wool Pouf Ottoman features breathable organic wool filling. Hypoallergenic and toxin-free, it offers customizable comfort with sustainable, modern appeal.","og_url":"https:\/\/homeofwool.com\/fi\/shop\/rahi\/","og_site_name":"Home of Wool","article_publisher":"https:\/\/facebook.com\/HomeOfWoolOfficial","article_modified_time":"2026-02-11T09:09:55+00:00","og_image":[{"width":2048,"height":1638,"url":"https:\/\/homeofwool.com\/wp-content\/uploads\/2025\/09\/home-of-wool-wool-pouf-ottoman-img_1635-1.jpg","type":"image\/jpeg"}],"twitter_card":"summary_large_image","twitter_misc":{"Arvioitu lukuaika":"2 minuuttia"},"schema":{"@context":"https:\/\/schema.org","@graph":[{"@type":"WebPage","@id":"https:\/\/homeofwool.com\/fr\/boutique\/pouf-ottoman\/","url":"https:\/\/homeofwool.com\/fr\/boutique\/pouf-ottoman\/","name":"Villainen puff-rahi \u2013 monipuolinen, tyylik\u00e4s ja muokattavissa | Home of Wool","isPartOf":{"@id":"https:\/\/homeofwool.com\/#website"},"primaryImageOfPage":{"@id":"https:\/\/homeofwool.com\/fr\/boutique\/pouf-ottoman\/#primaryimage"},"image":{"@id":"https:\/\/homeofwool.com\/fr\/boutique\/pouf-ottoman\/#primaryimage"},"thumbnailUrl":"https:\/\/homeofwool.com\/wp-content\/uploads\/2025\/09\/home-of-wool-wool-pouf-ottoman-img_1635-1.jpg","datePublished":"2025-09-02T12:02:14+00:00","dateModified":"2026-02-11T09:09:55+00:00","description":"Monipuolinen ja tyylik\u00e4s Wool Pouf Ottoman -rahi on t\u00e4ytetty hengitt\u00e4v\u00e4ll\u00e4 orgaanisella villalla. Se on hypoallergeeninen ja myrkyt\u00f6n ja tarjoaa mukautettavaa mukavuutta kest\u00e4v\u00e4ll\u00e4 ja modernilla ulkon\u00e4\u00f6ll\u00e4.","breadcrumb":{"@id":"https:\/\/homeofwool.com\/fr\/boutique\/pouf-ottoman\/#breadcrumb"},"inLanguage":"fi","potentialAction":[{"@type":"ReadAction","target":["https:\/\/homeofwool.com\/fr\/boutique\/pouf-ottoman\/"]}]},{"@type":"ImageObject","inLanguage":"fi","@id":"https:\/\/homeofwool.com\/fr\/boutique\/pouf-ottoman\/#primaryimage","url":"https:\/\/homeofwool.com\/wp-content\/uploads\/2025\/09\/home-of-wool-wool-pouf-ottoman-img_1635-1.jpg","contentUrl":"https:\/\/homeofwool.com\/wp-content\/uploads\/2025\/09\/home-of-wool-wool-pouf-ottoman-img_1635-1.jpg","width":2048,"height":1638,"caption":"woman holding wool ottoman pouf by the handle"},{"@type":"BreadcrumbList","@id":"https:\/\/homeofwool.com\/fr\/boutique\/pouf-ottoman\/#breadcrumb","itemListElement":[{"@type":"ListItem","position":1,"name":"Home","item":"https:\/\/homeofwool.com\/"},{"@type":"ListItem","position":2,"name":"Products","item":"https:\/\/homeofwool.com\/header-search-2\/"},{"@type":"ListItem","position":3,"name":"Wool Pouf Ottoman"}]},{"@type":"WebSite","@id":"https:\/\/homeofwool.com\/#website","url":"https:\/\/homeofwool.com\/","name":"Villan koti","description":"","publisher":{"@id":"https:\/\/homeofwool.com\/#organization"},"potentialAction":[{"@type":"SearchAction","target":{"@type":"EntryPoint","urlTemplate":"https:\/\/homeofwool.com\/?s={search_term_string}"},"query-input":{"@type":"PropertyValueSpecification","valueRequired":true,"valueName":"search_term_string"}}],"inLanguage":"fi"},{"@type":"Organization","@id":"https:\/\/homeofwool.com\/#organization","name":"Villan koti","url":"https:\/\/homeofwool.com\/","logo":{"@type":"ImageObject","inLanguage":"fi","@id":"https:\/\/homeofwool.com\/#\/schema\/logo\/image\/","url":"https:\/\/homeofwool.com\/wp-content\/uploads\/2025\/09\/WhatsApp-Image-2025-12-02-at-16.23.20.jpeg","contentUrl":"https:\/\/homeofwool.com\/wp-content\/uploads\/2025\/09\/WhatsApp-Image-2025-12-02-at-16.23.20.jpeg","width":700,"height":247,"caption":"Home of Wool"},"image":{"@id":"https:\/\/homeofwool.com\/#\/schema\/logo\/image\/"},"sameAs":["https:\/\/facebook.com\/HomeOfWoolOfficial"]}]}},"_links":{"self":[{"href":"https:\/\/homeofwool.com\/fi\/wp-json\/wp\/v2\/product\/217690","targetHints":{"allow":["GET"]}}],"collection":[{"href":"https:\/\/homeofwool.com\/fi\/wp-json\/wp\/v2\/product"}],"about":[{"href":"https:\/\/homeofwool.com\/fi\/wp-json\/wp\/v2\/types\/product"}],"version-history":[{"count":1,"href":"https:\/\/homeofwool.com\/fi\/wp-json\/wp\/v2\/product\/217690\/revisions"}],"predecessor-version":[{"id":226384,"href":"https:\/\/homeofwool.com\/fi\/wp-json\/wp\/v2\/product\/217690\/revisions\/226384"}],"wp:featuredmedia":[{"embeddable":true,"href":"https:\/\/homeofwool.com\/fi\/wp-json\/wp\/v2\/media\/225921"}],"wp:attachment":[{"href":"https:\/\/homeofwool.com\/fi\/wp-json\/wp\/v2\/media?parent=217690"}],"wp:term":[{"taxonomy":"product_brand","embeddable":true,"href":"https:\/\/homeofwool.com\/fi\/wp-json\/wp\/v2\/product_brand?post=217690"},{"taxonomy":"product_cat","embeddable":true,"href":"https:\/\/homeofwool.com\/fi\/wp-json\/wp\/v2\/product_cat?post=217690"},{"taxonomy":"product_tag","embeddable":true,"href":"https:\/\/homeofwool.com\/fi\/wp-json\/wp\/v2\/product_tag?post=217690"}],"curies":[{"name":"wp","href":"https:\/\/api.w.org\/{rel}","templated":true}]}}