{"id":217689,"date":"2025-09-02T12:02:14","date_gmt":"2025-09-02T12:02:14","guid":{"rendered":"https:\/\/homeofwool.com\/?post_type=product&#038;p=217689"},"modified":"2026-02-10T16:47:08","modified_gmt":"2026-02-10T16:47:08","slug":"papupussituoli","status":"publish","type":"product","link":"https:\/\/homeofwool.com\/fi\/shop\/bean-bag-armchair\/","title":{"rendered":"Villainen s\u00e4kkituoli"},"content":{"rendered":"<p>Villapapupussituoli on k\u00e4sity\u00f6n\u00e4 valmistettu ja puhtaalla villalla t\u00e4ytetty huonekalu. Pelkk\u00e4\u00e4 hengitt\u00e4v\u00e4\u00e4 villaa, joka s\u00e4ilytt\u00e4\u00e4 muotonsa ja p\u00e4\u00e4st\u00e4\u00e4 ilman liikkumaan, mik\u00e4 pit\u00e4\u00e4 sinut mukavana ja raikkaana istuessasi siin\u00e4.<\/p>\n<p>Muotoilun osalta voit valita sen, mik\u00e4 sopii sinulle parhaiten. Kaikki on muokattavissa: koko, p\u00e4\u00e4llyskangas ja sis\u00e4puolen villatyyppi. Voit valita irtonaisen villan tai villalevyn j\u00e4m\u00e4t, jotka ovat osa Zero Waste -teht\u00e4v\u00e4\u00e4mme ja budjettiyst\u00e4v\u00e4llinen vaihtoehto. Molemmat t\u00e4ytt\u00f6vaihtoehdot ovat luonnollisia ja turvallisia, joten t\u00e4m\u00e4 luonnonvillatuoli on harkittu valinta terveellisemp\u00e4\u00e4n kotiin.<\/p>\n<p>Villa pit\u00e4\u00e4 p\u00f6lypunkit, homeen ja kosteuden loitolla. T\u00e4m\u00e4 tarkoittaa v\u00e4hemm\u00e4n allergeeneja ilmassa ja helpompaa hengitt\u00e4mist\u00e4. P\u00e4\u00e4llinen irtoaa pesua varten, ja voit avata sis\u00e4kkeen, jotta voit siirt\u00e4\u00e4 tai t\u00e4ydent\u00e4\u00e4 t\u00e4ytett\u00e4.<\/p>\n<p>Se on ymp\u00e4rist\u00f6yst\u00e4v\u00e4llinen istuin, joka sopii luontevasti jokap\u00e4iv\u00e4iseen el\u00e4m\u00e4\u00e4n. K\u00e4yt\u00e4 sit\u00e4 lukemiseen, kannettavalla tietokoneella ty\u00f6skentelyyn tai vain rentoutumiseen teekupin kanssa. Viihtyis\u00e4 papupussin muoto antaa sinulle pehme\u00e4n paikan lev\u00e4t\u00e4, ja sis\u00e4puolella oleva villa pit\u00e4\u00e4 sinut mukavana kaikkina vuodenaikoina. T\u00e4t\u00e4 rentouttavaa nojatuolia on helppo liikutella ymp\u00e4ri taloa ja se on rakennettu kest\u00e4m\u00e4\u00e4n vuosia.<\/p>\n<p><strong>KOKOVALINNAT:<\/strong><br \/>\n<strong>Pieni:<\/strong> 30\u2033 (77 cm) \u00d7 26.3\u2033 (67 cm) \u00d7 12\u2033 (30 cm)<br \/>\n<strong>Suuri:<\/strong> 38.2\u2033 (97 cm) \u00d7 34.2\u2033 (87 cm) \u00d7 20\u2033 (50 cm)<\/p>","protected":false},"excerpt":{"rendered":"<p>Yksinkertaiset ja vankat ylelliset villakalusteet, jotka tuntuvat oikeilta heti ensimm\u00e4isell\u00e4 istuskelukerralla. T\u00e4m\u00e4 villainen papupussin nojatuoli on rakennettu mukavuutta varten ja perheille, jotka valitsevat kest\u00e4v\u00e4n ja tietoisuuteen perustuvan el\u00e4m\u00e4ntavan. K\u00e4sity\u00f6n\u00e4 valmistettu ja t\u00e4ytetty puhtaalla, luonnollisella villalla, ei mit\u00e4\u00e4n synteettist\u00e4, ei mit\u00e4\u00e4n pinnoitettua.<\/p>\n<div class=\"global-icon-set\">\n<div class=\"global-icon-set__items\">\n<div class=\"global-icon-set__item\">\n<div class=\"global-icon-set__image\">\n                                    <img decoding=\"async\" src=\"https:\/\/homeofwool.com\/wp-content\/uploads\/2025\/09\/VOCs-min-300x300.png\" alt=\"vocs vapaa\" \/>\n                                <\/div>\n<div class=\"global-icon-set__title\">VOC-vapaa<\/div>\n<\/p><\/div>\n<div class=\"global-icon-set__item\">\n<div class=\"global-icon-set__image\">\n                                    <img decoding=\"async\" src=\"https:\/\/homeofwool.com\/wp-content\/uploads\/2025\/09\/FR-min-300x300.png\" alt=\"palonkest\u00e4v\u00e4 kuvake\" \/>\n                                <\/div>\n<div class=\"global-icon-set__title\">Liekinkest\u00e4v\u00e4<\/div>\n<\/p><\/div>\n<div class=\"global-icon-set__item\">\n<div class=\"global-icon-set__image\">\n                                    <img decoding=\"async\" src=\"https:\/\/homeofwool.com\/wp-content\/uploads\/2025\/09\/Hypoallergenic-min-300x300.png\" alt=\"hypoallergeeninen kuvake\" \/>\n                                <\/div>\n<div class=\"global-icon-set__title\">Hypoallergeeninen<\/div>\n<\/p><\/div>\n<div class=\"global-icon-set__item\">\n<div class=\"global-icon-set__image\">\n                                    <img decoding=\"async\" src=\"https:\/\/homeofwool.com\/wp-content\/uploads\/2025\/09\/free-of-synthetics-icon-300x300.png\" alt=\"synteettisi\u00e4 aineita sis\u00e4lt\u00e4m\u00e4t\u00f6n kuvake\" \/>\n                                <\/div>\n<div class=\"global-icon-set__title\">Vapaa synteettisist\u00e4 aineista<\/div>\n<\/p><\/div>\n<div class=\"global-icon-set__item\">\n<div class=\"global-icon-set__image\">\n                                    <img decoding=\"async\" src=\"https:\/\/homeofwool.com\/wp-content\/uploads\/2025\/09\/chemical-free-icon-300x300.png\" alt=\"kemikaalivapaa kuvake\" \/>\n                                <\/div>\n<div class=\"global-icon-set__title\">Kemikaalivapaa<\/div>\n<\/p><\/div>\n<div class=\"global-icon-set__item\">\n<div class=\"global-icon-set__image\">\n                                    <img decoding=\"async\" src=\"https:\/\/homeofwool.com\/wp-content\/uploads\/2025\/09\/anti-bacterial-icon-300x300.png\" alt=\"anti bakteeri kuvake\" \/>\n                                <\/div>\n<div class=\"global-icon-set__title\">Anti-mikrobinen &amp; antibakteerinen<\/div>\n<\/p><\/div>\n<div class=\"global-icon-set__item\">\n<div class=\"global-icon-set__image\">\n                                    <img decoding=\"async\" src=\"https:\/\/homeofwool.com\/wp-content\/uploads\/2025\/09\/certified-materials-icon-300x300.png\" alt=\"sertifioitujen materiaalien kuvake\" \/>\n                                <\/div>\n<div class=\"global-icon-set__title\">100% Puhtaat sertifioidut materiaalit<\/div>\n<\/p><\/div>\n<\/p><\/div>\n<\/p><\/div>","protected":false},"featured_media":221204,"template":"","meta":{"_acf_changed":false},"product_brand":[],"product_cat":[20],"product_tag":[735,737,741,742,739,740,149,743],"class_list":{"0":"post-217689","1":"product","2":"type-product","3":"status-publish","4":"has-post-thumbnail","6":"product_cat-pillows-poufs","7":"product_tag-adult-bean-bag","8":"product_tag-adult-lounger-pouf","9":"product_tag-bean-bag-chair","10":"product_tag-kids-room-chair","11":"product_tag-natural-pouf","12":"product_tag-organic-bean-bag","13":"product_tag-steps","14":"product_tag-teen-bean-bag","16":"first","17":"instock","18":"shipping-taxable","19":"purchasable","20":"product-type-simple"},"acf":[],"yoast_head":"<!-- This site is optimized with the Yoast SEO Premium plugin v27.3 (Yoast SEO v27.3) - https:\/\/yoast.com\/product\/yoast-seo-premium-wordpress\/ -->\n<title>Bean Bag Armchair \u2013 Customizable, Eco-Friendly Coziness | Home of Wool<\/title>\n<meta name=\"description\" content=\"The Bean Bag Armchair provides eco-friendly coziness with breathable wool filling. Customizable, hypoallergenic, and toxin-free, it\u2019s a sustainable choice for natural comfort at home.\" \/>\n<meta name=\"robots\" content=\"index, follow, max-snippet:-1, max-image-preview:large, max-video-preview:-1\" \/>\n<link rel=\"canonical\" href=\"https:\/\/homeofwool.com\/fi\/shop\/papupussituoli\/\" \/>\n<meta property=\"og:locale\" content=\"fi_FI\" \/>\n<meta property=\"og:type\" content=\"article\" \/>\n<meta property=\"og:title\" content=\"Wool Bean Bag Armchair\" \/>\n<meta property=\"og:description\" content=\"The Bean Bag Armchair provides eco-friendly coziness with breathable wool filling. Customizable, hypoallergenic, and toxin-free, it\u2019s a sustainable choice for natural comfort at home.\" \/>\n<meta property=\"og:url\" content=\"https:\/\/homeofwool.com\/fi\/shop\/papupussituoli\/\" \/>\n<meta property=\"og:site_name\" content=\"Home of Wool\" \/>\n<meta property=\"article:publisher\" content=\"https:\/\/facebook.com\/HomeOfWoolOfficial\" \/>\n<meta property=\"article:modified_time\" content=\"2026-02-10T16:47:08+00:00\" \/>\n<meta property=\"og:image\" content=\"https:\/\/homeofwool.com\/wp-content\/uploads\/2025\/09\/home-of-wool-wool-bean-bag-armchair-1-scaled.jpg\" \/>\n\t<meta property=\"og:image:width\" content=\"2560\" \/>\n\t<meta property=\"og:image:height\" content=\"2048\" \/>\n\t<meta property=\"og:image:type\" content=\"image\/jpeg\" \/>\n<meta name=\"twitter:card\" content=\"summary_large_image\" \/>\n<meta name=\"twitter:label1\" content=\"Arvioitu lukuaika\" \/>\n\t<meta name=\"twitter:data1\" content=\"2 minuuttia\" \/>\n<script type=\"application\/ld+json\" class=\"yoast-schema-graph\">{\"@context\":\"https:\\\/\\\/schema.org\",\"@graph\":[{\"@type\":\"WebPage\",\"@id\":\"https:\\\/\\\/homeofwool.com\\\/shop\\\/bean-bag-armchair\\\/\",\"url\":\"https:\\\/\\\/homeofwool.com\\\/shop\\\/bean-bag-armchair\\\/\",\"name\":\"Bean Bag Armchair \u2013 Customizable, Eco-Friendly Coziness | Home of Wool\",\"isPartOf\":{\"@id\":\"https:\\\/\\\/homeofwool.com\\\/#website\"},\"primaryImageOfPage\":{\"@id\":\"https:\\\/\\\/homeofwool.com\\\/shop\\\/bean-bag-armchair\\\/#primaryimage\"},\"image\":{\"@id\":\"https:\\\/\\\/homeofwool.com\\\/shop\\\/bean-bag-armchair\\\/#primaryimage\"},\"thumbnailUrl\":\"https:\\\/\\\/homeofwool.com\\\/wp-content\\\/uploads\\\/2025\\\/09\\\/home-of-wool-wool-bean-bag-armchair-1-scaled.jpg\",\"datePublished\":\"2025-09-02T12:02:14+00:00\",\"dateModified\":\"2026-02-10T16:47:08+00:00\",\"description\":\"The Bean Bag Armchair provides eco-friendly coziness with breathable wool filling. Customizable, hypoallergenic, and toxin-free, it\u2019s a sustainable choice for natural comfort at home.\",\"breadcrumb\":{\"@id\":\"https:\\\/\\\/homeofwool.com\\\/shop\\\/bean-bag-armchair\\\/#breadcrumb\"},\"inLanguage\":\"fi\",\"potentialAction\":[{\"@type\":\"ReadAction\",\"target\":[\"https:\\\/\\\/homeofwool.com\\\/shop\\\/bean-bag-armchair\\\/\"]}]},{\"@type\":\"ImageObject\",\"inLanguage\":\"fi\",\"@id\":\"https:\\\/\\\/homeofwool.com\\\/shop\\\/bean-bag-armchair\\\/#primaryimage\",\"url\":\"https:\\\/\\\/homeofwool.com\\\/wp-content\\\/uploads\\\/2025\\\/09\\\/home-of-wool-wool-bean-bag-armchair-1-scaled.jpg\",\"contentUrl\":\"https:\\\/\\\/homeofwool.com\\\/wp-content\\\/uploads\\\/2025\\\/09\\\/home-of-wool-wool-bean-bag-armchair-1-scaled.jpg\",\"width\":2560,\"height\":2048,\"caption\":\"wool bean bag armchair with a woman sitting in it reading a book\"},{\"@type\":\"BreadcrumbList\",\"@id\":\"https:\\\/\\\/homeofwool.com\\\/shop\\\/bean-bag-armchair\\\/#breadcrumb\",\"itemListElement\":[{\"@type\":\"ListItem\",\"position\":1,\"name\":\"Home\",\"item\":\"https:\\\/\\\/homeofwool.com\\\/\"},{\"@type\":\"ListItem\",\"position\":2,\"name\":\"Products\",\"item\":\"https:\\\/\\\/homeofwool.com\\\/header-search-2\\\/\"},{\"@type\":\"ListItem\",\"position\":3,\"name\":\"Wool Bean Bag Armchair\"}]},{\"@type\":\"WebSite\",\"@id\":\"https:\\\/\\\/homeofwool.com\\\/#website\",\"url\":\"https:\\\/\\\/homeofwool.com\\\/\",\"name\":\"Home of Wool\",\"description\":\"\",\"publisher\":{\"@id\":\"https:\\\/\\\/homeofwool.com\\\/#organization\"},\"potentialAction\":[{\"@type\":\"SearchAction\",\"target\":{\"@type\":\"EntryPoint\",\"urlTemplate\":\"https:\\\/\\\/homeofwool.com\\\/?s={search_term_string}\"},\"query-input\":{\"@type\":\"PropertyValueSpecification\",\"valueRequired\":true,\"valueName\":\"search_term_string\"}}],\"inLanguage\":\"fi\"},{\"@type\":\"Organization\",\"@id\":\"https:\\\/\\\/homeofwool.com\\\/#organization\",\"name\":\"Home of Wool\",\"url\":\"https:\\\/\\\/homeofwool.com\\\/\",\"logo\":{\"@type\":\"ImageObject\",\"inLanguage\":\"fi\",\"@id\":\"https:\\\/\\\/homeofwool.com\\\/#\\\/schema\\\/logo\\\/image\\\/\",\"url\":\"https:\\\/\\\/homeofwool.com\\\/wp-content\\\/uploads\\\/2025\\\/09\\\/WhatsApp-Image-2025-12-02-at-16.23.20.jpeg\",\"contentUrl\":\"https:\\\/\\\/homeofwool.com\\\/wp-content\\\/uploads\\\/2025\\\/09\\\/WhatsApp-Image-2025-12-02-at-16.23.20.jpeg\",\"width\":700,\"height\":247,\"caption\":\"Home of Wool\"},\"image\":{\"@id\":\"https:\\\/\\\/homeofwool.com\\\/#\\\/schema\\\/logo\\\/image\\\/\"},\"sameAs\":[\"https:\\\/\\\/facebook.com\\\/HomeOfWoolOfficial\"]}]}<\/script>\n<!-- \/ Yoast SEO Premium plugin. -->","yoast_head_json":{"title":"Papupussin nojatuoli - r\u00e4\u00e4t\u00e4l\u00f6it\u00e4viss\u00e4, ymp\u00e4rist\u00f6yst\u00e4v\u00e4llinen mukavuus | Home of Wool","description":"Bean Bag -tuoli tarjoaa ymp\u00e4rist\u00f6yst\u00e4v\u00e4llist\u00e4 mukavuutta hengitt\u00e4v\u00e4ll\u00e4 villat\u00e4ytteell\u00e4. Mukautettava, hypoallergeeninen ja myrkyt\u00f6n, se on kest\u00e4v\u00e4 valinta kodin luonnolliseen mukavuuteen.","robots":{"index":"index","follow":"follow","max-snippet":"max-snippet:-1","max-image-preview":"max-image-preview:large","max-video-preview":"max-video-preview:-1"},"canonical":"https:\/\/homeofwool.com\/fi\/shop\/papupussituoli\/","og_locale":"fi_FI","og_type":"article","og_title":"Wool Bean Bag Armchair","og_description":"The Bean Bag Armchair provides eco-friendly coziness with breathable wool filling. Customizable, hypoallergenic, and toxin-free, it\u2019s a sustainable choice for natural comfort at home.","og_url":"https:\/\/homeofwool.com\/fi\/shop\/papupussituoli\/","og_site_name":"Home of Wool","article_publisher":"https:\/\/facebook.com\/HomeOfWoolOfficial","article_modified_time":"2026-02-10T16:47:08+00:00","og_image":[{"width":2560,"height":2048,"url":"https:\/\/homeofwool.com\/wp-content\/uploads\/2025\/09\/home-of-wool-wool-bean-bag-armchair-1-scaled.jpg","type":"image\/jpeg"}],"twitter_card":"summary_large_image","twitter_misc":{"Arvioitu lukuaika":"2 minuuttia"},"schema":{"@context":"https:\/\/schema.org","@graph":[{"@type":"WebPage","@id":"https:\/\/homeofwool.com\/shop\/bean-bag-armchair\/","url":"https:\/\/homeofwool.com\/shop\/bean-bag-armchair\/","name":"Papupussin nojatuoli - r\u00e4\u00e4t\u00e4l\u00f6it\u00e4viss\u00e4, ymp\u00e4rist\u00f6yst\u00e4v\u00e4llinen mukavuus | Home of Wool","isPartOf":{"@id":"https:\/\/homeofwool.com\/#website"},"primaryImageOfPage":{"@id":"https:\/\/homeofwool.com\/shop\/bean-bag-armchair\/#primaryimage"},"image":{"@id":"https:\/\/homeofwool.com\/shop\/bean-bag-armchair\/#primaryimage"},"thumbnailUrl":"https:\/\/homeofwool.com\/wp-content\/uploads\/2025\/09\/home-of-wool-wool-bean-bag-armchair-1-scaled.jpg","datePublished":"2025-09-02T12:02:14+00:00","dateModified":"2026-02-10T16:47:08+00:00","description":"Bean Bag -tuoli tarjoaa ymp\u00e4rist\u00f6yst\u00e4v\u00e4llist\u00e4 mukavuutta hengitt\u00e4v\u00e4ll\u00e4 villat\u00e4ytteell\u00e4. Mukautettava, hypoallergeeninen ja myrkyt\u00f6n, se on kest\u00e4v\u00e4 valinta kodin luonnolliseen mukavuuteen.","breadcrumb":{"@id":"https:\/\/homeofwool.com\/shop\/bean-bag-armchair\/#breadcrumb"},"inLanguage":"fi","potentialAction":[{"@type":"ReadAction","target":["https:\/\/homeofwool.com\/shop\/bean-bag-armchair\/"]}]},{"@type":"ImageObject","inLanguage":"fi","@id":"https:\/\/homeofwool.com\/shop\/bean-bag-armchair\/#primaryimage","url":"https:\/\/homeofwool.com\/wp-content\/uploads\/2025\/09\/home-of-wool-wool-bean-bag-armchair-1-scaled.jpg","contentUrl":"https:\/\/homeofwool.com\/wp-content\/uploads\/2025\/09\/home-of-wool-wool-bean-bag-armchair-1-scaled.jpg","width":2560,"height":2048,"caption":"wool bean bag armchair with a woman sitting in it reading a book"},{"@type":"BreadcrumbList","@id":"https:\/\/homeofwool.com\/shop\/bean-bag-armchair\/#breadcrumb","itemListElement":[{"@type":"ListItem","position":1,"name":"Home","item":"https:\/\/homeofwool.com\/"},{"@type":"ListItem","position":2,"name":"Products","item":"https:\/\/homeofwool.com\/header-search-2\/"},{"@type":"ListItem","position":3,"name":"Wool Bean Bag Armchair"}]},{"@type":"WebSite","@id":"https:\/\/homeofwool.com\/#website","url":"https:\/\/homeofwool.com\/","name":"Villan koti","description":"","publisher":{"@id":"https:\/\/homeofwool.com\/#organization"},"potentialAction":[{"@type":"SearchAction","target":{"@type":"EntryPoint","urlTemplate":"https:\/\/homeofwool.com\/?s={search_term_string}"},"query-input":{"@type":"PropertyValueSpecification","valueRequired":true,"valueName":"search_term_string"}}],"inLanguage":"fi"},{"@type":"Organization","@id":"https:\/\/homeofwool.com\/#organization","name":"Villan koti","url":"https:\/\/homeofwool.com\/","logo":{"@type":"ImageObject","inLanguage":"fi","@id":"https:\/\/homeofwool.com\/#\/schema\/logo\/image\/","url":"https:\/\/homeofwool.com\/wp-content\/uploads\/2025\/09\/WhatsApp-Image-2025-12-02-at-16.23.20.jpeg","contentUrl":"https:\/\/homeofwool.com\/wp-content\/uploads\/2025\/09\/WhatsApp-Image-2025-12-02-at-16.23.20.jpeg","width":700,"height":247,"caption":"Home of Wool"},"image":{"@id":"https:\/\/homeofwool.com\/#\/schema\/logo\/image\/"},"sameAs":["https:\/\/facebook.com\/HomeOfWoolOfficial"]}]}},"_links":{"self":[{"href":"https:\/\/homeofwool.com\/fi\/wp-json\/wp\/v2\/product\/217689","targetHints":{"allow":["GET"]}}],"collection":[{"href":"https:\/\/homeofwool.com\/fi\/wp-json\/wp\/v2\/product"}],"about":[{"href":"https:\/\/homeofwool.com\/fi\/wp-json\/wp\/v2\/types\/product"}],"version-history":[{"count":2,"href":"https:\/\/homeofwool.com\/fi\/wp-json\/wp\/v2\/product\/217689\/revisions"}],"predecessor-version":[{"id":226016,"href":"https:\/\/homeofwool.com\/fi\/wp-json\/wp\/v2\/product\/217689\/revisions\/226016"}],"wp:featuredmedia":[{"embeddable":true,"href":"https:\/\/homeofwool.com\/fi\/wp-json\/wp\/v2\/media\/221204"}],"wp:attachment":[{"href":"https:\/\/homeofwool.com\/fi\/wp-json\/wp\/v2\/media?parent=217689"}],"wp:term":[{"taxonomy":"product_brand","embeddable":true,"href":"https:\/\/homeofwool.com\/fi\/wp-json\/wp\/v2\/product_brand?post=217689"},{"taxonomy":"product_cat","embeddable":true,"href":"https:\/\/homeofwool.com\/fi\/wp-json\/wp\/v2\/product_cat?post=217689"},{"taxonomy":"product_tag","embeddable":true,"href":"https:\/\/homeofwool.com\/fi\/wp-json\/wp\/v2\/product_tag?post=217689"}],"curies":[{"name":"wp","href":"https:\/\/api.w.org\/{rel}","templated":true}]}}