{"id":217688,"date":"2025-09-02T12:02:14","date_gmt":"2025-09-02T12:02:14","guid":{"rendered":"https:\/\/homeofwool.com\/?post_type=product&#038;p=217688"},"modified":"2026-02-11T09:01:30","modified_gmt":"2026-02-11T09:01:30","slug":"villainen-sakkituoli","status":"publish","type":"product","link":"https:\/\/homeofwool.com\/fi\/shop\/wool-bean-bag-chair\/","title":{"rendered":"Suuri villainen s\u00e4kkituoli"},"content":{"rendered":"<p>K\u00e4sintehdyss\u00e4 suuressa villaisessa s\u00e4kkituolissa istumisessa on jotain erilaista. Se tuntuu el\u00e4v\u00e4lt\u00e4. Se on valmistettu huolella ja t\u00e4ytetty luonnonvillalla, joka muotoutuu ymp\u00e4rillesi ja antaa sinulle tarvitsemasi tuen. Voit nojata, venytt\u00e4\u00e4, k\u00e4perty\u00e4 tai ottaa torkut. Se liikkuu mukanasi ja vastustaa harvoin.<\/p>\n<p>Jokainen k\u00e4sintehty s\u00e4kkituoli on valmistettu puhtaasta villasta ja luomupuuvillasta. Ei kemikaaleja, ei piilotettuja pinnoitteita, ei outoja hajuja. Villa pysyy viile\u00e4n\u00e4 ja raikkaana, kun huoneen l\u00e4mp\u00f6tila nousee, ja t\u00e4ydellisen l\u00e4mpim\u00e4n\u00e4 kylmin\u00e4 kuukausina. Siksi se on niin t\u00e4ydellinen hyvinvointituoli ymp\u00e4ri vuoden.<\/p>\n<p>Ihmiset kysyv\u00e4t usein, onko t\u00e4llainen ymp\u00e4rist\u00f6yst\u00e4v\u00e4llinen s\u00e4kkituoli kest\u00e4v\u00e4. Se on. Voit avata ulkopeitteen vetoketjun, joka on valmistettu valitsemastasi kankaasta, pest\u00e4 sen ja jopa s\u00e4\u00e4t\u00e4\u00e4 t\u00e4ytett\u00e4. Mukautettava villatuoli, joka kest\u00e4\u00e4 ja n\u00e4ytt\u00e4\u00e4 hyv\u00e4lt\u00e4 viel\u00e4 vuosien p\u00e4ivitt\u00e4isen k\u00e4yt\u00f6n j\u00e4lkeenkin.<\/p>\n<p>Terveellinen huonekalu, joka tuntuu kuuluvan kotiisi. Pehme\u00e4t reunat, hillitty tekstuuri, syv\u00e4 mukavuus... Viihtyis\u00e4 villatuoli koko el\u00e4m\u00e4n ajaksi.<\/p>\n<p><strong>KOKO:<\/strong> Halkaisija 51\u2033 (130 cm) x korkeus 15,7\u2033 (40 cm)<br \/>\n<strong>T\u00c4YTE:<\/strong> 15,2 kg<\/p>","protected":false},"excerpt":{"rendered":"<p>Oletko koskaan toivonut, ett\u00e4 huonekalut auttaisivat sinua hidastamaan tahtia? T\u00e4m\u00e4 suuri villainen s\u00e4kkituoli tekee juuri sen. K\u00e4sintehty s\u00e4kkituoli, joka kutsuu sinut uppoutumaan, hengitt\u00e4m\u00e4\u00e4n ja viipym\u00e4\u00e4n hetken. Pehme\u00e4, tukeva ja luonnollisesti rauhoittava.<\/p>\n<div class=\"global-icon-set\">\n<div class=\"global-icon-set__items\">\n<div class=\"global-icon-set__item\">\n<div class=\"global-icon-set__image\">\n                                    <img decoding=\"async\" src=\"https:\/\/homeofwool.com\/wp-content\/uploads\/2025\/09\/VOCs-min-300x300.png\" alt=\"vocs vapaa\" \/>\n                                <\/div>\n<div class=\"global-icon-set__title\">VOC-vapaa<\/div>\n<\/p><\/div>\n<div class=\"global-icon-set__item\">\n<div class=\"global-icon-set__image\">\n                                    <img decoding=\"async\" src=\"https:\/\/homeofwool.com\/wp-content\/uploads\/2025\/09\/FR-min-300x300.png\" alt=\"palonkest\u00e4v\u00e4 kuvake\" \/>\n                                <\/div>\n<div class=\"global-icon-set__title\">Liekinkest\u00e4v\u00e4<\/div>\n<\/p><\/div>\n<div class=\"global-icon-set__item\">\n<div class=\"global-icon-set__image\">\n                                    <img decoding=\"async\" src=\"https:\/\/homeofwool.com\/wp-content\/uploads\/2025\/09\/Hypoallergenic-min-300x300.png\" alt=\"hypoallergeeninen kuvake\" \/>\n                                <\/div>\n<div class=\"global-icon-set__title\">Hypoallergeeninen<\/div>\n<\/p><\/div>\n<div class=\"global-icon-set__item\">\n<div class=\"global-icon-set__image\">\n                                    <img decoding=\"async\" src=\"https:\/\/homeofwool.com\/wp-content\/uploads\/2025\/09\/free-of-synthetics-icon-300x300.png\" alt=\"synteettisi\u00e4 aineita sis\u00e4lt\u00e4m\u00e4t\u00f6n kuvake\" \/>\n                                <\/div>\n<div class=\"global-icon-set__title\">Vapaa synteettisist\u00e4 aineista<\/div>\n<\/p><\/div>\n<div class=\"global-icon-set__item\">\n<div class=\"global-icon-set__image\">\n                                    <img decoding=\"async\" src=\"https:\/\/homeofwool.com\/wp-content\/uploads\/2025\/09\/chemical-free-icon-300x300.png\" alt=\"kemikaalivapaa kuvake\" \/>\n                                <\/div>\n<div class=\"global-icon-set__title\">Kemikaalivapaa<\/div>\n<\/p><\/div>\n<div class=\"global-icon-set__item\">\n<div class=\"global-icon-set__image\">\n                                    <img decoding=\"async\" src=\"https:\/\/homeofwool.com\/wp-content\/uploads\/2025\/09\/anti-bacterial-icon-300x300.png\" alt=\"anti bakteeri kuvake\" \/>\n                                <\/div>\n<div class=\"global-icon-set__title\">Anti-mikrobinen &amp; antibakteerinen<\/div>\n<\/p><\/div>\n<div class=\"global-icon-set__item\">\n<div class=\"global-icon-set__image\">\n                                    <img decoding=\"async\" src=\"https:\/\/homeofwool.com\/wp-content\/uploads\/2025\/09\/certified-materials-icon-300x300.png\" alt=\"sertifioitujen materiaalien kuvake\" \/>\n                                <\/div>\n<div class=\"global-icon-set__title\">100% Puhtaat sertifioidut materiaalit<\/div>\n<\/p><\/div>\n<\/p><\/div>\n<\/p><\/div>","protected":false},"featured_media":221193,"template":"","meta":{"_acf_changed":false},"product_brand":[],"product_cat":[20],"product_tag":[735,737,741,742,739,740,149,743],"class_list":{"0":"post-217688","1":"product","2":"type-product","3":"status-publish","4":"has-post-thumbnail","6":"product_cat-pillows-poufs","7":"product_tag-adult-bean-bag","8":"product_tag-adult-lounger-pouf","9":"product_tag-bean-bag-chair","10":"product_tag-kids-room-chair","11":"product_tag-natural-pouf","12":"product_tag-organic-bean-bag","13":"product_tag-steps","14":"product_tag-teen-bean-bag","16":"first","17":"instock","18":"shipping-taxable","19":"purchasable","20":"product-type-simple"},"acf":[],"yoast_head":"<!-- This site is optimized with the Yoast SEO Premium plugin v27.3 (Yoast SEO v27.3) - https:\/\/yoast.com\/product\/yoast-seo-premium-wordpress\/ -->\n<title>Large Bean Bag Chair \u2013 Customizable, Healthy Home Seating | Home of Wool<\/title>\n<meta name=\"description\" content=\"The Large Bean Bag Chair is customizable and filled with breathable wool for healthy home seating. Hypoallergenic, toxin-free, and sustainable, it offers natural comfort and timeless style.\" \/>\n<meta name=\"robots\" content=\"index, follow, max-snippet:-1, max-image-preview:large, max-video-preview:-1\" \/>\n<link rel=\"canonical\" href=\"https:\/\/homeofwool.com\/fi\/shop\/villainen-sakkituoli\/\" \/>\n<meta property=\"og:locale\" content=\"fi_FI\" \/>\n<meta property=\"og:type\" content=\"article\" \/>\n<meta property=\"og:title\" content=\"Large Wool Bean Bag Chair\" \/>\n<meta property=\"og:description\" content=\"The Large Bean Bag Chair is customizable and filled with breathable wool for healthy home seating. Hypoallergenic, toxin-free, and sustainable, it offers natural comfort and timeless style.\" \/>\n<meta property=\"og:url\" content=\"https:\/\/homeofwool.com\/fi\/shop\/villainen-sakkituoli\/\" \/>\n<meta property=\"og:site_name\" content=\"Home of Wool\" \/>\n<meta property=\"article:publisher\" content=\"https:\/\/facebook.com\/HomeOfWoolOfficial\" \/>\n<meta property=\"article:modified_time\" content=\"2026-02-11T09:01:30+00:00\" \/>\n<meta property=\"og:image\" content=\"https:\/\/homeofwool.com\/wp-content\/uploads\/2025\/09\/home-of-wool-large-wool-bean-bag-chair-1-main-en.jpg\" \/>\n\t<meta property=\"og:image:width\" content=\"2000\" \/>\n\t<meta property=\"og:image:height\" content=\"1600\" \/>\n\t<meta property=\"og:image:type\" content=\"image\/jpeg\" \/>\n<meta name=\"twitter:card\" content=\"summary_large_image\" \/>\n<meta name=\"twitter:label1\" content=\"Arvioitu lukuaika\" \/>\n\t<meta name=\"twitter:data1\" content=\"2 minuuttia\" \/>\n<script type=\"application\/ld+json\" class=\"yoast-schema-graph\">{\"@context\":\"https:\\\/\\\/schema.org\",\"@graph\":[{\"@type\":\"WebPage\",\"@id\":\"https:\\\/\\\/homeofwool.com\\\/fr\\\/boutique\\\/fauteuil-poire-en-laine\\\/\",\"url\":\"https:\\\/\\\/homeofwool.com\\\/fr\\\/boutique\\\/fauteuil-poire-en-laine\\\/\",\"name\":\"Large Bean Bag Chair \u2013 Customizable, Healthy Home Seating | Home of Wool\",\"isPartOf\":{\"@id\":\"https:\\\/\\\/homeofwool.com\\\/#website\"},\"primaryImageOfPage\":{\"@id\":\"https:\\\/\\\/homeofwool.com\\\/fr\\\/boutique\\\/fauteuil-poire-en-laine\\\/#primaryimage\"},\"image\":{\"@id\":\"https:\\\/\\\/homeofwool.com\\\/fr\\\/boutique\\\/fauteuil-poire-en-laine\\\/#primaryimage\"},\"thumbnailUrl\":\"https:\\\/\\\/homeofwool.com\\\/wp-content\\\/uploads\\\/2025\\\/09\\\/home-of-wool-large-wool-bean-bag-chair-1-main-en.jpg\",\"datePublished\":\"2025-09-02T12:02:14+00:00\",\"dateModified\":\"2026-02-11T09:01:30+00:00\",\"description\":\"The Large Bean Bag Chair is customizable and filled with breathable wool for healthy home seating. Hypoallergenic, toxin-free, and sustainable, it offers natural comfort and timeless style.\",\"breadcrumb\":{\"@id\":\"https:\\\/\\\/homeofwool.com\\\/fr\\\/boutique\\\/fauteuil-poire-en-laine\\\/#breadcrumb\"},\"inLanguage\":\"fi\",\"potentialAction\":[{\"@type\":\"ReadAction\",\"target\":[\"https:\\\/\\\/homeofwool.com\\\/fr\\\/boutique\\\/fauteuil-poire-en-laine\\\/\"]}]},{\"@type\":\"ImageObject\",\"inLanguage\":\"fi\",\"@id\":\"https:\\\/\\\/homeofwool.com\\\/fr\\\/boutique\\\/fauteuil-poire-en-laine\\\/#primaryimage\",\"url\":\"https:\\\/\\\/homeofwool.com\\\/wp-content\\\/uploads\\\/2025\\\/09\\\/home-of-wool-large-wool-bean-bag-chair-1-main-en.jpg\",\"contentUrl\":\"https:\\\/\\\/homeofwool.com\\\/wp-content\\\/uploads\\\/2025\\\/09\\\/home-of-wool-large-wool-bean-bag-chair-1-main-en.jpg\",\"width\":2000,\"height\":1600,\"caption\":\"large wool bean bag with a woman sitting on it\"},{\"@type\":\"BreadcrumbList\",\"@id\":\"https:\\\/\\\/homeofwool.com\\\/fr\\\/boutique\\\/fauteuil-poire-en-laine\\\/#breadcrumb\",\"itemListElement\":[{\"@type\":\"ListItem\",\"position\":1,\"name\":\"Home\",\"item\":\"https:\\\/\\\/homeofwool.com\\\/\"},{\"@type\":\"ListItem\",\"position\":2,\"name\":\"Products\",\"item\":\"https:\\\/\\\/homeofwool.com\\\/header-search-2\\\/\"},{\"@type\":\"ListItem\",\"position\":3,\"name\":\"Large Wool Bean Bag Chair\"}]},{\"@type\":\"WebSite\",\"@id\":\"https:\\\/\\\/homeofwool.com\\\/#website\",\"url\":\"https:\\\/\\\/homeofwool.com\\\/\",\"name\":\"Home of Wool\",\"description\":\"\",\"publisher\":{\"@id\":\"https:\\\/\\\/homeofwool.com\\\/#organization\"},\"potentialAction\":[{\"@type\":\"SearchAction\",\"target\":{\"@type\":\"EntryPoint\",\"urlTemplate\":\"https:\\\/\\\/homeofwool.com\\\/?s={search_term_string}\"},\"query-input\":{\"@type\":\"PropertyValueSpecification\",\"valueRequired\":true,\"valueName\":\"search_term_string\"}}],\"inLanguage\":\"fi\"},{\"@type\":\"Organization\",\"@id\":\"https:\\\/\\\/homeofwool.com\\\/#organization\",\"name\":\"Home of Wool\",\"url\":\"https:\\\/\\\/homeofwool.com\\\/\",\"logo\":{\"@type\":\"ImageObject\",\"inLanguage\":\"fi\",\"@id\":\"https:\\\/\\\/homeofwool.com\\\/#\\\/schema\\\/logo\\\/image\\\/\",\"url\":\"https:\\\/\\\/homeofwool.com\\\/wp-content\\\/uploads\\\/2025\\\/09\\\/WhatsApp-Image-2025-12-02-at-16.23.20.jpeg\",\"contentUrl\":\"https:\\\/\\\/homeofwool.com\\\/wp-content\\\/uploads\\\/2025\\\/09\\\/WhatsApp-Image-2025-12-02-at-16.23.20.jpeg\",\"width\":700,\"height\":247,\"caption\":\"Home of Wool\"},\"image\":{\"@id\":\"https:\\\/\\\/homeofwool.com\\\/#\\\/schema\\\/logo\\\/image\\\/\"},\"sameAs\":[\"https:\\\/\\\/facebook.com\\\/HomeOfWoolOfficial\"]}]}<\/script>\n<!-- \/ Yoast SEO Premium plugin. -->","yoast_head_json":{"title":"Suuri s\u00e4kkituoli \u2013 muokattava, terveellinen kotituoli | Home of Wool","description":"Suuri s\u00e4kkituoli on muokattavissa ja t\u00e4ytetty hengitt\u00e4v\u00e4ll\u00e4 villalla, joka takaa terveellisen istuimen kotona. Se on hypoallergeeninen, myrkyt\u00f6n ja kest\u00e4v\u00e4, ja tarjoaa luonnollista mukavuutta ja ajatonta tyyli\u00e4.","robots":{"index":"index","follow":"follow","max-snippet":"max-snippet:-1","max-image-preview":"max-image-preview:large","max-video-preview":"max-video-preview:-1"},"canonical":"https:\/\/homeofwool.com\/fi\/shop\/villainen-sakkituoli\/","og_locale":"fi_FI","og_type":"article","og_title":"Large Wool Bean Bag Chair","og_description":"The Large Bean Bag Chair is customizable and filled with breathable wool for healthy home seating. Hypoallergenic, toxin-free, and sustainable, it offers natural comfort and timeless style.","og_url":"https:\/\/homeofwool.com\/fi\/shop\/villainen-sakkituoli\/","og_site_name":"Home of Wool","article_publisher":"https:\/\/facebook.com\/HomeOfWoolOfficial","article_modified_time":"2026-02-11T09:01:30+00:00","og_image":[{"width":2000,"height":1600,"url":"https:\/\/homeofwool.com\/wp-content\/uploads\/2025\/09\/home-of-wool-large-wool-bean-bag-chair-1-main-en.jpg","type":"image\/jpeg"}],"twitter_card":"summary_large_image","twitter_misc":{"Arvioitu lukuaika":"2 minuuttia"},"schema":{"@context":"https:\/\/schema.org","@graph":[{"@type":"WebPage","@id":"https:\/\/homeofwool.com\/fr\/boutique\/fauteuil-poire-en-laine\/","url":"https:\/\/homeofwool.com\/fr\/boutique\/fauteuil-poire-en-laine\/","name":"Suuri s\u00e4kkituoli \u2013 muokattava, terveellinen kotituoli | Home of Wool","isPartOf":{"@id":"https:\/\/homeofwool.com\/#website"},"primaryImageOfPage":{"@id":"https:\/\/homeofwool.com\/fr\/boutique\/fauteuil-poire-en-laine\/#primaryimage"},"image":{"@id":"https:\/\/homeofwool.com\/fr\/boutique\/fauteuil-poire-en-laine\/#primaryimage"},"thumbnailUrl":"https:\/\/homeofwool.com\/wp-content\/uploads\/2025\/09\/home-of-wool-large-wool-bean-bag-chair-1-main-en.jpg","datePublished":"2025-09-02T12:02:14+00:00","dateModified":"2026-02-11T09:01:30+00:00","description":"Suuri s\u00e4kkituoli on muokattavissa ja t\u00e4ytetty hengitt\u00e4v\u00e4ll\u00e4 villalla, joka takaa terveellisen istuimen kotona. Se on hypoallergeeninen, myrkyt\u00f6n ja kest\u00e4v\u00e4, ja tarjoaa luonnollista mukavuutta ja ajatonta tyyli\u00e4.","breadcrumb":{"@id":"https:\/\/homeofwool.com\/fr\/boutique\/fauteuil-poire-en-laine\/#breadcrumb"},"inLanguage":"fi","potentialAction":[{"@type":"ReadAction","target":["https:\/\/homeofwool.com\/fr\/boutique\/fauteuil-poire-en-laine\/"]}]},{"@type":"ImageObject","inLanguage":"fi","@id":"https:\/\/homeofwool.com\/fr\/boutique\/fauteuil-poire-en-laine\/#primaryimage","url":"https:\/\/homeofwool.com\/wp-content\/uploads\/2025\/09\/home-of-wool-large-wool-bean-bag-chair-1-main-en.jpg","contentUrl":"https:\/\/homeofwool.com\/wp-content\/uploads\/2025\/09\/home-of-wool-large-wool-bean-bag-chair-1-main-en.jpg","width":2000,"height":1600,"caption":"large wool bean bag with a woman sitting on it"},{"@type":"BreadcrumbList","@id":"https:\/\/homeofwool.com\/fr\/boutique\/fauteuil-poire-en-laine\/#breadcrumb","itemListElement":[{"@type":"ListItem","position":1,"name":"Home","item":"https:\/\/homeofwool.com\/"},{"@type":"ListItem","position":2,"name":"Products","item":"https:\/\/homeofwool.com\/header-search-2\/"},{"@type":"ListItem","position":3,"name":"Large Wool Bean Bag Chair"}]},{"@type":"WebSite","@id":"https:\/\/homeofwool.com\/#website","url":"https:\/\/homeofwool.com\/","name":"Villan koti","description":"","publisher":{"@id":"https:\/\/homeofwool.com\/#organization"},"potentialAction":[{"@type":"SearchAction","target":{"@type":"EntryPoint","urlTemplate":"https:\/\/homeofwool.com\/?s={search_term_string}"},"query-input":{"@type":"PropertyValueSpecification","valueRequired":true,"valueName":"search_term_string"}}],"inLanguage":"fi"},{"@type":"Organization","@id":"https:\/\/homeofwool.com\/#organization","name":"Villan koti","url":"https:\/\/homeofwool.com\/","logo":{"@type":"ImageObject","inLanguage":"fi","@id":"https:\/\/homeofwool.com\/#\/schema\/logo\/image\/","url":"https:\/\/homeofwool.com\/wp-content\/uploads\/2025\/09\/WhatsApp-Image-2025-12-02-at-16.23.20.jpeg","contentUrl":"https:\/\/homeofwool.com\/wp-content\/uploads\/2025\/09\/WhatsApp-Image-2025-12-02-at-16.23.20.jpeg","width":700,"height":247,"caption":"Home of Wool"},"image":{"@id":"https:\/\/homeofwool.com\/#\/schema\/logo\/image\/"},"sameAs":["https:\/\/facebook.com\/HomeOfWoolOfficial"]}]}},"_links":{"self":[{"href":"https:\/\/homeofwool.com\/fi\/wp-json\/wp\/v2\/product\/217688","targetHints":{"allow":["GET"]}}],"collection":[{"href":"https:\/\/homeofwool.com\/fi\/wp-json\/wp\/v2\/product"}],"about":[{"href":"https:\/\/homeofwool.com\/fi\/wp-json\/wp\/v2\/types\/product"}],"version-history":[{"count":2,"href":"https:\/\/homeofwool.com\/fi\/wp-json\/wp\/v2\/product\/217688\/revisions"}],"predecessor-version":[{"id":226682,"href":"https:\/\/homeofwool.com\/fi\/wp-json\/wp\/v2\/product\/217688\/revisions\/226682"}],"wp:featuredmedia":[{"embeddable":true,"href":"https:\/\/homeofwool.com\/fi\/wp-json\/wp\/v2\/media\/221193"}],"wp:attachment":[{"href":"https:\/\/homeofwool.com\/fi\/wp-json\/wp\/v2\/media?parent=217688"}],"wp:term":[{"taxonomy":"product_brand","embeddable":true,"href":"https:\/\/homeofwool.com\/fi\/wp-json\/wp\/v2\/product_brand?post=217688"},{"taxonomy":"product_cat","embeddable":true,"href":"https:\/\/homeofwool.com\/fi\/wp-json\/wp\/v2\/product_cat?post=217688"},{"taxonomy":"product_tag","embeddable":true,"href":"https:\/\/homeofwool.com\/fi\/wp-json\/wp\/v2\/product_tag?post=217688"}],"curies":[{"name":"wp","href":"https:\/\/api.w.org\/{rel}","templated":true}]}}