{"id":217680,"date":"2025-09-02T12:02:06","date_gmt":"2025-09-02T12:02:06","guid":{"rendered":"https:\/\/homeofwool.com\/?post_type=product&#038;p=217680"},"modified":"2026-02-11T09:55:51","modified_gmt":"2026-02-11T09:55:51","slug":"halo-kehdon-patja","status":"publish","type":"product","link":"https:\/\/homeofwool.com\/fi\/shop\/halo-bassinet-mattress\/","title":{"rendered":"Wool HALO -kehdon patja"},"content":{"rendered":"<p>Huolella valmistettu, villat\u00e4ytteinen halo bassinest -patjamme yhdist\u00e4\u00e4 mukavuuden, turvallisuuden ja kest\u00e4v\u00e4n muotoilun. Jokainen bassinest-patja on valmistettu k\u00e4sity\u00f6n\u00e4 puhtaista villakerroksista, mik\u00e4 tarjoaa unipinnan, joka on luonnollisesti liekinkest\u00e4v\u00e4 ilman kemikaaleja. Ei synteettisi\u00e4 aineita eik\u00e4 liimoja.<\/p>\n<p>Villa auttaa vauvaa viihtym\u00e4\u00e4n kaikkina vuodenaikoina, sill\u00e4 se pysyy mukavana, kun on viile\u00e4\u00e4, ja viile\u00e4n\u00e4, kun on l\u00e4mmint\u00e4. Sen ilmava luonne pit\u00e4\u00e4 my\u00f6s patjan raikkaana. Villa est\u00e4\u00e4 p\u00f6lypunkkeja tai hometta asettumasta sis\u00e4\u00e4n.<\/p>\n<p>T\u00e4ss\u00e4 pinnaltaan sile\u00e4n ja tasaisen pinnan takaavassa matalassa tuftissa on tukeva mutta pehme\u00e4 tuntuma, ja se yhdist\u00e4\u00e4 turvallisuuden ja kest\u00e4v\u00e4n mukavuuden. Saatavana on kaksi kokovaihtoehtoa, ja ne sopivat t\u00e4ydellisesti lastenvaunun k\u00e4\u00e4ntyv\u00e4\u00e4n ja kaksoiskappaleversioon.<\/p>\n<p>Kun pinnas\u00e4ngyn k\u00e4ytt\u00f6aika on ohi, patjaa voi k\u00e4ytt\u00e4\u00e4 pienen\u00e4 lattia- tai penkkityynyn\u00e4, jolloin se saa toisen el\u00e4m\u00e4n kotonasi. Todellinen esimerkki kest\u00e4v\u00e4st\u00e4 ylellisyydest\u00e4, Home of Wool halo -patja on suunniteltu hoitamaan sek\u00e4 lastasi ett\u00e4 kotiymp\u00e4rist\u00f6\u00e4si.<\/p>","protected":false},"excerpt":{"rendered":"<p>Luo rauhallinen, myrkyt\u00f6n nukkumatila villat\u00e4ytteisell\u00e4 halopatjalla. Halo Bassinest -s\u00e4nkyyn suunniteltu, luonnollisesti hengitt\u00e4v\u00e4 bassinet-patjapatja pit\u00e4\u00e4 pikkuisen viihtyis\u00e4n\u00e4 ja turvallisena kaikkina vuodenaikoina. Se on valmistettu ilman myrkkyj\u00e4 tai kaasup\u00e4\u00e4st\u00f6j\u00e4, joten se auttaa pit\u00e4m\u00e4\u00e4n vauvasi nukkumatilan raikkaana ja turvallisena.<\/p>\n<p><strong>KOKOVALINNAT<\/strong>:<br \/>\n<strong>K\u00e4\u00e4ntyv\u00e4<\/strong>: 30 x 18 x 2\u201d (76,2 x 45,7 x 5 cm) tiimalasin muotoinen.<br \/>\n<strong>Twin<\/strong>: 33.5\u2033 x 22 x 2\u2033 (85 x 56 x 5 cm) tiimalasin muotoinen.<\/p>\n<div class=\"global-icon-set\">\n<div class=\"global-icon-set__items\">\n<div class=\"global-icon-set__item\">\n<div class=\"global-icon-set__image\">\n                                    <img decoding=\"async\" src=\"https:\/\/homeofwool.com\/wp-content\/uploads\/2025\/09\/handmade-icon-300x300.png\" alt=\"k\u00e4sintehty kuvake\" \/>\n                                <\/div>\n<div class=\"global-icon-set__title\">K\u00e4sintehty<\/div>\n<\/p><\/div>\n<div class=\"global-icon-set__item\">\n<div class=\"global-icon-set__image\">\n                                    <img decoding=\"async\" src=\"https:\/\/homeofwool.com\/wp-content\/uploads\/2025\/09\/Exceptionally-Supportive-min-300x300.png\" alt=\"poikkeuksellisen kannustava kuvake\" \/>\n                                <\/div>\n<div class=\"global-icon-set__title\">Poikkeuksellisen kannustava<\/div>\n<\/p><\/div>\n<div class=\"global-icon-set__item\">\n<div class=\"global-icon-set__image\">\n                                    <img decoding=\"async\" src=\"https:\/\/homeofwool.com\/wp-content\/uploads\/2025\/09\/wicks-moisture-away-300x300.png\" alt=\"siirt\u00e4\u00e4 kosteutta pois\" \/>\n                                <\/div>\n<div class=\"global-icon-set__title\">Poistaa kosteutta<\/div>\n<\/p><\/div>\n<div class=\"global-icon-set__item\">\n<div class=\"global-icon-set__image\">\n                                    <img decoding=\"async\" src=\"https:\/\/homeofwool.com\/wp-content\/uploads\/2025\/09\/VOCs-min-300x300.png\" alt=\"vocs vapaa\" \/>\n                                <\/div>\n<div class=\"global-icon-set__title\">VOC-vapaa<\/div>\n<\/p><\/div>\n<div class=\"global-icon-set__item\">\n<div class=\"global-icon-set__image\">\n                                    <img decoding=\"async\" src=\"https:\/\/homeofwool.com\/wp-content\/uploads\/2025\/09\/FR-min-300x300.png\" alt=\"palonkest\u00e4v\u00e4 kuvake\" \/>\n                                <\/div>\n<div class=\"global-icon-set__title\">Liekinkest\u00e4v\u00e4<\/div>\n<\/p><\/div>\n<div class=\"global-icon-set__item\">\n<div class=\"global-icon-set__image\">\n                                    <img decoding=\"async\" src=\"https:\/\/homeofwool.com\/wp-content\/uploads\/2025\/09\/Hypoallergenic-min-300x300.png\" alt=\"hypoallergeeninen kuvake\" \/>\n                                <\/div>\n<div class=\"global-icon-set__title\">Hypoallergeeninen<\/div>\n<\/p><\/div>\n<div class=\"global-icon-set__item\">\n<div class=\"global-icon-set__image\">\n                                    <img decoding=\"async\" src=\"https:\/\/homeofwool.com\/wp-content\/uploads\/2025\/09\/free-of-synthetics-icon-300x300.png\" alt=\"synteettisi\u00e4 aineita sis\u00e4lt\u00e4m\u00e4t\u00f6n kuvake\" \/>\n                                <\/div>\n<div class=\"global-icon-set__title\">Vapaa synteettisist\u00e4 aineista<\/div>\n<\/p><\/div>\n<div class=\"global-icon-set__item\">\n<div class=\"global-icon-set__image\">\n                                    <img decoding=\"async\" src=\"https:\/\/homeofwool.com\/wp-content\/uploads\/2025\/09\/chemical-free-icon-300x300.png\" alt=\"kemikaalivapaa kuvake\" \/>\n                                <\/div>\n<div class=\"global-icon-set__title\">Kemikaalivapaa<\/div>\n<\/p><\/div>\n<div class=\"global-icon-set__item\">\n<div class=\"global-icon-set__image\">\n                                    <img decoding=\"async\" src=\"https:\/\/homeofwool.com\/wp-content\/uploads\/2025\/09\/anti-bacterial-icon-300x300.png\" alt=\"anti bakteeri kuvake\" \/>\n                                <\/div>\n<div class=\"global-icon-set__title\">Anti-mikrobinen &amp; antibakteerinen<\/div>\n<\/p><\/div>\n<div class=\"global-icon-set__item\">\n<div class=\"global-icon-set__image\">\n                                    <img decoding=\"async\" src=\"https:\/\/homeofwool.com\/wp-content\/uploads\/2025\/09\/certified-materials-icon-300x300.png\" alt=\"sertifioitujen materiaalien kuvake\" \/>\n                                <\/div>\n<div class=\"global-icon-set__title\">100% Puhtaat sertifioidut materiaalit<\/div>\n<\/p><\/div>\n<\/p><\/div>\n<\/p><\/div>","protected":false},"featured_media":226050,"template":"","meta":{"_acf_changed":false},"product_brand":[],"product_cat":[266,459],"product_tag":[718,719,720,704,721,722,723,724,725,195,149,726],"class_list":{"0":"post-217680","1":"product","2":"type-product","3":"status-publish","4":"has-post-thumbnail","6":"product_cat-baby-sleep-products","7":"product_cat-mattresses-toppers","8":"product_tag-arms-reach","9":"product_tag-co-sleeper","10":"product_tag-cradle-mattress","11":"product_tag-eco-baby-bedding","12":"product_tag-halo-bassinest-mattress","13":"product_tag-halo-bassinest-mattress-pad","14":"product_tag-halo-breathable-crib-mattress","15":"product_tag-mini-crib-pad","16":"product_tag-newborn-mattress","17":"product_tag-organic-mattress","18":"product_tag-steps","19":"product_tag-swivel-sleeper","21":"first","22":"instock","23":"shipping-taxable","24":"purchasable","25":"product-type-simple"},"acf":[],"yoast_head":"<!-- This site is optimized with the Yoast SEO Premium plugin v27.4 (Yoast SEO v27.4) - https:\/\/yoast.com\/product\/yoast-seo-premium-wordpress\/ -->\n<title>HALO Bassinet Mattress \u2013 Organic, Breathable &amp; Custom | Home of Wool<\/title>\n<meta name=\"description\" content=\"Organic wool bassinet mattress pad, handmade, chemical-free, and flame-resistant. Breathable and hypoallergenic, it keeps newborns cozy and healthy in every season.\" \/>\n<meta name=\"robots\" content=\"index, follow, max-snippet:-1, max-image-preview:large, max-video-preview:-1\" \/>\n<link rel=\"canonical\" href=\"https:\/\/homeofwool.com\/fi\/shop\/halo-kehdon-patja\/\" \/>\n<meta property=\"og:locale\" content=\"fi_FI\" \/>\n<meta property=\"og:type\" content=\"article\" \/>\n<meta property=\"og:title\" content=\"Wool HALO Bassinet Mattress\" \/>\n<meta property=\"og:description\" content=\"Organic wool bassinet mattress pad, handmade, chemical-free, and flame-resistant. Breathable and hypoallergenic, it keeps newborns cozy and healthy in every season.\" \/>\n<meta property=\"og:url\" content=\"https:\/\/homeofwool.com\/fi\/shop\/halo-kehdon-patja\/\" \/>\n<meta property=\"og:site_name\" content=\"Home of Wool\" \/>\n<meta property=\"article:publisher\" content=\"https:\/\/facebook.com\/HomeOfWoolOfficial\" \/>\n<meta property=\"article:modified_time\" content=\"2026-02-11T09:55:51+00:00\" \/>\n<meta property=\"og:image\" content=\"https:\/\/homeofwool.com\/wp-content\/uploads\/2025\/09\/home-of-wool-wool-halo-bassinest-mattress-1-main-1.jpg\" \/>\n\t<meta property=\"og:image:width\" content=\"1920\" \/>\n\t<meta property=\"og:image:height\" content=\"1536\" \/>\n\t<meta property=\"og:image:type\" content=\"image\/jpeg\" \/>\n<meta name=\"twitter:card\" content=\"summary_large_image\" \/>\n<meta name=\"twitter:label1\" content=\"Arvioitu lukuaika\" \/>\n\t<meta name=\"twitter:data1\" content=\"1 minuutti\" \/>\n<script type=\"application\/ld+json\" class=\"yoast-schema-graph\">{\"@context\":\"https:\\\/\\\/schema.org\",\"@graph\":[{\"@type\":\"WebPage\",\"@id\":\"https:\\\/\\\/homeofwool.com\\\/shop\\\/halo-bassinet-mattress\\\/\",\"url\":\"https:\\\/\\\/homeofwool.com\\\/shop\\\/halo-bassinet-mattress\\\/\",\"name\":\"HALO Bassinet Mattress \u2013 Organic, Breathable & Custom | Home of Wool\",\"isPartOf\":{\"@id\":\"https:\\\/\\\/homeofwool.com\\\/#website\"},\"primaryImageOfPage\":{\"@id\":\"https:\\\/\\\/homeofwool.com\\\/shop\\\/halo-bassinet-mattress\\\/#primaryimage\"},\"image\":{\"@id\":\"https:\\\/\\\/homeofwool.com\\\/shop\\\/halo-bassinet-mattress\\\/#primaryimage\"},\"thumbnailUrl\":\"https:\\\/\\\/homeofwool.com\\\/wp-content\\\/uploads\\\/2025\\\/09\\\/home-of-wool-wool-halo-bassinest-mattress-1-main-1.jpg\",\"datePublished\":\"2025-09-02T12:02:06+00:00\",\"dateModified\":\"2026-02-11T09:55:51+00:00\",\"description\":\"Organic wool bassinet mattress pad, handmade, chemical-free, and flame-resistant. Breathable and hypoallergenic, it keeps newborns cozy and healthy in every season.\",\"breadcrumb\":{\"@id\":\"https:\\\/\\\/homeofwool.com\\\/shop\\\/halo-bassinet-mattress\\\/#breadcrumb\"},\"inLanguage\":\"fi\",\"potentialAction\":[{\"@type\":\"ReadAction\",\"target\":[\"https:\\\/\\\/homeofwool.com\\\/shop\\\/halo-bassinet-mattress\\\/\"]}]},{\"@type\":\"ImageObject\",\"inLanguage\":\"fi\",\"@id\":\"https:\\\/\\\/homeofwool.com\\\/shop\\\/halo-bassinet-mattress\\\/#primaryimage\",\"url\":\"https:\\\/\\\/homeofwool.com\\\/wp-content\\\/uploads\\\/2025\\\/09\\\/home-of-wool-wool-halo-bassinest-mattress-1-main-1.jpg\",\"contentUrl\":\"https:\\\/\\\/homeofwool.com\\\/wp-content\\\/uploads\\\/2025\\\/09\\\/home-of-wool-wool-halo-bassinest-mattress-1-main-1.jpg\",\"width\":1920,\"height\":1536,\"caption\":\"wool halo bassinet mattress\"},{\"@type\":\"BreadcrumbList\",\"@id\":\"https:\\\/\\\/homeofwool.com\\\/shop\\\/halo-bassinet-mattress\\\/#breadcrumb\",\"itemListElement\":[{\"@type\":\"ListItem\",\"position\":1,\"name\":\"Home\",\"item\":\"https:\\\/\\\/homeofwool.com\\\/\"},{\"@type\":\"ListItem\",\"position\":2,\"name\":\"Products\",\"item\":\"https:\\\/\\\/homeofwool.com\\\/header-search-2\\\/\"},{\"@type\":\"ListItem\",\"position\":3,\"name\":\"Wool HALO Bassinet Mattress\"}]},{\"@type\":\"WebSite\",\"@id\":\"https:\\\/\\\/homeofwool.com\\\/#website\",\"url\":\"https:\\\/\\\/homeofwool.com\\\/\",\"name\":\"Home of Wool\",\"description\":\"\",\"publisher\":{\"@id\":\"https:\\\/\\\/homeofwool.com\\\/#organization\"},\"potentialAction\":[{\"@type\":\"SearchAction\",\"target\":{\"@type\":\"EntryPoint\",\"urlTemplate\":\"https:\\\/\\\/homeofwool.com\\\/?s={search_term_string}\"},\"query-input\":{\"@type\":\"PropertyValueSpecification\",\"valueRequired\":true,\"valueName\":\"search_term_string\"}}],\"inLanguage\":\"fi\"},{\"@type\":\"Organization\",\"@id\":\"https:\\\/\\\/homeofwool.com\\\/#organization\",\"name\":\"Home of Wool\",\"url\":\"https:\\\/\\\/homeofwool.com\\\/\",\"logo\":{\"@type\":\"ImageObject\",\"inLanguage\":\"fi\",\"@id\":\"https:\\\/\\\/homeofwool.com\\\/#\\\/schema\\\/logo\\\/image\\\/\",\"url\":\"https:\\\/\\\/homeofwool.com\\\/wp-content\\\/uploads\\\/2025\\\/09\\\/WhatsApp-Image-2025-12-02-at-16.23.20.jpeg\",\"contentUrl\":\"https:\\\/\\\/homeofwool.com\\\/wp-content\\\/uploads\\\/2025\\\/09\\\/WhatsApp-Image-2025-12-02-at-16.23.20.jpeg\",\"width\":700,\"height\":247,\"caption\":\"Home of Wool\"},\"image\":{\"@id\":\"https:\\\/\\\/homeofwool.com\\\/#\\\/schema\\\/logo\\\/image\\\/\"},\"sameAs\":[\"https:\\\/\\\/facebook.com\\\/HomeOfWoolOfficial\"]}]}<\/script>\n<!-- \/ Yoast SEO Premium plugin. -->","yoast_head_json":{"title":"HALO-kehdon patja \u2013 orgaaninen, hengitt\u00e4v\u00e4 ja r\u00e4\u00e4t\u00e4l\u00f6ity | Home of Wool","description":"Luomuvillasta valmistettu, k\u00e4sintehty, kemikaalivapaa ja liekinkest\u00e4v\u00e4 lastenvaunupatja. Hengitt\u00e4v\u00e4 ja hypoallergeeninen, se pit\u00e4\u00e4 vastasyntyneen kodikkaana ja terveen\u00e4 kaikkina vuodenaikoina.","robots":{"index":"index","follow":"follow","max-snippet":"max-snippet:-1","max-image-preview":"max-image-preview:large","max-video-preview":"max-video-preview:-1"},"canonical":"https:\/\/homeofwool.com\/fi\/shop\/halo-kehdon-patja\/","og_locale":"fi_FI","og_type":"article","og_title":"Wool HALO Bassinet Mattress","og_description":"Organic wool bassinet mattress pad, handmade, chemical-free, and flame-resistant. Breathable and hypoallergenic, it keeps newborns cozy and healthy in every season.","og_url":"https:\/\/homeofwool.com\/fi\/shop\/halo-kehdon-patja\/","og_site_name":"Home of Wool","article_publisher":"https:\/\/facebook.com\/HomeOfWoolOfficial","article_modified_time":"2026-02-11T09:55:51+00:00","og_image":[{"width":1920,"height":1536,"url":"https:\/\/homeofwool.com\/wp-content\/uploads\/2025\/09\/home-of-wool-wool-halo-bassinest-mattress-1-main-1.jpg","type":"image\/jpeg"}],"twitter_card":"summary_large_image","twitter_misc":{"Arvioitu lukuaika":"1 minuutti"},"schema":{"@context":"https:\/\/schema.org","@graph":[{"@type":"WebPage","@id":"https:\/\/homeofwool.com\/shop\/halo-bassinet-mattress\/","url":"https:\/\/homeofwool.com\/shop\/halo-bassinet-mattress\/","name":"HALO-kehdon patja \u2013 orgaaninen, hengitt\u00e4v\u00e4 ja r\u00e4\u00e4t\u00e4l\u00f6ity | Home of Wool","isPartOf":{"@id":"https:\/\/homeofwool.com\/#website"},"primaryImageOfPage":{"@id":"https:\/\/homeofwool.com\/shop\/halo-bassinet-mattress\/#primaryimage"},"image":{"@id":"https:\/\/homeofwool.com\/shop\/halo-bassinet-mattress\/#primaryimage"},"thumbnailUrl":"https:\/\/homeofwool.com\/wp-content\/uploads\/2025\/09\/home-of-wool-wool-halo-bassinest-mattress-1-main-1.jpg","datePublished":"2025-09-02T12:02:06+00:00","dateModified":"2026-02-11T09:55:51+00:00","description":"Luomuvillasta valmistettu, k\u00e4sintehty, kemikaalivapaa ja liekinkest\u00e4v\u00e4 lastenvaunupatja. Hengitt\u00e4v\u00e4 ja hypoallergeeninen, se pit\u00e4\u00e4 vastasyntyneen kodikkaana ja terveen\u00e4 kaikkina vuodenaikoina.","breadcrumb":{"@id":"https:\/\/homeofwool.com\/shop\/halo-bassinet-mattress\/#breadcrumb"},"inLanguage":"fi","potentialAction":[{"@type":"ReadAction","target":["https:\/\/homeofwool.com\/shop\/halo-bassinet-mattress\/"]}]},{"@type":"ImageObject","inLanguage":"fi","@id":"https:\/\/homeofwool.com\/shop\/halo-bassinet-mattress\/#primaryimage","url":"https:\/\/homeofwool.com\/wp-content\/uploads\/2025\/09\/home-of-wool-wool-halo-bassinest-mattress-1-main-1.jpg","contentUrl":"https:\/\/homeofwool.com\/wp-content\/uploads\/2025\/09\/home-of-wool-wool-halo-bassinest-mattress-1-main-1.jpg","width":1920,"height":1536,"caption":"wool halo bassinet mattress"},{"@type":"BreadcrumbList","@id":"https:\/\/homeofwool.com\/shop\/halo-bassinet-mattress\/#breadcrumb","itemListElement":[{"@type":"ListItem","position":1,"name":"Home","item":"https:\/\/homeofwool.com\/"},{"@type":"ListItem","position":2,"name":"Products","item":"https:\/\/homeofwool.com\/header-search-2\/"},{"@type":"ListItem","position":3,"name":"Wool HALO Bassinet Mattress"}]},{"@type":"WebSite","@id":"https:\/\/homeofwool.com\/#website","url":"https:\/\/homeofwool.com\/","name":"Villan koti","description":"","publisher":{"@id":"https:\/\/homeofwool.com\/#organization"},"potentialAction":[{"@type":"SearchAction","target":{"@type":"EntryPoint","urlTemplate":"https:\/\/homeofwool.com\/?s={search_term_string}"},"query-input":{"@type":"PropertyValueSpecification","valueRequired":true,"valueName":"search_term_string"}}],"inLanguage":"fi"},{"@type":"Organization","@id":"https:\/\/homeofwool.com\/#organization","name":"Villan koti","url":"https:\/\/homeofwool.com\/","logo":{"@type":"ImageObject","inLanguage":"fi","@id":"https:\/\/homeofwool.com\/#\/schema\/logo\/image\/","url":"https:\/\/homeofwool.com\/wp-content\/uploads\/2025\/09\/WhatsApp-Image-2025-12-02-at-16.23.20.jpeg","contentUrl":"https:\/\/homeofwool.com\/wp-content\/uploads\/2025\/09\/WhatsApp-Image-2025-12-02-at-16.23.20.jpeg","width":700,"height":247,"caption":"Home of Wool"},"image":{"@id":"https:\/\/homeofwool.com\/#\/schema\/logo\/image\/"},"sameAs":["https:\/\/facebook.com\/HomeOfWoolOfficial"]}]}},"_links":{"self":[{"href":"https:\/\/homeofwool.com\/fi\/wp-json\/wp\/v2\/product\/217680","targetHints":{"allow":["GET"]}}],"collection":[{"href":"https:\/\/homeofwool.com\/fi\/wp-json\/wp\/v2\/product"}],"about":[{"href":"https:\/\/homeofwool.com\/fi\/wp-json\/wp\/v2\/types\/product"}],"version-history":[{"count":2,"href":"https:\/\/homeofwool.com\/fi\/wp-json\/wp\/v2\/product\/217680\/revisions"}],"predecessor-version":[{"id":226060,"href":"https:\/\/homeofwool.com\/fi\/wp-json\/wp\/v2\/product\/217680\/revisions\/226060"}],"wp:featuredmedia":[{"embeddable":true,"href":"https:\/\/homeofwool.com\/fi\/wp-json\/wp\/v2\/media\/226050"}],"wp:attachment":[{"href":"https:\/\/homeofwool.com\/fi\/wp-json\/wp\/v2\/media?parent=217680"}],"wp:term":[{"taxonomy":"product_brand","embeddable":true,"href":"https:\/\/homeofwool.com\/fi\/wp-json\/wp\/v2\/product_brand?post=217680"},{"taxonomy":"product_cat","embeddable":true,"href":"https:\/\/homeofwool.com\/fi\/wp-json\/wp\/v2\/product_cat?post=217680"},{"taxonomy":"product_tag","embeddable":true,"href":"https:\/\/homeofwool.com\/fi\/wp-json\/wp\/v2\/product_tag?post=217680"}],"curies":[{"name":"wp","href":"https:\/\/api.w.org\/{rel}","templated":true}]}}