{"id":217678,"date":"2025-09-02T12:02:06","date_gmt":"2025-09-02T12:02:06","guid":{"rendered":"https:\/\/homeofwool.com\/?post_type=product&#038;p=217678"},"modified":"2026-04-14T13:42:38","modified_gmt":"2026-04-14T13:42:38","slug":"imetystyyny","status":"publish","type":"product","link":"https:\/\/homeofwool.com\/fi\/shop\/nursing-pillow\/","title":{"rendered":"Villa hoitoty\u00f6n tyyny"},"content":{"rendered":"<p>Vastasyntyneen ruokkiminen vaatii enemm\u00e4n aikaa ja k\u00e4rsiv\u00e4llisyytt\u00e4 kuin uskotkaan. Ei ihme, ett\u00e4 mukavuus on yksi t\u00e4rkeimmist\u00e4 asioista, joiden avulla imetystunneista voi tehd\u00e4 helpompia ja miellytt\u00e4v\u00e4mpi\u00e4. K\u00e4sintehty U-muotoinen imetystyynymme on suunniteltu helpottamaan k\u00e4sivarsien, hartioiden ja sel\u00e4n rasitusta. N\u00e4in voit keskitty\u00e4 siihen, mik\u00e4 on t\u00e4rkeint\u00e4.<\/p>\n<p>Pehme\u00e4n U:n muotoinen tyyny lep\u00e4\u00e4 tukevasti ymp\u00e4rill\u00e4si ja auttaa vauvaa pysym\u00e4\u00e4n luonnollisessa sy\u00f6tt\u00f6asennossa, mik\u00e4 antaa tarvittavan imetystuen. Villat\u00e4yte antaa tasaista nostetta ja auttaa vauvaa asettumaan helpommin kiinni. Villa pit\u00e4\u00e4 sinut mukavana ja kuivana. Ei my\u00f6sk\u00e4\u00e4n koskaan liian kuuma.<\/p>\n<p>Lis\u00e4\u00e4 irrotettava p\u00e4\u00e4llinen tai tyynynp\u00e4\u00e4llinen helppohoitoiseksi. Voit my\u00f6s liitt\u00e4\u00e4 mukaan henkil\u00f6kohtaisen kirjailun, mik\u00e4 tekee tyynyst\u00e4 huomaavaisen lahjan ja kauniin muistoesineen.<\/p>\n<p>Todella monipuolinen, t\u00e4m\u00e4 imetystyyny voi jatkossakin toimia mukavana tukena vatsa-aikana ja auttaa vauvaa harjoittelemaan istumista tuettuna. T\u00e4ysin synteettisist\u00e4 aineista vapaa tyyny luo turvallisen ja kemikaalittoman ymp\u00e4rist\u00f6n pienelle lapsellesi.<\/p>\n<p>KOKO: 60 cm (23.6\u2033) x 48 cm (18.9\u2033)<\/p>","protected":false},"excerpt":{"rendered":"<p>Vauvan ruokkiminen vaatii aikaa ja k\u00e4rsiv\u00e4llisyytt\u00e4, ja mukavuus on niin t\u00e4rke\u00e4\u00e4 n\u00e4iden kolmen ensimm\u00e4isen kuukauden aikana. Se auttaa tekem\u00e4\u00e4n noista hetkist\u00e4 helpompia ja miellytt\u00e4v\u00e4mpi\u00e4 teille molemmille. Puhtaasta villat\u00e4ytteest\u00e4 ja orgaanisista kankaista valmistettu Home of Wool-imetystyyny tarjoaa luonnollisesti turvallisen ja allergiatestatut tilan l\u00e4heisyydelle, mukavuudelle ja yhteenkuuluvuudelle.<\/p>\n<div class=\"global-icon-set\">\n<div class=\"global-icon-set__items\">\n<div class=\"global-icon-set__item\">\n<div class=\"global-icon-set__image\">\n                                    <img decoding=\"async\" src=\"https:\/\/homeofwool.com\/wp-content\/uploads\/2025\/09\/handmade-icon-300x300.png\" alt=\"k\u00e4sintehty kuvake\" \/>\n                                <\/div>\n<div class=\"global-icon-set__title\">K\u00e4sintehty<\/div>\n<\/p><\/div>\n<div class=\"global-icon-set__item\">\n<div class=\"global-icon-set__image\">\n                                    <img decoding=\"async\" src=\"https:\/\/homeofwool.com\/wp-content\/uploads\/2025\/09\/VOCs-min-300x300.png\" alt=\"vocs vapaa\" \/>\n                                <\/div>\n<div class=\"global-icon-set__title\">VOC-vapaa<\/div>\n<\/p><\/div>\n<div class=\"global-icon-set__item\">\n<div class=\"global-icon-set__image\">\n                                    <img decoding=\"async\" src=\"https:\/\/homeofwool.com\/wp-content\/uploads\/2025\/09\/FR-min-300x300.png\" alt=\"palonkest\u00e4v\u00e4 kuvake\" \/>\n                                <\/div>\n<div class=\"global-icon-set__title\">Liekinkest\u00e4v\u00e4<\/div>\n<\/p><\/div>\n<div class=\"global-icon-set__item\">\n<div class=\"global-icon-set__image\">\n                                    <img decoding=\"async\" src=\"https:\/\/homeofwool.com\/wp-content\/uploads\/2025\/09\/Hypoallergenic-min-300x300.png\" alt=\"hypoallergeeninen kuvake\" \/>\n                                <\/div>\n<div class=\"global-icon-set__title\">Hypoallergeeninen<\/div>\n<\/p><\/div>\n<div class=\"global-icon-set__item\">\n<div class=\"global-icon-set__image\">\n                                    <img decoding=\"async\" src=\"https:\/\/homeofwool.com\/wp-content\/uploads\/2025\/09\/free-of-synthetics-icon-300x300.png\" alt=\"synteettisi\u00e4 aineita sis\u00e4lt\u00e4m\u00e4t\u00f6n kuvake\" \/>\n                                <\/div>\n<div class=\"global-icon-set__title\">Vapaa synteettisist\u00e4 aineista<\/div>\n<\/p><\/div>\n<div class=\"global-icon-set__item\">\n<div class=\"global-icon-set__image\">\n                                    <img decoding=\"async\" src=\"https:\/\/homeofwool.com\/wp-content\/uploads\/2025\/09\/chemical-free-icon-300x300.png\" alt=\"kemikaalivapaa kuvake\" \/>\n                                <\/div>\n<div class=\"global-icon-set__title\">Kemikaalivapaa<\/div>\n<\/p><\/div>\n<div class=\"global-icon-set__item\">\n<div class=\"global-icon-set__image\">\n                                    <img decoding=\"async\" src=\"https:\/\/homeofwool.com\/wp-content\/uploads\/2025\/09\/anti-bacterial-icon-300x300.png\" alt=\"anti bakteeri kuvake\" \/>\n                                <\/div>\n<div class=\"global-icon-set__title\">Anti-mikrobinen &amp; antibakteerinen<\/div>\n<\/p><\/div>\n<div class=\"global-icon-set__item\">\n<div class=\"global-icon-set__image\">\n                                    <img decoding=\"async\" src=\"https:\/\/homeofwool.com\/wp-content\/uploads\/2025\/09\/certified-materials-icon-300x300.png\" alt=\"sertifioitujen materiaalien kuvake\" \/>\n                                <\/div>\n<div class=\"global-icon-set__title\">100% Puhtaat sertifioidut materiaalit<\/div>\n<\/p><\/div>\n<\/p><\/div>\n<\/p><\/div>","protected":false},"featured_media":219747,"template":"","meta":{"_acf_changed":false},"product_brand":[],"product_cat":[1366,267],"product_tag":[123,708,709,710,711,704,712,713,714,468,715,716,717,149],"class_list":{"0":"post-217678","1":"product","2":"type-product","3":"status-publish","4":"has-post-thumbnail","6":"product_cat-womens-day","7":"product_cat-nursery","8":"product_tag-baby-shower-gift","9":"product_tag-boppy-pillow","10":"product_tag-boppy-zippered-cover","11":"product_tag-breast-feeding","12":"product_tag-breastfeeding-pillow","13":"product_tag-eco-baby-bedding","14":"product_tag-feeding-pillow","15":"product_tag-new-mom-gift","16":"product_tag-newborn-lounger","17":"product_tag-non-toxic-nursery","18":"product_tag-nursing-pillow","19":"product_tag-organic-nursing","20":"product_tag-sheep-wool-filling","21":"product_tag-steps","23":"first","24":"instock","25":"shipping-taxable","26":"purchasable","27":"product-type-simple"},"acf":[],"yoast_head":"<!-- This site is optimized with the Yoast SEO Premium plugin v27.4 (Yoast SEO v27.4) - https:\/\/yoast.com\/product\/yoast-seo-premium-wordpress\/ -->\n<title>Wool Nursing Pillow \u2013 Safe Breastfeeding Support | Home of Wool<\/title>\n<meta name=\"description\" content=\"Breathable and ergonomic, the Wool Nursing Pillow provides toxin-free comfort. Hypoallergenic and supportive, it ensures safe and sustainable breastfeeding support every day.\" \/>\n<meta name=\"robots\" content=\"index, follow, max-snippet:-1, max-image-preview:large, max-video-preview:-1\" \/>\n<link rel=\"canonical\" href=\"https:\/\/homeofwool.com\/fi\/shop\/imetystyyny\/\" \/>\n<meta property=\"og:locale\" content=\"fi_FI\" \/>\n<meta property=\"og:type\" content=\"article\" \/>\n<meta property=\"og:title\" content=\"Wool Nursing Pillow\" \/>\n<meta property=\"og:description\" content=\"Breathable and ergonomic, the Wool Nursing Pillow provides toxin-free comfort. Hypoallergenic and supportive, it ensures safe and sustainable breastfeeding support every day.\" \/>\n<meta property=\"og:url\" content=\"https:\/\/homeofwool.com\/fi\/shop\/imetystyyny\/\" \/>\n<meta property=\"og:site_name\" content=\"Home of Wool\" \/>\n<meta property=\"article:publisher\" content=\"https:\/\/facebook.com\/HomeOfWoolOfficial\" \/>\n<meta property=\"article:modified_time\" content=\"2026-04-14T13:42:38+00:00\" \/>\n<meta property=\"og:image\" content=\"https:\/\/homeofwool.com\/wp-content\/uploads\/2025\/09\/home-of-wool-wool-nursing-pillow-1-main.jpg\" \/>\n\t<meta property=\"og:image:width\" content=\"1707\" \/>\n\t<meta property=\"og:image:height\" content=\"1560\" \/>\n\t<meta property=\"og:image:type\" content=\"image\/jpeg\" \/>\n<meta name=\"twitter:card\" content=\"summary_large_image\" \/>\n<meta name=\"twitter:label1\" content=\"Arvioitu lukuaika\" \/>\n\t<meta name=\"twitter:data1\" content=\"1 minuutti\" \/>\n<script type=\"application\/ld+json\" class=\"yoast-schema-graph\">{\"@context\":\"https:\\\/\\\/schema.org\",\"@graph\":[{\"@type\":\"WebPage\",\"@id\":\"https:\\\/\\\/homeofwool.com\\\/shop\\\/nursing-pillow\\\/\",\"url\":\"https:\\\/\\\/homeofwool.com\\\/shop\\\/nursing-pillow\\\/\",\"name\":\"Wool Nursing Pillow \u2013 Safe Breastfeeding Support | Home of Wool\",\"isPartOf\":{\"@id\":\"https:\\\/\\\/homeofwool.com\\\/#website\"},\"primaryImageOfPage\":{\"@id\":\"https:\\\/\\\/homeofwool.com\\\/shop\\\/nursing-pillow\\\/#primaryimage\"},\"image\":{\"@id\":\"https:\\\/\\\/homeofwool.com\\\/shop\\\/nursing-pillow\\\/#primaryimage\"},\"thumbnailUrl\":\"https:\\\/\\\/homeofwool.com\\\/wp-content\\\/uploads\\\/2025\\\/09\\\/home-of-wool-wool-nursing-pillow-1-main.jpg\",\"datePublished\":\"2025-09-02T12:02:06+00:00\",\"dateModified\":\"2026-04-14T13:42:38+00:00\",\"description\":\"Breathable and ergonomic, the Wool Nursing Pillow provides toxin-free comfort. Hypoallergenic and supportive, it ensures safe and sustainable breastfeeding support every day.\",\"breadcrumb\":{\"@id\":\"https:\\\/\\\/homeofwool.com\\\/shop\\\/nursing-pillow\\\/#breadcrumb\"},\"inLanguage\":\"fi\",\"potentialAction\":[{\"@type\":\"ReadAction\",\"target\":[\"https:\\\/\\\/homeofwool.com\\\/shop\\\/nursing-pillow\\\/\"]}]},{\"@type\":\"ImageObject\",\"inLanguage\":\"fi\",\"@id\":\"https:\\\/\\\/homeofwool.com\\\/shop\\\/nursing-pillow\\\/#primaryimage\",\"url\":\"https:\\\/\\\/homeofwool.com\\\/wp-content\\\/uploads\\\/2025\\\/09\\\/home-of-wool-wool-nursing-pillow-1-main.jpg\",\"contentUrl\":\"https:\\\/\\\/homeofwool.com\\\/wp-content\\\/uploads\\\/2025\\\/09\\\/home-of-wool-wool-nursing-pillow-1-main.jpg\",\"width\":1707,\"height\":1560,\"caption\":\"home of wool nursing pillow being used by mother and baby\"},{\"@type\":\"BreadcrumbList\",\"@id\":\"https:\\\/\\\/homeofwool.com\\\/shop\\\/nursing-pillow\\\/#breadcrumb\",\"itemListElement\":[{\"@type\":\"ListItem\",\"position\":1,\"name\":\"Home\",\"item\":\"https:\\\/\\\/homeofwool.com\\\/\"},{\"@type\":\"ListItem\",\"position\":2,\"name\":\"Products\",\"item\":\"https:\\\/\\\/homeofwool.com\\\/header-search-2\\\/\"},{\"@type\":\"ListItem\",\"position\":3,\"name\":\"Wool Nursing Pillow\"}]},{\"@type\":\"WebSite\",\"@id\":\"https:\\\/\\\/homeofwool.com\\\/#website\",\"url\":\"https:\\\/\\\/homeofwool.com\\\/\",\"name\":\"Home of Wool\",\"description\":\"\",\"publisher\":{\"@id\":\"https:\\\/\\\/homeofwool.com\\\/#organization\"},\"potentialAction\":[{\"@type\":\"SearchAction\",\"target\":{\"@type\":\"EntryPoint\",\"urlTemplate\":\"https:\\\/\\\/homeofwool.com\\\/?s={search_term_string}\"},\"query-input\":{\"@type\":\"PropertyValueSpecification\",\"valueRequired\":true,\"valueName\":\"search_term_string\"}}],\"inLanguage\":\"fi\"},{\"@type\":\"Organization\",\"@id\":\"https:\\\/\\\/homeofwool.com\\\/#organization\",\"name\":\"Home of Wool\",\"url\":\"https:\\\/\\\/homeofwool.com\\\/\",\"logo\":{\"@type\":\"ImageObject\",\"inLanguage\":\"fi\",\"@id\":\"https:\\\/\\\/homeofwool.com\\\/#\\\/schema\\\/logo\\\/image\\\/\",\"url\":\"https:\\\/\\\/homeofwool.com\\\/wp-content\\\/uploads\\\/2025\\\/09\\\/WhatsApp-Image-2025-12-02-at-16.23.20.jpeg\",\"contentUrl\":\"https:\\\/\\\/homeofwool.com\\\/wp-content\\\/uploads\\\/2025\\\/09\\\/WhatsApp-Image-2025-12-02-at-16.23.20.jpeg\",\"width\":700,\"height\":247,\"caption\":\"Home of Wool\"},\"image\":{\"@id\":\"https:\\\/\\\/homeofwool.com\\\/#\\\/schema\\\/logo\\\/image\\\/\"},\"sameAs\":[\"https:\\\/\\\/facebook.com\\\/HomeOfWoolOfficial\"]}]}<\/script>\n<!-- \/ Yoast SEO Premium plugin. -->","yoast_head_json":{"title":"Villainen imetystyyny - turvallinen imetystuki | Home of Wool","description":"Hengitt\u00e4v\u00e4 ja ergonominen Wool Nursing Pillow tarjoaa myrkyt\u00f6nt\u00e4 mukavuutta. Hypoallergeeninen ja tukeva, se takaa turvallisen ja kest\u00e4v\u00e4n imetystuen joka p\u00e4iv\u00e4.","robots":{"index":"index","follow":"follow","max-snippet":"max-snippet:-1","max-image-preview":"max-image-preview:large","max-video-preview":"max-video-preview:-1"},"canonical":"https:\/\/homeofwool.com\/fi\/shop\/imetystyyny\/","og_locale":"fi_FI","og_type":"article","og_title":"Wool Nursing Pillow","og_description":"Breathable and ergonomic, the Wool Nursing Pillow provides toxin-free comfort. Hypoallergenic and supportive, it ensures safe and sustainable breastfeeding support every day.","og_url":"https:\/\/homeofwool.com\/fi\/shop\/imetystyyny\/","og_site_name":"Home of Wool","article_publisher":"https:\/\/facebook.com\/HomeOfWoolOfficial","article_modified_time":"2026-04-14T13:42:38+00:00","og_image":[{"width":1707,"height":1560,"url":"https:\/\/homeofwool.com\/wp-content\/uploads\/2025\/09\/home-of-wool-wool-nursing-pillow-1-main.jpg","type":"image\/jpeg"}],"twitter_card":"summary_large_image","twitter_misc":{"Arvioitu lukuaika":"1 minuutti"},"schema":{"@context":"https:\/\/schema.org","@graph":[{"@type":"WebPage","@id":"https:\/\/homeofwool.com\/shop\/nursing-pillow\/","url":"https:\/\/homeofwool.com\/shop\/nursing-pillow\/","name":"Villainen imetystyyny - turvallinen imetystuki | Home of Wool","isPartOf":{"@id":"https:\/\/homeofwool.com\/#website"},"primaryImageOfPage":{"@id":"https:\/\/homeofwool.com\/shop\/nursing-pillow\/#primaryimage"},"image":{"@id":"https:\/\/homeofwool.com\/shop\/nursing-pillow\/#primaryimage"},"thumbnailUrl":"https:\/\/homeofwool.com\/wp-content\/uploads\/2025\/09\/home-of-wool-wool-nursing-pillow-1-main.jpg","datePublished":"2025-09-02T12:02:06+00:00","dateModified":"2026-04-14T13:42:38+00:00","description":"Hengitt\u00e4v\u00e4 ja ergonominen Wool Nursing Pillow tarjoaa myrkyt\u00f6nt\u00e4 mukavuutta. Hypoallergeeninen ja tukeva, se takaa turvallisen ja kest\u00e4v\u00e4n imetystuen joka p\u00e4iv\u00e4.","breadcrumb":{"@id":"https:\/\/homeofwool.com\/shop\/nursing-pillow\/#breadcrumb"},"inLanguage":"fi","potentialAction":[{"@type":"ReadAction","target":["https:\/\/homeofwool.com\/shop\/nursing-pillow\/"]}]},{"@type":"ImageObject","inLanguage":"fi","@id":"https:\/\/homeofwool.com\/shop\/nursing-pillow\/#primaryimage","url":"https:\/\/homeofwool.com\/wp-content\/uploads\/2025\/09\/home-of-wool-wool-nursing-pillow-1-main.jpg","contentUrl":"https:\/\/homeofwool.com\/wp-content\/uploads\/2025\/09\/home-of-wool-wool-nursing-pillow-1-main.jpg","width":1707,"height":1560,"caption":"home of wool nursing pillow being used by mother and baby"},{"@type":"BreadcrumbList","@id":"https:\/\/homeofwool.com\/shop\/nursing-pillow\/#breadcrumb","itemListElement":[{"@type":"ListItem","position":1,"name":"Home","item":"https:\/\/homeofwool.com\/"},{"@type":"ListItem","position":2,"name":"Products","item":"https:\/\/homeofwool.com\/header-search-2\/"},{"@type":"ListItem","position":3,"name":"Wool Nursing Pillow"}]},{"@type":"WebSite","@id":"https:\/\/homeofwool.com\/#website","url":"https:\/\/homeofwool.com\/","name":"Villan koti","description":"","publisher":{"@id":"https:\/\/homeofwool.com\/#organization"},"potentialAction":[{"@type":"SearchAction","target":{"@type":"EntryPoint","urlTemplate":"https:\/\/homeofwool.com\/?s={search_term_string}"},"query-input":{"@type":"PropertyValueSpecification","valueRequired":true,"valueName":"search_term_string"}}],"inLanguage":"fi"},{"@type":"Organization","@id":"https:\/\/homeofwool.com\/#organization","name":"Villan koti","url":"https:\/\/homeofwool.com\/","logo":{"@type":"ImageObject","inLanguage":"fi","@id":"https:\/\/homeofwool.com\/#\/schema\/logo\/image\/","url":"https:\/\/homeofwool.com\/wp-content\/uploads\/2025\/09\/WhatsApp-Image-2025-12-02-at-16.23.20.jpeg","contentUrl":"https:\/\/homeofwool.com\/wp-content\/uploads\/2025\/09\/WhatsApp-Image-2025-12-02-at-16.23.20.jpeg","width":700,"height":247,"caption":"Home of Wool"},"image":{"@id":"https:\/\/homeofwool.com\/#\/schema\/logo\/image\/"},"sameAs":["https:\/\/facebook.com\/HomeOfWoolOfficial"]}]}},"_links":{"self":[{"href":"https:\/\/homeofwool.com\/fi\/wp-json\/wp\/v2\/product\/217678","targetHints":{"allow":["GET"]}}],"collection":[{"href":"https:\/\/homeofwool.com\/fi\/wp-json\/wp\/v2\/product"}],"about":[{"href":"https:\/\/homeofwool.com\/fi\/wp-json\/wp\/v2\/types\/product"}],"version-history":[{"count":2,"href":"https:\/\/homeofwool.com\/fi\/wp-json\/wp\/v2\/product\/217678\/revisions"}],"predecessor-version":[{"id":226062,"href":"https:\/\/homeofwool.com\/fi\/wp-json\/wp\/v2\/product\/217678\/revisions\/226062"}],"wp:featuredmedia":[{"embeddable":true,"href":"https:\/\/homeofwool.com\/fi\/wp-json\/wp\/v2\/media\/219747"}],"wp:attachment":[{"href":"https:\/\/homeofwool.com\/fi\/wp-json\/wp\/v2\/media?parent=217678"}],"wp:term":[{"taxonomy":"product_brand","embeddable":true,"href":"https:\/\/homeofwool.com\/fi\/wp-json\/wp\/v2\/product_brand?post=217678"},{"taxonomy":"product_cat","embeddable":true,"href":"https:\/\/homeofwool.com\/fi\/wp-json\/wp\/v2\/product_cat?post=217678"},{"taxonomy":"product_tag","embeddable":true,"href":"https:\/\/homeofwool.com\/fi\/wp-json\/wp\/v2\/product_tag?post=217678"}],"curies":[{"name":"wp","href":"https:\/\/api.w.org\/{rel}","templated":true}]}}