{"id":217674,"date":"2025-09-02T12:02:06","date_gmt":"2025-09-02T12:02:06","guid":{"rendered":"https:\/\/homeofwool.com\/?post_type=product&#038;p=217674"},"modified":"2026-03-06T12:25:52","modified_gmt":"2026-03-06T12:25:52","slug":"vaihtopoyta","status":"publish","type":"product","link":"https:\/\/homeofwool.com\/fi\/shop\/changing-table\/","title":{"rendered":"Villa vaihtop\u00f6yd\u00e4n tyyny"},"content":{"rendered":"<p>T\u00e4m\u00e4 villat\u00e4ytteinen vaippap\u00f6yt\u00e4 on v\u00e4ltt\u00e4m\u00e4t\u00f6n jokaisessa lastenhuoneessa, sill\u00e4 se tekee vaippojen vaihdosta mukavan ja rauhallisen hetken. Olemme suunnitelleet p\u00f6yd\u00e4n pehme\u00e4sti koholla olevilla villat\u00e4ytteisill\u00e4 sivuilla turvallisuuden lis\u00e4\u00e4miseksi ja pehme\u00e4ll\u00e4 villaytimell\u00e4, joka tukee vauvan kehoa. Toisin kuin synteettiset vaahtomuovit, villa on luonnostaan vastustuskykyinen p\u00f6lypunkkeille, homeelle ja bakteereille, mik\u00e4 tekee siit\u00e4 turvallisen ja kemikaalittoman vaippap\u00f6yd\u00e4n vastasyntyneille.<\/p>\n<p>Irrotettava p\u00e4\u00e4llinen tekee siit\u00e4 konepest\u00e4v\u00e4 vaippap\u00f6yd\u00e4n, joka on helppo hoitaa jopa kiireisimpin\u00e4 vanhemmuuden p\u00e4ivin\u00e4. Voit my\u00f6s lis\u00e4t\u00e4 valinnaisen villasuojan ja lanolisoida sen lis\u00e4suojaksi. Jokainen p\u00f6yt\u00e4 on t\u00e4ysin muokattavissa kankaan, koon ja viimeistelyjen osalta.<\/p>\n<p>Myrkyt\u00f6n vauvan v\u00e4ltt\u00e4m\u00e4t\u00f6n tuote, joka sopii t\u00e4ydellisesti p\u00e4ivitt\u00e4iseen k\u00e4ytt\u00f6\u00f6n, vaippojen vaihdosta vauvan hierontaan, lempe\u00e4\u00e4n voimisteluun ja p\u00e4ivitt\u00e4isiin hoitotoimenpiteisiin.<\/p>","protected":false},"excerpt":{"rendered":"<p>Jokaisen lastenhuoneen kulmakivi, villainen vaippap\u00f6yt\u00e4 tarjoaa luonnollista mukavuutta ja turvallisuutta p\u00e4ivitt\u00e4isiin vaippojenvaihtoihin, vauvan hierontaan ja lempe\u00e4\u00e4n voimisteluun. K\u00e4sintehty puhtaasta villasta ja luonnonmateriaaleista, t\u00e4m\u00e4 hypoallergeeninen vaippap\u00f6yt\u00e4 ei sis\u00e4ll\u00e4 kemikaaleja, joten se on terveellisempi valinta vauvallesi.<\/p>\n<div class=\"global-icon-set\">\n<div class=\"global-icon-set__items\">\n<div class=\"global-icon-set__item\">\n<div class=\"global-icon-set__image\">\n                                    <img decoding=\"async\" src=\"https:\/\/homeofwool.com\/wp-content\/uploads\/2025\/09\/handmade-icon-300x300.png\" alt=\"k\u00e4sintehty kuvake\" \/>\n                                <\/div>\n<div class=\"global-icon-set__title\">K\u00e4sintehty<\/div>\n<\/p><\/div>\n<div class=\"global-icon-set__item\">\n<div class=\"global-icon-set__image\">\n                                    <img decoding=\"async\" src=\"https:\/\/homeofwool.com\/wp-content\/uploads\/2025\/09\/VOCs-min-300x300.png\" alt=\"vocs vapaa\" \/>\n                                <\/div>\n<div class=\"global-icon-set__title\">VOC-vapaa<\/div>\n<\/p><\/div>\n<div class=\"global-icon-set__item\">\n<div class=\"global-icon-set__image\">\n                                    <img decoding=\"async\" src=\"https:\/\/homeofwool.com\/wp-content\/uploads\/2025\/09\/FR-min-300x300.png\" alt=\"palonkest\u00e4v\u00e4 kuvake\" \/>\n                                <\/div>\n<div class=\"global-icon-set__title\">Liekinkest\u00e4v\u00e4<\/div>\n<\/p><\/div>\n<div class=\"global-icon-set__item\">\n<div class=\"global-icon-set__image\">\n                                    <img decoding=\"async\" src=\"https:\/\/homeofwool.com\/wp-content\/uploads\/2025\/09\/Hypoallergenic-min-300x300.png\" alt=\"hypoallergeeninen kuvake\" \/>\n                                <\/div>\n<div class=\"global-icon-set__title\">Hypoallergeeninen<\/div>\n<\/p><\/div>\n<div class=\"global-icon-set__item\">\n<div class=\"global-icon-set__image\">\n                                    <img decoding=\"async\" src=\"https:\/\/homeofwool.com\/wp-content\/uploads\/2025\/09\/free-of-synthetics-icon-300x300.png\" alt=\"synteettisi\u00e4 aineita sis\u00e4lt\u00e4m\u00e4t\u00f6n kuvake\" \/>\n                                <\/div>\n<div class=\"global-icon-set__title\">Vapaa synteettisist\u00e4 aineista<\/div>\n<\/p><\/div>\n<div class=\"global-icon-set__item\">\n<div class=\"global-icon-set__image\">\n                                    <img decoding=\"async\" src=\"https:\/\/homeofwool.com\/wp-content\/uploads\/2025\/09\/chemical-free-icon-300x300.png\" alt=\"kemikaalivapaa kuvake\" \/>\n                                <\/div>\n<div class=\"global-icon-set__title\">Kemikaalivapaa<\/div>\n<\/p><\/div>\n<div class=\"global-icon-set__item\">\n<div class=\"global-icon-set__image\">\n                                    <img decoding=\"async\" src=\"https:\/\/homeofwool.com\/wp-content\/uploads\/2025\/09\/anti-bacterial-icon-300x300.png\" alt=\"anti bakteeri kuvake\" \/>\n                                <\/div>\n<div class=\"global-icon-set__title\">Anti-mikrobinen &amp; antibakteerinen<\/div>\n<\/p><\/div>\n<div class=\"global-icon-set__item\">\n<div class=\"global-icon-set__image\">\n                                    <img decoding=\"async\" src=\"https:\/\/homeofwool.com\/wp-content\/uploads\/2025\/09\/certified-materials-icon-300x300.png\" alt=\"sertifioitujen materiaalien kuvake\" \/>\n                                <\/div>\n<div class=\"global-icon-set__title\">100% Puhtaat sertifioidut materiaalit<\/div>\n<\/p><\/div>\n<\/p><\/div>\n<\/p><\/div>","protected":false},"featured_media":219619,"template":"","meta":{"_acf_changed":false},"product_brand":[],"product_cat":[266,267],"product_tag":[275,276,695,277,696,278,279,1376,280,149,281],"class_list":{"0":"post-217674","1":"product","2":"type-product","3":"status-publish","4":"has-post-thumbnail","6":"product_cat-baby-sleep-products","7":"product_cat-nursery","8":"product_tag-baby-changer","9":"product_tag-baby-changing-mat","10":"product_tag-change-table-pad","11":"product_tag-changing-pad","12":"product_tag-changing-table","13":"product_tag-custom-baby-pad","14":"product_tag-diaper-change","15":"product_tag-march20t","16":"product_tag-nappy-change","17":"product_tag-steps","18":"product_tag-travel-changing-mat","20":"first","21":"instock","22":"shipping-taxable","23":"purchasable","24":"product-type-simple"},"acf":[],"yoast_head":"<!-- This site is optimized with the Yoast SEO Premium plugin v27.3 (Yoast SEO v27.3) - https:\/\/yoast.com\/product\/yoast-seo-premium-wordpress\/ -->\n<title>Changing Table Pad \u2013 Organic Diaper Changing Pad | Home of Wool<\/title>\n<meta name=\"description\" content=\"Breathable and safe, the Changing Table Pad is made with organic wool filling for toxin-free comfort. Hypoallergenic and natural, it ensures secure and eco-friendly diaper changes.\" \/>\n<meta name=\"robots\" content=\"index, follow, max-snippet:-1, max-image-preview:large, max-video-preview:-1\" \/>\n<link rel=\"canonical\" href=\"https:\/\/homeofwool.com\/fi\/shop\/vaihtopoyta\/\" \/>\n<meta property=\"og:locale\" content=\"fi_FI\" \/>\n<meta property=\"og:type\" content=\"article\" \/>\n<meta property=\"og:title\" content=\"Wool Changing Table Pad\" \/>\n<meta property=\"og:description\" content=\"Breathable and safe, the Changing Table Pad is made with organic wool filling for toxin-free comfort. Hypoallergenic and natural, it ensures secure and eco-friendly diaper changes.\" \/>\n<meta property=\"og:url\" content=\"https:\/\/homeofwool.com\/fi\/shop\/vaihtopoyta\/\" \/>\n<meta property=\"og:site_name\" content=\"Home of Wool\" \/>\n<meta property=\"article:publisher\" content=\"https:\/\/facebook.com\/HomeOfWoolOfficial\" \/>\n<meta property=\"article:modified_time\" content=\"2026-03-06T12:25:52+00:00\" \/>\n<meta property=\"og:image\" content=\"https:\/\/homeofwool.com\/wp-content\/uploads\/2025\/09\/home-of-wool-wool-changing-table-pad-1-main-base.jpg\" \/>\n\t<meta property=\"og:image:width\" content=\"2000\" \/>\n\t<meta property=\"og:image:height\" content=\"1600\" \/>\n\t<meta property=\"og:image:type\" content=\"image\/jpeg\" \/>\n<meta name=\"twitter:card\" content=\"summary_large_image\" \/>\n<meta name=\"twitter:label1\" content=\"Arvioitu lukuaika\" \/>\n\t<meta name=\"twitter:data1\" content=\"1 minuutti\" \/>\n<script type=\"application\/ld+json\" class=\"yoast-schema-graph\">{\"@context\":\"https:\\\/\\\/schema.org\",\"@graph\":[{\"@type\":\"WebPage\",\"@id\":\"https:\\\/\\\/homeofwool.com\\\/shop\\\/changing-table\\\/\",\"url\":\"https:\\\/\\\/homeofwool.com\\\/shop\\\/changing-table\\\/\",\"name\":\"Changing Table Pad \u2013 Organic Diaper Changing Pad | Home of Wool\",\"isPartOf\":{\"@id\":\"https:\\\/\\\/homeofwool.com\\\/#website\"},\"primaryImageOfPage\":{\"@id\":\"https:\\\/\\\/homeofwool.com\\\/shop\\\/changing-table\\\/#primaryimage\"},\"image\":{\"@id\":\"https:\\\/\\\/homeofwool.com\\\/shop\\\/changing-table\\\/#primaryimage\"},\"thumbnailUrl\":\"https:\\\/\\\/homeofwool.com\\\/wp-content\\\/uploads\\\/2025\\\/09\\\/home-of-wool-wool-changing-table-pad-1-main-base.jpg\",\"datePublished\":\"2025-09-02T12:02:06+00:00\",\"dateModified\":\"2026-03-06T12:25:52+00:00\",\"description\":\"Breathable and safe, the Changing Table Pad is made with organic wool filling for toxin-free comfort. Hypoallergenic and natural, it ensures secure and eco-friendly diaper changes.\",\"breadcrumb\":{\"@id\":\"https:\\\/\\\/homeofwool.com\\\/shop\\\/changing-table\\\/#breadcrumb\"},\"inLanguage\":\"fi\",\"potentialAction\":[{\"@type\":\"ReadAction\",\"target\":[\"https:\\\/\\\/homeofwool.com\\\/shop\\\/changing-table\\\/\"]}]},{\"@type\":\"ImageObject\",\"inLanguage\":\"fi\",\"@id\":\"https:\\\/\\\/homeofwool.com\\\/shop\\\/changing-table\\\/#primaryimage\",\"url\":\"https:\\\/\\\/homeofwool.com\\\/wp-content\\\/uploads\\\/2025\\\/09\\\/home-of-wool-wool-changing-table-pad-1-main-base.jpg\",\"contentUrl\":\"https:\\\/\\\/homeofwool.com\\\/wp-content\\\/uploads\\\/2025\\\/09\\\/home-of-wool-wool-changing-table-pad-1-main-base.jpg\",\"width\":2000,\"height\":1600,\"caption\":\"Wool changing table\"},{\"@type\":\"BreadcrumbList\",\"@id\":\"https:\\\/\\\/homeofwool.com\\\/shop\\\/changing-table\\\/#breadcrumb\",\"itemListElement\":[{\"@type\":\"ListItem\",\"position\":1,\"name\":\"Home\",\"item\":\"https:\\\/\\\/homeofwool.com\\\/\"},{\"@type\":\"ListItem\",\"position\":2,\"name\":\"Products\",\"item\":\"https:\\\/\\\/homeofwool.com\\\/header-search-2\\\/\"},{\"@type\":\"ListItem\",\"position\":3,\"name\":\"Wool Changing Table Pad\"}]},{\"@type\":\"WebSite\",\"@id\":\"https:\\\/\\\/homeofwool.com\\\/#website\",\"url\":\"https:\\\/\\\/homeofwool.com\\\/\",\"name\":\"Home of Wool\",\"description\":\"\",\"publisher\":{\"@id\":\"https:\\\/\\\/homeofwool.com\\\/#organization\"},\"potentialAction\":[{\"@type\":\"SearchAction\",\"target\":{\"@type\":\"EntryPoint\",\"urlTemplate\":\"https:\\\/\\\/homeofwool.com\\\/?s={search_term_string}\"},\"query-input\":{\"@type\":\"PropertyValueSpecification\",\"valueRequired\":true,\"valueName\":\"search_term_string\"}}],\"inLanguage\":\"fi\"},{\"@type\":\"Organization\",\"@id\":\"https:\\\/\\\/homeofwool.com\\\/#organization\",\"name\":\"Home of Wool\",\"url\":\"https:\\\/\\\/homeofwool.com\\\/\",\"logo\":{\"@type\":\"ImageObject\",\"inLanguage\":\"fi\",\"@id\":\"https:\\\/\\\/homeofwool.com\\\/#\\\/schema\\\/logo\\\/image\\\/\",\"url\":\"https:\\\/\\\/homeofwool.com\\\/wp-content\\\/uploads\\\/2025\\\/09\\\/WhatsApp-Image-2025-12-02-at-16.23.20.jpeg\",\"contentUrl\":\"https:\\\/\\\/homeofwool.com\\\/wp-content\\\/uploads\\\/2025\\\/09\\\/WhatsApp-Image-2025-12-02-at-16.23.20.jpeg\",\"width\":700,\"height\":247,\"caption\":\"Home of Wool\"},\"image\":{\"@id\":\"https:\\\/\\\/homeofwool.com\\\/#\\\/schema\\\/logo\\\/image\\\/\"},\"sameAs\":[\"https:\\\/\\\/facebook.com\\\/HomeOfWoolOfficial\"]}]}<\/script>\n<!-- \/ Yoast SEO Premium plugin. -->","yoast_head_json":{"title":"Vaihtop\u00f6yt\u00e4pehmuste \u2013 Luonnonmukainen vaippojen vaihtop\u00f6yt\u00e4pehmuste | Home of Wool","description":"Hengitt\u00e4v\u00e4 ja turvallinen vaippap\u00f6yt\u00e4peite on valmistettu orgaanisesta villasta, joka takaa myrkytt\u00f6m\u00e4n mukavuuden. Hypoallergeeninen ja luonnollinen peite takaa turvallisen ja ymp\u00e4rist\u00f6yst\u00e4v\u00e4llisen vaippojen vaihdon.","robots":{"index":"index","follow":"follow","max-snippet":"max-snippet:-1","max-image-preview":"max-image-preview:large","max-video-preview":"max-video-preview:-1"},"canonical":"https:\/\/homeofwool.com\/fi\/shop\/vaihtopoyta\/","og_locale":"fi_FI","og_type":"article","og_title":"Wool Changing Table Pad","og_description":"Breathable and safe, the Changing Table Pad is made with organic wool filling for toxin-free comfort. Hypoallergenic and natural, it ensures secure and eco-friendly diaper changes.","og_url":"https:\/\/homeofwool.com\/fi\/shop\/vaihtopoyta\/","og_site_name":"Home of Wool","article_publisher":"https:\/\/facebook.com\/HomeOfWoolOfficial","article_modified_time":"2026-03-06T12:25:52+00:00","og_image":[{"width":2000,"height":1600,"url":"https:\/\/homeofwool.com\/wp-content\/uploads\/2025\/09\/home-of-wool-wool-changing-table-pad-1-main-base.jpg","type":"image\/jpeg"}],"twitter_card":"summary_large_image","twitter_misc":{"Arvioitu lukuaika":"1 minuutti"},"schema":{"@context":"https:\/\/schema.org","@graph":[{"@type":"WebPage","@id":"https:\/\/homeofwool.com\/shop\/changing-table\/","url":"https:\/\/homeofwool.com\/shop\/changing-table\/","name":"Vaihtop\u00f6yt\u00e4pehmuste \u2013 Luonnonmukainen vaippojen vaihtop\u00f6yt\u00e4pehmuste | Home of Wool","isPartOf":{"@id":"https:\/\/homeofwool.com\/#website"},"primaryImageOfPage":{"@id":"https:\/\/homeofwool.com\/shop\/changing-table\/#primaryimage"},"image":{"@id":"https:\/\/homeofwool.com\/shop\/changing-table\/#primaryimage"},"thumbnailUrl":"https:\/\/homeofwool.com\/wp-content\/uploads\/2025\/09\/home-of-wool-wool-changing-table-pad-1-main-base.jpg","datePublished":"2025-09-02T12:02:06+00:00","dateModified":"2026-03-06T12:25:52+00:00","description":"Hengitt\u00e4v\u00e4 ja turvallinen vaippap\u00f6yt\u00e4peite on valmistettu orgaanisesta villasta, joka takaa myrkytt\u00f6m\u00e4n mukavuuden. Hypoallergeeninen ja luonnollinen peite takaa turvallisen ja ymp\u00e4rist\u00f6yst\u00e4v\u00e4llisen vaippojen vaihdon.","breadcrumb":{"@id":"https:\/\/homeofwool.com\/shop\/changing-table\/#breadcrumb"},"inLanguage":"fi","potentialAction":[{"@type":"ReadAction","target":["https:\/\/homeofwool.com\/shop\/changing-table\/"]}]},{"@type":"ImageObject","inLanguage":"fi","@id":"https:\/\/homeofwool.com\/shop\/changing-table\/#primaryimage","url":"https:\/\/homeofwool.com\/wp-content\/uploads\/2025\/09\/home-of-wool-wool-changing-table-pad-1-main-base.jpg","contentUrl":"https:\/\/homeofwool.com\/wp-content\/uploads\/2025\/09\/home-of-wool-wool-changing-table-pad-1-main-base.jpg","width":2000,"height":1600,"caption":"Wool changing table"},{"@type":"BreadcrumbList","@id":"https:\/\/homeofwool.com\/shop\/changing-table\/#breadcrumb","itemListElement":[{"@type":"ListItem","position":1,"name":"Home","item":"https:\/\/homeofwool.com\/"},{"@type":"ListItem","position":2,"name":"Products","item":"https:\/\/homeofwool.com\/header-search-2\/"},{"@type":"ListItem","position":3,"name":"Wool Changing Table Pad"}]},{"@type":"WebSite","@id":"https:\/\/homeofwool.com\/#website","url":"https:\/\/homeofwool.com\/","name":"Villan koti","description":"","publisher":{"@id":"https:\/\/homeofwool.com\/#organization"},"potentialAction":[{"@type":"SearchAction","target":{"@type":"EntryPoint","urlTemplate":"https:\/\/homeofwool.com\/?s={search_term_string}"},"query-input":{"@type":"PropertyValueSpecification","valueRequired":true,"valueName":"search_term_string"}}],"inLanguage":"fi"},{"@type":"Organization","@id":"https:\/\/homeofwool.com\/#organization","name":"Villan koti","url":"https:\/\/homeofwool.com\/","logo":{"@type":"ImageObject","inLanguage":"fi","@id":"https:\/\/homeofwool.com\/#\/schema\/logo\/image\/","url":"https:\/\/homeofwool.com\/wp-content\/uploads\/2025\/09\/WhatsApp-Image-2025-12-02-at-16.23.20.jpeg","contentUrl":"https:\/\/homeofwool.com\/wp-content\/uploads\/2025\/09\/WhatsApp-Image-2025-12-02-at-16.23.20.jpeg","width":700,"height":247,"caption":"Home of Wool"},"image":{"@id":"https:\/\/homeofwool.com\/#\/schema\/logo\/image\/"},"sameAs":["https:\/\/facebook.com\/HomeOfWoolOfficial"]}]}},"_links":{"self":[{"href":"https:\/\/homeofwool.com\/fi\/wp-json\/wp\/v2\/product\/217674","targetHints":{"allow":["GET"]}}],"collection":[{"href":"https:\/\/homeofwool.com\/fi\/wp-json\/wp\/v2\/product"}],"about":[{"href":"https:\/\/homeofwool.com\/fi\/wp-json\/wp\/v2\/types\/product"}],"version-history":[{"count":2,"href":"https:\/\/homeofwool.com\/fi\/wp-json\/wp\/v2\/product\/217674\/revisions"}],"predecessor-version":[{"id":226691,"href":"https:\/\/homeofwool.com\/fi\/wp-json\/wp\/v2\/product\/217674\/revisions\/226691"}],"wp:featuredmedia":[{"embeddable":true,"href":"https:\/\/homeofwool.com\/fi\/wp-json\/wp\/v2\/media\/219619"}],"wp:attachment":[{"href":"https:\/\/homeofwool.com\/fi\/wp-json\/wp\/v2\/media?parent=217674"}],"wp:term":[{"taxonomy":"product_brand","embeddable":true,"href":"https:\/\/homeofwool.com\/fi\/wp-json\/wp\/v2\/product_brand?post=217674"},{"taxonomy":"product_cat","embeddable":true,"href":"https:\/\/homeofwool.com\/fi\/wp-json\/wp\/v2\/product_cat?post=217674"},{"taxonomy":"product_tag","embeddable":true,"href":"https:\/\/homeofwool.com\/fi\/wp-json\/wp\/v2\/product_tag?post=217674"}],"curies":[{"name":"wp","href":"https:\/\/api.w.org\/{rel}","templated":true}]}}