{"id":217669,"date":"2025-09-02T12:02:05","date_gmt":"2025-09-02T12:02:05","guid":{"rendered":"https:\/\/homeofwool.com\/?post_type=product&#038;p=217669"},"modified":"2026-02-11T10:11:40","modified_gmt":"2026-02-11T10:11:40","slug":"villainen-tyynynsuoja","status":"publish","type":"product","link":"https:\/\/homeofwool.com\/fi\/shop\/wool-pillow-protector\/","title":{"rendered":"Villa tyynynsuoja"},"content":{"rendered":"<p>Nosta unesi tasoa k\u00e4sity\u00f6n\u00e4 valmistetulla tyynynsuojallamme, joka on valmistettu 100%-neitsytvillakankaasta, joka on sek\u00e4 tiivist\u00e4 ett\u00e4 ylellisen pehme\u00e4\u00e4. Tyynynp\u00e4\u00e4llinen peitt\u00e4\u00e4 vain pinnan. T\u00e4m\u00e4 suoja menee pidemm\u00e4lle. Se pit\u00e4\u00e4 tyynyn turvassa kehon kosteudelta, lialta ja p\u00e4ivitt\u00e4iselt\u00e4 kulutukselta, mutta p\u00e4\u00e4st\u00e4\u00e4 silti runsaasti ilmaa l\u00e4pi. Villan luonnolliset ominaisuudet luovat optimaalisen nukkumismikroilmaston, jossa l\u00e4mp\u00f6 ja hengitt\u00e4vyys ovat tasapainossa, joten et en\u00e4\u00e4 her\u00e4\u00e4 kuumana, viluisena tai y\u00f6hikoilun kostuttamana.<\/p>\n<p>T\u00e4m\u00e4 villatyynynsuoja on t\u00e4ysin kemikaaliton, ei sis\u00e4ll\u00e4 kaasuja ja on luonnostaan hypoallergeeninen. Villa kest\u00e4\u00e4 luonnostaan p\u00f6lypunkkeja eik\u00e4 anna homeen muodostua. Siksi t\u00e4m\u00e4 suojus on niin hyv\u00e4 valinta, jos el\u00e4t allergioiden tai astman kanssa. Se sulkeutuu vetoketjulla ja sopii siististi mink\u00e4 tahansa tyynyn p\u00e4\u00e4lle, olipa kyseess\u00e4 sitten untuva-, synteettinen tai villatyyny. Huomaat eron heti ensimm\u00e4isen\u00e4 y\u00f6n\u00e4. Viel\u00e4 parempia tuloksia saat, kun yhdist\u00e4t sen hengitt\u00e4v\u00e4\u00e4n tyynynp\u00e4\u00e4lliseen ja villat\u00e4ytteiseen tyynyyn.<\/p>\n<p>Jokainen kappale tehd\u00e4\u00e4n tilauksesta haluamasi kokoisena ja muotoisena. Kaikki uusiutuvista ja biohajoavista materiaaleista.<\/p>","protected":false},"excerpt":{"rendered":"<p>T\u00e4m\u00e4 villatyynynsuoja antaa tyynyllesi luonnollisen mukavuuskerroksen ja suojaa sit\u00e4 samalla lialta ja kosteudelta. Toisin kuin synteettiset suojukset, luonnolliset suojukset antavat tyynyn hengitt\u00e4\u00e4. Villa mukautuu vartaloosi l\u00e4pi y\u00f6n, joten et ylikuumene tai her\u00e4\u00e4 kosteana. Pysyt mukavana ja her\u00e4\u00e4t todella lev\u00e4nneen\u00e4. Se on villan kauneus, se tasapainottaa luonnollisesti l\u00e4mp\u00f6tilaa ja auttaa luomaan oikean nukkumisymp\u00e4rist\u00f6n.<\/p>\n<div class=\"global-icon-set\">\n<div class=\"global-icon-set__items\">\n<div class=\"global-icon-set__item\">\n<div class=\"global-icon-set__image\">\n                                    <img decoding=\"async\" src=\"https:\/\/homeofwool.com\/wp-content\/uploads\/2025\/09\/handmade-icon-300x300.png\" alt=\"k\u00e4sintehty kuvake\" \/>\n                                <\/div>\n<div class=\"global-icon-set__title\">K\u00e4sintehty<\/div>\n<\/p><\/div>\n<div class=\"global-icon-set__item\">\n<div class=\"global-icon-set__image\">\n                                    <img decoding=\"async\" src=\"https:\/\/homeofwool.com\/wp-content\/uploads\/2025\/09\/wicks-moisture-away-300x300.png\" alt=\"siirt\u00e4\u00e4 kosteutta pois\" \/>\n                                <\/div>\n<div class=\"global-icon-set__title\">Poistaa kosteutta<\/div>\n<\/p><\/div>\n<div class=\"global-icon-set__item\">\n<div class=\"global-icon-set__image\">\n                                    <img decoding=\"async\" src=\"https:\/\/homeofwool.com\/wp-content\/uploads\/2025\/09\/VOCs-min-300x300.png\" alt=\"vocs vapaa\" \/>\n                                <\/div>\n<div class=\"global-icon-set__title\">VOC-vapaa<\/div>\n<\/p><\/div>\n<div class=\"global-icon-set__item\">\n<div class=\"global-icon-set__image\">\n                                    <img decoding=\"async\" src=\"https:\/\/homeofwool.com\/wp-content\/uploads\/2025\/09\/FR-min-300x300.png\" alt=\"palonkest\u00e4v\u00e4 kuvake\" \/>\n                                <\/div>\n<div class=\"global-icon-set__title\">Liekinkest\u00e4v\u00e4<\/div>\n<\/p><\/div>\n<div class=\"global-icon-set__item\">\n<div class=\"global-icon-set__image\">\n                                    <img decoding=\"async\" src=\"https:\/\/homeofwool.com\/wp-content\/uploads\/2025\/09\/Hypoallergenic-min-300x300.png\" alt=\"hypoallergeeninen kuvake\" \/>\n                                <\/div>\n<div class=\"global-icon-set__title\">Hypoallergeeninen<\/div>\n<\/p><\/div>\n<div class=\"global-icon-set__item\">\n<div class=\"global-icon-set__image\">\n                                    <img decoding=\"async\" src=\"https:\/\/homeofwool.com\/wp-content\/uploads\/2025\/09\/free-of-synthetics-icon-300x300.png\" alt=\"synteettisi\u00e4 aineita sis\u00e4lt\u00e4m\u00e4t\u00f6n kuvake\" \/>\n                                <\/div>\n<div class=\"global-icon-set__title\">Vapaa synteettisist\u00e4 aineista<\/div>\n<\/p><\/div>\n<div class=\"global-icon-set__item\">\n<div class=\"global-icon-set__image\">\n                                    <img decoding=\"async\" src=\"https:\/\/homeofwool.com\/wp-content\/uploads\/2025\/09\/chemical-free-icon-300x300.png\" alt=\"kemikaalivapaa kuvake\" \/>\n                                <\/div>\n<div class=\"global-icon-set__title\">Kemikaalivapaa<\/div>\n<\/p><\/div>\n<div class=\"global-icon-set__item\">\n<div class=\"global-icon-set__image\">\n                                    <img decoding=\"async\" src=\"https:\/\/homeofwool.com\/wp-content\/uploads\/2025\/09\/anti-bacterial-icon-300x300.png\" alt=\"anti bakteeri kuvake\" \/>\n                                <\/div>\n<div class=\"global-icon-set__title\">Anti-mikrobinen &amp; antibakteerinen<\/div>\n<\/p><\/div>\n<div class=\"global-icon-set__item\">\n<div class=\"global-icon-set__image\">\n                                    <img decoding=\"async\" src=\"https:\/\/homeofwool.com\/wp-content\/uploads\/2025\/09\/certified-materials-icon-300x300.png\" alt=\"sertifioitujen materiaalien kuvake\" \/>\n                                <\/div>\n<div class=\"global-icon-set__title\">100% Puhtaat sertifioidut materiaalit<\/div>\n<\/p><\/div>\n<\/p><\/div>\n<\/p><\/div>","protected":false},"featured_media":220921,"template":"","meta":{"_acf_changed":false},"product_brand":[],"product_cat":[254,406],"product_tag":[675,676,677,149,678,679],"class_list":{"0":"post-217669","1":"product","2":"type-product","3":"status-publish","4":"has-post-thumbnail","6":"product_cat-pillows-pillowcases","7":"product_cat-protectors-covers-sheets","8":"product_tag-bed-pillow-protector","9":"product_tag-organic-pillow-protectors","10":"product_tag-pillow-protector","11":"product_tag-steps","12":"product_tag-travel-pillow-set","13":"product_tag-wool-pillow-case","15":"first","16":"instock","17":"shipping-taxable","18":"purchasable","19":"product-type-simple"},"acf":[],"yoast_head":"<!-- This site is optimized with the Yoast SEO Premium plugin v27.3 (Yoast SEO v27.3) - https:\/\/yoast.com\/product\/yoast-seo-premium-wordpress\/ -->\n<title>Pillow Protector \u2013 Extend Pillow Life &amp; Enjoy Cooler Sleep | Home of Wool<\/title>\n<meta name=\"description\" content=\"The Pillow Protector extends pillow life with breathable fabrics. Hypoallergenic and toxin-free, it offers cool, sustainable comfort while ensuring safe, natural, long-lasting protection.\" \/>\n<meta name=\"robots\" content=\"index, follow, max-snippet:-1, max-image-preview:large, max-video-preview:-1\" \/>\n<link rel=\"canonical\" href=\"https:\/\/homeofwool.com\/fi\/shop\/villainen-tyynynsuoja\/\" \/>\n<meta property=\"og:locale\" content=\"fi_FI\" \/>\n<meta property=\"og:type\" content=\"article\" \/>\n<meta property=\"og:title\" content=\"Wool Pillow Protector\" \/>\n<meta property=\"og:description\" content=\"The Pillow Protector extends pillow life with breathable fabrics. Hypoallergenic and toxin-free, it offers cool, sustainable comfort while ensuring safe, natural, long-lasting protection.\" \/>\n<meta property=\"og:url\" content=\"https:\/\/homeofwool.com\/fi\/shop\/villainen-tyynynsuoja\/\" \/>\n<meta property=\"og:site_name\" content=\"Home of Wool\" \/>\n<meta property=\"article:publisher\" content=\"https:\/\/facebook.com\/HomeOfWoolOfficial\" \/>\n<meta property=\"article:modified_time\" content=\"2026-02-11T10:11:40+00:00\" \/>\n<meta property=\"og:image\" content=\"https:\/\/homeofwool.com\/wp-content\/uploads\/2025\/09\/home-of-wool-wool-pillow-protector-1-main.jpeg\" \/>\n\t<meta property=\"og:image:width\" content=\"2000\" \/>\n\t<meta property=\"og:image:height\" content=\"1600\" \/>\n\t<meta property=\"og:image:type\" content=\"image\/jpeg\" \/>\n<meta name=\"twitter:card\" content=\"summary_large_image\" \/>\n<meta name=\"twitter:label1\" content=\"Arvioitu lukuaika\" \/>\n\t<meta name=\"twitter:data1\" content=\"1 minuutti\" \/>\n<script type=\"application\/ld+json\" class=\"yoast-schema-graph\">{\"@context\":\"https:\\\/\\\/schema.org\",\"@graph\":[{\"@type\":\"WebPage\",\"@id\":\"https:\\\/\\\/homeofwool.com\\\/fr\\\/boutique\\\/protege-oreiller-en-laine\\\/\",\"url\":\"https:\\\/\\\/homeofwool.com\\\/fr\\\/boutique\\\/protege-oreiller-en-laine\\\/\",\"name\":\"Pillow Protector \u2013 Extend Pillow Life & Enjoy Cooler Sleep | Home of Wool\",\"isPartOf\":{\"@id\":\"https:\\\/\\\/homeofwool.com\\\/#website\"},\"primaryImageOfPage\":{\"@id\":\"https:\\\/\\\/homeofwool.com\\\/fr\\\/boutique\\\/protege-oreiller-en-laine\\\/#primaryimage\"},\"image\":{\"@id\":\"https:\\\/\\\/homeofwool.com\\\/fr\\\/boutique\\\/protege-oreiller-en-laine\\\/#primaryimage\"},\"thumbnailUrl\":\"https:\\\/\\\/homeofwool.com\\\/wp-content\\\/uploads\\\/2025\\\/09\\\/home-of-wool-wool-pillow-protector-1-main.jpeg\",\"datePublished\":\"2025-09-02T12:02:05+00:00\",\"dateModified\":\"2026-02-11T10:11:40+00:00\",\"description\":\"The Pillow Protector extends pillow life with breathable fabrics. Hypoallergenic and toxin-free, it offers cool, sustainable comfort while ensuring safe, natural, long-lasting protection.\",\"breadcrumb\":{\"@id\":\"https:\\\/\\\/homeofwool.com\\\/fr\\\/boutique\\\/protege-oreiller-en-laine\\\/#breadcrumb\"},\"inLanguage\":\"fi\",\"potentialAction\":[{\"@type\":\"ReadAction\",\"target\":[\"https:\\\/\\\/homeofwool.com\\\/fr\\\/boutique\\\/protege-oreiller-en-laine\\\/\"]}]},{\"@type\":\"ImageObject\",\"inLanguage\":\"fi\",\"@id\":\"https:\\\/\\\/homeofwool.com\\\/fr\\\/boutique\\\/protege-oreiller-en-laine\\\/#primaryimage\",\"url\":\"https:\\\/\\\/homeofwool.com\\\/wp-content\\\/uploads\\\/2025\\\/09\\\/home-of-wool-wool-pillow-protector-1-main.jpeg\",\"contentUrl\":\"https:\\\/\\\/homeofwool.com\\\/wp-content\\\/uploads\\\/2025\\\/09\\\/home-of-wool-wool-pillow-protector-1-main.jpeg\",\"width\":2000,\"height\":1600,\"caption\":\"two pillows on a bed with wool pillow protectors\"},{\"@type\":\"BreadcrumbList\",\"@id\":\"https:\\\/\\\/homeofwool.com\\\/fr\\\/boutique\\\/protege-oreiller-en-laine\\\/#breadcrumb\",\"itemListElement\":[{\"@type\":\"ListItem\",\"position\":1,\"name\":\"Home\",\"item\":\"https:\\\/\\\/homeofwool.com\\\/\"},{\"@type\":\"ListItem\",\"position\":2,\"name\":\"Products\",\"item\":\"https:\\\/\\\/homeofwool.com\\\/header-search-2\\\/\"},{\"@type\":\"ListItem\",\"position\":3,\"name\":\"Wool Pillow Protector\"}]},{\"@type\":\"WebSite\",\"@id\":\"https:\\\/\\\/homeofwool.com\\\/#website\",\"url\":\"https:\\\/\\\/homeofwool.com\\\/\",\"name\":\"Home of Wool\",\"description\":\"\",\"publisher\":{\"@id\":\"https:\\\/\\\/homeofwool.com\\\/#organization\"},\"potentialAction\":[{\"@type\":\"SearchAction\",\"target\":{\"@type\":\"EntryPoint\",\"urlTemplate\":\"https:\\\/\\\/homeofwool.com\\\/?s={search_term_string}\"},\"query-input\":{\"@type\":\"PropertyValueSpecification\",\"valueRequired\":true,\"valueName\":\"search_term_string\"}}],\"inLanguage\":\"fi\"},{\"@type\":\"Organization\",\"@id\":\"https:\\\/\\\/homeofwool.com\\\/#organization\",\"name\":\"Home of Wool\",\"url\":\"https:\\\/\\\/homeofwool.com\\\/\",\"logo\":{\"@type\":\"ImageObject\",\"inLanguage\":\"fi\",\"@id\":\"https:\\\/\\\/homeofwool.com\\\/#\\\/schema\\\/logo\\\/image\\\/\",\"url\":\"https:\\\/\\\/homeofwool.com\\\/wp-content\\\/uploads\\\/2025\\\/09\\\/WhatsApp-Image-2025-12-02-at-16.23.20.jpeg\",\"contentUrl\":\"https:\\\/\\\/homeofwool.com\\\/wp-content\\\/uploads\\\/2025\\\/09\\\/WhatsApp-Image-2025-12-02-at-16.23.20.jpeg\",\"width\":700,\"height\":247,\"caption\":\"Home of Wool\"},\"image\":{\"@id\":\"https:\\\/\\\/homeofwool.com\\\/#\\\/schema\\\/logo\\\/image\\\/\"},\"sameAs\":[\"https:\\\/\\\/facebook.com\\\/HomeOfWoolOfficial\"]}]}<\/script>\n<!-- \/ Yoast SEO Premium plugin. -->","yoast_head_json":{"title":"Tyynynsuoja - Pidenn\u00e4 tyynyn k\u00e4ytt\u00f6ik\u00e4\u00e4 ja nauti viile\u00e4mm\u00e4st\u00e4 unesta | Home of Wool","description":"Pillow Protector pident\u00e4\u00e4 tyynyn k\u00e4ytt\u00f6ik\u00e4\u00e4 hengitt\u00e4vill\u00e4 kankailla. Hypoallergeeninen ja myrkyt\u00f6n se tarjoaa viile\u00e4\u00e4, kest\u00e4v\u00e4\u00e4 mukavuutta ja takaa samalla turvallisen, luonnollisen ja pitk\u00e4aikaisen suojan.","robots":{"index":"index","follow":"follow","max-snippet":"max-snippet:-1","max-image-preview":"max-image-preview:large","max-video-preview":"max-video-preview:-1"},"canonical":"https:\/\/homeofwool.com\/fi\/shop\/villainen-tyynynsuoja\/","og_locale":"fi_FI","og_type":"article","og_title":"Wool Pillow Protector","og_description":"The Pillow Protector extends pillow life with breathable fabrics. Hypoallergenic and toxin-free, it offers cool, sustainable comfort while ensuring safe, natural, long-lasting protection.","og_url":"https:\/\/homeofwool.com\/fi\/shop\/villainen-tyynynsuoja\/","og_site_name":"Home of Wool","article_publisher":"https:\/\/facebook.com\/HomeOfWoolOfficial","article_modified_time":"2026-02-11T10:11:40+00:00","og_image":[{"width":2000,"height":1600,"url":"https:\/\/homeofwool.com\/wp-content\/uploads\/2025\/09\/home-of-wool-wool-pillow-protector-1-main.jpeg","type":"image\/jpeg"}],"twitter_card":"summary_large_image","twitter_misc":{"Arvioitu lukuaika":"1 minuutti"},"schema":{"@context":"https:\/\/schema.org","@graph":[{"@type":"WebPage","@id":"https:\/\/homeofwool.com\/fr\/boutique\/protege-oreiller-en-laine\/","url":"https:\/\/homeofwool.com\/fr\/boutique\/protege-oreiller-en-laine\/","name":"Tyynynsuoja - Pidenn\u00e4 tyynyn k\u00e4ytt\u00f6ik\u00e4\u00e4 ja nauti viile\u00e4mm\u00e4st\u00e4 unesta | Home of Wool","isPartOf":{"@id":"https:\/\/homeofwool.com\/#website"},"primaryImageOfPage":{"@id":"https:\/\/homeofwool.com\/fr\/boutique\/protege-oreiller-en-laine\/#primaryimage"},"image":{"@id":"https:\/\/homeofwool.com\/fr\/boutique\/protege-oreiller-en-laine\/#primaryimage"},"thumbnailUrl":"https:\/\/homeofwool.com\/wp-content\/uploads\/2025\/09\/home-of-wool-wool-pillow-protector-1-main.jpeg","datePublished":"2025-09-02T12:02:05+00:00","dateModified":"2026-02-11T10:11:40+00:00","description":"Pillow Protector pident\u00e4\u00e4 tyynyn k\u00e4ytt\u00f6ik\u00e4\u00e4 hengitt\u00e4vill\u00e4 kankailla. Hypoallergeeninen ja myrkyt\u00f6n se tarjoaa viile\u00e4\u00e4, kest\u00e4v\u00e4\u00e4 mukavuutta ja takaa samalla turvallisen, luonnollisen ja pitk\u00e4aikaisen suojan.","breadcrumb":{"@id":"https:\/\/homeofwool.com\/fr\/boutique\/protege-oreiller-en-laine\/#breadcrumb"},"inLanguage":"fi","potentialAction":[{"@type":"ReadAction","target":["https:\/\/homeofwool.com\/fr\/boutique\/protege-oreiller-en-laine\/"]}]},{"@type":"ImageObject","inLanguage":"fi","@id":"https:\/\/homeofwool.com\/fr\/boutique\/protege-oreiller-en-laine\/#primaryimage","url":"https:\/\/homeofwool.com\/wp-content\/uploads\/2025\/09\/home-of-wool-wool-pillow-protector-1-main.jpeg","contentUrl":"https:\/\/homeofwool.com\/wp-content\/uploads\/2025\/09\/home-of-wool-wool-pillow-protector-1-main.jpeg","width":2000,"height":1600,"caption":"two pillows on a bed with wool pillow protectors"},{"@type":"BreadcrumbList","@id":"https:\/\/homeofwool.com\/fr\/boutique\/protege-oreiller-en-laine\/#breadcrumb","itemListElement":[{"@type":"ListItem","position":1,"name":"Home","item":"https:\/\/homeofwool.com\/"},{"@type":"ListItem","position":2,"name":"Products","item":"https:\/\/homeofwool.com\/header-search-2\/"},{"@type":"ListItem","position":3,"name":"Wool Pillow Protector"}]},{"@type":"WebSite","@id":"https:\/\/homeofwool.com\/#website","url":"https:\/\/homeofwool.com\/","name":"Villan koti","description":"","publisher":{"@id":"https:\/\/homeofwool.com\/#organization"},"potentialAction":[{"@type":"SearchAction","target":{"@type":"EntryPoint","urlTemplate":"https:\/\/homeofwool.com\/?s={search_term_string}"},"query-input":{"@type":"PropertyValueSpecification","valueRequired":true,"valueName":"search_term_string"}}],"inLanguage":"fi"},{"@type":"Organization","@id":"https:\/\/homeofwool.com\/#organization","name":"Villan koti","url":"https:\/\/homeofwool.com\/","logo":{"@type":"ImageObject","inLanguage":"fi","@id":"https:\/\/homeofwool.com\/#\/schema\/logo\/image\/","url":"https:\/\/homeofwool.com\/wp-content\/uploads\/2025\/09\/WhatsApp-Image-2025-12-02-at-16.23.20.jpeg","contentUrl":"https:\/\/homeofwool.com\/wp-content\/uploads\/2025\/09\/WhatsApp-Image-2025-12-02-at-16.23.20.jpeg","width":700,"height":247,"caption":"Home of Wool"},"image":{"@id":"https:\/\/homeofwool.com\/#\/schema\/logo\/image\/"},"sameAs":["https:\/\/facebook.com\/HomeOfWoolOfficial"]}]}},"_links":{"self":[{"href":"https:\/\/homeofwool.com\/fi\/wp-json\/wp\/v2\/product\/217669","targetHints":{"allow":["GET"]}}],"collection":[{"href":"https:\/\/homeofwool.com\/fi\/wp-json\/wp\/v2\/product"}],"about":[{"href":"https:\/\/homeofwool.com\/fi\/wp-json\/wp\/v2\/types\/product"}],"version-history":[{"count":2,"href":"https:\/\/homeofwool.com\/fi\/wp-json\/wp\/v2\/product\/217669\/revisions"}],"predecessor-version":[{"id":226698,"href":"https:\/\/homeofwool.com\/fi\/wp-json\/wp\/v2\/product\/217669\/revisions\/226698"}],"wp:featuredmedia":[{"embeddable":true,"href":"https:\/\/homeofwool.com\/fi\/wp-json\/wp\/v2\/media\/220921"}],"wp:attachment":[{"href":"https:\/\/homeofwool.com\/fi\/wp-json\/wp\/v2\/media?parent=217669"}],"wp:term":[{"taxonomy":"product_brand","embeddable":true,"href":"https:\/\/homeofwool.com\/fi\/wp-json\/wp\/v2\/product_brand?post=217669"},{"taxonomy":"product_cat","embeddable":true,"href":"https:\/\/homeofwool.com\/fi\/wp-json\/wp\/v2\/product_cat?post=217669"},{"taxonomy":"product_tag","embeddable":true,"href":"https:\/\/homeofwool.com\/fi\/wp-json\/wp\/v2\/product_tag?post=217669"}],"curies":[{"name":"wp","href":"https:\/\/api.w.org\/{rel}","templated":true}]}}