{"id":217661,"date":"2025-09-02T12:02:05","date_gmt":"2025-09-02T12:02:05","guid":{"rendered":"https:\/\/homeofwool.com\/?post_type=product&#038;p=217661"},"modified":"2026-03-26T14:43:03","modified_gmt":"2026-03-26T14:43:03","slug":"ohut-tyyny","status":"publish","type":"product","link":"https:\/\/homeofwool.com\/fi\/shop\/thin-pillow\/","title":{"rendered":"Ohut villatyyny"},"content":{"rendered":"<p>Jos etsit tyyny\u00e4, joka tukee p\u00e4\u00e4t\u00e4si ilman ett\u00e4 se on liian korkea, ohut villatyyny voi olla sinulle t\u00e4ydellinen vaihtoehto. Villa on ainutlaatuisen hengitt\u00e4v\u00e4 tyynymateriaali. Se tunnetaan siit\u00e4, ett\u00e4 se pit\u00e4\u00e4 pinnan kuivana ja viile\u00e4n\u00e4 imem\u00e4ll\u00e4 ja vapauttamalla kosteutta. Tuloksena on hikivapaa uni ja mukava olo, olipa y\u00f6 l\u00e4mmin tai kylm\u00e4.<\/p>\n<p>T\u00e4ysin myrkyt\u00f6n ja ilman kemikaaleja valmistettu tyyny on erinomainen valinta herkille nukkujille ja allergikoille. P\u00f6lypunkkeja hylkiv\u00e4n\u00e4 tyynyn\u00e4 se auttaa v\u00e4hent\u00e4m\u00e4\u00e4n yleisi\u00e4 allergeeneja, joten se sopii astmaatikoille. Monet asiakkaat pit\u00e4v\u00e4t allergeenitonta tyyny\u00e4 erityisen hy\u00f6dyllisen\u00e4 puhtaamman ja terveellisemm\u00e4n nukkumisymp\u00e4rist\u00f6n luomisessa.<\/p>\n<p>T\u00e4m\u00e4 tyyny kuuluu puhtaan villan vuodevaatteiden mallistoomme ja tarjoaa kaikki kausittaisen mukavuuden edut. Vaikka tyyny on ohut, se kest\u00e4\u00e4 hyvin aikaa ja tukee p\u00e4\u00e4n, niskan ja vartalon asentoa.<\/p>","protected":false},"excerpt":{"rendered":"<p>Ohut villatyynymme on suunniteltu niille, jotka haluavat nukkuessaan kevyen tuen ilman turhaa tilaa. Luonnollisesti hengitt\u00e4v\u00e4 ja puhtaasta villasta valmistettu tyyny edist\u00e4\u00e4 hikoilemattoman ja viile\u00e4n unen. Kevyt villatyyny on ihanteellinen valinta, joka tarjoaa raikkaan ja puhtaan unen y\u00f6 toisensa j\u00e4lkeen. Sopii erinomaisesti sel\u00e4ll\u00e4\u00e4n ja vatsallaan nukkuville. Matala paksuus tekee siit\u00e4 hyv\u00e4n valinnan my\u00f6s kouluik\u00e4isille lapsille ja nuorille.<\/p>\n<div class=\"global-icon-set\">\n<div class=\"global-icon-set__items\">\n<div class=\"global-icon-set__item\">\n<div class=\"global-icon-set__image\">\n                                    <img decoding=\"async\" src=\"https:\/\/homeofwool.com\/wp-content\/uploads\/2025\/09\/handmade-icon-300x300.png\" alt=\"k\u00e4sintehty kuvake\" \/>\n                                <\/div>\n<div class=\"global-icon-set__title\">K\u00e4sintehty<\/div>\n<\/p><\/div>\n<div class=\"global-icon-set__item\">\n<div class=\"global-icon-set__image\">\n                                    <img decoding=\"async\" src=\"https:\/\/homeofwool.com\/wp-content\/uploads\/2025\/09\/wicks-moisture-away-300x300.png\" alt=\"siirt\u00e4\u00e4 kosteutta pois\" \/>\n                                <\/div>\n<div class=\"global-icon-set__title\">Poistaa kosteutta<\/div>\n<\/p><\/div>\n<div class=\"global-icon-set__item\">\n<div class=\"global-icon-set__image\">\n                                    <img decoding=\"async\" src=\"https:\/\/homeofwool.com\/wp-content\/uploads\/2025\/09\/Hypoallergenic-min-300x300.png\" alt=\"hypoallergeeninen kuvake\" \/>\n                                <\/div>\n<div class=\"global-icon-set__title\">Hypoallergeeninen<\/div>\n<\/p><\/div>\n<div class=\"global-icon-set__item\">\n<div class=\"global-icon-set__image\">\n                                    <img decoding=\"async\" src=\"https:\/\/homeofwool.com\/wp-content\/uploads\/2025\/09\/FR-min-300x300.png\" alt=\"palonkest\u00e4v\u00e4 kuvake\" \/>\n                                <\/div>\n<div class=\"global-icon-set__title\">Liekinkest\u00e4v\u00e4<\/div>\n<\/p><\/div>\n<div class=\"global-icon-set__item\">\n<div class=\"global-icon-set__image\">\n                                    <img decoding=\"async\" src=\"https:\/\/homeofwool.com\/wp-content\/uploads\/2025\/09\/free-of-synthetics-icon-300x300.png\" alt=\"synteettisi\u00e4 aineita sis\u00e4lt\u00e4m\u00e4t\u00f6n kuvake\" \/>\n                                <\/div>\n<div class=\"global-icon-set__title\">Vapaa synteettisist\u00e4 aineista<\/div>\n<\/p><\/div>\n<div class=\"global-icon-set__item\">\n<div class=\"global-icon-set__image\">\n                                    <img decoding=\"async\" src=\"https:\/\/homeofwool.com\/wp-content\/uploads\/2025\/09\/chemical-free-icon-300x300.png\" alt=\"kemikaalivapaa kuvake\" \/>\n                                <\/div>\n<div class=\"global-icon-set__title\">Kemikaalivapaa<\/div>\n<\/p><\/div>\n<div class=\"global-icon-set__item\">\n<div class=\"global-icon-set__image\">\n                                    <img decoding=\"async\" src=\"https:\/\/homeofwool.com\/wp-content\/uploads\/2025\/09\/anti-bacterial-icon-300x300.png\" alt=\"anti bakteeri kuvake\" \/>\n                                <\/div>\n<div class=\"global-icon-set__title\">Anti-mikrobinen &amp; antibakteerinen<\/div>\n<\/p><\/div>\n<div class=\"global-icon-set__item\">\n<div class=\"global-icon-set__image\">\n                                    <img decoding=\"async\" src=\"https:\/\/homeofwool.com\/wp-content\/uploads\/2025\/09\/certified-materials-icon-300x300.png\" alt=\"sertifioitujen materiaalien kuvake\" \/>\n                                <\/div>\n<div class=\"global-icon-set__title\">100% Puhtaat sertifioidut materiaalit<\/div>\n<\/p><\/div>\n<\/p><\/div>\n<\/p><\/div>","protected":false},"featured_media":222997,"template":"","meta":{"_acf_changed":false},"product_brand":[],"product_cat":[316,254],"product_tag":[444,648,649,650,651,652,447,653,654,655,149,656,657],"class_list":{"0":"post-217661","1":"product","2":"type-product","3":"status-publish","4":"has-post-thumbnail","6":"product_cat-mothers-day","7":"product_cat-pillows-pillowcases","8":"product_tag-all-natural-pillow","9":"product_tag-best-pillow-for-lower-back-pain","10":"product_tag-flat-pillow","11":"product_tag-low-firm-pillow-for-neck-pain","12":"product_tag-low-pillow-for-neck-pain","13":"product_tag-lower-back-sleeping-pillow","14":"product_tag-organic-pillow","15":"product_tag-pillow-for-herniated-disc-in-lower-back","16":"product_tag-pillow-for-lower-back-pain","17":"product_tag-slim-pillow","18":"product_tag-steps","19":"product_tag-stomach-sleeper-pillow","20":"product_tag-thin-pillow","22":"first","23":"instock","24":"shipping-taxable","25":"purchasable","26":"product-type-simple"},"acf":[],"yoast_head":"<!-- This site is optimized with the Yoast SEO Premium plugin v27.4 (Yoast SEO v27.4) - https:\/\/yoast.com\/product\/yoast-seo-premium-wordpress\/ -->\n<title>Thin Wool Pillow \u2013 Optimal Support for Neck Pain | Home of Wool<\/title>\n<meta name=\"description\" content=\"Gentle on the neck, the Thin Wool Pillow provides ergonomic support with breathable wool filling. Hypoallergenic and toxin-free, it promotes spinal alignment and restful sleep every night.\" \/>\n<meta name=\"robots\" content=\"index, follow, max-snippet:-1, max-image-preview:large, max-video-preview:-1\" \/>\n<link rel=\"canonical\" href=\"https:\/\/homeofwool.com\/fi\/shop\/ohut-tyyny\/\" \/>\n<meta property=\"og:locale\" content=\"fi_FI\" \/>\n<meta property=\"og:type\" content=\"article\" \/>\n<meta property=\"og:title\" content=\"Thin Wool Pillow\" \/>\n<meta property=\"og:description\" content=\"Gentle on the neck, the Thin Wool Pillow provides ergonomic support with breathable wool filling. Hypoallergenic and toxin-free, it promotes spinal alignment and restful sleep every night.\" \/>\n<meta property=\"og:url\" content=\"https:\/\/homeofwool.com\/fi\/shop\/ohut-tyyny\/\" \/>\n<meta property=\"og:site_name\" content=\"Home of Wool\" \/>\n<meta property=\"article:publisher\" content=\"https:\/\/facebook.com\/HomeOfWoolOfficial\" \/>\n<meta property=\"article:modified_time\" content=\"2026-03-26T14:43:03+00:00\" \/>\n<meta property=\"og:image\" content=\"https:\/\/homeofwool.com\/wp-content\/uploads\/2025\/09\/home-of-wool-thin-wool-pillow-1-main.jpg\" \/>\n\t<meta property=\"og:image:width\" content=\"2000\" \/>\n\t<meta property=\"og:image:height\" content=\"1600\" \/>\n\t<meta property=\"og:image:type\" content=\"image\/jpeg\" \/>\n<meta name=\"twitter:card\" content=\"summary_large_image\" \/>\n<meta name=\"twitter:label1\" content=\"Arvioitu lukuaika\" \/>\n\t<meta name=\"twitter:data1\" content=\"1 minuutti\" \/>\n<script type=\"application\/ld+json\" class=\"yoast-schema-graph\">{\"@context\":\"https:\\\/\\\/schema.org\",\"@graph\":[{\"@type\":\"WebPage\",\"@id\":\"https:\\\/\\\/homeofwool.com\\\/shop\\\/thin-pillow\\\/\",\"url\":\"https:\\\/\\\/homeofwool.com\\\/shop\\\/thin-pillow\\\/\",\"name\":\"Thin Wool Pillow \u2013 Optimal Support for Neck Pain | Home of Wool\",\"isPartOf\":{\"@id\":\"https:\\\/\\\/homeofwool.com\\\/#website\"},\"primaryImageOfPage\":{\"@id\":\"https:\\\/\\\/homeofwool.com\\\/shop\\\/thin-pillow\\\/#primaryimage\"},\"image\":{\"@id\":\"https:\\\/\\\/homeofwool.com\\\/shop\\\/thin-pillow\\\/#primaryimage\"},\"thumbnailUrl\":\"https:\\\/\\\/homeofwool.com\\\/wp-content\\\/uploads\\\/2025\\\/09\\\/home-of-wool-thin-wool-pillow-1-main.jpg\",\"datePublished\":\"2025-09-02T12:02:05+00:00\",\"dateModified\":\"2026-03-26T14:43:03+00:00\",\"description\":\"Gentle on the neck, the Thin Wool Pillow provides ergonomic support with breathable wool filling. Hypoallergenic and toxin-free, it promotes spinal alignment and restful sleep every night.\",\"breadcrumb\":{\"@id\":\"https:\\\/\\\/homeofwool.com\\\/shop\\\/thin-pillow\\\/#breadcrumb\"},\"inLanguage\":\"fi\",\"potentialAction\":[{\"@type\":\"ReadAction\",\"target\":[\"https:\\\/\\\/homeofwool.com\\\/shop\\\/thin-pillow\\\/\"]}]},{\"@type\":\"ImageObject\",\"inLanguage\":\"fi\",\"@id\":\"https:\\\/\\\/homeofwool.com\\\/shop\\\/thin-pillow\\\/#primaryimage\",\"url\":\"https:\\\/\\\/homeofwool.com\\\/wp-content\\\/uploads\\\/2025\\\/09\\\/home-of-wool-thin-wool-pillow-1-main.jpg\",\"contentUrl\":\"https:\\\/\\\/homeofwool.com\\\/wp-content\\\/uploads\\\/2025\\\/09\\\/home-of-wool-thin-wool-pillow-1-main.jpg\",\"width\":2000,\"height\":1600,\"caption\":\"wool thin pillow with a woman sleeping on it, on her side\"},{\"@type\":\"BreadcrumbList\",\"@id\":\"https:\\\/\\\/homeofwool.com\\\/shop\\\/thin-pillow\\\/#breadcrumb\",\"itemListElement\":[{\"@type\":\"ListItem\",\"position\":1,\"name\":\"Home\",\"item\":\"https:\\\/\\\/homeofwool.com\\\/\"},{\"@type\":\"ListItem\",\"position\":2,\"name\":\"Products\",\"item\":\"https:\\\/\\\/homeofwool.com\\\/header-search-2\\\/\"},{\"@type\":\"ListItem\",\"position\":3,\"name\":\"Thin Wool Pillow\"}]},{\"@type\":\"WebSite\",\"@id\":\"https:\\\/\\\/homeofwool.com\\\/#website\",\"url\":\"https:\\\/\\\/homeofwool.com\\\/\",\"name\":\"Home of Wool\",\"description\":\"\",\"publisher\":{\"@id\":\"https:\\\/\\\/homeofwool.com\\\/#organization\"},\"potentialAction\":[{\"@type\":\"SearchAction\",\"target\":{\"@type\":\"EntryPoint\",\"urlTemplate\":\"https:\\\/\\\/homeofwool.com\\\/?s={search_term_string}\"},\"query-input\":{\"@type\":\"PropertyValueSpecification\",\"valueRequired\":true,\"valueName\":\"search_term_string\"}}],\"inLanguage\":\"fi\"},{\"@type\":\"Organization\",\"@id\":\"https:\\\/\\\/homeofwool.com\\\/#organization\",\"name\":\"Home of Wool\",\"url\":\"https:\\\/\\\/homeofwool.com\\\/\",\"logo\":{\"@type\":\"ImageObject\",\"inLanguage\":\"fi\",\"@id\":\"https:\\\/\\\/homeofwool.com\\\/#\\\/schema\\\/logo\\\/image\\\/\",\"url\":\"https:\\\/\\\/homeofwool.com\\\/wp-content\\\/uploads\\\/2025\\\/09\\\/WhatsApp-Image-2025-12-02-at-16.23.20.jpeg\",\"contentUrl\":\"https:\\\/\\\/homeofwool.com\\\/wp-content\\\/uploads\\\/2025\\\/09\\\/WhatsApp-Image-2025-12-02-at-16.23.20.jpeg\",\"width\":700,\"height\":247,\"caption\":\"Home of Wool\"},\"image\":{\"@id\":\"https:\\\/\\\/homeofwool.com\\\/#\\\/schema\\\/logo\\\/image\\\/\"},\"sameAs\":[\"https:\\\/\\\/facebook.com\\\/HomeOfWoolOfficial\"]}]}<\/script>\n<!-- \/ Yoast SEO Premium plugin. -->","yoast_head_json":{"title":"Ohut villatyyny \u2013 optimaalinen tuki niskakipuun | Home of Wool","description":"Kaulalle hell\u00e4varainen Thin Wool Pillow -tyyny tarjoaa ergonomisen tuen hengitt\u00e4v\u00e4ll\u00e4 villat\u00e4ytteell\u00e4. Hypoallergeeninen ja myrkyt\u00f6n tyyny edist\u00e4\u00e4 selk\u00e4rangan suoristumista ja rauhallista unta joka y\u00f6.","robots":{"index":"index","follow":"follow","max-snippet":"max-snippet:-1","max-image-preview":"max-image-preview:large","max-video-preview":"max-video-preview:-1"},"canonical":"https:\/\/homeofwool.com\/fi\/shop\/ohut-tyyny\/","og_locale":"fi_FI","og_type":"article","og_title":"Thin Wool Pillow","og_description":"Gentle on the neck, the Thin Wool Pillow provides ergonomic support with breathable wool filling. Hypoallergenic and toxin-free, it promotes spinal alignment and restful sleep every night.","og_url":"https:\/\/homeofwool.com\/fi\/shop\/ohut-tyyny\/","og_site_name":"Home of Wool","article_publisher":"https:\/\/facebook.com\/HomeOfWoolOfficial","article_modified_time":"2026-03-26T14:43:03+00:00","og_image":[{"width":2000,"height":1600,"url":"https:\/\/homeofwool.com\/wp-content\/uploads\/2025\/09\/home-of-wool-thin-wool-pillow-1-main.jpg","type":"image\/jpeg"}],"twitter_card":"summary_large_image","twitter_misc":{"Arvioitu lukuaika":"1 minuutti"},"schema":{"@context":"https:\/\/schema.org","@graph":[{"@type":"WebPage","@id":"https:\/\/homeofwool.com\/shop\/thin-pillow\/","url":"https:\/\/homeofwool.com\/shop\/thin-pillow\/","name":"Ohut villatyyny \u2013 optimaalinen tuki niskakipuun | Home of Wool","isPartOf":{"@id":"https:\/\/homeofwool.com\/#website"},"primaryImageOfPage":{"@id":"https:\/\/homeofwool.com\/shop\/thin-pillow\/#primaryimage"},"image":{"@id":"https:\/\/homeofwool.com\/shop\/thin-pillow\/#primaryimage"},"thumbnailUrl":"https:\/\/homeofwool.com\/wp-content\/uploads\/2025\/09\/home-of-wool-thin-wool-pillow-1-main.jpg","datePublished":"2025-09-02T12:02:05+00:00","dateModified":"2026-03-26T14:43:03+00:00","description":"Kaulalle hell\u00e4varainen Thin Wool Pillow -tyyny tarjoaa ergonomisen tuen hengitt\u00e4v\u00e4ll\u00e4 villat\u00e4ytteell\u00e4. Hypoallergeeninen ja myrkyt\u00f6n tyyny edist\u00e4\u00e4 selk\u00e4rangan suoristumista ja rauhallista unta joka y\u00f6.","breadcrumb":{"@id":"https:\/\/homeofwool.com\/shop\/thin-pillow\/#breadcrumb"},"inLanguage":"fi","potentialAction":[{"@type":"ReadAction","target":["https:\/\/homeofwool.com\/shop\/thin-pillow\/"]}]},{"@type":"ImageObject","inLanguage":"fi","@id":"https:\/\/homeofwool.com\/shop\/thin-pillow\/#primaryimage","url":"https:\/\/homeofwool.com\/wp-content\/uploads\/2025\/09\/home-of-wool-thin-wool-pillow-1-main.jpg","contentUrl":"https:\/\/homeofwool.com\/wp-content\/uploads\/2025\/09\/home-of-wool-thin-wool-pillow-1-main.jpg","width":2000,"height":1600,"caption":"wool thin pillow with a woman sleeping on it, on her side"},{"@type":"BreadcrumbList","@id":"https:\/\/homeofwool.com\/shop\/thin-pillow\/#breadcrumb","itemListElement":[{"@type":"ListItem","position":1,"name":"Home","item":"https:\/\/homeofwool.com\/"},{"@type":"ListItem","position":2,"name":"Products","item":"https:\/\/homeofwool.com\/header-search-2\/"},{"@type":"ListItem","position":3,"name":"Thin Wool Pillow"}]},{"@type":"WebSite","@id":"https:\/\/homeofwool.com\/#website","url":"https:\/\/homeofwool.com\/","name":"Villan koti","description":"","publisher":{"@id":"https:\/\/homeofwool.com\/#organization"},"potentialAction":[{"@type":"SearchAction","target":{"@type":"EntryPoint","urlTemplate":"https:\/\/homeofwool.com\/?s={search_term_string}"},"query-input":{"@type":"PropertyValueSpecification","valueRequired":true,"valueName":"search_term_string"}}],"inLanguage":"fi"},{"@type":"Organization","@id":"https:\/\/homeofwool.com\/#organization","name":"Villan koti","url":"https:\/\/homeofwool.com\/","logo":{"@type":"ImageObject","inLanguage":"fi","@id":"https:\/\/homeofwool.com\/#\/schema\/logo\/image\/","url":"https:\/\/homeofwool.com\/wp-content\/uploads\/2025\/09\/WhatsApp-Image-2025-12-02-at-16.23.20.jpeg","contentUrl":"https:\/\/homeofwool.com\/wp-content\/uploads\/2025\/09\/WhatsApp-Image-2025-12-02-at-16.23.20.jpeg","width":700,"height":247,"caption":"Home of Wool"},"image":{"@id":"https:\/\/homeofwool.com\/#\/schema\/logo\/image\/"},"sameAs":["https:\/\/facebook.com\/HomeOfWoolOfficial"]}]}},"_links":{"self":[{"href":"https:\/\/homeofwool.com\/fi\/wp-json\/wp\/v2\/product\/217661","targetHints":{"allow":["GET"]}}],"collection":[{"href":"https:\/\/homeofwool.com\/fi\/wp-json\/wp\/v2\/product"}],"about":[{"href":"https:\/\/homeofwool.com\/fi\/wp-json\/wp\/v2\/types\/product"}],"version-history":[{"count":2,"href":"https:\/\/homeofwool.com\/fi\/wp-json\/wp\/v2\/product\/217661\/revisions"}],"predecessor-version":[{"id":226102,"href":"https:\/\/homeofwool.com\/fi\/wp-json\/wp\/v2\/product\/217661\/revisions\/226102"}],"wp:featuredmedia":[{"embeddable":true,"href":"https:\/\/homeofwool.com\/fi\/wp-json\/wp\/v2\/media\/222997"}],"wp:attachment":[{"href":"https:\/\/homeofwool.com\/fi\/wp-json\/wp\/v2\/media?parent=217661"}],"wp:term":[{"taxonomy":"product_brand","embeddable":true,"href":"https:\/\/homeofwool.com\/fi\/wp-json\/wp\/v2\/product_brand?post=217661"},{"taxonomy":"product_cat","embeddable":true,"href":"https:\/\/homeofwool.com\/fi\/wp-json\/wp\/v2\/product_cat?post=217661"},{"taxonomy":"product_tag","embeddable":true,"href":"https:\/\/homeofwool.com\/fi\/wp-json\/wp\/v2\/product_tag?post=217661"}],"curies":[{"name":"wp","href":"https:\/\/api.w.org\/{rel}","templated":true}]}}