{"id":217660,"date":"2025-09-02T12:02:05","date_gmt":"2025-09-02T12:02:05","guid":{"rendered":"https:\/\/homeofwool.com\/?post_type=product&#038;p=217660"},"modified":"2026-02-11T09:55:53","modified_gmt":"2026-02-11T09:55:53","slug":"villatyyny-tasaiset-sivut","status":"publish","type":"product","link":"https:\/\/homeofwool.com\/fi\/shop\/wool-pillow-flat-sides\/","title":{"rendered":"Villatyyny tasaisilla sivuilla"},"content":{"rendered":"<p>Oikeanlainen tyyny auttaa kehoa vapautumaan j\u00e4nnityksest\u00e4, jotta voit her\u00e4t\u00e4 virkistyneen\u00e4. T\u00e4m\u00e4 luonnollinen unityyny on t\u00e4ytetty puhtaalla, orgaanisella villalla, joka pehmustaa ilman romahtamista ja tarjoaa tasaisen mukavuuden sek\u00e4 kylki- ett\u00e4 selk\u00e4unille. Ainutlaatuiset tasaiset sivut antavat tyynylle rakenteen, joka auttaa sit\u00e4 pysym\u00e4\u00e4n paikallaan koko y\u00f6n. Jos nukut kyljell\u00e4si, tyyny pit\u00e4\u00e4 p\u00e4\u00e4n ja niskan suorassa linjassa. Jos nukut sel\u00e4ll\u00e4si, se antaa sinulle tasaisen tuen ilman, ett\u00e4 uppoat liian syv\u00e4lle. Tasaiset reunat pit\u00e4v\u00e4t tyynyn muodon tasaisena ja tarjoavat kest\u00e4v\u00e4\u00e4 mukavuutta.<\/p>\n<p>Villakuitujen rakenne tasapainottaa l\u00e4mm\u00f6n ja ilmankierron, joten et ylikuumene. Ne my\u00f6s siirt\u00e4v\u00e4t kosteutta, jotta tyyny pysyy raikkaana ja viile\u00e4n\u00e4 y\u00f6 toisensa j\u00e4lkeen. Kemikaaleista, VOC-yhdisteist\u00e4 ja kaasup\u00e4\u00e4st\u00f6ist\u00e4 vapaa tyyny on turvallinen ja hypoallergeeninen herkille ihmisille.<\/p>\n<p>Sis\u00e4kkeen vetoketjun avulla voit s\u00e4\u00e4t\u00e4\u00e4 pehmeytt\u00e4 lis\u00e4\u00e4m\u00e4ll\u00e4 tai poistamalla t\u00e4ytett\u00e4. Saatavilla on valinnaisia suojuksia ja tyynyliinoja. T\u00e4m\u00e4 orgaaninen villatyyny on t\u00e4ysin kest\u00e4v\u00e4, biohajoava ja valmistettu kunnioittaen sek\u00e4 hyvinvointia ett\u00e4 planeettaa. Jos tarvitset apua oikean tyynyn valinnassa, <a class=\"ql-link\" href=\"https:\/\/homeofwool.com\/fi\/nukkujan-opas-oikean-tyynyn-valintaan\/\" target=\"_blank\" rel=\"noopener noreferrer\">lue oppaamme.<\/a><\/p>","protected":false},"excerpt":{"rendered":"<p>Tasareunainen villatyyny on suunniteltu vakautta, tasapainoa ja hengitt\u00e4vyytt\u00e4 silm\u00e4ll\u00e4 pit\u00e4en. Tasaiset reunat pit\u00e4v\u00e4t tyynyn vakaana, joten se sopii erinomaisesti sivulla tai sel\u00e4ll\u00e4 nukkuville. Tyyny pit\u00e4\u00e4 y\u00f6t viilein\u00e4, kuivina ja luonnollisen mukavina.<\/p>\n<div class=\"global-icon-set\">\n<div class=\"global-icon-set__items\">\n<div class=\"global-icon-set__item\">\n<div class=\"global-icon-set__image\">\n                                    <img decoding=\"async\" src=\"https:\/\/homeofwool.com\/wp-content\/uploads\/2025\/09\/handmade-icon-300x300.png\" alt=\"k\u00e4sintehty kuvake\" \/>\n                                <\/div>\n<div class=\"global-icon-set__title\">K\u00e4sintehty<\/div>\n<\/p><\/div>\n<div class=\"global-icon-set__item\">\n<div class=\"global-icon-set__image\">\n                                    <img decoding=\"async\" src=\"https:\/\/homeofwool.com\/wp-content\/uploads\/2025\/09\/Exceptionally-Supportive-min-300x300.png\" alt=\"poikkeuksellisen kannustava kuvake\" \/>\n                                <\/div>\n<div class=\"global-icon-set__title\">Poikkeuksellisen kannustava<\/div>\n<\/p><\/div>\n<div class=\"global-icon-set__item\">\n<div class=\"global-icon-set__image\">\n                                    <img decoding=\"async\" src=\"https:\/\/homeofwool.com\/wp-content\/uploads\/2025\/09\/wicks-moisture-away-300x300.png\" alt=\"siirt\u00e4\u00e4 kosteutta pois\" \/>\n                                <\/div>\n<div class=\"global-icon-set__title\">Poistaa kosteutta<\/div>\n<\/p><\/div>\n<div class=\"global-icon-set__item\">\n<div class=\"global-icon-set__image\">\n                                    <img decoding=\"async\" src=\"https:\/\/homeofwool.com\/wp-content\/uploads\/2025\/09\/VOCs-min-300x300.png\" alt=\"vocs vapaa\" \/>\n                                <\/div>\n<div class=\"global-icon-set__title\">VOC-vapaa<\/div>\n<\/p><\/div>\n<div class=\"global-icon-set__item\">\n<div class=\"global-icon-set__image\">\n                                    <img decoding=\"async\" src=\"https:\/\/homeofwool.com\/wp-content\/uploads\/2025\/09\/FR-min-300x300.png\" alt=\"palonkest\u00e4v\u00e4 kuvake\" \/>\n                                <\/div>\n<div class=\"global-icon-set__title\">Liekinkest\u00e4v\u00e4<\/div>\n<\/p><\/div>\n<div class=\"global-icon-set__item\">\n<div class=\"global-icon-set__image\">\n                                    <img decoding=\"async\" src=\"https:\/\/homeofwool.com\/wp-content\/uploads\/2025\/09\/Hypoallergenic-min-300x300.png\" alt=\"hypoallergeeninen kuvake\" \/>\n                                <\/div>\n<div class=\"global-icon-set__title\">Hypoallergeeninen<\/div>\n<\/p><\/div>\n<div class=\"global-icon-set__item\">\n<div class=\"global-icon-set__image\">\n                                    <img decoding=\"async\" src=\"https:\/\/homeofwool.com\/wp-content\/uploads\/2025\/09\/free-of-synthetics-icon-300x300.png\" alt=\"synteettisi\u00e4 aineita sis\u00e4lt\u00e4m\u00e4t\u00f6n kuvake\" \/>\n                                <\/div>\n<div class=\"global-icon-set__title\">Vapaa synteettisist\u00e4 aineista<\/div>\n<\/p><\/div>\n<div class=\"global-icon-set__item\">\n<div class=\"global-icon-set__image\">\n                                    <img decoding=\"async\" src=\"https:\/\/homeofwool.com\/wp-content\/uploads\/2025\/09\/chemical-free-icon-300x300.png\" alt=\"kemikaalivapaa kuvake\" \/>\n                                <\/div>\n<div class=\"global-icon-set__title\">Kemikaalivapaa<\/div>\n<\/p><\/div>\n<div class=\"global-icon-set__item\">\n<div class=\"global-icon-set__image\">\n                                    <img decoding=\"async\" src=\"https:\/\/homeofwool.com\/wp-content\/uploads\/2025\/09\/anti-bacterial-icon-300x300.png\" alt=\"anti bakteeri kuvake\" \/>\n                                <\/div>\n<div class=\"global-icon-set__title\">Anti-mikrobinen &amp; antibakteerinen<\/div>\n<\/p><\/div>\n<div class=\"global-icon-set__item\">\n<div class=\"global-icon-set__image\">\n                                    <img decoding=\"async\" src=\"https:\/\/homeofwool.com\/wp-content\/uploads\/2025\/09\/certified-materials-icon-300x300.png\" alt=\"sertifioitujen materiaalien kuvake\" \/>\n                                <\/div>\n<div class=\"global-icon-set__title\">100% Puhtaat sertifioidut materiaalit<\/div>\n<\/p><\/div>\n<\/p><\/div>\n<\/p><\/div>","protected":false},"featured_media":219533,"template":"","meta":{"_acf_changed":false},"product_brand":[],"product_cat":[316,254],"product_tag":[444,646,592,447,647,149,452],"class_list":{"0":"post-217660","1":"product","2":"type-product","3":"status-publish","4":"has-post-thumbnail","6":"product_cat-mothers-day","7":"product_cat-pillows-pillowcases","8":"product_tag-all-natural-pillow","9":"product_tag-back-sleeper-pillow","10":"product_tag-best-ergonomic-pillow-for-side-sleepers","11":"product_tag-organic-pillow","12":"product_tag-pillow-with-flat-sides","13":"product_tag-steps","14":"product_tag-wool-pillow","16":"first","17":"instock","18":"shipping-taxable","19":"purchasable","20":"product-type-simple"},"acf":[],"yoast_head":"<!-- This site is optimized with the Yoast SEO Premium plugin v27.4 (Yoast SEO v27.4) - https:\/\/yoast.com\/product\/yoast-seo-premium-wordpress\/ -->\n<title>Wool Pillow with Flat Sides \u2013 Hypoallergenic &amp; Supportive Comfort | Home of Wool<\/title>\n<meta name=\"description\" content=\"The Wool Pillow with Flat Sides provides breathable support with organic wool filling. Hypoallergenic and toxin-free, it ensures safe, ergonomic comfort for restful, healthy alignment.\" \/>\n<meta name=\"robots\" content=\"index, follow, max-snippet:-1, max-image-preview:large, max-video-preview:-1\" \/>\n<link rel=\"canonical\" href=\"https:\/\/homeofwool.com\/fi\/shop\/villatyyny-tasaiset-sivut\/\" \/>\n<meta property=\"og:locale\" content=\"fi_FI\" \/>\n<meta property=\"og:type\" content=\"article\" \/>\n<meta property=\"og:title\" content=\"Wool Pillow with Flat Sides\" \/>\n<meta property=\"og:description\" content=\"The Wool Pillow with Flat Sides provides breathable support with organic wool filling. Hypoallergenic and toxin-free, it ensures safe, ergonomic comfort for restful, healthy alignment.\" \/>\n<meta property=\"og:url\" content=\"https:\/\/homeofwool.com\/fi\/shop\/villatyyny-tasaiset-sivut\/\" \/>\n<meta property=\"og:site_name\" content=\"Home of Wool\" \/>\n<meta property=\"article:publisher\" content=\"https:\/\/facebook.com\/HomeOfWoolOfficial\" \/>\n<meta property=\"article:modified_time\" content=\"2026-02-11T09:55:53+00:00\" \/>\n<meta property=\"og:image\" content=\"https:\/\/homeofwool.com\/wp-content\/uploads\/2025\/09\/home-of-wool-wool-pillow-with-flat-sides-2-web.jpg\" \/>\n\t<meta property=\"og:image:width\" content=\"2000\" \/>\n\t<meta property=\"og:image:height\" content=\"1600\" \/>\n\t<meta property=\"og:image:type\" content=\"image\/jpeg\" \/>\n<meta name=\"twitter:card\" content=\"summary_large_image\" \/>\n<meta name=\"twitter:label1\" content=\"Arvioitu lukuaika\" \/>\n\t<meta name=\"twitter:data1\" content=\"2 minuuttia\" \/>\n<script type=\"application\/ld+json\" class=\"yoast-schema-graph\">{\"@context\":\"https:\\\/\\\/schema.org\",\"@graph\":[{\"@type\":\"WebPage\",\"@id\":\"https:\\\/\\\/homeofwool.com\\\/es\\\/tienda\\\/almohada-de-lana-con-lados-planos\\\/\",\"url\":\"https:\\\/\\\/homeofwool.com\\\/es\\\/tienda\\\/almohada-de-lana-con-lados-planos\\\/\",\"name\":\"Wool Pillow with Flat Sides \u2013 Hypoallergenic & Supportive Comfort | Home of Wool\",\"isPartOf\":{\"@id\":\"https:\\\/\\\/homeofwool.com\\\/#website\"},\"primaryImageOfPage\":{\"@id\":\"https:\\\/\\\/homeofwool.com\\\/es\\\/tienda\\\/almohada-de-lana-con-lados-planos\\\/#primaryimage\"},\"image\":{\"@id\":\"https:\\\/\\\/homeofwool.com\\\/es\\\/tienda\\\/almohada-de-lana-con-lados-planos\\\/#primaryimage\"},\"thumbnailUrl\":\"https:\\\/\\\/homeofwool.com\\\/wp-content\\\/uploads\\\/2025\\\/09\\\/home-of-wool-wool-pillow-with-flat-sides-2-web.jpg\",\"datePublished\":\"2025-09-02T12:02:05+00:00\",\"dateModified\":\"2026-02-11T09:55:53+00:00\",\"description\":\"The Wool Pillow with Flat Sides provides breathable support with organic wool filling. Hypoallergenic and toxin-free, it ensures safe, ergonomic comfort for restful, healthy alignment.\",\"breadcrumb\":{\"@id\":\"https:\\\/\\\/homeofwool.com\\\/es\\\/tienda\\\/almohada-de-lana-con-lados-planos\\\/#breadcrumb\"},\"inLanguage\":\"fi\",\"potentialAction\":[{\"@type\":\"ReadAction\",\"target\":[\"https:\\\/\\\/homeofwool.com\\\/es\\\/tienda\\\/almohada-de-lana-con-lados-planos\\\/\"]}]},{\"@type\":\"ImageObject\",\"inLanguage\":\"fi\",\"@id\":\"https:\\\/\\\/homeofwool.com\\\/es\\\/tienda\\\/almohada-de-lana-con-lados-planos\\\/#primaryimage\",\"url\":\"https:\\\/\\\/homeofwool.com\\\/wp-content\\\/uploads\\\/2025\\\/09\\\/home-of-wool-wool-pillow-with-flat-sides-2-web.jpg\",\"contentUrl\":\"https:\\\/\\\/homeofwool.com\\\/wp-content\\\/uploads\\\/2025\\\/09\\\/home-of-wool-wool-pillow-with-flat-sides-2-web.jpg\",\"width\":2000,\"height\":1600,\"caption\":\"wool pillow with flat sides\"},{\"@type\":\"BreadcrumbList\",\"@id\":\"https:\\\/\\\/homeofwool.com\\\/es\\\/tienda\\\/almohada-de-lana-con-lados-planos\\\/#breadcrumb\",\"itemListElement\":[{\"@type\":\"ListItem\",\"position\":1,\"name\":\"Home\",\"item\":\"https:\\\/\\\/homeofwool.com\\\/\"},{\"@type\":\"ListItem\",\"position\":2,\"name\":\"Products\",\"item\":\"https:\\\/\\\/homeofwool.com\\\/header-search-2\\\/\"},{\"@type\":\"ListItem\",\"position\":3,\"name\":\"Wool Pillow with Flat Sides\"}]},{\"@type\":\"WebSite\",\"@id\":\"https:\\\/\\\/homeofwool.com\\\/#website\",\"url\":\"https:\\\/\\\/homeofwool.com\\\/\",\"name\":\"Home of Wool\",\"description\":\"\",\"publisher\":{\"@id\":\"https:\\\/\\\/homeofwool.com\\\/#organization\"},\"potentialAction\":[{\"@type\":\"SearchAction\",\"target\":{\"@type\":\"EntryPoint\",\"urlTemplate\":\"https:\\\/\\\/homeofwool.com\\\/?s={search_term_string}\"},\"query-input\":{\"@type\":\"PropertyValueSpecification\",\"valueRequired\":true,\"valueName\":\"search_term_string\"}}],\"inLanguage\":\"fi\"},{\"@type\":\"Organization\",\"@id\":\"https:\\\/\\\/homeofwool.com\\\/#organization\",\"name\":\"Home of Wool\",\"url\":\"https:\\\/\\\/homeofwool.com\\\/\",\"logo\":{\"@type\":\"ImageObject\",\"inLanguage\":\"fi\",\"@id\":\"https:\\\/\\\/homeofwool.com\\\/#\\\/schema\\\/logo\\\/image\\\/\",\"url\":\"https:\\\/\\\/homeofwool.com\\\/wp-content\\\/uploads\\\/2025\\\/09\\\/WhatsApp-Image-2025-12-02-at-16.23.20.jpeg\",\"contentUrl\":\"https:\\\/\\\/homeofwool.com\\\/wp-content\\\/uploads\\\/2025\\\/09\\\/WhatsApp-Image-2025-12-02-at-16.23.20.jpeg\",\"width\":700,\"height\":247,\"caption\":\"Home of Wool\"},\"image\":{\"@id\":\"https:\\\/\\\/homeofwool.com\\\/#\\\/schema\\\/logo\\\/image\\\/\"},\"sameAs\":[\"https:\\\/\\\/facebook.com\\\/HomeOfWoolOfficial\"]}]}<\/script>\n<!-- \/ Yoast SEO Premium plugin. -->","yoast_head_json":{"title":"Villatyyny, jossa on tasaiset sivut \u2013 hypoallergeeninen ja tukeva mukavuus | Home of Wool","description":"Tasapuolinen villatyyny tarjoaa hengitt\u00e4v\u00e4n tuen orgaanisella villat\u00e4ytteell\u00e4. Hypoallergeeninen ja myrkyt\u00f6n tyyny takaa turvallisen, ergonomisen mukavuuden ja rauhallisen, terveellisen asennon.","robots":{"index":"index","follow":"follow","max-snippet":"max-snippet:-1","max-image-preview":"max-image-preview:large","max-video-preview":"max-video-preview:-1"},"canonical":"https:\/\/homeofwool.com\/fi\/shop\/villatyyny-tasaiset-sivut\/","og_locale":"fi_FI","og_type":"article","og_title":"Wool Pillow with Flat Sides","og_description":"The Wool Pillow with Flat Sides provides breathable support with organic wool filling. Hypoallergenic and toxin-free, it ensures safe, ergonomic comfort for restful, healthy alignment.","og_url":"https:\/\/homeofwool.com\/fi\/shop\/villatyyny-tasaiset-sivut\/","og_site_name":"Home of Wool","article_publisher":"https:\/\/facebook.com\/HomeOfWoolOfficial","article_modified_time":"2026-02-11T09:55:53+00:00","og_image":[{"width":2000,"height":1600,"url":"https:\/\/homeofwool.com\/wp-content\/uploads\/2025\/09\/home-of-wool-wool-pillow-with-flat-sides-2-web.jpg","type":"image\/jpeg"}],"twitter_card":"summary_large_image","twitter_misc":{"Arvioitu lukuaika":"2 minuuttia"},"schema":{"@context":"https:\/\/schema.org","@graph":[{"@type":"WebPage","@id":"https:\/\/homeofwool.com\/es\/tienda\/almohada-de-lana-con-lados-planos\/","url":"https:\/\/homeofwool.com\/es\/tienda\/almohada-de-lana-con-lados-planos\/","name":"Villatyyny, jossa on tasaiset sivut \u2013 hypoallergeeninen ja tukeva mukavuus | Home of Wool","isPartOf":{"@id":"https:\/\/homeofwool.com\/#website"},"primaryImageOfPage":{"@id":"https:\/\/homeofwool.com\/es\/tienda\/almohada-de-lana-con-lados-planos\/#primaryimage"},"image":{"@id":"https:\/\/homeofwool.com\/es\/tienda\/almohada-de-lana-con-lados-planos\/#primaryimage"},"thumbnailUrl":"https:\/\/homeofwool.com\/wp-content\/uploads\/2025\/09\/home-of-wool-wool-pillow-with-flat-sides-2-web.jpg","datePublished":"2025-09-02T12:02:05+00:00","dateModified":"2026-02-11T09:55:53+00:00","description":"Tasapuolinen villatyyny tarjoaa hengitt\u00e4v\u00e4n tuen orgaanisella villat\u00e4ytteell\u00e4. Hypoallergeeninen ja myrkyt\u00f6n tyyny takaa turvallisen, ergonomisen mukavuuden ja rauhallisen, terveellisen asennon.","breadcrumb":{"@id":"https:\/\/homeofwool.com\/es\/tienda\/almohada-de-lana-con-lados-planos\/#breadcrumb"},"inLanguage":"fi","potentialAction":[{"@type":"ReadAction","target":["https:\/\/homeofwool.com\/es\/tienda\/almohada-de-lana-con-lados-planos\/"]}]},{"@type":"ImageObject","inLanguage":"fi","@id":"https:\/\/homeofwool.com\/es\/tienda\/almohada-de-lana-con-lados-planos\/#primaryimage","url":"https:\/\/homeofwool.com\/wp-content\/uploads\/2025\/09\/home-of-wool-wool-pillow-with-flat-sides-2-web.jpg","contentUrl":"https:\/\/homeofwool.com\/wp-content\/uploads\/2025\/09\/home-of-wool-wool-pillow-with-flat-sides-2-web.jpg","width":2000,"height":1600,"caption":"wool pillow with flat sides"},{"@type":"BreadcrumbList","@id":"https:\/\/homeofwool.com\/es\/tienda\/almohada-de-lana-con-lados-planos\/#breadcrumb","itemListElement":[{"@type":"ListItem","position":1,"name":"Home","item":"https:\/\/homeofwool.com\/"},{"@type":"ListItem","position":2,"name":"Products","item":"https:\/\/homeofwool.com\/header-search-2\/"},{"@type":"ListItem","position":3,"name":"Wool Pillow with Flat Sides"}]},{"@type":"WebSite","@id":"https:\/\/homeofwool.com\/#website","url":"https:\/\/homeofwool.com\/","name":"Villan koti","description":"","publisher":{"@id":"https:\/\/homeofwool.com\/#organization"},"potentialAction":[{"@type":"SearchAction","target":{"@type":"EntryPoint","urlTemplate":"https:\/\/homeofwool.com\/?s={search_term_string}"},"query-input":{"@type":"PropertyValueSpecification","valueRequired":true,"valueName":"search_term_string"}}],"inLanguage":"fi"},{"@type":"Organization","@id":"https:\/\/homeofwool.com\/#organization","name":"Villan koti","url":"https:\/\/homeofwool.com\/","logo":{"@type":"ImageObject","inLanguage":"fi","@id":"https:\/\/homeofwool.com\/#\/schema\/logo\/image\/","url":"https:\/\/homeofwool.com\/wp-content\/uploads\/2025\/09\/WhatsApp-Image-2025-12-02-at-16.23.20.jpeg","contentUrl":"https:\/\/homeofwool.com\/wp-content\/uploads\/2025\/09\/WhatsApp-Image-2025-12-02-at-16.23.20.jpeg","width":700,"height":247,"caption":"Home of Wool"},"image":{"@id":"https:\/\/homeofwool.com\/#\/schema\/logo\/image\/"},"sameAs":["https:\/\/facebook.com\/HomeOfWoolOfficial"]}]}},"_links":{"self":[{"href":"https:\/\/homeofwool.com\/fi\/wp-json\/wp\/v2\/product\/217660","targetHints":{"allow":["GET"]}}],"collection":[{"href":"https:\/\/homeofwool.com\/fi\/wp-json\/wp\/v2\/product"}],"about":[{"href":"https:\/\/homeofwool.com\/fi\/wp-json\/wp\/v2\/types\/product"}],"version-history":[{"count":2,"href":"https:\/\/homeofwool.com\/fi\/wp-json\/wp\/v2\/product\/217660\/revisions"}],"predecessor-version":[{"id":226094,"href":"https:\/\/homeofwool.com\/fi\/wp-json\/wp\/v2\/product\/217660\/revisions\/226094"}],"wp:featuredmedia":[{"embeddable":true,"href":"https:\/\/homeofwool.com\/fi\/wp-json\/wp\/v2\/media\/219533"}],"wp:attachment":[{"href":"https:\/\/homeofwool.com\/fi\/wp-json\/wp\/v2\/media?parent=217660"}],"wp:term":[{"taxonomy":"product_brand","embeddable":true,"href":"https:\/\/homeofwool.com\/fi\/wp-json\/wp\/v2\/product_brand?post=217660"},{"taxonomy":"product_cat","embeddable":true,"href":"https:\/\/homeofwool.com\/fi\/wp-json\/wp\/v2\/product_cat?post=217660"},{"taxonomy":"product_tag","embeddable":true,"href":"https:\/\/homeofwool.com\/fi\/wp-json\/wp\/v2\/product_tag?post=217660"}],"curies":[{"name":"wp","href":"https:\/\/api.w.org\/{rel}","templated":true}]}}