{"id":217645,"date":"2025-09-02T12:01:59","date_gmt":"2025-09-02T12:01:59","guid":{"rendered":"https:\/\/homeofwool.com\/?post_type=product&#038;p=217645"},"modified":"2026-03-26T14:45:32","modified_gmt":"2026-03-26T14:45:32","slug":"uunikinnas","status":"publish","type":"product","link":"https:\/\/homeofwool.com\/fi\/shop\/oven-mitt\/","title":{"rendered":"Villainen uunikinta"},"content":{"rendered":"<p>Keitti\u00f6ss\u00e4 hyv\u00e4 uunikinnas on todella t\u00e4rke\u00e4. T\u00e4m\u00e4 tuntuu pehme\u00e4lt\u00e4, kun sen laittaa k\u00e4teen. Samalla se on tarpeeksi vahva, jotta voi pit\u00e4\u00e4 kuumia pannuja huoletta. Koko on my\u00f6s juuri sopiva. Noin 13 x 28 cm:n kokoisena se peitt\u00e4\u00e4 sek\u00e4 k\u00e4den ett\u00e4 ranteen, mutta antaa silti liikkua helposti.<\/p>\n<p>Jokainen k\u00e4sine on valmistettu k\u00e4sin tuotannon aikana huolellisesti sivuun laitetuista kangasj\u00e4\u00e4mist\u00e4. Se heijastaa nollaj\u00e4te-ajatteluamme, jossa s\u00e4\u00e4st\u00e4mme kangasj\u00e4\u00e4m\u00e4t ja muutamme ne tuotteiksi, joita voit k\u00e4ytt\u00e4\u00e4 vuosia.<\/p>\n<p>T\u00e4m\u00e4 uunikinnas tai patalappu on upea lis\u00e4 omaan keitti\u00f6\u00f6si tai huomaavainen lahja jollekin, joka arvostaa sek\u00e4 kest\u00e4vyytt\u00e4 ett\u00e4 k\u00e4yt\u00e4nn\u00f6llisyytt\u00e4. Leivotpa sitten leip\u00e4\u00e4, paistat vihanneksia tai tarjoilet perheaterian, t\u00e4m\u00e4 villainen uunikinnas tarjoaa hell\u00e4varaisen suojan ja helpottaa arjen askareita. Se helpottaa kuumien astioiden siirt\u00e4mist\u00e4 ja on valmistettu tavalla, joka kunnioittaa sek\u00e4 sinua ett\u00e4 planeettaamme.<\/p>","protected":false},"excerpt":{"rendered":"<p>Suojaa k\u00e4tesi keitti\u00f6ss\u00e4 t\u00e4ll\u00e4 k\u00e4sintehdyll\u00e4, puhtaasta villasta valmistetulla uunikintaalla. Sis\u00e4ll\u00e4 oleva orgaaninen villavuori tarjoaa luonnollisen suojan, joten voit k\u00e4sitell\u00e4 kuumia pannuja helposti. Se toimii my\u00f6s kattilapidikk\u00e4n\u00e4 ja tukee samalla Zero Waste Mission -kampanjaamme.<\/p>\n<div class=\"global-icon-set\">\n<div class=\"global-icon-set__items\">\n<div class=\"global-icon-set__item\">\n<div class=\"global-icon-set__image\">\n                                    <img decoding=\"async\" src=\"https:\/\/homeofwool.com\/wp-content\/uploads\/2025\/09\/handmade-icon-300x300.png\" alt=\"k\u00e4sintehty kuvake\" \/>\n                                <\/div>\n<div class=\"global-icon-set__title\">K\u00e4sintehty<\/div>\n<\/p><\/div>\n<div class=\"global-icon-set__item\">\n<div class=\"global-icon-set__image\">\n                                    <img decoding=\"async\" src=\"https:\/\/homeofwool.com\/wp-content\/uploads\/2025\/09\/VOCs-min-300x300.png\" alt=\"vocs vapaa\" \/>\n                                <\/div>\n<div class=\"global-icon-set__title\">VOC-vapaa<\/div>\n<\/p><\/div>\n<div class=\"global-icon-set__item\">\n<div class=\"global-icon-set__image\">\n                                    <img decoding=\"async\" src=\"https:\/\/homeofwool.com\/wp-content\/uploads\/2025\/09\/free-of-synthetics-icon-300x300.png\" alt=\"synteettisi\u00e4 aineita sis\u00e4lt\u00e4m\u00e4t\u00f6n kuvake\" \/>\n                                <\/div>\n<div class=\"global-icon-set__title\">Vapaa synteettisist\u00e4 aineista<\/div>\n<\/p><\/div>\n<div class=\"global-icon-set__item\">\n<div class=\"global-icon-set__image\">\n                                    <img decoding=\"async\" src=\"https:\/\/homeofwool.com\/wp-content\/uploads\/2025\/09\/chemical-free-icon-300x300.png\" alt=\"kemikaalivapaa kuvake\" \/>\n                                <\/div>\n<div class=\"global-icon-set__title\">Kemikaalivapaa<\/div>\n<\/p><\/div>\n<div class=\"global-icon-set__item\">\n<div class=\"global-icon-set__image\">\n                                    <img decoding=\"async\" src=\"https:\/\/homeofwool.com\/wp-content\/uploads\/2025\/09\/certified-materials-icon-300x300.png\" alt=\"sertifioitujen materiaalien kuvake\" \/>\n                                <\/div>\n<div class=\"global-icon-set__title\">100% Puhtaat sertifioidut materiaalit<\/div>\n<\/p><\/div>\n<\/p><\/div>\n<\/p><\/div>","protected":false},"featured_media":226896,"template":"","meta":{"_acf_changed":false},"product_brand":[],"product_cat":[591,1366,590,174,558],"product_tag":[1370,603],"class_list":{"0":"post-217645","1":"product","2":"type-product","3":"status-publish","4":"has-post-thumbnail","6":"product_cat-kitchen-textiles","7":"product_cat-womens-day","8":"product_cat-accessories","9":"product_cat-zero-waste","10":"product_cat-zero-waste-accessories","11":"product_tag-nosteps","12":"product_tag-pot-holder","14":"first","15":"instock","16":"shipping-taxable","17":"purchasable","18":"product-type-simple"},"acf":[],"yoast_head":"<!-- This site is optimized with the Yoast SEO Premium plugin v27.3 (Yoast SEO v27.3) - https:\/\/yoast.com\/product\/yoast-seo-premium-wordpress\/ -->\n<title>Oven Mitt \u2013 Natural Pot Holder | Home of Wool<\/title>\n<meta name=\"description\" content=\"Natural and eco-friendly, the Oven Mitt provides breathable, toxin-free protection. Crafted from pure fabrics, it ensures safe, durable, and sustainable comfort in the kitchen.\" \/>\n<meta name=\"robots\" content=\"index, follow, max-snippet:-1, max-image-preview:large, max-video-preview:-1\" \/>\n<link rel=\"canonical\" href=\"https:\/\/homeofwool.com\/fi\/shop\/uunikinnas\/\" \/>\n<meta property=\"og:locale\" content=\"fi_FI\" \/>\n<meta property=\"og:type\" content=\"article\" \/>\n<meta property=\"og:title\" content=\"Wool Oven Mitt\" \/>\n<meta property=\"og:description\" content=\"Natural and eco-friendly, the Oven Mitt provides breathable, toxin-free protection. Crafted from pure fabrics, it ensures safe, durable, and sustainable comfort in the kitchen.\" \/>\n<meta property=\"og:url\" content=\"https:\/\/homeofwool.com\/fi\/shop\/uunikinnas\/\" \/>\n<meta property=\"og:site_name\" content=\"Home of Wool\" \/>\n<meta property=\"article:publisher\" content=\"https:\/\/facebook.com\/HomeOfWoolOfficial\" \/>\n<meta property=\"article:modified_time\" content=\"2026-03-26T14:45:32+00:00\" \/>\n<meta property=\"og:image\" content=\"https:\/\/homeofwool.com\/wp-content\/uploads\/2025\/09\/home-of-wool-wool-oven-mitt-1-main-christmas.jpg\" \/>\n\t<meta property=\"og:image:width\" content=\"1900\" \/>\n\t<meta property=\"og:image:height\" content=\"1520\" \/>\n\t<meta property=\"og:image:type\" content=\"image\/jpeg\" \/>\n<meta name=\"twitter:card\" content=\"summary_large_image\" \/>\n<meta name=\"twitter:label1\" content=\"Arvioitu lukuaika\" \/>\n\t<meta name=\"twitter:data1\" content=\"1 minuutti\" \/>\n<script type=\"application\/ld+json\" class=\"yoast-schema-graph\">{\"@context\":\"https:\\\/\\\/schema.org\",\"@graph\":[{\"@type\":\"WebPage\",\"@id\":\"https:\\\/\\\/homeofwool.com\\\/shop\\\/oven-mitt\\\/\",\"url\":\"https:\\\/\\\/homeofwool.com\\\/shop\\\/oven-mitt\\\/\",\"name\":\"Oven Mitt \u2013 Natural Pot Holder | Home of Wool\",\"isPartOf\":{\"@id\":\"https:\\\/\\\/homeofwool.com\\\/#website\"},\"primaryImageOfPage\":{\"@id\":\"https:\\\/\\\/homeofwool.com\\\/shop\\\/oven-mitt\\\/#primaryimage\"},\"image\":{\"@id\":\"https:\\\/\\\/homeofwool.com\\\/shop\\\/oven-mitt\\\/#primaryimage\"},\"thumbnailUrl\":\"https:\\\/\\\/homeofwool.com\\\/wp-content\\\/uploads\\\/2025\\\/09\\\/home-of-wool-wool-oven-mitt-1-main-christmas.jpg\",\"datePublished\":\"2025-09-02T12:01:59+00:00\",\"dateModified\":\"2026-03-26T14:45:32+00:00\",\"description\":\"Natural and eco-friendly, the Oven Mitt provides breathable, toxin-free protection. Crafted from pure fabrics, it ensures safe, durable, and sustainable comfort in the kitchen.\",\"breadcrumb\":{\"@id\":\"https:\\\/\\\/homeofwool.com\\\/shop\\\/oven-mitt\\\/#breadcrumb\"},\"inLanguage\":\"fi\",\"potentialAction\":[{\"@type\":\"ReadAction\",\"target\":[\"https:\\\/\\\/homeofwool.com\\\/shop\\\/oven-mitt\\\/\"]}]},{\"@type\":\"ImageObject\",\"inLanguage\":\"fi\",\"@id\":\"https:\\\/\\\/homeofwool.com\\\/shop\\\/oven-mitt\\\/#primaryimage\",\"url\":\"https:\\\/\\\/homeofwool.com\\\/wp-content\\\/uploads\\\/2025\\\/09\\\/home-of-wool-wool-oven-mitt-1-main-christmas.jpg\",\"contentUrl\":\"https:\\\/\\\/homeofwool.com\\\/wp-content\\\/uploads\\\/2025\\\/09\\\/home-of-wool-wool-oven-mitt-1-main-christmas.jpg\",\"width\":1900,\"height\":1520,\"caption\":\"Christmas oven mit\"},{\"@type\":\"BreadcrumbList\",\"@id\":\"https:\\\/\\\/homeofwool.com\\\/shop\\\/oven-mitt\\\/#breadcrumb\",\"itemListElement\":[{\"@type\":\"ListItem\",\"position\":1,\"name\":\"Home\",\"item\":\"https:\\\/\\\/homeofwool.com\\\/\"},{\"@type\":\"ListItem\",\"position\":2,\"name\":\"Products\",\"item\":\"https:\\\/\\\/homeofwool.com\\\/header-search-2\\\/\"},{\"@type\":\"ListItem\",\"position\":3,\"name\":\"Wool Oven Mitt\"}]},{\"@type\":\"WebSite\",\"@id\":\"https:\\\/\\\/homeofwool.com\\\/#website\",\"url\":\"https:\\\/\\\/homeofwool.com\\\/\",\"name\":\"Home of Wool\",\"description\":\"\",\"publisher\":{\"@id\":\"https:\\\/\\\/homeofwool.com\\\/#organization\"},\"potentialAction\":[{\"@type\":\"SearchAction\",\"target\":{\"@type\":\"EntryPoint\",\"urlTemplate\":\"https:\\\/\\\/homeofwool.com\\\/?s={search_term_string}\"},\"query-input\":{\"@type\":\"PropertyValueSpecification\",\"valueRequired\":true,\"valueName\":\"search_term_string\"}}],\"inLanguage\":\"fi\"},{\"@type\":\"Organization\",\"@id\":\"https:\\\/\\\/homeofwool.com\\\/#organization\",\"name\":\"Home of Wool\",\"url\":\"https:\\\/\\\/homeofwool.com\\\/\",\"logo\":{\"@type\":\"ImageObject\",\"inLanguage\":\"fi\",\"@id\":\"https:\\\/\\\/homeofwool.com\\\/#\\\/schema\\\/logo\\\/image\\\/\",\"url\":\"https:\\\/\\\/homeofwool.com\\\/wp-content\\\/uploads\\\/2025\\\/09\\\/WhatsApp-Image-2025-12-02-at-16.23.20.jpeg\",\"contentUrl\":\"https:\\\/\\\/homeofwool.com\\\/wp-content\\\/uploads\\\/2025\\\/09\\\/WhatsApp-Image-2025-12-02-at-16.23.20.jpeg\",\"width\":700,\"height\":247,\"caption\":\"Home of Wool\"},\"image\":{\"@id\":\"https:\\\/\\\/homeofwool.com\\\/#\\\/schema\\\/logo\\\/image\\\/\"},\"sameAs\":[\"https:\\\/\\\/facebook.com\\\/HomeOfWoolOfficial\"]}]}<\/script>\n<!-- \/ Yoast SEO Premium plugin. -->","yoast_head_json":{"title":"Uunikinnas \u2013 Luonnollinen patalappu | Home of Wool","description":"Luonnollinen ja ymp\u00e4rist\u00f6yst\u00e4v\u00e4llinen uunikinnas tarjoaa hengitt\u00e4v\u00e4n, myrkytt\u00f6m\u00e4n suojan. Se on valmistettu puhtaista kankaista ja takaa turvallisen, kest\u00e4v\u00e4n ja kest\u00e4v\u00e4n mukavuuden keitti\u00f6ss\u00e4.","robots":{"index":"index","follow":"follow","max-snippet":"max-snippet:-1","max-image-preview":"max-image-preview:large","max-video-preview":"max-video-preview:-1"},"canonical":"https:\/\/homeofwool.com\/fi\/shop\/uunikinnas\/","og_locale":"fi_FI","og_type":"article","og_title":"Wool Oven Mitt","og_description":"Natural and eco-friendly, the Oven Mitt provides breathable, toxin-free protection. Crafted from pure fabrics, it ensures safe, durable, and sustainable comfort in the kitchen.","og_url":"https:\/\/homeofwool.com\/fi\/shop\/uunikinnas\/","og_site_name":"Home of Wool","article_publisher":"https:\/\/facebook.com\/HomeOfWoolOfficial","article_modified_time":"2026-03-26T14:45:32+00:00","og_image":[{"width":1900,"height":1520,"url":"https:\/\/homeofwool.com\/wp-content\/uploads\/2025\/09\/home-of-wool-wool-oven-mitt-1-main-christmas.jpg","type":"image\/jpeg"}],"twitter_card":"summary_large_image","twitter_misc":{"Arvioitu lukuaika":"1 minuutti"},"schema":{"@context":"https:\/\/schema.org","@graph":[{"@type":"WebPage","@id":"https:\/\/homeofwool.com\/shop\/oven-mitt\/","url":"https:\/\/homeofwool.com\/shop\/oven-mitt\/","name":"Uunikinnas \u2013 Luonnollinen patalappu | Home of Wool","isPartOf":{"@id":"https:\/\/homeofwool.com\/#website"},"primaryImageOfPage":{"@id":"https:\/\/homeofwool.com\/shop\/oven-mitt\/#primaryimage"},"image":{"@id":"https:\/\/homeofwool.com\/shop\/oven-mitt\/#primaryimage"},"thumbnailUrl":"https:\/\/homeofwool.com\/wp-content\/uploads\/2025\/09\/home-of-wool-wool-oven-mitt-1-main-christmas.jpg","datePublished":"2025-09-02T12:01:59+00:00","dateModified":"2026-03-26T14:45:32+00:00","description":"Luonnollinen ja ymp\u00e4rist\u00f6yst\u00e4v\u00e4llinen uunikinnas tarjoaa hengitt\u00e4v\u00e4n, myrkytt\u00f6m\u00e4n suojan. Se on valmistettu puhtaista kankaista ja takaa turvallisen, kest\u00e4v\u00e4n ja kest\u00e4v\u00e4n mukavuuden keitti\u00f6ss\u00e4.","breadcrumb":{"@id":"https:\/\/homeofwool.com\/shop\/oven-mitt\/#breadcrumb"},"inLanguage":"fi","potentialAction":[{"@type":"ReadAction","target":["https:\/\/homeofwool.com\/shop\/oven-mitt\/"]}]},{"@type":"ImageObject","inLanguage":"fi","@id":"https:\/\/homeofwool.com\/shop\/oven-mitt\/#primaryimage","url":"https:\/\/homeofwool.com\/wp-content\/uploads\/2025\/09\/home-of-wool-wool-oven-mitt-1-main-christmas.jpg","contentUrl":"https:\/\/homeofwool.com\/wp-content\/uploads\/2025\/09\/home-of-wool-wool-oven-mitt-1-main-christmas.jpg","width":1900,"height":1520,"caption":"Christmas oven mit"},{"@type":"BreadcrumbList","@id":"https:\/\/homeofwool.com\/shop\/oven-mitt\/#breadcrumb","itemListElement":[{"@type":"ListItem","position":1,"name":"Home","item":"https:\/\/homeofwool.com\/"},{"@type":"ListItem","position":2,"name":"Products","item":"https:\/\/homeofwool.com\/header-search-2\/"},{"@type":"ListItem","position":3,"name":"Wool Oven Mitt"}]},{"@type":"WebSite","@id":"https:\/\/homeofwool.com\/#website","url":"https:\/\/homeofwool.com\/","name":"Villan koti","description":"","publisher":{"@id":"https:\/\/homeofwool.com\/#organization"},"potentialAction":[{"@type":"SearchAction","target":{"@type":"EntryPoint","urlTemplate":"https:\/\/homeofwool.com\/?s={search_term_string}"},"query-input":{"@type":"PropertyValueSpecification","valueRequired":true,"valueName":"search_term_string"}}],"inLanguage":"fi"},{"@type":"Organization","@id":"https:\/\/homeofwool.com\/#organization","name":"Villan koti","url":"https:\/\/homeofwool.com\/","logo":{"@type":"ImageObject","inLanguage":"fi","@id":"https:\/\/homeofwool.com\/#\/schema\/logo\/image\/","url":"https:\/\/homeofwool.com\/wp-content\/uploads\/2025\/09\/WhatsApp-Image-2025-12-02-at-16.23.20.jpeg","contentUrl":"https:\/\/homeofwool.com\/wp-content\/uploads\/2025\/09\/WhatsApp-Image-2025-12-02-at-16.23.20.jpeg","width":700,"height":247,"caption":"Home of Wool"},"image":{"@id":"https:\/\/homeofwool.com\/#\/schema\/logo\/image\/"},"sameAs":["https:\/\/facebook.com\/HomeOfWoolOfficial"]}]}},"_links":{"self":[{"href":"https:\/\/homeofwool.com\/fi\/wp-json\/wp\/v2\/product\/217645","targetHints":{"allow":["GET"]}}],"collection":[{"href":"https:\/\/homeofwool.com\/fi\/wp-json\/wp\/v2\/product"}],"about":[{"href":"https:\/\/homeofwool.com\/fi\/wp-json\/wp\/v2\/types\/product"}],"version-history":[{"count":2,"href":"https:\/\/homeofwool.com\/fi\/wp-json\/wp\/v2\/product\/217645\/revisions"}],"predecessor-version":[{"id":226372,"href":"https:\/\/homeofwool.com\/fi\/wp-json\/wp\/v2\/product\/217645\/revisions\/226372"}],"wp:featuredmedia":[{"embeddable":true,"href":"https:\/\/homeofwool.com\/fi\/wp-json\/wp\/v2\/media\/226896"}],"wp:attachment":[{"href":"https:\/\/homeofwool.com\/fi\/wp-json\/wp\/v2\/media?parent=217645"}],"wp:term":[{"taxonomy":"product_brand","embeddable":true,"href":"https:\/\/homeofwool.com\/fi\/wp-json\/wp\/v2\/product_brand?post=217645"},{"taxonomy":"product_cat","embeddable":true,"href":"https:\/\/homeofwool.com\/fi\/wp-json\/wp\/v2\/product_cat?post=217645"},{"taxonomy":"product_tag","embeddable":true,"href":"https:\/\/homeofwool.com\/fi\/wp-json\/wp\/v2\/product_tag?post=217645"}],"curies":[{"name":"wp","href":"https:\/\/api.w.org\/{rel}","templated":true}]}}