{"id":217634,"date":"2025-09-02T12:01:59","date_gmt":"2025-09-02T12:01:59","guid":{"rendered":"https:\/\/homeofwool.com\/?post_type=product&#038;p=217634"},"modified":"2026-04-03T11:55:32","modified_gmt":"2026-04-03T11:55:32","slug":"vauvansankypatja-ommeltu-kangas","status":"publish","type":"product","link":"https:\/\/homeofwool.com\/fi\/shop\/crib-mattress-stitched-fabric\/","title":{"rendered":"Zero Waste pinnas\u00e4ngyn patja"},"content":{"rendered":"<p>Turvallinen uni alkaa oikeasta perustasta. T\u00e4m\u00e4 lasten villapatja on valmistettu puhtaasta, hengitt\u00e4v\u00e4st\u00e4 villasta, joka auttaa s\u00e4\u00e4telem\u00e4\u00e4n lapsesi l\u00e4mp\u00f6tilaa ja pit\u00e4m\u00e4\u00e4n h\u00e4net mukavana ymp\u00e4ri vuoden. P\u00e4\u00e4llinen on valmistettu ylij\u00e4\u00e4m\u00e4kangaspaloista, jotka on yhdistetty vahvoilla mutta sileill\u00e4 saumoilla, ja n\u00e4in on luotu nollah\u00e4vikkipatja, joka v\u00e4hent\u00e4\u00e4 tekstiilij\u00e4tett\u00e4 laadusta tai mukavuudesta tinkim\u00e4tt\u00e4.<\/p>\n<p>Jokainen yksityiskohta on suunniteltu lapsesi hyvinvointia silm\u00e4ll\u00e4 pit\u00e4en. T\u00e4yte on kemikaalivapaa, joten se on hypoallergeeninen lasten patja, joka sopii herkille nukkujille. K\u00e4sin tuftattu materiaali pit\u00e4\u00e4 villan tasaisesti jakautuneena, ja tukevien sivuvetoketjujen avulla voit s\u00e4\u00e4t\u00e4\u00e4 tai p\u00e4ivitt\u00e4\u00e4 t\u00e4ytett\u00e4 tarpeen mukaan. Muoviset vetoketjut ovat my\u00f6s saatavilla pyynn\u00f6st\u00e4.<\/p>\n<p>Osana kest\u00e4v\u00e4\u00e4 lasten vuodevaatemallistoamme t\u00e4m\u00e4n ymp\u00e4rist\u00f6yst\u00e4v\u00e4llisen patjan mukana tulee ilmainen korjaussarja, joka auttaa pident\u00e4m\u00e4\u00e4n patjan k\u00e4ytt\u00f6ik\u00e4\u00e4. Se on k\u00e4yt\u00e4nn\u00f6llinen, planeettatietoinen ja turvallinen unipatja, jonka valinnasta voi olla hyv\u00e4 mieli.<\/p>","protected":false},"excerpt":{"rendered":"<p>Zero Waste Crib -patjassa yhdistyv\u00e4t luonnollinen mukavuus, kest\u00e4v\u00e4 muotoilu ja budjettiyst\u00e4v\u00e4llinen arvo, ja s\u00e4\u00e4st\u00f6t ovat jopa 20% vastaavan patjan normaalihintaan verrattuna. T\u00e4m\u00e4 puhtaasta villasta ja huolella ommelluista kangasj\u00e4tteist\u00e4 valmistettu luonnonmukainen lasten patja on kemikaalivapaa ja hypoallergeeninen. Sill\u00e4 on erityinen paikka Zero Waste Mission -mallistossamme, sill\u00e4 se on ensimm\u00e4inen luomamme j\u00e4tteet\u00f6n tuote. Siit\u00e4 tuli k\u00e4\u00e4nnekohta, jossa ymp\u00e4rist\u00f6yst\u00e4v\u00e4llinen visiomme kohtasi zero waste -filosofiamme, mik\u00e4 johti kest\u00e4v\u00e4\u00e4n, tinkim\u00e4tt\u00f6m\u00e4\u00e4n laatuun. Turvallinen, hengitt\u00e4v\u00e4 valinta vauvasi rauhalliselle unelle.<\/p>\n<div class=\"global-icon-set\">\n<div class=\"global-icon-set__items\">\n<div class=\"global-icon-set__item\">\n<div class=\"global-icon-set__image\">\n                                    <img decoding=\"async\" src=\"https:\/\/homeofwool.com\/wp-content\/uploads\/2025\/09\/handmade-icon-300x300.png\" alt=\"k\u00e4sintehty kuvake\" \/>\n                                <\/div>\n<div class=\"global-icon-set__title\">K\u00e4sintehty<\/div>\n<\/p><\/div>\n<div class=\"global-icon-set__item\">\n<div class=\"global-icon-set__image\">\n                                    <img decoding=\"async\" src=\"https:\/\/homeofwool.com\/wp-content\/uploads\/2025\/09\/Isolates-Motion-Transfer-min-300x300.png\" alt=\"erist\u00e4\u00e4 liikkeen siirron\" \/>\n                                <\/div>\n<div class=\"global-icon-set__title\">Erist\u00e4\u00e4 liikkeen siirron<\/div>\n<\/p><\/div>\n<div class=\"global-icon-set__item\">\n<div class=\"global-icon-set__image\">\n                                    <img decoding=\"async\" src=\"https:\/\/homeofwool.com\/wp-content\/uploads\/2025\/09\/Exceptionally-Supportive-min-300x300.png\" alt=\"poikkeuksellisen kannustava kuvake\" \/>\n                                <\/div>\n<div class=\"global-icon-set__title\">Poikkeuksellisen kannustava<\/div>\n<\/p><\/div>\n<div class=\"global-icon-set__item\">\n<div class=\"global-icon-set__image\">\n                                    <img decoding=\"async\" src=\"https:\/\/homeofwool.com\/wp-content\/uploads\/2025\/09\/wicks-moisture-away-300x300.png\" alt=\"siirt\u00e4\u00e4 kosteutta pois\" \/>\n                                <\/div>\n<div class=\"global-icon-set__title\">Poistaa kosteutta<\/div>\n<\/p><\/div>\n<div class=\"global-icon-set__item\">\n<div class=\"global-icon-set__image\">\n                                    <img decoding=\"async\" src=\"https:\/\/homeofwool.com\/wp-content\/uploads\/2025\/09\/VOCs-min-300x300.png\" alt=\"vocs vapaa\" \/>\n                                <\/div>\n<div class=\"global-icon-set__title\">VOC-vapaa<\/div>\n<\/p><\/div>\n<div class=\"global-icon-set__item\">\n<div class=\"global-icon-set__image\">\n                                    <img decoding=\"async\" src=\"https:\/\/homeofwool.com\/wp-content\/uploads\/2025\/09\/FR-min-300x300.png\" alt=\"palonkest\u00e4v\u00e4 kuvake\" \/>\n                                <\/div>\n<div class=\"global-icon-set__title\">Liekinkest\u00e4v\u00e4<\/div>\n<\/p><\/div>\n<div class=\"global-icon-set__item\">\n<div class=\"global-icon-set__image\">\n                                    <img decoding=\"async\" src=\"https:\/\/homeofwool.com\/wp-content\/uploads\/2025\/09\/Hypoallergenic-min-300x300.png\" alt=\"hypoallergeeninen kuvake\" \/>\n                                <\/div>\n<div class=\"global-icon-set__title\">Hypoallergeeninen<\/div>\n<\/p><\/div>\n<div class=\"global-icon-set__item\">\n<div class=\"global-icon-set__image\">\n                                    <img decoding=\"async\" src=\"https:\/\/homeofwool.com\/wp-content\/uploads\/2025\/09\/free-of-synthetics-icon-300x300.png\" alt=\"synteettisi\u00e4 aineita sis\u00e4lt\u00e4m\u00e4t\u00f6n kuvake\" \/>\n                                <\/div>\n<div class=\"global-icon-set__title\">Vapaa synteettisist\u00e4 aineista<\/div>\n<\/p><\/div>\n<div class=\"global-icon-set__item\">\n<div class=\"global-icon-set__image\">\n                                    <img decoding=\"async\" src=\"https:\/\/homeofwool.com\/wp-content\/uploads\/2025\/09\/chemical-free-icon-300x300.png\" alt=\"kemikaalivapaa kuvake\" \/>\n                                <\/div>\n<div class=\"global-icon-set__title\">Kemikaalivapaa<\/div>\n<\/p><\/div>\n<div class=\"global-icon-set__item\">\n<div class=\"global-icon-set__image\">\n                                    <img decoding=\"async\" src=\"https:\/\/homeofwool.com\/wp-content\/uploads\/2025\/09\/anti-bacterial-icon-300x300.png\" alt=\"anti bakteeri kuvake\" \/>\n                                <\/div>\n<div class=\"global-icon-set__title\">Anti-mikrobinen &amp; antibakteerinen<\/div>\n<\/p><\/div>\n<div class=\"global-icon-set__item\">\n<div class=\"global-icon-set__image\">\n                                    <img decoding=\"async\" src=\"https:\/\/homeofwool.com\/wp-content\/uploads\/2025\/09\/certified-materials-icon-300x300.png\" alt=\"sertifioitujen materiaalien kuvake\" \/>\n                                <\/div>\n<div class=\"global-icon-set__title\">100% Puhtaat sertifioidut materiaalit<\/div>\n<\/p><\/div>\n<\/p><\/div>\n<\/p><\/div>","protected":false},"featured_media":226463,"template":"","meta":{"_acf_changed":false},"product_brand":[],"product_cat":[459,264,551],"product_tag":[460,462,465,193,466,469,195,149,476],"class_list":{"0":"post-217634","1":"product","2":"type-product","3":"status-publish","4":"has-post-thumbnail","6":"product_cat-mattresses-toppers","7":"product_cat-kids","8":"product_cat-zero-waste-mattresses","9":"product_tag-baby-bedding","10":"product_tag-cot-mattress","11":"product_tag-mini-crib-mattress","12":"product_tag-natural-mattress","13":"product_tag-natural-nursery","14":"product_tag-organic-baby-cot","15":"product_tag-organic-mattress","16":"product_tag-steps","17":"product_tag-toddler-mattress","19":"first","20":"instock","21":"shipping-taxable","22":"purchasable","23":"product-type-simple"},"acf":[],"yoast_head":"<!-- This site is optimized with the Yoast SEO Premium plugin v27.3 (Yoast SEO v27.3) - https:\/\/yoast.com\/product\/yoast-seo-premium-wordpress\/ -->\n<title>Zero Waste Crib Mattress \u2013 Hypoallergenic Kids Mattress | Home of Wool<\/title>\n<meta name=\"description\" content=\"Natural, breathable, and zero-waste, the Crib Mattress combines pure wool and leftover fabrics. Chemical-free, hypoallergenic, and sustainable, it offers safe, comfortable sleep for babies.\" \/>\n<meta name=\"robots\" content=\"index, follow, max-snippet:-1, max-image-preview:large, max-video-preview:-1\" \/>\n<link rel=\"canonical\" href=\"https:\/\/homeofwool.com\/fi\/shop\/vauvansankypatja-ommeltu-kangas\/\" \/>\n<meta property=\"og:locale\" content=\"fi_FI\" \/>\n<meta property=\"og:type\" content=\"article\" \/>\n<meta property=\"og:title\" content=\"Zero Waste Crib Mattress\" \/>\n<meta property=\"og:description\" content=\"Natural, breathable, and zero-waste, the Crib Mattress combines pure wool and leftover fabrics. Chemical-free, hypoallergenic, and sustainable, it offers safe, comfortable sleep for babies.\" \/>\n<meta property=\"og:url\" content=\"https:\/\/homeofwool.com\/fi\/shop\/vauvansankypatja-ommeltu-kangas\/\" \/>\n<meta property=\"og:site_name\" content=\"Home of Wool\" \/>\n<meta property=\"article:publisher\" content=\"https:\/\/facebook.com\/HomeOfWoolOfficial\" \/>\n<meta property=\"article:modified_time\" content=\"2026-04-03T11:55:32+00:00\" \/>\n<meta property=\"og:image\" content=\"https:\/\/homeofwool.com\/wp-content\/uploads\/2025\/09\/home-of-wool-zero-waste-kids-mattress-1-mainn.jpg\" \/>\n\t<meta property=\"og:image:width\" content=\"1920\" \/>\n\t<meta property=\"og:image:height\" content=\"1536\" \/>\n\t<meta property=\"og:image:type\" content=\"image\/jpeg\" \/>\n<meta name=\"twitter:card\" content=\"summary_large_image\" \/>\n<meta name=\"twitter:label1\" content=\"Arvioitu lukuaika\" \/>\n\t<meta name=\"twitter:data1\" content=\"1 minuutti\" \/>\n<script type=\"application\/ld+json\" class=\"yoast-schema-graph\">{\"@context\":\"https:\\\/\\\/schema.org\",\"@graph\":[{\"@type\":\"WebPage\",\"@id\":\"https:\\\/\\\/homeofwool.com\\\/shop\\\/crib-mattress-stitched-fabric\\\/\",\"url\":\"https:\\\/\\\/homeofwool.com\\\/shop\\\/crib-mattress-stitched-fabric\\\/\",\"name\":\"Zero Waste Crib Mattress \u2013 Hypoallergenic Kids Mattress | Home of Wool\",\"isPartOf\":{\"@id\":\"https:\\\/\\\/homeofwool.com\\\/#website\"},\"primaryImageOfPage\":{\"@id\":\"https:\\\/\\\/homeofwool.com\\\/shop\\\/crib-mattress-stitched-fabric\\\/#primaryimage\"},\"image\":{\"@id\":\"https:\\\/\\\/homeofwool.com\\\/shop\\\/crib-mattress-stitched-fabric\\\/#primaryimage\"},\"thumbnailUrl\":\"https:\\\/\\\/homeofwool.com\\\/wp-content\\\/uploads\\\/2025\\\/09\\\/home-of-wool-zero-waste-kids-mattress-1-mainn.jpg\",\"datePublished\":\"2025-09-02T12:01:59+00:00\",\"dateModified\":\"2026-04-03T11:55:32+00:00\",\"description\":\"Natural, breathable, and zero-waste, the Crib Mattress combines pure wool and leftover fabrics. Chemical-free, hypoallergenic, and sustainable, it offers safe, comfortable sleep for babies.\",\"breadcrumb\":{\"@id\":\"https:\\\/\\\/homeofwool.com\\\/shop\\\/crib-mattress-stitched-fabric\\\/#breadcrumb\"},\"inLanguage\":\"fi\",\"potentialAction\":[{\"@type\":\"ReadAction\",\"target\":[\"https:\\\/\\\/homeofwool.com\\\/shop\\\/crib-mattress-stitched-fabric\\\/\"]}]},{\"@type\":\"ImageObject\",\"inLanguage\":\"fi\",\"@id\":\"https:\\\/\\\/homeofwool.com\\\/shop\\\/crib-mattress-stitched-fabric\\\/#primaryimage\",\"url\":\"https:\\\/\\\/homeofwool.com\\\/wp-content\\\/uploads\\\/2025\\\/09\\\/home-of-wool-zero-waste-kids-mattress-1-mainn.jpg\",\"contentUrl\":\"https:\\\/\\\/homeofwool.com\\\/wp-content\\\/uploads\\\/2025\\\/09\\\/home-of-wool-zero-waste-kids-mattress-1-mainn.jpg\",\"width\":1920,\"height\":1536,\"caption\":\"Zero Waste Crib Mattress in 100% Wool Fabric\"},{\"@type\":\"BreadcrumbList\",\"@id\":\"https:\\\/\\\/homeofwool.com\\\/shop\\\/crib-mattress-stitched-fabric\\\/#breadcrumb\",\"itemListElement\":[{\"@type\":\"ListItem\",\"position\":1,\"name\":\"Home\",\"item\":\"https:\\\/\\\/homeofwool.com\\\/\"},{\"@type\":\"ListItem\",\"position\":2,\"name\":\"Products\",\"item\":\"https:\\\/\\\/homeofwool.com\\\/header-search-2\\\/\"},{\"@type\":\"ListItem\",\"position\":3,\"name\":\"Zero Waste Crib Mattress\"}]},{\"@type\":\"WebSite\",\"@id\":\"https:\\\/\\\/homeofwool.com\\\/#website\",\"url\":\"https:\\\/\\\/homeofwool.com\\\/\",\"name\":\"Home of Wool\",\"description\":\"\",\"publisher\":{\"@id\":\"https:\\\/\\\/homeofwool.com\\\/#organization\"},\"potentialAction\":[{\"@type\":\"SearchAction\",\"target\":{\"@type\":\"EntryPoint\",\"urlTemplate\":\"https:\\\/\\\/homeofwool.com\\\/?s={search_term_string}\"},\"query-input\":{\"@type\":\"PropertyValueSpecification\",\"valueRequired\":true,\"valueName\":\"search_term_string\"}}],\"inLanguage\":\"fi\"},{\"@type\":\"Organization\",\"@id\":\"https:\\\/\\\/homeofwool.com\\\/#organization\",\"name\":\"Home of Wool\",\"url\":\"https:\\\/\\\/homeofwool.com\\\/\",\"logo\":{\"@type\":\"ImageObject\",\"inLanguage\":\"fi\",\"@id\":\"https:\\\/\\\/homeofwool.com\\\/#\\\/schema\\\/logo\\\/image\\\/\",\"url\":\"https:\\\/\\\/homeofwool.com\\\/wp-content\\\/uploads\\\/2025\\\/09\\\/WhatsApp-Image-2025-12-02-at-16.23.20.jpeg\",\"contentUrl\":\"https:\\\/\\\/homeofwool.com\\\/wp-content\\\/uploads\\\/2025\\\/09\\\/WhatsApp-Image-2025-12-02-at-16.23.20.jpeg\",\"width\":700,\"height\":247,\"caption\":\"Home of Wool\"},\"image\":{\"@id\":\"https:\\\/\\\/homeofwool.com\\\/#\\\/schema\\\/logo\\\/image\\\/\"},\"sameAs\":[\"https:\\\/\\\/facebook.com\\\/HomeOfWoolOfficial\"]}]}<\/script>\n<!-- \/ Yoast SEO Premium plugin. -->","yoast_head_json":{"title":"Zero Waste pinnas\u00e4ngyn patja - Hypoallergeeninen lasten patja | Home of Wool","description":"Luonnollinen, hengitt\u00e4v\u00e4 ja j\u00e4tteet\u00f6n pinnas\u00e4ngyn patja yhdist\u00e4\u00e4 puhdasta villaa ja kangasj\u00e4tteit\u00e4. Kemikaalivapaa, hypoallergeeninen ja kest\u00e4v\u00e4, se tarjoaa turvallista ja mukavaa unta vauvoille.","robots":{"index":"index","follow":"follow","max-snippet":"max-snippet:-1","max-image-preview":"max-image-preview:large","max-video-preview":"max-video-preview:-1"},"canonical":"https:\/\/homeofwool.com\/fi\/shop\/vauvansankypatja-ommeltu-kangas\/","og_locale":"fi_FI","og_type":"article","og_title":"Zero Waste Crib Mattress","og_description":"Natural, breathable, and zero-waste, the Crib Mattress combines pure wool and leftover fabrics. Chemical-free, hypoallergenic, and sustainable, it offers safe, comfortable sleep for babies.","og_url":"https:\/\/homeofwool.com\/fi\/shop\/vauvansankypatja-ommeltu-kangas\/","og_site_name":"Home of Wool","article_publisher":"https:\/\/facebook.com\/HomeOfWoolOfficial","article_modified_time":"2026-04-03T11:55:32+00:00","og_image":[{"width":1920,"height":1536,"url":"https:\/\/homeofwool.com\/wp-content\/uploads\/2025\/09\/home-of-wool-zero-waste-kids-mattress-1-mainn.jpg","type":"image\/jpeg"}],"twitter_card":"summary_large_image","twitter_misc":{"Arvioitu lukuaika":"1 minuutti"},"schema":{"@context":"https:\/\/schema.org","@graph":[{"@type":"WebPage","@id":"https:\/\/homeofwool.com\/shop\/crib-mattress-stitched-fabric\/","url":"https:\/\/homeofwool.com\/shop\/crib-mattress-stitched-fabric\/","name":"Zero Waste pinnas\u00e4ngyn patja - Hypoallergeeninen lasten patja | Home of Wool","isPartOf":{"@id":"https:\/\/homeofwool.com\/#website"},"primaryImageOfPage":{"@id":"https:\/\/homeofwool.com\/shop\/crib-mattress-stitched-fabric\/#primaryimage"},"image":{"@id":"https:\/\/homeofwool.com\/shop\/crib-mattress-stitched-fabric\/#primaryimage"},"thumbnailUrl":"https:\/\/homeofwool.com\/wp-content\/uploads\/2025\/09\/home-of-wool-zero-waste-kids-mattress-1-mainn.jpg","datePublished":"2025-09-02T12:01:59+00:00","dateModified":"2026-04-03T11:55:32+00:00","description":"Luonnollinen, hengitt\u00e4v\u00e4 ja j\u00e4tteet\u00f6n pinnas\u00e4ngyn patja yhdist\u00e4\u00e4 puhdasta villaa ja kangasj\u00e4tteit\u00e4. Kemikaalivapaa, hypoallergeeninen ja kest\u00e4v\u00e4, se tarjoaa turvallista ja mukavaa unta vauvoille.","breadcrumb":{"@id":"https:\/\/homeofwool.com\/shop\/crib-mattress-stitched-fabric\/#breadcrumb"},"inLanguage":"fi","potentialAction":[{"@type":"ReadAction","target":["https:\/\/homeofwool.com\/shop\/crib-mattress-stitched-fabric\/"]}]},{"@type":"ImageObject","inLanguage":"fi","@id":"https:\/\/homeofwool.com\/shop\/crib-mattress-stitched-fabric\/#primaryimage","url":"https:\/\/homeofwool.com\/wp-content\/uploads\/2025\/09\/home-of-wool-zero-waste-kids-mattress-1-mainn.jpg","contentUrl":"https:\/\/homeofwool.com\/wp-content\/uploads\/2025\/09\/home-of-wool-zero-waste-kids-mattress-1-mainn.jpg","width":1920,"height":1536,"caption":"Zero Waste Crib Mattress in 100% Wool Fabric"},{"@type":"BreadcrumbList","@id":"https:\/\/homeofwool.com\/shop\/crib-mattress-stitched-fabric\/#breadcrumb","itemListElement":[{"@type":"ListItem","position":1,"name":"Home","item":"https:\/\/homeofwool.com\/"},{"@type":"ListItem","position":2,"name":"Products","item":"https:\/\/homeofwool.com\/header-search-2\/"},{"@type":"ListItem","position":3,"name":"Zero Waste Crib Mattress"}]},{"@type":"WebSite","@id":"https:\/\/homeofwool.com\/#website","url":"https:\/\/homeofwool.com\/","name":"Villan koti","description":"","publisher":{"@id":"https:\/\/homeofwool.com\/#organization"},"potentialAction":[{"@type":"SearchAction","target":{"@type":"EntryPoint","urlTemplate":"https:\/\/homeofwool.com\/?s={search_term_string}"},"query-input":{"@type":"PropertyValueSpecification","valueRequired":true,"valueName":"search_term_string"}}],"inLanguage":"fi"},{"@type":"Organization","@id":"https:\/\/homeofwool.com\/#organization","name":"Villan koti","url":"https:\/\/homeofwool.com\/","logo":{"@type":"ImageObject","inLanguage":"fi","@id":"https:\/\/homeofwool.com\/#\/schema\/logo\/image\/","url":"https:\/\/homeofwool.com\/wp-content\/uploads\/2025\/09\/WhatsApp-Image-2025-12-02-at-16.23.20.jpeg","contentUrl":"https:\/\/homeofwool.com\/wp-content\/uploads\/2025\/09\/WhatsApp-Image-2025-12-02-at-16.23.20.jpeg","width":700,"height":247,"caption":"Home of Wool"},"image":{"@id":"https:\/\/homeofwool.com\/#\/schema\/logo\/image\/"},"sameAs":["https:\/\/facebook.com\/HomeOfWoolOfficial"]}]}},"_links":{"self":[{"href":"https:\/\/homeofwool.com\/fi\/wp-json\/wp\/v2\/product\/217634","targetHints":{"allow":["GET"]}}],"collection":[{"href":"https:\/\/homeofwool.com\/fi\/wp-json\/wp\/v2\/product"}],"about":[{"href":"https:\/\/homeofwool.com\/fi\/wp-json\/wp\/v2\/types\/product"}],"version-history":[{"count":2,"href":"https:\/\/homeofwool.com\/fi\/wp-json\/wp\/v2\/product\/217634\/revisions"}],"predecessor-version":[{"id":226460,"href":"https:\/\/homeofwool.com\/fi\/wp-json\/wp\/v2\/product\/217634\/revisions\/226460"}],"wp:featuredmedia":[{"embeddable":true,"href":"https:\/\/homeofwool.com\/fi\/wp-json\/wp\/v2\/media\/226463"}],"wp:attachment":[{"href":"https:\/\/homeofwool.com\/fi\/wp-json\/wp\/v2\/media?parent=217634"}],"wp:term":[{"taxonomy":"product_brand","embeddable":true,"href":"https:\/\/homeofwool.com\/fi\/wp-json\/wp\/v2\/product_brand?post=217634"},{"taxonomy":"product_cat","embeddable":true,"href":"https:\/\/homeofwool.com\/fi\/wp-json\/wp\/v2\/product_cat?post=217634"},{"taxonomy":"product_tag","embeddable":true,"href":"https:\/\/homeofwool.com\/fi\/wp-json\/wp\/v2\/product_tag?post=217634"}],"curies":[{"name":"wp","href":"https:\/\/api.w.org\/{rel}","templated":true}]}}