{"id":217632,"date":"2025-09-02T12:01:58","date_gmt":"2025-09-02T12:01:58","guid":{"rendered":"https:\/\/homeofwool.com\/?post_type=product&#038;p=217632"},"modified":"2025-09-25T13:20:24","modified_gmt":"2025-09-25T13:20:24","slug":"hamppukangas","status":"publish","type":"product","link":"https:\/\/homeofwool.com\/fi\/shop\/hemp-fabric\/","title":{"rendered":"100% Hamppukangas"},"content":{"rendered":"<p>Tuo tekstuuria ja aitoutta kotiisi t\u00e4ll\u00e4 100%-orgaanisella hamppukankaalla. Puhtaista kuiduista valmistettu, kemikaaliton kangas on kest\u00e4v\u00e4 ja t\u00e4ysin biohajoava. Maalaismaisen v\u00e4riss\u00e4 on raakaa laatua. Se sopii hyvin rustiikkisiin esineisiin ja boheemityylisiin tiloihin. Sek\u00e4 sis\u00e4- ett\u00e4 ulkok\u00e4ytt\u00f6\u00f6n.<\/p>\n<p>Vahva mutta pehmenev\u00e4 jokaisella pesulla, t\u00e4m\u00e4 v\u00e4rj\u00e4\u00e4m\u00e4t\u00f6n hamppukangas on t\u00e4ydellinen kest\u00e4v\u00e4\u00e4n vaatetukseen, joka tuntuu luonnolliselta ja maadoittavalta. Suunnittelijat k\u00e4ytt\u00e4v\u00e4t t\u00e4t\u00e4 hamppukangasta kodin sisustuksessa, olipa kyseess\u00e4 sitten koristeelliset verhoilut, tyynynp\u00e4\u00e4lliset tai tekstuuriset sein\u00e4paneelit. Sen ilmava kudonta tekee siit\u00e4 my\u00f6s upean valinnan ilmaville verhoille, boho-tyylisille kangasverhoille tai katosverhoille retkeilyyn ja puutarhatiloihin.<\/p>\n<p>Luoville ihmisille se on monipuolinen ja kest\u00e4v\u00e4 kangas DIY-projekteihin. T\u00e4m\u00e4 kangas sopii p\u00e4ivitt\u00e4iseen k\u00e4ytt\u00f6\u00f6n, kuten laukkujen tai esiliinojen valmistukseen. Siit\u00e4 voi my\u00f6s tehd\u00e4 vieh\u00e4tt\u00e4v\u00e4n p\u00f6yt\u00e4liinan.<\/p>\n<p>T\u00e4m\u00e4 orgaaninen hamppukangas painaa 290 g\/m\u00b2 ja sen leveys on 120 cm, joten se sopii monipuolisesti sek\u00e4 pieniin k\u00e4sity\u00f6projekteihin ett\u00e4 suurempiin kodinsisustushankkeisiin. Jokainen tilaus leikataan yhten\u00e4isen\u00e4 kappaleena, mik\u00e4 antaa sinulle t\u00e4yden vapauden suurempiin projekteihin.<\/p>\n<p>Ajaton ja kest\u00e4v\u00e4, t\u00e4m\u00e4 ymp\u00e4rist\u00f6yst\u00e4v\u00e4llinen kangas kutsuu sinut luomaan tarkoituksenmukaisesti ja nauttimaan tekstiilist\u00e4, joka yhdist\u00e4\u00e4 luonnon, muotoilun ja arjen.<\/p>","protected":false},"excerpt":{"rendered":"<p>T\u00e4m\u00e4 luonnollinen hamppukangas on rustiikkisen avointa kudosta, joka tuo hieman l\u00e4mp\u00f6\u00e4 jokaiseen projektiin. Hengitt\u00e4v\u00e4 ja ymp\u00e4rist\u00f6yst\u00e4v\u00e4llinen kangas on ihana valinta kaikkiin boho-tyylisiin kangasprojekteihin. Koristeellisista verhoista ja verhoiluista yksinkertaisiin DIY-projekteihin \u2013 t\u00e4m\u00e4 kangas antaa sinulle runsaasti luovaa vapautta.<\/p>\n<p><strong>Paino:<\/strong> 8,5 oz\/yd\u00b2 (290 g\/m\u00b2)<br \/>\n<strong>Leveys<\/strong> : 47\u2033 (120 cm)<\/p>\n<div class=\"global-icon-set\">\n<div class=\"global-icon-set__items\">\n<div class=\"global-icon-set__item\">\n<div class=\"global-icon-set__image\">\n                                    <img decoding=\"async\" src=\"https:\/\/homeofwool.com\/wp-content\/uploads\/2025\/09\/VOCs-min-300x300.png\" alt=\"vocs vapaa\" \/>\n                                <\/div>\n<div class=\"global-icon-set__title\">VOC-vapaa<\/div>\n<\/p><\/div>\n<div class=\"global-icon-set__item\">\n<div class=\"global-icon-set__image\">\n                                    <img decoding=\"async\" src=\"https:\/\/homeofwool.com\/wp-content\/uploads\/2025\/09\/free-of-synthetics-icon-300x300.png\" alt=\"synteettisi\u00e4 aineita sis\u00e4lt\u00e4m\u00e4t\u00f6n kuvake\" \/>\n                                <\/div>\n<div class=\"global-icon-set__title\">Vapaa synteettisist\u00e4 aineista<\/div>\n<\/p><\/div>\n<div class=\"global-icon-set__item\">\n<div class=\"global-icon-set__image\">\n                                    <img decoding=\"async\" src=\"https:\/\/homeofwool.com\/wp-content\/uploads\/2025\/09\/chemical-free-icon-300x300.png\" alt=\"kemikaalivapaa kuvake\" \/>\n                                <\/div>\n<div class=\"global-icon-set__title\">Kemikaalivapaa<\/div>\n<\/p><\/div>\n<\/p><\/div>\n<\/p><\/div>","protected":false},"featured_media":219301,"template":"","meta":{"_acf_changed":false},"product_brand":[],"product_cat":[25],"product_tag":[261,262,85,86,263,94,95],"class_list":{"0":"post-217632","1":"product","2":"type-product","3":"status-publish","4":"has-post-thumbnail","6":"product_cat-wool-fabrics-batting","7":"product_tag-cotton-fabric-by-the-yard","8":"product_tag-cotton-fabric-for-applique","9":"product_tag-craft-supplies","10":"product_tag-eco-friendly-textile","11":"product_tag-pure-cotton-fabric","12":"product_tag-sewing-supply","13":"product_tag-undyed-fibers","15":"first","16":"instock","17":"shipping-taxable","18":"purchasable","19":"product-type-variable"},"acf":[],"yoast_head":"<!-- This site is optimized with the Yoast SEO Premium plugin v27.3 (Yoast SEO v27.3) - https:\/\/yoast.com\/product\/yoast-seo-premium-wordpress\/ -->\n<title>Hemp Fabric \u2013 Organic, Eco-friendly &amp; Cut-to-size | Home of Wool<\/title>\n<meta name=\"description\" content=\"Natural hemp textile is durable, breathable, and chemical-free with a rich texture. Perfect for flowing drapes, cushions, table runners, home d\u00e9cor, and creative projects.\" \/>\n<meta name=\"robots\" content=\"index, follow, max-snippet:-1, max-image-preview:large, max-video-preview:-1\" \/>\n<link rel=\"canonical\" href=\"https:\/\/homeofwool.com\/fi\/shop\/hamppukangas\/\" \/>\n<meta property=\"og:locale\" content=\"fi_FI\" \/>\n<meta property=\"og:type\" content=\"article\" \/>\n<meta property=\"og:title\" content=\"100% Hemp Fabric\" \/>\n<meta property=\"og:description\" content=\"Natural hemp textile is durable, breathable, and chemical-free with a rich texture. Perfect for flowing drapes, cushions, table runners, home d\u00e9cor, and creative projects.\" \/>\n<meta property=\"og:url\" content=\"https:\/\/homeofwool.com\/fi\/shop\/hamppukangas\/\" \/>\n<meta property=\"og:site_name\" content=\"Home of Wool\" \/>\n<meta property=\"article:publisher\" content=\"https:\/\/facebook.com\/HomeOfWoolOfficial\" \/>\n<meta property=\"article:modified_time\" content=\"2025-09-25T13:20:24+00:00\" \/>\n<meta property=\"og:image\" content=\"https:\/\/homeofwool.com\/wp-content\/uploads\/2025\/09\/home-of-wool-100-hemp-fabric-1-main.jpg\" \/>\n\t<meta property=\"og:image:width\" content=\"2000\" \/>\n\t<meta property=\"og:image:height\" content=\"1599\" \/>\n\t<meta property=\"og:image:type\" content=\"image\/jpeg\" \/>\n<meta name=\"twitter:card\" content=\"summary_large_image\" \/>\n<meta name=\"twitter:label1\" content=\"Arvioitu lukuaika\" \/>\n\t<meta name=\"twitter:data1\" content=\"2 minuuttia\" \/>\n<script type=\"application\/ld+json\" class=\"yoast-schema-graph\">{\"@context\":\"https:\\\/\\\/schema.org\",\"@graph\":[{\"@type\":\"WebPage\",\"@id\":\"https:\\\/\\\/homeofwool.com\\\/da\\\/butik\\\/hampestof\\\/\",\"url\":\"https:\\\/\\\/homeofwool.com\\\/da\\\/butik\\\/hampestof\\\/\",\"name\":\"Hemp Fabric \u2013 Organic, Eco-friendly & Cut-to-size | Home of Wool\",\"isPartOf\":{\"@id\":\"https:\\\/\\\/homeofwool.com\\\/#website\"},\"primaryImageOfPage\":{\"@id\":\"https:\\\/\\\/homeofwool.com\\\/da\\\/butik\\\/hampestof\\\/#primaryimage\"},\"image\":{\"@id\":\"https:\\\/\\\/homeofwool.com\\\/da\\\/butik\\\/hampestof\\\/#primaryimage\"},\"thumbnailUrl\":\"https:\\\/\\\/homeofwool.com\\\/wp-content\\\/uploads\\\/2025\\\/09\\\/home-of-wool-100-hemp-fabric-1-main.jpg\",\"datePublished\":\"2025-09-02T12:01:58+00:00\",\"dateModified\":\"2025-09-25T13:20:24+00:00\",\"description\":\"Natural hemp textile is durable, breathable, and chemical-free with a rich texture. Perfect for flowing drapes, cushions, table runners, home d\u00e9cor, and creative projects.\",\"breadcrumb\":{\"@id\":\"https:\\\/\\\/homeofwool.com\\\/da\\\/butik\\\/hampestof\\\/#breadcrumb\"},\"inLanguage\":\"fi\",\"potentialAction\":[{\"@type\":\"ReadAction\",\"target\":[\"https:\\\/\\\/homeofwool.com\\\/da\\\/butik\\\/hampestof\\\/\"]}]},{\"@type\":\"ImageObject\",\"inLanguage\":\"fi\",\"@id\":\"https:\\\/\\\/homeofwool.com\\\/da\\\/butik\\\/hampestof\\\/#primaryimage\",\"url\":\"https:\\\/\\\/homeofwool.com\\\/wp-content\\\/uploads\\\/2025\\\/09\\\/home-of-wool-100-hemp-fabric-1-main.jpg\",\"contentUrl\":\"https:\\\/\\\/homeofwool.com\\\/wp-content\\\/uploads\\\/2025\\\/09\\\/home-of-wool-100-hemp-fabric-1-main.jpg\",\"width\":2000,\"height\":1599,\"caption\":\"100% hemp fabric close up\"},{\"@type\":\"BreadcrumbList\",\"@id\":\"https:\\\/\\\/homeofwool.com\\\/da\\\/butik\\\/hampestof\\\/#breadcrumb\",\"itemListElement\":[{\"@type\":\"ListItem\",\"position\":1,\"name\":\"Home\",\"item\":\"https:\\\/\\\/homeofwool.com\\\/\"},{\"@type\":\"ListItem\",\"position\":2,\"name\":\"Products\",\"item\":\"https:\\\/\\\/homeofwool.com\\\/header-search-2\\\/\"},{\"@type\":\"ListItem\",\"position\":3,\"name\":\"100% Hemp Fabric\"}]},{\"@type\":\"WebSite\",\"@id\":\"https:\\\/\\\/homeofwool.com\\\/#website\",\"url\":\"https:\\\/\\\/homeofwool.com\\\/\",\"name\":\"Home of Wool\",\"description\":\"\",\"publisher\":{\"@id\":\"https:\\\/\\\/homeofwool.com\\\/#organization\"},\"potentialAction\":[{\"@type\":\"SearchAction\",\"target\":{\"@type\":\"EntryPoint\",\"urlTemplate\":\"https:\\\/\\\/homeofwool.com\\\/?s={search_term_string}\"},\"query-input\":{\"@type\":\"PropertyValueSpecification\",\"valueRequired\":true,\"valueName\":\"search_term_string\"}}],\"inLanguage\":\"fi\"},{\"@type\":\"Organization\",\"@id\":\"https:\\\/\\\/homeofwool.com\\\/#organization\",\"name\":\"Home of Wool\",\"url\":\"https:\\\/\\\/homeofwool.com\\\/\",\"logo\":{\"@type\":\"ImageObject\",\"inLanguage\":\"fi\",\"@id\":\"https:\\\/\\\/homeofwool.com\\\/#\\\/schema\\\/logo\\\/image\\\/\",\"url\":\"https:\\\/\\\/homeofwool.com\\\/wp-content\\\/uploads\\\/2025\\\/09\\\/WhatsApp-Image-2025-12-02-at-16.23.20.jpeg\",\"contentUrl\":\"https:\\\/\\\/homeofwool.com\\\/wp-content\\\/uploads\\\/2025\\\/09\\\/WhatsApp-Image-2025-12-02-at-16.23.20.jpeg\",\"width\":700,\"height\":247,\"caption\":\"Home of Wool\"},\"image\":{\"@id\":\"https:\\\/\\\/homeofwool.com\\\/#\\\/schema\\\/logo\\\/image\\\/\"},\"sameAs\":[\"https:\\\/\\\/facebook.com\\\/HomeOfWoolOfficial\"]}]}<\/script>\n<!-- \/ Yoast SEO Premium plugin. -->","yoast_head_json":{"title":"Hamppukangas \u2013 Luonnonmukainen, ymp\u00e4rist\u00f6yst\u00e4v\u00e4llinen ja mittatilausty\u00f6n\u00e4 valmistettu | Home of Wool","description":"Luonnollinen hampputekstiili on kest\u00e4v\u00e4\u00e4, hengitt\u00e4v\u00e4\u00e4 ja kemikaalitonta, ja sen tekstuuri on rikas. Se sopii erinomaisesti verhoihin, tyynyihin, p\u00f6yt\u00e4liinoihin, kodinsisustukseen ja luoviin projekteihin.","robots":{"index":"index","follow":"follow","max-snippet":"max-snippet:-1","max-image-preview":"max-image-preview:large","max-video-preview":"max-video-preview:-1"},"canonical":"https:\/\/homeofwool.com\/fi\/shop\/hamppukangas\/","og_locale":"fi_FI","og_type":"article","og_title":"100% Hemp Fabric","og_description":"Natural hemp textile is durable, breathable, and chemical-free with a rich texture. Perfect for flowing drapes, cushions, table runners, home d\u00e9cor, and creative projects.","og_url":"https:\/\/homeofwool.com\/fi\/shop\/hamppukangas\/","og_site_name":"Home of Wool","article_publisher":"https:\/\/facebook.com\/HomeOfWoolOfficial","article_modified_time":"2025-09-25T13:20:24+00:00","og_image":[{"width":2000,"height":1599,"url":"https:\/\/homeofwool.com\/wp-content\/uploads\/2025\/09\/home-of-wool-100-hemp-fabric-1-main.jpg","type":"image\/jpeg"}],"twitter_card":"summary_large_image","twitter_misc":{"Arvioitu lukuaika":"2 minuuttia"},"schema":{"@context":"https:\/\/schema.org","@graph":[{"@type":"WebPage","@id":"https:\/\/homeofwool.com\/da\/butik\/hampestof\/","url":"https:\/\/homeofwool.com\/da\/butik\/hampestof\/","name":"Hamppukangas \u2013 Luonnonmukainen, ymp\u00e4rist\u00f6yst\u00e4v\u00e4llinen ja mittatilausty\u00f6n\u00e4 valmistettu | Home of Wool","isPartOf":{"@id":"https:\/\/homeofwool.com\/#website"},"primaryImageOfPage":{"@id":"https:\/\/homeofwool.com\/da\/butik\/hampestof\/#primaryimage"},"image":{"@id":"https:\/\/homeofwool.com\/da\/butik\/hampestof\/#primaryimage"},"thumbnailUrl":"https:\/\/homeofwool.com\/wp-content\/uploads\/2025\/09\/home-of-wool-100-hemp-fabric-1-main.jpg","datePublished":"2025-09-02T12:01:58+00:00","dateModified":"2025-09-25T13:20:24+00:00","description":"Luonnollinen hampputekstiili on kest\u00e4v\u00e4\u00e4, hengitt\u00e4v\u00e4\u00e4 ja kemikaalitonta, ja sen tekstuuri on rikas. Se sopii erinomaisesti verhoihin, tyynyihin, p\u00f6yt\u00e4liinoihin, kodinsisustukseen ja luoviin projekteihin.","breadcrumb":{"@id":"https:\/\/homeofwool.com\/da\/butik\/hampestof\/#breadcrumb"},"inLanguage":"fi","potentialAction":[{"@type":"ReadAction","target":["https:\/\/homeofwool.com\/da\/butik\/hampestof\/"]}]},{"@type":"ImageObject","inLanguage":"fi","@id":"https:\/\/homeofwool.com\/da\/butik\/hampestof\/#primaryimage","url":"https:\/\/homeofwool.com\/wp-content\/uploads\/2025\/09\/home-of-wool-100-hemp-fabric-1-main.jpg","contentUrl":"https:\/\/homeofwool.com\/wp-content\/uploads\/2025\/09\/home-of-wool-100-hemp-fabric-1-main.jpg","width":2000,"height":1599,"caption":"100% hemp fabric close up"},{"@type":"BreadcrumbList","@id":"https:\/\/homeofwool.com\/da\/butik\/hampestof\/#breadcrumb","itemListElement":[{"@type":"ListItem","position":1,"name":"Home","item":"https:\/\/homeofwool.com\/"},{"@type":"ListItem","position":2,"name":"Products","item":"https:\/\/homeofwool.com\/header-search-2\/"},{"@type":"ListItem","position":3,"name":"100% Hemp Fabric"}]},{"@type":"WebSite","@id":"https:\/\/homeofwool.com\/#website","url":"https:\/\/homeofwool.com\/","name":"Villan koti","description":"","publisher":{"@id":"https:\/\/homeofwool.com\/#organization"},"potentialAction":[{"@type":"SearchAction","target":{"@type":"EntryPoint","urlTemplate":"https:\/\/homeofwool.com\/?s={search_term_string}"},"query-input":{"@type":"PropertyValueSpecification","valueRequired":true,"valueName":"search_term_string"}}],"inLanguage":"fi"},{"@type":"Organization","@id":"https:\/\/homeofwool.com\/#organization","name":"Villan koti","url":"https:\/\/homeofwool.com\/","logo":{"@type":"ImageObject","inLanguage":"fi","@id":"https:\/\/homeofwool.com\/#\/schema\/logo\/image\/","url":"https:\/\/homeofwool.com\/wp-content\/uploads\/2025\/09\/WhatsApp-Image-2025-12-02-at-16.23.20.jpeg","contentUrl":"https:\/\/homeofwool.com\/wp-content\/uploads\/2025\/09\/WhatsApp-Image-2025-12-02-at-16.23.20.jpeg","width":700,"height":247,"caption":"Home of Wool"},"image":{"@id":"https:\/\/homeofwool.com\/#\/schema\/logo\/image\/"},"sameAs":["https:\/\/facebook.com\/HomeOfWoolOfficial"]}]}},"_links":{"self":[{"href":"https:\/\/homeofwool.com\/fi\/wp-json\/wp\/v2\/product\/217632","targetHints":{"allow":["GET"]}}],"collection":[{"href":"https:\/\/homeofwool.com\/fi\/wp-json\/wp\/v2\/product"}],"about":[{"href":"https:\/\/homeofwool.com\/fi\/wp-json\/wp\/v2\/types\/product"}],"version-history":[{"count":0,"href":"https:\/\/homeofwool.com\/fi\/wp-json\/wp\/v2\/product\/217632\/revisions"}],"wp:featuredmedia":[{"embeddable":true,"href":"https:\/\/homeofwool.com\/fi\/wp-json\/wp\/v2\/media\/219301"}],"wp:attachment":[{"href":"https:\/\/homeofwool.com\/fi\/wp-json\/wp\/v2\/media?parent=217632"}],"wp:term":[{"taxonomy":"product_brand","embeddable":true,"href":"https:\/\/homeofwool.com\/fi\/wp-json\/wp\/v2\/product_brand?post=217632"},{"taxonomy":"product_cat","embeddable":true,"href":"https:\/\/homeofwool.com\/fi\/wp-json\/wp\/v2\/product_cat?post=217632"},{"taxonomy":"product_tag","embeddable":true,"href":"https:\/\/homeofwool.com\/fi\/wp-json\/wp\/v2\/product_tag?post=217632"}],"curies":[{"name":"wp","href":"https:\/\/api.w.org\/{rel}","templated":true}]}}