{"id":217631,"date":"2025-09-02T12:01:58","date_gmt":"2025-09-02T12:01:58","guid":{"rendered":"https:\/\/homeofwool.com\/?post_type=product&#038;p=217631"},"modified":"2026-03-31T11:39:34","modified_gmt":"2026-03-31T11:39:34","slug":"raataloity-nollajatepatja","status":"publish","type":"product","link":"https:\/\/homeofwool.com\/fi\/shop\/custom-zero-waste-mattress\/","title":{"rendered":"Zero Waste villa patja"},"content":{"rendered":"<p>Zero Waste Wool Mattress -patja tuo Home of Wool:n tunnusomaisen k\u00e4sity\u00f6taidon entist\u00e4 helpommin saataville. Suuremmista kangasj\u00e4\u00e4mist\u00e4 valmistetut villapatjat on ommeltu huolellisesti rinnakkaisilla ompeleilla, jotta pinta on sile\u00e4 ja mukava. T\u00e4m\u00e4 huolellisesti suunniteltu prosessi v\u00e4hent\u00e4\u00e4 j\u00e4tett\u00e4 ja antaa meille mahdollisuuden tarjota edullinen luonnollinen patja ilman, ett\u00e4 laadusta, kest\u00e4vyydest\u00e4 tai tukevuudesta joudutaan tinkim\u00e4\u00e4n.<\/p>\n<p>T\u00e4yt\u00e4mme jokaisen orgaanisella villalla. Se p\u00e4\u00e4st\u00e4\u00e4 ilman kulkemaan, joten et ylikuumene. T\u00e4m\u00e4 ymp\u00e4rist\u00f6yst\u00e4v\u00e4llinen patja ei sis\u00e4ll\u00e4 synteettisi\u00e4 materiaaleja tai haitallisia kemikaaleja, joten se sopii erinomaisesti allergikoille, astmaatikoille ja herkille ihmisille. Se on my\u00f6s paras ratkaisu kuumille nukkujille.<\/p>\n<p>Valitsemalla t\u00e4m\u00e4n ylij\u00e4\u00e4m\u00e4kankaasta valmistetun patjan autat pit\u00e4m\u00e4\u00e4n arvokkaat materiaalit pois kaatopaikoilta ja voit samalla nauttia luonnonvillan virkist\u00e4vist\u00e4 ominaisuuksista. Se on edullinen orgaaninen patja, joka tukee sek\u00e4 hyvinvointiasi ett\u00e4 planeettamme hyvinvointia. Saatavana on valinnainen villansuojus tai irrotettava p\u00e4\u00e4llinen.<\/p>","protected":false},"excerpt":{"rendered":"<p>Zero Waste Wool Mattress -patjamme tarjoaa saman Home of Wool-mukavuuden, jota rakastat, jopa 20% alennuksella tavallisen villapatjan hinnasta. Valmistettu huolella ylij\u00e4\u00e4m\u00e4materiaaleista, jotta patja on kest\u00e4v\u00e4 ja hell\u00e4varainen sek\u00e4 sinulle ett\u00e4 planeetalle. Huolella k\u00e4sin ommellut patjat muuttavat ylij\u00e4\u00e4m\u00e4kankaan kest\u00e4v\u00e4\u00e4n mukavuuteen ja arvoon. Koe ymp\u00e4rist\u00f6yst\u00e4v\u00e4llinen nukkumisratkaisu ilman, ett\u00e4 laadusta tai mukavuudesta tingit\u00e4\u00e4n.<\/p>","protected":false},"featured_media":226473,"template":"","meta":{"_acf_changed":false},"product_brand":[],"product_cat":[252,551],"product_tag":[175,176,177,178,179,180,181,182,183,52,184,185,186,187,188,189,190,191,192,193,194,195,196,197,198,199,149,200,201,202,203],"class_list":{"0":"post-217631","1":"product","2":"type-product","3":"status-publish","4":"has-post-thumbnail","6":"product_cat-mattresses","7":"product_cat-zero-waste-mattresses","8":"product_tag-affordable-natural-mattress","9":"product_tag-all-natural-futon","10":"product_tag-artisanal-mattress","11":"product_tag-bed-mattress","12":"product_tag-double-mattress","13":"product_tag-extra-long-twin-mattress","14":"product_tag-firm-mattress","15":"product_tag-floor-bed-mattress","16":"product_tag-french-antique-bed","17":"product_tag-french-mattress","18":"product_tag-full-size-mattress-set","19":"product_tag-handmade-mattress","20":"product_tag-hard-mattress","21":"product_tag-hypoallergenic-bed","22":"product_tag-low-voc-mattress","23":"product_tag-mattress-full","24":"product_tag-mattress-full-size","25":"product_tag-mattress-sets","26":"product_tag-mattress-without-flame-retardant","27":"product_tag-natural-mattress","28":"product_tag-organic-foldable-bed","29":"product_tag-organic-mattress","30":"product_tag-queen-mattress","31":"product_tag-safe-mattresses","32":"product_tag-short-queen-mattress","33":"product_tag-single-mattress","34":"product_tag-steps","35":"product_tag-twin-bed-mattress","36":"product_tag-twin-mattress","37":"product_tag-twin-xl-mattress","38":"product_tag-wool-mattress","40":"first","41":"instock","42":"shipping-taxable","43":"purchasable","44":"product-type-simple"},"acf":[],"yoast_head":"<!-- This site is optimized with the Yoast SEO Premium plugin v27.4 (Yoast SEO v27.4) - https:\/\/yoast.com\/product\/yoast-seo-premium-wordpress\/ -->\n<title>Zero Waste Wool Mattress \u2013 Eco-Friendly &amp; Affordable | Home of Wool<\/title>\n<meta name=\"description\" content=\"Sustainable, breathable, and chemical-free, the Zero Waste Wool Mattress turns leftover fabrics into lasting comfort. Organic wool provides eco-friendly, supportive sleep.\" \/>\n<meta name=\"robots\" content=\"index, follow, max-snippet:-1, max-image-preview:large, max-video-preview:-1\" \/>\n<link rel=\"canonical\" href=\"https:\/\/homeofwool.com\/fi\/shop\/raataloity-nollajatepatja\/\" \/>\n<meta property=\"og:locale\" content=\"fi_FI\" \/>\n<meta property=\"og:type\" content=\"article\" \/>\n<meta property=\"og:title\" content=\"Zero Waste Wool Mattress\" \/>\n<meta property=\"og:description\" content=\"Sustainable, breathable, and chemical-free, the Zero Waste Wool Mattress turns leftover fabrics into lasting comfort. Organic wool provides eco-friendly, supportive sleep.\" \/>\n<meta property=\"og:url\" content=\"https:\/\/homeofwool.com\/fi\/shop\/raataloity-nollajatepatja\/\" \/>\n<meta property=\"og:site_name\" content=\"Home of Wool\" \/>\n<meta property=\"article:publisher\" content=\"https:\/\/facebook.com\/HomeOfWoolOfficial\" \/>\n<meta property=\"article:modified_time\" content=\"2026-03-31T11:39:34+00:00\" \/>\n<meta property=\"og:image\" content=\"https:\/\/homeofwool.com\/wp-content\/uploads\/2025\/09\/home-of-wool-zero-waste-mattress-10.jpg\" \/>\n\t<meta property=\"og:image:width\" content=\"1920\" \/>\n\t<meta property=\"og:image:height\" content=\"1536\" \/>\n\t<meta property=\"og:image:type\" content=\"image\/jpeg\" \/>\n<meta name=\"twitter:card\" content=\"summary_large_image\" \/>\n<meta name=\"twitter:label1\" content=\"Arvioitu lukuaika\" \/>\n\t<meta name=\"twitter:data1\" content=\"1 minuutti\" \/>\n<script type=\"application\/ld+json\" class=\"yoast-schema-graph\">{\"@context\":\"https:\\\/\\\/schema.org\",\"@graph\":[{\"@type\":\"WebPage\",\"@id\":\"https:\\\/\\\/homeofwool.com\\\/shop\\\/custom-zero-waste-mattress\\\/\",\"url\":\"https:\\\/\\\/homeofwool.com\\\/shop\\\/custom-zero-waste-mattress\\\/\",\"name\":\"Zero Waste Wool Mattress \u2013 Eco-Friendly & Affordable | Home of Wool\",\"isPartOf\":{\"@id\":\"https:\\\/\\\/homeofwool.com\\\/#website\"},\"primaryImageOfPage\":{\"@id\":\"https:\\\/\\\/homeofwool.com\\\/shop\\\/custom-zero-waste-mattress\\\/#primaryimage\"},\"image\":{\"@id\":\"https:\\\/\\\/homeofwool.com\\\/shop\\\/custom-zero-waste-mattress\\\/#primaryimage\"},\"thumbnailUrl\":\"https:\\\/\\\/homeofwool.com\\\/wp-content\\\/uploads\\\/2025\\\/09\\\/home-of-wool-zero-waste-mattress-10.jpg\",\"datePublished\":\"2025-09-02T12:01:58+00:00\",\"dateModified\":\"2026-03-31T11:39:34+00:00\",\"description\":\"Sustainable, breathable, and chemical-free, the Zero Waste Wool Mattress turns leftover fabrics into lasting comfort. Organic wool provides eco-friendly, supportive sleep.\",\"breadcrumb\":{\"@id\":\"https:\\\/\\\/homeofwool.com\\\/shop\\\/custom-zero-waste-mattress\\\/#breadcrumb\"},\"inLanguage\":\"fi\",\"potentialAction\":[{\"@type\":\"ReadAction\",\"target\":[\"https:\\\/\\\/homeofwool.com\\\/shop\\\/custom-zero-waste-mattress\\\/\"]}]},{\"@type\":\"ImageObject\",\"inLanguage\":\"fi\",\"@id\":\"https:\\\/\\\/homeofwool.com\\\/shop\\\/custom-zero-waste-mattress\\\/#primaryimage\",\"url\":\"https:\\\/\\\/homeofwool.com\\\/wp-content\\\/uploads\\\/2025\\\/09\\\/home-of-wool-zero-waste-mattress-10.jpg\",\"contentUrl\":\"https:\\\/\\\/homeofwool.com\\\/wp-content\\\/uploads\\\/2025\\\/09\\\/home-of-wool-zero-waste-mattress-10.jpg\",\"width\":1920,\"height\":1536,\"caption\":\"zero waste wool mattress showing handles\"},{\"@type\":\"BreadcrumbList\",\"@id\":\"https:\\\/\\\/homeofwool.com\\\/shop\\\/custom-zero-waste-mattress\\\/#breadcrumb\",\"itemListElement\":[{\"@type\":\"ListItem\",\"position\":1,\"name\":\"Home\",\"item\":\"https:\\\/\\\/homeofwool.com\\\/\"},{\"@type\":\"ListItem\",\"position\":2,\"name\":\"Products\",\"item\":\"https:\\\/\\\/homeofwool.com\\\/header-search-2\\\/\"},{\"@type\":\"ListItem\",\"position\":3,\"name\":\"Zero Waste Wool Mattress\"}]},{\"@type\":\"WebSite\",\"@id\":\"https:\\\/\\\/homeofwool.com\\\/#website\",\"url\":\"https:\\\/\\\/homeofwool.com\\\/\",\"name\":\"Home of Wool\",\"description\":\"\",\"publisher\":{\"@id\":\"https:\\\/\\\/homeofwool.com\\\/#organization\"},\"potentialAction\":[{\"@type\":\"SearchAction\",\"target\":{\"@type\":\"EntryPoint\",\"urlTemplate\":\"https:\\\/\\\/homeofwool.com\\\/?s={search_term_string}\"},\"query-input\":{\"@type\":\"PropertyValueSpecification\",\"valueRequired\":true,\"valueName\":\"search_term_string\"}}],\"inLanguage\":\"fi\"},{\"@type\":\"Organization\",\"@id\":\"https:\\\/\\\/homeofwool.com\\\/#organization\",\"name\":\"Home of Wool\",\"url\":\"https:\\\/\\\/homeofwool.com\\\/\",\"logo\":{\"@type\":\"ImageObject\",\"inLanguage\":\"fi\",\"@id\":\"https:\\\/\\\/homeofwool.com\\\/#\\\/schema\\\/logo\\\/image\\\/\",\"url\":\"https:\\\/\\\/homeofwool.com\\\/wp-content\\\/uploads\\\/2025\\\/09\\\/WhatsApp-Image-2025-12-02-at-16.23.20.jpeg\",\"contentUrl\":\"https:\\\/\\\/homeofwool.com\\\/wp-content\\\/uploads\\\/2025\\\/09\\\/WhatsApp-Image-2025-12-02-at-16.23.20.jpeg\",\"width\":700,\"height\":247,\"caption\":\"Home of Wool\"},\"image\":{\"@id\":\"https:\\\/\\\/homeofwool.com\\\/#\\\/schema\\\/logo\\\/image\\\/\"},\"sameAs\":[\"https:\\\/\\\/facebook.com\\\/HomeOfWoolOfficial\"]}]}<\/script>\n<!-- \/ Yoast SEO Premium plugin. -->","yoast_head_json":{"title":"Zero Waste -villapatja \u2013 ymp\u00e4rist\u00f6yst\u00e4v\u00e4llinen ja edullinen | Home of Wool","description":"Kest\u00e4v\u00e4, hengitt\u00e4v\u00e4 ja kemikaaliton Zero Waste Wool Mattress -patja muuttaa ylij\u00e4\u00e4m\u00e4kankaat kest\u00e4v\u00e4\u00e4n mukavuuteen. Luomuvilla tarjoaa ymp\u00e4rist\u00f6yst\u00e4v\u00e4llisen ja tukevan unen.","robots":{"index":"index","follow":"follow","max-snippet":"max-snippet:-1","max-image-preview":"max-image-preview:large","max-video-preview":"max-video-preview:-1"},"canonical":"https:\/\/homeofwool.com\/fi\/shop\/raataloity-nollajatepatja\/","og_locale":"fi_FI","og_type":"article","og_title":"Zero Waste Wool Mattress","og_description":"Sustainable, breathable, and chemical-free, the Zero Waste Wool Mattress turns leftover fabrics into lasting comfort. Organic wool provides eco-friendly, supportive sleep.","og_url":"https:\/\/homeofwool.com\/fi\/shop\/raataloity-nollajatepatja\/","og_site_name":"Home of Wool","article_publisher":"https:\/\/facebook.com\/HomeOfWoolOfficial","article_modified_time":"2026-03-31T11:39:34+00:00","og_image":[{"width":1920,"height":1536,"url":"https:\/\/homeofwool.com\/wp-content\/uploads\/2025\/09\/home-of-wool-zero-waste-mattress-10.jpg","type":"image\/jpeg"}],"twitter_card":"summary_large_image","twitter_misc":{"Arvioitu lukuaika":"1 minuutti"},"schema":{"@context":"https:\/\/schema.org","@graph":[{"@type":"WebPage","@id":"https:\/\/homeofwool.com\/shop\/custom-zero-waste-mattress\/","url":"https:\/\/homeofwool.com\/shop\/custom-zero-waste-mattress\/","name":"Zero Waste -villapatja \u2013 ymp\u00e4rist\u00f6yst\u00e4v\u00e4llinen ja edullinen | Home of Wool","isPartOf":{"@id":"https:\/\/homeofwool.com\/#website"},"primaryImageOfPage":{"@id":"https:\/\/homeofwool.com\/shop\/custom-zero-waste-mattress\/#primaryimage"},"image":{"@id":"https:\/\/homeofwool.com\/shop\/custom-zero-waste-mattress\/#primaryimage"},"thumbnailUrl":"https:\/\/homeofwool.com\/wp-content\/uploads\/2025\/09\/home-of-wool-zero-waste-mattress-10.jpg","datePublished":"2025-09-02T12:01:58+00:00","dateModified":"2026-03-31T11:39:34+00:00","description":"Kest\u00e4v\u00e4, hengitt\u00e4v\u00e4 ja kemikaaliton Zero Waste Wool Mattress -patja muuttaa ylij\u00e4\u00e4m\u00e4kankaat kest\u00e4v\u00e4\u00e4n mukavuuteen. Luomuvilla tarjoaa ymp\u00e4rist\u00f6yst\u00e4v\u00e4llisen ja tukevan unen.","breadcrumb":{"@id":"https:\/\/homeofwool.com\/shop\/custom-zero-waste-mattress\/#breadcrumb"},"inLanguage":"fi","potentialAction":[{"@type":"ReadAction","target":["https:\/\/homeofwool.com\/shop\/custom-zero-waste-mattress\/"]}]},{"@type":"ImageObject","inLanguage":"fi","@id":"https:\/\/homeofwool.com\/shop\/custom-zero-waste-mattress\/#primaryimage","url":"https:\/\/homeofwool.com\/wp-content\/uploads\/2025\/09\/home-of-wool-zero-waste-mattress-10.jpg","contentUrl":"https:\/\/homeofwool.com\/wp-content\/uploads\/2025\/09\/home-of-wool-zero-waste-mattress-10.jpg","width":1920,"height":1536,"caption":"zero waste wool mattress showing handles"},{"@type":"BreadcrumbList","@id":"https:\/\/homeofwool.com\/shop\/custom-zero-waste-mattress\/#breadcrumb","itemListElement":[{"@type":"ListItem","position":1,"name":"Home","item":"https:\/\/homeofwool.com\/"},{"@type":"ListItem","position":2,"name":"Products","item":"https:\/\/homeofwool.com\/header-search-2\/"},{"@type":"ListItem","position":3,"name":"Zero Waste Wool Mattress"}]},{"@type":"WebSite","@id":"https:\/\/homeofwool.com\/#website","url":"https:\/\/homeofwool.com\/","name":"Villan koti","description":"","publisher":{"@id":"https:\/\/homeofwool.com\/#organization"},"potentialAction":[{"@type":"SearchAction","target":{"@type":"EntryPoint","urlTemplate":"https:\/\/homeofwool.com\/?s={search_term_string}"},"query-input":{"@type":"PropertyValueSpecification","valueRequired":true,"valueName":"search_term_string"}}],"inLanguage":"fi"},{"@type":"Organization","@id":"https:\/\/homeofwool.com\/#organization","name":"Villan koti","url":"https:\/\/homeofwool.com\/","logo":{"@type":"ImageObject","inLanguage":"fi","@id":"https:\/\/homeofwool.com\/#\/schema\/logo\/image\/","url":"https:\/\/homeofwool.com\/wp-content\/uploads\/2025\/09\/WhatsApp-Image-2025-12-02-at-16.23.20.jpeg","contentUrl":"https:\/\/homeofwool.com\/wp-content\/uploads\/2025\/09\/WhatsApp-Image-2025-12-02-at-16.23.20.jpeg","width":700,"height":247,"caption":"Home of Wool"},"image":{"@id":"https:\/\/homeofwool.com\/#\/schema\/logo\/image\/"},"sameAs":["https:\/\/facebook.com\/HomeOfWoolOfficial"]}]}},"_links":{"self":[{"href":"https:\/\/homeofwool.com\/fi\/wp-json\/wp\/v2\/product\/217631","targetHints":{"allow":["GET"]}}],"collection":[{"href":"https:\/\/homeofwool.com\/fi\/wp-json\/wp\/v2\/product"}],"about":[{"href":"https:\/\/homeofwool.com\/fi\/wp-json\/wp\/v2\/types\/product"}],"version-history":[{"count":2,"href":"https:\/\/homeofwool.com\/fi\/wp-json\/wp\/v2\/product\/217631\/revisions"}],"predecessor-version":[{"id":226497,"href":"https:\/\/homeofwool.com\/fi\/wp-json\/wp\/v2\/product\/217631\/revisions\/226497"}],"wp:featuredmedia":[{"embeddable":true,"href":"https:\/\/homeofwool.com\/fi\/wp-json\/wp\/v2\/media\/226473"}],"wp:attachment":[{"href":"https:\/\/homeofwool.com\/fi\/wp-json\/wp\/v2\/media?parent=217631"}],"wp:term":[{"taxonomy":"product_brand","embeddable":true,"href":"https:\/\/homeofwool.com\/fi\/wp-json\/wp\/v2\/product_brand?post=217631"},{"taxonomy":"product_cat","embeddable":true,"href":"https:\/\/homeofwool.com\/fi\/wp-json\/wp\/v2\/product_cat?post=217631"},{"taxonomy":"product_tag","embeddable":true,"href":"https:\/\/homeofwool.com\/fi\/wp-json\/wp\/v2\/product_tag?post=217631"}],"curies":[{"name":"wp","href":"https:\/\/api.w.org\/{rel}","templated":true}]}}