{"id":217629,"date":"2025-09-02T12:01:58","date_gmt":"2025-09-02T12:01:58","guid":{"rendered":"https:\/\/homeofwool.com\/?post_type=product&#038;p=217629"},"modified":"2026-02-11T10:11:56","modified_gmt":"2026-02-11T10:11:56","slug":"koristetyyny","status":"publish","type":"product","link":"https:\/\/homeofwool.com\/fi\/shop\/throw-pillow\/","title":{"rendered":"Villa heitt\u00e4\u00e4 tyynyn"},"content":{"rendered":"<p>Home of Wool-koristetyyny yhdist\u00e4\u00e4 k\u00e4sity\u00f6l\u00e4isen yksityiskohdat ja jokap\u00e4iv\u00e4isen k\u00e4yt\u00e4nn\u00f6llisyyden. Jokainen tyyny valmistetaan tilauksesta, joten voit valita koon, kankaan ja viimeistelyn, jotka sopivat parhaiten sohvaasi tai lukunurkkaukseesi. Villat\u00e4yte tarjoaa tukevan mutta my\u00f6s hengitt\u00e4v\u00e4n tuen. Se on t\u00e4ydellinen rentoutumiseen ja sopii erinomaisesti iltap\u00e4iv\u00e4unille sohvalla.<\/p>\n<p>Villa pit\u00e4\u00e4 p\u00f6lypunkit ja homeen loitolla, joten t\u00e4m\u00e4 koristetyyny sopii hyvin allergikoille tai lapsiperheille. Sis\u00e4ll\u00e4 ei ole vaahtomuovia tai palonestoaineita, vain puhdasta villaa. Villa on kest\u00e4v\u00e4\u00e4 ja palonkest\u00e4v\u00e4\u00e4, joten kemikaaleja ei tarvita. Vetoketjun voi avata, jos haluaa lis\u00e4t\u00e4 tai poistaa t\u00e4ytett\u00e4. Koristeellinen p\u00e4\u00e4llinen on helppo irrottaa pesua varten.<\/p>\n<p>T\u00e4m\u00e4 tyyny on valmistettu vain uusiutuvista ja biohajoavista materiaaleista, joten se on terveellisempi lis\u00e4 kotiisi. Se on my\u00f6s kest\u00e4v\u00e4. Jos haluat ensin tarkistaa kankaat, voit ostaa n\u00e4ytteit\u00e4.<\/p>","protected":false},"excerpt":{"rendered":"<p>Oikean koristetyynyn valitseminen ei ole vain ulkon\u00e4k\u00f6\u00f6n liittyv\u00e4\u00e4. T\u00e4m\u00e4 tyyny on t\u00e4ysin muokattavissa, luonnollisesti hypoallergeeninen ja valmistettu tuomaan mukavuutta ja puhtautta kotiisi. Sis\u00e4puoli on kokonaan villaa ja ulkopuoli puhdasta luonnonmateriaalia.<\/p>\n<div class=\"global-icon-set\">\n<div class=\"global-icon-set__items\">\n<div class=\"global-icon-set__item\">\n<div class=\"global-icon-set__image\">\n                                    <img decoding=\"async\" src=\"https:\/\/homeofwool.com\/wp-content\/uploads\/2025\/09\/handmade-icon-300x300.png\" alt=\"k\u00e4sintehty kuvake\" \/>\n                                <\/div>\n<div class=\"global-icon-set__title\">K\u00e4sintehty<\/div>\n<\/p><\/div>\n<div class=\"global-icon-set__item\">\n<div class=\"global-icon-set__image\">\n                                    <img decoding=\"async\" src=\"https:\/\/homeofwool.com\/wp-content\/uploads\/2025\/09\/VOCs-min-300x300.png\" alt=\"vocs vapaa\" \/>\n                                <\/div>\n<div class=\"global-icon-set__title\">VOC-vapaa<\/div>\n<\/p><\/div>\n<div class=\"global-icon-set__item\">\n<div class=\"global-icon-set__image\">\n                                    <img decoding=\"async\" src=\"https:\/\/homeofwool.com\/wp-content\/uploads\/2025\/09\/FR-min-300x300.png\" alt=\"palonkest\u00e4v\u00e4 kuvake\" \/>\n                                <\/div>\n<div class=\"global-icon-set__title\">Liekinkest\u00e4v\u00e4<\/div>\n<\/p><\/div>\n<div class=\"global-icon-set__item\">\n<div class=\"global-icon-set__image\">\n                                    <img decoding=\"async\" src=\"https:\/\/homeofwool.com\/wp-content\/uploads\/2025\/09\/Hypoallergenic-min-300x300.png\" alt=\"hypoallergeeninen kuvake\" \/>\n                                <\/div>\n<div class=\"global-icon-set__title\">Hypoallergeeninen<\/div>\n<\/p><\/div>\n<div class=\"global-icon-set__item\">\n<div class=\"global-icon-set__image\">\n                                    <img decoding=\"async\" src=\"https:\/\/homeofwool.com\/wp-content\/uploads\/2025\/09\/free-of-synthetics-icon-300x300.png\" alt=\"synteettisi\u00e4 aineita sis\u00e4lt\u00e4m\u00e4t\u00f6n kuvake\" \/>\n                                <\/div>\n<div class=\"global-icon-set__title\">Vapaa synteettisist\u00e4 aineista<\/div>\n<\/p><\/div>\n<div class=\"global-icon-set__item\">\n<div class=\"global-icon-set__image\">\n                                    <img decoding=\"async\" src=\"https:\/\/homeofwool.com\/wp-content\/uploads\/2025\/09\/chemical-free-icon-300x300.png\" alt=\"kemikaalivapaa kuvake\" \/>\n                                <\/div>\n<div class=\"global-icon-set__title\">Kemikaalivapaa<\/div>\n<\/p><\/div>\n<div class=\"global-icon-set__item\">\n<div class=\"global-icon-set__image\">\n                                    <img decoding=\"async\" src=\"https:\/\/homeofwool.com\/wp-content\/uploads\/2025\/09\/anti-bacterial-icon-300x300.png\" alt=\"anti bakteeri kuvake\" \/>\n                                <\/div>\n<div class=\"global-icon-set__title\">Anti-mikrobinen &amp; antibakteerinen<\/div>\n<\/p><\/div>\n<div class=\"global-icon-set__item\">\n<div class=\"global-icon-set__image\">\n                                    <img decoding=\"async\" src=\"https:\/\/homeofwool.com\/wp-content\/uploads\/2025\/09\/certified-materials-icon-300x300.png\" alt=\"sertifioitujen materiaalien kuvake\" \/>\n                                <\/div>\n<div class=\"global-icon-set__title\">100% Puhtaat sertifioidut materiaalit<\/div>\n<\/p><\/div>\n<\/p><\/div>\n<\/p><\/div>","protected":false},"featured_media":223719,"template":"","meta":{"_acf_changed":false},"product_brand":[],"product_cat":[20],"product_tag":[368,369,370,50,371,372,373,149,374],"class_list":{"0":"post-217629","1":"product","2":"type-product","3":"status-publish","4":"has-post-thumbnail","6":"product_cat-pillows-poufs","7":"product_tag-20x20-pillow-insert","8":"product_tag-couch-pillows","9":"product_tag-cushion-inserts","10":"product_tag-decorative-pillows","11":"product_tag-euro-pillow-insert","12":"product_tag-pillow-filling","13":"product_tag-square-pillow-form","14":"product_tag-steps","15":"product_tag-throw-pillow-inserts","17":"first","18":"instock","19":"shipping-taxable","20":"purchasable","21":"product-type-simple"},"acf":[],"yoast_head":"<!-- This site is optimized with the Yoast SEO Premium plugin v27.3 (Yoast SEO v27.3) - https:\/\/yoast.com\/product\/yoast-seo-premium-wordpress\/ -->\n<title>Wool Throw Pillow \u2013 Comfortable and Fully Customizable | Home of Wool<\/title>\n<meta name=\"description\" content=\"Decorative and comfortable, the Wool Throw Pillow features breathable wool filling. Hypoallergenic and toxin-free, it offers customizable comfort with sustainable, natural support.\" \/>\n<meta name=\"robots\" content=\"index, follow, max-snippet:-1, max-image-preview:large, max-video-preview:-1\" \/>\n<link rel=\"canonical\" href=\"https:\/\/homeofwool.com\/fi\/shop\/koristetyyny\/\" \/>\n<meta property=\"og:locale\" content=\"fi_FI\" \/>\n<meta property=\"og:type\" content=\"article\" \/>\n<meta property=\"og:title\" content=\"Wool Throw Pillow\" \/>\n<meta property=\"og:description\" content=\"Decorative and comfortable, the Wool Throw Pillow features breathable wool filling. Hypoallergenic and toxin-free, it offers customizable comfort with sustainable, natural support.\" \/>\n<meta property=\"og:url\" content=\"https:\/\/homeofwool.com\/fi\/shop\/koristetyyny\/\" \/>\n<meta property=\"og:site_name\" content=\"Home of Wool\" \/>\n<meta property=\"article:publisher\" content=\"https:\/\/facebook.com\/HomeOfWoolOfficial\" \/>\n<meta property=\"article:modified_time\" content=\"2026-02-11T10:11:56+00:00\" \/>\n<meta property=\"og:image\" content=\"https:\/\/homeofwool.com\/wp-content\/uploads\/2025\/09\/home-of-wool-wool-throw-pillow-1-main.jpg\" \/>\n\t<meta property=\"og:image:width\" content=\"1900\" \/>\n\t<meta property=\"og:image:height\" content=\"1520\" \/>\n\t<meta property=\"og:image:type\" content=\"image\/jpeg\" \/>\n<meta name=\"twitter:card\" content=\"summary_large_image\" \/>\n<meta name=\"twitter:label1\" content=\"Arvioitu lukuaika\" \/>\n\t<meta name=\"twitter:data1\" content=\"1 minuutti\" \/>\n<script type=\"application\/ld+json\" class=\"yoast-schema-graph\">{\"@context\":\"https:\\\/\\\/schema.org\",\"@graph\":[{\"@type\":\"WebPage\",\"@id\":\"https:\\\/\\\/homeofwool.com\\\/it\\\/negozio\\\/cuscino-decorativo\\\/\",\"url\":\"https:\\\/\\\/homeofwool.com\\\/it\\\/negozio\\\/cuscino-decorativo\\\/\",\"name\":\"Wool Throw Pillow \u2013 Comfortable and Fully Customizable | Home of Wool\",\"isPartOf\":{\"@id\":\"https:\\\/\\\/homeofwool.com\\\/#website\"},\"primaryImageOfPage\":{\"@id\":\"https:\\\/\\\/homeofwool.com\\\/it\\\/negozio\\\/cuscino-decorativo\\\/#primaryimage\"},\"image\":{\"@id\":\"https:\\\/\\\/homeofwool.com\\\/it\\\/negozio\\\/cuscino-decorativo\\\/#primaryimage\"},\"thumbnailUrl\":\"https:\\\/\\\/homeofwool.com\\\/wp-content\\\/uploads\\\/2025\\\/09\\\/home-of-wool-wool-throw-pillow-1-main.jpg\",\"datePublished\":\"2025-09-02T12:01:58+00:00\",\"dateModified\":\"2026-02-11T10:11:56+00:00\",\"description\":\"Decorative and comfortable, the Wool Throw Pillow features breathable wool filling. Hypoallergenic and toxin-free, it offers customizable comfort with sustainable, natural support.\",\"breadcrumb\":{\"@id\":\"https:\\\/\\\/homeofwool.com\\\/it\\\/negozio\\\/cuscino-decorativo\\\/#breadcrumb\"},\"inLanguage\":\"fi\",\"potentialAction\":[{\"@type\":\"ReadAction\",\"target\":[\"https:\\\/\\\/homeofwool.com\\\/it\\\/negozio\\\/cuscino-decorativo\\\/\"]}]},{\"@type\":\"ImageObject\",\"inLanguage\":\"fi\",\"@id\":\"https:\\\/\\\/homeofwool.com\\\/it\\\/negozio\\\/cuscino-decorativo\\\/#primaryimage\",\"url\":\"https:\\\/\\\/homeofwool.com\\\/wp-content\\\/uploads\\\/2025\\\/09\\\/home-of-wool-wool-throw-pillow-1-main.jpg\",\"contentUrl\":\"https:\\\/\\\/homeofwool.com\\\/wp-content\\\/uploads\\\/2025\\\/09\\\/home-of-wool-wool-throw-pillow-1-main.jpg\",\"width\":1900,\"height\":1520,\"caption\":\"Wool throw pillow with linen pillowcase\"},{\"@type\":\"BreadcrumbList\",\"@id\":\"https:\\\/\\\/homeofwool.com\\\/it\\\/negozio\\\/cuscino-decorativo\\\/#breadcrumb\",\"itemListElement\":[{\"@type\":\"ListItem\",\"position\":1,\"name\":\"Home\",\"item\":\"https:\\\/\\\/homeofwool.com\\\/\"},{\"@type\":\"ListItem\",\"position\":2,\"name\":\"Products\",\"item\":\"https:\\\/\\\/homeofwool.com\\\/header-search-2\\\/\"},{\"@type\":\"ListItem\",\"position\":3,\"name\":\"Wool Throw Pillow\"}]},{\"@type\":\"WebSite\",\"@id\":\"https:\\\/\\\/homeofwool.com\\\/#website\",\"url\":\"https:\\\/\\\/homeofwool.com\\\/\",\"name\":\"Home of Wool\",\"description\":\"\",\"publisher\":{\"@id\":\"https:\\\/\\\/homeofwool.com\\\/#organization\"},\"potentialAction\":[{\"@type\":\"SearchAction\",\"target\":{\"@type\":\"EntryPoint\",\"urlTemplate\":\"https:\\\/\\\/homeofwool.com\\\/?s={search_term_string}\"},\"query-input\":{\"@type\":\"PropertyValueSpecification\",\"valueRequired\":true,\"valueName\":\"search_term_string\"}}],\"inLanguage\":\"fi\"},{\"@type\":\"Organization\",\"@id\":\"https:\\\/\\\/homeofwool.com\\\/#organization\",\"name\":\"Home of Wool\",\"url\":\"https:\\\/\\\/homeofwool.com\\\/\",\"logo\":{\"@type\":\"ImageObject\",\"inLanguage\":\"fi\",\"@id\":\"https:\\\/\\\/homeofwool.com\\\/#\\\/schema\\\/logo\\\/image\\\/\",\"url\":\"https:\\\/\\\/homeofwool.com\\\/wp-content\\\/uploads\\\/2025\\\/09\\\/WhatsApp-Image-2025-12-02-at-16.23.20.jpeg\",\"contentUrl\":\"https:\\\/\\\/homeofwool.com\\\/wp-content\\\/uploads\\\/2025\\\/09\\\/WhatsApp-Image-2025-12-02-at-16.23.20.jpeg\",\"width\":700,\"height\":247,\"caption\":\"Home of Wool\"},\"image\":{\"@id\":\"https:\\\/\\\/homeofwool.com\\\/#\\\/schema\\\/logo\\\/image\\\/\"},\"sameAs\":[\"https:\\\/\\\/facebook.com\\\/HomeOfWoolOfficial\"]}]}<\/script>\n<!-- \/ Yoast SEO Premium plugin. -->","yoast_head_json":{"title":"Villainen koristetyyny \u2013 mukava ja t\u00e4ysin muokattavissa | Home of Wool","description":"Koristeellinen ja mukava Wool Throw Pillow -tyyny on t\u00e4ytetty hengitt\u00e4v\u00e4ll\u00e4 villalla. Se on hypoallergeeninen ja myrkyt\u00f6n ja tarjoaa mukautettavaa mukavuutta kest\u00e4v\u00e4ll\u00e4, luonnollisella tuella.","robots":{"index":"index","follow":"follow","max-snippet":"max-snippet:-1","max-image-preview":"max-image-preview:large","max-video-preview":"max-video-preview:-1"},"canonical":"https:\/\/homeofwool.com\/fi\/shop\/koristetyyny\/","og_locale":"fi_FI","og_type":"article","og_title":"Wool Throw Pillow","og_description":"Decorative and comfortable, the Wool Throw Pillow features breathable wool filling. Hypoallergenic and toxin-free, it offers customizable comfort with sustainable, natural support.","og_url":"https:\/\/homeofwool.com\/fi\/shop\/koristetyyny\/","og_site_name":"Home of Wool","article_publisher":"https:\/\/facebook.com\/HomeOfWoolOfficial","article_modified_time":"2026-02-11T10:11:56+00:00","og_image":[{"width":1900,"height":1520,"url":"https:\/\/homeofwool.com\/wp-content\/uploads\/2025\/09\/home-of-wool-wool-throw-pillow-1-main.jpg","type":"image\/jpeg"}],"twitter_card":"summary_large_image","twitter_misc":{"Arvioitu lukuaika":"1 minuutti"},"schema":{"@context":"https:\/\/schema.org","@graph":[{"@type":"WebPage","@id":"https:\/\/homeofwool.com\/it\/negozio\/cuscino-decorativo\/","url":"https:\/\/homeofwool.com\/it\/negozio\/cuscino-decorativo\/","name":"Villainen koristetyyny \u2013 mukava ja t\u00e4ysin muokattavissa | Home of Wool","isPartOf":{"@id":"https:\/\/homeofwool.com\/#website"},"primaryImageOfPage":{"@id":"https:\/\/homeofwool.com\/it\/negozio\/cuscino-decorativo\/#primaryimage"},"image":{"@id":"https:\/\/homeofwool.com\/it\/negozio\/cuscino-decorativo\/#primaryimage"},"thumbnailUrl":"https:\/\/homeofwool.com\/wp-content\/uploads\/2025\/09\/home-of-wool-wool-throw-pillow-1-main.jpg","datePublished":"2025-09-02T12:01:58+00:00","dateModified":"2026-02-11T10:11:56+00:00","description":"Koristeellinen ja mukava Wool Throw Pillow -tyyny on t\u00e4ytetty hengitt\u00e4v\u00e4ll\u00e4 villalla. Se on hypoallergeeninen ja myrkyt\u00f6n ja tarjoaa mukautettavaa mukavuutta kest\u00e4v\u00e4ll\u00e4, luonnollisella tuella.","breadcrumb":{"@id":"https:\/\/homeofwool.com\/it\/negozio\/cuscino-decorativo\/#breadcrumb"},"inLanguage":"fi","potentialAction":[{"@type":"ReadAction","target":["https:\/\/homeofwool.com\/it\/negozio\/cuscino-decorativo\/"]}]},{"@type":"ImageObject","inLanguage":"fi","@id":"https:\/\/homeofwool.com\/it\/negozio\/cuscino-decorativo\/#primaryimage","url":"https:\/\/homeofwool.com\/wp-content\/uploads\/2025\/09\/home-of-wool-wool-throw-pillow-1-main.jpg","contentUrl":"https:\/\/homeofwool.com\/wp-content\/uploads\/2025\/09\/home-of-wool-wool-throw-pillow-1-main.jpg","width":1900,"height":1520,"caption":"Wool throw pillow with linen pillowcase"},{"@type":"BreadcrumbList","@id":"https:\/\/homeofwool.com\/it\/negozio\/cuscino-decorativo\/#breadcrumb","itemListElement":[{"@type":"ListItem","position":1,"name":"Home","item":"https:\/\/homeofwool.com\/"},{"@type":"ListItem","position":2,"name":"Products","item":"https:\/\/homeofwool.com\/header-search-2\/"},{"@type":"ListItem","position":3,"name":"Wool Throw Pillow"}]},{"@type":"WebSite","@id":"https:\/\/homeofwool.com\/#website","url":"https:\/\/homeofwool.com\/","name":"Villan koti","description":"","publisher":{"@id":"https:\/\/homeofwool.com\/#organization"},"potentialAction":[{"@type":"SearchAction","target":{"@type":"EntryPoint","urlTemplate":"https:\/\/homeofwool.com\/?s={search_term_string}"},"query-input":{"@type":"PropertyValueSpecification","valueRequired":true,"valueName":"search_term_string"}}],"inLanguage":"fi"},{"@type":"Organization","@id":"https:\/\/homeofwool.com\/#organization","name":"Villan koti","url":"https:\/\/homeofwool.com\/","logo":{"@type":"ImageObject","inLanguage":"fi","@id":"https:\/\/homeofwool.com\/#\/schema\/logo\/image\/","url":"https:\/\/homeofwool.com\/wp-content\/uploads\/2025\/09\/WhatsApp-Image-2025-12-02-at-16.23.20.jpeg","contentUrl":"https:\/\/homeofwool.com\/wp-content\/uploads\/2025\/09\/WhatsApp-Image-2025-12-02-at-16.23.20.jpeg","width":700,"height":247,"caption":"Home of Wool"},"image":{"@id":"https:\/\/homeofwool.com\/#\/schema\/logo\/image\/"},"sameAs":["https:\/\/facebook.com\/HomeOfWoolOfficial"]}]}},"_links":{"self":[{"href":"https:\/\/homeofwool.com\/fi\/wp-json\/wp\/v2\/product\/217629","targetHints":{"allow":["GET"]}}],"collection":[{"href":"https:\/\/homeofwool.com\/fi\/wp-json\/wp\/v2\/product"}],"about":[{"href":"https:\/\/homeofwool.com\/fi\/wp-json\/wp\/v2\/types\/product"}],"version-history":[{"count":1,"href":"https:\/\/homeofwool.com\/fi\/wp-json\/wp\/v2\/product\/217629\/revisions"}],"predecessor-version":[{"id":226707,"href":"https:\/\/homeofwool.com\/fi\/wp-json\/wp\/v2\/product\/217629\/revisions\/226707"}],"wp:featuredmedia":[{"embeddable":true,"href":"https:\/\/homeofwool.com\/fi\/wp-json\/wp\/v2\/media\/223719"}],"wp:attachment":[{"href":"https:\/\/homeofwool.com\/fi\/wp-json\/wp\/v2\/media?parent=217629"}],"wp:term":[{"taxonomy":"product_brand","embeddable":true,"href":"https:\/\/homeofwool.com\/fi\/wp-json\/wp\/v2\/product_brand?post=217629"},{"taxonomy":"product_cat","embeddable":true,"href":"https:\/\/homeofwool.com\/fi\/wp-json\/wp\/v2\/product_cat?post=217629"},{"taxonomy":"product_tag","embeddable":true,"href":"https:\/\/homeofwool.com\/fi\/wp-json\/wp\/v2\/product_tag?post=217629"}],"curies":[{"name":"wp","href":"https:\/\/api.w.org\/{rel}","templated":true}]}}