{"id":217619,"date":"2025-09-02T12:01:44","date_gmt":"2025-09-02T12:01:44","guid":{"rendered":"https:\/\/homeofwool.com\/?post_type=product&#038;p=217619"},"modified":"2026-02-11T10:12:00","modified_gmt":"2026-02-11T10:12:00","slug":"pyorea-koiranpeti","status":"publish","type":"product","link":"https:\/\/homeofwool.com\/fi\/shop\/round-dog-bed\/","title":{"rendered":"Py\u00f6re\u00e4 villa koiran s\u00e4nky"},"content":{"rendered":"<p>Jotkut koirat tykk\u00e4\u00e4v\u00e4t venytt\u00e4\u00e4 raajojaan, mutta useimmat rakastavat k\u00e4perty\u00e4 mukavaan palloon. T\u00e4m\u00e4 py\u00f6re\u00e4 koiranpeti on suunniteltu juuri sit\u00e4 varten. Villat\u00e4yte muodostaa tukevan pohjan, joka mukautuu koirasi muotoihin ja auttaa v\u00e4hent\u00e4m\u00e4\u00e4n nivelten painetta. Koska villa s\u00e4\u00e4telee luonnollisesti l\u00e4mp\u00f6tilaa, t\u00e4m\u00e4 peti toimii kes\u00e4ll\u00e4 viilent\u00e4v\u00e4n\u00e4 koiranpetin\u00e4 ja kylm\u00e4ll\u00e4 s\u00e4\u00e4ll\u00e4 l\u00e4mpim\u00e4n\u00e4 turvapaikkana.<\/p>\n<p>Korotetut reunat toimivat pehme\u00e4n\u00e4 pes\u00e4n\u00e4, joka antaa koirallesi turvallisuuden tunteen lev\u00e4tess\u00e4. Keskell\u00e4 oleva koiran tyyny tai koiran pehmuste, paksuus 5\u20138 cm, on helppo s\u00e4\u00e4t\u00e4\u00e4 vetoketjujen avulla, joiden avulla voit lis\u00e4t\u00e4 tai poistaa t\u00e4ytett\u00e4. Ulkop\u00e4\u00e4llinen on valmistettu kest\u00e4vist\u00e4 luonnonmateriaaleista ja se on helppo irrottaa pesua varten. Sis\u00e4ll\u00e4 villat\u00e4yte on koteloitu hengitt\u00e4v\u00e4\u00e4n, vett\u00e4 ja likaa hylkiv\u00e4\u00e4n kankaaseen. Se auttaa suojaamaan villat\u00e4ytett\u00e4 ja pit\u00e4\u00e4 s\u00e4ngyn pidemp\u00e4\u00e4n raikkaana.<\/p>\n<p>Jokainen s\u00e4nky valmistetaan tilauksesta k\u00e4ytt\u00e4en vain luonnonmateriaaleja. Voit tilata koiran s\u00e4ngyn haluamassasi koossa. Voit my\u00f6s tilata ensin kangas- ja villan\u00e4ytteen, jotta voit tuntea materiaalien tekstuurin. N\u00e4in saat ainutlaatuisen s\u00e4ngyn, joka on valmistettu juuri sinun rakkaalle lemmikillesi.<\/p>","protected":false},"excerpt":{"rendered":"<p>T\u00e4m\u00e4 py\u00f6re\u00e4 koiranpeti on tarkoitettu koirille, jotka rakastavat k\u00e4perty\u00e4 ja tuntea olonsa turvalliseksi. Se on t\u00e4ytetty puhtaalla villalla, joka tarjoaa sopivan yhdistelm\u00e4n pehmeytt\u00e4 ja tukea. Luonnonkuidut pit\u00e4v\u00e4t lemmikkisi mukavana ja viile\u00e4n\u00e4. Ei ylikuumenemista, ei kosteuden kertymist\u00e4. Jokainen peti valmistetaan tilauksesta, r\u00e4\u00e4t\u00e4l\u00f6ityn\u00e4 koirasi koon ja mukavuuden mukaan, jotta se sopii juuri sinun koirallesi.<\/p>\n<div class=\"global-icon-set\">\n<div class=\"global-icon-set__items\">\n<div class=\"global-icon-set__item\">\n<div class=\"global-icon-set__image\">\n                                    <img decoding=\"async\" src=\"https:\/\/homeofwool.com\/wp-content\/uploads\/2025\/09\/handmade-icon-300x300.png\" alt=\"k\u00e4sintehty kuvake\" \/>\n                                <\/div>\n<div class=\"global-icon-set__title\">K\u00e4sintehty<\/div>\n<\/p><\/div>\n<div class=\"global-icon-set__item\">\n<div class=\"global-icon-set__image\">\n                                    <img decoding=\"async\" src=\"https:\/\/homeofwool.com\/wp-content\/uploads\/2025\/09\/VOCs-min-300x300.png\" alt=\"vocs vapaa\" \/>\n                                <\/div>\n<div class=\"global-icon-set__title\">VOC-vapaa<\/div>\n<\/p><\/div>\n<div class=\"global-icon-set__item\">\n<div class=\"global-icon-set__image\">\n                                    <img decoding=\"async\" src=\"https:\/\/homeofwool.com\/wp-content\/uploads\/2025\/09\/FR-min-300x300.png\" alt=\"palonkest\u00e4v\u00e4 kuvake\" \/>\n                                <\/div>\n<div class=\"global-icon-set__title\">Liekinkest\u00e4v\u00e4<\/div>\n<\/p><\/div>\n<div class=\"global-icon-set__item\">\n<div class=\"global-icon-set__image\">\n                                    <img decoding=\"async\" src=\"https:\/\/homeofwool.com\/wp-content\/uploads\/2025\/09\/Hypoallergenic-min-300x300.png\" alt=\"hypoallergeeninen kuvake\" \/>\n                                <\/div>\n<div class=\"global-icon-set__title\">Hypoallergeeninen<\/div>\n<\/p><\/div>\n<div class=\"global-icon-set__item\">\n<div class=\"global-icon-set__image\">\n                                    <img decoding=\"async\" src=\"https:\/\/homeofwool.com\/wp-content\/uploads\/2025\/09\/free-of-synthetics-icon-300x300.png\" alt=\"synteettisi\u00e4 aineita sis\u00e4lt\u00e4m\u00e4t\u00f6n kuvake\" \/>\n                                <\/div>\n<div class=\"global-icon-set__title\">Vapaa synteettisist\u00e4 aineista<\/div>\n<\/p><\/div>\n<div class=\"global-icon-set__item\">\n<div class=\"global-icon-set__image\">\n                                    <img decoding=\"async\" src=\"https:\/\/homeofwool.com\/wp-content\/uploads\/2025\/09\/chemical-free-icon-300x300.png\" alt=\"kemikaalivapaa kuvake\" \/>\n                                <\/div>\n<div class=\"global-icon-set__title\">Kemikaalivapaa<\/div>\n<\/p><\/div>\n<div class=\"global-icon-set__item\">\n<div class=\"global-icon-set__image\">\n                                    <img decoding=\"async\" src=\"https:\/\/homeofwool.com\/wp-content\/uploads\/2025\/09\/anti-bacterial-icon-300x300.png\" alt=\"anti bakteeri kuvake\" \/>\n                                <\/div>\n<div class=\"global-icon-set__title\">Anti-mikrobinen &amp; antibakteerinen<\/div>\n<\/p><\/div>\n<div class=\"global-icon-set__item\">\n<div class=\"global-icon-set__image\">\n                                    <img decoding=\"async\" src=\"https:\/\/homeofwool.com\/wp-content\/uploads\/2025\/09\/certified-materials-icon-300x300.png\" alt=\"sertifioitujen materiaalien kuvake\" \/>\n                                <\/div>\n<div class=\"global-icon-set__title\">100% Puhtaat sertifioidut materiaalit<\/div>\n<\/p><\/div>\n<\/p><\/div>\n<\/p><\/div>","protected":false},"featured_media":218580,"template":"","meta":{"_acf_changed":false},"product_brand":[],"product_cat":[154],"product_tag":[339,156,158,340,159,341,162,164,149,342],"class_list":{"0":"post-217619","1":"product","2":"type-product","3":"status-publish","4":"has-post-thumbnail","6":"product_cat-pet-beds","7":"product_tag-cat-beds","8":"product_tag-custom-pet-bed","9":"product_tag-kitten-bed","10":"product_tag-large-dog-beds","11":"product_tag-luxury-dog-beds","12":"product_tag-organic-pet-bedding","13":"product_tag-puppy-mattress","14":"product_tag-small-dog-beds","15":"product_tag-steps","16":"product_tag-xl-xxl-dog-bed","18":"first","19":"instock","20":"shipping-taxable","21":"purchasable","22":"product-type-simple"},"acf":[],"yoast_head":"<!-- This site is optimized with the Yoast SEO Premium plugin v27.3 (Yoast SEO v27.3) - https:\/\/yoast.com\/product\/yoast-seo-premium-wordpress\/ -->\n<title>Round Dog Bed \u2013 Cooling Dog Bed | Home of Wool<\/title>\n<meta name=\"description\" content=\"The Round Dog Bed combines breathable wool filling with toxin-free comfort. Hypoallergenic and natural, it provides sustainable, cooling rest for pets all year.\" \/>\n<meta name=\"robots\" content=\"index, follow, max-snippet:-1, max-image-preview:large, max-video-preview:-1\" \/>\n<link rel=\"canonical\" href=\"https:\/\/homeofwool.com\/fi\/shop\/pyorea-koiranpeti\/\" \/>\n<meta property=\"og:locale\" content=\"fi_FI\" \/>\n<meta property=\"og:type\" content=\"article\" \/>\n<meta property=\"og:title\" content=\"Round Wool Dog Bed\" \/>\n<meta property=\"og:description\" content=\"The Round Dog Bed combines breathable wool filling with toxin-free comfort. Hypoallergenic and natural, it provides sustainable, cooling rest for pets all year.\" \/>\n<meta property=\"og:url\" content=\"https:\/\/homeofwool.com\/fi\/shop\/pyorea-koiranpeti\/\" \/>\n<meta property=\"og:site_name\" content=\"Home of Wool\" \/>\n<meta property=\"article:publisher\" content=\"https:\/\/facebook.com\/HomeOfWoolOfficial\" \/>\n<meta property=\"article:modified_time\" content=\"2026-02-11T10:12:00+00:00\" \/>\n<meta property=\"og:image\" content=\"https:\/\/homeofwool.com\/wp-content\/uploads\/2025\/09\/home-of-wool-round-wool-dog-bed-1.main_.jpg\" \/>\n\t<meta property=\"og:image:width\" content=\"1900\" \/>\n\t<meta property=\"og:image:height\" content=\"1520\" \/>\n\t<meta property=\"og:image:type\" content=\"image\/jpeg\" \/>\n<meta name=\"twitter:card\" content=\"summary_large_image\" \/>\n<meta name=\"twitter:label1\" content=\"Arvioitu lukuaika\" \/>\n\t<meta name=\"twitter:data1\" content=\"2 minuuttia\" \/>\n<script type=\"application\/ld+json\" class=\"yoast-schema-graph\">{\"@context\":\"https:\\\/\\\/schema.org\",\"@graph\":[{\"@type\":\"WebPage\",\"@id\":\"https:\\\/\\\/homeofwool.com\\\/it\\\/negozio\\\/lettino-rotondo-per-cani\\\/\",\"url\":\"https:\\\/\\\/homeofwool.com\\\/it\\\/negozio\\\/lettino-rotondo-per-cani\\\/\",\"name\":\"Round Dog Bed \u2013 Cooling Dog Bed | Home of Wool\",\"isPartOf\":{\"@id\":\"https:\\\/\\\/homeofwool.com\\\/#website\"},\"primaryImageOfPage\":{\"@id\":\"https:\\\/\\\/homeofwool.com\\\/it\\\/negozio\\\/lettino-rotondo-per-cani\\\/#primaryimage\"},\"image\":{\"@id\":\"https:\\\/\\\/homeofwool.com\\\/it\\\/negozio\\\/lettino-rotondo-per-cani\\\/#primaryimage\"},\"thumbnailUrl\":\"https:\\\/\\\/homeofwool.com\\\/wp-content\\\/uploads\\\/2025\\\/09\\\/home-of-wool-round-wool-dog-bed-1.main_.jpg\",\"datePublished\":\"2025-09-02T12:01:44+00:00\",\"dateModified\":\"2026-02-11T10:12:00+00:00\",\"description\":\"The Round Dog Bed combines breathable wool filling with toxin-free comfort. Hypoallergenic and natural, it provides sustainable, cooling rest for pets all year.\",\"breadcrumb\":{\"@id\":\"https:\\\/\\\/homeofwool.com\\\/it\\\/negozio\\\/lettino-rotondo-per-cani\\\/#breadcrumb\"},\"inLanguage\":\"fi\",\"potentialAction\":[{\"@type\":\"ReadAction\",\"target\":[\"https:\\\/\\\/homeofwool.com\\\/it\\\/negozio\\\/lettino-rotondo-per-cani\\\/\"]}]},{\"@type\":\"ImageObject\",\"inLanguage\":\"fi\",\"@id\":\"https:\\\/\\\/homeofwool.com\\\/it\\\/negozio\\\/lettino-rotondo-per-cani\\\/#primaryimage\",\"url\":\"https:\\\/\\\/homeofwool.com\\\/wp-content\\\/uploads\\\/2025\\\/09\\\/home-of-wool-round-wool-dog-bed-1.main_.jpg\",\"contentUrl\":\"https:\\\/\\\/homeofwool.com\\\/wp-content\\\/uploads\\\/2025\\\/09\\\/home-of-wool-round-wool-dog-bed-1.main_.jpg\",\"width\":1900,\"height\":1520,\"caption\":\"round wool dog bed with a dog lying in it\"},{\"@type\":\"BreadcrumbList\",\"@id\":\"https:\\\/\\\/homeofwool.com\\\/it\\\/negozio\\\/lettino-rotondo-per-cani\\\/#breadcrumb\",\"itemListElement\":[{\"@type\":\"ListItem\",\"position\":1,\"name\":\"Home\",\"item\":\"https:\\\/\\\/homeofwool.com\\\/\"},{\"@type\":\"ListItem\",\"position\":2,\"name\":\"Products\",\"item\":\"https:\\\/\\\/homeofwool.com\\\/header-search-2\\\/\"},{\"@type\":\"ListItem\",\"position\":3,\"name\":\"Round Wool Dog Bed\"}]},{\"@type\":\"WebSite\",\"@id\":\"https:\\\/\\\/homeofwool.com\\\/#website\",\"url\":\"https:\\\/\\\/homeofwool.com\\\/\",\"name\":\"Home of Wool\",\"description\":\"\",\"publisher\":{\"@id\":\"https:\\\/\\\/homeofwool.com\\\/#organization\"},\"potentialAction\":[{\"@type\":\"SearchAction\",\"target\":{\"@type\":\"EntryPoint\",\"urlTemplate\":\"https:\\\/\\\/homeofwool.com\\\/?s={search_term_string}\"},\"query-input\":{\"@type\":\"PropertyValueSpecification\",\"valueRequired\":true,\"valueName\":\"search_term_string\"}}],\"inLanguage\":\"fi\"},{\"@type\":\"Organization\",\"@id\":\"https:\\\/\\\/homeofwool.com\\\/#organization\",\"name\":\"Home of Wool\",\"url\":\"https:\\\/\\\/homeofwool.com\\\/\",\"logo\":{\"@type\":\"ImageObject\",\"inLanguage\":\"fi\",\"@id\":\"https:\\\/\\\/homeofwool.com\\\/#\\\/schema\\\/logo\\\/image\\\/\",\"url\":\"https:\\\/\\\/homeofwool.com\\\/wp-content\\\/uploads\\\/2025\\\/09\\\/WhatsApp-Image-2025-12-02-at-16.23.20.jpeg\",\"contentUrl\":\"https:\\\/\\\/homeofwool.com\\\/wp-content\\\/uploads\\\/2025\\\/09\\\/WhatsApp-Image-2025-12-02-at-16.23.20.jpeg\",\"width\":700,\"height\":247,\"caption\":\"Home of Wool\"},\"image\":{\"@id\":\"https:\\\/\\\/homeofwool.com\\\/#\\\/schema\\\/logo\\\/image\\\/\"},\"sameAs\":[\"https:\\\/\\\/facebook.com\\\/HomeOfWoolOfficial\"]}]}<\/script>\n<!-- \/ Yoast SEO Premium plugin. -->","yoast_head_json":{"title":"Py\u00f6re\u00e4 koiranpeti \u2013 Viilent\u00e4v\u00e4 koiranpeti | Home of Wool","description":"Py\u00f6re\u00e4 koiranpeti yhdist\u00e4\u00e4 hengitt\u00e4v\u00e4n villat\u00e4ytteen ja myrkytt\u00f6m\u00e4n mukavuuden. Hypoallergeeninen ja luonnollinen peti tarjoaa lemmikeille kest\u00e4v\u00e4n ja viile\u00e4n lepopaikan ymp\u00e4ri vuoden.","robots":{"index":"index","follow":"follow","max-snippet":"max-snippet:-1","max-image-preview":"max-image-preview:large","max-video-preview":"max-video-preview:-1"},"canonical":"https:\/\/homeofwool.com\/fi\/shop\/pyorea-koiranpeti\/","og_locale":"fi_FI","og_type":"article","og_title":"Round Wool Dog Bed","og_description":"The Round Dog Bed combines breathable wool filling with toxin-free comfort. Hypoallergenic and natural, it provides sustainable, cooling rest for pets all year.","og_url":"https:\/\/homeofwool.com\/fi\/shop\/pyorea-koiranpeti\/","og_site_name":"Home of Wool","article_publisher":"https:\/\/facebook.com\/HomeOfWoolOfficial","article_modified_time":"2026-02-11T10:12:00+00:00","og_image":[{"width":1900,"height":1520,"url":"https:\/\/homeofwool.com\/wp-content\/uploads\/2025\/09\/home-of-wool-round-wool-dog-bed-1.main_.jpg","type":"image\/jpeg"}],"twitter_card":"summary_large_image","twitter_misc":{"Arvioitu lukuaika":"2 minuuttia"},"schema":{"@context":"https:\/\/schema.org","@graph":[{"@type":"WebPage","@id":"https:\/\/homeofwool.com\/it\/negozio\/lettino-rotondo-per-cani\/","url":"https:\/\/homeofwool.com\/it\/negozio\/lettino-rotondo-per-cani\/","name":"Py\u00f6re\u00e4 koiranpeti \u2013 Viilent\u00e4v\u00e4 koiranpeti | Home of Wool","isPartOf":{"@id":"https:\/\/homeofwool.com\/#website"},"primaryImageOfPage":{"@id":"https:\/\/homeofwool.com\/it\/negozio\/lettino-rotondo-per-cani\/#primaryimage"},"image":{"@id":"https:\/\/homeofwool.com\/it\/negozio\/lettino-rotondo-per-cani\/#primaryimage"},"thumbnailUrl":"https:\/\/homeofwool.com\/wp-content\/uploads\/2025\/09\/home-of-wool-round-wool-dog-bed-1.main_.jpg","datePublished":"2025-09-02T12:01:44+00:00","dateModified":"2026-02-11T10:12:00+00:00","description":"Py\u00f6re\u00e4 koiranpeti yhdist\u00e4\u00e4 hengitt\u00e4v\u00e4n villat\u00e4ytteen ja myrkytt\u00f6m\u00e4n mukavuuden. Hypoallergeeninen ja luonnollinen peti tarjoaa lemmikeille kest\u00e4v\u00e4n ja viile\u00e4n lepopaikan ymp\u00e4ri vuoden.","breadcrumb":{"@id":"https:\/\/homeofwool.com\/it\/negozio\/lettino-rotondo-per-cani\/#breadcrumb"},"inLanguage":"fi","potentialAction":[{"@type":"ReadAction","target":["https:\/\/homeofwool.com\/it\/negozio\/lettino-rotondo-per-cani\/"]}]},{"@type":"ImageObject","inLanguage":"fi","@id":"https:\/\/homeofwool.com\/it\/negozio\/lettino-rotondo-per-cani\/#primaryimage","url":"https:\/\/homeofwool.com\/wp-content\/uploads\/2025\/09\/home-of-wool-round-wool-dog-bed-1.main_.jpg","contentUrl":"https:\/\/homeofwool.com\/wp-content\/uploads\/2025\/09\/home-of-wool-round-wool-dog-bed-1.main_.jpg","width":1900,"height":1520,"caption":"round wool dog bed with a dog lying in it"},{"@type":"BreadcrumbList","@id":"https:\/\/homeofwool.com\/it\/negozio\/lettino-rotondo-per-cani\/#breadcrumb","itemListElement":[{"@type":"ListItem","position":1,"name":"Home","item":"https:\/\/homeofwool.com\/"},{"@type":"ListItem","position":2,"name":"Products","item":"https:\/\/homeofwool.com\/header-search-2\/"},{"@type":"ListItem","position":3,"name":"Round Wool Dog Bed"}]},{"@type":"WebSite","@id":"https:\/\/homeofwool.com\/#website","url":"https:\/\/homeofwool.com\/","name":"Villan koti","description":"","publisher":{"@id":"https:\/\/homeofwool.com\/#organization"},"potentialAction":[{"@type":"SearchAction","target":{"@type":"EntryPoint","urlTemplate":"https:\/\/homeofwool.com\/?s={search_term_string}"},"query-input":{"@type":"PropertyValueSpecification","valueRequired":true,"valueName":"search_term_string"}}],"inLanguage":"fi"},{"@type":"Organization","@id":"https:\/\/homeofwool.com\/#organization","name":"Villan koti","url":"https:\/\/homeofwool.com\/","logo":{"@type":"ImageObject","inLanguage":"fi","@id":"https:\/\/homeofwool.com\/#\/schema\/logo\/image\/","url":"https:\/\/homeofwool.com\/wp-content\/uploads\/2025\/09\/WhatsApp-Image-2025-12-02-at-16.23.20.jpeg","contentUrl":"https:\/\/homeofwool.com\/wp-content\/uploads\/2025\/09\/WhatsApp-Image-2025-12-02-at-16.23.20.jpeg","width":700,"height":247,"caption":"Home of Wool"},"image":{"@id":"https:\/\/homeofwool.com\/#\/schema\/logo\/image\/"},"sameAs":["https:\/\/facebook.com\/HomeOfWoolOfficial"]}]}},"_links":{"self":[{"href":"https:\/\/homeofwool.com\/fi\/wp-json\/wp\/v2\/product\/217619","targetHints":{"allow":["GET"]}}],"collection":[{"href":"https:\/\/homeofwool.com\/fi\/wp-json\/wp\/v2\/product"}],"about":[{"href":"https:\/\/homeofwool.com\/fi\/wp-json\/wp\/v2\/types\/product"}],"version-history":[{"count":1,"href":"https:\/\/homeofwool.com\/fi\/wp-json\/wp\/v2\/product\/217619\/revisions"}],"predecessor-version":[{"id":226709,"href":"https:\/\/homeofwool.com\/fi\/wp-json\/wp\/v2\/product\/217619\/revisions\/226709"}],"wp:featuredmedia":[{"embeddable":true,"href":"https:\/\/homeofwool.com\/fi\/wp-json\/wp\/v2\/media\/218580"}],"wp:attachment":[{"href":"https:\/\/homeofwool.com\/fi\/wp-json\/wp\/v2\/media?parent=217619"}],"wp:term":[{"taxonomy":"product_brand","embeddable":true,"href":"https:\/\/homeofwool.com\/fi\/wp-json\/wp\/v2\/product_brand?post=217619"},{"taxonomy":"product_cat","embeddable":true,"href":"https:\/\/homeofwool.com\/fi\/wp-json\/wp\/v2\/product_cat?post=217619"},{"taxonomy":"product_tag","embeddable":true,"href":"https:\/\/homeofwool.com\/fi\/wp-json\/wp\/v2\/product_tag?post=217619"}],"curies":[{"name":"wp","href":"https:\/\/api.w.org\/{rel}","templated":true}]}}