{"id":217585,"date":"2025-09-02T12:01:16","date_gmt":"2025-09-02T12:01:16","guid":{"rendered":"https:\/\/homeofwool.com\/?post_type=product&#038;p=217585"},"modified":"2026-03-10T08:45:32","modified_gmt":"2026-03-10T08:45:32","slug":"ei-tuftattu-paatytyyny","status":"publish","type":"product","link":"https:\/\/homeofwool.com\/fi\/shop\/non-tufted-headboard-cushion\/","title":{"rendered":"P\u00e4\u00e4ntyyny, jossa on irrotettava kansi"},"content":{"rendered":"<p>T\u00e4m\u00e4 k\u00e4sity\u00f6n\u00e4 valmistettu p\u00e4\u00e4tytyyny on pehme\u00e4mpi ja terveellisempi vaihtoehto tavalliselle p\u00e4\u00e4dylle. Se on t\u00e4ytetty puhtaalla villalla ja p\u00e4\u00e4llystetty valitsemallasi orgaanisella puuvillalla, pellavalla tai villakankaalla, ja se tarjoaa hengitt\u00e4v\u00e4n mukavuuden kaikkina vuodenaikoina. Villat\u00e4yte on hypoallergeeninen ja vastustuskykyinen p\u00f6lypunkkeille ja bakteereille. Se on my\u00f6s kemikaaliton. Turvallisin vaihtoehto herkille nukkujille. Jokainen p\u00e4\u00e4tytyyny on t\u00e4ysin r\u00e4\u00e4t\u00e4l\u00f6ity, ja se on suunniteltu sopimaan s\u00e4ngyn kokoon ja kiinnitystapaan.<\/p>\n<p>Kiinnitysvaihtoehdot tarjoavat joustavuutta mihin tahansa makuuhuoneen sisustukseen:<\/p>\n<p><strong>Tasku<\/strong>: Helppo asettaa suorakulmaisten s\u00e4ngynp\u00e4\u00e4tyjen p\u00e4\u00e4lle. Kun valitset tyynyn korkeutta, paras tapa on asettaa tyyny patjalle ja mitata patjan ja s\u00e4ngynp\u00e4\u00e4dyn yl\u00e4reunan v\u00e4linen et\u00e4isyys.<\/p>\n<p><strong>Solmiot<\/strong>: Helppo kiinnitt\u00e4\u00e4 sein\u00e4n tankoon tai s\u00e4ngynp\u00e4\u00e4tyyn, jossa on vaakasuora tanko. 20 cm pitk\u00e4t kiinnitysparit, jotka sijoitetaan 15\u201320 cm:n v\u00e4lein. Koukkuja ei sis\u00e4lly toimitukseen.<\/p>\n<p><strong>Rod<\/strong>: Sopii parhaiten s\u00e4nkyihin, joissa ei ole p\u00e4\u00e4ty\u00e4. Sinun tarvitsee vain asentaa 2 (yksitt\u00e4iss\u00e4nkyihin) tai 4 (paris\u00e4nkyihin) koukkua sein\u00e4\u00e4n. Me toimitamme tangon, sin\u00e4 hankit koukut, koska ne ovat sein\u00e4n tyypist\u00e4 riippuvaisia. Koukkujen on sovittava halkaisijaltaan 12 mm:n (1\/2\u201d) tangolle.<\/p>\n<p><strong>Pienet v\u00e4lilehdet<\/strong>: Helppo liu'uttaa mink\u00e4 tahansa tyyppisen tangon p\u00e4\u00e4lle, halkaisijaltaan. Tanko ei sis\u00e4lly toimitukseen.<\/p>\n<p><strong>Suuret v\u00e4lilehdet<\/strong>: Helppo liu'uttaa mink\u00e4 tahansa tyyppisen tangon p\u00e4\u00e4lle, halkaisijaltaan. Tanko ei sis\u00e4lly toimitukseen.<\/p>\n<p>Pest\u00e4v\u00e4 irrotettava p\u00e4\u00e4llinen lis\u00e4\u00e4 k\u00e4ytt\u00f6mukavuutta ja helpottaa hoitoa. T\u00e4m\u00e4 synteettisi\u00e4 materiaaleja tai palonestoaineita sis\u00e4lt\u00e4m\u00e4t\u00f6n tyynyp\u00e4\u00e4ty yhdist\u00e4\u00e4 mukavuuden, toiminnallisuuden ja kest\u00e4vyyden.<\/p>","protected":false},"excerpt":{"rendered":"<p>K\u00e4sintehty p\u00e4\u00e4tytyyny on suunniteltu tuomaan luonnollista mukavuutta ja hengitt\u00e4v\u00e4\u00e4 tukea s\u00e4nkyysi. Se on valmistettu orgaanisista kankaista ja t\u00e4ytetty puhtaalla villalla. Se toimii pehme\u00e4n\u00e4 p\u00e4\u00e4tytyynyn\u00e4, jonka irrotettava p\u00e4\u00e4llinen on helppo puhdistaa. Jokainen tyyny on r\u00e4\u00e4t\u00e4l\u00f6ity s\u00e4ngyn koon ja kokoonpanon mukaan.<\/p>\n<div class=\"global-icon-set\">\n<div class=\"global-icon-set__items\">\n<div class=\"global-icon-set__item\">\n<div class=\"global-icon-set__image\">\n                                    <img decoding=\"async\" src=\"https:\/\/homeofwool.com\/wp-content\/uploads\/2025\/09\/handmade-icon-300x300.png\" alt=\"k\u00e4sintehty kuvake\" \/>\n                                <\/div>\n<div class=\"global-icon-set__title\">K\u00e4sintehty<\/div>\n<\/p><\/div>\n<div class=\"global-icon-set__item\">\n<div class=\"global-icon-set__image\">\n                                    <img decoding=\"async\" src=\"https:\/\/homeofwool.com\/wp-content\/uploads\/2025\/09\/VOCs-min-300x300.png\" alt=\"vocs vapaa\" \/>\n                                <\/div>\n<div class=\"global-icon-set__title\">VOC-vapaa<\/div>\n<\/p><\/div>\n<div class=\"global-icon-set__item\">\n<div class=\"global-icon-set__image\">\n                                    <img decoding=\"async\" src=\"https:\/\/homeofwool.com\/wp-content\/uploads\/2025\/09\/FR-min-300x300.png\" alt=\"palonkest\u00e4v\u00e4 kuvake\" \/>\n                                <\/div>\n<div class=\"global-icon-set__title\">Liekinkest\u00e4v\u00e4<\/div>\n<\/p><\/div>\n<div class=\"global-icon-set__item\">\n<div class=\"global-icon-set__image\">\n                                    <img decoding=\"async\" src=\"https:\/\/homeofwool.com\/wp-content\/uploads\/2025\/09\/Hypoallergenic-min-300x300.png\" alt=\"hypoallergeeninen kuvake\" \/>\n                                <\/div>\n<div class=\"global-icon-set__title\">Hypoallergeeninen<\/div>\n<\/p><\/div>\n<div class=\"global-icon-set__item\">\n<div class=\"global-icon-set__image\">\n                                    <img decoding=\"async\" src=\"https:\/\/homeofwool.com\/wp-content\/uploads\/2025\/09\/free-of-synthetics-icon-300x300.png\" alt=\"synteettisi\u00e4 aineita sis\u00e4lt\u00e4m\u00e4t\u00f6n kuvake\" \/>\n                                <\/div>\n<div class=\"global-icon-set__title\">Vapaa synteettisist\u00e4 aineista<\/div>\n<\/p><\/div>\n<div class=\"global-icon-set__item\">\n<div class=\"global-icon-set__image\">\n                                    <img decoding=\"async\" src=\"https:\/\/homeofwool.com\/wp-content\/uploads\/2025\/09\/chemical-free-icon-300x300.png\" alt=\"kemikaalivapaa kuvake\" \/>\n                                <\/div>\n<div class=\"global-icon-set__title\">Kemikaalivapaa<\/div>\n<\/p><\/div>\n<div class=\"global-icon-set__item\">\n<div class=\"global-icon-set__image\">\n                                    <img decoding=\"async\" src=\"https:\/\/homeofwool.com\/wp-content\/uploads\/2025\/09\/anti-bacterial-icon-300x300.png\" alt=\"anti bakteeri kuvake\" \/>\n                                <\/div>\n<div class=\"global-icon-set__title\">Anti-mikrobinen &amp; antibakteerinen<\/div>\n<\/p><\/div>\n<div class=\"global-icon-set__item\">\n<div class=\"global-icon-set__image\">\n                                    <img decoding=\"async\" src=\"https:\/\/homeofwool.com\/wp-content\/uploads\/2025\/09\/certified-materials-icon-300x300.png\" alt=\"sertifioitujen materiaalien kuvake\" \/>\n                                <\/div>\n<div class=\"global-icon-set__title\">100% Puhtaat sertifioidut materiaalit<\/div>\n<\/p><\/div>\n<\/p><\/div>\n<\/p><\/div>","protected":false},"featured_media":219731,"template":"","meta":{"_acf_changed":false},"product_brand":[],"product_cat":[30,396],"product_tag":[397,398,399,400,401,405,402,403,149],"class_list":{"0":"post-217585","1":"product","2":"type-product","3":"status-publish","4":"has-post-thumbnail","6":"product_cat-cushions","7":"product_cat-headboard-cushions","8":"product_tag-bed-headrest-pillow","9":"product_tag-buttoned-headboard","10":"product_tag-cushions-for-headboards","11":"product_tag-headboard-cover","12":"product_tag-headboard-cushion-design","13":"product_tag-headboard-cushion-for-wall","14":"product_tag-headboard-cushion-wall-pillow","15":"product_tag-headboard-cushion-with-ties","16":"product_tag-steps","18":"first","19":"instock","20":"shipping-taxable","21":"purchasable","22":"product-type-simple"},"acf":[],"yoast_head":"<!-- This site is optimized with the Yoast SEO Premium plugin v27.3 (Yoast SEO v27.3) - https:\/\/yoast.com\/product\/yoast-seo-premium-wordpress\/ -->\n<title>Headboard Pillow &amp; Cover \u2013 Custom Cushion Headboard | Home of Wool<\/title>\n<meta name=\"description\" content=\"Supportive and stylish, the Headboard Pillow &amp; Cover uses breathable wool filling. Hypoallergenic and toxin-free, it delivers sustainable, customizable comfort for bedroom design.\" \/>\n<meta name=\"robots\" content=\"index, follow, max-snippet:-1, max-image-preview:large, max-video-preview:-1\" \/>\n<link rel=\"canonical\" href=\"https:\/\/homeofwool.com\/fi\/shop\/ei-tuftattu-paatytyyny\/\" \/>\n<meta property=\"og:locale\" content=\"fi_FI\" \/>\n<meta property=\"og:type\" content=\"article\" \/>\n<meta property=\"og:title\" content=\"Headboard Pillow with Removable Cover\" \/>\n<meta property=\"og:description\" content=\"Supportive and stylish, the Headboard Pillow &amp; Cover uses breathable wool filling. Hypoallergenic and toxin-free, it delivers sustainable, customizable comfort for bedroom design.\" \/>\n<meta property=\"og:url\" content=\"https:\/\/homeofwool.com\/fi\/shop\/ei-tuftattu-paatytyyny\/\" \/>\n<meta property=\"og:site_name\" content=\"Home of Wool\" \/>\n<meta property=\"article:publisher\" content=\"https:\/\/facebook.com\/HomeOfWoolOfficial\" \/>\n<meta property=\"article:modified_time\" content=\"2026-03-10T08:45:32+00:00\" \/>\n<meta property=\"og:image\" content=\"https:\/\/homeofwool.com\/wp-content\/uploads\/2025\/09\/home-of-wool-headboard-pillow-with-removable-cover-1-main.jpg\" \/>\n\t<meta property=\"og:image:width\" content=\"2000\" \/>\n\t<meta property=\"og:image:height\" content=\"1600\" \/>\n\t<meta property=\"og:image:type\" content=\"image\/jpeg\" \/>\n<meta name=\"twitter:card\" content=\"summary_large_image\" \/>\n<meta name=\"twitter:label1\" content=\"Arvioitu lukuaika\" \/>\n\t<meta name=\"twitter:data1\" content=\"2 minuuttia\" \/>\n<script type=\"application\/ld+json\" class=\"yoast-schema-graph\">{\"@context\":\"https:\\\/\\\/schema.org\",\"@graph\":[{\"@type\":\"WebPage\",\"@id\":\"https:\\\/\\\/homeofwool.com\\\/shop\\\/non-tufted-headboard-cushion\\\/\",\"url\":\"https:\\\/\\\/homeofwool.com\\\/shop\\\/non-tufted-headboard-cushion\\\/\",\"name\":\"Headboard Pillow & Cover \u2013 Custom Cushion Headboard | Home of Wool\",\"isPartOf\":{\"@id\":\"https:\\\/\\\/homeofwool.com\\\/#website\"},\"primaryImageOfPage\":{\"@id\":\"https:\\\/\\\/homeofwool.com\\\/shop\\\/non-tufted-headboard-cushion\\\/#primaryimage\"},\"image\":{\"@id\":\"https:\\\/\\\/homeofwool.com\\\/shop\\\/non-tufted-headboard-cushion\\\/#primaryimage\"},\"thumbnailUrl\":\"https:\\\/\\\/homeofwool.com\\\/wp-content\\\/uploads\\\/2025\\\/09\\\/home-of-wool-headboard-pillow-with-removable-cover-1-main.jpg\",\"datePublished\":\"2025-09-02T12:01:16+00:00\",\"dateModified\":\"2026-03-10T08:45:32+00:00\",\"description\":\"Supportive and stylish, the Headboard Pillow & Cover uses breathable wool filling. Hypoallergenic and toxin-free, it delivers sustainable, customizable comfort for bedroom design.\",\"breadcrumb\":{\"@id\":\"https:\\\/\\\/homeofwool.com\\\/shop\\\/non-tufted-headboard-cushion\\\/#breadcrumb\"},\"inLanguage\":\"fi\",\"potentialAction\":[{\"@type\":\"ReadAction\",\"target\":[\"https:\\\/\\\/homeofwool.com\\\/shop\\\/non-tufted-headboard-cushion\\\/\"]}]},{\"@type\":\"ImageObject\",\"inLanguage\":\"fi\",\"@id\":\"https:\\\/\\\/homeofwool.com\\\/shop\\\/non-tufted-headboard-cushion\\\/#primaryimage\",\"url\":\"https:\\\/\\\/homeofwool.com\\\/wp-content\\\/uploads\\\/2025\\\/09\\\/home-of-wool-headboard-pillow-with-removable-cover-1-main.jpg\",\"contentUrl\":\"https:\\\/\\\/homeofwool.com\\\/wp-content\\\/uploads\\\/2025\\\/09\\\/home-of-wool-headboard-pillow-with-removable-cover-1-main.jpg\",\"width\":2000,\"height\":1600,\"caption\":\"home of wool headboard cushion in a stylish bedroom\"},{\"@type\":\"BreadcrumbList\",\"@id\":\"https:\\\/\\\/homeofwool.com\\\/shop\\\/non-tufted-headboard-cushion\\\/#breadcrumb\",\"itemListElement\":[{\"@type\":\"ListItem\",\"position\":1,\"name\":\"Home\",\"item\":\"https:\\\/\\\/homeofwool.com\\\/\"},{\"@type\":\"ListItem\",\"position\":2,\"name\":\"Products\",\"item\":\"https:\\\/\\\/homeofwool.com\\\/header-search-2\\\/\"},{\"@type\":\"ListItem\",\"position\":3,\"name\":\"Headboard Pillow with Removable Cover\"}]},{\"@type\":\"WebSite\",\"@id\":\"https:\\\/\\\/homeofwool.com\\\/#website\",\"url\":\"https:\\\/\\\/homeofwool.com\\\/\",\"name\":\"Home of Wool\",\"description\":\"\",\"publisher\":{\"@id\":\"https:\\\/\\\/homeofwool.com\\\/#organization\"},\"potentialAction\":[{\"@type\":\"SearchAction\",\"target\":{\"@type\":\"EntryPoint\",\"urlTemplate\":\"https:\\\/\\\/homeofwool.com\\\/?s={search_term_string}\"},\"query-input\":{\"@type\":\"PropertyValueSpecification\",\"valueRequired\":true,\"valueName\":\"search_term_string\"}}],\"inLanguage\":\"fi\"},{\"@type\":\"Organization\",\"@id\":\"https:\\\/\\\/homeofwool.com\\\/#organization\",\"name\":\"Home of Wool\",\"url\":\"https:\\\/\\\/homeofwool.com\\\/\",\"logo\":{\"@type\":\"ImageObject\",\"inLanguage\":\"fi\",\"@id\":\"https:\\\/\\\/homeofwool.com\\\/#\\\/schema\\\/logo\\\/image\\\/\",\"url\":\"https:\\\/\\\/homeofwool.com\\\/wp-content\\\/uploads\\\/2025\\\/09\\\/WhatsApp-Image-2025-12-02-at-16.23.20.jpeg\",\"contentUrl\":\"https:\\\/\\\/homeofwool.com\\\/wp-content\\\/uploads\\\/2025\\\/09\\\/WhatsApp-Image-2025-12-02-at-16.23.20.jpeg\",\"width\":700,\"height\":247,\"caption\":\"Home of Wool\"},\"image\":{\"@id\":\"https:\\\/\\\/homeofwool.com\\\/#\\\/schema\\\/logo\\\/image\\\/\"},\"sameAs\":[\"https:\\\/\\\/facebook.com\\\/HomeOfWoolOfficial\"]}]}<\/script>\n<!-- \/ Yoast SEO Premium plugin. -->","yoast_head_json":{"title":"P\u00e4\u00e4tytyyny ja -p\u00e4\u00e4llinen \u2013 Mukautettu tyynyp\u00e4\u00e4ty | Home of Wool","description":"Tukeva ja tyylik\u00e4s Headboard Pillow &amp; Cover -tyyny ja -p\u00e4\u00e4llinen on valmistettu hengitt\u00e4v\u00e4st\u00e4 villat\u00e4ytteest\u00e4. Hypoallergeeninen ja myrkyt\u00f6n tyyny tarjoaa kest\u00e4v\u00e4\u00e4, mukautettavaa mukavuutta makuuhuoneen sisustukseen.","robots":{"index":"index","follow":"follow","max-snippet":"max-snippet:-1","max-image-preview":"max-image-preview:large","max-video-preview":"max-video-preview:-1"},"canonical":"https:\/\/homeofwool.com\/fi\/shop\/ei-tuftattu-paatytyyny\/","og_locale":"fi_FI","og_type":"article","og_title":"Headboard Pillow with Removable Cover","og_description":"Supportive and stylish, the Headboard Pillow & Cover uses breathable wool filling. Hypoallergenic and toxin-free, it delivers sustainable, customizable comfort for bedroom design.","og_url":"https:\/\/homeofwool.com\/fi\/shop\/ei-tuftattu-paatytyyny\/","og_site_name":"Home of Wool","article_publisher":"https:\/\/facebook.com\/HomeOfWoolOfficial","article_modified_time":"2026-03-10T08:45:32+00:00","og_image":[{"width":2000,"height":1600,"url":"https:\/\/homeofwool.com\/wp-content\/uploads\/2025\/09\/home-of-wool-headboard-pillow-with-removable-cover-1-main.jpg","type":"image\/jpeg"}],"twitter_card":"summary_large_image","twitter_misc":{"Arvioitu lukuaika":"2 minuuttia"},"schema":{"@context":"https:\/\/schema.org","@graph":[{"@type":"WebPage","@id":"https:\/\/homeofwool.com\/shop\/non-tufted-headboard-cushion\/","url":"https:\/\/homeofwool.com\/shop\/non-tufted-headboard-cushion\/","name":"P\u00e4\u00e4tytyyny ja -p\u00e4\u00e4llinen \u2013 Mukautettu tyynyp\u00e4\u00e4ty | Home of Wool","isPartOf":{"@id":"https:\/\/homeofwool.com\/#website"},"primaryImageOfPage":{"@id":"https:\/\/homeofwool.com\/shop\/non-tufted-headboard-cushion\/#primaryimage"},"image":{"@id":"https:\/\/homeofwool.com\/shop\/non-tufted-headboard-cushion\/#primaryimage"},"thumbnailUrl":"https:\/\/homeofwool.com\/wp-content\/uploads\/2025\/09\/home-of-wool-headboard-pillow-with-removable-cover-1-main.jpg","datePublished":"2025-09-02T12:01:16+00:00","dateModified":"2026-03-10T08:45:32+00:00","description":"Tukeva ja tyylik\u00e4s Headboard Pillow &amp; Cover -tyyny ja -p\u00e4\u00e4llinen on valmistettu hengitt\u00e4v\u00e4st\u00e4 villat\u00e4ytteest\u00e4. Hypoallergeeninen ja myrkyt\u00f6n tyyny tarjoaa kest\u00e4v\u00e4\u00e4, mukautettavaa mukavuutta makuuhuoneen sisustukseen.","breadcrumb":{"@id":"https:\/\/homeofwool.com\/shop\/non-tufted-headboard-cushion\/#breadcrumb"},"inLanguage":"fi","potentialAction":[{"@type":"ReadAction","target":["https:\/\/homeofwool.com\/shop\/non-tufted-headboard-cushion\/"]}]},{"@type":"ImageObject","inLanguage":"fi","@id":"https:\/\/homeofwool.com\/shop\/non-tufted-headboard-cushion\/#primaryimage","url":"https:\/\/homeofwool.com\/wp-content\/uploads\/2025\/09\/home-of-wool-headboard-pillow-with-removable-cover-1-main.jpg","contentUrl":"https:\/\/homeofwool.com\/wp-content\/uploads\/2025\/09\/home-of-wool-headboard-pillow-with-removable-cover-1-main.jpg","width":2000,"height":1600,"caption":"home of wool headboard cushion in a stylish bedroom"},{"@type":"BreadcrumbList","@id":"https:\/\/homeofwool.com\/shop\/non-tufted-headboard-cushion\/#breadcrumb","itemListElement":[{"@type":"ListItem","position":1,"name":"Home","item":"https:\/\/homeofwool.com\/"},{"@type":"ListItem","position":2,"name":"Products","item":"https:\/\/homeofwool.com\/header-search-2\/"},{"@type":"ListItem","position":3,"name":"Headboard Pillow with Removable Cover"}]},{"@type":"WebSite","@id":"https:\/\/homeofwool.com\/#website","url":"https:\/\/homeofwool.com\/","name":"Villan koti","description":"","publisher":{"@id":"https:\/\/homeofwool.com\/#organization"},"potentialAction":[{"@type":"SearchAction","target":{"@type":"EntryPoint","urlTemplate":"https:\/\/homeofwool.com\/?s={search_term_string}"},"query-input":{"@type":"PropertyValueSpecification","valueRequired":true,"valueName":"search_term_string"}}],"inLanguage":"fi"},{"@type":"Organization","@id":"https:\/\/homeofwool.com\/#organization","name":"Villan koti","url":"https:\/\/homeofwool.com\/","logo":{"@type":"ImageObject","inLanguage":"fi","@id":"https:\/\/homeofwool.com\/#\/schema\/logo\/image\/","url":"https:\/\/homeofwool.com\/wp-content\/uploads\/2025\/09\/WhatsApp-Image-2025-12-02-at-16.23.20.jpeg","contentUrl":"https:\/\/homeofwool.com\/wp-content\/uploads\/2025\/09\/WhatsApp-Image-2025-12-02-at-16.23.20.jpeg","width":700,"height":247,"caption":"Home of Wool"},"image":{"@id":"https:\/\/homeofwool.com\/#\/schema\/logo\/image\/"},"sameAs":["https:\/\/facebook.com\/HomeOfWoolOfficial"]}]}},"_links":{"self":[{"href":"https:\/\/homeofwool.com\/fi\/wp-json\/wp\/v2\/product\/217585","targetHints":{"allow":["GET"]}}],"collection":[{"href":"https:\/\/homeofwool.com\/fi\/wp-json\/wp\/v2\/product"}],"about":[{"href":"https:\/\/homeofwool.com\/fi\/wp-json\/wp\/v2\/types\/product"}],"version-history":[{"count":1,"href":"https:\/\/homeofwool.com\/fi\/wp-json\/wp\/v2\/product\/217585\/revisions"}],"predecessor-version":[{"id":226710,"href":"https:\/\/homeofwool.com\/fi\/wp-json\/wp\/v2\/product\/217585\/revisions\/226710"}],"wp:featuredmedia":[{"embeddable":true,"href":"https:\/\/homeofwool.com\/fi\/wp-json\/wp\/v2\/media\/219731"}],"wp:attachment":[{"href":"https:\/\/homeofwool.com\/fi\/wp-json\/wp\/v2\/media?parent=217585"}],"wp:term":[{"taxonomy":"product_brand","embeddable":true,"href":"https:\/\/homeofwool.com\/fi\/wp-json\/wp\/v2\/product_brand?post=217585"},{"taxonomy":"product_cat","embeddable":true,"href":"https:\/\/homeofwool.com\/fi\/wp-json\/wp\/v2\/product_cat?post=217585"},{"taxonomy":"product_tag","embeddable":true,"href":"https:\/\/homeofwool.com\/fi\/wp-json\/wp\/v2\/product_tag?post=217585"}],"curies":[{"name":"wp","href":"https:\/\/api.w.org\/{rel}","templated":true}]}}