{"id":217559,"date":"2025-09-02T12:00:57","date_gmt":"2025-09-02T12:00:57","guid":{"rendered":"https:\/\/homeofwool.com\/?post_type=product&#038;p=217559"},"modified":"2026-02-11T13:01:38","modified_gmt":"2026-02-11T13:01:38","slug":"tasokudottu-matto","status":"publish","type":"product","link":"https:\/\/homeofwool.com\/fi\/shop\/flatwoven-rug\/","title":{"rendered":"Tasainen kudottu villamatto"},"content":{"rendered":"<p>Home of Wool-matto on k\u00e4sintehty tilauksesta, ja siin\u00e4 on k\u00e4ytetty vain puhdasta villaa sen luonnollisissa s\u00e4vyiss\u00e4: kermanv\u00e4rist\u00e4, harmaata ja ruskeaa. Ilman v\u00e4riaineita tai k\u00e4sittelyj\u00e4 kuidut ovat v\u00e4rj\u00e4\u00e4m\u00e4tt\u00f6mi\u00e4 ja t\u00e4ysin kemikaalittomia. Se on ihanteellinen vaihtoehto kaikille, jotka haluavat luoda turvallisen, hypoallergeenisen ymp\u00e4rist\u00f6n perheelleen.<\/p>\n<p>Villa torjuu luonnollisesti p\u00f6lypunkkeja ja bakteereja, mik\u00e4 tekee kodistasi terveellisemm\u00e4n. Se voi jopa ime\u00e4 huonekaluista tai pinnoitteista per\u00e4isin olevia haihtuvia orgaanisia yhdisteit\u00e4, mik\u00e4 auttaa ilmaa tuntumaan puhtaammalta ja raikkaammalta. N\u00e4iden hyvinvointia edist\u00e4vien ominaisuuksien lis\u00e4ksi villamatto lis\u00e4\u00e4 mukavuutta, jonka huomaat joka p\u00e4iv\u00e4. Se l\u00e4mmitt\u00e4\u00e4 lattiaa ja antaa pehme\u00e4n, pehmustetun tunteen jalkojesi alla.<\/p>","protected":false},"excerpt":{"rendered":"<p>Tuo ajaton kauneus ja puhdas el\u00e4m\u00e4ntapa kotiisi tasokudotulla matollamme, joka on valmistettu puhtaasta, v\u00e4rj\u00e4\u00e4m\u00e4tt\u00f6m\u00e4st\u00e4 villasta. T\u00e4m\u00e4 k\u00e4sintehty, muokattava villamatto on pehme\u00e4, hypoallergeeninen ja t\u00e4ysin kemikaaliton. Tarvitsitpa sitten pehme\u00e4\u00e4 kermanv\u00e4rist\u00e4 mattoa pirist\u00e4m\u00e4\u00e4n kodikasta nurkkaa tai l\u00e4mpim\u00e4n ruskeaa mattoa luomaan tasapainoa olohuoneeseesi, t\u00e4m\u00e4 villamatto tarjoaa nelj\u00e4 kaunista luonnollista v\u00e4rivaihtoehtoa. Voit jopa valita raidallisen mallin, joka tuo huoneeseen lis\u00e4\u00e4 luonnetta. Villan luonnolliset s\u00e4vyt helpottavat juuri oikean s\u00e4vyn l\u00f6yt\u00e4mist\u00e4.<\/p>\n<div class=\"global-icon-set\">\n<div class=\"global-icon-set__items\">\n<div class=\"global-icon-set__item\">\n<div class=\"global-icon-set__image\">\n                                    <img decoding=\"async\" src=\"https:\/\/homeofwool.com\/wp-content\/uploads\/2025\/09\/VOCs-min-300x300.png\" alt=\"vocs vapaa\" \/>\n                                <\/div>\n<div class=\"global-icon-set__title\">VOC-vapaa<\/div>\n<\/p><\/div>\n<div class=\"global-icon-set__item\">\n<div class=\"global-icon-set__image\">\n                                    <img decoding=\"async\" src=\"https:\/\/homeofwool.com\/wp-content\/uploads\/2025\/09\/FR-min-300x300.png\" alt=\"palonkest\u00e4v\u00e4 kuvake\" \/>\n                                <\/div>\n<div class=\"global-icon-set__title\">Liekinkest\u00e4v\u00e4<\/div>\n<\/p><\/div>\n<div class=\"global-icon-set__item\">\n<div class=\"global-icon-set__image\">\n                                    <img decoding=\"async\" src=\"https:\/\/homeofwool.com\/wp-content\/uploads\/2025\/09\/Hypoallergenic-min-300x300.png\" alt=\"hypoallergeeninen kuvake\" \/>\n                                <\/div>\n<div class=\"global-icon-set__title\">Hypoallergeeninen<\/div>\n<\/p><\/div>\n<div class=\"global-icon-set__item\">\n<div class=\"global-icon-set__image\">\n                                    <img decoding=\"async\" src=\"https:\/\/homeofwool.com\/wp-content\/uploads\/2025\/09\/free-of-synthetics-icon-300x300.png\" alt=\"synteettisi\u00e4 aineita sis\u00e4lt\u00e4m\u00e4t\u00f6n kuvake\" \/>\n                                <\/div>\n<div class=\"global-icon-set__title\">Vapaa synteettisist\u00e4 aineista<\/div>\n<\/p><\/div>\n<div class=\"global-icon-set__item\">\n<div class=\"global-icon-set__image\">\n                                    <img decoding=\"async\" src=\"https:\/\/homeofwool.com\/wp-content\/uploads\/2025\/09\/chemical-free-icon-300x300.png\" alt=\"kemikaalivapaa kuvake\" \/>\n                                <\/div>\n<div class=\"global-icon-set__title\">Kemikaalivapaa<\/div>\n<\/p><\/div>\n<div class=\"global-icon-set__item\">\n<div class=\"global-icon-set__image\">\n                                    <img decoding=\"async\" src=\"https:\/\/homeofwool.com\/wp-content\/uploads\/2025\/09\/anti-bacterial-icon-300x300.png\" alt=\"anti bakteeri kuvake\" \/>\n                                <\/div>\n<div class=\"global-icon-set__title\">Anti-mikrobinen &amp; antibakteerinen<\/div>\n<\/p><\/div>\n<div class=\"global-icon-set__item\">\n<div class=\"global-icon-set__image\">\n                                    <img decoding=\"async\" src=\"https:\/\/homeofwool.com\/wp-content\/uploads\/2025\/09\/certified-materials-icon-300x300.png\" alt=\"sertifioitujen materiaalien kuvake\" \/>\n                                <\/div>\n<div class=\"global-icon-set__title\">100% Puhtaat sertifioidut materiaalit<\/div>\n<\/p><\/div>\n<\/p><\/div>\n<\/p><\/div>","protected":false},"featured_media":219656,"template":"","meta":{"_acf_changed":false},"product_brand":[],"product_cat":[331],"product_tag":[332,545,334,335,336,337,149,338,546],"class_list":{"0":"post-217559","1":"product","2":"type-product","3":"status-publish","4":"has-post-thumbnail","6":"product_cat-rugs","7":"product_tag-boho-rug","8":"product_tag-carpet-pad","9":"product_tag-flat-weave-rug","10":"product_tag-flatwoven-rug","11":"product_tag-large-wool-rug","12":"product_tag-modern-rug","13":"product_tag-steps","14":"product_tag-wool-kilim","15":"product_tag-woven-wool-rugs","17":"first","18":"instock","19":"shipping-taxable","20":"purchasable","21":"product-type-simple"},"acf":[],"yoast_head":"<!-- This site is optimized with the Yoast SEO Premium plugin v27.4 (Yoast SEO v27.4) - https:\/\/yoast.com\/product\/yoast-seo-premium-wordpress\/ -->\n<title>Flat Woven Wool Rug \u2013 Handcrafted, Undyed, Chemical-Free | Home of Wool<\/title>\n<meta name=\"description\" content=\"Portable and handmade, the Foldable Wool Mattress features breathable organic wool filling. Toxin-free and supportive, it delivers sustainable comfort for travel, guests, or daily use.\" \/>\n<meta name=\"robots\" content=\"index, follow, max-snippet:-1, max-image-preview:large, max-video-preview:-1\" \/>\n<link rel=\"canonical\" href=\"https:\/\/homeofwool.com\/fi\/shop\/tasokudottu-matto\/\" \/>\n<meta property=\"og:locale\" content=\"fi_FI\" \/>\n<meta property=\"og:type\" content=\"article\" \/>\n<meta property=\"og:title\" content=\"Flat Woven Wool Rug\" \/>\n<meta property=\"og:description\" content=\"Portable and handmade, the Foldable Wool Mattress features breathable organic wool filling. Toxin-free and supportive, it delivers sustainable comfort for travel, guests, or daily use.\" \/>\n<meta property=\"og:url\" content=\"https:\/\/homeofwool.com\/fi\/shop\/tasokudottu-matto\/\" \/>\n<meta property=\"og:site_name\" content=\"Home of Wool\" \/>\n<meta property=\"article:publisher\" content=\"https:\/\/facebook.com\/HomeOfWoolOfficial\" \/>\n<meta property=\"article:modified_time\" content=\"2026-02-11T13:01:38+00:00\" \/>\n<meta property=\"og:image\" content=\"https:\/\/homeofwool.com\/wp-content\/uploads\/2025\/09\/home-of-wool-flat-woven-wool-rug-1-main.jpg\" \/>\n\t<meta property=\"og:image:width\" content=\"2400\" \/>\n\t<meta property=\"og:image:height\" content=\"1920\" \/>\n\t<meta property=\"og:image:type\" content=\"image\/jpeg\" \/>\n<meta name=\"twitter:card\" content=\"summary_large_image\" \/>\n<meta name=\"twitter:label1\" content=\"Arvioitu lukuaika\" \/>\n\t<meta name=\"twitter:data1\" content=\"1 minuutti\" \/>\n<script type=\"application\/ld+json\" class=\"yoast-schema-graph\">{\"@context\":\"https:\\\/\\\/schema.org\",\"@graph\":[{\"@type\":\"WebPage\",\"@id\":\"https:\\\/\\\/homeofwool.com\\\/shop\\\/flatwoven-rug\\\/\",\"url\":\"https:\\\/\\\/homeofwool.com\\\/shop\\\/flatwoven-rug\\\/\",\"name\":\"Flat Woven Wool Rug \u2013 Handcrafted, Undyed, Chemical-Free | Home of Wool\",\"isPartOf\":{\"@id\":\"https:\\\/\\\/homeofwool.com\\\/#website\"},\"primaryImageOfPage\":{\"@id\":\"https:\\\/\\\/homeofwool.com\\\/shop\\\/flatwoven-rug\\\/#primaryimage\"},\"image\":{\"@id\":\"https:\\\/\\\/homeofwool.com\\\/shop\\\/flatwoven-rug\\\/#primaryimage\"},\"thumbnailUrl\":\"https:\\\/\\\/homeofwool.com\\\/wp-content\\\/uploads\\\/2025\\\/09\\\/home-of-wool-flat-woven-wool-rug-1-main.jpg\",\"datePublished\":\"2025-09-02T12:00:57+00:00\",\"dateModified\":\"2026-02-11T13:01:38+00:00\",\"description\":\"Portable and handmade, the Foldable Wool Mattress features breathable organic wool filling. Toxin-free and supportive, it delivers sustainable comfort for travel, guests, or daily use.\",\"breadcrumb\":{\"@id\":\"https:\\\/\\\/homeofwool.com\\\/shop\\\/flatwoven-rug\\\/#breadcrumb\"},\"inLanguage\":\"fi\",\"potentialAction\":[{\"@type\":\"ReadAction\",\"target\":[\"https:\\\/\\\/homeofwool.com\\\/shop\\\/flatwoven-rug\\\/\"]}]},{\"@type\":\"ImageObject\",\"inLanguage\":\"fi\",\"@id\":\"https:\\\/\\\/homeofwool.com\\\/shop\\\/flatwoven-rug\\\/#primaryimage\",\"url\":\"https:\\\/\\\/homeofwool.com\\\/wp-content\\\/uploads\\\/2025\\\/09\\\/home-of-wool-flat-woven-wool-rug-1-main.jpg\",\"contentUrl\":\"https:\\\/\\\/homeofwool.com\\\/wp-content\\\/uploads\\\/2025\\\/09\\\/home-of-wool-flat-woven-wool-rug-1-main.jpg\",\"width\":2400,\"height\":1920,\"caption\":\"flat woven wool rug\"},{\"@type\":\"BreadcrumbList\",\"@id\":\"https:\\\/\\\/homeofwool.com\\\/shop\\\/flatwoven-rug\\\/#breadcrumb\",\"itemListElement\":[{\"@type\":\"ListItem\",\"position\":1,\"name\":\"Home\",\"item\":\"https:\\\/\\\/homeofwool.com\\\/\"},{\"@type\":\"ListItem\",\"position\":2,\"name\":\"Products\",\"item\":\"https:\\\/\\\/homeofwool.com\\\/header-search-2\\\/\"},{\"@type\":\"ListItem\",\"position\":3,\"name\":\"Flat Woven Wool Rug\"}]},{\"@type\":\"WebSite\",\"@id\":\"https:\\\/\\\/homeofwool.com\\\/#website\",\"url\":\"https:\\\/\\\/homeofwool.com\\\/\",\"name\":\"Home of Wool\",\"description\":\"\",\"publisher\":{\"@id\":\"https:\\\/\\\/homeofwool.com\\\/#organization\"},\"potentialAction\":[{\"@type\":\"SearchAction\",\"target\":{\"@type\":\"EntryPoint\",\"urlTemplate\":\"https:\\\/\\\/homeofwool.com\\\/?s={search_term_string}\"},\"query-input\":{\"@type\":\"PropertyValueSpecification\",\"valueRequired\":true,\"valueName\":\"search_term_string\"}}],\"inLanguage\":\"fi\"},{\"@type\":\"Organization\",\"@id\":\"https:\\\/\\\/homeofwool.com\\\/#organization\",\"name\":\"Home of Wool\",\"url\":\"https:\\\/\\\/homeofwool.com\\\/\",\"logo\":{\"@type\":\"ImageObject\",\"inLanguage\":\"fi\",\"@id\":\"https:\\\/\\\/homeofwool.com\\\/#\\\/schema\\\/logo\\\/image\\\/\",\"url\":\"https:\\\/\\\/homeofwool.com\\\/wp-content\\\/uploads\\\/2025\\\/09\\\/WhatsApp-Image-2025-12-02-at-16.23.20.jpeg\",\"contentUrl\":\"https:\\\/\\\/homeofwool.com\\\/wp-content\\\/uploads\\\/2025\\\/09\\\/WhatsApp-Image-2025-12-02-at-16.23.20.jpeg\",\"width\":700,\"height\":247,\"caption\":\"Home of Wool\"},\"image\":{\"@id\":\"https:\\\/\\\/homeofwool.com\\\/#\\\/schema\\\/logo\\\/image\\\/\"},\"sameAs\":[\"https:\\\/\\\/facebook.com\\\/HomeOfWoolOfficial\"]}]}<\/script>\n<!-- \/ Yoast SEO Premium plugin. -->","yoast_head_json":{"title":"Tasainen kudottu villamatto \u2013 k\u00e4sintehty, v\u00e4rj\u00e4\u00e4m\u00e4t\u00f6n, kemikaaliton | Home of Wool","description":"Kannettava ja k\u00e4sintehty taitettava villapatja on t\u00e4ytetty hengitt\u00e4v\u00e4ll\u00e4 orgaanisella villalla. Se on myrkyt\u00f6n ja tukeva ja tarjoaa kest\u00e4v\u00e4\u00e4 mukavuutta matkoille, vieraille tai p\u00e4ivitt\u00e4iseen k\u00e4ytt\u00f6\u00f6n.","robots":{"index":"index","follow":"follow","max-snippet":"max-snippet:-1","max-image-preview":"max-image-preview:large","max-video-preview":"max-video-preview:-1"},"canonical":"https:\/\/homeofwool.com\/fi\/shop\/tasokudottu-matto\/","og_locale":"fi_FI","og_type":"article","og_title":"Flat Woven Wool Rug","og_description":"Portable and handmade, the Foldable Wool Mattress features breathable organic wool filling. Toxin-free and supportive, it delivers sustainable comfort for travel, guests, or daily use.","og_url":"https:\/\/homeofwool.com\/fi\/shop\/tasokudottu-matto\/","og_site_name":"Home of Wool","article_publisher":"https:\/\/facebook.com\/HomeOfWoolOfficial","article_modified_time":"2026-02-11T13:01:38+00:00","og_image":[{"width":2400,"height":1920,"url":"https:\/\/homeofwool.com\/wp-content\/uploads\/2025\/09\/home-of-wool-flat-woven-wool-rug-1-main.jpg","type":"image\/jpeg"}],"twitter_card":"summary_large_image","twitter_misc":{"Arvioitu lukuaika":"1 minuutti"},"schema":{"@context":"https:\/\/schema.org","@graph":[{"@type":"WebPage","@id":"https:\/\/homeofwool.com\/shop\/flatwoven-rug\/","url":"https:\/\/homeofwool.com\/shop\/flatwoven-rug\/","name":"Tasainen kudottu villamatto \u2013 k\u00e4sintehty, v\u00e4rj\u00e4\u00e4m\u00e4t\u00f6n, kemikaaliton | Home of Wool","isPartOf":{"@id":"https:\/\/homeofwool.com\/#website"},"primaryImageOfPage":{"@id":"https:\/\/homeofwool.com\/shop\/flatwoven-rug\/#primaryimage"},"image":{"@id":"https:\/\/homeofwool.com\/shop\/flatwoven-rug\/#primaryimage"},"thumbnailUrl":"https:\/\/homeofwool.com\/wp-content\/uploads\/2025\/09\/home-of-wool-flat-woven-wool-rug-1-main.jpg","datePublished":"2025-09-02T12:00:57+00:00","dateModified":"2026-02-11T13:01:38+00:00","description":"Kannettava ja k\u00e4sintehty taitettava villapatja on t\u00e4ytetty hengitt\u00e4v\u00e4ll\u00e4 orgaanisella villalla. Se on myrkyt\u00f6n ja tukeva ja tarjoaa kest\u00e4v\u00e4\u00e4 mukavuutta matkoille, vieraille tai p\u00e4ivitt\u00e4iseen k\u00e4ytt\u00f6\u00f6n.","breadcrumb":{"@id":"https:\/\/homeofwool.com\/shop\/flatwoven-rug\/#breadcrumb"},"inLanguage":"fi","potentialAction":[{"@type":"ReadAction","target":["https:\/\/homeofwool.com\/shop\/flatwoven-rug\/"]}]},{"@type":"ImageObject","inLanguage":"fi","@id":"https:\/\/homeofwool.com\/shop\/flatwoven-rug\/#primaryimage","url":"https:\/\/homeofwool.com\/wp-content\/uploads\/2025\/09\/home-of-wool-flat-woven-wool-rug-1-main.jpg","contentUrl":"https:\/\/homeofwool.com\/wp-content\/uploads\/2025\/09\/home-of-wool-flat-woven-wool-rug-1-main.jpg","width":2400,"height":1920,"caption":"flat woven wool rug"},{"@type":"BreadcrumbList","@id":"https:\/\/homeofwool.com\/shop\/flatwoven-rug\/#breadcrumb","itemListElement":[{"@type":"ListItem","position":1,"name":"Home","item":"https:\/\/homeofwool.com\/"},{"@type":"ListItem","position":2,"name":"Products","item":"https:\/\/homeofwool.com\/header-search-2\/"},{"@type":"ListItem","position":3,"name":"Flat Woven Wool Rug"}]},{"@type":"WebSite","@id":"https:\/\/homeofwool.com\/#website","url":"https:\/\/homeofwool.com\/","name":"Villan koti","description":"","publisher":{"@id":"https:\/\/homeofwool.com\/#organization"},"potentialAction":[{"@type":"SearchAction","target":{"@type":"EntryPoint","urlTemplate":"https:\/\/homeofwool.com\/?s={search_term_string}"},"query-input":{"@type":"PropertyValueSpecification","valueRequired":true,"valueName":"search_term_string"}}],"inLanguage":"fi"},{"@type":"Organization","@id":"https:\/\/homeofwool.com\/#organization","name":"Villan koti","url":"https:\/\/homeofwool.com\/","logo":{"@type":"ImageObject","inLanguage":"fi","@id":"https:\/\/homeofwool.com\/#\/schema\/logo\/image\/","url":"https:\/\/homeofwool.com\/wp-content\/uploads\/2025\/09\/WhatsApp-Image-2025-12-02-at-16.23.20.jpeg","contentUrl":"https:\/\/homeofwool.com\/wp-content\/uploads\/2025\/09\/WhatsApp-Image-2025-12-02-at-16.23.20.jpeg","width":700,"height":247,"caption":"Home of Wool"},"image":{"@id":"https:\/\/homeofwool.com\/#\/schema\/logo\/image\/"},"sameAs":["https:\/\/facebook.com\/HomeOfWoolOfficial"]}]}},"_links":{"self":[{"href":"https:\/\/homeofwool.com\/fi\/wp-json\/wp\/v2\/product\/217559","targetHints":{"allow":["GET"]}}],"collection":[{"href":"https:\/\/homeofwool.com\/fi\/wp-json\/wp\/v2\/product"}],"about":[{"href":"https:\/\/homeofwool.com\/fi\/wp-json\/wp\/v2\/types\/product"}],"version-history":[{"count":2,"href":"https:\/\/homeofwool.com\/fi\/wp-json\/wp\/v2\/product\/217559\/revisions"}],"predecessor-version":[{"id":227788,"href":"https:\/\/homeofwool.com\/fi\/wp-json\/wp\/v2\/product\/217559\/revisions\/227788"}],"wp:featuredmedia":[{"embeddable":true,"href":"https:\/\/homeofwool.com\/fi\/wp-json\/wp\/v2\/media\/219656"}],"wp:attachment":[{"href":"https:\/\/homeofwool.com\/fi\/wp-json\/wp\/v2\/media?parent=217559"}],"wp:term":[{"taxonomy":"product_brand","embeddable":true,"href":"https:\/\/homeofwool.com\/fi\/wp-json\/wp\/v2\/product_brand?post=217559"},{"taxonomy":"product_cat","embeddable":true,"href":"https:\/\/homeofwool.com\/fi\/wp-json\/wp\/v2\/product_cat?post=217559"},{"taxonomy":"product_tag","embeddable":true,"href":"https:\/\/homeofwool.com\/fi\/wp-json\/wp\/v2\/product_tag?post=217559"}],"curies":[{"name":"wp","href":"https:\/\/api.w.org\/{rel}","templated":true}]}}