{"id":217550,"date":"2025-09-02T12:00:57","date_gmt":"2025-09-02T12:00:57","guid":{"rendered":"https:\/\/homeofwool.com\/?post_type=product&#038;p=217550"},"modified":"2026-02-11T10:35:42","modified_gmt":"2026-02-11T10:35:42","slug":"latakkosuojus","status":"publish","type":"product","link":"https:\/\/homeofwool.com\/fi\/shop\/puddle-pad-protector\/","title":{"rendered":"Villa pinnas\u00e4nky patja Protector"},"content":{"rendered":"<p>T\u00e4m\u00e4 orgaaninen alusmatto on suunniteltu vanhemmille, jotka haluavat turvallisia ja kest\u00e4vi\u00e4 nukkumisratkaisuja. Se tuo villan edut suoraan lapsesi pinnas\u00e4nkyyn tai pikkulasten s\u00e4nkyyn. Toisin kuin synteettiset suojat, se on kemikaaliton patjansuojus, joka antaa lapsesi lev\u00e4t\u00e4 ilman kaasup\u00e4\u00e4st\u00f6j\u00e4 tai piilevi\u00e4 myrkkyj\u00e4. Villa auttaa tasapainottamaan kehon l\u00e4mp\u00f6tilaa ja voi ime\u00e4 ylim\u00e4\u00e4r\u00e4ist\u00e4 kosteutta. N\u00e4in lapsesi pysyy mukavasti l\u00e4mpim\u00e4n\u00e4 ilman ylikuumenemista tai kosteuden tunnetta.<\/p>\n<p>T\u00e4m\u00e4 ymp\u00e4rist\u00f6yst\u00e4v\u00e4llinen s\u00e4ngynpeite tarjoaa my\u00f6s luonnollisen suojan p\u00f6lypunkkeja, hometta ja bakteereita vastaan, mik\u00e4 tekee siit\u00e4 huomaavaisen valinnan allergisille tai herkille lapsille. Joustavat hihnat auttavat pit\u00e4m\u00e4\u00e4n sen tukevasti paikallaan lakanan alla. Lis\u00e4\u00e4ksesi villapeitteen vedenpit\u00e4vyytt\u00e4, lanolisoi kangas, jolloin siit\u00e4 tulee eritt\u00e4in luotettava suoja y\u00f6llisi\u00e4 vahinkoja vastaan.<\/p>\n<p>Jokainen suojus on ommeltu uusiutuvista, biohajoavista kankaista. Se on huolellinen valinta, joka huolehtii sek\u00e4 lapsesi levosta ett\u00e4 maailmasta, jossa h\u00e4n kasvaa.<\/p>","protected":false},"excerpt":{"rendered":"<p>Anna lapsellesi luonnollisen patjansuojan mukavuus ja suojaa samalla h\u00e4nen s\u00e4nkyns\u00e4 vuotoilta ja y\u00f6llisilt\u00e4 vahingoilta. T\u00e4m\u00e4 k\u00e4sintehty villainen vuotosuoja lis\u00e4\u00e4 ylim\u00e4\u00e4r\u00e4isen kerroksen hengitt\u00e4v\u00e4\u00e4, l\u00e4mp\u00f6\u00e4 s\u00e4\u00e4telev\u00e4\u00e4 mukavuutta ja tarjoaa hell\u00e4varaisen mutta tehokkaan suojan pikkulasten s\u00e4ngyille, mik\u00e4 tukee syvemp\u00e4\u00e4 ja terveellisemp\u00e4\u00e4 unta.<\/p>\n<div class=\"global-icon-set\">\n<div class=\"global-icon-set__items\">\n<div class=\"global-icon-set__item\">\n<div class=\"global-icon-set__image\">\n                                    <img decoding=\"async\" src=\"https:\/\/homeofwool.com\/wp-content\/uploads\/2025\/09\/handmade-icon-300x300.png\" alt=\"k\u00e4sintehty kuvake\" \/>\n                                <\/div>\n<div class=\"global-icon-set__title\">K\u00e4sintehty<\/div>\n<\/p><\/div>\n<div class=\"global-icon-set__item\">\n<div class=\"global-icon-set__image\">\n                                    <img decoding=\"async\" src=\"https:\/\/homeofwool.com\/wp-content\/uploads\/2025\/09\/wicks-moisture-away-300x300.png\" alt=\"siirt\u00e4\u00e4 kosteutta pois\" \/>\n                                <\/div>\n<div class=\"global-icon-set__title\">Poistaa kosteutta<\/div>\n<\/p><\/div>\n<div class=\"global-icon-set__item\">\n<div class=\"global-icon-set__image\">\n                                    <img decoding=\"async\" src=\"https:\/\/homeofwool.com\/wp-content\/uploads\/2025\/09\/VOCs-min-300x300.png\" alt=\"vocs vapaa\" \/>\n                                <\/div>\n<div class=\"global-icon-set__title\">VOC-vapaa<\/div>\n<\/p><\/div>\n<div class=\"global-icon-set__item\">\n<div class=\"global-icon-set__image\">\n                                    <img decoding=\"async\" src=\"https:\/\/homeofwool.com\/wp-content\/uploads\/2025\/09\/FR-min-300x300.png\" alt=\"palonkest\u00e4v\u00e4 kuvake\" \/>\n                                <\/div>\n<div class=\"global-icon-set__title\">Liekinkest\u00e4v\u00e4<\/div>\n<\/p><\/div>\n<div class=\"global-icon-set__item\">\n<div class=\"global-icon-set__image\">\n                                    <img decoding=\"async\" src=\"https:\/\/homeofwool.com\/wp-content\/uploads\/2025\/09\/Hypoallergenic-min-300x300.png\" alt=\"hypoallergeeninen kuvake\" \/>\n                                <\/div>\n<div class=\"global-icon-set__title\">Hypoallergeeninen<\/div>\n<\/p><\/div>\n<div class=\"global-icon-set__item\">\n<div class=\"global-icon-set__image\">\n                                    <img decoding=\"async\" src=\"https:\/\/homeofwool.com\/wp-content\/uploads\/2025\/09\/free-of-synthetics-icon-300x300.png\" alt=\"synteettisi\u00e4 aineita sis\u00e4lt\u00e4m\u00e4t\u00f6n kuvake\" \/>\n                                <\/div>\n<div class=\"global-icon-set__title\">Vapaa synteettisist\u00e4 aineista<\/div>\n<\/p><\/div>\n<div class=\"global-icon-set__item\">\n<div class=\"global-icon-set__image\">\n                                    <img decoding=\"async\" src=\"https:\/\/homeofwool.com\/wp-content\/uploads\/2025\/09\/chemical-free-icon-300x300.png\" alt=\"kemikaalivapaa kuvake\" \/>\n                                <\/div>\n<div class=\"global-icon-set__title\">Kemikaalivapaa<\/div>\n<\/p><\/div>\n<div class=\"global-icon-set__item\">\n<div class=\"global-icon-set__image\">\n                                    <img decoding=\"async\" src=\"https:\/\/homeofwool.com\/wp-content\/uploads\/2025\/09\/anti-bacterial-icon-300x300.png\" alt=\"anti bakteeri kuvake\" \/>\n                                <\/div>\n<div class=\"global-icon-set__title\">Anti-mikrobinen &amp; antibakteerinen<\/div>\n<\/p><\/div>\n<div class=\"global-icon-set__item\">\n<div class=\"global-icon-set__image\">\n                                    <img decoding=\"async\" src=\"https:\/\/homeofwool.com\/wp-content\/uploads\/2025\/09\/certified-materials-icon-300x300.png\" alt=\"sertifioitujen materiaalien kuvake\" \/>\n                                <\/div>\n<div class=\"global-icon-set__title\">100% Puhtaat sertifioidut materiaalit<\/div>\n<\/p><\/div>\n<\/p><\/div>\n<\/p><\/div>","protected":false},"featured_media":219419,"template":"","meta":{"_acf_changed":false},"product_brand":[],"product_cat":[266,267,406],"product_tag":[504,505,410,506,149,507,508,509],"class_list":{"0":"post-217550","1":"product","2":"type-product","3":"status-publish","4":"has-post-thumbnail","6":"product_cat-baby-sleep-products","7":"product_cat-nursery","8":"product_cat-protectors-covers-sheets","9":"product_tag-crib-mattress-pad","10":"product_tag-crib-protector","11":"product_tag-mattress-protector","12":"product_tag-moisture-barrier","13":"product_tag-steps","14":"product_tag-stokke-size","15":"product_tag-stokke-sleepi-cover","16":"product_tag-wool-protector","18":"first","19":"instock","20":"shipping-taxable","21":"purchasable","22":"product-type-simple"},"acf":[],"yoast_head":"<!-- This site is optimized with the Yoast SEO Premium plugin v27.4 (Yoast SEO v27.4) - https:\/\/yoast.com\/product\/yoast-seo-premium-wordpress\/ -->\n<title>Crib Mattress Protector \u2013 Toddler Bed Protection | Home of Wool<\/title>\n<meta name=\"description\" content=\"Safe toddler bed protection starts with the Crib Mattress Protector. Made with breathable organic wool, it regulates temperature while providing toxin-free, hypoallergenic sleep comfort.\" \/>\n<meta name=\"robots\" content=\"index, follow, max-snippet:-1, max-image-preview:large, max-video-preview:-1\" \/>\n<link rel=\"canonical\" href=\"https:\/\/homeofwool.com\/fi\/shop\/latakkosuojus\/\" \/>\n<meta property=\"og:locale\" content=\"fi_FI\" \/>\n<meta property=\"og:type\" content=\"article\" \/>\n<meta property=\"og:title\" content=\"Wool Crib Mattress Protector\" \/>\n<meta property=\"og:description\" content=\"Safe toddler bed protection starts with the Crib Mattress Protector. Made with breathable organic wool, it regulates temperature while providing toxin-free, hypoallergenic sleep comfort.\" \/>\n<meta property=\"og:url\" content=\"https:\/\/homeofwool.com\/fi\/shop\/latakkosuojus\/\" \/>\n<meta property=\"og:site_name\" content=\"Home of Wool\" \/>\n<meta property=\"article:publisher\" content=\"https:\/\/facebook.com\/HomeOfWoolOfficial\" \/>\n<meta property=\"article:modified_time\" content=\"2026-02-11T10:35:42+00:00\" \/>\n<meta property=\"og:image\" content=\"https:\/\/homeofwool.com\/wp-content\/uploads\/2025\/09\/home-of-wool-wool-crib-mattress-protector-1-main.jpg\" \/>\n\t<meta property=\"og:image:width\" content=\"2000\" \/>\n\t<meta property=\"og:image:height\" content=\"1600\" \/>\n\t<meta property=\"og:image:type\" content=\"image\/jpeg\" \/>\n<meta name=\"twitter:card\" content=\"summary_large_image\" \/>\n<meta name=\"twitter:label1\" content=\"Arvioitu lukuaika\" \/>\n\t<meta name=\"twitter:data1\" content=\"1 minuutti\" \/>\n<script type=\"application\/ld+json\" class=\"yoast-schema-graph\">{\"@context\":\"https:\\\/\\\/schema.org\",\"@graph\":[{\"@type\":\"WebPage\",\"@id\":\"https:\\\/\\\/homeofwool.com\\\/shop\\\/puddle-pad-protector\\\/\",\"url\":\"https:\\\/\\\/homeofwool.com\\\/shop\\\/puddle-pad-protector\\\/\",\"name\":\"Crib Mattress Protector \u2013 Toddler Bed Protection | Home of Wool\",\"isPartOf\":{\"@id\":\"https:\\\/\\\/homeofwool.com\\\/#website\"},\"primaryImageOfPage\":{\"@id\":\"https:\\\/\\\/homeofwool.com\\\/shop\\\/puddle-pad-protector\\\/#primaryimage\"},\"image\":{\"@id\":\"https:\\\/\\\/homeofwool.com\\\/shop\\\/puddle-pad-protector\\\/#primaryimage\"},\"thumbnailUrl\":\"https:\\\/\\\/homeofwool.com\\\/wp-content\\\/uploads\\\/2025\\\/09\\\/home-of-wool-wool-crib-mattress-protector-1-main.jpg\",\"datePublished\":\"2025-09-02T12:00:57+00:00\",\"dateModified\":\"2026-02-11T10:35:42+00:00\",\"description\":\"Safe toddler bed protection starts with the Crib Mattress Protector. Made with breathable organic wool, it regulates temperature while providing toxin-free, hypoallergenic sleep comfort.\",\"breadcrumb\":{\"@id\":\"https:\\\/\\\/homeofwool.com\\\/shop\\\/puddle-pad-protector\\\/#breadcrumb\"},\"inLanguage\":\"fi\",\"potentialAction\":[{\"@type\":\"ReadAction\",\"target\":[\"https:\\\/\\\/homeofwool.com\\\/shop\\\/puddle-pad-protector\\\/\"]}]},{\"@type\":\"ImageObject\",\"inLanguage\":\"fi\",\"@id\":\"https:\\\/\\\/homeofwool.com\\\/shop\\\/puddle-pad-protector\\\/#primaryimage\",\"url\":\"https:\\\/\\\/homeofwool.com\\\/wp-content\\\/uploads\\\/2025\\\/09\\\/home-of-wool-wool-crib-mattress-protector-1-main.jpg\",\"contentUrl\":\"https:\\\/\\\/homeofwool.com\\\/wp-content\\\/uploads\\\/2025\\\/09\\\/home-of-wool-wool-crib-mattress-protector-1-main.jpg\",\"width\":2000,\"height\":1600,\"caption\":\"wool crib mattress protector\"},{\"@type\":\"BreadcrumbList\",\"@id\":\"https:\\\/\\\/homeofwool.com\\\/shop\\\/puddle-pad-protector\\\/#breadcrumb\",\"itemListElement\":[{\"@type\":\"ListItem\",\"position\":1,\"name\":\"Home\",\"item\":\"https:\\\/\\\/homeofwool.com\\\/\"},{\"@type\":\"ListItem\",\"position\":2,\"name\":\"Products\",\"item\":\"https:\\\/\\\/homeofwool.com\\\/header-search-2\\\/\"},{\"@type\":\"ListItem\",\"position\":3,\"name\":\"Wool Crib Mattress Protector\"}]},{\"@type\":\"WebSite\",\"@id\":\"https:\\\/\\\/homeofwool.com\\\/#website\",\"url\":\"https:\\\/\\\/homeofwool.com\\\/\",\"name\":\"Home of Wool\",\"description\":\"\",\"publisher\":{\"@id\":\"https:\\\/\\\/homeofwool.com\\\/#organization\"},\"potentialAction\":[{\"@type\":\"SearchAction\",\"target\":{\"@type\":\"EntryPoint\",\"urlTemplate\":\"https:\\\/\\\/homeofwool.com\\\/?s={search_term_string}\"},\"query-input\":{\"@type\":\"PropertyValueSpecification\",\"valueRequired\":true,\"valueName\":\"search_term_string\"}}],\"inLanguage\":\"fi\"},{\"@type\":\"Organization\",\"@id\":\"https:\\\/\\\/homeofwool.com\\\/#organization\",\"name\":\"Home of Wool\",\"url\":\"https:\\\/\\\/homeofwool.com\\\/\",\"logo\":{\"@type\":\"ImageObject\",\"inLanguage\":\"fi\",\"@id\":\"https:\\\/\\\/homeofwool.com\\\/#\\\/schema\\\/logo\\\/image\\\/\",\"url\":\"https:\\\/\\\/homeofwool.com\\\/wp-content\\\/uploads\\\/2025\\\/09\\\/WhatsApp-Image-2025-12-02-at-16.23.20.jpeg\",\"contentUrl\":\"https:\\\/\\\/homeofwool.com\\\/wp-content\\\/uploads\\\/2025\\\/09\\\/WhatsApp-Image-2025-12-02-at-16.23.20.jpeg\",\"width\":700,\"height\":247,\"caption\":\"Home of Wool\"},\"image\":{\"@id\":\"https:\\\/\\\/homeofwool.com\\\/#\\\/schema\\\/logo\\\/image\\\/\"},\"sameAs\":[\"https:\\\/\\\/facebook.com\\\/HomeOfWoolOfficial\"]}]}<\/script>\n<!-- \/ Yoast SEO Premium plugin. -->","yoast_head_json":{"title":"Pinnas\u00e4ngyn patjansuojus \u2013 Pikkulasten s\u00e4ngyn suojaus | Home of Wool","description":"Turvallinen pikkulasten s\u00e4ngyn suojaus alkaa Crib Mattress Protector -s\u00e4ngynsuojalla. Hengitt\u00e4v\u00e4st\u00e4 orgaanisesta villasta valmistettu suojus s\u00e4\u00e4telee l\u00e4mp\u00f6tilaa ja tarjoaa myrkytt\u00f6m\u00e4n, hypoallergeenisen nukkumismukavuuden.","robots":{"index":"index","follow":"follow","max-snippet":"max-snippet:-1","max-image-preview":"max-image-preview:large","max-video-preview":"max-video-preview:-1"},"canonical":"https:\/\/homeofwool.com\/fi\/shop\/latakkosuojus\/","og_locale":"fi_FI","og_type":"article","og_title":"Wool Crib Mattress Protector","og_description":"Safe toddler bed protection starts with the Crib Mattress Protector. Made with breathable organic wool, it regulates temperature while providing toxin-free, hypoallergenic sleep comfort.","og_url":"https:\/\/homeofwool.com\/fi\/shop\/latakkosuojus\/","og_site_name":"Home of Wool","article_publisher":"https:\/\/facebook.com\/HomeOfWoolOfficial","article_modified_time":"2026-02-11T10:35:42+00:00","og_image":[{"width":2000,"height":1600,"url":"https:\/\/homeofwool.com\/wp-content\/uploads\/2025\/09\/home-of-wool-wool-crib-mattress-protector-1-main.jpg","type":"image\/jpeg"}],"twitter_card":"summary_large_image","twitter_misc":{"Arvioitu lukuaika":"1 minuutti"},"schema":{"@context":"https:\/\/schema.org","@graph":[{"@type":"WebPage","@id":"https:\/\/homeofwool.com\/shop\/puddle-pad-protector\/","url":"https:\/\/homeofwool.com\/shop\/puddle-pad-protector\/","name":"Pinnas\u00e4ngyn patjansuojus \u2013 Pikkulasten s\u00e4ngyn suojaus | Home of Wool","isPartOf":{"@id":"https:\/\/homeofwool.com\/#website"},"primaryImageOfPage":{"@id":"https:\/\/homeofwool.com\/shop\/puddle-pad-protector\/#primaryimage"},"image":{"@id":"https:\/\/homeofwool.com\/shop\/puddle-pad-protector\/#primaryimage"},"thumbnailUrl":"https:\/\/homeofwool.com\/wp-content\/uploads\/2025\/09\/home-of-wool-wool-crib-mattress-protector-1-main.jpg","datePublished":"2025-09-02T12:00:57+00:00","dateModified":"2026-02-11T10:35:42+00:00","description":"Turvallinen pikkulasten s\u00e4ngyn suojaus alkaa Crib Mattress Protector -s\u00e4ngynsuojalla. Hengitt\u00e4v\u00e4st\u00e4 orgaanisesta villasta valmistettu suojus s\u00e4\u00e4telee l\u00e4mp\u00f6tilaa ja tarjoaa myrkytt\u00f6m\u00e4n, hypoallergeenisen nukkumismukavuuden.","breadcrumb":{"@id":"https:\/\/homeofwool.com\/shop\/puddle-pad-protector\/#breadcrumb"},"inLanguage":"fi","potentialAction":[{"@type":"ReadAction","target":["https:\/\/homeofwool.com\/shop\/puddle-pad-protector\/"]}]},{"@type":"ImageObject","inLanguage":"fi","@id":"https:\/\/homeofwool.com\/shop\/puddle-pad-protector\/#primaryimage","url":"https:\/\/homeofwool.com\/wp-content\/uploads\/2025\/09\/home-of-wool-wool-crib-mattress-protector-1-main.jpg","contentUrl":"https:\/\/homeofwool.com\/wp-content\/uploads\/2025\/09\/home-of-wool-wool-crib-mattress-protector-1-main.jpg","width":2000,"height":1600,"caption":"wool crib mattress protector"},{"@type":"BreadcrumbList","@id":"https:\/\/homeofwool.com\/shop\/puddle-pad-protector\/#breadcrumb","itemListElement":[{"@type":"ListItem","position":1,"name":"Home","item":"https:\/\/homeofwool.com\/"},{"@type":"ListItem","position":2,"name":"Products","item":"https:\/\/homeofwool.com\/header-search-2\/"},{"@type":"ListItem","position":3,"name":"Wool Crib Mattress Protector"}]},{"@type":"WebSite","@id":"https:\/\/homeofwool.com\/#website","url":"https:\/\/homeofwool.com\/","name":"Villan koti","description":"","publisher":{"@id":"https:\/\/homeofwool.com\/#organization"},"potentialAction":[{"@type":"SearchAction","target":{"@type":"EntryPoint","urlTemplate":"https:\/\/homeofwool.com\/?s={search_term_string}"},"query-input":{"@type":"PropertyValueSpecification","valueRequired":true,"valueName":"search_term_string"}}],"inLanguage":"fi"},{"@type":"Organization","@id":"https:\/\/homeofwool.com\/#organization","name":"Villan koti","url":"https:\/\/homeofwool.com\/","logo":{"@type":"ImageObject","inLanguage":"fi","@id":"https:\/\/homeofwool.com\/#\/schema\/logo\/image\/","url":"https:\/\/homeofwool.com\/wp-content\/uploads\/2025\/09\/WhatsApp-Image-2025-12-02-at-16.23.20.jpeg","contentUrl":"https:\/\/homeofwool.com\/wp-content\/uploads\/2025\/09\/WhatsApp-Image-2025-12-02-at-16.23.20.jpeg","width":700,"height":247,"caption":"Home of Wool"},"image":{"@id":"https:\/\/homeofwool.com\/#\/schema\/logo\/image\/"},"sameAs":["https:\/\/facebook.com\/HomeOfWoolOfficial"]}]}},"_links":{"self":[{"href":"https:\/\/homeofwool.com\/fi\/wp-json\/wp\/v2\/product\/217550","targetHints":{"allow":["GET"]}}],"collection":[{"href":"https:\/\/homeofwool.com\/fi\/wp-json\/wp\/v2\/product"}],"about":[{"href":"https:\/\/homeofwool.com\/fi\/wp-json\/wp\/v2\/types\/product"}],"version-history":[{"count":1,"href":"https:\/\/homeofwool.com\/fi\/wp-json\/wp\/v2\/product\/217550\/revisions"}],"predecessor-version":[{"id":226730,"href":"https:\/\/homeofwool.com\/fi\/wp-json\/wp\/v2\/product\/217550\/revisions\/226730"}],"wp:featuredmedia":[{"embeddable":true,"href":"https:\/\/homeofwool.com\/fi\/wp-json\/wp\/v2\/media\/219419"}],"wp:attachment":[{"href":"https:\/\/homeofwool.com\/fi\/wp-json\/wp\/v2\/media?parent=217550"}],"wp:term":[{"taxonomy":"product_brand","embeddable":true,"href":"https:\/\/homeofwool.com\/fi\/wp-json\/wp\/v2\/product_brand?post=217550"},{"taxonomy":"product_cat","embeddable":true,"href":"https:\/\/homeofwool.com\/fi\/wp-json\/wp\/v2\/product_cat?post=217550"},{"taxonomy":"product_tag","embeddable":true,"href":"https:\/\/homeofwool.com\/fi\/wp-json\/wp\/v2\/product_tag?post=217550"}],"curies":[{"name":"wp","href":"https:\/\/api.w.org\/{rel}","templated":true}]}}