{"id":217545,"date":"2025-09-02T12:00:57","date_gmt":"2025-09-02T12:00:57","guid":{"rendered":"https:\/\/homeofwool.com\/?post_type=product&#038;p=217545"},"modified":"2026-04-09T11:34:27","modified_gmt":"2026-04-09T11:34:27","slug":"vauvan-leikkimatto","status":"publish","type":"product","link":"https:\/\/homeofwool.com\/fi\/shop\/baby-play-mat\/","title":{"rendered":"Villa vauvan leikkimatto"},"content":{"rendered":"<p>Viihtyis\u00e4 ja turvallinen leikkitila alkaa oikealla leikkimatolla. Tutustu vastasyntyneille tarkoitettuun t\u00e4ysin luonnolliseen ja tukevaan leikkimattoon. Olipa kyse sitten voimistelusta, vauvahieronnasta, py\u00f6rimisest\u00e4 tai ensimm\u00e4isest\u00e4 pienest\u00e4 ry\u00f6mimisest\u00e4, t\u00e4m\u00e4 vatsa-aikaan tarkoitettu villamatto on suunniteltu tukemaan jokaista virstanpylv\u00e4st\u00e4. K\u00e4sity\u00f6n\u00e4 luonnonmukaisesta, hengitt\u00e4v\u00e4st\u00e4 villapatjasta ja luonnonkankaista valmistetut Home of Wool-vauvojen leikkimatot sopivat t\u00e4ydellisesti p\u00e4ivitt\u00e4iseen k\u00e4ytt\u00f6\u00f6n.<\/p>\n<p>Jokaisessa lasten leikkimatossa on optimaalinen paksuus orgaanista villaa, joka tukee pikkuista leikin, levon ja kaiken silt\u00e4 v\u00e4lilt\u00e4. Matossa on irrotettava p\u00e4\u00e4llinen helppoa pesua ja hoitoa varten. Villa s\u00e4\u00e4telee luonnollisesti l\u00e4mp\u00f6tilaa ja kosteutta, joten lasten leikkimatto tuntuu viile\u00e4lt\u00e4 kes\u00e4ll\u00e4 ja kodikkaalta talvella. Ei en\u00e4\u00e4 huolta koleasta lattiasta.<\/p>\n<p>T\u00e4m\u00e4n vatsamatto on luonnollisen koostumuksensa ansiosta allergiatestattu ja myrkyt\u00f6n. Se ei sis\u00e4ll\u00e4 synteettisi\u00e4 aineita, liimoja tai kemiallisia k\u00e4sittelyj\u00e4. Se on puhdas ja viihtyis\u00e4 pinta, jossa vauvasi voi kieriskell\u00e4, venytell\u00e4 ja leikki\u00e4 vaivattomasti.<\/p>","protected":false},"excerpt":{"rendered":"<p>Luo pehme\u00e4 ja hoitava leikkitila t\u00e4ll\u00e4 t\u00e4ysin luonnollisella lasten leikkimatolla, joka on suunniteltu tukemaan vauvasi varhaisimpia hetki\u00e4. Se sopii t\u00e4ydellisesti vastasyntyneen leikkimatoksi ja tarjoaa lempe\u00e4n pehmustuksen vatsant\u00e4ytteeseen ja py\u00f6rimiseen. K\u00e4sintehty puhtaasta villasta ja luonnonkankaista, se luo pehme\u00e4n, hengitt\u00e4v\u00e4n tilan, jossa vauva voi turvallisesti tutkia. Se on my\u00f6s t\u00e4ysin muokattavissa! Voimme tehd\u00e4 siit\u00e4 niin suuren kuin lapsesi tarvitsevat.<\/p>\n<div class=\"global-icon-set\">\n<div class=\"global-icon-set__items\">\n<div class=\"global-icon-set__item\">\n<div class=\"global-icon-set__image\">\n                                    <img decoding=\"async\" src=\"https:\/\/homeofwool.com\/wp-content\/uploads\/2025\/09\/handmade-icon-300x300.png\" alt=\"k\u00e4sintehty kuvake\" \/>\n                                <\/div>\n<div class=\"global-icon-set__title\">K\u00e4sintehty<\/div>\n<\/p><\/div>\n<div class=\"global-icon-set__item\">\n<div class=\"global-icon-set__image\">\n                                    <img decoding=\"async\" src=\"https:\/\/homeofwool.com\/wp-content\/uploads\/2025\/09\/VOCs-min-300x300.png\" alt=\"vocs vapaa\" \/>\n                                <\/div>\n<div class=\"global-icon-set__title\">VOC-vapaa<\/div>\n<\/p><\/div>\n<div class=\"global-icon-set__item\">\n<div class=\"global-icon-set__image\">\n                                    <img decoding=\"async\" src=\"https:\/\/homeofwool.com\/wp-content\/uploads\/2025\/09\/FR-min-300x300.png\" alt=\"palonkest\u00e4v\u00e4 kuvake\" \/>\n                                <\/div>\n<div class=\"global-icon-set__title\">Liekinkest\u00e4v\u00e4<\/div>\n<\/p><\/div>\n<div class=\"global-icon-set__item\">\n<div class=\"global-icon-set__image\">\n                                    <img decoding=\"async\" src=\"https:\/\/homeofwool.com\/wp-content\/uploads\/2025\/09\/Hypoallergenic-min-300x300.png\" alt=\"hypoallergeeninen kuvake\" \/>\n                                <\/div>\n<div class=\"global-icon-set__title\">Hypoallergeeninen<\/div>\n<\/p><\/div>\n<div class=\"global-icon-set__item\">\n<div class=\"global-icon-set__image\">\n                                    <img decoding=\"async\" src=\"https:\/\/homeofwool.com\/wp-content\/uploads\/2025\/09\/free-of-synthetics-icon-300x300.png\" alt=\"synteettisi\u00e4 aineita sis\u00e4lt\u00e4m\u00e4t\u00f6n kuvake\" \/>\n                                <\/div>\n<div class=\"global-icon-set__title\">Vapaa synteettisist\u00e4 aineista<\/div>\n<\/p><\/div>\n<div class=\"global-icon-set__item\">\n<div class=\"global-icon-set__image\">\n                                    <img decoding=\"async\" src=\"https:\/\/homeofwool.com\/wp-content\/uploads\/2025\/09\/chemical-free-icon-300x300.png\" alt=\"kemikaalivapaa kuvake\" \/>\n                                <\/div>\n<div class=\"global-icon-set__title\">Kemikaalivapaa<\/div>\n<\/p><\/div>\n<div class=\"global-icon-set__item\">\n<div class=\"global-icon-set__image\">\n                                    <img decoding=\"async\" src=\"https:\/\/homeofwool.com\/wp-content\/uploads\/2025\/09\/anti-bacterial-icon-300x300.png\" alt=\"anti bakteeri kuvake\" \/>\n                                <\/div>\n<div class=\"global-icon-set__title\">Anti-mikrobinen &amp; antibakteerinen<\/div>\n<\/p><\/div>\n<div class=\"global-icon-set__item\">\n<div class=\"global-icon-set__image\">\n                                    <img decoding=\"async\" src=\"https:\/\/homeofwool.com\/wp-content\/uploads\/2025\/09\/certified-materials-icon-300x300.png\" alt=\"sertifioitujen materiaalien kuvake\" \/>\n                                <\/div>\n<div class=\"global-icon-set__title\">100% Puhtaat sertifioidut materiaalit<\/div>\n<\/p><\/div>\n<\/p><\/div>\n<\/p><\/div>","protected":false},"featured_media":228361,"template":"","meta":{"_acf_changed":false},"product_brand":[],"product_cat":[265],"product_tag":[510,511,512,513,514,515,516,517,518,519,520,521,522,149,523],"class_list":{"0":"post-217545","1":"product","2":"type-product","3":"status-publish","4":"has-post-thumbnail","6":"product_cat-playtime","7":"product_tag-baby-floor-mat","8":"product_tag-baby-gym","9":"product_tag-baby-play-gym","10":"product_tag-baby-play-mat-foldable","11":"product_tag-baby-playmat","12":"product_tag-baby-shower","13":"product_tag-baby-travel","14":"product_tag-childrens-play-mat","15":"product_tag-crawling-mat","16":"product_tag-infant-activity-mat","17":"product_tag-montessori-baby","18":"product_tag-newborn-present","19":"product_tag-organic-baby","20":"product_tag-steps","21":"product_tag-tummy-time","23":"first","24":"instock","25":"shipping-taxable","26":"purchasable","27":"product-type-simple"},"acf":[],"yoast_head":"<!-- This site is optimized with the Yoast SEO Premium plugin v27.3 (Yoast SEO v27.3) - https:\/\/yoast.com\/product\/yoast-seo-premium-wordpress\/ -->\n<title>Baby Play Mat \u2013 Hypoallergenic Comfort | Home of Wool<\/title>\n<meta name=\"description\" content=\"Safe and breathable, the Baby Play Mat is filled with organic wool. Hypoallergenic and toxin-free, it offers sustainable comfort and protection for infants and toddlers at play.\" \/>\n<meta name=\"robots\" content=\"index, follow, max-snippet:-1, max-image-preview:large, max-video-preview:-1\" \/>\n<link rel=\"canonical\" href=\"https:\/\/homeofwool.com\/fi\/shop\/vauvan-leikkimatto\/\" \/>\n<meta property=\"og:locale\" content=\"fi_FI\" \/>\n<meta property=\"og:type\" content=\"article\" \/>\n<meta property=\"og:title\" content=\"Wool Baby Play Mat\" \/>\n<meta property=\"og:description\" content=\"Safe and breathable, the Baby Play Mat is filled with organic wool. Hypoallergenic and toxin-free, it offers sustainable comfort and protection for infants and toddlers at play.\" \/>\n<meta property=\"og:url\" content=\"https:\/\/homeofwool.com\/fi\/shop\/vauvan-leikkimatto\/\" \/>\n<meta property=\"og:site_name\" content=\"Home of Wool\" \/>\n<meta property=\"article:publisher\" content=\"https:\/\/facebook.com\/HomeOfWoolOfficial\" \/>\n<meta property=\"article:modified_time\" content=\"2026-04-09T11:34:27+00:00\" \/>\n<meta property=\"og:image\" content=\"https:\/\/homeofwool.com\/wp-content\/uploads\/2025\/09\/home-of-wool-wool-baby-play-mat.jpg\" \/>\n\t<meta property=\"og:image:width\" content=\"1878\" \/>\n\t<meta property=\"og:image:height\" content=\"1494\" \/>\n\t<meta property=\"og:image:type\" content=\"image\/jpeg\" \/>\n<meta name=\"twitter:card\" content=\"summary_large_image\" \/>\n<meta name=\"twitter:label1\" content=\"Arvioitu lukuaika\" \/>\n\t<meta name=\"twitter:data1\" content=\"1 minuutti\" \/>\n<script type=\"application\/ld+json\" class=\"yoast-schema-graph\">{\"@context\":\"https:\\\/\\\/schema.org\",\"@graph\":[{\"@type\":\"WebPage\",\"@id\":\"https:\\\/\\\/homeofwool.com\\\/shop\\\/baby-play-mat\\\/\",\"url\":\"https:\\\/\\\/homeofwool.com\\\/shop\\\/baby-play-mat\\\/\",\"name\":\"Baby Play Mat \u2013 Hypoallergenic Comfort | Home of Wool\",\"isPartOf\":{\"@id\":\"https:\\\/\\\/homeofwool.com\\\/#website\"},\"primaryImageOfPage\":{\"@id\":\"https:\\\/\\\/homeofwool.com\\\/shop\\\/baby-play-mat\\\/#primaryimage\"},\"image\":{\"@id\":\"https:\\\/\\\/homeofwool.com\\\/shop\\\/baby-play-mat\\\/#primaryimage\"},\"thumbnailUrl\":\"https:\\\/\\\/homeofwool.com\\\/wp-content\\\/uploads\\\/2025\\\/09\\\/home-of-wool-wool-baby-play-mat.jpg\",\"datePublished\":\"2025-09-02T12:00:57+00:00\",\"dateModified\":\"2026-04-09T11:34:27+00:00\",\"description\":\"Safe and breathable, the Baby Play Mat is filled with organic wool. Hypoallergenic and toxin-free, it offers sustainable comfort and protection for infants and toddlers at play.\",\"breadcrumb\":{\"@id\":\"https:\\\/\\\/homeofwool.com\\\/shop\\\/baby-play-mat\\\/#breadcrumb\"},\"inLanguage\":\"fi\",\"potentialAction\":[{\"@type\":\"ReadAction\",\"target\":[\"https:\\\/\\\/homeofwool.com\\\/shop\\\/baby-play-mat\\\/\"]}]},{\"@type\":\"ImageObject\",\"inLanguage\":\"fi\",\"@id\":\"https:\\\/\\\/homeofwool.com\\\/shop\\\/baby-play-mat\\\/#primaryimage\",\"url\":\"https:\\\/\\\/homeofwool.com\\\/wp-content\\\/uploads\\\/2025\\\/09\\\/home-of-wool-wool-baby-play-mat.jpg\",\"contentUrl\":\"https:\\\/\\\/homeofwool.com\\\/wp-content\\\/uploads\\\/2025\\\/09\\\/home-of-wool-wool-baby-play-mat.jpg\",\"width\":1878,\"height\":1494,\"caption\":\"baby playing on a round wool play mat\"},{\"@type\":\"BreadcrumbList\",\"@id\":\"https:\\\/\\\/homeofwool.com\\\/shop\\\/baby-play-mat\\\/#breadcrumb\",\"itemListElement\":[{\"@type\":\"ListItem\",\"position\":1,\"name\":\"Home\",\"item\":\"https:\\\/\\\/homeofwool.com\\\/\"},{\"@type\":\"ListItem\",\"position\":2,\"name\":\"Products\",\"item\":\"https:\\\/\\\/homeofwool.com\\\/header-search-2\\\/\"},{\"@type\":\"ListItem\",\"position\":3,\"name\":\"Wool Baby Play Mat\"}]},{\"@type\":\"WebSite\",\"@id\":\"https:\\\/\\\/homeofwool.com\\\/#website\",\"url\":\"https:\\\/\\\/homeofwool.com\\\/\",\"name\":\"Home of Wool\",\"description\":\"\",\"publisher\":{\"@id\":\"https:\\\/\\\/homeofwool.com\\\/#organization\"},\"potentialAction\":[{\"@type\":\"SearchAction\",\"target\":{\"@type\":\"EntryPoint\",\"urlTemplate\":\"https:\\\/\\\/homeofwool.com\\\/?s={search_term_string}\"},\"query-input\":{\"@type\":\"PropertyValueSpecification\",\"valueRequired\":true,\"valueName\":\"search_term_string\"}}],\"inLanguage\":\"fi\"},{\"@type\":\"Organization\",\"@id\":\"https:\\\/\\\/homeofwool.com\\\/#organization\",\"name\":\"Home of Wool\",\"url\":\"https:\\\/\\\/homeofwool.com\\\/\",\"logo\":{\"@type\":\"ImageObject\",\"inLanguage\":\"fi\",\"@id\":\"https:\\\/\\\/homeofwool.com\\\/#\\\/schema\\\/logo\\\/image\\\/\",\"url\":\"https:\\\/\\\/homeofwool.com\\\/wp-content\\\/uploads\\\/2025\\\/09\\\/WhatsApp-Image-2025-12-02-at-16.23.20.jpeg\",\"contentUrl\":\"https:\\\/\\\/homeofwool.com\\\/wp-content\\\/uploads\\\/2025\\\/09\\\/WhatsApp-Image-2025-12-02-at-16.23.20.jpeg\",\"width\":700,\"height\":247,\"caption\":\"Home of Wool\"},\"image\":{\"@id\":\"https:\\\/\\\/homeofwool.com\\\/#\\\/schema\\\/logo\\\/image\\\/\"},\"sameAs\":[\"https:\\\/\\\/facebook.com\\\/HomeOfWoolOfficial\"]}]}<\/script>\n<!-- \/ Yoast SEO Premium plugin. -->","yoast_head_json":{"title":"Vauvan leikkimatto - Hypoallergeeninen Comfort | Home of Wool","description":"Turvallinen ja hengitt\u00e4v\u00e4 vauvan leikkimatto on t\u00e4ytetty luomuvillalla. Hypoallergeeninen ja myrkyt\u00f6n, se tarjoaa kest\u00e4v\u00e4\u00e4 mukavuutta ja suojaa imev\u00e4isille ja pikkulapsille leikkiess\u00e4.","robots":{"index":"index","follow":"follow","max-snippet":"max-snippet:-1","max-image-preview":"max-image-preview:large","max-video-preview":"max-video-preview:-1"},"canonical":"https:\/\/homeofwool.com\/fi\/shop\/vauvan-leikkimatto\/","og_locale":"fi_FI","og_type":"article","og_title":"Wool Baby Play Mat","og_description":"Safe and breathable, the Baby Play Mat is filled with organic wool. Hypoallergenic and toxin-free, it offers sustainable comfort and protection for infants and toddlers at play.","og_url":"https:\/\/homeofwool.com\/fi\/shop\/vauvan-leikkimatto\/","og_site_name":"Home of Wool","article_publisher":"https:\/\/facebook.com\/HomeOfWoolOfficial","article_modified_time":"2026-04-09T11:34:27+00:00","og_image":[{"width":1878,"height":1494,"url":"https:\/\/homeofwool.com\/wp-content\/uploads\/2025\/09\/home-of-wool-wool-baby-play-mat.jpg","type":"image\/jpeg"}],"twitter_card":"summary_large_image","twitter_misc":{"Arvioitu lukuaika":"1 minuutti"},"schema":{"@context":"https:\/\/schema.org","@graph":[{"@type":"WebPage","@id":"https:\/\/homeofwool.com\/shop\/baby-play-mat\/","url":"https:\/\/homeofwool.com\/shop\/baby-play-mat\/","name":"Vauvan leikkimatto - Hypoallergeeninen Comfort | Home of Wool","isPartOf":{"@id":"https:\/\/homeofwool.com\/#website"},"primaryImageOfPage":{"@id":"https:\/\/homeofwool.com\/shop\/baby-play-mat\/#primaryimage"},"image":{"@id":"https:\/\/homeofwool.com\/shop\/baby-play-mat\/#primaryimage"},"thumbnailUrl":"https:\/\/homeofwool.com\/wp-content\/uploads\/2025\/09\/home-of-wool-wool-baby-play-mat.jpg","datePublished":"2025-09-02T12:00:57+00:00","dateModified":"2026-04-09T11:34:27+00:00","description":"Turvallinen ja hengitt\u00e4v\u00e4 vauvan leikkimatto on t\u00e4ytetty luomuvillalla. Hypoallergeeninen ja myrkyt\u00f6n, se tarjoaa kest\u00e4v\u00e4\u00e4 mukavuutta ja suojaa imev\u00e4isille ja pikkulapsille leikkiess\u00e4.","breadcrumb":{"@id":"https:\/\/homeofwool.com\/shop\/baby-play-mat\/#breadcrumb"},"inLanguage":"fi","potentialAction":[{"@type":"ReadAction","target":["https:\/\/homeofwool.com\/shop\/baby-play-mat\/"]}]},{"@type":"ImageObject","inLanguage":"fi","@id":"https:\/\/homeofwool.com\/shop\/baby-play-mat\/#primaryimage","url":"https:\/\/homeofwool.com\/wp-content\/uploads\/2025\/09\/home-of-wool-wool-baby-play-mat.jpg","contentUrl":"https:\/\/homeofwool.com\/wp-content\/uploads\/2025\/09\/home-of-wool-wool-baby-play-mat.jpg","width":1878,"height":1494,"caption":"baby playing on a round wool play mat"},{"@type":"BreadcrumbList","@id":"https:\/\/homeofwool.com\/shop\/baby-play-mat\/#breadcrumb","itemListElement":[{"@type":"ListItem","position":1,"name":"Home","item":"https:\/\/homeofwool.com\/"},{"@type":"ListItem","position":2,"name":"Products","item":"https:\/\/homeofwool.com\/header-search-2\/"},{"@type":"ListItem","position":3,"name":"Wool Baby Play Mat"}]},{"@type":"WebSite","@id":"https:\/\/homeofwool.com\/#website","url":"https:\/\/homeofwool.com\/","name":"Villan koti","description":"","publisher":{"@id":"https:\/\/homeofwool.com\/#organization"},"potentialAction":[{"@type":"SearchAction","target":{"@type":"EntryPoint","urlTemplate":"https:\/\/homeofwool.com\/?s={search_term_string}"},"query-input":{"@type":"PropertyValueSpecification","valueRequired":true,"valueName":"search_term_string"}}],"inLanguage":"fi"},{"@type":"Organization","@id":"https:\/\/homeofwool.com\/#organization","name":"Villan koti","url":"https:\/\/homeofwool.com\/","logo":{"@type":"ImageObject","inLanguage":"fi","@id":"https:\/\/homeofwool.com\/#\/schema\/logo\/image\/","url":"https:\/\/homeofwool.com\/wp-content\/uploads\/2025\/09\/WhatsApp-Image-2025-12-02-at-16.23.20.jpeg","contentUrl":"https:\/\/homeofwool.com\/wp-content\/uploads\/2025\/09\/WhatsApp-Image-2025-12-02-at-16.23.20.jpeg","width":700,"height":247,"caption":"Home of Wool"},"image":{"@id":"https:\/\/homeofwool.com\/#\/schema\/logo\/image\/"},"sameAs":["https:\/\/facebook.com\/HomeOfWoolOfficial"]}]}},"_links":{"self":[{"href":"https:\/\/homeofwool.com\/fi\/wp-json\/wp\/v2\/product\/217545","targetHints":{"allow":["GET"]}}],"collection":[{"href":"https:\/\/homeofwool.com\/fi\/wp-json\/wp\/v2\/product"}],"about":[{"href":"https:\/\/homeofwool.com\/fi\/wp-json\/wp\/v2\/types\/product"}],"version-history":[{"count":2,"href":"https:\/\/homeofwool.com\/fi\/wp-json\/wp\/v2\/product\/217545\/revisions"}],"predecessor-version":[{"id":228353,"href":"https:\/\/homeofwool.com\/fi\/wp-json\/wp\/v2\/product\/217545\/revisions\/228353"}],"wp:featuredmedia":[{"embeddable":true,"href":"https:\/\/homeofwool.com\/fi\/wp-json\/wp\/v2\/media\/228361"}],"wp:attachment":[{"href":"https:\/\/homeofwool.com\/fi\/wp-json\/wp\/v2\/media?parent=217545"}],"wp:term":[{"taxonomy":"product_brand","embeddable":true,"href":"https:\/\/homeofwool.com\/fi\/wp-json\/wp\/v2\/product_brand?post=217545"},{"taxonomy":"product_cat","embeddable":true,"href":"https:\/\/homeofwool.com\/fi\/wp-json\/wp\/v2\/product_cat?post=217545"},{"taxonomy":"product_tag","embeddable":true,"href":"https:\/\/homeofwool.com\/fi\/wp-json\/wp\/v2\/product_tag?post=217545"}],"curies":[{"name":"wp","href":"https:\/\/api.w.org\/{rel}","templated":true}]}}