{"id":217544,"date":"2025-09-02T12:00:57","date_gmt":"2025-09-02T12:00:57","guid":{"rendered":"https:\/\/homeofwool.com\/?post_type=product&#038;p=217544"},"modified":"2026-02-05T15:33:37","modified_gmt":"2026-02-05T15:33:37","slug":"matkustusteline","status":"publish","type":"product","link":"https:\/\/homeofwool.com\/fi\/shop\/travel-changing-mat\/","title":{"rendered":"Kannettava vaihtotaso"},"content":{"rendered":"<p>Jokainen vanhempi tarvitsee turvallisen ja mukavan paikan vaippojen vaihtoon, ja t\u00e4m\u00e4 vauvanvaihtomatto on suunniteltu vastaamaan t\u00e4h\u00e4n tarpeeseen miss\u00e4 tahansa oletkin. Sis\u00e4puoli on pehmustettu pehme\u00e4ll\u00e4 villavanuilla. Se tarjoaa juuri oikean m\u00e4\u00e4r\u00e4n pehmustusta ilman, ett\u00e4 se on liian paksu. Se on my\u00f6s t\u00e4ydellinen alusta ensimm\u00e4isille hellille vauvan hieronnoille ja pienille venytysharjoituksille.<\/p>\n<p>P\u00e4\u00e4llinen on valmistettu valitsemastasi orgaanisesta kankaasta: orgaanisesta puuvillasta tai neitsytvillasta. Se on vetoketjullinen, joten se on helppo pest\u00e4 ja pit\u00e4\u00e4 aina raikkaana. Pieness\u00e4 taskussa on tilaa pyyhkeille ja voiteille. Nauhat pit\u00e4v\u00e4t siteen taitettuna, kun olet liikkeell\u00e4.<\/p>\n<p>Avoimena se tarjoaa vauvallesi runsaasti tilaa (68 x 68 cm) makuulle ja liikkumiseen. Voit taittaa sen todella kompaktiksi (22 x 33 x 8 cm), joten se mahtuu helposti laukkuun tai lastenvaunuun.<\/p>\n<p>T\u00e4m\u00e4 taitettava vaippap\u00f6yt\u00e4 on valmistettu ilman synteettisi\u00e4 tai kemiallisia aineita, eik\u00e4 se sis\u00e4ll\u00e4 VOC-yhdisteit\u00e4 tai haihtuvia aineita, joten se on yht\u00e4 turvallinen kuin k\u00e4yt\u00e4nn\u00f6llinenkin.<\/p>","protected":false},"excerpt":{"rendered":"<p>T\u00e4m\u00e4 kannettava vaippapehmuste tarjoaa sinulle ja vauvallesi puhtaan, pehmustetun alustan vaippojen vaihtoon ja vauvan hierontaan miss\u00e4 tahansa. Hengitt\u00e4v\u00e4ll\u00e4 villalla t\u00e4ytetty ja orgaanisella puuvillalla p\u00e4\u00e4llystetty pehmuste taittuu siististi matkoille mukaan, mutta tuntuu yht\u00e4 mukavalta kuin kotona k\u00e4ytett\u00e4v\u00e4 vaippapehmuste. Turvallinen ja helppo pest\u00e4. T\u00e4ydellinen matto p\u00e4ivitt\u00e4isiin rutiineihin vauvan kanssa.<\/p>\n<div class=\"global-icon-set\">\n<div class=\"global-icon-set__items\">\n<div class=\"global-icon-set__item\">\n<div class=\"global-icon-set__image\">\n                                    <img decoding=\"async\" src=\"https:\/\/homeofwool.com\/wp-content\/uploads\/2025\/09\/handmade-icon-300x300.png\" alt=\"k\u00e4sintehty kuvake\" \/>\n                                <\/div>\n<div class=\"global-icon-set__title\">K\u00e4sintehty<\/div>\n<\/p><\/div>\n<div class=\"global-icon-set__item\">\n<div class=\"global-icon-set__image\">\n                                    <img decoding=\"async\" src=\"https:\/\/homeofwool.com\/wp-content\/uploads\/2025\/09\/Hypoallergenic-min-300x300.png\" alt=\"hypoallergeeninen kuvake\" \/>\n                                <\/div>\n<div class=\"global-icon-set__title\">Hypoallergeeninen<\/div>\n<\/p><\/div>\n<div class=\"global-icon-set__item\">\n<div class=\"global-icon-set__image\">\n                                    <img decoding=\"async\" src=\"https:\/\/homeofwool.com\/wp-content\/uploads\/2025\/09\/FR-min-300x300.png\" alt=\"palonkest\u00e4v\u00e4 kuvake\" \/>\n                                <\/div>\n<div class=\"global-icon-set__title\">Liekinkest\u00e4v\u00e4<\/div>\n<\/p><\/div>\n<div class=\"global-icon-set__item\">\n<div class=\"global-icon-set__image\">\n                                    <img decoding=\"async\" src=\"https:\/\/homeofwool.com\/wp-content\/uploads\/2025\/09\/free-of-synthetics-icon-300x300.png\" alt=\"synteettisi\u00e4 aineita sis\u00e4lt\u00e4m\u00e4t\u00f6n kuvake\" \/>\n                                <\/div>\n<div class=\"global-icon-set__title\">Vapaa synteettisist\u00e4 aineista<\/div>\n<\/p><\/div>\n<div class=\"global-icon-set__item\">\n<div class=\"global-icon-set__image\">\n                                    <img decoding=\"async\" src=\"https:\/\/homeofwool.com\/wp-content\/uploads\/2025\/09\/chemical-free-icon-300x300.png\" alt=\"kemikaalivapaa kuvake\" \/>\n                                <\/div>\n<div class=\"global-icon-set__title\">Kemikaalivapaa<\/div>\n<\/p><\/div>\n<div class=\"global-icon-set__item\">\n<div class=\"global-icon-set__image\">\n                                    <img decoding=\"async\" src=\"https:\/\/homeofwool.com\/wp-content\/uploads\/2025\/09\/anti-bacterial-icon-300x300.png\" alt=\"anti bakteeri kuvake\" \/>\n                                <\/div>\n<div class=\"global-icon-set__title\">Anti-mikrobinen &amp; antibakteerinen<\/div>\n<\/p><\/div>\n<div class=\"global-icon-set__item\">\n<div class=\"global-icon-set__image\">\n                                    <img decoding=\"async\" src=\"https:\/\/homeofwool.com\/wp-content\/uploads\/2025\/09\/certified-materials-icon-300x300.png\" alt=\"sertifioitujen materiaalien kuvake\" \/>\n                                <\/div>\n<div class=\"global-icon-set__title\">100% Puhtaat sertifioidut materiaalit<\/div>\n<\/p><\/div>\n<\/p><\/div>\n<\/p><\/div>","protected":false},"featured_media":224451,"template":"","meta":{"_acf_changed":false},"product_brand":[],"product_cat":[267],"product_tag":[275,276,277,278,279,280,281],"class_list":{"0":"post-217544","1":"product","2":"type-product","3":"status-publish","4":"has-post-thumbnail","6":"product_cat-nursery","7":"product_tag-baby-changer","8":"product_tag-baby-changing-mat","9":"product_tag-changing-pad","10":"product_tag-custom-baby-pad","11":"product_tag-diaper-change","12":"product_tag-nappy-change","13":"product_tag-travel-changing-mat","15":"first","16":"instock","17":"shipping-taxable","18":"purchasable","19":"product-type-variable"},"acf":[],"yoast_head":"<!-- This site is optimized with the Yoast SEO Premium plugin v27.5 (Yoast SEO v27.5) - https:\/\/yoast.com\/product\/yoast-seo-premium-wordpress\/ -->\n<title>Changing Mat \u2013 Organic, Foldable &amp; Travel-Friendly | Home of Wool<\/title>\n<meta name=\"description\" content=\"Foldable and portable, the Changing Mat is filled with organic wool for breathable comfort. Hypoallergenic and toxin-free, it provides safe and sustainable protection during diaper changes.\" \/>\n<meta name=\"robots\" content=\"index, follow, max-snippet:-1, max-image-preview:large, max-video-preview:-1\" \/>\n<link rel=\"canonical\" href=\"https:\/\/homeofwool.com\/fi\/shop\/matkustusteline\/\" \/>\n<meta property=\"og:locale\" content=\"fi_FI\" \/>\n<meta property=\"og:type\" content=\"article\" \/>\n<meta property=\"og:title\" content=\"Portable Changing Pad\" \/>\n<meta property=\"og:description\" content=\"Foldable and portable, the Changing Mat is filled with organic wool for breathable comfort. Hypoallergenic and toxin-free, it provides safe and sustainable protection during diaper changes.\" \/>\n<meta property=\"og:url\" content=\"https:\/\/homeofwool.com\/fi\/shop\/matkustusteline\/\" \/>\n<meta property=\"og:site_name\" content=\"Home of Wool\" \/>\n<meta property=\"article:publisher\" content=\"https:\/\/facebook.com\/HomeOfWoolOfficial\" \/>\n<meta property=\"article:modified_time\" content=\"2026-02-05T15:33:37+00:00\" \/>\n<meta property=\"og:image\" content=\"https:\/\/homeofwool.com\/wp-content\/uploads\/2025\/09\/home-of-wool-portable-changing-pad-2.jpg\" \/>\n\t<meta property=\"og:image:width\" content=\"2000\" \/>\n\t<meta property=\"og:image:height\" content=\"1600\" \/>\n\t<meta property=\"og:image:type\" content=\"image\/jpeg\" \/>\n<meta name=\"twitter:card\" content=\"summary_large_image\" \/>\n<meta name=\"twitter:label1\" content=\"Arvioitu lukuaika\" \/>\n\t<meta name=\"twitter:data1\" content=\"2 minuuttia\" \/>\n<script type=\"application\/ld+json\" class=\"yoast-schema-graph\">{\"@context\":\"https:\\\/\\\/schema.org\",\"@graph\":[{\"@type\":\"WebPage\",\"@id\":\"https:\\\/\\\/homeofwool.com\\\/shop\\\/travel-changing-mat\\\/\",\"url\":\"https:\\\/\\\/homeofwool.com\\\/shop\\\/travel-changing-mat\\\/\",\"name\":\"Changing Mat \u2013 Organic, Foldable & Travel-Friendly | Home of Wool\",\"isPartOf\":{\"@id\":\"https:\\\/\\\/homeofwool.com\\\/#website\"},\"primaryImageOfPage\":{\"@id\":\"https:\\\/\\\/homeofwool.com\\\/shop\\\/travel-changing-mat\\\/#primaryimage\"},\"image\":{\"@id\":\"https:\\\/\\\/homeofwool.com\\\/shop\\\/travel-changing-mat\\\/#primaryimage\"},\"thumbnailUrl\":\"https:\\\/\\\/homeofwool.com\\\/wp-content\\\/uploads\\\/2025\\\/09\\\/home-of-wool-portable-changing-pad-2.jpg\",\"datePublished\":\"2025-09-02T12:00:57+00:00\",\"dateModified\":\"2026-02-05T15:33:37+00:00\",\"description\":\"Foldable and portable, the Changing Mat is filled with organic wool for breathable comfort. Hypoallergenic and toxin-free, it provides safe and sustainable protection during diaper changes.\",\"breadcrumb\":{\"@id\":\"https:\\\/\\\/homeofwool.com\\\/shop\\\/travel-changing-mat\\\/#breadcrumb\"},\"inLanguage\":\"fi\",\"potentialAction\":[{\"@type\":\"ReadAction\",\"target\":[\"https:\\\/\\\/homeofwool.com\\\/shop\\\/travel-changing-mat\\\/\"]}]},{\"@type\":\"ImageObject\",\"inLanguage\":\"fi\",\"@id\":\"https:\\\/\\\/homeofwool.com\\\/shop\\\/travel-changing-mat\\\/#primaryimage\",\"url\":\"https:\\\/\\\/homeofwool.com\\\/wp-content\\\/uploads\\\/2025\\\/09\\\/home-of-wool-portable-changing-pad-2.jpg\",\"contentUrl\":\"https:\\\/\\\/homeofwool.com\\\/wp-content\\\/uploads\\\/2025\\\/09\\\/home-of-wool-portable-changing-pad-2.jpg\",\"width\":2000,\"height\":1600,\"caption\":\"baby on top of portable changing pad\"},{\"@type\":\"BreadcrumbList\",\"@id\":\"https:\\\/\\\/homeofwool.com\\\/shop\\\/travel-changing-mat\\\/#breadcrumb\",\"itemListElement\":[{\"@type\":\"ListItem\",\"position\":1,\"name\":\"Home\",\"item\":\"https:\\\/\\\/homeofwool.com\\\/\"},{\"@type\":\"ListItem\",\"position\":2,\"name\":\"Products\",\"item\":\"https:\\\/\\\/homeofwool.com\\\/header-search-2\\\/\"},{\"@type\":\"ListItem\",\"position\":3,\"name\":\"Portable Changing Pad\"}]},{\"@type\":\"WebSite\",\"@id\":\"https:\\\/\\\/homeofwool.com\\\/#website\",\"url\":\"https:\\\/\\\/homeofwool.com\\\/\",\"name\":\"Home of Wool\",\"description\":\"\",\"publisher\":{\"@id\":\"https:\\\/\\\/homeofwool.com\\\/#organization\"},\"potentialAction\":[{\"@type\":\"SearchAction\",\"target\":{\"@type\":\"EntryPoint\",\"urlTemplate\":\"https:\\\/\\\/homeofwool.com\\\/?s={search_term_string}\"},\"query-input\":{\"@type\":\"PropertyValueSpecification\",\"valueRequired\":true,\"valueName\":\"search_term_string\"}}],\"inLanguage\":\"fi\"},{\"@type\":\"Organization\",\"@id\":\"https:\\\/\\\/homeofwool.com\\\/#organization\",\"name\":\"Home of Wool\",\"url\":\"https:\\\/\\\/homeofwool.com\\\/\",\"logo\":{\"@type\":\"ImageObject\",\"inLanguage\":\"fi\",\"@id\":\"https:\\\/\\\/homeofwool.com\\\/#\\\/schema\\\/logo\\\/image\\\/\",\"url\":\"https:\\\/\\\/homeofwool.com\\\/wp-content\\\/uploads\\\/2025\\\/09\\\/WhatsApp-Image-2025-12-02-at-16.23.20.jpeg\",\"contentUrl\":\"https:\\\/\\\/homeofwool.com\\\/wp-content\\\/uploads\\\/2025\\\/09\\\/WhatsApp-Image-2025-12-02-at-16.23.20.jpeg\",\"width\":700,\"height\":247,\"caption\":\"Home of Wool\"},\"image\":{\"@id\":\"https:\\\/\\\/homeofwool.com\\\/#\\\/schema\\\/logo\\\/image\\\/\"},\"sameAs\":[\"https:\\\/\\\/facebook.com\\\/HomeOfWoolOfficial\"]}]}<\/script>\n<!-- \/ Yoast SEO Premium plugin. -->","yoast_head_json":{"title":"Vaihtomatto \u2013 orgaaninen, taitettava ja matkak\u00e4ytt\u00f6\u00f6n sopiva | Home of Wool","description":"Taitettava ja kannettava vaippamatto on t\u00e4ytetty orgaanisella villalla, joka takaa hengitt\u00e4v\u00e4n mukavuuden. Hypoallergeeninen ja myrkyt\u00f6n matto tarjoaa turvallisen ja kest\u00e4v\u00e4n suojan vaippojen vaihdon aikana.","robots":{"index":"index","follow":"follow","max-snippet":"max-snippet:-1","max-image-preview":"max-image-preview:large","max-video-preview":"max-video-preview:-1"},"canonical":"https:\/\/homeofwool.com\/fi\/shop\/matkustusteline\/","og_locale":"fi_FI","og_type":"article","og_title":"Portable Changing Pad","og_description":"Foldable and portable, the Changing Mat is filled with organic wool for breathable comfort. Hypoallergenic and toxin-free, it provides safe and sustainable protection during diaper changes.","og_url":"https:\/\/homeofwool.com\/fi\/shop\/matkustusteline\/","og_site_name":"Home of Wool","article_publisher":"https:\/\/facebook.com\/HomeOfWoolOfficial","article_modified_time":"2026-02-05T15:33:37+00:00","og_image":[{"width":2000,"height":1600,"url":"https:\/\/homeofwool.com\/wp-content\/uploads\/2025\/09\/home-of-wool-portable-changing-pad-2.jpg","type":"image\/jpeg"}],"twitter_card":"summary_large_image","twitter_misc":{"Arvioitu lukuaika":"2 minuuttia"},"schema":{"@context":"https:\/\/schema.org","@graph":[{"@type":"WebPage","@id":"https:\/\/homeofwool.com\/shop\/travel-changing-mat\/","url":"https:\/\/homeofwool.com\/shop\/travel-changing-mat\/","name":"Vaihtomatto \u2013 orgaaninen, taitettava ja matkak\u00e4ytt\u00f6\u00f6n sopiva | Home of Wool","isPartOf":{"@id":"https:\/\/homeofwool.com\/#website"},"primaryImageOfPage":{"@id":"https:\/\/homeofwool.com\/shop\/travel-changing-mat\/#primaryimage"},"image":{"@id":"https:\/\/homeofwool.com\/shop\/travel-changing-mat\/#primaryimage"},"thumbnailUrl":"https:\/\/homeofwool.com\/wp-content\/uploads\/2025\/09\/home-of-wool-portable-changing-pad-2.jpg","datePublished":"2025-09-02T12:00:57+00:00","dateModified":"2026-02-05T15:33:37+00:00","description":"Taitettava ja kannettava vaippamatto on t\u00e4ytetty orgaanisella villalla, joka takaa hengitt\u00e4v\u00e4n mukavuuden. Hypoallergeeninen ja myrkyt\u00f6n matto tarjoaa turvallisen ja kest\u00e4v\u00e4n suojan vaippojen vaihdon aikana.","breadcrumb":{"@id":"https:\/\/homeofwool.com\/shop\/travel-changing-mat\/#breadcrumb"},"inLanguage":"fi","potentialAction":[{"@type":"ReadAction","target":["https:\/\/homeofwool.com\/shop\/travel-changing-mat\/"]}]},{"@type":"ImageObject","inLanguage":"fi","@id":"https:\/\/homeofwool.com\/shop\/travel-changing-mat\/#primaryimage","url":"https:\/\/homeofwool.com\/wp-content\/uploads\/2025\/09\/home-of-wool-portable-changing-pad-2.jpg","contentUrl":"https:\/\/homeofwool.com\/wp-content\/uploads\/2025\/09\/home-of-wool-portable-changing-pad-2.jpg","width":2000,"height":1600,"caption":"baby on top of portable changing pad"},{"@type":"BreadcrumbList","@id":"https:\/\/homeofwool.com\/shop\/travel-changing-mat\/#breadcrumb","itemListElement":[{"@type":"ListItem","position":1,"name":"Home","item":"https:\/\/homeofwool.com\/"},{"@type":"ListItem","position":2,"name":"Products","item":"https:\/\/homeofwool.com\/header-search-2\/"},{"@type":"ListItem","position":3,"name":"Portable Changing Pad"}]},{"@type":"WebSite","@id":"https:\/\/homeofwool.com\/#website","url":"https:\/\/homeofwool.com\/","name":"Villan koti","description":"","publisher":{"@id":"https:\/\/homeofwool.com\/#organization"},"potentialAction":[{"@type":"SearchAction","target":{"@type":"EntryPoint","urlTemplate":"https:\/\/homeofwool.com\/?s={search_term_string}"},"query-input":{"@type":"PropertyValueSpecification","valueRequired":true,"valueName":"search_term_string"}}],"inLanguage":"fi"},{"@type":"Organization","@id":"https:\/\/homeofwool.com\/#organization","name":"Villan koti","url":"https:\/\/homeofwool.com\/","logo":{"@type":"ImageObject","inLanguage":"fi","@id":"https:\/\/homeofwool.com\/#\/schema\/logo\/image\/","url":"https:\/\/homeofwool.com\/wp-content\/uploads\/2025\/09\/WhatsApp-Image-2025-12-02-at-16.23.20.jpeg","contentUrl":"https:\/\/homeofwool.com\/wp-content\/uploads\/2025\/09\/WhatsApp-Image-2025-12-02-at-16.23.20.jpeg","width":700,"height":247,"caption":"Home of Wool"},"image":{"@id":"https:\/\/homeofwool.com\/#\/schema\/logo\/image\/"},"sameAs":["https:\/\/facebook.com\/HomeOfWoolOfficial"]}]}},"_links":{"self":[{"href":"https:\/\/homeofwool.com\/fi\/wp-json\/wp\/v2\/product\/217544","targetHints":{"allow":["GET"]}}],"collection":[{"href":"https:\/\/homeofwool.com\/fi\/wp-json\/wp\/v2\/product"}],"about":[{"href":"https:\/\/homeofwool.com\/fi\/wp-json\/wp\/v2\/types\/product"}],"version-history":[{"count":2,"href":"https:\/\/homeofwool.com\/fi\/wp-json\/wp\/v2\/product\/217544\/revisions"}],"predecessor-version":[{"id":227980,"href":"https:\/\/homeofwool.com\/fi\/wp-json\/wp\/v2\/product\/217544\/revisions\/227980"}],"wp:featuredmedia":[{"embeddable":true,"href":"https:\/\/homeofwool.com\/fi\/wp-json\/wp\/v2\/media\/224451"}],"wp:attachment":[{"href":"https:\/\/homeofwool.com\/fi\/wp-json\/wp\/v2\/media?parent=217544"}],"wp:term":[{"taxonomy":"product_brand","embeddable":true,"href":"https:\/\/homeofwool.com\/fi\/wp-json\/wp\/v2\/product_brand?post=217544"},{"taxonomy":"product_cat","embeddable":true,"href":"https:\/\/homeofwool.com\/fi\/wp-json\/wp\/v2\/product_cat?post=217544"},{"taxonomy":"product_tag","embeddable":true,"href":"https:\/\/homeofwool.com\/fi\/wp-json\/wp\/v2\/product_tag?post=217544"}],"curies":[{"name":"wp","href":"https:\/\/api.w.org\/{rel}","templated":true}]}}