{"id":217543,"date":"2025-09-02T12:00:57","date_gmt":"2025-09-02T12:00:57","guid":{"rendered":"https:\/\/homeofwool.com\/?post_type=product&#038;p=217543"},"modified":"2026-04-03T11:53:12","modified_gmt":"2026-04-03T11:53:12","slug":"vauvansanky-villapatja","status":"publish","type":"product","link":"https:\/\/homeofwool.com\/fi\/shop\/crib-wool-mattress\/","title":{"rendered":"Villa pinnas\u00e4ngyn patja"},"content":{"rendered":"<p>Jokainen vanhempi haluaa, ett\u00e4 vauvan pinnas\u00e4nky on mukava ja turvallinen paikka. T\u00e4m\u00e4 luonnonmukainen vauvapatja on valmistettu puhtaasta villasta, joka antaa pienelle lapsellesi nukkumapinnan, joka on pehme\u00e4, tukeva ja luonnollisesti hengitt\u00e4v\u00e4. Villa toimii vuodenaikojen mukaan. Pit\u00e4\u00e4 vauvasi mukavana, kun on koleaa, ja mukavan ilmavana helteell\u00e4. N\u00e4in vauvasi nukkuu vakaasti ymp\u00e4ri vuoden villassa.<\/p>\n<p>T\u00e4m\u00e4 luonnonmukainen vauvapatja on valmistettu puhtaasta villasta ja muista luonnonmateriaaleista ilman synteettisi\u00e4 aineita, liimoja tai palonestoaineita. Villan luonnollinen liekinkest\u00e4vyys pit\u00e4\u00e4 vauvasi turvassa. T\u00e4m\u00e4 kemikaalivapaa pinnas\u00e4nkypatja ei sis\u00e4ll\u00e4 haitallisia kemikaaleja, joten se auttaa my\u00f6s pit\u00e4m\u00e4\u00e4n p\u00f6lypunkit loitolla, est\u00e4\u00e4 homeen muodostumista ja pysyy raikkaana ilman kaasuja tai VOC-yhdisteit\u00e4. Hell\u00e4varainen ja hypoallergeeninen, joten se sopii erinomaisesti vauvoille, joilla on allergioita tai herkk\u00e4 iho.<\/p>\n<p>Tufttaamme jokaisen patjan k\u00e4sin luonnollisella pellavalangalla, jotta villa pysyy tasaisesti jakautuneena. Vahvojen sivuvetoketjujen avulla voit s\u00e4\u00e4t\u00e4\u00e4, lis\u00e4t\u00e4 tai poistaa villaa t\u00e4ydellisen tuntuman saavuttamiseksi. Tarjoamme tavallisia pinnas\u00e4ngyn kokoja, tai voimme luoda juuri sinulle r\u00e4\u00e4t\u00e4l\u00f6it\u00e4v\u00e4n vauvapatjan. Valinnaisiin lis\u00e4varusteisiin kuuluvat irrotettava tikkisuojus helppoa pesua varten, villasuojus ja sovitetut lakanat. Loistavia lis\u00e4yksi\u00e4 erityisesti r\u00e4\u00e4t\u00e4l\u00f6ityihin kokoihin.<\/p>\n<p>Kun lapsesi siirtyy isompaan s\u00e4nkyyn, patja voi saada toisen el\u00e4m\u00e4n lukunurkkauksen tyynyn\u00e4 tai lattiatyynyn\u00e4. Huolella, vankalla ammattitaidolla ja ensiluokkaisista luonnonmateriaaleista valmistettu hengitt\u00e4v\u00e4 pinnas\u00e4ngyn patja palvelee perhett\u00e4si pitk\u00e4lle pinnas\u00e4nkyvuosien j\u00e4lkeen.<\/p>","protected":false},"excerpt":{"rendered":"<p>Vauvan ensimm\u00e4isen s\u00e4ngyn tulisi olla yht\u00e4 turvallinen ja mukava kuin syliss\u00e4si. Villainen pinnas\u00e4nkypatjamme on valmistettu k\u00e4sity\u00f6n\u00e4 ensiluokkaisista luonnonmateriaaleista terveellist\u00e4 ja levollista unta varten. T\u00e4m\u00e4 myrkyt\u00f6n pinnas\u00e4nkypatja on valmistettu puhtaasta villasta ilman kemikaaleja, liimoja tai synteettisi\u00e4 aineita, mik\u00e4 antaa vauvallesi lempe\u00e4n tuen kaikkina vuodenaikoina. Koska se on luonnollisesti hengitt\u00e4v\u00e4 ja valmistettu herk\u00e4lle iholle, se on hypoallergeeninen pinnas\u00e4nkypatja, joka voidaan r\u00e4\u00e4t\u00e4l\u00f6id\u00e4 sopimaan t\u00e4ydellisesti lastenhuoneeseesi.<\/p>\n<div class=\"global-icon-set\">\n<div class=\"global-icon-set__items\">\n<div class=\"global-icon-set__item\">\n<div class=\"global-icon-set__image\">\n                                    <img decoding=\"async\" src=\"https:\/\/homeofwool.com\/wp-content\/uploads\/2025\/09\/handmade-icon-300x300.png\" alt=\"k\u00e4sintehty kuvake\" \/>\n                                <\/div>\n<div class=\"global-icon-set__title\">K\u00e4sintehty<\/div>\n<\/p><\/div>\n<div class=\"global-icon-set__item\">\n<div class=\"global-icon-set__image\">\n                                    <img decoding=\"async\" src=\"https:\/\/homeofwool.com\/wp-content\/uploads\/2025\/09\/Exceptionally-Supportive-min-300x300.png\" alt=\"poikkeuksellisen kannustava kuvake\" \/>\n                                <\/div>\n<div class=\"global-icon-set__title\">Poikkeuksellisen kannustava<\/div>\n<\/p><\/div>\n<div class=\"global-icon-set__item\">\n<div class=\"global-icon-set__image\">\n                                    <img decoding=\"async\" src=\"https:\/\/homeofwool.com\/wp-content\/uploads\/2025\/09\/wicks-moisture-away-300x300.png\" alt=\"siirt\u00e4\u00e4 kosteutta pois\" \/>\n                                <\/div>\n<div class=\"global-icon-set__title\">Poistaa kosteutta<\/div>\n<\/p><\/div>\n<div class=\"global-icon-set__item\">\n<div class=\"global-icon-set__image\">\n                                    <img decoding=\"async\" src=\"https:\/\/homeofwool.com\/wp-content\/uploads\/2025\/09\/VOCs-min-300x300.png\" alt=\"vocs vapaa\" \/>\n                                <\/div>\n<div class=\"global-icon-set__title\">VOC-vapaa<\/div>\n<\/p><\/div>\n<div class=\"global-icon-set__item\">\n<div class=\"global-icon-set__image\">\n                                    <img decoding=\"async\" src=\"https:\/\/homeofwool.com\/wp-content\/uploads\/2025\/09\/FR-min-300x300.png\" alt=\"palonkest\u00e4v\u00e4 kuvake\" \/>\n                                <\/div>\n<div class=\"global-icon-set__title\">Liekinkest\u00e4v\u00e4<\/div>\n<\/p><\/div>\n<div class=\"global-icon-set__item\">\n<div class=\"global-icon-set__image\">\n                                    <img decoding=\"async\" src=\"https:\/\/homeofwool.com\/wp-content\/uploads\/2025\/09\/Hypoallergenic-min-300x300.png\" alt=\"hypoallergeeninen kuvake\" \/>\n                                <\/div>\n<div class=\"global-icon-set__title\">Hypoallergeeninen<\/div>\n<\/p><\/div>\n<div class=\"global-icon-set__item\">\n<div class=\"global-icon-set__image\">\n                                    <img decoding=\"async\" src=\"https:\/\/homeofwool.com\/wp-content\/uploads\/2025\/09\/free-of-synthetics-icon-300x300.png\" alt=\"synteettisi\u00e4 aineita sis\u00e4lt\u00e4m\u00e4t\u00f6n kuvake\" \/>\n                                <\/div>\n<div class=\"global-icon-set__title\">Vapaa synteettisist\u00e4 aineista<\/div>\n<\/p><\/div>\n<div class=\"global-icon-set__item\">\n<div class=\"global-icon-set__image\">\n                                    <img decoding=\"async\" src=\"https:\/\/homeofwool.com\/wp-content\/uploads\/2025\/09\/chemical-free-icon-300x300.png\" alt=\"kemikaalivapaa kuvake\" \/>\n                                <\/div>\n<div class=\"global-icon-set__title\">Kemikaalivapaa<\/div>\n<\/p><\/div>\n<div class=\"global-icon-set__item\">\n<div class=\"global-icon-set__image\">\n                                    <img decoding=\"async\" src=\"https:\/\/homeofwool.com\/wp-content\/uploads\/2025\/09\/anti-bacterial-icon-300x300.png\" alt=\"anti bakteeri kuvake\" \/>\n                                <\/div>\n<div class=\"global-icon-set__title\">Anti-mikrobinen &amp; antibakteerinen<\/div>\n<\/p><\/div>\n<div class=\"global-icon-set__item\">\n<div class=\"global-icon-set__image\">\n                                    <img decoding=\"async\" src=\"https:\/\/homeofwool.com\/wp-content\/uploads\/2025\/09\/certified-materials-icon-300x300.png\" alt=\"sertifioitujen materiaalien kuvake\" \/>\n                                <\/div>\n<div class=\"global-icon-set__title\">100% Puhtaat sertifioidut materiaalit<\/div>\n<\/p><\/div>\n<\/p><\/div>\n<\/p><\/div>","protected":false},"featured_media":226486,"template":"","meta":{"_acf_changed":false},"product_brand":[],"product_cat":[459],"product_tag":[460,461,462,463,464,465,193,466,467,468,469,195,470,149,471,472,473,474,475,476],"class_list":{"0":"post-217543","1":"product","2":"type-product","3":"status-publish","4":"has-post-thumbnail","6":"product_cat-mattresses-toppers","7":"product_tag-baby-bedding","8":"product_tag-baby-mattress","9":"product_tag-cot-mattress","10":"product_tag-ikea-kura-slakt","11":"product_tag-ikea-sniglar-bed","12":"product_tag-mini-crib-mattress","13":"product_tag-natural-mattress","14":"product_tag-natural-nursery","15":"product_tag-newborn-baby-pad","16":"product_tag-non-toxic-nursery","17":"product_tag-organic-baby-cot","18":"product_tag-organic-mattress","19":"product_tag-oval-toddler-futon","20":"product_tag-steps","21":"product_tag-stokke-crib-mattress","22":"product_tag-stokke-sleepi-bed","23":"product_tag-stokke-sleepi-junior","24":"product_tag-stokke-sleepi-mattress","25":"product_tag-stokke-sleepi-mini","26":"product_tag-toddler-mattress","28":"first","29":"instock","30":"shipping-taxable","31":"purchasable","32":"product-type-simple"},"acf":[],"yoast_head":"<!-- This site is optimized with the Yoast SEO Premium plugin v27.4 (Yoast SEO v27.4) - https:\/\/yoast.com\/product\/yoast-seo-premium-wordpress\/ -->\n<title>Organic Crib Mattress \u2013 Natural &amp; Breathable Baby Mattress | Home of Wool<\/title>\n<meta name=\"description\" content=\"Breathable, hypoallergenic, and chemical-free, the Wool Crib Mattress offers natural comfort and support. Pure wool provides safe, customizable sleep for babies year-round.\" \/>\n<meta name=\"robots\" content=\"index, follow, max-snippet:-1, max-image-preview:large, max-video-preview:-1\" \/>\n<link rel=\"canonical\" href=\"https:\/\/homeofwool.com\/fi\/shop\/vauvansanky-villapatja\/\" \/>\n<meta property=\"og:locale\" content=\"fi_FI\" \/>\n<meta property=\"og:type\" content=\"article\" \/>\n<meta property=\"og:title\" content=\"Wool Crib Mattress\" \/>\n<meta property=\"og:description\" content=\"Breathable, hypoallergenic, and chemical-free, the Wool Crib Mattress offers natural comfort and support. Pure wool provides safe, customizable sleep for babies year-round.\" \/>\n<meta property=\"og:url\" content=\"https:\/\/homeofwool.com\/fi\/shop\/vauvansanky-villapatja\/\" \/>\n<meta property=\"og:site_name\" content=\"Home of Wool\" \/>\n<meta property=\"article:publisher\" content=\"https:\/\/facebook.com\/HomeOfWoolOfficial\" \/>\n<meta property=\"article:modified_time\" content=\"2026-04-03T11:53:12+00:00\" \/>\n<meta property=\"og:image\" content=\"https:\/\/homeofwool.com\/wp-content\/uploads\/2025\/09\/home-of-wool-crib-mattress-mainn.jpg\" \/>\n\t<meta property=\"og:image:width\" content=\"1920\" \/>\n\t<meta property=\"og:image:height\" content=\"1536\" \/>\n\t<meta property=\"og:image:type\" content=\"image\/jpeg\" \/>\n<meta name=\"twitter:card\" content=\"summary_large_image\" \/>\n<meta name=\"twitter:label1\" content=\"Arvioitu lukuaika\" \/>\n\t<meta name=\"twitter:data1\" content=\"2 minuuttia\" \/>\n<script type=\"application\/ld+json\" class=\"yoast-schema-graph\">{\"@context\":\"https:\\\/\\\/schema.org\",\"@graph\":[{\"@type\":\"WebPage\",\"@id\":\"https:\\\/\\\/homeofwool.com\\\/shop\\\/crib-wool-mattress\\\/\",\"url\":\"https:\\\/\\\/homeofwool.com\\\/shop\\\/crib-wool-mattress\\\/\",\"name\":\"Organic Crib Mattress \u2013 Natural & Breathable Baby Mattress | Home of Wool\",\"isPartOf\":{\"@id\":\"https:\\\/\\\/homeofwool.com\\\/#website\"},\"primaryImageOfPage\":{\"@id\":\"https:\\\/\\\/homeofwool.com\\\/shop\\\/crib-wool-mattress\\\/#primaryimage\"},\"image\":{\"@id\":\"https:\\\/\\\/homeofwool.com\\\/shop\\\/crib-wool-mattress\\\/#primaryimage\"},\"thumbnailUrl\":\"https:\\\/\\\/homeofwool.com\\\/wp-content\\\/uploads\\\/2025\\\/09\\\/home-of-wool-crib-mattress-mainn.jpg\",\"datePublished\":\"2025-09-02T12:00:57+00:00\",\"dateModified\":\"2026-04-03T11:53:12+00:00\",\"description\":\"Breathable, hypoallergenic, and chemical-free, the Wool Crib Mattress offers natural comfort and support. Pure wool provides safe, customizable sleep for babies year-round.\",\"breadcrumb\":{\"@id\":\"https:\\\/\\\/homeofwool.com\\\/shop\\\/crib-wool-mattress\\\/#breadcrumb\"},\"inLanguage\":\"fi\",\"potentialAction\":[{\"@type\":\"ReadAction\",\"target\":[\"https:\\\/\\\/homeofwool.com\\\/shop\\\/crib-wool-mattress\\\/\"]}]},{\"@type\":\"ImageObject\",\"inLanguage\":\"fi\",\"@id\":\"https:\\\/\\\/homeofwool.com\\\/shop\\\/crib-wool-mattress\\\/#primaryimage\",\"url\":\"https:\\\/\\\/homeofwool.com\\\/wp-content\\\/uploads\\\/2025\\\/09\\\/home-of-wool-crib-mattress-mainn.jpg\",\"contentUrl\":\"https:\\\/\\\/homeofwool.com\\\/wp-content\\\/uploads\\\/2025\\\/09\\\/home-of-wool-crib-mattress-mainn.jpg\",\"width\":1920,\"height\":1536,\"caption\":\"wool crib mattress for babies and kids\"},{\"@type\":\"BreadcrumbList\",\"@id\":\"https:\\\/\\\/homeofwool.com\\\/shop\\\/crib-wool-mattress\\\/#breadcrumb\",\"itemListElement\":[{\"@type\":\"ListItem\",\"position\":1,\"name\":\"Home\",\"item\":\"https:\\\/\\\/homeofwool.com\\\/\"},{\"@type\":\"ListItem\",\"position\":2,\"name\":\"Products\",\"item\":\"https:\\\/\\\/homeofwool.com\\\/header-search-2\\\/\"},{\"@type\":\"ListItem\",\"position\":3,\"name\":\"Wool Crib Mattress\"}]},{\"@type\":\"WebSite\",\"@id\":\"https:\\\/\\\/homeofwool.com\\\/#website\",\"url\":\"https:\\\/\\\/homeofwool.com\\\/\",\"name\":\"Home of Wool\",\"description\":\"\",\"publisher\":{\"@id\":\"https:\\\/\\\/homeofwool.com\\\/#organization\"},\"potentialAction\":[{\"@type\":\"SearchAction\",\"target\":{\"@type\":\"EntryPoint\",\"urlTemplate\":\"https:\\\/\\\/homeofwool.com\\\/?s={search_term_string}\"},\"query-input\":{\"@type\":\"PropertyValueSpecification\",\"valueRequired\":true,\"valueName\":\"search_term_string\"}}],\"inLanguage\":\"fi\"},{\"@type\":\"Organization\",\"@id\":\"https:\\\/\\\/homeofwool.com\\\/#organization\",\"name\":\"Home of Wool\",\"url\":\"https:\\\/\\\/homeofwool.com\\\/\",\"logo\":{\"@type\":\"ImageObject\",\"inLanguage\":\"fi\",\"@id\":\"https:\\\/\\\/homeofwool.com\\\/#\\\/schema\\\/logo\\\/image\\\/\",\"url\":\"https:\\\/\\\/homeofwool.com\\\/wp-content\\\/uploads\\\/2025\\\/09\\\/WhatsApp-Image-2025-12-02-at-16.23.20.jpeg\",\"contentUrl\":\"https:\\\/\\\/homeofwool.com\\\/wp-content\\\/uploads\\\/2025\\\/09\\\/WhatsApp-Image-2025-12-02-at-16.23.20.jpeg\",\"width\":700,\"height\":247,\"caption\":\"Home of Wool\"},\"image\":{\"@id\":\"https:\\\/\\\/homeofwool.com\\\/#\\\/schema\\\/logo\\\/image\\\/\"},\"sameAs\":[\"https:\\\/\\\/facebook.com\\\/HomeOfWoolOfficial\"]}]}<\/script>\n<!-- \/ Yoast SEO Premium plugin. -->","yoast_head_json":{"title":"Orgaaninen pinnas\u00e4ngyn patja - luonnollinen ja hengitt\u00e4v\u00e4 vauvan patja | Home of Wool","description":"Hengitt\u00e4v\u00e4, hypoallergeeninen ja kemikaalivapaa Wool Crib Mattress tarjoaa luonnollista mukavuutta ja tukea. Puhdas villa tarjoaa turvallista, mukautettavaa unta vauvoille ymp\u00e4ri vuoden.","robots":{"index":"index","follow":"follow","max-snippet":"max-snippet:-1","max-image-preview":"max-image-preview:large","max-video-preview":"max-video-preview:-1"},"canonical":"https:\/\/homeofwool.com\/fi\/shop\/vauvansanky-villapatja\/","og_locale":"fi_FI","og_type":"article","og_title":"Wool Crib Mattress","og_description":"Breathable, hypoallergenic, and chemical-free, the Wool Crib Mattress offers natural comfort and support. Pure wool provides safe, customizable sleep for babies year-round.","og_url":"https:\/\/homeofwool.com\/fi\/shop\/vauvansanky-villapatja\/","og_site_name":"Home of Wool","article_publisher":"https:\/\/facebook.com\/HomeOfWoolOfficial","article_modified_time":"2026-04-03T11:53:12+00:00","og_image":[{"width":1920,"height":1536,"url":"https:\/\/homeofwool.com\/wp-content\/uploads\/2025\/09\/home-of-wool-crib-mattress-mainn.jpg","type":"image\/jpeg"}],"twitter_card":"summary_large_image","twitter_misc":{"Arvioitu lukuaika":"2 minuuttia"},"schema":{"@context":"https:\/\/schema.org","@graph":[{"@type":"WebPage","@id":"https:\/\/homeofwool.com\/shop\/crib-wool-mattress\/","url":"https:\/\/homeofwool.com\/shop\/crib-wool-mattress\/","name":"Orgaaninen pinnas\u00e4ngyn patja - luonnollinen ja hengitt\u00e4v\u00e4 vauvan patja | Home of Wool","isPartOf":{"@id":"https:\/\/homeofwool.com\/#website"},"primaryImageOfPage":{"@id":"https:\/\/homeofwool.com\/shop\/crib-wool-mattress\/#primaryimage"},"image":{"@id":"https:\/\/homeofwool.com\/shop\/crib-wool-mattress\/#primaryimage"},"thumbnailUrl":"https:\/\/homeofwool.com\/wp-content\/uploads\/2025\/09\/home-of-wool-crib-mattress-mainn.jpg","datePublished":"2025-09-02T12:00:57+00:00","dateModified":"2026-04-03T11:53:12+00:00","description":"Hengitt\u00e4v\u00e4, hypoallergeeninen ja kemikaalivapaa Wool Crib Mattress tarjoaa luonnollista mukavuutta ja tukea. Puhdas villa tarjoaa turvallista, mukautettavaa unta vauvoille ymp\u00e4ri vuoden.","breadcrumb":{"@id":"https:\/\/homeofwool.com\/shop\/crib-wool-mattress\/#breadcrumb"},"inLanguage":"fi","potentialAction":[{"@type":"ReadAction","target":["https:\/\/homeofwool.com\/shop\/crib-wool-mattress\/"]}]},{"@type":"ImageObject","inLanguage":"fi","@id":"https:\/\/homeofwool.com\/shop\/crib-wool-mattress\/#primaryimage","url":"https:\/\/homeofwool.com\/wp-content\/uploads\/2025\/09\/home-of-wool-crib-mattress-mainn.jpg","contentUrl":"https:\/\/homeofwool.com\/wp-content\/uploads\/2025\/09\/home-of-wool-crib-mattress-mainn.jpg","width":1920,"height":1536,"caption":"wool crib mattress for babies and kids"},{"@type":"BreadcrumbList","@id":"https:\/\/homeofwool.com\/shop\/crib-wool-mattress\/#breadcrumb","itemListElement":[{"@type":"ListItem","position":1,"name":"Home","item":"https:\/\/homeofwool.com\/"},{"@type":"ListItem","position":2,"name":"Products","item":"https:\/\/homeofwool.com\/header-search-2\/"},{"@type":"ListItem","position":3,"name":"Wool Crib Mattress"}]},{"@type":"WebSite","@id":"https:\/\/homeofwool.com\/#website","url":"https:\/\/homeofwool.com\/","name":"Villan koti","description":"","publisher":{"@id":"https:\/\/homeofwool.com\/#organization"},"potentialAction":[{"@type":"SearchAction","target":{"@type":"EntryPoint","urlTemplate":"https:\/\/homeofwool.com\/?s={search_term_string}"},"query-input":{"@type":"PropertyValueSpecification","valueRequired":true,"valueName":"search_term_string"}}],"inLanguage":"fi"},{"@type":"Organization","@id":"https:\/\/homeofwool.com\/#organization","name":"Villan koti","url":"https:\/\/homeofwool.com\/","logo":{"@type":"ImageObject","inLanguage":"fi","@id":"https:\/\/homeofwool.com\/#\/schema\/logo\/image\/","url":"https:\/\/homeofwool.com\/wp-content\/uploads\/2025\/09\/WhatsApp-Image-2025-12-02-at-16.23.20.jpeg","contentUrl":"https:\/\/homeofwool.com\/wp-content\/uploads\/2025\/09\/WhatsApp-Image-2025-12-02-at-16.23.20.jpeg","width":700,"height":247,"caption":"Home of Wool"},"image":{"@id":"https:\/\/homeofwool.com\/#\/schema\/logo\/image\/"},"sameAs":["https:\/\/facebook.com\/HomeOfWoolOfficial"]}]}},"_links":{"self":[{"href":"https:\/\/homeofwool.com\/fi\/wp-json\/wp\/v2\/product\/217543","targetHints":{"allow":["GET"]}}],"collection":[{"href":"https:\/\/homeofwool.com\/fi\/wp-json\/wp\/v2\/product"}],"about":[{"href":"https:\/\/homeofwool.com\/fi\/wp-json\/wp\/v2\/types\/product"}],"version-history":[{"count":2,"href":"https:\/\/homeofwool.com\/fi\/wp-json\/wp\/v2\/product\/217543\/revisions"}],"predecessor-version":[{"id":226483,"href":"https:\/\/homeofwool.com\/fi\/wp-json\/wp\/v2\/product\/217543\/revisions\/226483"}],"wp:featuredmedia":[{"embeddable":true,"href":"https:\/\/homeofwool.com\/fi\/wp-json\/wp\/v2\/media\/226486"}],"wp:attachment":[{"href":"https:\/\/homeofwool.com\/fi\/wp-json\/wp\/v2\/media?parent=217543"}],"wp:term":[{"taxonomy":"product_brand","embeddable":true,"href":"https:\/\/homeofwool.com\/fi\/wp-json\/wp\/v2\/product_brand?post=217543"},{"taxonomy":"product_cat","embeddable":true,"href":"https:\/\/homeofwool.com\/fi\/wp-json\/wp\/v2\/product_cat?post=217543"},{"taxonomy":"product_tag","embeddable":true,"href":"https:\/\/homeofwool.com\/fi\/wp-json\/wp\/v2\/product_tag?post=217543"}],"curies":[{"name":"wp","href":"https:\/\/api.w.org\/{rel}","templated":true}]}}