{"id":217541,"date":"2025-09-02T12:00:57","date_gmt":"2025-09-02T12:00:57","guid":{"rendered":"https:\/\/homeofwool.com\/?post_type=product&#038;p=217541"},"modified":"2026-02-09T13:01:56","modified_gmt":"2026-02-09T13:01:56","slug":"pellavalanka-valkoinen","status":"publish","type":"product","link":"https:\/\/homeofwool.com\/fi\/shop\/linen-thread-white\/","title":{"rendered":"Liinakankaasta valmistettu lanka \u2013 valkoinen"},"content":{"rendered":"<p>Unkarissa puolikosteasta pellavalanka valmistettu valkoinen pellavalanka tarjoaa poikkeuksellisen laadun ja kest\u00e4vyyden kudontaan, ompeluun ja muihin tekstiilialan k\u00e4sity\u00f6ihin. Pellava on luonnostaan kest\u00e4v\u00e4\u00e4, ja sen kuidut ovat 30% vahvempia kuin puuvilla, joten valmiit tuotteet kest\u00e4v\u00e4t pidemp\u00e4\u00e4n ja s\u00e4ilytt\u00e4v\u00e4t kauniin ulkon\u00e4k\u00f6ns\u00e4 ajan my\u00f6t\u00e4. Lanka imee kosteutta ja hylkii likaa. Se on turvallinen vaihtoehto herkille ihmisille.<\/p>\n<p>Jokainen kela on valmistettu huolellisesti j\u00e4ljitett\u00e4vist\u00e4 eurooppalaisista pellavakuiduista ja sill\u00e4 on arvostetut sertifikaatit:<\/p>\n<ul>\n<li>OEKO-TEX\u00ae Standard 100<\/li>\n<li>Eurooppalainen pellava\u00ae<\/li>\n<li>GOTS\u00ae<\/li>\n<li>Masters of Linen\u00ae<\/li>\n<\/ul>\n<p>Sertifikaatit vahvistavat, ett\u00e4 lanka on puhdasta ja vastuullisesti tuotettua. Pellava on vahvaa ja kest\u00e4v\u00e4\u00e4. Pellavan viljely on my\u00f6s ymp\u00e4rist\u00f6yst\u00e4v\u00e4llisemp\u00e4\u00e4 kuin monien muiden viljelykasvien. Se on erinomainen valinta kaikkiin kudonta- ja ompeluprojekteihisi.<\/p>","protected":false},"excerpt":{"rendered":"<p>T\u00e4m\u00e4 valkoinen pellavalanka on valmistettu puolikosteasta pellavalanasta, mik\u00e4 antaa sille hienon mutta kest\u00e4v\u00e4n rakenteen kudontaan, ompeluun ja k\u00e4sity\u00f6projekteihin. Siin\u00e4 ei ole kemiallisia pinnoitteita. Se on sertifioitu jokaisessa vaiheessa, joten se on luotettava valinta kudontaan tai ompeluun.<\/p>\n<p><strong>Varaa aikaa<\/strong>: 1\u20133 p\u00e4iv\u00e4\u00e4<br \/>\n<strong>Toimitusaika<\/strong>: 1\u20134 viikkoa<\/p>\n<div class=\"global-icon-set\">\n<div class=\"global-icon-set__items\">\n<div class=\"global-icon-set__item\">\n<div class=\"global-icon-set__image\">\n                                    <img decoding=\"async\" src=\"https:\/\/homeofwool.com\/wp-content\/uploads\/2025\/09\/VOCs-min-300x300.png\" alt=\"vocs vapaa\" \/>\n                                <\/div>\n<div class=\"global-icon-set__title\">VOC-vapaa<\/div>\n<\/p><\/div>\n<div class=\"global-icon-set__item\">\n<div class=\"global-icon-set__image\">\n                                    <img decoding=\"async\" src=\"https:\/\/homeofwool.com\/wp-content\/uploads\/2025\/09\/free-of-synthetics-icon-300x300.png\" alt=\"synteettisi\u00e4 aineita sis\u00e4lt\u00e4m\u00e4t\u00f6n kuvake\" \/>\n                                <\/div>\n<div class=\"global-icon-set__title\">Vapaa synteettisist\u00e4 aineista<\/div>\n<\/p><\/div>\n<div class=\"global-icon-set__item\">\n<div class=\"global-icon-set__image\">\n                                    <img decoding=\"async\" src=\"https:\/\/homeofwool.com\/wp-content\/uploads\/2025\/09\/chemical-free-icon-300x300.png\" alt=\"kemikaalivapaa kuvake\" \/>\n                                <\/div>\n<div class=\"global-icon-set__title\">Kemikaalivapaa<\/div>\n<\/p><\/div>\n<\/p><\/div>\n<\/p><\/div>","protected":false},"featured_media":223036,"template":"","meta":{"_acf_changed":false},"product_brand":[],"product_cat":[25],"product_tag":[1370],"class_list":{"0":"post-217541","1":"product","2":"type-product","3":"status-publish","4":"has-post-thumbnail","6":"product_cat-wool-fabrics-batting","7":"product_tag-nosteps","9":"first","10":"instock","11":"shipping-taxable","12":"purchasable","13":"product-type-simple"},"acf":[],"yoast_head":"<!-- This site is optimized with the Yoast SEO Premium plugin v27.3 (Yoast SEO v27.3) - https:\/\/yoast.com\/product\/yoast-seo-premium-wordpress\/ -->\n<title>White Linen Thread \u2013 All Natural &amp; Durable | Home of Wool<\/title>\n<meta name=\"description\" content=\"Strong and natural, the White Linen Thread is breathable and eco-friendly. Durable and toxin-free, it\u2019s a reliable choice for upholstery, bedding, and sustainable, long-lasting DIY projects.\" \/>\n<meta name=\"robots\" content=\"index, follow, max-snippet:-1, max-image-preview:large, max-video-preview:-1\" \/>\n<link rel=\"canonical\" href=\"https:\/\/homeofwool.com\/fi\/shop\/pellavalanka-valkoinen\/\" \/>\n<meta property=\"og:locale\" content=\"fi_FI\" \/>\n<meta property=\"og:type\" content=\"article\" \/>\n<meta property=\"og:title\" content=\"Linen Thread \u2013 White\" \/>\n<meta property=\"og:description\" content=\"Strong and natural, the White Linen Thread is breathable and eco-friendly. Durable and toxin-free, it\u2019s a reliable choice for upholstery, bedding, and sustainable, long-lasting DIY projects.\" \/>\n<meta property=\"og:url\" content=\"https:\/\/homeofwool.com\/fi\/shop\/pellavalanka-valkoinen\/\" \/>\n<meta property=\"og:site_name\" content=\"Home of Wool\" \/>\n<meta property=\"article:publisher\" content=\"https:\/\/facebook.com\/HomeOfWoolOfficial\" \/>\n<meta property=\"article:modified_time\" content=\"2026-02-09T13:01:56+00:00\" \/>\n<meta property=\"og:image\" content=\"https:\/\/homeofwool.com\/wp-content\/uploads\/2025\/09\/home-of-wool-linen-thread-\u2013-white-img_8397.jpg\" \/>\n\t<meta property=\"og:image:width\" content=\"2000\" \/>\n\t<meta property=\"og:image:height\" content=\"1600\" \/>\n\t<meta property=\"og:image:type\" content=\"image\/jpeg\" \/>\n<meta name=\"twitter:card\" content=\"summary_large_image\" \/>\n<meta name=\"twitter:label1\" content=\"Arvioitu lukuaika\" \/>\n\t<meta name=\"twitter:data1\" content=\"1 minuutti\" \/>\n<script type=\"application\/ld+json\" class=\"yoast-schema-graph\">{\"@context\":\"https:\\\/\\\/schema.org\",\"@graph\":[{\"@type\":\"WebPage\",\"@id\":\"https:\\\/\\\/homeofwool.com\\\/it\\\/negozio\\\/filo-di-lino-bianco\\\/\",\"url\":\"https:\\\/\\\/homeofwool.com\\\/it\\\/negozio\\\/filo-di-lino-bianco\\\/\",\"name\":\"White Linen Thread \u2013 All Natural & Durable | Home of Wool\",\"isPartOf\":{\"@id\":\"https:\\\/\\\/homeofwool.com\\\/#website\"},\"primaryImageOfPage\":{\"@id\":\"https:\\\/\\\/homeofwool.com\\\/it\\\/negozio\\\/filo-di-lino-bianco\\\/#primaryimage\"},\"image\":{\"@id\":\"https:\\\/\\\/homeofwool.com\\\/it\\\/negozio\\\/filo-di-lino-bianco\\\/#primaryimage\"},\"thumbnailUrl\":\"https:\\\/\\\/homeofwool.com\\\/wp-content\\\/uploads\\\/2025\\\/09\\\/home-of-wool-linen-thread-\u2013-white-img_8397.jpg\",\"datePublished\":\"2025-09-02T12:00:57+00:00\",\"dateModified\":\"2026-02-09T13:01:56+00:00\",\"description\":\"Strong and natural, the White Linen Thread is breathable and eco-friendly. Durable and toxin-free, it\u2019s a reliable choice for upholstery, bedding, and sustainable, long-lasting DIY projects.\",\"breadcrumb\":{\"@id\":\"https:\\\/\\\/homeofwool.com\\\/it\\\/negozio\\\/filo-di-lino-bianco\\\/#breadcrumb\"},\"inLanguage\":\"fi\",\"potentialAction\":[{\"@type\":\"ReadAction\",\"target\":[\"https:\\\/\\\/homeofwool.com\\\/it\\\/negozio\\\/filo-di-lino-bianco\\\/\"]}]},{\"@type\":\"ImageObject\",\"inLanguage\":\"fi\",\"@id\":\"https:\\\/\\\/homeofwool.com\\\/it\\\/negozio\\\/filo-di-lino-bianco\\\/#primaryimage\",\"url\":\"https:\\\/\\\/homeofwool.com\\\/wp-content\\\/uploads\\\/2025\\\/09\\\/home-of-wool-linen-thread-\u2013-white-img_8397.jpg\",\"contentUrl\":\"https:\\\/\\\/homeofwool.com\\\/wp-content\\\/uploads\\\/2025\\\/09\\\/home-of-wool-linen-thread-\u2013-white-img_8397.jpg\",\"width\":2000,\"height\":1600,\"caption\":\"linen thread roll\"},{\"@type\":\"BreadcrumbList\",\"@id\":\"https:\\\/\\\/homeofwool.com\\\/it\\\/negozio\\\/filo-di-lino-bianco\\\/#breadcrumb\",\"itemListElement\":[{\"@type\":\"ListItem\",\"position\":1,\"name\":\"Home\",\"item\":\"https:\\\/\\\/homeofwool.com\\\/\"},{\"@type\":\"ListItem\",\"position\":2,\"name\":\"Products\",\"item\":\"https:\\\/\\\/homeofwool.com\\\/header-search-2\\\/\"},{\"@type\":\"ListItem\",\"position\":3,\"name\":\"Linen Thread \u2013 White\"}]},{\"@type\":\"WebSite\",\"@id\":\"https:\\\/\\\/homeofwool.com\\\/#website\",\"url\":\"https:\\\/\\\/homeofwool.com\\\/\",\"name\":\"Home of Wool\",\"description\":\"\",\"publisher\":{\"@id\":\"https:\\\/\\\/homeofwool.com\\\/#organization\"},\"potentialAction\":[{\"@type\":\"SearchAction\",\"target\":{\"@type\":\"EntryPoint\",\"urlTemplate\":\"https:\\\/\\\/homeofwool.com\\\/?s={search_term_string}\"},\"query-input\":{\"@type\":\"PropertyValueSpecification\",\"valueRequired\":true,\"valueName\":\"search_term_string\"}}],\"inLanguage\":\"fi\"},{\"@type\":\"Organization\",\"@id\":\"https:\\\/\\\/homeofwool.com\\\/#organization\",\"name\":\"Home of Wool\",\"url\":\"https:\\\/\\\/homeofwool.com\\\/\",\"logo\":{\"@type\":\"ImageObject\",\"inLanguage\":\"fi\",\"@id\":\"https:\\\/\\\/homeofwool.com\\\/#\\\/schema\\\/logo\\\/image\\\/\",\"url\":\"https:\\\/\\\/homeofwool.com\\\/wp-content\\\/uploads\\\/2025\\\/09\\\/WhatsApp-Image-2025-12-02-at-16.23.20.jpeg\",\"contentUrl\":\"https:\\\/\\\/homeofwool.com\\\/wp-content\\\/uploads\\\/2025\\\/09\\\/WhatsApp-Image-2025-12-02-at-16.23.20.jpeg\",\"width\":700,\"height\":247,\"caption\":\"Home of Wool\"},\"image\":{\"@id\":\"https:\\\/\\\/homeofwool.com\\\/#\\\/schema\\\/logo\\\/image\\\/\"},\"sameAs\":[\"https:\\\/\\\/facebook.com\\\/HomeOfWoolOfficial\"]}]}<\/script>\n<!-- \/ Yoast SEO Premium plugin. -->","yoast_head_json":{"title":"Valkoinen pellavalanka \u2013 t\u00e4ysin luonnollinen ja kest\u00e4v\u00e4 | Home of Wool","description":"Vahva ja luonnollinen valkoinen pellavalanka on hengitt\u00e4v\u00e4 ja ymp\u00e4rist\u00f6yst\u00e4v\u00e4llinen. Kest\u00e4v\u00e4 ja myrkyt\u00f6n, se on luotettava valinta verhoiluun, vuodevaatteisiin ja kest\u00e4v\u00e4\u00e4n, pitk\u00e4aikaiseen DIY-projekteihin.","robots":{"index":"index","follow":"follow","max-snippet":"max-snippet:-1","max-image-preview":"max-image-preview:large","max-video-preview":"max-video-preview:-1"},"canonical":"https:\/\/homeofwool.com\/fi\/shop\/pellavalanka-valkoinen\/","og_locale":"fi_FI","og_type":"article","og_title":"Linen Thread \u2013 White","og_description":"Strong and natural, the White Linen Thread is breathable and eco-friendly. Durable and toxin-free, it\u2019s a reliable choice for upholstery, bedding, and sustainable, long-lasting DIY projects.","og_url":"https:\/\/homeofwool.com\/fi\/shop\/pellavalanka-valkoinen\/","og_site_name":"Home of Wool","article_publisher":"https:\/\/facebook.com\/HomeOfWoolOfficial","article_modified_time":"2026-02-09T13:01:56+00:00","og_image":[{"width":2000,"height":1600,"url":"https:\/\/homeofwool.com\/wp-content\/uploads\/2025\/09\/home-of-wool-linen-thread-\u2013-white-img_8397.jpg","type":"image\/jpeg"}],"twitter_card":"summary_large_image","twitter_misc":{"Arvioitu lukuaika":"1 minuutti"},"schema":{"@context":"https:\/\/schema.org","@graph":[{"@type":"WebPage","@id":"https:\/\/homeofwool.com\/it\/negozio\/filo-di-lino-bianco\/","url":"https:\/\/homeofwool.com\/it\/negozio\/filo-di-lino-bianco\/","name":"Valkoinen pellavalanka \u2013 t\u00e4ysin luonnollinen ja kest\u00e4v\u00e4 | Home of Wool","isPartOf":{"@id":"https:\/\/homeofwool.com\/#website"},"primaryImageOfPage":{"@id":"https:\/\/homeofwool.com\/it\/negozio\/filo-di-lino-bianco\/#primaryimage"},"image":{"@id":"https:\/\/homeofwool.com\/it\/negozio\/filo-di-lino-bianco\/#primaryimage"},"thumbnailUrl":"https:\/\/homeofwool.com\/wp-content\/uploads\/2025\/09\/home-of-wool-linen-thread-\u2013-white-img_8397.jpg","datePublished":"2025-09-02T12:00:57+00:00","dateModified":"2026-02-09T13:01:56+00:00","description":"Vahva ja luonnollinen valkoinen pellavalanka on hengitt\u00e4v\u00e4 ja ymp\u00e4rist\u00f6yst\u00e4v\u00e4llinen. Kest\u00e4v\u00e4 ja myrkyt\u00f6n, se on luotettava valinta verhoiluun, vuodevaatteisiin ja kest\u00e4v\u00e4\u00e4n, pitk\u00e4aikaiseen DIY-projekteihin.","breadcrumb":{"@id":"https:\/\/homeofwool.com\/it\/negozio\/filo-di-lino-bianco\/#breadcrumb"},"inLanguage":"fi","potentialAction":[{"@type":"ReadAction","target":["https:\/\/homeofwool.com\/it\/negozio\/filo-di-lino-bianco\/"]}]},{"@type":"ImageObject","inLanguage":"fi","@id":"https:\/\/homeofwool.com\/it\/negozio\/filo-di-lino-bianco\/#primaryimage","url":"https:\/\/homeofwool.com\/wp-content\/uploads\/2025\/09\/home-of-wool-linen-thread-\u2013-white-img_8397.jpg","contentUrl":"https:\/\/homeofwool.com\/wp-content\/uploads\/2025\/09\/home-of-wool-linen-thread-\u2013-white-img_8397.jpg","width":2000,"height":1600,"caption":"linen thread roll"},{"@type":"BreadcrumbList","@id":"https:\/\/homeofwool.com\/it\/negozio\/filo-di-lino-bianco\/#breadcrumb","itemListElement":[{"@type":"ListItem","position":1,"name":"Home","item":"https:\/\/homeofwool.com\/"},{"@type":"ListItem","position":2,"name":"Products","item":"https:\/\/homeofwool.com\/header-search-2\/"},{"@type":"ListItem","position":3,"name":"Linen Thread \u2013 White"}]},{"@type":"WebSite","@id":"https:\/\/homeofwool.com\/#website","url":"https:\/\/homeofwool.com\/","name":"Villan koti","description":"","publisher":{"@id":"https:\/\/homeofwool.com\/#organization"},"potentialAction":[{"@type":"SearchAction","target":{"@type":"EntryPoint","urlTemplate":"https:\/\/homeofwool.com\/?s={search_term_string}"},"query-input":{"@type":"PropertyValueSpecification","valueRequired":true,"valueName":"search_term_string"}}],"inLanguage":"fi"},{"@type":"Organization","@id":"https:\/\/homeofwool.com\/#organization","name":"Villan koti","url":"https:\/\/homeofwool.com\/","logo":{"@type":"ImageObject","inLanguage":"fi","@id":"https:\/\/homeofwool.com\/#\/schema\/logo\/image\/","url":"https:\/\/homeofwool.com\/wp-content\/uploads\/2025\/09\/WhatsApp-Image-2025-12-02-at-16.23.20.jpeg","contentUrl":"https:\/\/homeofwool.com\/wp-content\/uploads\/2025\/09\/WhatsApp-Image-2025-12-02-at-16.23.20.jpeg","width":700,"height":247,"caption":"Home of Wool"},"image":{"@id":"https:\/\/homeofwool.com\/#\/schema\/logo\/image\/"},"sameAs":["https:\/\/facebook.com\/HomeOfWoolOfficial"]}]}},"_links":{"self":[{"href":"https:\/\/homeofwool.com\/fi\/wp-json\/wp\/v2\/product\/217541","targetHints":{"allow":["GET"]}}],"collection":[{"href":"https:\/\/homeofwool.com\/fi\/wp-json\/wp\/v2\/product"}],"about":[{"href":"https:\/\/homeofwool.com\/fi\/wp-json\/wp\/v2\/types\/product"}],"version-history":[{"count":1,"href":"https:\/\/homeofwool.com\/fi\/wp-json\/wp\/v2\/product\/217541\/revisions"}],"predecessor-version":[{"id":227858,"href":"https:\/\/homeofwool.com\/fi\/wp-json\/wp\/v2\/product\/217541\/revisions\/227858"}],"wp:featuredmedia":[{"embeddable":true,"href":"https:\/\/homeofwool.com\/fi\/wp-json\/wp\/v2\/media\/223036"}],"wp:attachment":[{"href":"https:\/\/homeofwool.com\/fi\/wp-json\/wp\/v2\/media?parent=217541"}],"wp:term":[{"taxonomy":"product_brand","embeddable":true,"href":"https:\/\/homeofwool.com\/fi\/wp-json\/wp\/v2\/product_brand?post=217541"},{"taxonomy":"product_cat","embeddable":true,"href":"https:\/\/homeofwool.com\/fi\/wp-json\/wp\/v2\/product_cat?post=217541"},{"taxonomy":"product_tag","embeddable":true,"href":"https:\/\/homeofwool.com\/fi\/wp-json\/wp\/v2\/product_tag?post=217541"}],"curies":[{"name":"wp","href":"https:\/\/api.w.org\/{rel}","templated":true}]}}