{"id":217538,"date":"2025-09-02T12:00:56","date_gmt":"2025-09-02T12:00:56","guid":{"rendered":"https:\/\/homeofwool.com\/?post_type=product&#038;p=217538"},"modified":"2026-02-09T13:01:53","modified_gmt":"2026-02-09T13:01:53","slug":"montessori-kankaiden-laatikko","status":"publish","type":"product","link":"https:\/\/homeofwool.com\/fi\/shop\/montessori-fabrics-box\/","title":{"rendered":"Montessori-kankaat laatikko"},"content":{"rendered":"<div data-elementor-type=\"product-post\" data-elementor-id=\"217538\" class=\"elementor elementor-217538\" data-elementor-post-type=\"product\">\n\t\t\t\t<div class=\"elementor-element elementor-element-438d2479 e-flex e-con-boxed e-con e-parent\" data-id=\"438d2479\" data-element_type=\"container\" data-e-type=\"container\">\n\t\t\t\t\t<div class=\"e-con-inner\">\n\t\t\t\t<div class=\"elementor-element elementor-element-6e6f3a81 elementor-widget elementor-widget-text-editor\" data-id=\"6e6f3a81\" data-element_type=\"widget\" data-e-type=\"widget\" data-widget_type=\"text-editor.default\">\n\t\t\t\t\t\t\t\t\t<p>Tohtori Maria Montessori suunnitteli ja kehitti aistimateriaaleja auttaakseen lapsia kehitt\u00e4m\u00e4\u00e4n ja hienos\u00e4\u00e4t\u00e4m\u00e4\u00e4n viitt\u00e4 aistiaan: makuaistia, hajuaistia, tuntoaistia, kuuloaistia ja n\u00e4k\u00f6aistia.<p>Montessori-luokissa ja kodeissa ymp\u00e4ri maailmaa lapsia kannustetaan oppimaan k\u00e4sill\u00e4\u00e4n \u2013 koskettamalla, tuntemalla ja tekem\u00e4ll\u00e4.<p>Montessori-kankaiden laatikko on suunniteltu kehitt\u00e4m\u00e4\u00e4n ja hienos\u00e4\u00e4t\u00e4m\u00e4\u00e4n lasten tuntoaistia, kun he yritt\u00e4v\u00e4t yhdist\u00e4\u00e4 kankaat pareittain aikuisen opastuksella. Aluksi silm\u00e4t auki ja my\u00f6hemmin silm\u00e4t sidottuina.<p>Home of Wool-kankaiden laatikko sis\u00e4lt\u00e4\u00e4 6 paria t\u00e4ysin luonnollisia, v\u00e4rj\u00e4\u00e4m\u00e4tt\u00f6mi\u00e4 ja valkaisemattomia kankaita (9 x 9 cm \/ 3,5 x 3,5 tuumaa) kartonkilaatikossa:<p>100% Orgaaninen puuvilla<p>100% Pellava<p>62% Pellava 38% Puuvilla<p>100% Neitsytvilla<p>Mulberry Silk<p>Villavanu<p>Kaikilla n\u00e4ill\u00e4 kankailla on hyvin erityinen tekstuuri, ja olemme varmoja, ett\u00e4 sek\u00e4 lapset ett\u00e4 vanhemmat oppivat paljon t\u00e4m\u00e4n materiaalin kautta.<p>Kun lapsesi ovat valmiita siihen, voit my\u00f6s esitell\u00e4 heille kankaiden nimet, mik\u00e4 lis\u00e4\u00e4 heid\u00e4n sanavarastoaan entisest\u00e4\u00e4n, ja kertoa heille, miten n\u00e4m\u00e4 kankaat on valmistettu.<p>Mulberry Silkin luomisen tarina olisi erityisen mielenkiintoinen. Voisit jopa menn\u00e4 pidemm\u00e4lle ja hoitaa silkkitoukkaa jonkin aikaa ja todistaa sen metamorfoosin: ruokkia sit\u00e4 mulberry-lehdill\u00e4, katsella sen muuttuvan koteloksi ja sen j\u00e4lkeen perhoseksi!<p>Jokaisen kankaamme takana on niin paljon tarinoita, ett\u00e4 lapsesi haluaisi varmasti kuulla ne!<p>Valmistusaika: 1\u20133 p\u00e4iv\u00e4\u00e4<br \/>Toimitusaika: 1\u20134 viikkoa<br \/>L\u00e4het\u00e4 meille viesti, jos haluat tilata pikatoimituksen.\t\t\t\t\t\t\t\t<\/div>\n\t\t\t\t\t<\/div>\n\t\t\t\t<\/div>\n\t\t\t\t<\/div>","protected":false},"excerpt":{"rendered":"<p>T\u00e4m\u00e4 Montessori-kankaiden laatikko on kauniisti yksinkertainen tapa kehitt\u00e4\u00e4 lapsen tuntoaistia leikin kautta. Huolellisesti valitut luonnonmateriaalista valmistetut kankaat her\u00e4tt\u00e4v\u00e4t lapsen uteliaisuuden, vahvistavat aistien tietoisuutta ja luovat iloisia l\u00f6yt\u00e4misen hetki\u00e4.<\/p>\n<div class=\"global-icon-set\">\n<div class=\"global-icon-set__items\">\n<div class=\"global-icon-set__item\">\n<div class=\"global-icon-set__image\">\n                                    <img decoding=\"async\" src=\"https:\/\/homeofwool.com\/wp-content\/uploads\/2025\/09\/handmade-icon-300x300.png\" alt=\"k\u00e4sintehty kuvake\" \/>\n                                <\/div>\n<div class=\"global-icon-set__title\">K\u00e4sintehty<\/div>\n<\/p><\/div>\n<div class=\"global-icon-set__item\">\n<div class=\"global-icon-set__image\">\n                                    <img decoding=\"async\" src=\"https:\/\/homeofwool.com\/wp-content\/uploads\/2025\/09\/VOCs-min-300x300.png\" alt=\"vocs vapaa\" \/>\n                                <\/div>\n<div class=\"global-icon-set__title\">VOC-vapaa<\/div>\n<\/p><\/div>\n<div class=\"global-icon-set__item\">\n<div class=\"global-icon-set__image\">\n                                    <img decoding=\"async\" src=\"https:\/\/homeofwool.com\/wp-content\/uploads\/2025\/09\/Hypoallergenic-min-300x300.png\" alt=\"hypoallergeeninen kuvake\" \/>\n                                <\/div>\n<div class=\"global-icon-set__title\">Hypoallergeeninen<\/div>\n<\/p><\/div>\n<div class=\"global-icon-set__item\">\n<div class=\"global-icon-set__image\">\n                                    <img decoding=\"async\" src=\"https:\/\/homeofwool.com\/wp-content\/uploads\/2025\/09\/free-of-synthetics-icon-300x300.png\" alt=\"synteettisi\u00e4 aineita sis\u00e4lt\u00e4m\u00e4t\u00f6n kuvake\" \/>\n                                <\/div>\n<div class=\"global-icon-set__title\">Vapaa synteettisist\u00e4 aineista<\/div>\n<\/p><\/div>\n<div class=\"global-icon-set__item\">\n<div class=\"global-icon-set__image\">\n                                    <img decoding=\"async\" src=\"https:\/\/homeofwool.com\/wp-content\/uploads\/2025\/09\/chemical-free-icon-300x300.png\" alt=\"kemikaalivapaa kuvake\" \/>\n                                <\/div>\n<div class=\"global-icon-set__title\">Kemikaalivapaa<\/div>\n<\/p><\/div>\n<div class=\"global-icon-set__item\">\n<div class=\"global-icon-set__image\">\n                                    <img decoding=\"async\" src=\"https:\/\/homeofwool.com\/wp-content\/uploads\/2025\/09\/certified-materials-icon-300x300.png\" alt=\"sertifioitujen materiaalien kuvake\" \/>\n                                <\/div>\n<div class=\"global-icon-set__title\">100% Puhtaat sertifioidut materiaalit<\/div>\n<\/p><\/div>\n<\/p><\/div>\n<\/p><\/div>","protected":false},"featured_media":225363,"template":"","meta":{"_acf_changed":false},"product_brand":[],"product_cat":[265],"product_tag":[1370],"class_list":{"0":"post-217538","1":"product","2":"type-product","3":"status-publish","4":"has-post-thumbnail","6":"product_cat-playtime","7":"product_tag-nosteps","9":"first","10":"instock","11":"shipping-taxable","12":"purchasable","13":"product-type-simple"},"acf":[],"yoast_head":"<!-- This site is optimized with the Yoast SEO Premium plugin v27.5 (Yoast SEO v27.5) - https:\/\/yoast.com\/product\/yoast-seo-premium-wordpress\/ -->\n<title>Montessori Fabrics Box \u2013 Natural &amp; Educational for Kids | Home of Wool<\/title>\n<meta name=\"description\" content=\"Discover the Montessori Fabrics Box with authentic cotton, linen, wool, and silk. A natural sensory kit for tactile learning and mindful play.\" \/>\n<meta name=\"robots\" content=\"index, follow, max-snippet:-1, max-image-preview:large, max-video-preview:-1\" \/>\n<link rel=\"canonical\" href=\"https:\/\/homeofwool.com\/fi\/shop\/montessori-kankaiden-laatikko\/\" \/>\n<meta property=\"og:locale\" content=\"fi_FI\" \/>\n<meta property=\"og:type\" content=\"article\" \/>\n<meta property=\"og:title\" content=\"Montessori Fabrics Box\" \/>\n<meta property=\"og:description\" content=\"Discover the Montessori Fabrics Box with authentic cotton, linen, wool, and silk. A natural sensory kit for tactile learning and mindful play.\" \/>\n<meta property=\"og:url\" content=\"https:\/\/homeofwool.com\/fi\/shop\/montessori-kankaiden-laatikko\/\" \/>\n<meta property=\"og:site_name\" content=\"Home of Wool\" \/>\n<meta property=\"article:publisher\" content=\"https:\/\/facebook.com\/HomeOfWoolOfficial\" \/>\n<meta property=\"article:modified_time\" content=\"2026-02-09T13:01:53+00:00\" \/>\n<meta property=\"og:image\" content=\"https:\/\/homeofwool.com\/wp-content\/uploads\/2025\/09\/home-of-wool-montessori-fabrics-box-1-main.jpg\" \/>\n\t<meta property=\"og:image:width\" content=\"1900\" \/>\n\t<meta property=\"og:image:height\" content=\"1520\" \/>\n\t<meta property=\"og:image:type\" content=\"image\/jpeg\" \/>\n<meta name=\"twitter:card\" content=\"summary_large_image\" \/>\n<meta name=\"twitter:label1\" content=\"Arvioitu lukuaika\" \/>\n\t<meta name=\"twitter:data1\" content=\"2 minuuttia\" \/>\n<script type=\"application\/ld+json\" class=\"yoast-schema-graph\">{\"@context\":\"https:\\\/\\\/schema.org\",\"@graph\":[{\"@type\":\"WebPage\",\"@id\":\"https:\\\/\\\/homeofwool.com\\\/shop\\\/montessori-fabrics-box\\\/\",\"url\":\"https:\\\/\\\/homeofwool.com\\\/shop\\\/montessori-fabrics-box\\\/\",\"name\":\"Montessori Fabrics Box \u2013 Natural & Educational for Kids | Home of Wool\",\"isPartOf\":{\"@id\":\"https:\\\/\\\/homeofwool.com\\\/#website\"},\"primaryImageOfPage\":{\"@id\":\"https:\\\/\\\/homeofwool.com\\\/shop\\\/montessori-fabrics-box\\\/#primaryimage\"},\"image\":{\"@id\":\"https:\\\/\\\/homeofwool.com\\\/shop\\\/montessori-fabrics-box\\\/#primaryimage\"},\"thumbnailUrl\":\"https:\\\/\\\/homeofwool.com\\\/wp-content\\\/uploads\\\/2025\\\/09\\\/home-of-wool-montessori-fabrics-box-1-main.jpg\",\"datePublished\":\"2025-09-02T12:00:56+00:00\",\"dateModified\":\"2026-02-09T13:01:53+00:00\",\"description\":\"Discover the Montessori Fabrics Box with authentic cotton, linen, wool, and silk. A natural sensory kit for tactile learning and mindful play.\",\"breadcrumb\":{\"@id\":\"https:\\\/\\\/homeofwool.com\\\/shop\\\/montessori-fabrics-box\\\/#breadcrumb\"},\"inLanguage\":\"fi\",\"potentialAction\":[{\"@type\":\"ReadAction\",\"target\":[\"https:\\\/\\\/homeofwool.com\\\/shop\\\/montessori-fabrics-box\\\/\"]}]},{\"@type\":\"ImageObject\",\"inLanguage\":\"fi\",\"@id\":\"https:\\\/\\\/homeofwool.com\\\/shop\\\/montessori-fabrics-box\\\/#primaryimage\",\"url\":\"https:\\\/\\\/homeofwool.com\\\/wp-content\\\/uploads\\\/2025\\\/09\\\/home-of-wool-montessori-fabrics-box-1-main.jpg\",\"contentUrl\":\"https:\\\/\\\/homeofwool.com\\\/wp-content\\\/uploads\\\/2025\\\/09\\\/home-of-wool-montessori-fabrics-box-1-main.jpg\",\"width\":1900,\"height\":1520,\"caption\":\"Montessori fabrics box with fabrics laid out\"},{\"@type\":\"BreadcrumbList\",\"@id\":\"https:\\\/\\\/homeofwool.com\\\/shop\\\/montessori-fabrics-box\\\/#breadcrumb\",\"itemListElement\":[{\"@type\":\"ListItem\",\"position\":1,\"name\":\"Home\",\"item\":\"https:\\\/\\\/homeofwool.com\\\/\"},{\"@type\":\"ListItem\",\"position\":2,\"name\":\"Products\",\"item\":\"https:\\\/\\\/homeofwool.com\\\/header-search-2\\\/\"},{\"@type\":\"ListItem\",\"position\":3,\"name\":\"Montessori Fabrics Box\"}]},{\"@type\":\"WebSite\",\"@id\":\"https:\\\/\\\/homeofwool.com\\\/#website\",\"url\":\"https:\\\/\\\/homeofwool.com\\\/\",\"name\":\"Home of Wool\",\"description\":\"\",\"publisher\":{\"@id\":\"https:\\\/\\\/homeofwool.com\\\/#organization\"},\"potentialAction\":[{\"@type\":\"SearchAction\",\"target\":{\"@type\":\"EntryPoint\",\"urlTemplate\":\"https:\\\/\\\/homeofwool.com\\\/?s={search_term_string}\"},\"query-input\":{\"@type\":\"PropertyValueSpecification\",\"valueRequired\":true,\"valueName\":\"search_term_string\"}}],\"inLanguage\":\"fi\"},{\"@type\":\"Organization\",\"@id\":\"https:\\\/\\\/homeofwool.com\\\/#organization\",\"name\":\"Home of Wool\",\"url\":\"https:\\\/\\\/homeofwool.com\\\/\",\"logo\":{\"@type\":\"ImageObject\",\"inLanguage\":\"fi\",\"@id\":\"https:\\\/\\\/homeofwool.com\\\/#\\\/schema\\\/logo\\\/image\\\/\",\"url\":\"https:\\\/\\\/homeofwool.com\\\/wp-content\\\/uploads\\\/2025\\\/09\\\/WhatsApp-Image-2025-12-02-at-16.23.20.jpeg\",\"contentUrl\":\"https:\\\/\\\/homeofwool.com\\\/wp-content\\\/uploads\\\/2025\\\/09\\\/WhatsApp-Image-2025-12-02-at-16.23.20.jpeg\",\"width\":700,\"height\":247,\"caption\":\"Home of Wool\"},\"image\":{\"@id\":\"https:\\\/\\\/homeofwool.com\\\/#\\\/schema\\\/logo\\\/image\\\/\"},\"sameAs\":[\"https:\\\/\\\/facebook.com\\\/HomeOfWoolOfficial\"]}]}<\/script>\n<!-- \/ Yoast SEO Premium plugin. -->","yoast_head_json":{"title":"Montessori-kankaiden laatikko \u2013 luonnollinen ja opettavainen lapsille | Home of Wool","description":"Tutustu Montessori Fabrics Box -laatikkoon, joka sis\u00e4lt\u00e4\u00e4 aitoa puuvillaa, pellavaa, villaa ja silkki\u00e4. Luonnollinen aistien kehittymist\u00e4 edist\u00e4v\u00e4 paketti kosketusoppimiseen ja tietoiseen leikkiin.","robots":{"index":"index","follow":"follow","max-snippet":"max-snippet:-1","max-image-preview":"max-image-preview:large","max-video-preview":"max-video-preview:-1"},"canonical":"https:\/\/homeofwool.com\/fi\/shop\/montessori-kankaiden-laatikko\/","og_locale":"fi_FI","og_type":"article","og_title":"Montessori Fabrics Box","og_description":"Discover the Montessori Fabrics Box with authentic cotton, linen, wool, and silk. A natural sensory kit for tactile learning and mindful play.","og_url":"https:\/\/homeofwool.com\/fi\/shop\/montessori-kankaiden-laatikko\/","og_site_name":"Home of Wool","article_publisher":"https:\/\/facebook.com\/HomeOfWoolOfficial","article_modified_time":"2026-02-09T13:01:53+00:00","og_image":[{"width":1900,"height":1520,"url":"https:\/\/homeofwool.com\/wp-content\/uploads\/2025\/09\/home-of-wool-montessori-fabrics-box-1-main.jpg","type":"image\/jpeg"}],"twitter_card":"summary_large_image","twitter_misc":{"Arvioitu lukuaika":"2 minuuttia"},"schema":{"@context":"https:\/\/schema.org","@graph":[{"@type":"WebPage","@id":"https:\/\/homeofwool.com\/shop\/montessori-fabrics-box\/","url":"https:\/\/homeofwool.com\/shop\/montessori-fabrics-box\/","name":"Montessori-kankaiden laatikko \u2013 luonnollinen ja opettavainen lapsille | Home of Wool","isPartOf":{"@id":"https:\/\/homeofwool.com\/#website"},"primaryImageOfPage":{"@id":"https:\/\/homeofwool.com\/shop\/montessori-fabrics-box\/#primaryimage"},"image":{"@id":"https:\/\/homeofwool.com\/shop\/montessori-fabrics-box\/#primaryimage"},"thumbnailUrl":"https:\/\/homeofwool.com\/wp-content\/uploads\/2025\/09\/home-of-wool-montessori-fabrics-box-1-main.jpg","datePublished":"2025-09-02T12:00:56+00:00","dateModified":"2026-02-09T13:01:53+00:00","description":"Tutustu Montessori Fabrics Box -laatikkoon, joka sis\u00e4lt\u00e4\u00e4 aitoa puuvillaa, pellavaa, villaa ja silkki\u00e4. Luonnollinen aistien kehittymist\u00e4 edist\u00e4v\u00e4 paketti kosketusoppimiseen ja tietoiseen leikkiin.","breadcrumb":{"@id":"https:\/\/homeofwool.com\/shop\/montessori-fabrics-box\/#breadcrumb"},"inLanguage":"fi","potentialAction":[{"@type":"ReadAction","target":["https:\/\/homeofwool.com\/shop\/montessori-fabrics-box\/"]}]},{"@type":"ImageObject","inLanguage":"fi","@id":"https:\/\/homeofwool.com\/shop\/montessori-fabrics-box\/#primaryimage","url":"https:\/\/homeofwool.com\/wp-content\/uploads\/2025\/09\/home-of-wool-montessori-fabrics-box-1-main.jpg","contentUrl":"https:\/\/homeofwool.com\/wp-content\/uploads\/2025\/09\/home-of-wool-montessori-fabrics-box-1-main.jpg","width":1900,"height":1520,"caption":"Montessori fabrics box with fabrics laid out"},{"@type":"BreadcrumbList","@id":"https:\/\/homeofwool.com\/shop\/montessori-fabrics-box\/#breadcrumb","itemListElement":[{"@type":"ListItem","position":1,"name":"Home","item":"https:\/\/homeofwool.com\/"},{"@type":"ListItem","position":2,"name":"Products","item":"https:\/\/homeofwool.com\/header-search-2\/"},{"@type":"ListItem","position":3,"name":"Montessori Fabrics Box"}]},{"@type":"WebSite","@id":"https:\/\/homeofwool.com\/#website","url":"https:\/\/homeofwool.com\/","name":"Villan koti","description":"","publisher":{"@id":"https:\/\/homeofwool.com\/#organization"},"potentialAction":[{"@type":"SearchAction","target":{"@type":"EntryPoint","urlTemplate":"https:\/\/homeofwool.com\/?s={search_term_string}"},"query-input":{"@type":"PropertyValueSpecification","valueRequired":true,"valueName":"search_term_string"}}],"inLanguage":"fi"},{"@type":"Organization","@id":"https:\/\/homeofwool.com\/#organization","name":"Villan koti","url":"https:\/\/homeofwool.com\/","logo":{"@type":"ImageObject","inLanguage":"fi","@id":"https:\/\/homeofwool.com\/#\/schema\/logo\/image\/","url":"https:\/\/homeofwool.com\/wp-content\/uploads\/2025\/09\/WhatsApp-Image-2025-12-02-at-16.23.20.jpeg","contentUrl":"https:\/\/homeofwool.com\/wp-content\/uploads\/2025\/09\/WhatsApp-Image-2025-12-02-at-16.23.20.jpeg","width":700,"height":247,"caption":"Home of Wool"},"image":{"@id":"https:\/\/homeofwool.com\/#\/schema\/logo\/image\/"},"sameAs":["https:\/\/facebook.com\/HomeOfWoolOfficial"]}]}},"_links":{"self":[{"href":"https:\/\/homeofwool.com\/fi\/wp-json\/wp\/v2\/product\/217538","targetHints":{"allow":["GET"]}}],"collection":[{"href":"https:\/\/homeofwool.com\/fi\/wp-json\/wp\/v2\/product"}],"about":[{"href":"https:\/\/homeofwool.com\/fi\/wp-json\/wp\/v2\/types\/product"}],"version-history":[{"count":1,"href":"https:\/\/homeofwool.com\/fi\/wp-json\/wp\/v2\/product\/217538\/revisions"}],"predecessor-version":[{"id":227861,"href":"https:\/\/homeofwool.com\/fi\/wp-json\/wp\/v2\/product\/217538\/revisions\/227861"}],"wp:featuredmedia":[{"embeddable":true,"href":"https:\/\/homeofwool.com\/fi\/wp-json\/wp\/v2\/media\/225363"}],"wp:attachment":[{"href":"https:\/\/homeofwool.com\/fi\/wp-json\/wp\/v2\/media?parent=217538"}],"wp:term":[{"taxonomy":"product_brand","embeddable":true,"href":"https:\/\/homeofwool.com\/fi\/wp-json\/wp\/v2\/product_brand?post=217538"},{"taxonomy":"product_cat","embeddable":true,"href":"https:\/\/homeofwool.com\/fi\/wp-json\/wp\/v2\/product_cat?post=217538"},{"taxonomy":"product_tag","embeddable":true,"href":"https:\/\/homeofwool.com\/fi\/wp-json\/wp\/v2\/product_tag?post=217538"}],"curies":[{"name":"wp","href":"https:\/\/api.w.org\/{rel}","templated":true}]}}