{"id":217535,"date":"2025-09-02T12:00:56","date_gmt":"2025-09-02T12:00:56","guid":{"rendered":"https:\/\/homeofwool.com\/?post_type=product&#038;p=217535"},"modified":"2026-04-17T12:46:10","modified_gmt":"2026-04-17T12:46:10","slug":"ergonominen-tyynyliina","status":"publish","type":"product","link":"https:\/\/homeofwool.com\/fi\/shop\/ergonomic-pillowcase\/","title":{"rendered":"Ergonominen tyynyliina"},"content":{"rendered":"<p>Ergonominen tyynyliinamme on muotoiltu sopimaan ergonomisiin tyynyihimme, joten se pysyy siistin\u00e4 ja tukevana koko y\u00f6n. Jokainen mittatilausty\u00f6n\u00e4 valmistettu tyynyliina on k\u00e4sintehty luonnonmateriaaleista. Valitse merinovillajersey, mulberry-silkki tai 59%-pellava\/41%-puuvillaseos. Kangasvalinnasta riippumatta saat luonnollisen tyynyliinan, joka tuntuu pehme\u00e4lt\u00e4 ja kest\u00e4\u00e4 hyvin kulutusta.<\/p>\n<p>N\u00e4m\u00e4 luonnonkuidut p\u00e4\u00e4st\u00e4v\u00e4t ilman virtaamaan vapaasti, joten mukava tyynyliina tuntuu viile\u00e4lt\u00e4 kes\u00e4ll\u00e4 ja l\u00e4mpim\u00e4lt\u00e4 talvella. Ne my\u00f6s vastustavat p\u00f6lypunkkeja ja hometta, joten t\u00e4m\u00e4 on hypoallergeeninen tyynyliina, johon voit luottaa, jos sinulla on astma tai allergioita. Jokainen mittatilausty\u00f6n\u00e4 valmistettu tyynyliina on osa kest\u00e4v\u00e4n ylellisyyden ideaamme: t\u00e4ysin luonnollinen, k\u00e4yt\u00e4nn\u00f6llinen ja suunniteltu terveytt\u00e4si ja mukavuuttasi ajatellen.<\/p>\n<p>Jokainen k\u00e4sintehty tyynyliina on leikattu ja ommeltu sopimaan t\u00e4ydellisesti ergonomisiin tyynyihimme. Voit tilata ensin kangasn\u00e4ytteit\u00e4 varmistaaksesi, ett\u00e4 olet l\u00f6yt\u00e4nyt juuri sinulle sopivan tekstuurin.<\/p>\n<p><strong>VALMISTUS JA TOIMITUS:<\/strong><br \/>\nVakiovalmistusaika: 5\u20137 p\u00e4iv\u00e4\u00e4<br \/>\nIlmainen toimitusaika: 1\u20134 viikkoa<br \/>\nPikatoimitusaika: 3\u20134 p\u00e4iv\u00e4\u00e4<\/p>","protected":false},"excerpt":{"rendered":"<p>Mietitk\u00f6, miten ergonominen tyyny voidaan peitt\u00e4\u00e4 liukumatta ja tuntumatta ep\u00e4mukavalta? T\u00e4m\u00e4 k\u00e4sintehty tyynyliina on ommeltu tyynyn muotoa vastaavaksi ja valmistettu luonnollisista, hengitt\u00e4vist\u00e4 kankaista. Pieni mutta huomaavainen orgaaninen vuodevaatteiden lis\u00e4varuste tarjoaa sinulle mukavan, myrkytt\u00f6m\u00e4n ja kest\u00e4v\u00e4n tyynyliinan.<\/p>\n<p><strong>KOKO<\/strong>:<\/p>\n<ul>\n<li>High Loft: 20 x 13 x 5\u2033 (51 x 33 x 13 cm)<\/li>\n<li>Low Loft: 20 x 13 x 2,5\u2033 (51 x 33 x 6,5 cm)<\/li>\n<\/ul>\n<div class=\"global-icon-set\">\n<div class=\"global-icon-set__items\">\n<div class=\"global-icon-set__item\">\n<div class=\"global-icon-set__image\">\n                                    <img decoding=\"async\" src=\"https:\/\/homeofwool.com\/wp-content\/uploads\/2025\/09\/handmade-icon-300x300.png\" alt=\"k\u00e4sintehty kuvake\" \/>\n                                <\/div>\n<div class=\"global-icon-set__title\">K\u00e4sintehty<\/div>\n<\/p><\/div>\n<div class=\"global-icon-set__item\">\n<div class=\"global-icon-set__image\">\n                                    <img decoding=\"async\" src=\"https:\/\/homeofwool.com\/wp-content\/uploads\/2025\/09\/VOCs-min-300x300.png\" alt=\"vocs vapaa\" \/>\n                                <\/div>\n<div class=\"global-icon-set__title\">VOC-vapaa<\/div>\n<\/p><\/div>\n<div class=\"global-icon-set__item\">\n<div class=\"global-icon-set__image\">\n                                    <img decoding=\"async\" src=\"https:\/\/homeofwool.com\/wp-content\/uploads\/2025\/09\/free-of-synthetics-icon-300x300.png\" alt=\"synteettisi\u00e4 aineita sis\u00e4lt\u00e4m\u00e4t\u00f6n kuvake\" \/>\n                                <\/div>\n<div class=\"global-icon-set__title\">Vapaa synteettisist\u00e4 aineista<\/div>\n<\/p><\/div>\n<div class=\"global-icon-set__item\">\n<div class=\"global-icon-set__image\">\n                                    <img decoding=\"async\" src=\"https:\/\/homeofwool.com\/wp-content\/uploads\/2025\/09\/chemical-free-icon-300x300.png\" alt=\"kemikaalivapaa kuvake\" \/>\n                                <\/div>\n<div class=\"global-icon-set__title\">Kemikaalivapaa<\/div>\n<\/p><\/div>\n<div class=\"global-icon-set__item\">\n<div class=\"global-icon-set__image\">\n                                    <img decoding=\"async\" src=\"https:\/\/homeofwool.com\/wp-content\/uploads\/2025\/09\/certified-materials-icon-300x300.png\" alt=\"sertifioitujen materiaalien kuvake\" \/>\n                                <\/div>\n<div class=\"global-icon-set__title\">100% Puhtaat sertifioidut materiaalit<\/div>\n<\/p><\/div>\n<\/p><\/div>\n<\/p><\/div>","protected":false},"featured_media":219327,"template":"","meta":{"_acf_changed":false},"product_brand":[],"product_cat":[254],"product_tag":[255,256,257,1370,258,259,260],"class_list":{"0":"post-217535","1":"product","2":"type-product","3":"status-publish","4":"has-post-thumbnail","6":"product_cat-pillows-pillowcases","7":"product_tag-contour-pillow-case-covers","8":"product_tag-ergonomic-pillow-case","9":"product_tag-ergonomic-pillowcase","10":"product_tag-nosteps","11":"product_tag-pillowcase-for-ergonomic-pillow","12":"product_tag-pillowcase-for-orthopedic-pillows","13":"product_tag-pillowcase-for-side-sleeper-pillow","15":"first","16":"instock","17":"shipping-taxable","18":"purchasable","19":"product-type-simple"},"acf":[],"yoast_head":"<!-- This site is optimized with the Yoast SEO Premium plugin v27.4 (Yoast SEO v27.4) - https:\/\/yoast.com\/product\/yoast-seo-premium-wordpress\/ -->\n<title>Ergonomic Pillowcase \u2013 Breathable Pillow Cover | Home of Wool<\/title>\n<meta name=\"description\" content=\"Handmade ergonomic pillowcase crafted from natural fabrics\u2014merino wool, silk, or linen-cotton blend. Breathable, hypoallergenic, and custom-fit for lasting comfort.\" \/>\n<meta name=\"robots\" content=\"index, follow, max-snippet:-1, max-image-preview:large, max-video-preview:-1\" \/>\n<link rel=\"canonical\" href=\"https:\/\/homeofwool.com\/fi\/shop\/ergonominen-tyynyliina\/\" \/>\n<meta property=\"og:locale\" content=\"fi_FI\" \/>\n<meta property=\"og:type\" content=\"article\" \/>\n<meta property=\"og:title\" content=\"Ergonomic Pillowcase\" \/>\n<meta property=\"og:description\" content=\"Handmade ergonomic pillowcase crafted from natural fabrics\u2014merino wool, silk, or linen-cotton blend. Breathable, hypoallergenic, and custom-fit for lasting comfort.\" \/>\n<meta property=\"og:url\" content=\"https:\/\/homeofwool.com\/fi\/shop\/ergonominen-tyynyliina\/\" \/>\n<meta property=\"og:site_name\" content=\"Home of Wool\" \/>\n<meta property=\"article:publisher\" content=\"https:\/\/facebook.com\/HomeOfWoolOfficial\" \/>\n<meta property=\"article:modified_time\" content=\"2026-04-17T12:46:10+00:00\" \/>\n<meta property=\"og:image\" content=\"https:\/\/homeofwool.com\/wp-content\/uploads\/2025\/09\/home-of-wool-ergonomic-pillowcase-1-main.jpg\" \/>\n\t<meta property=\"og:image:width\" content=\"2000\" \/>\n\t<meta property=\"og:image:height\" content=\"1600\" \/>\n\t<meta property=\"og:image:type\" content=\"image\/jpeg\" \/>\n<meta name=\"twitter:card\" content=\"summary_large_image\" \/>\n<meta name=\"twitter:label1\" content=\"Arvioitu lukuaika\" \/>\n\t<meta name=\"twitter:data1\" content=\"1 minuutti\" \/>\n<script type=\"application\/ld+json\" class=\"yoast-schema-graph\">{\"@context\":\"https:\\\/\\\/schema.org\",\"@graph\":[{\"@type\":\"WebPage\",\"@id\":\"https:\\\/\\\/homeofwool.com\\\/shop\\\/ergonomic-pillowcase\\\/\",\"url\":\"https:\\\/\\\/homeofwool.com\\\/shop\\\/ergonomic-pillowcase\\\/\",\"name\":\"Ergonomic Pillowcase \u2013 Breathable Pillow Cover | Home of Wool\",\"isPartOf\":{\"@id\":\"https:\\\/\\\/homeofwool.com\\\/#website\"},\"primaryImageOfPage\":{\"@id\":\"https:\\\/\\\/homeofwool.com\\\/shop\\\/ergonomic-pillowcase\\\/#primaryimage\"},\"image\":{\"@id\":\"https:\\\/\\\/homeofwool.com\\\/shop\\\/ergonomic-pillowcase\\\/#primaryimage\"},\"thumbnailUrl\":\"https:\\\/\\\/homeofwool.com\\\/wp-content\\\/uploads\\\/2025\\\/09\\\/home-of-wool-ergonomic-pillowcase-1-main.jpg\",\"datePublished\":\"2025-09-02T12:00:56+00:00\",\"dateModified\":\"2026-04-17T12:46:10+00:00\",\"description\":\"Handmade ergonomic pillowcase crafted from natural fabrics\u2014merino wool, silk, or linen-cotton blend. Breathable, hypoallergenic, and custom-fit for lasting comfort.\",\"breadcrumb\":{\"@id\":\"https:\\\/\\\/homeofwool.com\\\/shop\\\/ergonomic-pillowcase\\\/#breadcrumb\"},\"inLanguage\":\"fi\",\"potentialAction\":[{\"@type\":\"ReadAction\",\"target\":[\"https:\\\/\\\/homeofwool.com\\\/shop\\\/ergonomic-pillowcase\\\/\"]}]},{\"@type\":\"ImageObject\",\"inLanguage\":\"fi\",\"@id\":\"https:\\\/\\\/homeofwool.com\\\/shop\\\/ergonomic-pillowcase\\\/#primaryimage\",\"url\":\"https:\\\/\\\/homeofwool.com\\\/wp-content\\\/uploads\\\/2025\\\/09\\\/home-of-wool-ergonomic-pillowcase-1-main.jpg\",\"contentUrl\":\"https:\\\/\\\/homeofwool.com\\\/wp-content\\\/uploads\\\/2025\\\/09\\\/home-of-wool-ergonomic-pillowcase-1-main.jpg\",\"width\":2000,\"height\":1600,\"caption\":\"home of wool ergonomic pillowcase\"},{\"@type\":\"BreadcrumbList\",\"@id\":\"https:\\\/\\\/homeofwool.com\\\/shop\\\/ergonomic-pillowcase\\\/#breadcrumb\",\"itemListElement\":[{\"@type\":\"ListItem\",\"position\":1,\"name\":\"Home\",\"item\":\"https:\\\/\\\/homeofwool.com\\\/\"},{\"@type\":\"ListItem\",\"position\":2,\"name\":\"Products\",\"item\":\"https:\\\/\\\/homeofwool.com\\\/header-search-2\\\/\"},{\"@type\":\"ListItem\",\"position\":3,\"name\":\"Ergonomic Pillowcase\"}]},{\"@type\":\"WebSite\",\"@id\":\"https:\\\/\\\/homeofwool.com\\\/#website\",\"url\":\"https:\\\/\\\/homeofwool.com\\\/\",\"name\":\"Home of Wool\",\"description\":\"\",\"publisher\":{\"@id\":\"https:\\\/\\\/homeofwool.com\\\/#organization\"},\"potentialAction\":[{\"@type\":\"SearchAction\",\"target\":{\"@type\":\"EntryPoint\",\"urlTemplate\":\"https:\\\/\\\/homeofwool.com\\\/?s={search_term_string}\"},\"query-input\":{\"@type\":\"PropertyValueSpecification\",\"valueRequired\":true,\"valueName\":\"search_term_string\"}}],\"inLanguage\":\"fi\"},{\"@type\":\"Organization\",\"@id\":\"https:\\\/\\\/homeofwool.com\\\/#organization\",\"name\":\"Home of Wool\",\"url\":\"https:\\\/\\\/homeofwool.com\\\/\",\"logo\":{\"@type\":\"ImageObject\",\"inLanguage\":\"fi\",\"@id\":\"https:\\\/\\\/homeofwool.com\\\/#\\\/schema\\\/logo\\\/image\\\/\",\"url\":\"https:\\\/\\\/homeofwool.com\\\/wp-content\\\/uploads\\\/2025\\\/09\\\/WhatsApp-Image-2025-12-02-at-16.23.20.jpeg\",\"contentUrl\":\"https:\\\/\\\/homeofwool.com\\\/wp-content\\\/uploads\\\/2025\\\/09\\\/WhatsApp-Image-2025-12-02-at-16.23.20.jpeg\",\"width\":700,\"height\":247,\"caption\":\"Home of Wool\"},\"image\":{\"@id\":\"https:\\\/\\\/homeofwool.com\\\/#\\\/schema\\\/logo\\\/image\\\/\"},\"sameAs\":[\"https:\\\/\\\/facebook.com\\\/HomeOfWoolOfficial\"]}]}<\/script>\n<!-- \/ Yoast SEO Premium plugin. -->","yoast_head_json":{"title":"Ergonominen tyynyliina \u2013 Hengitt\u00e4v\u00e4 tyynyliina | Home of Wool","description":"K\u00e4sintehty ergonominen tyynyliina, valmistettu luonnonmateriaaleista \u2013 merinovillasta, silkist\u00e4 tai pellava-puuvillaseoksesta. Hengitt\u00e4v\u00e4, hypoallergeeninen ja mittatilausty\u00f6n\u00e4 valmistettu, pitk\u00e4kestoista mukavuutta varten.","robots":{"index":"index","follow":"follow","max-snippet":"max-snippet:-1","max-image-preview":"max-image-preview:large","max-video-preview":"max-video-preview:-1"},"canonical":"https:\/\/homeofwool.com\/fi\/shop\/ergonominen-tyynyliina\/","og_locale":"fi_FI","og_type":"article","og_title":"Ergonomic Pillowcase","og_description":"Handmade ergonomic pillowcase crafted from natural fabrics\u2014merino wool, silk, or linen-cotton blend. Breathable, hypoallergenic, and custom-fit for lasting comfort.","og_url":"https:\/\/homeofwool.com\/fi\/shop\/ergonominen-tyynyliina\/","og_site_name":"Home of Wool","article_publisher":"https:\/\/facebook.com\/HomeOfWoolOfficial","article_modified_time":"2026-04-17T12:46:10+00:00","og_image":[{"width":2000,"height":1600,"url":"https:\/\/homeofwool.com\/wp-content\/uploads\/2025\/09\/home-of-wool-ergonomic-pillowcase-1-main.jpg","type":"image\/jpeg"}],"twitter_card":"summary_large_image","twitter_misc":{"Arvioitu lukuaika":"1 minuutti"},"schema":{"@context":"https:\/\/schema.org","@graph":[{"@type":"WebPage","@id":"https:\/\/homeofwool.com\/shop\/ergonomic-pillowcase\/","url":"https:\/\/homeofwool.com\/shop\/ergonomic-pillowcase\/","name":"Ergonominen tyynyliina \u2013 Hengitt\u00e4v\u00e4 tyynyliina | Home of Wool","isPartOf":{"@id":"https:\/\/homeofwool.com\/#website"},"primaryImageOfPage":{"@id":"https:\/\/homeofwool.com\/shop\/ergonomic-pillowcase\/#primaryimage"},"image":{"@id":"https:\/\/homeofwool.com\/shop\/ergonomic-pillowcase\/#primaryimage"},"thumbnailUrl":"https:\/\/homeofwool.com\/wp-content\/uploads\/2025\/09\/home-of-wool-ergonomic-pillowcase-1-main.jpg","datePublished":"2025-09-02T12:00:56+00:00","dateModified":"2026-04-17T12:46:10+00:00","description":"K\u00e4sintehty ergonominen tyynyliina, valmistettu luonnonmateriaaleista \u2013 merinovillasta, silkist\u00e4 tai pellava-puuvillaseoksesta. Hengitt\u00e4v\u00e4, hypoallergeeninen ja mittatilausty\u00f6n\u00e4 valmistettu, pitk\u00e4kestoista mukavuutta varten.","breadcrumb":{"@id":"https:\/\/homeofwool.com\/shop\/ergonomic-pillowcase\/#breadcrumb"},"inLanguage":"fi","potentialAction":[{"@type":"ReadAction","target":["https:\/\/homeofwool.com\/shop\/ergonomic-pillowcase\/"]}]},{"@type":"ImageObject","inLanguage":"fi","@id":"https:\/\/homeofwool.com\/shop\/ergonomic-pillowcase\/#primaryimage","url":"https:\/\/homeofwool.com\/wp-content\/uploads\/2025\/09\/home-of-wool-ergonomic-pillowcase-1-main.jpg","contentUrl":"https:\/\/homeofwool.com\/wp-content\/uploads\/2025\/09\/home-of-wool-ergonomic-pillowcase-1-main.jpg","width":2000,"height":1600,"caption":"home of wool ergonomic pillowcase"},{"@type":"BreadcrumbList","@id":"https:\/\/homeofwool.com\/shop\/ergonomic-pillowcase\/#breadcrumb","itemListElement":[{"@type":"ListItem","position":1,"name":"Home","item":"https:\/\/homeofwool.com\/"},{"@type":"ListItem","position":2,"name":"Products","item":"https:\/\/homeofwool.com\/header-search-2\/"},{"@type":"ListItem","position":3,"name":"Ergonomic Pillowcase"}]},{"@type":"WebSite","@id":"https:\/\/homeofwool.com\/#website","url":"https:\/\/homeofwool.com\/","name":"Villan koti","description":"","publisher":{"@id":"https:\/\/homeofwool.com\/#organization"},"potentialAction":[{"@type":"SearchAction","target":{"@type":"EntryPoint","urlTemplate":"https:\/\/homeofwool.com\/?s={search_term_string}"},"query-input":{"@type":"PropertyValueSpecification","valueRequired":true,"valueName":"search_term_string"}}],"inLanguage":"fi"},{"@type":"Organization","@id":"https:\/\/homeofwool.com\/#organization","name":"Villan koti","url":"https:\/\/homeofwool.com\/","logo":{"@type":"ImageObject","inLanguage":"fi","@id":"https:\/\/homeofwool.com\/#\/schema\/logo\/image\/","url":"https:\/\/homeofwool.com\/wp-content\/uploads\/2025\/09\/WhatsApp-Image-2025-12-02-at-16.23.20.jpeg","contentUrl":"https:\/\/homeofwool.com\/wp-content\/uploads\/2025\/09\/WhatsApp-Image-2025-12-02-at-16.23.20.jpeg","width":700,"height":247,"caption":"Home of Wool"},"image":{"@id":"https:\/\/homeofwool.com\/#\/schema\/logo\/image\/"},"sameAs":["https:\/\/facebook.com\/HomeOfWoolOfficial"]}]}},"_links":{"self":[{"href":"https:\/\/homeofwool.com\/fi\/wp-json\/wp\/v2\/product\/217535","targetHints":{"allow":["GET"]}}],"collection":[{"href":"https:\/\/homeofwool.com\/fi\/wp-json\/wp\/v2\/product"}],"about":[{"href":"https:\/\/homeofwool.com\/fi\/wp-json\/wp\/v2\/types\/product"}],"version-history":[{"count":2,"href":"https:\/\/homeofwool.com\/fi\/wp-json\/wp\/v2\/product\/217535\/revisions"}],"predecessor-version":[{"id":228888,"href":"https:\/\/homeofwool.com\/fi\/wp-json\/wp\/v2\/product\/217535\/revisions\/228888"}],"wp:featuredmedia":[{"embeddable":true,"href":"https:\/\/homeofwool.com\/fi\/wp-json\/wp\/v2\/media\/219327"}],"wp:attachment":[{"href":"https:\/\/homeofwool.com\/fi\/wp-json\/wp\/v2\/media?parent=217535"}],"wp:term":[{"taxonomy":"product_brand","embeddable":true,"href":"https:\/\/homeofwool.com\/fi\/wp-json\/wp\/v2\/product_brand?post=217535"},{"taxonomy":"product_cat","embeddable":true,"href":"https:\/\/homeofwool.com\/fi\/wp-json\/wp\/v2\/product_cat?post=217535"},{"taxonomy":"product_tag","embeddable":true,"href":"https:\/\/homeofwool.com\/fi\/wp-json\/wp\/v2\/product_tag?post=217535"}],"curies":[{"name":"wp","href":"https:\/\/api.w.org\/{rel}","templated":true}]}}