{"id":217532,"date":"2025-09-02T12:00:56","date_gmt":"2025-09-02T12:00:56","guid":{"rendered":"https:\/\/homeofwool.com\/?post_type=product&#038;p=217532"},"modified":"2026-02-11T10:35:39","modified_gmt":"2026-02-11T10:35:39","slug":"vetoketjullinen-kansi","status":"publish","type":"product","link":"https:\/\/homeofwool.com\/fi\/shop\/zip-off-cover\/","title":{"rendered":"P\u00e4\u00e4llyste patjoille ja tyynyille vetoketjulla"},"content":{"rendered":"<p>Irrotettava patja- ja tyynynp\u00e4\u00e4llisemme on suunniteltu niille, jotka arvostavat yht\u00e4 lailla terveytt\u00e4, mukavuutta ja kest\u00e4vyytt\u00e4. Se on ommeltu luonnonmateriaaleista ilman kemiallisia k\u00e4sittelyj\u00e4, joten se on t\u00e4ysin myrkyt\u00f6n.<\/p>\n<p>Luonnollisesti hypoallergeeninen, se auttaa allergioista tai monista kemikaaliherkkyyksist\u00e4 k\u00e4rsivi\u00e4 ihmisi\u00e4 torjumalla p\u00f6lypunkkeja ja bakteereja ilman lis\u00e4aineita.<\/p>\n<p>Kaikki luonnolliset kankaamme hengitt\u00e4v\u00e4t helposti, mik\u00e4 auttaa pit\u00e4m\u00e4\u00e4n s\u00e4ngyn viile\u00e4n\u00e4, kuivana ja mukavana koko y\u00f6n ajan. Jokaisessa p\u00e4\u00e4llisess\u00e4 on kolmisivuinen vetoketju, joka helpottaa asettamista ja poistamista, joten sen peseminen tai vaihtaminen on vaivatonta aina tarvittaessa.<\/p>\n<p>Haitko kuluneen p\u00e4\u00e4llisen tilalle uuden vai haluatko lis\u00e4t\u00e4 suojakerroksen uuteen tyynyyn tai patjaan, Home of Wool-p\u00e4\u00e4llinen tuo mukanaan puhtaan mukavuuden ja raikkaan tunteen.<\/p>","protected":false},"excerpt":{"rendered":"<p>Suojaa vuodevaatteesi myrkytt\u00f6m\u00e4ll\u00e4 ja hypoallergeenisella kerroksella, joka on yht\u00e4 kaunis kuin k\u00e4yt\u00e4nn\u00f6llinenkin. T\u00e4m\u00e4 irrotettava patja- ja tyynynp\u00e4\u00e4llinen on valmistettu vain luonnollisista, kest\u00e4vist\u00e4 materiaaleista, jotka tarjoavat sek\u00e4 mukavuutta ett\u00e4 mielenrauhaa.<\/p>\n<div class=\"global-icon-set\">\n<div class=\"global-icon-set__items\">\n<div class=\"global-icon-set__item\">\n<div class=\"global-icon-set__image\">\n                                    <img decoding=\"async\" src=\"https:\/\/homeofwool.com\/wp-content\/uploads\/2025\/09\/handmade-icon-300x300.png\" alt=\"k\u00e4sintehty kuvake\" \/>\n                                <\/div>\n<div class=\"global-icon-set__title\">K\u00e4sintehty<\/div>\n<\/p><\/div>\n<div class=\"global-icon-set__item\">\n<div class=\"global-icon-set__image\">\n                                    <img decoding=\"async\" src=\"https:\/\/homeofwool.com\/wp-content\/uploads\/2025\/09\/wicks-moisture-away-300x300.png\" alt=\"siirt\u00e4\u00e4 kosteutta pois\" \/>\n                                <\/div>\n<div class=\"global-icon-set__title\">Poistaa kosteutta<\/div>\n<\/p><\/div>\n<div class=\"global-icon-set__item\">\n<div class=\"global-icon-set__image\">\n                                    <img decoding=\"async\" src=\"https:\/\/homeofwool.com\/wp-content\/uploads\/2025\/09\/VOCs-min-300x300.png\" alt=\"vocs vapaa\" \/>\n                                <\/div>\n<div class=\"global-icon-set__title\">VOC-vapaa<\/div>\n<\/p><\/div>\n<div class=\"global-icon-set__item\">\n<div class=\"global-icon-set__image\">\n                                    <img decoding=\"async\" src=\"https:\/\/homeofwool.com\/wp-content\/uploads\/2025\/09\/FR-min-300x300.png\" alt=\"palonkest\u00e4v\u00e4 kuvake\" \/>\n                                <\/div>\n<div class=\"global-icon-set__title\">Liekinkest\u00e4v\u00e4<\/div>\n<\/p><\/div>\n<div class=\"global-icon-set__item\">\n<div class=\"global-icon-set__image\">\n                                    <img decoding=\"async\" src=\"https:\/\/homeofwool.com\/wp-content\/uploads\/2025\/09\/Hypoallergenic-min-300x300.png\" alt=\"hypoallergeeninen kuvake\" \/>\n                                <\/div>\n<div class=\"global-icon-set__title\">Hypoallergeeninen<\/div>\n<\/p><\/div>\n<div class=\"global-icon-set__item\">\n<div class=\"global-icon-set__image\">\n                                    <img decoding=\"async\" src=\"https:\/\/homeofwool.com\/wp-content\/uploads\/2025\/09\/free-of-synthetics-icon-300x300.png\" alt=\"synteettisi\u00e4 aineita sis\u00e4lt\u00e4m\u00e4t\u00f6n kuvake\" \/>\n                                <\/div>\n<div class=\"global-icon-set__title\">Vapaa synteettisist\u00e4 aineista<\/div>\n<\/p><\/div>\n<div class=\"global-icon-set__item\">\n<div class=\"global-icon-set__image\">\n                                    <img decoding=\"async\" src=\"https:\/\/homeofwool.com\/wp-content\/uploads\/2025\/09\/chemical-free-icon-300x300.png\" alt=\"kemikaalivapaa kuvake\" \/>\n                                <\/div>\n<div class=\"global-icon-set__title\">Kemikaalivapaa<\/div>\n<\/p><\/div>\n<div class=\"global-icon-set__item\">\n<div class=\"global-icon-set__image\">\n                                    <img decoding=\"async\" src=\"https:\/\/homeofwool.com\/wp-content\/uploads\/2025\/09\/anti-bacterial-icon-300x300.png\" alt=\"anti bakteeri kuvake\" \/>\n                                <\/div>\n<div class=\"global-icon-set__title\">Anti-mikrobinen &amp; antibakteerinen<\/div>\n<\/p><\/div>\n<div class=\"global-icon-set__item\">\n<div class=\"global-icon-set__image\">\n                                    <img decoding=\"async\" src=\"https:\/\/homeofwool.com\/wp-content\/uploads\/2025\/09\/certified-materials-icon-300x300.png\" alt=\"sertifioitujen materiaalien kuvake\" \/>\n                                <\/div>\n<div class=\"global-icon-set__title\">100% Puhtaat sertifioidut materiaalit<\/div>\n<\/p><\/div>\n<\/p><\/div>\n<\/p><\/div>","protected":false},"featured_media":227645,"template":"","meta":{"_acf_changed":false},"product_brand":[],"product_cat":[406],"product_tag":[422,423,424,425,149,411,426,427],"class_list":{"0":"post-217532","1":"product","2":"type-product","3":"status-publish","4":"has-post-thumbnail","6":"product_cat-protectors-covers-sheets","7":"product_tag-custom-outer-case","8":"product_tag-daybed-cushion-cover","9":"product_tag-futon-mattress-cover","10":"product_tag-mattress-cover","11":"product_tag-steps","12":"product_tag-waterproof-bed-cover","13":"product_tag-zip-off-bed-cover","14":"product_tag-zippered-encasement","16":"first","17":"instock","18":"shipping-taxable","19":"purchasable","20":"product-type-simple"},"acf":[],"yoast_head":"<!-- This site is optimized with the Yoast SEO Premium plugin v27.3 (Yoast SEO v27.3) - https:\/\/yoast.com\/product\/yoast-seo-premium-wordpress\/ -->\n<title>Cover for Mattresses and Cushions with Zipper | Home of Wool<\/title>\n<meta name=\"description\" content=\"Made from natural fabrics, the Cover for Mattresses and Cushions with Zipper provides breathable, durable, and toxin-free protection. Eco-friendly and practical for everyday use.\" \/>\n<meta name=\"robots\" content=\"index, follow, max-snippet:-1, max-image-preview:large, max-video-preview:-1\" \/>\n<link rel=\"canonical\" href=\"https:\/\/homeofwool.com\/fi\/shop\/vetoketjullinen-kansi\/\" \/>\n<meta property=\"og:locale\" content=\"fi_FI\" \/>\n<meta property=\"og:type\" content=\"article\" \/>\n<meta property=\"og:title\" content=\"Cover for Mattresses and Cushions with Zipper\" \/>\n<meta property=\"og:description\" content=\"Made from natural fabrics, the Cover for Mattresses and Cushions with Zipper provides breathable, durable, and toxin-free protection. Eco-friendly and practical for everyday use.\" \/>\n<meta property=\"og:url\" content=\"https:\/\/homeofwool.com\/fi\/shop\/vetoketjullinen-kansi\/\" \/>\n<meta property=\"og:site_name\" content=\"Home of Wool\" \/>\n<meta property=\"article:publisher\" content=\"https:\/\/facebook.com\/HomeOfWoolOfficial\" \/>\n<meta property=\"article:modified_time\" content=\"2026-02-11T10:35:39+00:00\" \/>\n<meta property=\"og:image\" content=\"https:\/\/homeofwool.com\/wp-content\/uploads\/2025\/09\/home-of-wool-cover-for-mattresses-and-cushions-with-zipper-2-detail.jpg\" \/>\n\t<meta property=\"og:image:width\" content=\"1920\" \/>\n\t<meta property=\"og:image:height\" content=\"1536\" \/>\n\t<meta property=\"og:image:type\" content=\"image\/jpeg\" \/>\n<meta name=\"twitter:card\" content=\"summary_large_image\" \/>\n<meta name=\"twitter:label1\" content=\"Arvioitu lukuaika\" \/>\n\t<meta name=\"twitter:data1\" content=\"1 minuutti\" \/>\n<script type=\"application\/ld+json\" class=\"yoast-schema-graph\">{\"@context\":\"https:\\\/\\\/schema.org\",\"@graph\":[{\"@type\":\"WebPage\",\"@id\":\"https:\\\/\\\/homeofwool.com\\\/shop\\\/zip-off-cover\\\/\",\"url\":\"https:\\\/\\\/homeofwool.com\\\/shop\\\/zip-off-cover\\\/\",\"name\":\"Cover for Mattresses and Cushions with Zipper | Home of Wool\",\"isPartOf\":{\"@id\":\"https:\\\/\\\/homeofwool.com\\\/#website\"},\"primaryImageOfPage\":{\"@id\":\"https:\\\/\\\/homeofwool.com\\\/shop\\\/zip-off-cover\\\/#primaryimage\"},\"image\":{\"@id\":\"https:\\\/\\\/homeofwool.com\\\/shop\\\/zip-off-cover\\\/#primaryimage\"},\"thumbnailUrl\":\"https:\\\/\\\/homeofwool.com\\\/wp-content\\\/uploads\\\/2025\\\/09\\\/home-of-wool-cover-for-mattresses-and-cushions-with-zipper-2-detail.jpg\",\"datePublished\":\"2025-09-02T12:00:56+00:00\",\"dateModified\":\"2026-02-11T10:35:39+00:00\",\"description\":\"Made from natural fabrics, the Cover for Mattresses and Cushions with Zipper provides breathable, durable, and toxin-free protection. Eco-friendly and practical for everyday use.\",\"breadcrumb\":{\"@id\":\"https:\\\/\\\/homeofwool.com\\\/shop\\\/zip-off-cover\\\/#breadcrumb\"},\"inLanguage\":\"fi\",\"potentialAction\":[{\"@type\":\"ReadAction\",\"target\":[\"https:\\\/\\\/homeofwool.com\\\/shop\\\/zip-off-cover\\\/\"]}]},{\"@type\":\"ImageObject\",\"inLanguage\":\"fi\",\"@id\":\"https:\\\/\\\/homeofwool.com\\\/shop\\\/zip-off-cover\\\/#primaryimage\",\"url\":\"https:\\\/\\\/homeofwool.com\\\/wp-content\\\/uploads\\\/2025\\\/09\\\/home-of-wool-cover-for-mattresses-and-cushions-with-zipper-2-detail.jpg\",\"contentUrl\":\"https:\\\/\\\/homeofwool.com\\\/wp-content\\\/uploads\\\/2025\\\/09\\\/home-of-wool-cover-for-mattresses-and-cushions-with-zipper-2-detail.jpg\",\"width\":1920,\"height\":1536,\"caption\":\"detail of cotton cover for mattresses and cushions with zipper\"},{\"@type\":\"BreadcrumbList\",\"@id\":\"https:\\\/\\\/homeofwool.com\\\/shop\\\/zip-off-cover\\\/#breadcrumb\",\"itemListElement\":[{\"@type\":\"ListItem\",\"position\":1,\"name\":\"Home\",\"item\":\"https:\\\/\\\/homeofwool.com\\\/\"},{\"@type\":\"ListItem\",\"position\":2,\"name\":\"Products\",\"item\":\"https:\\\/\\\/homeofwool.com\\\/header-search-2\\\/\"},{\"@type\":\"ListItem\",\"position\":3,\"name\":\"Cover for Mattresses and Cushions with Zipper\"}]},{\"@type\":\"WebSite\",\"@id\":\"https:\\\/\\\/homeofwool.com\\\/#website\",\"url\":\"https:\\\/\\\/homeofwool.com\\\/\",\"name\":\"Home of Wool\",\"description\":\"\",\"publisher\":{\"@id\":\"https:\\\/\\\/homeofwool.com\\\/#organization\"},\"potentialAction\":[{\"@type\":\"SearchAction\",\"target\":{\"@type\":\"EntryPoint\",\"urlTemplate\":\"https:\\\/\\\/homeofwool.com\\\/?s={search_term_string}\"},\"query-input\":{\"@type\":\"PropertyValueSpecification\",\"valueRequired\":true,\"valueName\":\"search_term_string\"}}],\"inLanguage\":\"fi\"},{\"@type\":\"Organization\",\"@id\":\"https:\\\/\\\/homeofwool.com\\\/#organization\",\"name\":\"Home of Wool\",\"url\":\"https:\\\/\\\/homeofwool.com\\\/\",\"logo\":{\"@type\":\"ImageObject\",\"inLanguage\":\"fi\",\"@id\":\"https:\\\/\\\/homeofwool.com\\\/#\\\/schema\\\/logo\\\/image\\\/\",\"url\":\"https:\\\/\\\/homeofwool.com\\\/wp-content\\\/uploads\\\/2025\\\/09\\\/WhatsApp-Image-2025-12-02-at-16.23.20.jpeg\",\"contentUrl\":\"https:\\\/\\\/homeofwool.com\\\/wp-content\\\/uploads\\\/2025\\\/09\\\/WhatsApp-Image-2025-12-02-at-16.23.20.jpeg\",\"width\":700,\"height\":247,\"caption\":\"Home of Wool\"},\"image\":{\"@id\":\"https:\\\/\\\/homeofwool.com\\\/#\\\/schema\\\/logo\\\/image\\\/\"},\"sameAs\":[\"https:\\\/\\\/facebook.com\\\/HomeOfWoolOfficial\"]}]}<\/script>\n<!-- \/ Yoast SEO Premium plugin. -->","yoast_head_json":{"title":"Vetoketjullinen patja- ja tyynynp\u00e4\u00e4llinen | Home of Wool","description":"Luonnollisista kankaista valmistettu vetoketjullinen patja- ja tyynynp\u00e4\u00e4llinen tarjoaa hengitt\u00e4v\u00e4n, kest\u00e4v\u00e4n ja myrkytt\u00f6m\u00e4n suojan. Ymp\u00e4rist\u00f6yst\u00e4v\u00e4llinen ja k\u00e4yt\u00e4nn\u00f6llinen jokap\u00e4iv\u00e4iseen k\u00e4ytt\u00f6\u00f6n.","robots":{"index":"index","follow":"follow","max-snippet":"max-snippet:-1","max-image-preview":"max-image-preview:large","max-video-preview":"max-video-preview:-1"},"canonical":"https:\/\/homeofwool.com\/fi\/shop\/vetoketjullinen-kansi\/","og_locale":"fi_FI","og_type":"article","og_title":"Cover for Mattresses and Cushions with Zipper","og_description":"Made from natural fabrics, the Cover for Mattresses and Cushions with Zipper provides breathable, durable, and toxin-free protection. Eco-friendly and practical for everyday use.","og_url":"https:\/\/homeofwool.com\/fi\/shop\/vetoketjullinen-kansi\/","og_site_name":"Home of Wool","article_publisher":"https:\/\/facebook.com\/HomeOfWoolOfficial","article_modified_time":"2026-02-11T10:35:39+00:00","og_image":[{"width":1920,"height":1536,"url":"https:\/\/homeofwool.com\/wp-content\/uploads\/2025\/09\/home-of-wool-cover-for-mattresses-and-cushions-with-zipper-2-detail.jpg","type":"image\/jpeg"}],"twitter_card":"summary_large_image","twitter_misc":{"Arvioitu lukuaika":"1 minuutti"},"schema":{"@context":"https:\/\/schema.org","@graph":[{"@type":"WebPage","@id":"https:\/\/homeofwool.com\/shop\/zip-off-cover\/","url":"https:\/\/homeofwool.com\/shop\/zip-off-cover\/","name":"Vetoketjullinen patja- ja tyynynp\u00e4\u00e4llinen | Home of Wool","isPartOf":{"@id":"https:\/\/homeofwool.com\/#website"},"primaryImageOfPage":{"@id":"https:\/\/homeofwool.com\/shop\/zip-off-cover\/#primaryimage"},"image":{"@id":"https:\/\/homeofwool.com\/shop\/zip-off-cover\/#primaryimage"},"thumbnailUrl":"https:\/\/homeofwool.com\/wp-content\/uploads\/2025\/09\/home-of-wool-cover-for-mattresses-and-cushions-with-zipper-2-detail.jpg","datePublished":"2025-09-02T12:00:56+00:00","dateModified":"2026-02-11T10:35:39+00:00","description":"Luonnollisista kankaista valmistettu vetoketjullinen patja- ja tyynynp\u00e4\u00e4llinen tarjoaa hengitt\u00e4v\u00e4n, kest\u00e4v\u00e4n ja myrkytt\u00f6m\u00e4n suojan. Ymp\u00e4rist\u00f6yst\u00e4v\u00e4llinen ja k\u00e4yt\u00e4nn\u00f6llinen jokap\u00e4iv\u00e4iseen k\u00e4ytt\u00f6\u00f6n.","breadcrumb":{"@id":"https:\/\/homeofwool.com\/shop\/zip-off-cover\/#breadcrumb"},"inLanguage":"fi","potentialAction":[{"@type":"ReadAction","target":["https:\/\/homeofwool.com\/shop\/zip-off-cover\/"]}]},{"@type":"ImageObject","inLanguage":"fi","@id":"https:\/\/homeofwool.com\/shop\/zip-off-cover\/#primaryimage","url":"https:\/\/homeofwool.com\/wp-content\/uploads\/2025\/09\/home-of-wool-cover-for-mattresses-and-cushions-with-zipper-2-detail.jpg","contentUrl":"https:\/\/homeofwool.com\/wp-content\/uploads\/2025\/09\/home-of-wool-cover-for-mattresses-and-cushions-with-zipper-2-detail.jpg","width":1920,"height":1536,"caption":"detail of cotton cover for mattresses and cushions with zipper"},{"@type":"BreadcrumbList","@id":"https:\/\/homeofwool.com\/shop\/zip-off-cover\/#breadcrumb","itemListElement":[{"@type":"ListItem","position":1,"name":"Home","item":"https:\/\/homeofwool.com\/"},{"@type":"ListItem","position":2,"name":"Products","item":"https:\/\/homeofwool.com\/header-search-2\/"},{"@type":"ListItem","position":3,"name":"Cover for Mattresses and Cushions with Zipper"}]},{"@type":"WebSite","@id":"https:\/\/homeofwool.com\/#website","url":"https:\/\/homeofwool.com\/","name":"Villan koti","description":"","publisher":{"@id":"https:\/\/homeofwool.com\/#organization"},"potentialAction":[{"@type":"SearchAction","target":{"@type":"EntryPoint","urlTemplate":"https:\/\/homeofwool.com\/?s={search_term_string}"},"query-input":{"@type":"PropertyValueSpecification","valueRequired":true,"valueName":"search_term_string"}}],"inLanguage":"fi"},{"@type":"Organization","@id":"https:\/\/homeofwool.com\/#organization","name":"Villan koti","url":"https:\/\/homeofwool.com\/","logo":{"@type":"ImageObject","inLanguage":"fi","@id":"https:\/\/homeofwool.com\/#\/schema\/logo\/image\/","url":"https:\/\/homeofwool.com\/wp-content\/uploads\/2025\/09\/WhatsApp-Image-2025-12-02-at-16.23.20.jpeg","contentUrl":"https:\/\/homeofwool.com\/wp-content\/uploads\/2025\/09\/WhatsApp-Image-2025-12-02-at-16.23.20.jpeg","width":700,"height":247,"caption":"Home of Wool"},"image":{"@id":"https:\/\/homeofwool.com\/#\/schema\/logo\/image\/"},"sameAs":["https:\/\/facebook.com\/HomeOfWoolOfficial"]}]}},"_links":{"self":[{"href":"https:\/\/homeofwool.com\/fi\/wp-json\/wp\/v2\/product\/217532","targetHints":{"allow":["GET"]}}],"collection":[{"href":"https:\/\/homeofwool.com\/fi\/wp-json\/wp\/v2\/product"}],"about":[{"href":"https:\/\/homeofwool.com\/fi\/wp-json\/wp\/v2\/types\/product"}],"version-history":[{"count":2,"href":"https:\/\/homeofwool.com\/fi\/wp-json\/wp\/v2\/product\/217532\/revisions"}],"predecessor-version":[{"id":227646,"href":"https:\/\/homeofwool.com\/fi\/wp-json\/wp\/v2\/product\/217532\/revisions\/227646"}],"wp:featuredmedia":[{"embeddable":true,"href":"https:\/\/homeofwool.com\/fi\/wp-json\/wp\/v2\/media\/227645"}],"wp:attachment":[{"href":"https:\/\/homeofwool.com\/fi\/wp-json\/wp\/v2\/media?parent=217532"}],"wp:term":[{"taxonomy":"product_brand","embeddable":true,"href":"https:\/\/homeofwool.com\/fi\/wp-json\/wp\/v2\/product_brand?post=217532"},{"taxonomy":"product_cat","embeddable":true,"href":"https:\/\/homeofwool.com\/fi\/wp-json\/wp\/v2\/product_cat?post=217532"},{"taxonomy":"product_tag","embeddable":true,"href":"https:\/\/homeofwool.com\/fi\/wp-json\/wp\/v2\/product_tag?post=217532"}],"curies":[{"name":"wp","href":"https:\/\/api.w.org\/{rel}","templated":true}]}}