{"id":217531,"date":"2025-09-02T12:00:56","date_gmt":"2025-09-02T12:00:56","guid":{"rendered":"https:\/\/homeofwool.com\/?post_type=product&#038;p=217531"},"modified":"2026-02-11T10:35:39","modified_gmt":"2026-02-11T10:35:39","slug":"luonnollinen-lakanapussi","status":"publish","type":"product","link":"https:\/\/homeofwool.com\/fi\/shop\/natural-fitted-sheet\/","title":{"rendered":"Asentamaton lakana"},"content":{"rendered":"<p>Koe puhdas uni meid\u00e4n lakanalla, joka on valmistettu vain luonnollisista, kest\u00e4vist\u00e4 kuiduista. Ei kemiallisia pinnoitteita tai v\u00e4riaineita. Tuloksena on pehme\u00e4 ja turvallinen lakana. Se sopii my\u00f6s herkille nukkujille, joilla on allergioita tai astma. Orgaanisena lakanana se on t\u00e4ysin biohajoava ja tukee myrkyt\u00f6nt\u00e4 makuuhuoneymp\u00e4rist\u00f6\u00e4.<\/p>\n<p>Jokaisella kankaalla on oma tapansa tehd\u00e4 unesta mukavampaa. Villa pit\u00e4\u00e4 sinut mukavana ja tasapainoisena kaikkina vuodenaikoina. Pellava ja silkki tuntuvat kevyilt\u00e4 ja ilmavilta. Ne tuovat mukanaan viile\u00e4n pehmeyden, jonka huomaat heti. Silkki\u00e4 rakastetaan my\u00f6s sen iholle ja hiuksille antaman hell\u00e4n ja ravitsevan vaikutuksen vuoksi.<\/p>\n<p>Luonnollisesti p\u00f6lypunkkeja ja hometta hylkiv\u00e4, t\u00e4m\u00e4 parhaiten istuva lakana edist\u00e4\u00e4 syv\u00e4\u00e4 lepoa ja huolehtii samalla terveydest\u00e4si. Kankaan\u00e4ytteit\u00e4 on saatavilla, jos haluat tutustua kankaiden valikoimaamme.<\/p>","protected":false},"excerpt":{"rendered":"<p>T\u00e4m\u00e4 k\u00e4sintehty lakanapyyhe on valmistettu parhaista luonnonmateriaaleista, joissa yhdistyv\u00e4t kest\u00e4vyys ja mukavuus. Aito orgaaninen lakanapyyhe tukee terveellisemp\u00e4\u00e4 unta pit\u00e4m\u00e4ll\u00e4 s\u00e4ngyn vapaana synteettisist\u00e4 materiaaleista ja kemikaaleista. Se auttaa my\u00f6s nukkumaan paremmin pit\u00e4m\u00e4ll\u00e4 sinut viile\u00e4n\u00e4 ja hikoilemattomana. Tarvitsitpa sitten vakiokokoisen tai mittatilausty\u00f6n\u00e4 valmistetun lakanapyyhkeen, se on paras valinta ymp\u00e4rist\u00f6tietoisille nukkujille, jotka arvostavat mukavuutta ja kest\u00e4vyytt\u00e4.<\/p>\n<div class=\"global-icon-set\">\n<div class=\"global-icon-set__items\">\n<div class=\"global-icon-set__item\">\n<div class=\"global-icon-set__image\">\n                                    <img decoding=\"async\" src=\"https:\/\/homeofwool.com\/wp-content\/uploads\/2025\/09\/handmade-icon-300x300.png\" alt=\"k\u00e4sintehty kuvake\" \/>\n                                <\/div>\n<div class=\"global-icon-set__title\">K\u00e4sintehty<\/div>\n<\/p><\/div>\n<div class=\"global-icon-set__item\">\n<div class=\"global-icon-set__image\">\n                                    <img decoding=\"async\" src=\"https:\/\/homeofwool.com\/wp-content\/uploads\/2025\/09\/wicks-moisture-away-300x300.png\" alt=\"siirt\u00e4\u00e4 kosteutta pois\" \/>\n                                <\/div>\n<div class=\"global-icon-set__title\">Poistaa kosteutta<\/div>\n<\/p><\/div>\n<div class=\"global-icon-set__item\">\n<div class=\"global-icon-set__image\">\n                                    <img decoding=\"async\" src=\"https:\/\/homeofwool.com\/wp-content\/uploads\/2025\/09\/VOCs-min-300x300.png\" alt=\"vocs vapaa\" \/>\n                                <\/div>\n<div class=\"global-icon-set__title\">VOC-vapaa<\/div>\n<\/p><\/div>\n<div class=\"global-icon-set__item\">\n<div class=\"global-icon-set__image\">\n                                    <img decoding=\"async\" src=\"https:\/\/homeofwool.com\/wp-content\/uploads\/2025\/09\/FR-min-300x300.png\" alt=\"palonkest\u00e4v\u00e4 kuvake\" \/>\n                                <\/div>\n<div class=\"global-icon-set__title\">Liekinkest\u00e4v\u00e4<\/div>\n<\/p><\/div>\n<div class=\"global-icon-set__item\">\n<div class=\"global-icon-set__image\">\n                                    <img decoding=\"async\" src=\"https:\/\/homeofwool.com\/wp-content\/uploads\/2025\/09\/Hypoallergenic-min-300x300.png\" alt=\"hypoallergeeninen kuvake\" \/>\n                                <\/div>\n<div class=\"global-icon-set__title\">Hypoallergeeninen<\/div>\n<\/p><\/div>\n<div class=\"global-icon-set__item\">\n<div class=\"global-icon-set__image\">\n                                    <img decoding=\"async\" src=\"https:\/\/homeofwool.com\/wp-content\/uploads\/2025\/09\/free-of-synthetics-icon-300x300.png\" alt=\"synteettisi\u00e4 aineita sis\u00e4lt\u00e4m\u00e4t\u00f6n kuvake\" \/>\n                                <\/div>\n<div class=\"global-icon-set__title\">Vapaa synteettisist\u00e4 aineista<\/div>\n<\/p><\/div>\n<div class=\"global-icon-set__item\">\n<div class=\"global-icon-set__image\">\n                                    <img decoding=\"async\" src=\"https:\/\/homeofwool.com\/wp-content\/uploads\/2025\/09\/chemical-free-icon-300x300.png\" alt=\"kemikaalivapaa kuvake\" \/>\n                                <\/div>\n<div class=\"global-icon-set__title\">Kemikaalivapaa<\/div>\n<\/p><\/div>\n<div class=\"global-icon-set__item\">\n<div class=\"global-icon-set__image\">\n                                    <img decoding=\"async\" src=\"https:\/\/homeofwool.com\/wp-content\/uploads\/2025\/09\/anti-bacterial-icon-300x300.png\" alt=\"anti bakteeri kuvake\" \/>\n                                <\/div>\n<div class=\"global-icon-set__title\">Anti-mikrobinen &amp; antibakteerinen<\/div>\n<\/p><\/div>\n<div class=\"global-icon-set__item\">\n<div class=\"global-icon-set__image\">\n                                    <img decoding=\"async\" src=\"https:\/\/homeofwool.com\/wp-content\/uploads\/2025\/09\/certified-materials-icon-300x300.png\" alt=\"sertifioitujen materiaalien kuvake\" \/>\n                                <\/div>\n<div class=\"global-icon-set__title\">100% Puhtaat sertifioidut materiaalit<\/div>\n<\/p><\/div>\n<\/p><\/div>\n<\/p><\/div>","protected":false},"featured_media":221099,"template":"","meta":{"_acf_changed":false},"product_brand":[],"product_cat":[406],"product_tag":[412,413,414,415,416,417,418,419,420,149,421],"class_list":{"0":"post-217531","1":"product","2":"type-product","3":"status-publish","4":"has-post-thumbnail","6":"product_cat-protectors-covers-sheets","7":"product_tag-crib-sheets","8":"product_tag-custom-sheets","9":"product_tag-deep-pocket-sheets","10":"product_tag-extra-deep-sheet","11":"product_tag-fitted-bed-sheets","12":"product_tag-flat-sheet","13":"product_tag-linen-sheets","14":"product_tag-queen-sheets","15":"product_tag-sheets-pillowcases","16":"product_tag-steps","17":"product_tag-stokke-sheets","19":"first","20":"instock","21":"shipping-taxable","22":"purchasable","23":"product-type-simple"},"acf":[],"yoast_head":"<!-- This site is optimized with the Yoast SEO Premium plugin v27.3 (Yoast SEO v27.3) - https:\/\/yoast.com\/product\/yoast-seo-premium-wordpress\/ -->\n<title>Fitted Sheet \u2013 Organic, Hypoallergenic &amp; Handmade | Home of Wool<\/title>\n<meta name=\"description\" content=\"Handcrafted organic fitted sheet is soft, breathable, and chemical-free. It keeps beds cool, sweat-free, and safe for sensitive sleepers while being eco-friendly.\" \/>\n<meta name=\"robots\" content=\"index, follow, max-snippet:-1, max-image-preview:large, max-video-preview:-1\" \/>\n<link rel=\"canonical\" href=\"https:\/\/homeofwool.com\/fi\/shop\/luonnollinen-lakanapussi\/\" \/>\n<meta property=\"og:locale\" content=\"fi_FI\" \/>\n<meta property=\"og:type\" content=\"article\" \/>\n<meta property=\"og:title\" content=\"Fitted Sheet\" \/>\n<meta property=\"og:description\" content=\"Handcrafted organic fitted sheet is soft, breathable, and chemical-free. It keeps beds cool, sweat-free, and safe for sensitive sleepers while being eco-friendly.\" \/>\n<meta property=\"og:url\" content=\"https:\/\/homeofwool.com\/fi\/shop\/luonnollinen-lakanapussi\/\" \/>\n<meta property=\"og:site_name\" content=\"Home of Wool\" \/>\n<meta property=\"article:publisher\" content=\"https:\/\/facebook.com\/HomeOfWoolOfficial\" \/>\n<meta property=\"article:modified_time\" content=\"2026-02-11T10:35:39+00:00\" \/>\n<meta property=\"og:image\" content=\"https:\/\/homeofwool.com\/wp-content\/uploads\/2025\/09\/home-of-wool-fitted-sheet-5.jpg\" \/>\n\t<meta property=\"og:image:width\" content=\"1900\" \/>\n\t<meta property=\"og:image:height\" content=\"1520\" \/>\n\t<meta property=\"og:image:type\" content=\"image\/jpeg\" \/>\n<meta name=\"twitter:card\" content=\"summary_large_image\" \/>\n<meta name=\"twitter:label1\" content=\"Arvioitu lukuaika\" \/>\n\t<meta name=\"twitter:data1\" content=\"1 minuutti\" \/>\n<script type=\"application\/ld+json\" class=\"yoast-schema-graph\">{\"@context\":\"https:\\\/\\\/schema.org\",\"@graph\":[{\"@type\":\"WebPage\",\"@id\":\"https:\\\/\\\/homeofwool.com\\\/sv\\\/butik\\\/naturligt-lakan\\\/\",\"url\":\"https:\\\/\\\/homeofwool.com\\\/sv\\\/butik\\\/naturligt-lakan\\\/\",\"name\":\"Fitted Sheet \u2013 Organic, Hypoallergenic & Handmade | Home of Wool\",\"isPartOf\":{\"@id\":\"https:\\\/\\\/homeofwool.com\\\/#website\"},\"primaryImageOfPage\":{\"@id\":\"https:\\\/\\\/homeofwool.com\\\/sv\\\/butik\\\/naturligt-lakan\\\/#primaryimage\"},\"image\":{\"@id\":\"https:\\\/\\\/homeofwool.com\\\/sv\\\/butik\\\/naturligt-lakan\\\/#primaryimage\"},\"thumbnailUrl\":\"https:\\\/\\\/homeofwool.com\\\/wp-content\\\/uploads\\\/2025\\\/09\\\/home-of-wool-fitted-sheet-5.jpg\",\"datePublished\":\"2025-09-02T12:00:56+00:00\",\"dateModified\":\"2026-02-11T10:35:39+00:00\",\"description\":\"Handcrafted organic fitted sheet is soft, breathable, and chemical-free. It keeps beds cool, sweat-free, and safe for sensitive sleepers while being eco-friendly.\",\"breadcrumb\":{\"@id\":\"https:\\\/\\\/homeofwool.com\\\/sv\\\/butik\\\/naturligt-lakan\\\/#breadcrumb\"},\"inLanguage\":\"fi\",\"potentialAction\":[{\"@type\":\"ReadAction\",\"target\":[\"https:\\\/\\\/homeofwool.com\\\/sv\\\/butik\\\/naturligt-lakan\\\/\"]}]},{\"@type\":\"ImageObject\",\"inLanguage\":\"fi\",\"@id\":\"https:\\\/\\\/homeofwool.com\\\/sv\\\/butik\\\/naturligt-lakan\\\/#primaryimage\",\"url\":\"https:\\\/\\\/homeofwool.com\\\/wp-content\\\/uploads\\\/2025\\\/09\\\/home-of-wool-fitted-sheet-5.jpg\",\"contentUrl\":\"https:\\\/\\\/homeofwool.com\\\/wp-content\\\/uploads\\\/2025\\\/09\\\/home-of-wool-fitted-sheet-5.jpg\",\"width\":1900,\"height\":1520,\"caption\":\"fitted sheet from 100% virgin wool around a mattress view from bottom\"},{\"@type\":\"BreadcrumbList\",\"@id\":\"https:\\\/\\\/homeofwool.com\\\/sv\\\/butik\\\/naturligt-lakan\\\/#breadcrumb\",\"itemListElement\":[{\"@type\":\"ListItem\",\"position\":1,\"name\":\"Home\",\"item\":\"https:\\\/\\\/homeofwool.com\\\/\"},{\"@type\":\"ListItem\",\"position\":2,\"name\":\"Products\",\"item\":\"https:\\\/\\\/homeofwool.com\\\/header-search-2\\\/\"},{\"@type\":\"ListItem\",\"position\":3,\"name\":\"Fitted Sheet\"}]},{\"@type\":\"WebSite\",\"@id\":\"https:\\\/\\\/homeofwool.com\\\/#website\",\"url\":\"https:\\\/\\\/homeofwool.com\\\/\",\"name\":\"Home of Wool\",\"description\":\"\",\"publisher\":{\"@id\":\"https:\\\/\\\/homeofwool.com\\\/#organization\"},\"potentialAction\":[{\"@type\":\"SearchAction\",\"target\":{\"@type\":\"EntryPoint\",\"urlTemplate\":\"https:\\\/\\\/homeofwool.com\\\/?s={search_term_string}\"},\"query-input\":{\"@type\":\"PropertyValueSpecification\",\"valueRequired\":true,\"valueName\":\"search_term_string\"}}],\"inLanguage\":\"fi\"},{\"@type\":\"Organization\",\"@id\":\"https:\\\/\\\/homeofwool.com\\\/#organization\",\"name\":\"Home of Wool\",\"url\":\"https:\\\/\\\/homeofwool.com\\\/\",\"logo\":{\"@type\":\"ImageObject\",\"inLanguage\":\"fi\",\"@id\":\"https:\\\/\\\/homeofwool.com\\\/#\\\/schema\\\/logo\\\/image\\\/\",\"url\":\"https:\\\/\\\/homeofwool.com\\\/wp-content\\\/uploads\\\/2025\\\/09\\\/WhatsApp-Image-2025-12-02-at-16.23.20.jpeg\",\"contentUrl\":\"https:\\\/\\\/homeofwool.com\\\/wp-content\\\/uploads\\\/2025\\\/09\\\/WhatsApp-Image-2025-12-02-at-16.23.20.jpeg\",\"width\":700,\"height\":247,\"caption\":\"Home of Wool\"},\"image\":{\"@id\":\"https:\\\/\\\/homeofwool.com\\\/#\\\/schema\\\/logo\\\/image\\\/\"},\"sameAs\":[\"https:\\\/\\\/facebook.com\\\/HomeOfWoolOfficial\"]}]}<\/script>\n<!-- \/ Yoast SEO Premium plugin. -->","yoast_head_json":{"title":"Joustava lakana \u2013 orgaaninen, hypoallergeeninen ja k\u00e4sintehty | Home of Wool","description":"K\u00e4sintehty orgaaninen lakanap\u00e4\u00e4llinen on pehme\u00e4, hengitt\u00e4v\u00e4 ja kemikaaliton. Se pit\u00e4\u00e4 s\u00e4ngyn viile\u00e4n\u00e4, hikoilemattomana ja turvallisena herkille nukkujille, samalla kun se on ymp\u00e4rist\u00f6yst\u00e4v\u00e4llinen.","robots":{"index":"index","follow":"follow","max-snippet":"max-snippet:-1","max-image-preview":"max-image-preview:large","max-video-preview":"max-video-preview:-1"},"canonical":"https:\/\/homeofwool.com\/fi\/shop\/luonnollinen-lakanapussi\/","og_locale":"fi_FI","og_type":"article","og_title":"Fitted Sheet","og_description":"Handcrafted organic fitted sheet is soft, breathable, and chemical-free. It keeps beds cool, sweat-free, and safe for sensitive sleepers while being eco-friendly.","og_url":"https:\/\/homeofwool.com\/fi\/shop\/luonnollinen-lakanapussi\/","og_site_name":"Home of Wool","article_publisher":"https:\/\/facebook.com\/HomeOfWoolOfficial","article_modified_time":"2026-02-11T10:35:39+00:00","og_image":[{"width":1900,"height":1520,"url":"https:\/\/homeofwool.com\/wp-content\/uploads\/2025\/09\/home-of-wool-fitted-sheet-5.jpg","type":"image\/jpeg"}],"twitter_card":"summary_large_image","twitter_misc":{"Arvioitu lukuaika":"1 minuutti"},"schema":{"@context":"https:\/\/schema.org","@graph":[{"@type":"WebPage","@id":"https:\/\/homeofwool.com\/sv\/butik\/naturligt-lakan\/","url":"https:\/\/homeofwool.com\/sv\/butik\/naturligt-lakan\/","name":"Joustava lakana \u2013 orgaaninen, hypoallergeeninen ja k\u00e4sintehty | Home of Wool","isPartOf":{"@id":"https:\/\/homeofwool.com\/#website"},"primaryImageOfPage":{"@id":"https:\/\/homeofwool.com\/sv\/butik\/naturligt-lakan\/#primaryimage"},"image":{"@id":"https:\/\/homeofwool.com\/sv\/butik\/naturligt-lakan\/#primaryimage"},"thumbnailUrl":"https:\/\/homeofwool.com\/wp-content\/uploads\/2025\/09\/home-of-wool-fitted-sheet-5.jpg","datePublished":"2025-09-02T12:00:56+00:00","dateModified":"2026-02-11T10:35:39+00:00","description":"K\u00e4sintehty orgaaninen lakanap\u00e4\u00e4llinen on pehme\u00e4, hengitt\u00e4v\u00e4 ja kemikaaliton. Se pit\u00e4\u00e4 s\u00e4ngyn viile\u00e4n\u00e4, hikoilemattomana ja turvallisena herkille nukkujille, samalla kun se on ymp\u00e4rist\u00f6yst\u00e4v\u00e4llinen.","breadcrumb":{"@id":"https:\/\/homeofwool.com\/sv\/butik\/naturligt-lakan\/#breadcrumb"},"inLanguage":"fi","potentialAction":[{"@type":"ReadAction","target":["https:\/\/homeofwool.com\/sv\/butik\/naturligt-lakan\/"]}]},{"@type":"ImageObject","inLanguage":"fi","@id":"https:\/\/homeofwool.com\/sv\/butik\/naturligt-lakan\/#primaryimage","url":"https:\/\/homeofwool.com\/wp-content\/uploads\/2025\/09\/home-of-wool-fitted-sheet-5.jpg","contentUrl":"https:\/\/homeofwool.com\/wp-content\/uploads\/2025\/09\/home-of-wool-fitted-sheet-5.jpg","width":1900,"height":1520,"caption":"fitted sheet from 100% virgin wool around a mattress view from bottom"},{"@type":"BreadcrumbList","@id":"https:\/\/homeofwool.com\/sv\/butik\/naturligt-lakan\/#breadcrumb","itemListElement":[{"@type":"ListItem","position":1,"name":"Home","item":"https:\/\/homeofwool.com\/"},{"@type":"ListItem","position":2,"name":"Products","item":"https:\/\/homeofwool.com\/header-search-2\/"},{"@type":"ListItem","position":3,"name":"Fitted Sheet"}]},{"@type":"WebSite","@id":"https:\/\/homeofwool.com\/#website","url":"https:\/\/homeofwool.com\/","name":"Villan koti","description":"","publisher":{"@id":"https:\/\/homeofwool.com\/#organization"},"potentialAction":[{"@type":"SearchAction","target":{"@type":"EntryPoint","urlTemplate":"https:\/\/homeofwool.com\/?s={search_term_string}"},"query-input":{"@type":"PropertyValueSpecification","valueRequired":true,"valueName":"search_term_string"}}],"inLanguage":"fi"},{"@type":"Organization","@id":"https:\/\/homeofwool.com\/#organization","name":"Villan koti","url":"https:\/\/homeofwool.com\/","logo":{"@type":"ImageObject","inLanguage":"fi","@id":"https:\/\/homeofwool.com\/#\/schema\/logo\/image\/","url":"https:\/\/homeofwool.com\/wp-content\/uploads\/2025\/09\/WhatsApp-Image-2025-12-02-at-16.23.20.jpeg","contentUrl":"https:\/\/homeofwool.com\/wp-content\/uploads\/2025\/09\/WhatsApp-Image-2025-12-02-at-16.23.20.jpeg","width":700,"height":247,"caption":"Home of Wool"},"image":{"@id":"https:\/\/homeofwool.com\/#\/schema\/logo\/image\/"},"sameAs":["https:\/\/facebook.com\/HomeOfWoolOfficial"]}]}},"_links":{"self":[{"href":"https:\/\/homeofwool.com\/fi\/wp-json\/wp\/v2\/product\/217531","targetHints":{"allow":["GET"]}}],"collection":[{"href":"https:\/\/homeofwool.com\/fi\/wp-json\/wp\/v2\/product"}],"about":[{"href":"https:\/\/homeofwool.com\/fi\/wp-json\/wp\/v2\/types\/product"}],"version-history":[{"count":2,"href":"https:\/\/homeofwool.com\/fi\/wp-json\/wp\/v2\/product\/217531\/revisions"}],"predecessor-version":[{"id":227670,"href":"https:\/\/homeofwool.com\/fi\/wp-json\/wp\/v2\/product\/217531\/revisions\/227670"}],"wp:featuredmedia":[{"embeddable":true,"href":"https:\/\/homeofwool.com\/fi\/wp-json\/wp\/v2\/media\/221099"}],"wp:attachment":[{"href":"https:\/\/homeofwool.com\/fi\/wp-json\/wp\/v2\/media?parent=217531"}],"wp:term":[{"taxonomy":"product_brand","embeddable":true,"href":"https:\/\/homeofwool.com\/fi\/wp-json\/wp\/v2\/product_brand?post=217531"},{"taxonomy":"product_cat","embeddable":true,"href":"https:\/\/homeofwool.com\/fi\/wp-json\/wp\/v2\/product_cat?post=217531"},{"taxonomy":"product_tag","embeddable":true,"href":"https:\/\/homeofwool.com\/fi\/wp-json\/wp\/v2\/product_tag?post=217531"}],"curies":[{"name":"wp","href":"https:\/\/api.w.org\/{rel}","templated":true}]}}