{"id":217529,"date":"2025-09-02T12:00:56","date_gmt":"2025-09-02T12:00:56","guid":{"rendered":"https:\/\/homeofwool.com\/?post_type=product&#038;p=217529"},"modified":"2026-02-25T13:51:29","modified_gmt":"2026-02-25T13:51:29","slug":"nippu-taydentavat-vuodevaatteet","status":"publish","type":"product","link":"https:\/\/homeofwool.com\/fi\/shop\/bundle-complementary-bedding\/","title":{"rendered":"Nippu: Tyyny + pussilakana + pussilakanasetti."},"content":{"rendered":"<p>P\u00e4ivit\u00e4 unesi ja s\u00e4\u00e4st\u00f6si meid\u00e4n\u00a0<strong>Nippu: Pussilakana: suojus + tyyny + pussilakana. A<\/strong> palkkio mutta\u00a0<strong>alennettu luonnollinen vuodevaatteet<\/strong>\u00a0mukavuutta ja parempaa unta varten suunniteltu paketti. Jokainen\u00a0<strong>kemikaalivapaa s\u00e4ngyn setti<\/strong>\u00a0on valmistettu puhtaista, hengitt\u00e4vist\u00e4 materiaaleista, jotka auttavat s\u00e4\u00e4telem\u00e4\u00e4n l\u00e4mp\u00f6tilaa, poistamaan kosteutta ja vastustamaan p\u00f6lypunkkeja, joten voit nukkua puhtaammassa ja terveellisemm\u00e4ss\u00e4 tilassa.<\/p>\n<h3>Pakettivaihtoehdot<\/h3>\n<div class=\"ql-block\" data-block-id=\"block-1ae6349e-3f80-4d94-8ef3-0e932a6e533d\"><strong>TWIN BUNDLE<\/strong><\/div>\n<ul>\n<li class=\"ql-block\" data-block-id=\"block-fb5a85da-65fa-4690-953a-df1f16b73fdd\">Patjasuoja: 100% neitsytvilla, kulmakuminauhat.<\/li>\n<li class=\"ql-block\" data-block-id=\"block-cefe71f3-1bad-423b-bb2d-5aaf573b40ff\">Tyyny: (51 x 66 cm) - orgaaninen villat\u00e4yte, s\u00e4\u00e4dett\u00e4v\u00e4 kiinteys.<\/li>\n<li class=\"ql-block\" data-block-id=\"block-53b321e9-e60a-4985-b9f7-cebdc0daefdb\">Pussilakanasetti: 64\u2033 x 89\u2033 (162 x 226 cm) - talvipaino, luomuvillapatja, luomupuuvillakangas.<\/li>\n<\/ul>\n<div class=\"ql-block\" data-block-id=\"block-43f817f6-4290-4e76-87eb-bd221c274fbf\"><strong>TWIN XL BUNDLE<\/strong><\/div>\n<ul>\n<li class=\"ql-block\" data-block-id=\"block-952905e9-13de-4a2d-9667-32ec18dc79c0\">Patjasuoja: 100% neitsytvilla, kulmakuminauhat.<\/li>\n<li class=\"ql-block\" data-block-id=\"block-3dfe2513-00f6-414b-96ae-b72010c9973a\">Tyyny: (51 x 66 cm) - orgaaninen villat\u00e4yte, s\u00e4\u00e4dett\u00e4v\u00e4 kiinteys.<\/li>\n<li class=\"ql-block\" data-block-id=\"block-d0eac117-1641-49c6-9f72-b7c29a2ca811\">Pussilakanasetti: 74\u2033 x 98\u2033 (188 x 249 cm) - talvipaino, luomuvillapatja, luomupuuvillakangas.<\/li>\n<\/ul>\n<div class=\"ql-block\" data-block-id=\"block-16c6717c-0ff4-4bc3-bc4b-00bef0d36248\"><strong>T\u00c4YDELLINEN NIPPU<\/strong><\/div>\n<ul>\n<li class=\"ql-block\" data-block-id=\"block-5e1f3ab1-97ff-4765-8e85-74c7e35c53f2\">Patjasuoja: 100% neitsytvilla, kulmakuminauhat.<\/li>\n<li class=\"ql-block\" data-block-id=\"block-790cb076-4a00-417d-a580-1ffd8447e3cc\">Tyyny: (51 x 66 cm) - orgaaninen villat\u00e4yte, s\u00e4\u00e4dett\u00e4v\u00e4 kiinteys.<\/li>\n<li class=\"ql-block\" data-block-id=\"block-0f5e4bec-0e5d-4553-86ac-a31824ca36a6\">Pussilakanasetti: 95\u2033 x 98\u2033 (241 x 249 cm) - talvipaino, luomuvillapatja, luomupuuvillakangas.<\/li>\n<\/ul>\n<div class=\"ql-block\" data-block-id=\"block-9372693c-5221-4cf5-af49-083c8a46670d\"><strong>FULL XL NIPPU<\/strong><\/div>\n<ul>\n<li class=\"ql-block\" data-block-id=\"block-8b24cc12-92f9-4b84-914a-c299d24ba497\">Patjasuoja: 100% neitsytvilla, kulmakuminauhat.<\/li>\n<li class=\"ql-block\" data-block-id=\"block-8d495bd6-1fd7-4a39-a960-5038fbf932f8\">Tyyny: (51 x 66 cm) - orgaaninen villat\u00e4yte, s\u00e4\u00e4dett\u00e4v\u00e4 kiinteys.<\/li>\n<li class=\"ql-block\" data-block-id=\"block-b516b81b-5df1-47f4-9219-36c4a7ad1aa4\">Pussilakanasetti: 95\u2033 x 98\u2033 (241 x 249 cm) - talvipaino, luomuvillapatja, luomupuuvillakangas.<\/li>\n<\/ul>\n<div class=\"ql-block\" data-block-id=\"block-f15d9381-3d15-4fc5-9cef-4f0e97008388\"><strong>QUEEN BUNDLE<\/strong><\/div>\n<ul>\n<li class=\"ql-block\" data-block-id=\"block-9af42401-645a-4884-a809-f40d60e48deb\">Patjasuoja: 60\u2033 x 80\u2033 (152 x 203 cm) - 100% neitsytvilla, kulmakuminauhat.<\/li>\n<li class=\"ql-block\" data-block-id=\"block-01f3b027-4d47-45b3-8ad7-21f321d1bd21\">Tyynyt: (51 x 76 cm) - orgaaninen villat\u00e4yte, s\u00e4\u00e4dett\u00e4v\u00e4 kiinteys.<\/li>\n<li class=\"ql-block\" data-block-id=\"block-a5f1928e-4369-470d-94d0-83643d5de16f\">Pussilakanasetti: 88\u2033 x 90\u2033 (224 x 229 cm) - talvipaino, luomuvillapatja, luomupuuvillakangas.<\/li>\n<\/ul>\n<div class=\"ql-block\" data-block-id=\"block-5f853f5f-86ab-4e2f-b098-916b6840c158\"><strong>OLYMPIA KUNINGATAR NIPPU<\/strong><\/div>\n<ul>\n<li class=\"ql-block\" data-block-id=\"block-8c804c78-96ec-403d-aa3d-0e7f1899d9fd\">Patjasuoja: 66\u2033 x 80\u2033 (168 x 203 cm) - 100% neitsytvilla, kulmakuminauhat.<\/li>\n<li class=\"ql-block\" data-block-id=\"block-400ba917-070b-4068-8a1d-f9f522e75d22\">Tyynyt: (51 x 76 cm) - orgaaninen villat\u00e4yte, s\u00e4\u00e4dett\u00e4v\u00e4 kiinteys.<\/li>\n<li class=\"ql-block\" data-block-id=\"block-ac4610ef-254d-49ac-a161-6180a0a962ae\">Pussilakanasetti: 88\u2033 x 90\u2033 (224 x 229 cm) - talvipaino, luomuvillapatja, luomupuuvillakangas.<\/li>\n<\/ul>\n<div class=\"ql-block\" data-block-id=\"block-60a29845-c38b-4876-976a-12722a0a46e8\"><strong>KING BUNDLE<\/strong><\/div>\n<ul>\n<li class=\"ql-block\" data-block-id=\"block-ba3d89a8-2c55-462f-9624-2c87b97ea364\">Patjasuoja: 76\u2033 x 80\u2033 (193 x 203 cm) - 100% neitsytvillaa, kulmakuminauhat.<\/li>\n<li class=\"ql-block\" data-block-id=\"block-7f0c3956-a99a-4f2d-a625-0ea2f35a4826\">Tyynyt: (51 x 91 cm) - orgaaninen villat\u00e4yte, s\u00e4\u00e4dett\u00e4v\u00e4 kiinteys.<\/li>\n<li class=\"ql-block\" data-block-id=\"block-dec231b6-2176-403a-89d8-aca8982591c1\">Pussilakanasetti: 104\u2033 x 90\u2033 (264 x 229 cm) - talvipaino, luomuvillapatja, luomupuuvillakangas.<\/li>\n<\/ul>\n<div class=\"ql-block\" data-block-id=\"block-843256d4-767d-4f9e-b395-95a3631e8022\"><strong>CAL KING -PAKETTI<\/strong><\/div>\n<ul>\n<li class=\"ql-block\" data-block-id=\"block-6bf8115b-e1e7-4a1f-ae13-7b34694e7e23\">Patjasuoja: 72\u2033 x 84\u2033 (183 x 213 cm) - 100% neitsytvilla, kulmakuminauhat.<\/li>\n<li class=\"ql-block\" data-block-id=\"block-ba99777e-5252-4f8f-8410-24b0e7d6c0af\">Tyynyt: (51 x 91 cm) - orgaaninen villat\u00e4yte, s\u00e4\u00e4dett\u00e4v\u00e4 kiinteys.<\/li>\n<li class=\"ql-block\" data-block-id=\"block-3ffed8fd-3c02-4e4d-9394-cdc8dae8b941\">Pussilakanasetti: 111\u2033 x 98\u2033 (282 x 249 cm) - talvipaino, luomuvillapatja, luomupuuvillakangas.<\/li>\n<\/ul>\n<p>T\u00e4m\u00e4 100%-luomuvillasta ja GOTS-sertifioidusta puuvillasta valmistettu\u00a0<strong>orgaaninen unipaketti<\/strong>\u00a0on luonnostaan hypoallergeeninen, hengitt\u00e4v\u00e4 ja kest\u00e4v\u00e4.<\/p>\n<p>T\u00e4m\u00e4n sarjan tyynyt ovat s\u00e4\u00e4dett\u00e4viss\u00e4. Sen avulla voit lis\u00e4t\u00e4 tai poistaa t\u00e4ytett\u00e4, kunnes ne ovat juuri sinulle sopivat. T\u00e4m\u00e4 tekee t\u00e4st\u00e4 todella mukautettavan vuodevaatevaihtoehdon. Mukavuus r\u00e4\u00e4t\u00e4l\u00f6id\u00e4\u00e4n juuri sinun nukkumistyylisi mukaan.<\/p>\n<p>Valitse paketti ja s\u00e4\u00e4st\u00e4 10%.<\/p>","protected":false},"excerpt":{"rendered":"<p>Nuku syvemmin ja s\u00e4\u00e4st\u00e4 enemm\u00e4n luonnonmukaisten vuodevaatteiden paketin avulla. T\u00e4m\u00e4 kest\u00e4v\u00e4 vuodevaatesetti sis\u00e4lt\u00e4\u00e4 villapatjasuojan, villat\u00e4ytteiset tyynyt ja talvipeittosarjan. T\u00e4m\u00e4 100%-villasta ja luomupuuvillasta valmistettu myrkyt\u00f6n vuodevaatetus on l\u00e4mp\u00f6tilaa s\u00e4\u00e4telev\u00e4, hypoallergeeninen ja luonnollisesti kosteutta siirt\u00e4v\u00e4. Hanki Organic Sleep Bundle -paketti ja nauti 10%:n alennuksesta samalla, kun kietoudut todella ymp\u00e4rist\u00f6yst\u00e4v\u00e4llisten vuodevaatteiden terveyteen ja mukavuuteen.<\/p>","protected":false},"featured_media":228533,"template":"","meta":{"_acf_changed":false},"product_brand":[],"product_cat":[248,247,60],"product_tag":[249,250,251],"class_list":{"0":"post-217529","1":"product","2":"type-product","3":"status-publish","4":"has-post-thumbnail","6":"product_cat-bundles","7":"product_cat-offers","8":"product_cat-blankets-duvets","9":"product_tag-bedding-bundles","10":"product_tag-bedding-sets","11":"product_tag-bedding-sets-queen","13":"first","14":"instock","15":"shipping-taxable","16":"purchasable","17":"product-type-variable"},"acf":[],"yoast_head":"<!-- This site is optimized with the Yoast SEO Premium plugin v27.3 (Yoast SEO v27.3) - https:\/\/yoast.com\/product\/yoast-seo-premium-wordpress\/ -->\n<title>Organic Wool Sleep Bundle: Protector + Pillows + Winter Duvet | Save 10%<\/title>\n<meta name=\"description\" content=\"Sleep deeper with our organic wool bedding bundle\u2014protector, adjustable wool pillows, winter duvet insert. Hypoallergenic, moisture-wicking. Save 10% today.\" \/>\n<meta name=\"robots\" content=\"index, follow, max-snippet:-1, max-image-preview:large, max-video-preview:-1\" \/>\n<link rel=\"canonical\" href=\"https:\/\/homeofwool.com\/fi\/shop\/nippu-taydentavat-vuodevaatteet\/\" \/>\n<meta property=\"og:locale\" content=\"fi_FI\" \/>\n<meta property=\"og:type\" content=\"article\" \/>\n<meta property=\"og:title\" content=\"Bundle: Protector + Pillow + Duvet Insert\" \/>\n<meta property=\"og:description\" content=\"Sleep deeper with our organic wool bedding bundle\u2014protector, adjustable wool pillows, winter duvet insert. Hypoallergenic, moisture-wicking. Save 10% today.\" \/>\n<meta property=\"og:url\" content=\"https:\/\/homeofwool.com\/fi\/shop\/nippu-taydentavat-vuodevaatteet\/\" \/>\n<meta property=\"og:site_name\" content=\"Home of Wool\" \/>\n<meta property=\"article:publisher\" content=\"https:\/\/facebook.com\/HomeOfWoolOfficial\" \/>\n<meta property=\"article:modified_time\" content=\"2026-02-25T13:51:29+00:00\" \/>\n<meta property=\"og:image\" content=\"https:\/\/homeofwool.com\/wp-content\/uploads\/2025\/09\/bundle-home-ofwool-01.jpg\" \/>\n\t<meta property=\"og:image:width\" content=\"1600\" \/>\n\t<meta property=\"og:image:height\" content=\"1280\" \/>\n\t<meta property=\"og:image:type\" content=\"image\/jpeg\" \/>\n<meta name=\"twitter:card\" content=\"summary_large_image\" \/>\n<meta name=\"twitter:label1\" content=\"Arvioitu lukuaika\" \/>\n\t<meta name=\"twitter:data1\" content=\"3 minuuttia\" \/>\n<script type=\"application\/ld+json\" class=\"yoast-schema-graph\">{\"@context\":\"https:\\\/\\\/schema.org\",\"@graph\":[{\"@type\":\"WebPage\",\"@id\":\"https:\\\/\\\/homeofwool.com\\\/shop\\\/bundle-complementary-bedding\\\/\",\"url\":\"https:\\\/\\\/homeofwool.com\\\/shop\\\/bundle-complementary-bedding\\\/\",\"name\":\"Organic Wool Sleep Bundle: Protector + Pillows + Winter Duvet | Save 10%\",\"isPartOf\":{\"@id\":\"https:\\\/\\\/homeofwool.com\\\/#website\"},\"primaryImageOfPage\":{\"@id\":\"https:\\\/\\\/homeofwool.com\\\/shop\\\/bundle-complementary-bedding\\\/#primaryimage\"},\"image\":{\"@id\":\"https:\\\/\\\/homeofwool.com\\\/shop\\\/bundle-complementary-bedding\\\/#primaryimage\"},\"thumbnailUrl\":\"https:\\\/\\\/homeofwool.com\\\/wp-content\\\/uploads\\\/2025\\\/09\\\/bundle-home-ofwool-01.jpg\",\"datePublished\":\"2025-09-02T12:00:56+00:00\",\"dateModified\":\"2026-02-25T13:51:29+00:00\",\"description\":\"Sleep deeper with our organic wool bedding bundle\u2014protector, adjustable wool pillows, winter duvet insert. Hypoallergenic, moisture-wicking. Save 10% today.\",\"breadcrumb\":{\"@id\":\"https:\\\/\\\/homeofwool.com\\\/shop\\\/bundle-complementary-bedding\\\/#breadcrumb\"},\"inLanguage\":\"fi\",\"potentialAction\":[{\"@type\":\"ReadAction\",\"target\":[\"https:\\\/\\\/homeofwool.com\\\/shop\\\/bundle-complementary-bedding\\\/\"]}]},{\"@type\":\"ImageObject\",\"inLanguage\":\"fi\",\"@id\":\"https:\\\/\\\/homeofwool.com\\\/shop\\\/bundle-complementary-bedding\\\/#primaryimage\",\"url\":\"https:\\\/\\\/homeofwool.com\\\/wp-content\\\/uploads\\\/2025\\\/09\\\/bundle-home-ofwool-01.jpg\",\"contentUrl\":\"https:\\\/\\\/homeofwool.com\\\/wp-content\\\/uploads\\\/2025\\\/09\\\/bundle-home-ofwool-01.jpg\",\"width\":1600,\"height\":1280,\"caption\":\"home of wool duvet, protector and pillow bundle on grey background\"},{\"@type\":\"BreadcrumbList\",\"@id\":\"https:\\\/\\\/homeofwool.com\\\/shop\\\/bundle-complementary-bedding\\\/#breadcrumb\",\"itemListElement\":[{\"@type\":\"ListItem\",\"position\":1,\"name\":\"Home\",\"item\":\"https:\\\/\\\/homeofwool.com\\\/\"},{\"@type\":\"ListItem\",\"position\":2,\"name\":\"Products\",\"item\":\"https:\\\/\\\/homeofwool.com\\\/header-search-2\\\/\"},{\"@type\":\"ListItem\",\"position\":3,\"name\":\"Bundle: Protector + Pillow + Duvet Insert\"}]},{\"@type\":\"WebSite\",\"@id\":\"https:\\\/\\\/homeofwool.com\\\/#website\",\"url\":\"https:\\\/\\\/homeofwool.com\\\/\",\"name\":\"Home of Wool\",\"description\":\"\",\"publisher\":{\"@id\":\"https:\\\/\\\/homeofwool.com\\\/#organization\"},\"potentialAction\":[{\"@type\":\"SearchAction\",\"target\":{\"@type\":\"EntryPoint\",\"urlTemplate\":\"https:\\\/\\\/homeofwool.com\\\/?s={search_term_string}\"},\"query-input\":{\"@type\":\"PropertyValueSpecification\",\"valueRequired\":true,\"valueName\":\"search_term_string\"}}],\"inLanguage\":\"fi\"},{\"@type\":\"Organization\",\"@id\":\"https:\\\/\\\/homeofwool.com\\\/#organization\",\"name\":\"Home of Wool\",\"url\":\"https:\\\/\\\/homeofwool.com\\\/\",\"logo\":{\"@type\":\"ImageObject\",\"inLanguage\":\"fi\",\"@id\":\"https:\\\/\\\/homeofwool.com\\\/#\\\/schema\\\/logo\\\/image\\\/\",\"url\":\"https:\\\/\\\/homeofwool.com\\\/wp-content\\\/uploads\\\/2025\\\/09\\\/WhatsApp-Image-2025-12-02-at-16.23.20.jpeg\",\"contentUrl\":\"https:\\\/\\\/homeofwool.com\\\/wp-content\\\/uploads\\\/2025\\\/09\\\/WhatsApp-Image-2025-12-02-at-16.23.20.jpeg\",\"width\":700,\"height\":247,\"caption\":\"Home of Wool\"},\"image\":{\"@id\":\"https:\\\/\\\/homeofwool.com\\\/#\\\/schema\\\/logo\\\/image\\\/\"},\"sameAs\":[\"https:\\\/\\\/facebook.com\\\/HomeOfWoolOfficial\"]}]}<\/script>\n<!-- \/ Yoast SEO Premium plugin. -->","yoast_head_json":{"title":"Luomuvillainen unipusero: Suoja + Tyynyt + Talvipeitto | Tallenna 10%","description":"Nuku syvemmin orgaanisen villaisen vuodevaatekimppusuojan, s\u00e4\u00e4dett\u00e4vien villatyynyjen ja talvipussilakanoiden avulla. Hypoallergeeninen, kosteutta siirt\u00e4v\u00e4. S\u00e4\u00e4st\u00e4 10% t\u00e4n\u00e4\u00e4n.","robots":{"index":"index","follow":"follow","max-snippet":"max-snippet:-1","max-image-preview":"max-image-preview:large","max-video-preview":"max-video-preview:-1"},"canonical":"https:\/\/homeofwool.com\/fi\/shop\/nippu-taydentavat-vuodevaatteet\/","og_locale":"fi_FI","og_type":"article","og_title":"Bundle: Protector + Pillow + Duvet Insert","og_description":"Sleep deeper with our organic wool bedding bundle\u2014protector, adjustable wool pillows, winter duvet insert. Hypoallergenic, moisture-wicking. Save 10% today.","og_url":"https:\/\/homeofwool.com\/fi\/shop\/nippu-taydentavat-vuodevaatteet\/","og_site_name":"Home of Wool","article_publisher":"https:\/\/facebook.com\/HomeOfWoolOfficial","article_modified_time":"2026-02-25T13:51:29+00:00","og_image":[{"width":1600,"height":1280,"url":"https:\/\/homeofwool.com\/wp-content\/uploads\/2025\/09\/bundle-home-ofwool-01.jpg","type":"image\/jpeg"}],"twitter_card":"summary_large_image","twitter_misc":{"Arvioitu lukuaika":"3 minuuttia"},"schema":{"@context":"https:\/\/schema.org","@graph":[{"@type":"WebPage","@id":"https:\/\/homeofwool.com\/shop\/bundle-complementary-bedding\/","url":"https:\/\/homeofwool.com\/shop\/bundle-complementary-bedding\/","name":"Luomuvillainen unipusero: Suoja + Tyynyt + Talvipeitto | Tallenna 10%","isPartOf":{"@id":"https:\/\/homeofwool.com\/#website"},"primaryImageOfPage":{"@id":"https:\/\/homeofwool.com\/shop\/bundle-complementary-bedding\/#primaryimage"},"image":{"@id":"https:\/\/homeofwool.com\/shop\/bundle-complementary-bedding\/#primaryimage"},"thumbnailUrl":"https:\/\/homeofwool.com\/wp-content\/uploads\/2025\/09\/bundle-home-ofwool-01.jpg","datePublished":"2025-09-02T12:00:56+00:00","dateModified":"2026-02-25T13:51:29+00:00","description":"Nuku syvemmin orgaanisen villaisen vuodevaatekimppusuojan, s\u00e4\u00e4dett\u00e4vien villatyynyjen ja talvipussilakanoiden avulla. Hypoallergeeninen, kosteutta siirt\u00e4v\u00e4. S\u00e4\u00e4st\u00e4 10% t\u00e4n\u00e4\u00e4n.","breadcrumb":{"@id":"https:\/\/homeofwool.com\/shop\/bundle-complementary-bedding\/#breadcrumb"},"inLanguage":"fi","potentialAction":[{"@type":"ReadAction","target":["https:\/\/homeofwool.com\/shop\/bundle-complementary-bedding\/"]}]},{"@type":"ImageObject","inLanguage":"fi","@id":"https:\/\/homeofwool.com\/shop\/bundle-complementary-bedding\/#primaryimage","url":"https:\/\/homeofwool.com\/wp-content\/uploads\/2025\/09\/bundle-home-ofwool-01.jpg","contentUrl":"https:\/\/homeofwool.com\/wp-content\/uploads\/2025\/09\/bundle-home-ofwool-01.jpg","width":1600,"height":1280,"caption":"home of wool duvet, protector and pillow bundle on grey background"},{"@type":"BreadcrumbList","@id":"https:\/\/homeofwool.com\/shop\/bundle-complementary-bedding\/#breadcrumb","itemListElement":[{"@type":"ListItem","position":1,"name":"Home","item":"https:\/\/homeofwool.com\/"},{"@type":"ListItem","position":2,"name":"Products","item":"https:\/\/homeofwool.com\/header-search-2\/"},{"@type":"ListItem","position":3,"name":"Bundle: Protector + Pillow + Duvet Insert"}]},{"@type":"WebSite","@id":"https:\/\/homeofwool.com\/#website","url":"https:\/\/homeofwool.com\/","name":"Villan koti","description":"","publisher":{"@id":"https:\/\/homeofwool.com\/#organization"},"potentialAction":[{"@type":"SearchAction","target":{"@type":"EntryPoint","urlTemplate":"https:\/\/homeofwool.com\/?s={search_term_string}"},"query-input":{"@type":"PropertyValueSpecification","valueRequired":true,"valueName":"search_term_string"}}],"inLanguage":"fi"},{"@type":"Organization","@id":"https:\/\/homeofwool.com\/#organization","name":"Villan koti","url":"https:\/\/homeofwool.com\/","logo":{"@type":"ImageObject","inLanguage":"fi","@id":"https:\/\/homeofwool.com\/#\/schema\/logo\/image\/","url":"https:\/\/homeofwool.com\/wp-content\/uploads\/2025\/09\/WhatsApp-Image-2025-12-02-at-16.23.20.jpeg","contentUrl":"https:\/\/homeofwool.com\/wp-content\/uploads\/2025\/09\/WhatsApp-Image-2025-12-02-at-16.23.20.jpeg","width":700,"height":247,"caption":"Home of Wool"},"image":{"@id":"https:\/\/homeofwool.com\/#\/schema\/logo\/image\/"},"sameAs":["https:\/\/facebook.com\/HomeOfWoolOfficial"]}]}},"_links":{"self":[{"href":"https:\/\/homeofwool.com\/fi\/wp-json\/wp\/v2\/product\/217529","targetHints":{"allow":["GET"]}}],"collection":[{"href":"https:\/\/homeofwool.com\/fi\/wp-json\/wp\/v2\/product"}],"about":[{"href":"https:\/\/homeofwool.com\/fi\/wp-json\/wp\/v2\/types\/product"}],"version-history":[{"count":2,"href":"https:\/\/homeofwool.com\/fi\/wp-json\/wp\/v2\/product\/217529\/revisions"}],"predecessor-version":[{"id":226752,"href":"https:\/\/homeofwool.com\/fi\/wp-json\/wp\/v2\/product\/217529\/revisions\/226752"}],"wp:featuredmedia":[{"embeddable":true,"href":"https:\/\/homeofwool.com\/fi\/wp-json\/wp\/v2\/media\/228533"}],"wp:attachment":[{"href":"https:\/\/homeofwool.com\/fi\/wp-json\/wp\/v2\/media?parent=217529"}],"wp:term":[{"taxonomy":"product_brand","embeddable":true,"href":"https:\/\/homeofwool.com\/fi\/wp-json\/wp\/v2\/product_brand?post=217529"},{"taxonomy":"product_cat","embeddable":true,"href":"https:\/\/homeofwool.com\/fi\/wp-json\/wp\/v2\/product_cat?post=217529"},{"taxonomy":"product_tag","embeddable":true,"href":"https:\/\/homeofwool.com\/fi\/wp-json\/wp\/v2\/product_tag?post=217529"}],"curies":[{"name":"wp","href":"https:\/\/api.w.org\/{rel}","templated":true}]}}