{"id":217526,"date":"2025-09-02T12:00:51","date_gmt":"2025-09-02T12:00:51","guid":{"rendered":"https:\/\/homeofwool.com\/?post_type=product&#038;p=217526"},"modified":"2025-10-15T08:04:06","modified_gmt":"2025-10-15T08:04:06","slug":"50-pellavaa-50-puuvillaa","status":"publish","type":"product","link":"https:\/\/homeofwool.com\/fi\/shop\/50-linen-50-cotton-blend-fabric\/","title":{"rendered":"50% pellava \/ 50% puuvillaseos"},"content":{"rendered":"<p>T\u00e4m\u00e4n pellava-puuvillaseoksen kankaan tarina tuntuu heti, kun kosketat sit\u00e4. Pellava antaa kankaalle hieman rypistyv\u00e4n tekstuurin, kun taas puuvilla lis\u00e4\u00e4 pehmeytt\u00e4. Yhdess\u00e4 ne luovat vakauden, rauhallisuuden, hieman rustiikkisen mutta hienostuneen tunnelman.<\/p>\n<p>Ei pinnoitetta, ei viimeistely\u00e4. Todella kemikaaliton kangas. Sen s\u00e4vy on kuitujen oma v\u00e4ri. Vaalea, raaka ja kiillottamaton. Se hengitt\u00e4\u00e4 helposti. Ilma kulkee sen l\u00e4pi vaivattomasti, j\u00e4tt\u00e4en viile\u00e4n, kuivan tuntuman. Ajan my\u00f6t\u00e4 se rentoutuu, taittuu pehme\u00e4sti ja muuttuu k\u00e4siss\u00e4 pehme\u00e4mm\u00e4ksi. Silti se on kest\u00e4v\u00e4 kangas, tarpeeksi vahva kest\u00e4m\u00e4\u00e4n vuosia, mutta silti l\u00e4mmin ja miellytt\u00e4v\u00e4 iholla.<\/p>\n<p>Jokainen pala on leikattu pitk\u00e4ksi ja yhten\u00e4iseksi. Luonnollinen verhoilumateriaali, joka tuntuu aidolta ja todelliselta, hillitty\u00e4 ylellisyytt\u00e4 luonnollisimmillaan.<\/p>\n<p><strong>Paino<\/strong>: 200 g\/m\u00b2<br \/>\n<strong>Leveys<\/strong>: 150 cm (59\u2033)<br \/>\nLeikkaamme tilaamasi m\u00e4\u00e4r\u00e4n yhten\u00e4 pitk\u00e4n\u00e4 kappaleena.<\/p>","protected":false},"excerpt":{"rendered":"<p>Yksinkertainen, rehellinen pellava-puuvillaseos. Puolet pellavaa, puolet puuvillaa. Se on puhdas, tasapainoinen ja vahva. T\u00e4m\u00e4 kemikaaliton kangas on v\u00e4rj\u00e4\u00e4m\u00e4t\u00f6n, pehme\u00e4 kosketukseltaan ja luonnollisesti hengitt\u00e4v\u00e4.<\/p>\n<div class=\"global-icon-set\">\n<div class=\"global-icon-set__items\">\n<div class=\"global-icon-set__item\">\n<div class=\"global-icon-set__image\">\n                                    <img decoding=\"async\" src=\"https:\/\/homeofwool.com\/wp-content\/uploads\/2025\/09\/VOCs-min-300x300.png\" alt=\"vocs vapaa\" \/>\n                                <\/div>\n<div class=\"global-icon-set__title\">VOC-vapaa<\/div>\n<\/p><\/div>\n<div class=\"global-icon-set__item\">\n<div class=\"global-icon-set__image\">\n                                    <img decoding=\"async\" src=\"https:\/\/homeofwool.com\/wp-content\/uploads\/2025\/09\/free-of-synthetics-icon-300x300.png\" alt=\"synteettisi\u00e4 aineita sis\u00e4lt\u00e4m\u00e4t\u00f6n kuvake\" \/>\n                                <\/div>\n<div class=\"global-icon-set__title\">Vapaa synteettisist\u00e4 aineista<\/div>\n<\/p><\/div>\n<\/p><\/div>\n<\/p><\/div>","protected":false},"featured_media":218471,"template":"","meta":{"_acf_changed":false},"product_brand":[],"product_cat":[25],"product_tag":[83,85,86,87,88,89,90,91,92,93,97,94,95],"class_list":{"0":"post-217526","1":"product","2":"type-product","3":"status-publish","4":"has-post-thumbnail","6":"product_cat-wool-fabrics-batting","7":"product_tag-cotton-fabric","8":"product_tag-craft-supplies","9":"product_tag-eco-friendly-textile","10":"product_tag-flax-linen-fabric","11":"product_tag-flax-linen-fabric-by-the-yard-or-meter","12":"product_tag-linen-cotton-blend-fabric","13":"product_tag-linen-fabric","14":"product_tag-natural-linen","15":"product_tag-prewashed-linen","16":"product_tag-pure-flax-linen","17":"product_tag-pure-linen","18":"product_tag-sewing-supply","19":"product_tag-undyed-fibers","21":"first","22":"instock","23":"shipping-taxable","24":"purchasable","25":"product-type-variable"},"acf":[],"yoast_head":"<!-- This site is optimized with the Yoast SEO Premium plugin v27.3 (Yoast SEO v27.3) - https:\/\/yoast.com\/product\/yoast-seo-premium-wordpress\/ -->\n<title>50% Linen \/ 50% Cotton Blend Fabric \u2013 100% Natural | Home of Wool<\/title>\n<meta name=\"description\" content=\"The 50% Linen \/ 50% Cotton Blend Fabric is 100% natural, breathable, and durable. Toxin-free and sustainable, it\u2019s perfect for upholstery, bedding, and eco-friendly DIY projects.\" \/>\n<meta name=\"robots\" content=\"index, follow, max-snippet:-1, max-image-preview:large, max-video-preview:-1\" \/>\n<link rel=\"canonical\" href=\"https:\/\/homeofwool.com\/fi\/shop\/50-pellavaa-50-puuvillaa\/\" \/>\n<meta property=\"og:locale\" content=\"fi_FI\" \/>\n<meta property=\"og:type\" content=\"article\" \/>\n<meta property=\"og:title\" content=\"50% Linen \/ 50% Cotton Blend Fabric\" \/>\n<meta property=\"og:description\" content=\"The 50% Linen \/ 50% Cotton Blend Fabric is 100% natural, breathable, and durable. Toxin-free and sustainable, it\u2019s perfect for upholstery, bedding, and eco-friendly DIY projects.\" \/>\n<meta property=\"og:url\" content=\"https:\/\/homeofwool.com\/fi\/shop\/50-pellavaa-50-puuvillaa\/\" \/>\n<meta property=\"og:site_name\" content=\"Home of Wool\" \/>\n<meta property=\"article:publisher\" content=\"https:\/\/facebook.com\/HomeOfWoolOfficial\" \/>\n<meta property=\"article:modified_time\" content=\"2025-10-15T08:04:06+00:00\" \/>\n<meta property=\"og:image\" content=\"https:\/\/homeofwool.com\/wp-content\/uploads\/2025\/09\/home-of-wool-50-linen-50-cotton-close-up.jpg\" \/>\n\t<meta property=\"og:image:width\" content=\"1900\" \/>\n\t<meta property=\"og:image:height\" content=\"1520\" \/>\n\t<meta property=\"og:image:type\" content=\"image\/jpeg\" \/>\n<meta name=\"twitter:card\" content=\"summary_large_image\" \/>\n<meta name=\"twitter:label1\" content=\"Arvioitu lukuaika\" \/>\n\t<meta name=\"twitter:data1\" content=\"1 minuutti\" \/>\n<script type=\"application\/ld+json\" class=\"yoast-schema-graph\">{\"@context\":\"https:\\\/\\\/schema.org\",\"@graph\":[{\"@type\":\"WebPage\",\"@id\":\"https:\\\/\\\/homeofwool.com\\\/shop\\\/50-linen-50-cotton-blend-fabric\\\/\",\"url\":\"https:\\\/\\\/homeofwool.com\\\/shop\\\/50-linen-50-cotton-blend-fabric\\\/\",\"name\":\"50% Linen \\\/ 50% Cotton Blend Fabric \u2013 100% Natural | Home of Wool\",\"isPartOf\":{\"@id\":\"https:\\\/\\\/homeofwool.com\\\/#website\"},\"primaryImageOfPage\":{\"@id\":\"https:\\\/\\\/homeofwool.com\\\/shop\\\/50-linen-50-cotton-blend-fabric\\\/#primaryimage\"},\"image\":{\"@id\":\"https:\\\/\\\/homeofwool.com\\\/shop\\\/50-linen-50-cotton-blend-fabric\\\/#primaryimage\"},\"thumbnailUrl\":\"https:\\\/\\\/homeofwool.com\\\/wp-content\\\/uploads\\\/2025\\\/09\\\/home-of-wool-50-linen-50-cotton-close-up.jpg\",\"datePublished\":\"2025-09-02T12:00:51+00:00\",\"dateModified\":\"2025-10-15T08:04:06+00:00\",\"description\":\"The 50% Linen \\\/ 50% Cotton Blend Fabric is 100% natural, breathable, and durable. Toxin-free and sustainable, it\u2019s perfect for upholstery, bedding, and eco-friendly DIY projects.\",\"breadcrumb\":{\"@id\":\"https:\\\/\\\/homeofwool.com\\\/shop\\\/50-linen-50-cotton-blend-fabric\\\/#breadcrumb\"},\"inLanguage\":\"fi\",\"potentialAction\":[{\"@type\":\"ReadAction\",\"target\":[\"https:\\\/\\\/homeofwool.com\\\/shop\\\/50-linen-50-cotton-blend-fabric\\\/\"]}]},{\"@type\":\"ImageObject\",\"inLanguage\":\"fi\",\"@id\":\"https:\\\/\\\/homeofwool.com\\\/shop\\\/50-linen-50-cotton-blend-fabric\\\/#primaryimage\",\"url\":\"https:\\\/\\\/homeofwool.com\\\/wp-content\\\/uploads\\\/2025\\\/09\\\/home-of-wool-50-linen-50-cotton-close-up.jpg\",\"contentUrl\":\"https:\\\/\\\/homeofwool.com\\\/wp-content\\\/uploads\\\/2025\\\/09\\\/home-of-wool-50-linen-50-cotton-close-up.jpg\",\"width\":1900,\"height\":1520,\"caption\":\"50% linen & 50% cotton fabric by the yard\"},{\"@type\":\"BreadcrumbList\",\"@id\":\"https:\\\/\\\/homeofwool.com\\\/shop\\\/50-linen-50-cotton-blend-fabric\\\/#breadcrumb\",\"itemListElement\":[{\"@type\":\"ListItem\",\"position\":1,\"name\":\"Home\",\"item\":\"https:\\\/\\\/homeofwool.com\\\/\"},{\"@type\":\"ListItem\",\"position\":2,\"name\":\"Products\",\"item\":\"https:\\\/\\\/homeofwool.com\\\/header-search-2\\\/\"},{\"@type\":\"ListItem\",\"position\":3,\"name\":\"50% Linen \\\/ 50% Cotton Blend Fabric\"}]},{\"@type\":\"WebSite\",\"@id\":\"https:\\\/\\\/homeofwool.com\\\/#website\",\"url\":\"https:\\\/\\\/homeofwool.com\\\/\",\"name\":\"Home of Wool\",\"description\":\"\",\"publisher\":{\"@id\":\"https:\\\/\\\/homeofwool.com\\\/#organization\"},\"potentialAction\":[{\"@type\":\"SearchAction\",\"target\":{\"@type\":\"EntryPoint\",\"urlTemplate\":\"https:\\\/\\\/homeofwool.com\\\/?s={search_term_string}\"},\"query-input\":{\"@type\":\"PropertyValueSpecification\",\"valueRequired\":true,\"valueName\":\"search_term_string\"}}],\"inLanguage\":\"fi\"},{\"@type\":\"Organization\",\"@id\":\"https:\\\/\\\/homeofwool.com\\\/#organization\",\"name\":\"Home of Wool\",\"url\":\"https:\\\/\\\/homeofwool.com\\\/\",\"logo\":{\"@type\":\"ImageObject\",\"inLanguage\":\"fi\",\"@id\":\"https:\\\/\\\/homeofwool.com\\\/#\\\/schema\\\/logo\\\/image\\\/\",\"url\":\"https:\\\/\\\/homeofwool.com\\\/wp-content\\\/uploads\\\/2025\\\/09\\\/WhatsApp-Image-2025-12-02-at-16.23.20.jpeg\",\"contentUrl\":\"https:\\\/\\\/homeofwool.com\\\/wp-content\\\/uploads\\\/2025\\\/09\\\/WhatsApp-Image-2025-12-02-at-16.23.20.jpeg\",\"width\":700,\"height\":247,\"caption\":\"Home of Wool\"},\"image\":{\"@id\":\"https:\\\/\\\/homeofwool.com\\\/#\\\/schema\\\/logo\\\/image\\\/\"},\"sameAs\":[\"https:\\\/\\\/facebook.com\\\/HomeOfWoolOfficial\"]}]}<\/script>\n<!-- \/ Yoast SEO Premium plugin. -->","yoast_head_json":{"title":"50% pellava \/ 50% puuvillaseos \u2013 100% luonnonv\u00e4ri | Home of Wool","description":"50%-pellava-\/50%-puuvillaseoskankaan materiaali on 100% luonnollinen, hengitt\u00e4v\u00e4 ja kest\u00e4v\u00e4. Se on myrkyt\u00f6n ja kest\u00e4v\u00e4, joten se sopii erinomaisesti verhoiluun, vuodevaatteisiin ja ymp\u00e4rist\u00f6yst\u00e4v\u00e4llisiin DIY-projekteihin.","robots":{"index":"index","follow":"follow","max-snippet":"max-snippet:-1","max-image-preview":"max-image-preview:large","max-video-preview":"max-video-preview:-1"},"canonical":"https:\/\/homeofwool.com\/fi\/shop\/50-pellavaa-50-puuvillaa\/","og_locale":"fi_FI","og_type":"article","og_title":"50% Linen \/ 50% Cotton Blend Fabric","og_description":"The 50% Linen \/ 50% Cotton Blend Fabric is 100% natural, breathable, and durable. Toxin-free and sustainable, it\u2019s perfect for upholstery, bedding, and eco-friendly DIY projects.","og_url":"https:\/\/homeofwool.com\/fi\/shop\/50-pellavaa-50-puuvillaa\/","og_site_name":"Home of Wool","article_publisher":"https:\/\/facebook.com\/HomeOfWoolOfficial","article_modified_time":"2025-10-15T08:04:06+00:00","og_image":[{"width":1900,"height":1520,"url":"https:\/\/homeofwool.com\/wp-content\/uploads\/2025\/09\/home-of-wool-50-linen-50-cotton-close-up.jpg","type":"image\/jpeg"}],"twitter_card":"summary_large_image","twitter_misc":{"Arvioitu lukuaika":"1 minuutti"},"schema":{"@context":"https:\/\/schema.org","@graph":[{"@type":"WebPage","@id":"https:\/\/homeofwool.com\/shop\/50-linen-50-cotton-blend-fabric\/","url":"https:\/\/homeofwool.com\/shop\/50-linen-50-cotton-blend-fabric\/","name":"50% pellava \/ 50% puuvillaseos \u2013 100% luonnonv\u00e4ri | Home of Wool","isPartOf":{"@id":"https:\/\/homeofwool.com\/#website"},"primaryImageOfPage":{"@id":"https:\/\/homeofwool.com\/shop\/50-linen-50-cotton-blend-fabric\/#primaryimage"},"image":{"@id":"https:\/\/homeofwool.com\/shop\/50-linen-50-cotton-blend-fabric\/#primaryimage"},"thumbnailUrl":"https:\/\/homeofwool.com\/wp-content\/uploads\/2025\/09\/home-of-wool-50-linen-50-cotton-close-up.jpg","datePublished":"2025-09-02T12:00:51+00:00","dateModified":"2025-10-15T08:04:06+00:00","description":"50%-pellava-\/50%-puuvillaseoskankaan materiaali on 100% luonnollinen, hengitt\u00e4v\u00e4 ja kest\u00e4v\u00e4. Se on myrkyt\u00f6n ja kest\u00e4v\u00e4, joten se sopii erinomaisesti verhoiluun, vuodevaatteisiin ja ymp\u00e4rist\u00f6yst\u00e4v\u00e4llisiin DIY-projekteihin.","breadcrumb":{"@id":"https:\/\/homeofwool.com\/shop\/50-linen-50-cotton-blend-fabric\/#breadcrumb"},"inLanguage":"fi","potentialAction":[{"@type":"ReadAction","target":["https:\/\/homeofwool.com\/shop\/50-linen-50-cotton-blend-fabric\/"]}]},{"@type":"ImageObject","inLanguage":"fi","@id":"https:\/\/homeofwool.com\/shop\/50-linen-50-cotton-blend-fabric\/#primaryimage","url":"https:\/\/homeofwool.com\/wp-content\/uploads\/2025\/09\/home-of-wool-50-linen-50-cotton-close-up.jpg","contentUrl":"https:\/\/homeofwool.com\/wp-content\/uploads\/2025\/09\/home-of-wool-50-linen-50-cotton-close-up.jpg","width":1900,"height":1520,"caption":"50% linen & 50% cotton fabric by the yard"},{"@type":"BreadcrumbList","@id":"https:\/\/homeofwool.com\/shop\/50-linen-50-cotton-blend-fabric\/#breadcrumb","itemListElement":[{"@type":"ListItem","position":1,"name":"Home","item":"https:\/\/homeofwool.com\/"},{"@type":"ListItem","position":2,"name":"Products","item":"https:\/\/homeofwool.com\/header-search-2\/"},{"@type":"ListItem","position":3,"name":"50% Linen \/ 50% Cotton Blend Fabric"}]},{"@type":"WebSite","@id":"https:\/\/homeofwool.com\/#website","url":"https:\/\/homeofwool.com\/","name":"Villan koti","description":"","publisher":{"@id":"https:\/\/homeofwool.com\/#organization"},"potentialAction":[{"@type":"SearchAction","target":{"@type":"EntryPoint","urlTemplate":"https:\/\/homeofwool.com\/?s={search_term_string}"},"query-input":{"@type":"PropertyValueSpecification","valueRequired":true,"valueName":"search_term_string"}}],"inLanguage":"fi"},{"@type":"Organization","@id":"https:\/\/homeofwool.com\/#organization","name":"Villan koti","url":"https:\/\/homeofwool.com\/","logo":{"@type":"ImageObject","inLanguage":"fi","@id":"https:\/\/homeofwool.com\/#\/schema\/logo\/image\/","url":"https:\/\/homeofwool.com\/wp-content\/uploads\/2025\/09\/WhatsApp-Image-2025-12-02-at-16.23.20.jpeg","contentUrl":"https:\/\/homeofwool.com\/wp-content\/uploads\/2025\/09\/WhatsApp-Image-2025-12-02-at-16.23.20.jpeg","width":700,"height":247,"caption":"Home of Wool"},"image":{"@id":"https:\/\/homeofwool.com\/#\/schema\/logo\/image\/"},"sameAs":["https:\/\/facebook.com\/HomeOfWoolOfficial"]}]}},"_links":{"self":[{"href":"https:\/\/homeofwool.com\/fi\/wp-json\/wp\/v2\/product\/217526","targetHints":{"allow":["GET"]}}],"collection":[{"href":"https:\/\/homeofwool.com\/fi\/wp-json\/wp\/v2\/product"}],"about":[{"href":"https:\/\/homeofwool.com\/fi\/wp-json\/wp\/v2\/types\/product"}],"version-history":[{"count":0,"href":"https:\/\/homeofwool.com\/fi\/wp-json\/wp\/v2\/product\/217526\/revisions"}],"wp:featuredmedia":[{"embeddable":true,"href":"https:\/\/homeofwool.com\/fi\/wp-json\/wp\/v2\/media\/218471"}],"wp:attachment":[{"href":"https:\/\/homeofwool.com\/fi\/wp-json\/wp\/v2\/media?parent=217526"}],"wp:term":[{"taxonomy":"product_brand","embeddable":true,"href":"https:\/\/homeofwool.com\/fi\/wp-json\/wp\/v2\/product_brand?post=217526"},{"taxonomy":"product_cat","embeddable":true,"href":"https:\/\/homeofwool.com\/fi\/wp-json\/wp\/v2\/product_cat?post=217526"},{"taxonomy":"product_tag","embeddable":true,"href":"https:\/\/homeofwool.com\/fi\/wp-json\/wp\/v2\/product_tag?post=217526"}],"curies":[{"name":"wp","href":"https:\/\/api.w.org\/{rel}","templated":true}]}}